{"id":138057,"date":"2022-09-23T17:21:32","date_gmt":"2022-09-23T15:21:36","guid":{"rendered":"https:\/\/tourtravelandmore.com\/?post_type=product&#038;p=138057"},"modified":"2024-02-27T20:34:08","modified_gmt":"2024-02-27T19:34:08","slug":"tour-privado-de-la-alhambra-desde-cadiz","status":"publish","type":"product","link":"https:\/\/tourtravelandmore.com\/es\/tours\/espana-es\/cadiz-es\/tour-privado-de-la-alhambra-desde-cadiz\/","title":{"rendered":"Tour Privado de la Alhambra desde C\u00e1diz"},"content":{"rendered":"<h2><b>Descripci\u00f3n del Tour Privado de la Alhambra desde C\u00e1diz<\/b><\/h2>\n<p>Descubra y conozca uno de los monumentos m\u00e1s bellos y espectaculares del mundo, gracias a este Tour Privado Alhambra desde C\u00e1diz con veh\u00edculo privado y gu\u00eda oficial.<\/p>\n<p>Le asignaremos un veh\u00edculo privado de lujo con ch\u00f3fer y tambi\u00e9n le proporcionaremos un gu\u00eda experto que le estar\u00e1 esperando en la Alhambra para llevarle a trav\u00e9s de los impresionantes palacios y hermosos jardines que componen el complejo de la Alhambra.<\/p>\n<p>Nuestro ch\u00f3fer le recoger\u00e1 en su hotel y le llevar\u00e1 a la Alhambra, donde le estar\u00e1 esperando nuestro gu\u00eda oficial para realizar una visita de 3 horas. Una vez terminemos, el conductor privado le llevar\u00e1 al centro de Granada, para que pueda disfrutar de algo de tiempo libre, comer algo y disfrutar de su rica gastronom\u00eda, antes del viaje de vuelta.<\/p>\n<p>La duraci\u00f3n total del tour de la Alhambra es de 12 horas, es totalmente privado. Desde Tour Travel &amp; More nos adaptamos a ti, puedes elegir la hora de inicio y el lugar de recogida.<\/p>\n<p>Siempre compramos las entradas con antelaci\u00f3n, ya que hay muy poca disponibilidad, as\u00ed evitamos colas.<\/p>\n<p>Si est\u00e1 planeando su viaje, reserve r\u00e1pido, las entradas a la Alhambra se agotan r\u00e1pidamente.<\/p>\n<h2><b>Puntos de inter\u00e9s en el Tour Privado de la Alhambra desde C\u00e1diz<\/b><\/h2>\n<p>Una vez dentro de este Tour Privado Alhambra desde C\u00e1diz visitar\u00e1 los Palacios Nazar\u00edes, se trata de dos palacios independientes que datan del siglo XIV, el primero de ellos es el Palacio de Comares, se trata de los aposentos del monarca, un lugar precioso con una serie de inscripciones y ornamentos que dejan sin aliento a cualquiera que lo vea por primera vez, se encuentra en torno al Patio de los Arrayanes, justo al norte de la Sala de la Barca y la Sala de los Embajadores.<\/p>\n<p>El segundo edificio es el Palacio de los Leones, y es en realidad el tercer palacio m\u00e1s importante de todo el conjunto y el emplazamiento del famoso Patio de los Leones.<\/p>\n<p>Continuaremos nuestro viaje por la Alcazaba, una fortaleza militar que fue el primer punto que se construy\u00f3 en todo el lugar y, de hecho, antes de ella, hubo un peque\u00f1o castillo en la colina de la Sabika que tambi\u00e9n era defensivo, pero que fue sustituido por esta impresionante obra arquitect\u00f3nica.<\/p>\n<p>Una vez abandonado el mundo militar de la dinast\u00eda nazar\u00ed, es el momento de visitar el famoso &#8220;Jard\u00edn del Arquitecto&#8221;, m\u00e1s conocido como el Generalife, una villa rural, dise\u00f1ada para el descanso y esparcimiento de los reyes musulmanes. Est\u00e1 formado por jardines ornamentales y huertos de frutales y hortalizas, un lugar para dedicarse a la agricultura y disfrutar de lo mejor que ofrece la naturaleza.<\/p>\n<p>Avanzar\u00e1s en el tiempo hasta la \u00e9poca renacentista con el Palacio de Carlos V, otra maravillosa estancia que forma parte de las residencias palaciegas de este complejo, aunque es una construcci\u00f3n mucho m\u00e1s moderna, fue construida por Carlos V cuando visit\u00f3 Granada durante su luna de miel, y se convertir\u00eda en &#8220;La Casa Real Nueva&#8221;.<\/p>\n<p>El \u00faltimo lugar de inter\u00e9s es El Partal, el \u00faltimo palacio que queda en pie en esta zona, aunque los alrededores est\u00e1n llenos de antiguas ruinas de residencias nobiliarias. El lugar est\u00e1 rodeado de bellos jardines y estanques que le transportar\u00e1n al cuento de &#8220;Las mil y una noches&#8221;. El orden de lo que visitaremos puede variar en funci\u00f3n del horario que nos faciliten los Palacios Nazar\u00edes.<\/p>\n<p>Para obtener una propuesta detallada, rellene el formulario de contacto e indique su ciudad de recogida.<\/p>\n<p><span style=\"font-weight: 400;\">Podemos a\u00f1adir una hora m\u00e1s al gu\u00eda si desean bajar al centro de Granada junto a nuestro gu\u00eda oficial privado. En este caso puede escoger la opci\u00f3n de <\/span><a href=\"https:\/\/tourtravelandmore.com\/es\/tours\/espana-es\/motril-es\/motril-excursiones-privadas-es\/tour-privado-de-la-alhambra-desde-cualquier-ciudad-de-andalucia-copy-2\/\"><span style=\"font-weight: 400;\">Tour privado de la Alhambra y Granada.<\/span><\/a><\/p>\n","protected":false},"excerpt":{"rendered":"<p><b> <span style=\"font-weight: 400;\">Gracias al tour privado Alhambra podr\u00e1s conocer uno de los monumentos m\u00e1s impresionantes y \u00fanicos del mundo junto al centro hist\u00f3rico de la ciudad de Granada.<\/span><\/b><span style=\"font-weight: 400;\">\u00a0Te acompa\u00f1ar\u00e1 un gu\u00eda profesional y experimentado que se asegurar\u00e1 de que tu recorrido sea inolvidable.<\/span><\/p>\n","protected":false},"featured_media":138001,"comment_status":"open","ping_status":"closed","template":"","meta":{"_acf_changed":false},"product_brand":[],"product_cat":[70,71,73,72],"product_tag":[],"class_list":{"0":"post-138057","1":"product","2":"type-product","3":"status-publish","4":"has-post-thumbnail","6":"product_cat-cadiz-es","7":"product_cat-cadiz-actividades-es","8":"product_cat-cadiz-rutas-turisticas-privadas-es","9":"product_cat-cadiz-excursiones-es","11":"first","12":"instock","13":"shipping-taxable","14":"purchasable","15":"product-type-simple"},"acf":[],"yoast_head":"<!-- This site is optimized with the Yoast SEO Premium plugin v25.3.1 (Yoast SEO v25.3.1) - https:\/\/yoast.com\/wordpress\/plugins\/seo\/ -->\n<title>\u27a1\ufe0fAlhambra Tour privado desde C\u00e1diz | Tour Travel &amp; More<\/title>\n<meta name=\"description\" content=\"Reserve ahora este Tour Privado de la Alhambra desde C\u00e1diz, ser\u00e1 una experiencia de lujo y por supuesto inolvidable \u2705\" \/>\n<meta name=\"robots\" content=\"index, follow, max-snippet:-1, max-image-preview:large, max-video-preview:-1\" \/>\n<link rel=\"canonical\" href=\"https:\/\/tourtravelandmore.com\/es\/tours\/espana-es\/cadiz-es\/tour-privado-de-la-alhambra-desde-cadiz\/\" \/>\n<meta property=\"og:locale\" content=\"es_ES\" \/>\n<meta property=\"og:type\" content=\"article\" \/>\n<meta property=\"og:title\" content=\"Tour Privado de la Alhambra desde C\u00e1diz\" \/>\n<meta property=\"og:description\" content=\"Reserve ahora este Tour Privado de la Alhambra desde C\u00e1diz, ser\u00e1 una experiencia de lujo y por supuesto inolvidable \u2705\" \/>\n<meta property=\"og:url\" content=\"https:\/\/tourtravelandmore.com\/es\/tours\/espana-es\/cadiz-es\/tour-privado-de-la-alhambra-desde-cadiz\/\" \/>\n<meta property=\"og:site_name\" content=\"Tour Travel And More\" \/>\n<meta property=\"article:publisher\" content=\"https:\/\/www.facebook.com\/tourtravelandmore\/\" \/>\n<meta property=\"article:modified_time\" content=\"2024-02-27T19:34:08+00:00\" \/>\n<meta property=\"og:image\" content=\"https:\/\/tourtravelandmore.com\/wp-content\/uploads\/2022\/09\/pexels-zekai-zhu-11829151-scaled.jpg\" \/>\n\t<meta property=\"og:image:width\" content=\"2560\" \/>\n\t<meta property=\"og:image:height\" content=\"1703\" \/>\n\t<meta property=\"og:image:type\" content=\"image\/jpeg\" \/>\n<meta name=\"twitter:card\" content=\"summary_large_image\" \/>\n<meta name=\"twitter:site\" content=\"@TourTravel_More\" \/>\n<meta name=\"twitter:label1\" content=\"Tiempo de lectura\" \/>\n\t<meta name=\"twitter:data1\" content=\"3 minutos\" \/>\n<script type=\"application\/ld+json\" class=\"yoast-schema-graph\">{\"@context\":\"https:\/\/schema.org\",\"@graph\":[{\"@type\":\"WebPage\",\"@id\":\"https:\/\/tourtravelandmore.com\/es\/tours\/espana-es\/cadiz-es\/tour-privado-de-la-alhambra-desde-cadiz\/\",\"url\":\"https:\/\/tourtravelandmore.com\/es\/tours\/espana-es\/cadiz-es\/tour-privado-de-la-alhambra-desde-cadiz\/\",\"name\":\"\u27a1\ufe0fAlhambra Tour privado desde C\u00e1diz | Tour Travel & More\",\"isPartOf\":{\"@id\":\"https:\/\/tourtravelandmore.com\/es\/#website\"},\"primaryImageOfPage\":{\"@id\":\"https:\/\/tourtravelandmore.com\/es\/tours\/espana-es\/cadiz-es\/tour-privado-de-la-alhambra-desde-cadiz\/#primaryimage\"},\"image\":{\"@id\":\"https:\/\/tourtravelandmore.com\/es\/tours\/espana-es\/cadiz-es\/tour-privado-de-la-alhambra-desde-cadiz\/#primaryimage\"},\"thumbnailUrl\":\"https:\/\/tourtravelandmore.com\/wp-content\/uploads\/2022\/09\/pexels-zekai-zhu-11829151-scaled.jpg\",\"datePublished\":\"2022-09-23T15:21:36+00:00\",\"dateModified\":\"2024-02-27T19:34:08+00:00\",\"description\":\"Reserve ahora este Tour Privado de la Alhambra desde C\u00e1diz, ser\u00e1 una experiencia de lujo y por supuesto inolvidable \u2705\",\"breadcrumb\":{\"@id\":\"https:\/\/tourtravelandmore.com\/es\/tours\/espana-es\/cadiz-es\/tour-privado-de-la-alhambra-desde-cadiz\/#breadcrumb\"},\"inLanguage\":\"es\",\"potentialAction\":[{\"@type\":\"ReadAction\",\"target\":[\"https:\/\/tourtravelandmore.com\/es\/tours\/espana-es\/cadiz-es\/tour-privado-de-la-alhambra-desde-cadiz\/\"]}]},{\"@type\":\"ImageObject\",\"inLanguage\":\"es\",\"@id\":\"https:\/\/tourtravelandmore.com\/es\/tours\/espana-es\/cadiz-es\/tour-privado-de-la-alhambra-desde-cadiz\/#primaryimage\",\"url\":\"https:\/\/tourtravelandmore.com\/wp-content\/uploads\/2022\/09\/pexels-zekai-zhu-11829151-scaled.jpg\",\"contentUrl\":\"https:\/\/tourtravelandmore.com\/wp-content\/uploads\/2022\/09\/pexels-zekai-zhu-11829151-scaled.jpg\",\"width\":2560,\"height\":1703},{\"@type\":\"BreadcrumbList\",\"@id\":\"https:\/\/tourtravelandmore.com\/es\/tours\/espana-es\/cadiz-es\/tour-privado-de-la-alhambra-desde-cadiz\/#breadcrumb\",\"itemListElement\":[{\"@type\":\"ListItem\",\"position\":1,\"name\":\"Home\",\"item\":\"https:\/\/tourtravelandmore.com\/es\/\"},{\"@type\":\"ListItem\",\"position\":2,\"name\":\"Tours\",\"item\":\"https:\/\/tourtravelandmore.com\/es\/tours\/\"},{\"@type\":\"ListItem\",\"position\":3,\"name\":\"Tour Privado de la Alhambra desde C\u00e1diz\"}]},{\"@type\":\"WebSite\",\"@id\":\"https:\/\/tourtravelandmore.com\/es\/#website\",\"url\":\"https:\/\/tourtravelandmore.com\/es\/\",\"name\":\"Tour Travel And More\",\"description\":\"Private sightseeing tours and luxury transfers in Spain\",\"publisher\":{\"@id\":\"https:\/\/tourtravelandmore.com\/es\/#organization\"},\"potentialAction\":[{\"@type\":\"SearchAction\",\"target\":{\"@type\":\"EntryPoint\",\"urlTemplate\":\"https:\/\/tourtravelandmore.com\/es\/?s={search_term_string}\"},\"query-input\":{\"@type\":\"PropertyValueSpecification\",\"valueRequired\":true,\"valueName\":\"search_term_string\"}}],\"inLanguage\":\"es\"},{\"@type\":\"Organization\",\"@id\":\"https:\/\/tourtravelandmore.com\/es\/#organization\",\"name\":\"Tour Travel And More\",\"url\":\"https:\/\/tourtravelandmore.com\/es\/\",\"logo\":{\"@type\":\"ImageObject\",\"inLanguage\":\"es\",\"@id\":\"https:\/\/tourtravelandmore.com\/es\/#\/schema\/logo\/image\/\",\"url\":\"https:\/\/tourtravelandmore.com\/wp-content\/uploads\/2022\/12\/cropped-logo-cabecera-new.png\",\"contentUrl\":\"https:\/\/tourtravelandmore.com\/wp-content\/uploads\/2022\/12\/cropped-logo-cabecera-new.png\",\"width\":430,\"height\":61,\"caption\":\"Tour Travel And More\"},\"image\":{\"@id\":\"https:\/\/tourtravelandmore.com\/es\/#\/schema\/logo\/image\/\"},\"sameAs\":[\"https:\/\/www.facebook.com\/tourtravelandmore\/\",\"https:\/\/x.com\/TourTravel_More\"]}]}<\/script>\n<!-- \/ Yoast SEO Premium plugin. -->","yoast_head_json":{"title":"\u27a1\ufe0fAlhambra Tour privado desde C\u00e1diz | Tour Travel & More","description":"Reserve ahora este Tour Privado de la Alhambra desde C\u00e1diz, ser\u00e1 una experiencia de lujo y por supuesto inolvidable \u2705","robots":{"index":"index","follow":"follow","max-snippet":"max-snippet:-1","max-image-preview":"max-image-preview:large","max-video-preview":"max-video-preview:-1"},"canonical":"https:\/\/tourtravelandmore.com\/es\/tours\/espana-es\/cadiz-es\/tour-privado-de-la-alhambra-desde-cadiz\/","og_locale":"es_ES","og_type":"article","og_title":"Tour Privado de la Alhambra desde C\u00e1diz","og_description":"Reserve ahora este Tour Privado de la Alhambra desde C\u00e1diz, ser\u00e1 una experiencia de lujo y por supuesto inolvidable \u2705","og_url":"https:\/\/tourtravelandmore.com\/es\/tours\/espana-es\/cadiz-es\/tour-privado-de-la-alhambra-desde-cadiz\/","og_site_name":"Tour Travel And More","article_publisher":"https:\/\/www.facebook.com\/tourtravelandmore\/","article_modified_time":"2024-02-27T19:34:08+00:00","og_image":[{"width":2560,"height":1703,"url":"https:\/\/tourtravelandmore.com\/wp-content\/uploads\/2022\/09\/pexels-zekai-zhu-11829151-scaled.jpg","type":"image\/jpeg"}],"twitter_card":"summary_large_image","twitter_site":"@TourTravel_More","twitter_misc":{"Tiempo de lectura":"3 minutos"},"schema":{"@context":"https:\/\/schema.org","@graph":[{"@type":"WebPage","@id":"https:\/\/tourtravelandmore.com\/es\/tours\/espana-es\/cadiz-es\/tour-privado-de-la-alhambra-desde-cadiz\/","url":"https:\/\/tourtravelandmore.com\/es\/tours\/espana-es\/cadiz-es\/tour-privado-de-la-alhambra-desde-cadiz\/","name":"\u27a1\ufe0fAlhambra Tour privado desde C\u00e1diz | Tour Travel & More","isPartOf":{"@id":"https:\/\/tourtravelandmore.com\/es\/#website"},"primaryImageOfPage":{"@id":"https:\/\/tourtravelandmore.com\/es\/tours\/espana-es\/cadiz-es\/tour-privado-de-la-alhambra-desde-cadiz\/#primaryimage"},"image":{"@id":"https:\/\/tourtravelandmore.com\/es\/tours\/espana-es\/cadiz-es\/tour-privado-de-la-alhambra-desde-cadiz\/#primaryimage"},"thumbnailUrl":"https:\/\/tourtravelandmore.com\/wp-content\/uploads\/2022\/09\/pexels-zekai-zhu-11829151-scaled.jpg","datePublished":"2022-09-23T15:21:36+00:00","dateModified":"2024-02-27T19:34:08+00:00","description":"Reserve ahora este Tour Privado de la Alhambra desde C\u00e1diz, ser\u00e1 una experiencia de lujo y por supuesto inolvidable \u2705","breadcrumb":{"@id":"https:\/\/tourtravelandmore.com\/es\/tours\/espana-es\/cadiz-es\/tour-privado-de-la-alhambra-desde-cadiz\/#breadcrumb"},"inLanguage":"es","potentialAction":[{"@type":"ReadAction","target":["https:\/\/tourtravelandmore.com\/es\/tours\/espana-es\/cadiz-es\/tour-privado-de-la-alhambra-desde-cadiz\/"]}]},{"@type":"ImageObject","inLanguage":"es","@id":"https:\/\/tourtravelandmore.com\/es\/tours\/espana-es\/cadiz-es\/tour-privado-de-la-alhambra-desde-cadiz\/#primaryimage","url":"https:\/\/tourtravelandmore.com\/wp-content\/uploads\/2022\/09\/pexels-zekai-zhu-11829151-scaled.jpg","contentUrl":"https:\/\/tourtravelandmore.com\/wp-content\/uploads\/2022\/09\/pexels-zekai-zhu-11829151-scaled.jpg","width":2560,"height":1703},{"@type":"BreadcrumbList","@id":"https:\/\/tourtravelandmore.com\/es\/tours\/espana-es\/cadiz-es\/tour-privado-de-la-alhambra-desde-cadiz\/#breadcrumb","itemListElement":[{"@type":"ListItem","position":1,"name":"Home","item":"https:\/\/tourtravelandmore.com\/es\/"},{"@type":"ListItem","position":2,"name":"Tours","item":"https:\/\/tourtravelandmore.com\/es\/tours\/"},{"@type":"ListItem","position":3,"name":"Tour Privado de la Alhambra desde C\u00e1diz"}]},{"@type":"WebSite","@id":"https:\/\/tourtravelandmore.com\/es\/#website","url":"https:\/\/tourtravelandmore.com\/es\/","name":"Tour Travel And More","description":"Private sightseeing tours and luxury transfers in Spain","publisher":{"@id":"https:\/\/tourtravelandmore.com\/es\/#organization"},"potentialAction":[{"@type":"SearchAction","target":{"@type":"EntryPoint","urlTemplate":"https:\/\/tourtravelandmore.com\/es\/?s={search_term_string}"},"query-input":{"@type":"PropertyValueSpecification","valueRequired":true,"valueName":"search_term_string"}}],"inLanguage":"es"},{"@type":"Organization","@id":"https:\/\/tourtravelandmore.com\/es\/#organization","name":"Tour Travel And More","url":"https:\/\/tourtravelandmore.com\/es\/","logo":{"@type":"ImageObject","inLanguage":"es","@id":"https:\/\/tourtravelandmore.com\/es\/#\/schema\/logo\/image\/","url":"https:\/\/tourtravelandmore.com\/wp-content\/uploads\/2022\/12\/cropped-logo-cabecera-new.png","contentUrl":"https:\/\/tourtravelandmore.com\/wp-content\/uploads\/2022\/12\/cropped-logo-cabecera-new.png","width":430,"height":61,"caption":"Tour Travel And More"},"image":{"@id":"https:\/\/tourtravelandmore.com\/es\/#\/schema\/logo\/image\/"},"sameAs":["https:\/\/www.facebook.com\/tourtravelandmore\/","https:\/\/x.com\/TourTravel_More"]}]}},"_links":{"self":[{"href":"https:\/\/tourtravelandmore.com\/es\/wp-json\/wp\/v2\/product\/138057","targetHints":{"allow":["GET"]}}],"collection":[{"href":"https:\/\/tourtravelandmore.com\/es\/wp-json\/wp\/v2\/product"}],"about":[{"href":"https:\/\/tourtravelandmore.com\/es\/wp-json\/wp\/v2\/types\/product"}],"replies":[{"embeddable":true,"href":"https:\/\/tourtravelandmore.com\/es\/wp-json\/wp\/v2\/comments?post=138057"}],"wp:featuredmedia":[{"embeddable":true,"href":"https:\/\/tourtravelandmore.com\/es\/wp-json\/wp\/v2\/media\/138001"}],"wp:attachment":[{"href":"https:\/\/tourtravelandmore.com\/es\/wp-json\/wp\/v2\/media?parent=138057"}],"wp:term":[{"taxonomy":"product_brand","embeddable":true,"href":"https:\/\/tourtravelandmore.com\/es\/wp-json\/wp\/v2\/product_brand?post=138057"},{"taxonomy":"product_cat","embeddable":true,"href":"https:\/\/tourtravelandmore.com\/es\/wp-json\/wp\/v2\/product_cat?post=138057"},{"taxonomy":"product_tag","embeddable":true,"href":"https:\/\/tourtravelandmore.com\/es\/wp-json\/wp\/v2\/product_tag?post=138057"}],"curies":[{"name":"wp","href":"https:\/\/api.w.org\/{rel}","templated":true}]}}