{"id":137973,"date":"2022-09-22T21:28:32","date_gmt":"2022-09-22T19:28:33","guid":{"rendered":"https:\/\/tourtravelandmore.com\/?post_type=product&#038;p=137973"},"modified":"2024-02-27T19:26:24","modified_gmt":"2024-02-27T18:26:24","slug":"tour-privado-de-la-alhambra-y-granada-desde-cadiz","status":"publish","type":"product","link":"https:\/\/tourtravelandmore.com\/es\/tours\/espana-es\/cadiz-es\/tour-privado-de-la-alhambra-y-granada-desde-cadiz\/","title":{"rendered":"Tour Privado de la Alhambra y Granada desde C\u00e1diz"},"content":{"rendered":"<h2><b>Descripci\u00f3n del Tour Privado de la Alhambra y Granada desde C\u00e1diz<\/b><\/h2>\n<p>Gracias al Tour Privado Alhambra y Granada desde C\u00e1diz conocer\u00e1 uno de los monumentos m\u00e1s impresionantes y \u00fanicos del mundo. Junto al centro hist\u00f3rico de la ciudad de Granada.<\/p>\n<p>Si se encuentra en C\u00e1diz, no puede perderse este fascinante lugar, el m\u00e1s emblem\u00e1tico e importante de Espa\u00f1a. La Alhambra y la ciudad de Granada que guarda uno de los patrimonios m\u00e1s bellos que tiene la humanidad, que es la ciudad palatina de la Alhambra y por supuesto otros sitios de inter\u00e9s como la Capilla Real y la Catedral de Granada.<\/p>\n<p>Desde Tour Travel &amp; More le ofrecemos un servicio de tour privado que puede comenzar en cualquier punto de C\u00e1diz de su elecci\u00f3n, desde su hotel, o donde usted decida, para que pueda llevarse un recuerdo muy bonito de su visita a esta parte del mundo.<\/p>\n<p>La duraci\u00f3n total del tour es de 12 horas. Nuestro veh\u00edculo privado con conductor le recoger\u00e1 en su hotel o lugar de su elecci\u00f3n, y le llevar\u00e1 a Granada. All\u00ed le estar\u00e1 esperando nuestro gu\u00eda oficial privado para comenzar el tour de la Alhambra y Granada. La duraci\u00f3n del tour es de 12 horas. Visitaremos la Alhambra y despu\u00e9s bajaremos al centro hist\u00f3rico para ver la ciudad de Granada.<\/p>\n<p>Las entradas a la Alhambra est\u00e1n incluidas. Es importante reservar con antelaci\u00f3n, hay pocas entradas y suelen agotarse muy r\u00e1pido.<\/p>\n<p>El tour es completamente privado y nos adaptamos a sus necesidades y preferencias.<\/p>\n<h2><b>Puntos de Inter\u00e9s en el Tour Privado de la Alhambra y Granada desde C\u00e1diz<\/b><\/h2>\n<p>El tour privado comenzar\u00e1 en la Alhambra. All\u00ed, en la Alhambra visitar\u00e1 lugares tan emblem\u00e1ticos y bellos como los Palacios Nazar\u00edes, tambi\u00e9n conocidos como &#8220;La Antigua Casa Real&#8221;, admirar\u00e1 el Patio de los Leones, descubrir\u00e1 los impresionantes y apacibles jardines del Generalife y quedar\u00e1 deslumbrado por el Palacio de El Partal, el \u00faltimo edificio en pie del ala de los nobles. Este recorrido le llevar\u00e1 aproximadamente 2,5 horas. Se trata de una ciudad imperial donde tanto la nobleza musulmana como su fuerza militar y los ciudadanos viv\u00edan en su interior.<\/p>\n<p>Una vez que haya recorrido este hermoso basti\u00f3n que data del siglo IX. Se dirigir\u00e1 al centro de la ciudad de Granada donde podr\u00e1 visitar la Capilla Real de Granada que forma un anexo de la Catedral de la ciudad. Esta fue fundada como capilla funeraria de los Reyes Cat\u00f3licos. Estamos hablando de Isabel I de Castilla y Fernando II de Arag\u00f3n.<\/p>\n<p>Nuestro gu\u00eda est\u00e1 perfectamente formado, conoce la historia, leyendas y an\u00e9cdotas. Vivir\u00e1s una experiencia \u00fanica, ya que la Alhambra est\u00e1 considerada como uno de los monumentos m\u00e1s importantes del mundo.<\/p>\n<p><span style=\"font-weight: 400;\">Si desea conocer solo la Alhambra puede consultar nuestro<\/span><a href=\"https:\/\/tourtravelandmore.com\/es\/tours\/espana-es\/motril-es\/motril-actividades-es\/city-tour-privado-de-la-alhambraw\/\"><span style=\"font-weight: 400;\"> tour privado de la Alhambra desde cualquier ciudad de Andaluc\u00eda.<\/span><\/a><\/p>\n<p><span style=\"font-weight: 400;\">Para solicitar informaci\u00f3n, solo tiene que rellenar el formulario del tour e indicar su lugar de recogida y nuestro equipo os pasar\u00e1 la informaci\u00f3n detallada.<\/span><\/p>\n","protected":false},"excerpt":{"rendered":"<p><b> <span style=\"font-weight: 400;\">Gracias al tour privado Alhambra y Granada podr\u00e1s conocer uno de los monumentos m\u00e1s impresionantes y \u00fanicos del mundo junto al centro hist\u00f3rico de la ciudad de Granada.<\/span><\/b><span style=\"font-weight: 400;\">\u00a0Te acompa\u00f1ar\u00e1 un gu\u00eda profesional y experimentado que se asegurar\u00e1 de que tu recorrido sea inolvidable.<\/span><\/p>\n","protected":false},"featured_media":137989,"comment_status":"open","ping_status":"closed","template":"","meta":{"_acf_changed":false},"product_brand":[],"product_cat":[70,71,73,72],"product_tag":[],"class_list":{"0":"post-137973","1":"product","2":"type-product","3":"status-publish","4":"has-post-thumbnail","6":"product_cat-cadiz-es","7":"product_cat-cadiz-actividades-es","8":"product_cat-cadiz-rutas-turisticas-privadas-es","9":"product_cat-cadiz-excursiones-es","11":"first","12":"instock","13":"shipping-taxable","14":"purchasable","15":"product-type-simple"},"acf":[],"yoast_head":"<!-- This site is optimized with the Yoast SEO Premium plugin v25.3.1 (Yoast SEO v25.3.1) - https:\/\/yoast.com\/wordpress\/plugins\/seo\/ -->\n<title>\u27a1\ufe0fAlhambra y Granada Tour privado desde C\u00e1diz | Tour Travel &amp; More<\/title>\n<meta name=\"description\" content=\"Reserve ahora este Tour Privado de la Alhambra y Granada desde C\u00e1diz, ser\u00e1 una experiencia de lujo y por supuesto inolvidable \u2705.\" \/>\n<meta name=\"robots\" content=\"index, follow, max-snippet:-1, max-image-preview:large, max-video-preview:-1\" \/>\n<link rel=\"canonical\" href=\"https:\/\/tourtravelandmore.com\/es\/tours\/espana-es\/cadiz-es\/tour-privado-de-la-alhambra-y-granada-desde-cadiz\/\" \/>\n<meta property=\"og:locale\" content=\"es_ES\" \/>\n<meta property=\"og:type\" content=\"article\" \/>\n<meta property=\"og:title\" content=\"Tour Privado de la Alhambra y Granada desde C\u00e1diz\" \/>\n<meta property=\"og:description\" content=\"Reserve ahora este Tour Privado de la Alhambra y Granada desde C\u00e1diz, ser\u00e1 una experiencia de lujo y por supuesto inolvidable \u2705.\" \/>\n<meta property=\"og:url\" content=\"https:\/\/tourtravelandmore.com\/es\/tours\/espana-es\/cadiz-es\/tour-privado-de-la-alhambra-y-granada-desde-cadiz\/\" \/>\n<meta property=\"og:site_name\" content=\"Tour Travel And More\" \/>\n<meta property=\"article:publisher\" content=\"https:\/\/www.facebook.com\/tourtravelandmore\/\" \/>\n<meta property=\"article:modified_time\" content=\"2024-02-27T18:26:24+00:00\" \/>\n<meta property=\"og:image\" content=\"https:\/\/tourtravelandmore.com\/wp-content\/uploads\/2022\/09\/pexels-julio-gm-4472152-scaled.jpg\" \/>\n\t<meta property=\"og:image:width\" content=\"2560\" \/>\n\t<meta property=\"og:image:height\" content=\"1707\" \/>\n\t<meta property=\"og:image:type\" content=\"image\/jpeg\" \/>\n<meta name=\"twitter:card\" content=\"summary_large_image\" \/>\n<meta name=\"twitter:site\" content=\"@TourTravel_More\" \/>\n<meta name=\"twitter:label1\" content=\"Tiempo de lectura\" \/>\n\t<meta name=\"twitter:data1\" content=\"3 minutos\" \/>\n<script type=\"application\/ld+json\" class=\"yoast-schema-graph\">{\"@context\":\"https:\/\/schema.org\",\"@graph\":[{\"@type\":\"WebPage\",\"@id\":\"https:\/\/tourtravelandmore.com\/es\/tours\/espana-es\/cadiz-es\/tour-privado-de-la-alhambra-y-granada-desde-cadiz\/\",\"url\":\"https:\/\/tourtravelandmore.com\/es\/tours\/espana-es\/cadiz-es\/tour-privado-de-la-alhambra-y-granada-desde-cadiz\/\",\"name\":\"\u27a1\ufe0fAlhambra y Granada Tour privado desde C\u00e1diz | Tour Travel & More\",\"isPartOf\":{\"@id\":\"https:\/\/tourtravelandmore.com\/es\/#website\"},\"primaryImageOfPage\":{\"@id\":\"https:\/\/tourtravelandmore.com\/es\/tours\/espana-es\/cadiz-es\/tour-privado-de-la-alhambra-y-granada-desde-cadiz\/#primaryimage\"},\"image\":{\"@id\":\"https:\/\/tourtravelandmore.com\/es\/tours\/espana-es\/cadiz-es\/tour-privado-de-la-alhambra-y-granada-desde-cadiz\/#primaryimage\"},\"thumbnailUrl\":\"https:\/\/tourtravelandmore.com\/wp-content\/uploads\/2022\/09\/pexels-julio-gm-4472152-scaled.jpg\",\"datePublished\":\"2022-09-22T19:28:33+00:00\",\"dateModified\":\"2024-02-27T18:26:24+00:00\",\"description\":\"Reserve ahora este Tour Privado de la Alhambra y Granada desde C\u00e1diz, ser\u00e1 una experiencia de lujo y por supuesto inolvidable \u2705.\",\"breadcrumb\":{\"@id\":\"https:\/\/tourtravelandmore.com\/es\/tours\/espana-es\/cadiz-es\/tour-privado-de-la-alhambra-y-granada-desde-cadiz\/#breadcrumb\"},\"inLanguage\":\"es\",\"potentialAction\":[{\"@type\":\"ReadAction\",\"target\":[\"https:\/\/tourtravelandmore.com\/es\/tours\/espana-es\/cadiz-es\/tour-privado-de-la-alhambra-y-granada-desde-cadiz\/\"]}]},{\"@type\":\"ImageObject\",\"inLanguage\":\"es\",\"@id\":\"https:\/\/tourtravelandmore.com\/es\/tours\/espana-es\/cadiz-es\/tour-privado-de-la-alhambra-y-granada-desde-cadiz\/#primaryimage\",\"url\":\"https:\/\/tourtravelandmore.com\/wp-content\/uploads\/2022\/09\/pexels-julio-gm-4472152-scaled.jpg\",\"contentUrl\":\"https:\/\/tourtravelandmore.com\/wp-content\/uploads\/2022\/09\/pexels-julio-gm-4472152-scaled.jpg\",\"width\":2560,\"height\":1707},{\"@type\":\"BreadcrumbList\",\"@id\":\"https:\/\/tourtravelandmore.com\/es\/tours\/espana-es\/cadiz-es\/tour-privado-de-la-alhambra-y-granada-desde-cadiz\/#breadcrumb\",\"itemListElement\":[{\"@type\":\"ListItem\",\"position\":1,\"name\":\"Home\",\"item\":\"https:\/\/tourtravelandmore.com\/es\/\"},{\"@type\":\"ListItem\",\"position\":2,\"name\":\"Tours\",\"item\":\"https:\/\/tourtravelandmore.com\/es\/tours\/\"},{\"@type\":\"ListItem\",\"position\":3,\"name\":\"Tour Privado de la Alhambra y Granada desde C\u00e1diz\"}]},{\"@type\":\"WebSite\",\"@id\":\"https:\/\/tourtravelandmore.com\/es\/#website\",\"url\":\"https:\/\/tourtravelandmore.com\/es\/\",\"name\":\"Tour Travel And More\",\"description\":\"Private sightseeing tours and luxury transfers in Spain\",\"publisher\":{\"@id\":\"https:\/\/tourtravelandmore.com\/es\/#organization\"},\"potentialAction\":[{\"@type\":\"SearchAction\",\"target\":{\"@type\":\"EntryPoint\",\"urlTemplate\":\"https:\/\/tourtravelandmore.com\/es\/?s={search_term_string}\"},\"query-input\":{\"@type\":\"PropertyValueSpecification\",\"valueRequired\":true,\"valueName\":\"search_term_string\"}}],\"inLanguage\":\"es\"},{\"@type\":\"Organization\",\"@id\":\"https:\/\/tourtravelandmore.com\/es\/#organization\",\"name\":\"Tour Travel And More\",\"url\":\"https:\/\/tourtravelandmore.com\/es\/\",\"logo\":{\"@type\":\"ImageObject\",\"inLanguage\":\"es\",\"@id\":\"https:\/\/tourtravelandmore.com\/es\/#\/schema\/logo\/image\/\",\"url\":\"https:\/\/tourtravelandmore.com\/wp-content\/uploads\/2022\/12\/cropped-logo-cabecera-new.png\",\"contentUrl\":\"https:\/\/tourtravelandmore.com\/wp-content\/uploads\/2022\/12\/cropped-logo-cabecera-new.png\",\"width\":430,\"height\":61,\"caption\":\"Tour Travel And More\"},\"image\":{\"@id\":\"https:\/\/tourtravelandmore.com\/es\/#\/schema\/logo\/image\/\"},\"sameAs\":[\"https:\/\/www.facebook.com\/tourtravelandmore\/\",\"https:\/\/x.com\/TourTravel_More\"]}]}<\/script>\n<!-- \/ Yoast SEO Premium plugin. -->","yoast_head_json":{"title":"\u27a1\ufe0fAlhambra y Granada Tour privado desde C\u00e1diz | Tour Travel & More","description":"Reserve ahora este Tour Privado de la Alhambra y Granada desde C\u00e1diz, ser\u00e1 una experiencia de lujo y por supuesto inolvidable \u2705.","robots":{"index":"index","follow":"follow","max-snippet":"max-snippet:-1","max-image-preview":"max-image-preview:large","max-video-preview":"max-video-preview:-1"},"canonical":"https:\/\/tourtravelandmore.com\/es\/tours\/espana-es\/cadiz-es\/tour-privado-de-la-alhambra-y-granada-desde-cadiz\/","og_locale":"es_ES","og_type":"article","og_title":"Tour Privado de la Alhambra y Granada desde C\u00e1diz","og_description":"Reserve ahora este Tour Privado de la Alhambra y Granada desde C\u00e1diz, ser\u00e1 una experiencia de lujo y por supuesto inolvidable \u2705.","og_url":"https:\/\/tourtravelandmore.com\/es\/tours\/espana-es\/cadiz-es\/tour-privado-de-la-alhambra-y-granada-desde-cadiz\/","og_site_name":"Tour Travel And More","article_publisher":"https:\/\/www.facebook.com\/tourtravelandmore\/","article_modified_time":"2024-02-27T18:26:24+00:00","og_image":[{"width":2560,"height":1707,"url":"https:\/\/tourtravelandmore.com\/wp-content\/uploads\/2022\/09\/pexels-julio-gm-4472152-scaled.jpg","type":"image\/jpeg"}],"twitter_card":"summary_large_image","twitter_site":"@TourTravel_More","twitter_misc":{"Tiempo de lectura":"3 minutos"},"schema":{"@context":"https:\/\/schema.org","@graph":[{"@type":"WebPage","@id":"https:\/\/tourtravelandmore.com\/es\/tours\/espana-es\/cadiz-es\/tour-privado-de-la-alhambra-y-granada-desde-cadiz\/","url":"https:\/\/tourtravelandmore.com\/es\/tours\/espana-es\/cadiz-es\/tour-privado-de-la-alhambra-y-granada-desde-cadiz\/","name":"\u27a1\ufe0fAlhambra y Granada Tour privado desde C\u00e1diz | Tour Travel & More","isPartOf":{"@id":"https:\/\/tourtravelandmore.com\/es\/#website"},"primaryImageOfPage":{"@id":"https:\/\/tourtravelandmore.com\/es\/tours\/espana-es\/cadiz-es\/tour-privado-de-la-alhambra-y-granada-desde-cadiz\/#primaryimage"},"image":{"@id":"https:\/\/tourtravelandmore.com\/es\/tours\/espana-es\/cadiz-es\/tour-privado-de-la-alhambra-y-granada-desde-cadiz\/#primaryimage"},"thumbnailUrl":"https:\/\/tourtravelandmore.com\/wp-content\/uploads\/2022\/09\/pexels-julio-gm-4472152-scaled.jpg","datePublished":"2022-09-22T19:28:33+00:00","dateModified":"2024-02-27T18:26:24+00:00","description":"Reserve ahora este Tour Privado de la Alhambra y Granada desde C\u00e1diz, ser\u00e1 una experiencia de lujo y por supuesto inolvidable \u2705.","breadcrumb":{"@id":"https:\/\/tourtravelandmore.com\/es\/tours\/espana-es\/cadiz-es\/tour-privado-de-la-alhambra-y-granada-desde-cadiz\/#breadcrumb"},"inLanguage":"es","potentialAction":[{"@type":"ReadAction","target":["https:\/\/tourtravelandmore.com\/es\/tours\/espana-es\/cadiz-es\/tour-privado-de-la-alhambra-y-granada-desde-cadiz\/"]}]},{"@type":"ImageObject","inLanguage":"es","@id":"https:\/\/tourtravelandmore.com\/es\/tours\/espana-es\/cadiz-es\/tour-privado-de-la-alhambra-y-granada-desde-cadiz\/#primaryimage","url":"https:\/\/tourtravelandmore.com\/wp-content\/uploads\/2022\/09\/pexels-julio-gm-4472152-scaled.jpg","contentUrl":"https:\/\/tourtravelandmore.com\/wp-content\/uploads\/2022\/09\/pexels-julio-gm-4472152-scaled.jpg","width":2560,"height":1707},{"@type":"BreadcrumbList","@id":"https:\/\/tourtravelandmore.com\/es\/tours\/espana-es\/cadiz-es\/tour-privado-de-la-alhambra-y-granada-desde-cadiz\/#breadcrumb","itemListElement":[{"@type":"ListItem","position":1,"name":"Home","item":"https:\/\/tourtravelandmore.com\/es\/"},{"@type":"ListItem","position":2,"name":"Tours","item":"https:\/\/tourtravelandmore.com\/es\/tours\/"},{"@type":"ListItem","position":3,"name":"Tour Privado de la Alhambra y Granada desde C\u00e1diz"}]},{"@type":"WebSite","@id":"https:\/\/tourtravelandmore.com\/es\/#website","url":"https:\/\/tourtravelandmore.com\/es\/","name":"Tour Travel And More","description":"Private sightseeing tours and luxury transfers in Spain","publisher":{"@id":"https:\/\/tourtravelandmore.com\/es\/#organization"},"potentialAction":[{"@type":"SearchAction","target":{"@type":"EntryPoint","urlTemplate":"https:\/\/tourtravelandmore.com\/es\/?s={search_term_string}"},"query-input":{"@type":"PropertyValueSpecification","valueRequired":true,"valueName":"search_term_string"}}],"inLanguage":"es"},{"@type":"Organization","@id":"https:\/\/tourtravelandmore.com\/es\/#organization","name":"Tour Travel And More","url":"https:\/\/tourtravelandmore.com\/es\/","logo":{"@type":"ImageObject","inLanguage":"es","@id":"https:\/\/tourtravelandmore.com\/es\/#\/schema\/logo\/image\/","url":"https:\/\/tourtravelandmore.com\/wp-content\/uploads\/2022\/12\/cropped-logo-cabecera-new.png","contentUrl":"https:\/\/tourtravelandmore.com\/wp-content\/uploads\/2022\/12\/cropped-logo-cabecera-new.png","width":430,"height":61,"caption":"Tour Travel And More"},"image":{"@id":"https:\/\/tourtravelandmore.com\/es\/#\/schema\/logo\/image\/"},"sameAs":["https:\/\/www.facebook.com\/tourtravelandmore\/","https:\/\/x.com\/TourTravel_More"]}]}},"_links":{"self":[{"href":"https:\/\/tourtravelandmore.com\/es\/wp-json\/wp\/v2\/product\/137973","targetHints":{"allow":["GET"]}}],"collection":[{"href":"https:\/\/tourtravelandmore.com\/es\/wp-json\/wp\/v2\/product"}],"about":[{"href":"https:\/\/tourtravelandmore.com\/es\/wp-json\/wp\/v2\/types\/product"}],"replies":[{"embeddable":true,"href":"https:\/\/tourtravelandmore.com\/es\/wp-json\/wp\/v2\/comments?post=137973"}],"wp:featuredmedia":[{"embeddable":true,"href":"https:\/\/tourtravelandmore.com\/es\/wp-json\/wp\/v2\/media\/137989"}],"wp:attachment":[{"href":"https:\/\/tourtravelandmore.com\/es\/wp-json\/wp\/v2\/media?parent=137973"}],"wp:term":[{"taxonomy":"product_brand","embeddable":true,"href":"https:\/\/tourtravelandmore.com\/es\/wp-json\/wp\/v2\/product_brand?post=137973"},{"taxonomy":"product_cat","embeddable":true,"href":"https:\/\/tourtravelandmore.com\/es\/wp-json\/wp\/v2\/product_cat?post=137973"},{"taxonomy":"product_tag","embeddable":true,"href":"https:\/\/tourtravelandmore.com\/es\/wp-json\/wp\/v2\/product_tag?post=137973"}],"curies":[{"name":"wp","href":"https:\/\/api.w.org\/{rel}","templated":true}]}}