{"id":137902,"date":"2022-09-22T16:38:08","date_gmt":"2022-09-22T14:38:09","guid":{"rendered":"https:\/\/tourtravelandmore.com\/?post_type=product&#038;p=137902"},"modified":"2024-02-27T14:57:34","modified_gmt":"2024-02-27T13:57:34","slug":"tour-privado-a-tanger-desde-cadiz","status":"publish","type":"product","link":"https:\/\/tourtravelandmore.com\/es\/tours\/espana-es\/cadiz-es\/tour-privado-a-tanger-desde-cadiz\/","title":{"rendered":"Tour Privado a T\u00e1nger desde C\u00e1diz"},"content":{"rendered":"<h2><b>Descripci\u00f3n del Tour Privado a T\u00e1nger desde C\u00e1diz<\/b><\/h2>\n<p><span style=\"font-weight: 400;\">La excursi\u00f3n a <a href=\"https:\/\/es.wikipedia.org\/wiki\/T%C3%A1nger\">T\u00e1nger<\/a> le permitir\u00e1 conocer una nueva cultura y un nuevo pa\u00eds en un mismo d\u00eda desde Espa\u00f1a.<\/span><\/p>\n<p><span style=\"font-weight: 400;\">Nuestro veh\u00edculo privado con conductor le recoger\u00e1 desde su hotel o apartamento para realizar el traslado de ida a Tarifa e iniciar la excursi\u00f3n a T\u00e1nger.<\/span><\/p>\n<p><span style=\"font-weight: 400;\">Una vez lleguemos a Tarifa, nuestro conductor se bajar\u00e1 para entregaros los billetes de ferry y os explicar\u00e1 el punto de encuentro y la hora para realizar el traslado de vuelta.<\/span><\/p>\n<p>La duraci\u00f3n del ferry para llegar a T\u00e1nger es de 1 hora aproximadamente.<\/p>\n<p><span style=\"font-weight: 400;\">Una vez lleguemos a T\u00e1nger y realicemos el control de pasaporte, nuestro gu\u00eda privado en T\u00e1nger y nuestro veh\u00edculo con conductor privado os estar\u00e1 esperando a la salida de la Terminal con un cartel con vuestro nombre. La duraci\u00f3n del Tour privado en T\u00e1nger son 6 horas, incluida la parada para comer en un lugar t\u00edpico de la ciudad.<\/span><\/p>\n<p><span style=\"font-weight: 400;\">La duraci\u00f3n del Tour son 12 horas.<\/span><\/p>\n<p><span style=\"font-weight: 400;\">Es posible coordinar la recogida desde cualquier sitio de C\u00e1diz.<\/span><\/p>\n<h2><b>Puntos de inter\u00e9s en el Tour Privado a T\u00e1nger desde C\u00e1diz<\/b><\/h2>\n<p><span style=\"font-weight: 400;\">Empezaremos la excursi\u00f3n a T\u00e1nger, subiendo al famoso<\/span><b> Cabo Espartel<\/b><span style=\"font-weight: 400;\">, d\u00f3nde se unen el oc\u00e9ano Atl\u00e1ntico y el Mediterr\u00e1neo. Pararemos en sitios con espectaculares vistas panor\u00e1micas del mar. Si hace buen tiempo podemos llegar a ver Espa\u00f1a.<\/span><\/p>\n<p><span style=\"font-weight: 400;\">Despu\u00e9s de conocer Cabo Espartel nos dirigiremos a realizar un <\/span><b>paseo a camello<\/b><span style=\"font-weight: 400;\"> enfrente del mar, para que puedan realizar fotos y disfrutar de una actividad muy divertida. El paseo a Camello dura unos 15 minutos.<\/span><\/p>\n<p><span style=\"font-weight: 400;\">Al terminar el paseo a camello, visitaremos las famosas<\/span><a href=\"https:\/\/es.wikipedia.org\/wiki\/Cuevas_de_H%C3%A9rcules_(T%C3%A1nger)\"><b> cuevas de Hercules<\/b><\/a><b>. <\/b><span style=\"font-weight: 400;\">Entraremos en su interior y conoceremos la historia de amor que esconde junto a nuestro gu\u00eda oficial privado.<\/span><\/p>\n<p><span style=\"font-weight: 400;\">La segunda parte de la excursi\u00f3n privada consiste en un recorrido a pie por las peque\u00f1as <\/span><b>calles del Kasbah y el fuerte de T\u00e1nger.<\/b><span style=\"font-weight: 400;\"> Descubrir\u00e1n sitios de un rico contenido arquitect\u00f3nico, el cual incluye paredes del Siglo XV y una numerosa cantidad de edificios con estilo arabe-andaluz, los cuales han inspirado a reconocidos artistas y pintores como Eug\u00e9ne Delcroix y Henri Mattise.<\/span><\/p>\n<p><span style=\"font-weight: 400;\">Luego visitar\u00e1n la<\/span><b> zona de Medina<\/b><span style=\"font-weight: 400;\">, el casco antiguo de la ciudad. All\u00ed descubrir\u00e1n los secretos de la cultura, gastronom\u00eda y arte de esta fant\u00e1stica ciudad. Visitar\u00e1n los mercados (souks) de la ciudad y sus concurridas plazas. Aqu\u00ed ver\u00e1n la gran influencia de la religi\u00f3n jud\u00eda y cat\u00f3lica en el pueblo de T\u00e1nger.<\/span><\/p>\n<p><span style=\"font-weight: 400;\">Por supuesto que tambi\u00e9n tendr\u00e1n tiempo para degustar la maravillosa cocina marroqu\u00ed durante la visita, como tambi\u00e9n de poder visitar negocios de artesan\u00edas locales.<\/span><\/p>\n<p><span style=\"font-weight: 400;\">Una vez culminado el tour, su chofer, junto a su gu\u00eda privado, os llevar\u00e1n hacia el puerto de cruceros de T\u00e1nger. All\u00ed coger\u00e1n el ferry de retorno a Tarifa, donde los estar\u00e1 esperando su chofer para llevarlos a su hotel o Apartamento.<\/span><\/p>\n<p><span style=\"font-weight: 400;\">Vivir\u00e1 un d\u00eda magn\u00edfico y conocer\u00e1 una nueva cultura y un nuevo pa\u00eds desde Espa\u00f1a.<\/span><\/p>\n<p><span style=\"font-weight: 400;\">Para solicitar informaci\u00f3n detallada puede contactar con nosotros a trav\u00e9s del formulario de contacto del tour y nuestro equipo contactar\u00e1 con vosotros de inmediato.<\/span><\/p>\n<p><a href=\"https:\/\/tourtravelandmore.com\/es\/ciudad\/espana-es\/cadiz-es\/\">Si quieres ver m\u00e1s tours sobre C\u00e1diz haz clic aqu\u00ed!!<\/a><\/p>\n","protected":false},"excerpt":{"rendered":"<p>El Tour Privado a T\u00e1nger desde C\u00e1diz le llevar\u00e1 en un tour guiado de 8 horas por las partes m\u00e1s pintorescas y hermosas de T\u00e1nger. Estar\u00e1 acompa\u00f1ado por un gu\u00eda profesional y experimentado que se asegurar\u00e1 de que su tour sea inolvidable<\/p>\n","protected":false},"featured_media":137921,"comment_status":"open","ping_status":"closed","template":"","meta":{"_acf_changed":false},"product_brand":[],"product_cat":[70,71,73,72],"product_tag":[],"class_list":{"0":"post-137902","1":"product","2":"type-product","3":"status-publish","4":"has-post-thumbnail","6":"product_cat-cadiz-es","7":"product_cat-cadiz-actividades-es","8":"product_cat-cadiz-rutas-turisticas-privadas-es","9":"product_cat-cadiz-excursiones-es","11":"first","12":"instock","13":"shipping-taxable","14":"purchasable","15":"product-type-simple"},"acf":[],"yoast_head":"<!-- This site is optimized with the Yoast SEO Premium plugin v25.3.1 (Yoast SEO v25.3.1) - https:\/\/yoast.com\/wordpress\/plugins\/seo\/ -->\n<title>\u27a1\ufe0f Tour privado a T\u00e1nger desde C\u00e1diz | Tour Travel &amp; More<\/title>\n<meta name=\"description\" content=\"Reserve ya este Tour privado a T\u00e1nger desde C\u00e1diz, ser\u00e1 una experiencia de lujo y por supuesto inolvidable \u2705\" \/>\n<meta name=\"robots\" content=\"index, follow, max-snippet:-1, max-image-preview:large, max-video-preview:-1\" \/>\n<link rel=\"canonical\" href=\"https:\/\/tourtravelandmore.com\/es\/tours\/espana-es\/cadiz-es\/tour-privado-a-tanger-desde-cadiz\/\" \/>\n<meta property=\"og:locale\" content=\"es_ES\" \/>\n<meta property=\"og:type\" content=\"article\" \/>\n<meta property=\"og:title\" content=\"Tour Privado a T\u00e1nger desde C\u00e1diz\" \/>\n<meta property=\"og:description\" content=\"Reserve ya este Tour privado a T\u00e1nger desde C\u00e1diz, ser\u00e1 una experiencia de lujo y por supuesto inolvidable \u2705\" \/>\n<meta property=\"og:url\" content=\"https:\/\/tourtravelandmore.com\/es\/tours\/espana-es\/cadiz-es\/tour-privado-a-tanger-desde-cadiz\/\" \/>\n<meta property=\"og:site_name\" content=\"Tour Travel And More\" \/>\n<meta property=\"article:publisher\" content=\"https:\/\/www.facebook.com\/tourtravelandmore\/\" \/>\n<meta property=\"article:modified_time\" content=\"2024-02-27T13:57:34+00:00\" \/>\n<meta property=\"og:image\" content=\"https:\/\/tourtravelandmore.com\/wp-content\/uploads\/2022\/09\/pexels-casablanca-stock-8411375-scaled.jpg\" \/>\n\t<meta property=\"og:image:width\" content=\"2560\" \/>\n\t<meta property=\"og:image:height\" content=\"1703\" \/>\n\t<meta property=\"og:image:type\" content=\"image\/jpeg\" \/>\n<meta name=\"twitter:card\" content=\"summary_large_image\" \/>\n<meta name=\"twitter:site\" content=\"@TourTravel_More\" \/>\n<meta name=\"twitter:label1\" content=\"Tiempo de lectura\" \/>\n\t<meta name=\"twitter:data1\" content=\"3 minutos\" \/>\n<script type=\"application\/ld+json\" class=\"yoast-schema-graph\">{\"@context\":\"https:\/\/schema.org\",\"@graph\":[{\"@type\":\"WebPage\",\"@id\":\"https:\/\/tourtravelandmore.com\/es\/tours\/espana-es\/cadiz-es\/tour-privado-a-tanger-desde-cadiz\/\",\"url\":\"https:\/\/tourtravelandmore.com\/es\/tours\/espana-es\/cadiz-es\/tour-privado-a-tanger-desde-cadiz\/\",\"name\":\"\u27a1\ufe0f Tour privado a T\u00e1nger desde C\u00e1diz | Tour Travel & More\",\"isPartOf\":{\"@id\":\"https:\/\/tourtravelandmore.com\/es\/#website\"},\"primaryImageOfPage\":{\"@id\":\"https:\/\/tourtravelandmore.com\/es\/tours\/espana-es\/cadiz-es\/tour-privado-a-tanger-desde-cadiz\/#primaryimage\"},\"image\":{\"@id\":\"https:\/\/tourtravelandmore.com\/es\/tours\/espana-es\/cadiz-es\/tour-privado-a-tanger-desde-cadiz\/#primaryimage\"},\"thumbnailUrl\":\"https:\/\/tourtravelandmore.com\/wp-content\/uploads\/2022\/09\/pexels-casablanca-stock-8411375-scaled.jpg\",\"datePublished\":\"2022-09-22T14:38:09+00:00\",\"dateModified\":\"2024-02-27T13:57:34+00:00\",\"description\":\"Reserve ya este Tour privado a T\u00e1nger desde C\u00e1diz, ser\u00e1 una experiencia de lujo y por supuesto inolvidable \u2705\",\"breadcrumb\":{\"@id\":\"https:\/\/tourtravelandmore.com\/es\/tours\/espana-es\/cadiz-es\/tour-privado-a-tanger-desde-cadiz\/#breadcrumb\"},\"inLanguage\":\"es\",\"potentialAction\":[{\"@type\":\"ReadAction\",\"target\":[\"https:\/\/tourtravelandmore.com\/es\/tours\/espana-es\/cadiz-es\/tour-privado-a-tanger-desde-cadiz\/\"]}]},{\"@type\":\"ImageObject\",\"inLanguage\":\"es\",\"@id\":\"https:\/\/tourtravelandmore.com\/es\/tours\/espana-es\/cadiz-es\/tour-privado-a-tanger-desde-cadiz\/#primaryimage\",\"url\":\"https:\/\/tourtravelandmore.com\/wp-content\/uploads\/2022\/09\/pexels-casablanca-stock-8411375-scaled.jpg\",\"contentUrl\":\"https:\/\/tourtravelandmore.com\/wp-content\/uploads\/2022\/09\/pexels-casablanca-stock-8411375-scaled.jpg\",\"width\":2560,\"height\":1703},{\"@type\":\"BreadcrumbList\",\"@id\":\"https:\/\/tourtravelandmore.com\/es\/tours\/espana-es\/cadiz-es\/tour-privado-a-tanger-desde-cadiz\/#breadcrumb\",\"itemListElement\":[{\"@type\":\"ListItem\",\"position\":1,\"name\":\"Home\",\"item\":\"https:\/\/tourtravelandmore.com\/es\/\"},{\"@type\":\"ListItem\",\"position\":2,\"name\":\"Tours\",\"item\":\"https:\/\/tourtravelandmore.com\/es\/tours\/\"},{\"@type\":\"ListItem\",\"position\":3,\"name\":\"Tour Privado a T\u00e1nger desde C\u00e1diz\"}]},{\"@type\":\"WebSite\",\"@id\":\"https:\/\/tourtravelandmore.com\/es\/#website\",\"url\":\"https:\/\/tourtravelandmore.com\/es\/\",\"name\":\"Tour Travel And More\",\"description\":\"Private sightseeing tours and luxury transfers in Spain\",\"publisher\":{\"@id\":\"https:\/\/tourtravelandmore.com\/es\/#organization\"},\"potentialAction\":[{\"@type\":\"SearchAction\",\"target\":{\"@type\":\"EntryPoint\",\"urlTemplate\":\"https:\/\/tourtravelandmore.com\/es\/?s={search_term_string}\"},\"query-input\":{\"@type\":\"PropertyValueSpecification\",\"valueRequired\":true,\"valueName\":\"search_term_string\"}}],\"inLanguage\":\"es\"},{\"@type\":\"Organization\",\"@id\":\"https:\/\/tourtravelandmore.com\/es\/#organization\",\"name\":\"Tour Travel And More\",\"url\":\"https:\/\/tourtravelandmore.com\/es\/\",\"logo\":{\"@type\":\"ImageObject\",\"inLanguage\":\"es\",\"@id\":\"https:\/\/tourtravelandmore.com\/es\/#\/schema\/logo\/image\/\",\"url\":\"https:\/\/tourtravelandmore.com\/wp-content\/uploads\/2022\/12\/cropped-logo-cabecera-new.png\",\"contentUrl\":\"https:\/\/tourtravelandmore.com\/wp-content\/uploads\/2022\/12\/cropped-logo-cabecera-new.png\",\"width\":430,\"height\":61,\"caption\":\"Tour Travel And More\"},\"image\":{\"@id\":\"https:\/\/tourtravelandmore.com\/es\/#\/schema\/logo\/image\/\"},\"sameAs\":[\"https:\/\/www.facebook.com\/tourtravelandmore\/\",\"https:\/\/x.com\/TourTravel_More\"]}]}<\/script>\n<!-- \/ Yoast SEO Premium plugin. -->","yoast_head_json":{"title":"\u27a1\ufe0f Tour privado a T\u00e1nger desde C\u00e1diz | Tour Travel & More","description":"Reserve ya este Tour privado a T\u00e1nger desde C\u00e1diz, ser\u00e1 una experiencia de lujo y por supuesto inolvidable \u2705","robots":{"index":"index","follow":"follow","max-snippet":"max-snippet:-1","max-image-preview":"max-image-preview:large","max-video-preview":"max-video-preview:-1"},"canonical":"https:\/\/tourtravelandmore.com\/es\/tours\/espana-es\/cadiz-es\/tour-privado-a-tanger-desde-cadiz\/","og_locale":"es_ES","og_type":"article","og_title":"Tour Privado a T\u00e1nger desde C\u00e1diz","og_description":"Reserve ya este Tour privado a T\u00e1nger desde C\u00e1diz, ser\u00e1 una experiencia de lujo y por supuesto inolvidable \u2705","og_url":"https:\/\/tourtravelandmore.com\/es\/tours\/espana-es\/cadiz-es\/tour-privado-a-tanger-desde-cadiz\/","og_site_name":"Tour Travel And More","article_publisher":"https:\/\/www.facebook.com\/tourtravelandmore\/","article_modified_time":"2024-02-27T13:57:34+00:00","og_image":[{"width":2560,"height":1703,"url":"https:\/\/tourtravelandmore.com\/wp-content\/uploads\/2022\/09\/pexels-casablanca-stock-8411375-scaled.jpg","type":"image\/jpeg"}],"twitter_card":"summary_large_image","twitter_site":"@TourTravel_More","twitter_misc":{"Tiempo de lectura":"3 minutos"},"schema":{"@context":"https:\/\/schema.org","@graph":[{"@type":"WebPage","@id":"https:\/\/tourtravelandmore.com\/es\/tours\/espana-es\/cadiz-es\/tour-privado-a-tanger-desde-cadiz\/","url":"https:\/\/tourtravelandmore.com\/es\/tours\/espana-es\/cadiz-es\/tour-privado-a-tanger-desde-cadiz\/","name":"\u27a1\ufe0f Tour privado a T\u00e1nger desde C\u00e1diz | Tour Travel & More","isPartOf":{"@id":"https:\/\/tourtravelandmore.com\/es\/#website"},"primaryImageOfPage":{"@id":"https:\/\/tourtravelandmore.com\/es\/tours\/espana-es\/cadiz-es\/tour-privado-a-tanger-desde-cadiz\/#primaryimage"},"image":{"@id":"https:\/\/tourtravelandmore.com\/es\/tours\/espana-es\/cadiz-es\/tour-privado-a-tanger-desde-cadiz\/#primaryimage"},"thumbnailUrl":"https:\/\/tourtravelandmore.com\/wp-content\/uploads\/2022\/09\/pexels-casablanca-stock-8411375-scaled.jpg","datePublished":"2022-09-22T14:38:09+00:00","dateModified":"2024-02-27T13:57:34+00:00","description":"Reserve ya este Tour privado a T\u00e1nger desde C\u00e1diz, ser\u00e1 una experiencia de lujo y por supuesto inolvidable \u2705","breadcrumb":{"@id":"https:\/\/tourtravelandmore.com\/es\/tours\/espana-es\/cadiz-es\/tour-privado-a-tanger-desde-cadiz\/#breadcrumb"},"inLanguage":"es","potentialAction":[{"@type":"ReadAction","target":["https:\/\/tourtravelandmore.com\/es\/tours\/espana-es\/cadiz-es\/tour-privado-a-tanger-desde-cadiz\/"]}]},{"@type":"ImageObject","inLanguage":"es","@id":"https:\/\/tourtravelandmore.com\/es\/tours\/espana-es\/cadiz-es\/tour-privado-a-tanger-desde-cadiz\/#primaryimage","url":"https:\/\/tourtravelandmore.com\/wp-content\/uploads\/2022\/09\/pexels-casablanca-stock-8411375-scaled.jpg","contentUrl":"https:\/\/tourtravelandmore.com\/wp-content\/uploads\/2022\/09\/pexels-casablanca-stock-8411375-scaled.jpg","width":2560,"height":1703},{"@type":"BreadcrumbList","@id":"https:\/\/tourtravelandmore.com\/es\/tours\/espana-es\/cadiz-es\/tour-privado-a-tanger-desde-cadiz\/#breadcrumb","itemListElement":[{"@type":"ListItem","position":1,"name":"Home","item":"https:\/\/tourtravelandmore.com\/es\/"},{"@type":"ListItem","position":2,"name":"Tours","item":"https:\/\/tourtravelandmore.com\/es\/tours\/"},{"@type":"ListItem","position":3,"name":"Tour Privado a T\u00e1nger desde C\u00e1diz"}]},{"@type":"WebSite","@id":"https:\/\/tourtravelandmore.com\/es\/#website","url":"https:\/\/tourtravelandmore.com\/es\/","name":"Tour Travel And More","description":"Private sightseeing tours and luxury transfers in Spain","publisher":{"@id":"https:\/\/tourtravelandmore.com\/es\/#organization"},"potentialAction":[{"@type":"SearchAction","target":{"@type":"EntryPoint","urlTemplate":"https:\/\/tourtravelandmore.com\/es\/?s={search_term_string}"},"query-input":{"@type":"PropertyValueSpecification","valueRequired":true,"valueName":"search_term_string"}}],"inLanguage":"es"},{"@type":"Organization","@id":"https:\/\/tourtravelandmore.com\/es\/#organization","name":"Tour Travel And More","url":"https:\/\/tourtravelandmore.com\/es\/","logo":{"@type":"ImageObject","inLanguage":"es","@id":"https:\/\/tourtravelandmore.com\/es\/#\/schema\/logo\/image\/","url":"https:\/\/tourtravelandmore.com\/wp-content\/uploads\/2022\/12\/cropped-logo-cabecera-new.png","contentUrl":"https:\/\/tourtravelandmore.com\/wp-content\/uploads\/2022\/12\/cropped-logo-cabecera-new.png","width":430,"height":61,"caption":"Tour Travel And More"},"image":{"@id":"https:\/\/tourtravelandmore.com\/es\/#\/schema\/logo\/image\/"},"sameAs":["https:\/\/www.facebook.com\/tourtravelandmore\/","https:\/\/x.com\/TourTravel_More"]}]}},"_links":{"self":[{"href":"https:\/\/tourtravelandmore.com\/es\/wp-json\/wp\/v2\/product\/137902","targetHints":{"allow":["GET"]}}],"collection":[{"href":"https:\/\/tourtravelandmore.com\/es\/wp-json\/wp\/v2\/product"}],"about":[{"href":"https:\/\/tourtravelandmore.com\/es\/wp-json\/wp\/v2\/types\/product"}],"replies":[{"embeddable":true,"href":"https:\/\/tourtravelandmore.com\/es\/wp-json\/wp\/v2\/comments?post=137902"}],"wp:featuredmedia":[{"embeddable":true,"href":"https:\/\/tourtravelandmore.com\/es\/wp-json\/wp\/v2\/media\/137921"}],"wp:attachment":[{"href":"https:\/\/tourtravelandmore.com\/es\/wp-json\/wp\/v2\/media?parent=137902"}],"wp:term":[{"taxonomy":"product_brand","embeddable":true,"href":"https:\/\/tourtravelandmore.com\/es\/wp-json\/wp\/v2\/product_brand?post=137902"},{"taxonomy":"product_cat","embeddable":true,"href":"https:\/\/tourtravelandmore.com\/es\/wp-json\/wp\/v2\/product_cat?post=137902"},{"taxonomy":"product_tag","embeddable":true,"href":"https:\/\/tourtravelandmore.com\/es\/wp-json\/wp\/v2\/product_tag?post=137902"}],"curies":[{"name":"wp","href":"https:\/\/api.w.org\/{rel}","templated":true}]}}