{"id":135517,"date":"2022-08-25T15:45:31","date_gmt":"2022-08-25T13:45:31","guid":{"rendered":"https:\/\/tourtravelandmore.com\/?post_type=product&#038;p=135517"},"modified":"2022-08-25T15:52:13","modified_gmt":"2022-08-25T13:52:13","slug":"tour-privado-a-pisa-desde-florencia-con-entradas-a-la-torre","status":"publish","type":"product","link":"https:\/\/tourtravelandmore.com\/es\/tours\/italia-es\/florencia-es\/tour-privado-a-pisa-desde-florencia-con-entradas-a-la-torre\/","title":{"rendered":"Tour privado a Pisa desde Florencia con entradas a la Torre"},"content":{"rendered":"<h2><b>Descripci\u00f3n del Tour privado a Pisa desde Florencia con entradas a la Torre<\/b><\/h2>\n<p><span style=\"font-weight: 400;\">Este tour lo llevar\u00e1 a Pisa desde Florencia, brindando un transporte privado y un recorrido de 5 horas por la ciudad. Visitar\u00e1 la Torre y explorar\u00e1 las atracciones tur\u00edsticas m\u00e1s famosas de Pisa. Tambi\u00e9n tendr\u00e1s entradas para la Torre y podr\u00e1s disfrutar de una vista panor\u00e1mica de Pisa desde su cima.<\/span><\/p>\n<p><span style=\"font-weight: 400;\">Esta es una experiencia que no se puede perder cualquier amante de la historia y la cultura.<\/span><\/p>\n<p><span style=\"font-weight: 400;\">El tour privado comenzar\u00e1 recogi\u00e9ndole en su punto de alojamiento o punto de elecci\u00f3n en la ciudad de Florencia, reuni\u00e9ndose con su chofer y gu\u00eda privado para posteriormente comenz\u00f3 con el viaje.<\/span><\/p>\n<p><span style=\"font-weight: 400;\">Le recordamos que en\u00a0 Tour Travel &amp; More todos nuestros tours son completamente personalizables, si necesita agregar m\u00e1s horas a su tour, visitar otros sitios de inter\u00e9s, por favor h\u00e1ganlo saber y nos haremos cargo de cumplir con sus necedades y deseos.<\/span><\/p>\n<h2><b>Puntos de inter\u00e9s en el Tour privado a Pisa desde Florencia con entradas a la Torre<\/b><\/h2>\n<p><span style=\"font-weight: 400;\">La ciudad de Pisa es mundialmente famosa por todas las obras de arte, pedazos de historia y misterios que esconde la ciudad, esta ciudad en Italia es visitada por millones de personas cada a\u00f1o y es por eso que nosotros le ofrecemos conocerla de una manera privada, c\u00f3moda y de lujo.<\/span><\/p>\n<p><span style=\"font-weight: 400;\">A continuaci\u00f3n le explicaremos por qu\u00e9 los puntos de inter\u00e9s que ver\u00e1 en este tour privado son imperdibles y son mundialmente conocidos:<\/span><\/p>\n<h3><b>Murallas medievales<\/b><\/h3>\n<p><span style=\"font-weight: 400;\">Las murallas medievales de Pisa son famosas porque son la \u00fanica parte de la ciudad que ha sobrevivido desde la \u00e9poca romana.<\/span><\/p>\n<p><span style=\"font-weight: 400;\">Fueron construidos por el emperador Claudio en el a\u00f1o 42 dC y fueron dise\u00f1ados para proteger la ciudad de los ataques. Las paredes han sido parcialmente restauradas.<\/span><\/p>\n<h3><b>Plaza dei Miracoli<\/b><\/h3>\n<p><span style=\"font-weight: 400;\">La Plaza dei Miracoli en Pisa es famosa porque tiene algunos de los edificios m\u00e1s ic\u00f3nicos del mundo. El Duomo, el Baptisterio y el Campanile son parte del Patrimonio de la Humanidad de la UNESCO.<\/span><\/p>\n<p><span style=\"font-weight: 400;\">El Duomo di Pisa es uno de los edificios m\u00e1s reconocibles de Italia y uno de los mejores ejemplos de la arquitectura rom\u00e1nica italiana. Fue construido durante un per\u00edodo de casi 200 a\u00f1os (1173-1360) por diferentes arquitectos, siendo Arnolfo di Cambio el responsable de su forma actual. Es el hogar de muchas obras de arte, incluida la &#8220;Piedad&#8221; de Miguel \u00c1ngel.<\/span><\/p>\n<h3><b>Battistero di San Giovanni<\/b><\/h3>\n<p><span style=\"font-weight: 400;\">El baptisterio de San Giovanni en Pisa es famoso por su forma octogonal, el uso de m\u00e1rmol blanco y las intrincadas tallas del exterior.<\/span><\/p>\n<p><span style=\"font-weight: 400;\">La forma octogonal es un s\u00edmbolo de perfecci\u00f3n en el mundo cristiano medieval. El baptisterio fue construido en 1152 y fue consagrado por el Papa Eugenio III. Ha sido renovado muchas veces desde entonces y actualmente est\u00e1 en proceso de renovaci\u00f3n por su 800 aniversario.<\/span><\/p>\n<p><span style=\"font-weight: 400;\">Las tallas exteriores son incre\u00edblemente complejas y cada panel cuenta una historia del cristianismo o de otras religiones. La talla m\u00e1s famosa es &#8220;La Primavera&#8221; que representa a la diosa Venus emergiendo de su caparaz\u00f3n como s\u00edmbolo de fertilidad y nueva vida.<\/span><\/p>\n<h3><b>Camposanto Monumental<\/b><\/h3>\n<p><span style=\"font-weight: 400;\">El Cementerio Monumental de Pisa es famoso porque fue el primer cementerio en Italia que se construy\u00f3 despu\u00e9s de la unificaci\u00f3n de Italia. Tambi\u00e9n fue el primer cementerio que se construy\u00f3 a gran escala. El cementerio se encuentra en Pisa y es uno de los monumentos m\u00e1s importantes de Italia.<\/span><\/p>\n<h3><b>Torre Inclinada<\/b><\/h3>\n<p><span style=\"font-weight: 400;\">La Torre Inclinada de Pisa es uno de los edificios m\u00e1s conocidos del mundo. Es famoso por su inclinaci\u00f3n, que fue causada por un simple error de construcci\u00f3n.<\/span><\/p>\n<p><span style=\"font-weight: 400;\">La torre fue construida en 1173 y terminada en 1372. El arquitecto se dio cuenta de que la torre estaba inclinada pero no ten\u00eda suficiente dinero para arreglarla, as\u00ed que la dej\u00f3 as\u00ed.<\/span><\/p>\n<p><span style=\"font-weight: 400;\">No est\u00e1 claro por qu\u00e9 este edificio es tan famoso, tal vez sea por su inclinaci\u00f3n o tal vez a la gente simplemente le gusta visitarlo por su historia. Pero sea cual sea la raz\u00f3n, este edificio se ha convertido en un s\u00edmbolo para Italia y para los fracasos de la ingenier\u00eda en todo el mundo.<\/span><\/p>\n<p><span style=\"font-weight: 400;\">Al finalizar este recorrido privado, su chofer le llevar\u00e1 a su punto de recogida en Florencia para que pueda seguir disfrutando de esta hermosa ciudad por su cuenta.<\/span><\/p>\n<p><b>Si desea conocer Florencia de una manera privada y de lujo, no dude en revisar nuestro <\/b><a href=\"https:\/\/tourtravelandmore.com\/es\/ciudad\/italia-es\/florencia-es\/\"><b>listado de tours privados en Florencia.<\/b><\/a><\/p>\n","protected":false},"excerpt":{"rendered":"<p><b>\u00a0<\/b><span style=\"font-weight: 400;\">En Travel &amp; More Tour ofrecemos un tour privado de 5 horas desde Florencia a Pisa con entradas a la Torre. Este tour se puede reservar de manera individual o grupos e incluye un conductor privado que lo recoger\u00e1 en su hotel en Florencia y lo llevar\u00e1 a conocer algunos de los lugares m\u00e1s bellos de la Toscana.<\/span><\/p>\n","protected":false},"featured_media":135542,"comment_status":"open","ping_status":"closed","template":"","meta":{"_acf_changed":false},"product_brand":[],"product_cat":[412,413,415,414],"product_tag":[],"class_list":{"0":"post-135517","1":"product","2":"type-product","3":"status-publish","4":"has-post-thumbnail","6":"product_cat-florencia-es","7":"product_cat-florencia-actividades-es","8":"product_cat-florencia-rutas-turisticas-privadas-es","9":"product_cat-florencia-excursiones-es","11":"first","12":"instock","13":"shipping-taxable","14":"purchasable","15":"product-type-simple"},"acf":[],"yoast_head":"<!-- This site is optimized with the Yoast SEO Premium plugin v25.3.1 (Yoast SEO v25.3.1) - https:\/\/yoast.com\/wordpress\/plugins\/seo\/ -->\n<title>\u27a1\ufe0f Tour privado a Pisa desde Florencia con entradas a la Torre | Tour Travel &amp; More<\/title>\n<meta name=\"description\" content=\"Reserve ya este Tour privado a Pisa desde Florencia con entradas a la Torre, ser\u00e1 una experiencia que jam\u00e1s olvidaran usted y sus acompa\u00f1antes \u2705\" \/>\n<meta name=\"robots\" content=\"index, follow, max-snippet:-1, max-image-preview:large, max-video-preview:-1\" \/>\n<link rel=\"canonical\" href=\"https:\/\/tourtravelandmore.com\/es\/tours\/italia-es\/florencia-es\/tour-privado-a-pisa-desde-florencia-con-entradas-a-la-torre\/\" \/>\n<meta property=\"og:locale\" content=\"es_ES\" \/>\n<meta property=\"og:type\" content=\"article\" \/>\n<meta property=\"og:title\" content=\"Tour privado a Pisa desde Florencia con entradas a la Torre\" \/>\n<meta property=\"og:description\" content=\"Reserve ya este Tour privado a Pisa desde Florencia con entradas a la Torre, ser\u00e1 una experiencia que jam\u00e1s olvidaran usted y sus acompa\u00f1antes \u2705\" \/>\n<meta property=\"og:url\" content=\"https:\/\/tourtravelandmore.com\/es\/tours\/italia-es\/florencia-es\/tour-privado-a-pisa-desde-florencia-con-entradas-a-la-torre\/\" \/>\n<meta property=\"og:site_name\" content=\"Tour Travel And More\" \/>\n<meta property=\"article:publisher\" content=\"https:\/\/www.facebook.com\/tourtravelandmore\/\" \/>\n<meta property=\"article:modified_time\" content=\"2022-08-25T13:52:13+00:00\" \/>\n<meta property=\"og:image\" content=\"https:\/\/tourtravelandmore.com\/wp-content\/uploads\/2022\/08\/image4-4.jpg\" \/>\n\t<meta property=\"og:image:width\" content=\"900\" \/>\n\t<meta property=\"og:image:height\" content=\"750\" \/>\n\t<meta property=\"og:image:type\" content=\"image\/jpeg\" \/>\n<meta name=\"twitter:card\" content=\"summary_large_image\" \/>\n<meta name=\"twitter:site\" content=\"@TourTravel_More\" \/>\n<meta name=\"twitter:label1\" content=\"Tiempo de lectura\" \/>\n\t<meta name=\"twitter:data1\" content=\"4 minutos\" \/>\n<script type=\"application\/ld+json\" class=\"yoast-schema-graph\">{\"@context\":\"https:\/\/schema.org\",\"@graph\":[{\"@type\":\"WebPage\",\"@id\":\"https:\/\/tourtravelandmore.com\/es\/tours\/italia-es\/florencia-es\/tour-privado-a-pisa-desde-florencia-con-entradas-a-la-torre\/\",\"url\":\"https:\/\/tourtravelandmore.com\/es\/tours\/italia-es\/florencia-es\/tour-privado-a-pisa-desde-florencia-con-entradas-a-la-torre\/\",\"name\":\"\u27a1\ufe0f Tour privado a Pisa desde Florencia con entradas a la Torre | Tour Travel & More\",\"isPartOf\":{\"@id\":\"https:\/\/tourtravelandmore.com\/es\/#website\"},\"primaryImageOfPage\":{\"@id\":\"https:\/\/tourtravelandmore.com\/es\/tours\/italia-es\/florencia-es\/tour-privado-a-pisa-desde-florencia-con-entradas-a-la-torre\/#primaryimage\"},\"image\":{\"@id\":\"https:\/\/tourtravelandmore.com\/es\/tours\/italia-es\/florencia-es\/tour-privado-a-pisa-desde-florencia-con-entradas-a-la-torre\/#primaryimage\"},\"thumbnailUrl\":\"https:\/\/tourtravelandmore.com\/wp-content\/uploads\/2022\/08\/image4-4.jpg\",\"datePublished\":\"2022-08-25T13:45:31+00:00\",\"dateModified\":\"2022-08-25T13:52:13+00:00\",\"description\":\"Reserve ya este Tour privado a Pisa desde Florencia con entradas a la Torre, ser\u00e1 una experiencia que jam\u00e1s olvidaran usted y sus acompa\u00f1antes \u2705\",\"breadcrumb\":{\"@id\":\"https:\/\/tourtravelandmore.com\/es\/tours\/italia-es\/florencia-es\/tour-privado-a-pisa-desde-florencia-con-entradas-a-la-torre\/#breadcrumb\"},\"inLanguage\":\"es\",\"potentialAction\":[{\"@type\":\"ReadAction\",\"target\":[\"https:\/\/tourtravelandmore.com\/es\/tours\/italia-es\/florencia-es\/tour-privado-a-pisa-desde-florencia-con-entradas-a-la-torre\/\"]}]},{\"@type\":\"ImageObject\",\"inLanguage\":\"es\",\"@id\":\"https:\/\/tourtravelandmore.com\/es\/tours\/italia-es\/florencia-es\/tour-privado-a-pisa-desde-florencia-con-entradas-a-la-torre\/#primaryimage\",\"url\":\"https:\/\/tourtravelandmore.com\/wp-content\/uploads\/2022\/08\/image4-4.jpg\",\"contentUrl\":\"https:\/\/tourtravelandmore.com\/wp-content\/uploads\/2022\/08\/image4-4.jpg\",\"width\":900,\"height\":750},{\"@type\":\"BreadcrumbList\",\"@id\":\"https:\/\/tourtravelandmore.com\/es\/tours\/italia-es\/florencia-es\/tour-privado-a-pisa-desde-florencia-con-entradas-a-la-torre\/#breadcrumb\",\"itemListElement\":[{\"@type\":\"ListItem\",\"position\":1,\"name\":\"Home\",\"item\":\"https:\/\/tourtravelandmore.com\/es\/\"},{\"@type\":\"ListItem\",\"position\":2,\"name\":\"Tours\",\"item\":\"https:\/\/tourtravelandmore.com\/es\/tours\/\"},{\"@type\":\"ListItem\",\"position\":3,\"name\":\"Tour privado a Pisa desde Florencia con entradas a la Torre\"}]},{\"@type\":\"WebSite\",\"@id\":\"https:\/\/tourtravelandmore.com\/es\/#website\",\"url\":\"https:\/\/tourtravelandmore.com\/es\/\",\"name\":\"Tour Travel And More\",\"description\":\"Private sightseeing tours and luxury transfers in Spain\",\"publisher\":{\"@id\":\"https:\/\/tourtravelandmore.com\/es\/#organization\"},\"potentialAction\":[{\"@type\":\"SearchAction\",\"target\":{\"@type\":\"EntryPoint\",\"urlTemplate\":\"https:\/\/tourtravelandmore.com\/es\/?s={search_term_string}\"},\"query-input\":{\"@type\":\"PropertyValueSpecification\",\"valueRequired\":true,\"valueName\":\"search_term_string\"}}],\"inLanguage\":\"es\"},{\"@type\":\"Organization\",\"@id\":\"https:\/\/tourtravelandmore.com\/es\/#organization\",\"name\":\"Tour Travel And More\",\"url\":\"https:\/\/tourtravelandmore.com\/es\/\",\"logo\":{\"@type\":\"ImageObject\",\"inLanguage\":\"es\",\"@id\":\"https:\/\/tourtravelandmore.com\/es\/#\/schema\/logo\/image\/\",\"url\":\"https:\/\/tourtravelandmore.com\/wp-content\/uploads\/2022\/12\/cropped-logo-cabecera-new.png\",\"contentUrl\":\"https:\/\/tourtravelandmore.com\/wp-content\/uploads\/2022\/12\/cropped-logo-cabecera-new.png\",\"width\":430,\"height\":61,\"caption\":\"Tour Travel And More\"},\"image\":{\"@id\":\"https:\/\/tourtravelandmore.com\/es\/#\/schema\/logo\/image\/\"},\"sameAs\":[\"https:\/\/www.facebook.com\/tourtravelandmore\/\",\"https:\/\/x.com\/TourTravel_More\"]}]}<\/script>\n<!-- \/ Yoast SEO Premium plugin. -->","yoast_head_json":{"title":"\u27a1\ufe0f Tour privado a Pisa desde Florencia con entradas a la Torre | Tour Travel & More","description":"Reserve ya este Tour privado a Pisa desde Florencia con entradas a la Torre, ser\u00e1 una experiencia que jam\u00e1s olvidaran usted y sus acompa\u00f1antes \u2705","robots":{"index":"index","follow":"follow","max-snippet":"max-snippet:-1","max-image-preview":"max-image-preview:large","max-video-preview":"max-video-preview:-1"},"canonical":"https:\/\/tourtravelandmore.com\/es\/tours\/italia-es\/florencia-es\/tour-privado-a-pisa-desde-florencia-con-entradas-a-la-torre\/","og_locale":"es_ES","og_type":"article","og_title":"Tour privado a Pisa desde Florencia con entradas a la Torre","og_description":"Reserve ya este Tour privado a Pisa desde Florencia con entradas a la Torre, ser\u00e1 una experiencia que jam\u00e1s olvidaran usted y sus acompa\u00f1antes \u2705","og_url":"https:\/\/tourtravelandmore.com\/es\/tours\/italia-es\/florencia-es\/tour-privado-a-pisa-desde-florencia-con-entradas-a-la-torre\/","og_site_name":"Tour Travel And More","article_publisher":"https:\/\/www.facebook.com\/tourtravelandmore\/","article_modified_time":"2022-08-25T13:52:13+00:00","og_image":[{"width":900,"height":750,"url":"https:\/\/tourtravelandmore.com\/wp-content\/uploads\/2022\/08\/image4-4.jpg","type":"image\/jpeg"}],"twitter_card":"summary_large_image","twitter_site":"@TourTravel_More","twitter_misc":{"Tiempo de lectura":"4 minutos"},"schema":{"@context":"https:\/\/schema.org","@graph":[{"@type":"WebPage","@id":"https:\/\/tourtravelandmore.com\/es\/tours\/italia-es\/florencia-es\/tour-privado-a-pisa-desde-florencia-con-entradas-a-la-torre\/","url":"https:\/\/tourtravelandmore.com\/es\/tours\/italia-es\/florencia-es\/tour-privado-a-pisa-desde-florencia-con-entradas-a-la-torre\/","name":"\u27a1\ufe0f Tour privado a Pisa desde Florencia con entradas a la Torre | Tour Travel & More","isPartOf":{"@id":"https:\/\/tourtravelandmore.com\/es\/#website"},"primaryImageOfPage":{"@id":"https:\/\/tourtravelandmore.com\/es\/tours\/italia-es\/florencia-es\/tour-privado-a-pisa-desde-florencia-con-entradas-a-la-torre\/#primaryimage"},"image":{"@id":"https:\/\/tourtravelandmore.com\/es\/tours\/italia-es\/florencia-es\/tour-privado-a-pisa-desde-florencia-con-entradas-a-la-torre\/#primaryimage"},"thumbnailUrl":"https:\/\/tourtravelandmore.com\/wp-content\/uploads\/2022\/08\/image4-4.jpg","datePublished":"2022-08-25T13:45:31+00:00","dateModified":"2022-08-25T13:52:13+00:00","description":"Reserve ya este Tour privado a Pisa desde Florencia con entradas a la Torre, ser\u00e1 una experiencia que jam\u00e1s olvidaran usted y sus acompa\u00f1antes \u2705","breadcrumb":{"@id":"https:\/\/tourtravelandmore.com\/es\/tours\/italia-es\/florencia-es\/tour-privado-a-pisa-desde-florencia-con-entradas-a-la-torre\/#breadcrumb"},"inLanguage":"es","potentialAction":[{"@type":"ReadAction","target":["https:\/\/tourtravelandmore.com\/es\/tours\/italia-es\/florencia-es\/tour-privado-a-pisa-desde-florencia-con-entradas-a-la-torre\/"]}]},{"@type":"ImageObject","inLanguage":"es","@id":"https:\/\/tourtravelandmore.com\/es\/tours\/italia-es\/florencia-es\/tour-privado-a-pisa-desde-florencia-con-entradas-a-la-torre\/#primaryimage","url":"https:\/\/tourtravelandmore.com\/wp-content\/uploads\/2022\/08\/image4-4.jpg","contentUrl":"https:\/\/tourtravelandmore.com\/wp-content\/uploads\/2022\/08\/image4-4.jpg","width":900,"height":750},{"@type":"BreadcrumbList","@id":"https:\/\/tourtravelandmore.com\/es\/tours\/italia-es\/florencia-es\/tour-privado-a-pisa-desde-florencia-con-entradas-a-la-torre\/#breadcrumb","itemListElement":[{"@type":"ListItem","position":1,"name":"Home","item":"https:\/\/tourtravelandmore.com\/es\/"},{"@type":"ListItem","position":2,"name":"Tours","item":"https:\/\/tourtravelandmore.com\/es\/tours\/"},{"@type":"ListItem","position":3,"name":"Tour privado a Pisa desde Florencia con entradas a la Torre"}]},{"@type":"WebSite","@id":"https:\/\/tourtravelandmore.com\/es\/#website","url":"https:\/\/tourtravelandmore.com\/es\/","name":"Tour Travel And More","description":"Private sightseeing tours and luxury transfers in Spain","publisher":{"@id":"https:\/\/tourtravelandmore.com\/es\/#organization"},"potentialAction":[{"@type":"SearchAction","target":{"@type":"EntryPoint","urlTemplate":"https:\/\/tourtravelandmore.com\/es\/?s={search_term_string}"},"query-input":{"@type":"PropertyValueSpecification","valueRequired":true,"valueName":"search_term_string"}}],"inLanguage":"es"},{"@type":"Organization","@id":"https:\/\/tourtravelandmore.com\/es\/#organization","name":"Tour Travel And More","url":"https:\/\/tourtravelandmore.com\/es\/","logo":{"@type":"ImageObject","inLanguage":"es","@id":"https:\/\/tourtravelandmore.com\/es\/#\/schema\/logo\/image\/","url":"https:\/\/tourtravelandmore.com\/wp-content\/uploads\/2022\/12\/cropped-logo-cabecera-new.png","contentUrl":"https:\/\/tourtravelandmore.com\/wp-content\/uploads\/2022\/12\/cropped-logo-cabecera-new.png","width":430,"height":61,"caption":"Tour Travel And More"},"image":{"@id":"https:\/\/tourtravelandmore.com\/es\/#\/schema\/logo\/image\/"},"sameAs":["https:\/\/www.facebook.com\/tourtravelandmore\/","https:\/\/x.com\/TourTravel_More"]}]}},"_links":{"self":[{"href":"https:\/\/tourtravelandmore.com\/es\/wp-json\/wp\/v2\/product\/135517","targetHints":{"allow":["GET"]}}],"collection":[{"href":"https:\/\/tourtravelandmore.com\/es\/wp-json\/wp\/v2\/product"}],"about":[{"href":"https:\/\/tourtravelandmore.com\/es\/wp-json\/wp\/v2\/types\/product"}],"replies":[{"embeddable":true,"href":"https:\/\/tourtravelandmore.com\/es\/wp-json\/wp\/v2\/comments?post=135517"}],"wp:featuredmedia":[{"embeddable":true,"href":"https:\/\/tourtravelandmore.com\/es\/wp-json\/wp\/v2\/media\/135542"}],"wp:attachment":[{"href":"https:\/\/tourtravelandmore.com\/es\/wp-json\/wp\/v2\/media?parent=135517"}],"wp:term":[{"taxonomy":"product_brand","embeddable":true,"href":"https:\/\/tourtravelandmore.com\/es\/wp-json\/wp\/v2\/product_brand?post=135517"},{"taxonomy":"product_cat","embeddable":true,"href":"https:\/\/tourtravelandmore.com\/es\/wp-json\/wp\/v2\/product_cat?post=135517"},{"taxonomy":"product_tag","embeddable":true,"href":"https:\/\/tourtravelandmore.com\/es\/wp-json\/wp\/v2\/product_tag?post=135517"}],"curies":[{"name":"wp","href":"https:\/\/api.w.org\/{rel}","templated":true}]}}