{"id":135490,"date":"2022-08-25T15:33:16","date_gmt":"2022-08-25T13:33:17","guid":{"rendered":"https:\/\/tourtravelandmore.com\/?post_type=product&#038;p=135490"},"modified":"2023-12-04T15:23:31","modified_gmt":"2023-12-04T14:23:31","slug":"tour-privado-a-venecia-desde-florencia","status":"publish","type":"product","link":"https:\/\/tourtravelandmore.com\/es\/tours\/italia-es\/florencia-es\/tour-privado-a-venecia-desde-florencia\/","title":{"rendered":"Tour privado a Venecia desde Florencia"},"content":{"rendered":"<h2><b>Descripci\u00f3n del Tour Privado a Venecia desde Florencia<\/b><\/h2>\n<p><span style=\"font-weight: 400;\">El Tour Privado a Venecia desde Florencia es un tour que le llevar\u00e1 a los lugares m\u00e1s bellos de este sitio en Italia. Es un recorrido privado que har\u00e1 que su experiencia sea m\u00e1s memorable y agradable.<\/span><\/p>\n<p><span style=\"font-weight: 400;\">Subir las escaleras de la Piazzetta San Marco y ver la Bas\u00edlica de San Marco frente a usted es una experiencia inolvidable. Tambi\u00e9n visitar\u00e1 otras atracciones como el Palacio Ducal, el Campanile di San Marco, el Teatro La Fenice y el Museo de Arte Moderno Palazzo Grassi.<\/span><\/p>\n<p><span style=\"font-weight: 400;\">El tour privado comienza recogi\u00e9ndole en su sitio de alojamiento o punto de elecci\u00f3n en Florencia, para posteriormente en su veh\u00edculo con chofer privado lo llevaremos a Venecia, una de las ciudades m\u00e1s rom\u00e1nticas de todo el mundo.<\/span><\/p>\n<p><span style=\"font-weight: 400;\">Por favor, recuerde que este tour privado es 100 % personalizable, si requiere visitar otros sitios, o m\u00e1s tiempo o entras para alg\u00fan punto de inter\u00e9s, h\u00e1ganlo saber.<\/span><\/p>\n<h2><b>Puntos de inter\u00e9s en el tour privado a Venecia desde Florencia<\/b><\/h2>\n<p><span style=\"font-weight: 400;\">Una vez comenzado su viaje, su conductor privado en su veh\u00edculo de lujo le llevar\u00e1 a Venecia, para una vez ah\u00ed recorrer los puntos m\u00e1s emblem\u00e1ticos que est\u00e1n obligados en esta visita.<\/span><\/p>\n<p><span style=\"font-weight: 400;\">A continuaci\u00f3n le explicamos que lugares veremos y por qu\u00e9 est\u00e1n llenos de historia y popularidad por millones de turistas cada a\u00f1o:<\/span><\/p>\n<p><span style=\"font-weight: 400;\">La <strong>Plaza<\/strong> de <strong>San Marcos<\/strong> es la plaza m\u00e1s famosa de Venecia. Se encuentra frente a la Bas\u00edlica de San Marco, que fue construida en honor a San Marcos, el santo patr\u00f3n y protector de Venecia. La plaza se ha utilizado como lugar de reuni\u00f3n de los venecianos a lo largo de la historia.<\/span><\/p>\n<p><span style=\"font-weight: 400;\">La <strong>bas\u00edlica<\/strong> es famosa porque es la iglesia m\u00e1s importante de Venecia. Tambi\u00e9n es una de las iglesias cristianas m\u00e1s relevantes del mundo.<\/span><\/p>\n<p><span style=\"font-weight: 400;\">La <strong>bas\u00edlica<\/strong> fue fundada por el dux Pietro Orseolo II. La construcci\u00f3n de esta bas\u00edlica se inici\u00f3 en el a\u00f1o 1063 y finaliz\u00f3 en 1106.<\/span><\/p>\n<p><span style=\"font-weight: 400;\">El <strong>Palacio Ducal<\/strong> es un edificio emblem\u00e1tico de Venecia, Italia. Fue construido en el siglo XV y sirvi\u00f3 como residencia del dux, que era el jefe de Estado de Venecia.<\/span><\/p>\n<p><span style=\"font-weight: 400;\">El <strong>palacio<\/strong> lleva el nombre del dux Marino Faliero, quien fue ejecutado por intentar derrocar a la Rep\u00fablica de Venecia. Es una mezcla de estilos arquitect\u00f3nicos g\u00f3tico y bizantino con algunos elementos renacentistas. El palacio ha sido utilizado como escenario en varias pel\u00edculas como &#8220;Laguna Blu&#8221; (1954) y &#8220;Misi\u00f3n Imposible: Protocolo Fantasma&#8221; (2011).<\/span><\/p>\n<p><span style=\"font-weight: 400;\">El <strong>Puente<\/strong> de <strong>Rialto<\/strong> es el m\u00e1s antiguo de los cuatro puentes que cruzan el Gran Canal de Venecia, Italia. Conecta el centro hist\u00f3rico de Venecia con sus barrios este y oeste. El Puente de Rialto fue el primer puente que se construy\u00f3 sobre el Gran Canal y se inaugur\u00f3 el 11 de marzo de 1591 y es famoso porque es uno de los puentes m\u00e1s antiguos de Venecia y conecta dos partes de la ciudad.<\/span><\/p>\n<p><span style=\"font-weight: 400;\">El <strong>Gran Canal<\/strong> atraviesa el centro de Venecia. Ha sido una caracter\u00edstica importante de la ciudad desde su creaci\u00f3n en el siglo VI. Se construy\u00f3 como una forma de transportar mercanc\u00edas de un extremo a otro de la ciudad. El canal en s\u00ed no es muy ancho; tiene solo unos 30 pies de ancho y 3 metros de profundidad. Pero es muy largo y tiene muchos puentes que conectan los distritos de Venecia. El Gran Canal es famoso por su belleza e historia, as\u00ed como por ser una parte relevante de la infraestructura de Venecia.<\/span><\/p>\n<p><span style=\"font-weight: 400;\">Al finalizar este recorrido privado, su chofer le llevar\u00e1 a su punto de recogida en Florencia para que pueda seguir disfrutando de esta hermosa ciudad por su cuenta.<\/span><\/p>\n<p><b>Si desea conocer Florencia de una manera privada y de lujo, no dude en revisar nuestro<\/b><a href=\"https:\/\/tourtravelandmore.com\/es\/ciudad\/italia-es\/florencia-es\/\"><b> listado de tours privados en Florencia.<\/b><\/a><\/p>\n","protected":false},"excerpt":{"rendered":"<p><b>\u00a0<\/b><span style=\"font-weight: 400;\">El Tour privado a Venecia desde Florencia te llevar\u00e1 en un viaje con un gu\u00eda de 3 horas por las partes m\u00e1s pintorescas y hermosas de la Toscana. Te acompa\u00f1ar\u00e1 un gu\u00eda profesional y experimentado que se asegurar\u00e1 de que tu recorrido sea inolvidable.<\/span><\/p>\n","protected":false},"featured_media":135506,"comment_status":"open","ping_status":"closed","template":"","meta":{"_acf_changed":false},"product_brand":[],"product_cat":[412,413,415,414],"product_tag":[],"class_list":{"0":"post-135490","1":"product","2":"type-product","3":"status-publish","4":"has-post-thumbnail","6":"product_cat-florencia-es","7":"product_cat-florencia-actividades-es","8":"product_cat-florencia-rutas-turisticas-privadas-es","9":"product_cat-florencia-excursiones-es","11":"first","12":"instock","13":"shipping-taxable","14":"purchasable","15":"product-type-simple"},"acf":[],"yoast_head":"<!-- This site is optimized with the Yoast SEO Premium plugin v25.3.1 (Yoast SEO v25.3.1) - https:\/\/yoast.com\/wordpress\/plugins\/seo\/ -->\n<title>\u27a1\ufe0f Tour privado a Venecia desde Florencia | Tour Travel &amp; More<\/title>\n<meta name=\"description\" content=\"Reserve ya est\u00e1 Tour privado a Venecia desde Florencia, ser\u00e1 una experiencia de lujo y por supuesto inolvidable \u2705\" \/>\n<meta name=\"robots\" content=\"index, follow, max-snippet:-1, max-image-preview:large, max-video-preview:-1\" \/>\n<link rel=\"canonical\" href=\"https:\/\/tourtravelandmore.com\/es\/tours\/italia-es\/florencia-es\/tour-privado-a-venecia-desde-florencia\/\" \/>\n<meta property=\"og:locale\" content=\"es_ES\" \/>\n<meta property=\"og:type\" content=\"article\" \/>\n<meta property=\"og:title\" content=\"Tour privado a Venecia desde Florencia\" \/>\n<meta property=\"og:description\" content=\"Reserve ya est\u00e1 Tour privado a Venecia desde Florencia, ser\u00e1 una experiencia de lujo y por supuesto inolvidable \u2705\" \/>\n<meta property=\"og:url\" content=\"https:\/\/tourtravelandmore.com\/es\/tours\/italia-es\/florencia-es\/tour-privado-a-venecia-desde-florencia\/\" \/>\n<meta property=\"og:site_name\" content=\"Tour Travel And More\" \/>\n<meta property=\"article:publisher\" content=\"https:\/\/www.facebook.com\/tourtravelandmore\/\" \/>\n<meta property=\"article:modified_time\" content=\"2023-12-04T14:23:31+00:00\" \/>\n<meta property=\"og:image\" content=\"https:\/\/tourtravelandmore.com\/wp-content\/uploads\/2022\/08\/image1-4.jpg\" \/>\n\t<meta property=\"og:image:width\" content=\"900\" \/>\n\t<meta property=\"og:image:height\" content=\"750\" \/>\n\t<meta property=\"og:image:type\" content=\"image\/jpeg\" \/>\n<meta name=\"twitter:card\" content=\"summary_large_image\" \/>\n<meta name=\"twitter:site\" content=\"@TourTravel_More\" \/>\n<meta name=\"twitter:label1\" content=\"Tiempo de lectura\" \/>\n\t<meta name=\"twitter:data1\" content=\"3 minutos\" \/>\n<script type=\"application\/ld+json\" class=\"yoast-schema-graph\">{\"@context\":\"https:\/\/schema.org\",\"@graph\":[{\"@type\":\"WebPage\",\"@id\":\"https:\/\/tourtravelandmore.com\/es\/tours\/italia-es\/florencia-es\/tour-privado-a-venecia-desde-florencia\/\",\"url\":\"https:\/\/tourtravelandmore.com\/es\/tours\/italia-es\/florencia-es\/tour-privado-a-venecia-desde-florencia\/\",\"name\":\"\u27a1\ufe0f Tour privado a Venecia desde Florencia | Tour Travel & More\",\"isPartOf\":{\"@id\":\"https:\/\/tourtravelandmore.com\/es\/#website\"},\"primaryImageOfPage\":{\"@id\":\"https:\/\/tourtravelandmore.com\/es\/tours\/italia-es\/florencia-es\/tour-privado-a-venecia-desde-florencia\/#primaryimage\"},\"image\":{\"@id\":\"https:\/\/tourtravelandmore.com\/es\/tours\/italia-es\/florencia-es\/tour-privado-a-venecia-desde-florencia\/#primaryimage\"},\"thumbnailUrl\":\"https:\/\/tourtravelandmore.com\/wp-content\/uploads\/2022\/08\/image1-4.jpg\",\"datePublished\":\"2022-08-25T13:33:17+00:00\",\"dateModified\":\"2023-12-04T14:23:31+00:00\",\"description\":\"Reserve ya est\u00e1 Tour privado a Venecia desde Florencia, ser\u00e1 una experiencia de lujo y por supuesto inolvidable \u2705\",\"breadcrumb\":{\"@id\":\"https:\/\/tourtravelandmore.com\/es\/tours\/italia-es\/florencia-es\/tour-privado-a-venecia-desde-florencia\/#breadcrumb\"},\"inLanguage\":\"es\",\"potentialAction\":[{\"@type\":\"ReadAction\",\"target\":[\"https:\/\/tourtravelandmore.com\/es\/tours\/italia-es\/florencia-es\/tour-privado-a-venecia-desde-florencia\/\"]}]},{\"@type\":\"ImageObject\",\"inLanguage\":\"es\",\"@id\":\"https:\/\/tourtravelandmore.com\/es\/tours\/italia-es\/florencia-es\/tour-privado-a-venecia-desde-florencia\/#primaryimage\",\"url\":\"https:\/\/tourtravelandmore.com\/wp-content\/uploads\/2022\/08\/image1-4.jpg\",\"contentUrl\":\"https:\/\/tourtravelandmore.com\/wp-content\/uploads\/2022\/08\/image1-4.jpg\",\"width\":900,\"height\":750},{\"@type\":\"BreadcrumbList\",\"@id\":\"https:\/\/tourtravelandmore.com\/es\/tours\/italia-es\/florencia-es\/tour-privado-a-venecia-desde-florencia\/#breadcrumb\",\"itemListElement\":[{\"@type\":\"ListItem\",\"position\":1,\"name\":\"Home\",\"item\":\"https:\/\/tourtravelandmore.com\/es\/\"},{\"@type\":\"ListItem\",\"position\":2,\"name\":\"Tours\",\"item\":\"https:\/\/tourtravelandmore.com\/es\/tours\/\"},{\"@type\":\"ListItem\",\"position\":3,\"name\":\"Tour privado a Venecia desde Florencia\"}]},{\"@type\":\"WebSite\",\"@id\":\"https:\/\/tourtravelandmore.com\/es\/#website\",\"url\":\"https:\/\/tourtravelandmore.com\/es\/\",\"name\":\"Tour Travel And More\",\"description\":\"Private sightseeing tours and luxury transfers in Spain\",\"publisher\":{\"@id\":\"https:\/\/tourtravelandmore.com\/es\/#organization\"},\"potentialAction\":[{\"@type\":\"SearchAction\",\"target\":{\"@type\":\"EntryPoint\",\"urlTemplate\":\"https:\/\/tourtravelandmore.com\/es\/?s={search_term_string}\"},\"query-input\":{\"@type\":\"PropertyValueSpecification\",\"valueRequired\":true,\"valueName\":\"search_term_string\"}}],\"inLanguage\":\"es\"},{\"@type\":\"Organization\",\"@id\":\"https:\/\/tourtravelandmore.com\/es\/#organization\",\"name\":\"Tour Travel And More\",\"url\":\"https:\/\/tourtravelandmore.com\/es\/\",\"logo\":{\"@type\":\"ImageObject\",\"inLanguage\":\"es\",\"@id\":\"https:\/\/tourtravelandmore.com\/es\/#\/schema\/logo\/image\/\",\"url\":\"https:\/\/tourtravelandmore.com\/wp-content\/uploads\/2022\/12\/cropped-logo-cabecera-new.png\",\"contentUrl\":\"https:\/\/tourtravelandmore.com\/wp-content\/uploads\/2022\/12\/cropped-logo-cabecera-new.png\",\"width\":430,\"height\":61,\"caption\":\"Tour Travel And More\"},\"image\":{\"@id\":\"https:\/\/tourtravelandmore.com\/es\/#\/schema\/logo\/image\/\"},\"sameAs\":[\"https:\/\/www.facebook.com\/tourtravelandmore\/\",\"https:\/\/x.com\/TourTravel_More\"]}]}<\/script>\n<!-- \/ Yoast SEO Premium plugin. -->","yoast_head_json":{"title":"\u27a1\ufe0f Tour privado a Venecia desde Florencia | Tour Travel & More","description":"Reserve ya est\u00e1 Tour privado a Venecia desde Florencia, ser\u00e1 una experiencia de lujo y por supuesto inolvidable \u2705","robots":{"index":"index","follow":"follow","max-snippet":"max-snippet:-1","max-image-preview":"max-image-preview:large","max-video-preview":"max-video-preview:-1"},"canonical":"https:\/\/tourtravelandmore.com\/es\/tours\/italia-es\/florencia-es\/tour-privado-a-venecia-desde-florencia\/","og_locale":"es_ES","og_type":"article","og_title":"Tour privado a Venecia desde Florencia","og_description":"Reserve ya est\u00e1 Tour privado a Venecia desde Florencia, ser\u00e1 una experiencia de lujo y por supuesto inolvidable \u2705","og_url":"https:\/\/tourtravelandmore.com\/es\/tours\/italia-es\/florencia-es\/tour-privado-a-venecia-desde-florencia\/","og_site_name":"Tour Travel And More","article_publisher":"https:\/\/www.facebook.com\/tourtravelandmore\/","article_modified_time":"2023-12-04T14:23:31+00:00","og_image":[{"width":900,"height":750,"url":"https:\/\/tourtravelandmore.com\/wp-content\/uploads\/2022\/08\/image1-4.jpg","type":"image\/jpeg"}],"twitter_card":"summary_large_image","twitter_site":"@TourTravel_More","twitter_misc":{"Tiempo de lectura":"3 minutos"},"schema":{"@context":"https:\/\/schema.org","@graph":[{"@type":"WebPage","@id":"https:\/\/tourtravelandmore.com\/es\/tours\/italia-es\/florencia-es\/tour-privado-a-venecia-desde-florencia\/","url":"https:\/\/tourtravelandmore.com\/es\/tours\/italia-es\/florencia-es\/tour-privado-a-venecia-desde-florencia\/","name":"\u27a1\ufe0f Tour privado a Venecia desde Florencia | Tour Travel & More","isPartOf":{"@id":"https:\/\/tourtravelandmore.com\/es\/#website"},"primaryImageOfPage":{"@id":"https:\/\/tourtravelandmore.com\/es\/tours\/italia-es\/florencia-es\/tour-privado-a-venecia-desde-florencia\/#primaryimage"},"image":{"@id":"https:\/\/tourtravelandmore.com\/es\/tours\/italia-es\/florencia-es\/tour-privado-a-venecia-desde-florencia\/#primaryimage"},"thumbnailUrl":"https:\/\/tourtravelandmore.com\/wp-content\/uploads\/2022\/08\/image1-4.jpg","datePublished":"2022-08-25T13:33:17+00:00","dateModified":"2023-12-04T14:23:31+00:00","description":"Reserve ya est\u00e1 Tour privado a Venecia desde Florencia, ser\u00e1 una experiencia de lujo y por supuesto inolvidable \u2705","breadcrumb":{"@id":"https:\/\/tourtravelandmore.com\/es\/tours\/italia-es\/florencia-es\/tour-privado-a-venecia-desde-florencia\/#breadcrumb"},"inLanguage":"es","potentialAction":[{"@type":"ReadAction","target":["https:\/\/tourtravelandmore.com\/es\/tours\/italia-es\/florencia-es\/tour-privado-a-venecia-desde-florencia\/"]}]},{"@type":"ImageObject","inLanguage":"es","@id":"https:\/\/tourtravelandmore.com\/es\/tours\/italia-es\/florencia-es\/tour-privado-a-venecia-desde-florencia\/#primaryimage","url":"https:\/\/tourtravelandmore.com\/wp-content\/uploads\/2022\/08\/image1-4.jpg","contentUrl":"https:\/\/tourtravelandmore.com\/wp-content\/uploads\/2022\/08\/image1-4.jpg","width":900,"height":750},{"@type":"BreadcrumbList","@id":"https:\/\/tourtravelandmore.com\/es\/tours\/italia-es\/florencia-es\/tour-privado-a-venecia-desde-florencia\/#breadcrumb","itemListElement":[{"@type":"ListItem","position":1,"name":"Home","item":"https:\/\/tourtravelandmore.com\/es\/"},{"@type":"ListItem","position":2,"name":"Tours","item":"https:\/\/tourtravelandmore.com\/es\/tours\/"},{"@type":"ListItem","position":3,"name":"Tour privado a Venecia desde Florencia"}]},{"@type":"WebSite","@id":"https:\/\/tourtravelandmore.com\/es\/#website","url":"https:\/\/tourtravelandmore.com\/es\/","name":"Tour Travel And More","description":"Private sightseeing tours and luxury transfers in Spain","publisher":{"@id":"https:\/\/tourtravelandmore.com\/es\/#organization"},"potentialAction":[{"@type":"SearchAction","target":{"@type":"EntryPoint","urlTemplate":"https:\/\/tourtravelandmore.com\/es\/?s={search_term_string}"},"query-input":{"@type":"PropertyValueSpecification","valueRequired":true,"valueName":"search_term_string"}}],"inLanguage":"es"},{"@type":"Organization","@id":"https:\/\/tourtravelandmore.com\/es\/#organization","name":"Tour Travel And More","url":"https:\/\/tourtravelandmore.com\/es\/","logo":{"@type":"ImageObject","inLanguage":"es","@id":"https:\/\/tourtravelandmore.com\/es\/#\/schema\/logo\/image\/","url":"https:\/\/tourtravelandmore.com\/wp-content\/uploads\/2022\/12\/cropped-logo-cabecera-new.png","contentUrl":"https:\/\/tourtravelandmore.com\/wp-content\/uploads\/2022\/12\/cropped-logo-cabecera-new.png","width":430,"height":61,"caption":"Tour Travel And More"},"image":{"@id":"https:\/\/tourtravelandmore.com\/es\/#\/schema\/logo\/image\/"},"sameAs":["https:\/\/www.facebook.com\/tourtravelandmore\/","https:\/\/x.com\/TourTravel_More"]}]}},"_links":{"self":[{"href":"https:\/\/tourtravelandmore.com\/es\/wp-json\/wp\/v2\/product\/135490","targetHints":{"allow":["GET"]}}],"collection":[{"href":"https:\/\/tourtravelandmore.com\/es\/wp-json\/wp\/v2\/product"}],"about":[{"href":"https:\/\/tourtravelandmore.com\/es\/wp-json\/wp\/v2\/types\/product"}],"replies":[{"embeddable":true,"href":"https:\/\/tourtravelandmore.com\/es\/wp-json\/wp\/v2\/comments?post=135490"}],"wp:featuredmedia":[{"embeddable":true,"href":"https:\/\/tourtravelandmore.com\/es\/wp-json\/wp\/v2\/media\/135506"}],"wp:attachment":[{"href":"https:\/\/tourtravelandmore.com\/es\/wp-json\/wp\/v2\/media?parent=135490"}],"wp:term":[{"taxonomy":"product_brand","embeddable":true,"href":"https:\/\/tourtravelandmore.com\/es\/wp-json\/wp\/v2\/product_brand?post=135490"},{"taxonomy":"product_cat","embeddable":true,"href":"https:\/\/tourtravelandmore.com\/es\/wp-json\/wp\/v2\/product_cat?post=135490"},{"taxonomy":"product_tag","embeddable":true,"href":"https:\/\/tourtravelandmore.com\/es\/wp-json\/wp\/v2\/product_tag?post=135490"}],"curies":[{"name":"wp","href":"https:\/\/api.w.org\/{rel}","templated":true}]}}