{"id":135463,"date":"2022-08-25T15:20:25","date_gmt":"2022-08-25T13:20:25","guid":{"rendered":"https:\/\/tourtravelandmore.com\/?post_type=product&#038;p=135463"},"modified":"2022-08-25T15:28:08","modified_gmt":"2022-08-25T13:28:08","slug":"tour-privado-por-florencia-de-dia-completo","status":"publish","type":"product","link":"https:\/\/tourtravelandmore.com\/es\/tours\/italia-es\/florencia-es\/tour-privado-por-florencia-de-dia-completo\/","title":{"rendered":"Tour privado por Florencia de d\u00eda completo"},"content":{"rendered":"<h2><b>Descripci\u00f3n del Tour privado por Florencia de d\u00eda completo<\/b><\/h2>\n<p><span style=\"font-weight: 400;\">Un tour privado de Florencia es una excelente manera de explorar esta hermosa ciudad en Italia. Nuestro recorrido de 8 horas lo llevar\u00e1 a trav\u00e9s de los sitios y atracciones m\u00e1s importantes de esta hermosa ciudad Italiana. Tambi\u00e9n podr\u00e1 ver algunas de las joyas ocultas que los turistas suelen perderse.<\/span><\/p>\n<p><span style=\"font-weight: 400;\">El tour privado es perfecto para cualquiera que quiera explorar Florencia por su cuenta, pero no quiere sentirse solo. Esta experiencia privada de d\u00eda completo, incluye un gu\u00eda experto que se asegurar\u00e1 de que aproveche al m\u00e1ximo su tiempo en Florencia.<\/span><\/p>\n<p><span style=\"font-weight: 400;\">Esta experiencia personalizada comenzar\u00e1 reuni\u00e9ndose con su chofer y gu\u00eda experto en su lugar de alojamiento o punto de elecci\u00f3n en Florencia, dando as\u00ed comienzo a esta maravillosa aventura.<\/span><\/p>\n<h2><b>Puntos de inter\u00e9s en el Tour privado por Florencia de d\u00eda completo<\/b><\/h2>\n<p><span style=\"font-weight: 400;\">Esta experiencia es una introducci\u00f3n perfecta a Florencia. Incluye los aspectos m\u00e1s destacados de esta incre\u00edble ciudad. Este recorrido lo llevar\u00e1 a los sitios m\u00e1s importantes de la ciudad y le brindar\u00e1 una mejor comprensi\u00f3n de su historia, cultura y estilo de vida.<\/span><\/p>\n<p><span style=\"font-weight: 400;\">El tour privado de d\u00eda completo incluye una visita a los puntos imperdibles de esta ciudad como lo son:\u00a0<\/span><\/p>\n<h3><b>Visita guiada por la Academia<\/b><\/h3>\n<p><span style=\"font-weight: 400;\">Las obras m\u00e1s famosas de Miguel \u00c1ngel Buonarroti, San Mateo o Paletina, se exhiben en la Galer\u00eda de la Academia.<\/span><\/p>\n<p><span style=\"font-weight: 400;\">La exposici\u00f3n comienza con una visita guiada a la Galer\u00eda de la Academia, que incluye las obras m\u00e1s famosas de Michel Angelo Buonarroti.<\/span><\/p>\n<p><span style=\"font-weight: 400;\">La Galer\u00eda de la Academia se encuentra en una hermosa villa a orillas del r\u00edo Arno. Es uno de los museos m\u00e1s antiguos de Florencia y alberga las obras m\u00e1s famosas de Miguel \u00c1ngel Buonarroti: San Mateo o Paletina y sus esclavos inacabados.<\/span><\/p>\n<h3><b>Visita guiada por la Galer\u00eda Uffizi<\/b><\/h3>\n<p><span style=\"font-weight: 400;\">En la Gleria Uffizi no se puede perder el Nacimiento de Venus que es una de las pinturas m\u00e1s famosas del mundo. Fue pintado por el artista renacentista italiano Sandro Botticelli y representa el nacimiento de Venus, la diosa del amor, que emergi\u00f3 de una concha. La anunciaci\u00f3n de Leonardo da Vinci es otra obra maestra que no puede permitirse no visitar, entre otras muchas m\u00e1s.<\/span><\/p>\n<h3><b>Visita guiada por el Palazzo Vecchio<\/b><\/h3>\n<p><span style=\"font-weight: 400;\">El Palazzo Vecchio es un edificio en Florencia que se construy\u00f3 por primera vez <\/span><b>entre 1299 y 1314. <\/b><span style=\"font-weight: 400;\">Originalmente, fue la sede del Gran Ducado de Toscana y luego, en 1574, se convirti\u00f3 en la sede del gobierno de la ciudad.<\/span><\/p>\n<p><span style=\"font-weight: 400;\">El Palazzo Vecchio est\u00e1 abierto a los visitantes todos los d\u00edas y ofrece una visita guiada para aquellos que est\u00e9n interesados. El recorrido comienza en el piso superior y contin\u00faa hasta la planta baja, donde hay una exposici\u00f3n sobre c\u00f3mo ha cambiado la pol\u00edtica florentina a lo largo del tiempo.<\/span><\/p>\n<h3><b>Tour de los M\u00e9dici por Florencia<\/b><\/h3>\n<p><span style=\"font-weight: 400;\">El Tour Medici de Florencia es un recorrido que le lleva a los lugares m\u00e1s hermosos y significativos de la ciudad.<\/span><\/p>\n<p><span style=\"font-weight: 400;\">En este recorrido, ver\u00e1 algunos de los monumentos m\u00e1s importantes de Florencia, como la Piazza della Signoria, la Bas\u00edlica de Santa Croce y m\u00e1s. Tambi\u00e9n aprender\u00e1 sobre la historia de estos edificios y disfrutar\u00e1 de una vista panor\u00e1mica de la ciudad.<\/span><\/p>\n<p><span style=\"font-weight: 400;\">Al finalizar el recorrido, su chofer y veh\u00edculo privado le llevar\u00e1n de regreso a su sitio de partida para que pueda seguir disfrutando de este hermoso destino por su propia cuenta.<\/span><\/p>\n<p><b>Tour Travel &amp; More<\/b><span style=\"font-weight: 400;\"> ofrece varios <\/span><a href=\"https:\/\/tourtravelandmore.com\/es\/ciudad\/italia-es\/florencia-es\/\"><span style=\"font-weight: 400;\">recorridos diferentes por Florencia y sus alrededores, <\/span><\/a><span style=\"font-weight: 400;\">todos con un gu\u00eda experto que puede adaptar su experiencia a sus necesidades.<\/span><\/p>\n","protected":false},"excerpt":{"rendered":"<p><span style=\"font-weight: 400;\">Explore los muchos tesoros escondidos de Florencia con un tour privado de un d\u00eda completo. Su gu\u00eda le llevar\u00e1 a los lugares m\u00e1s emblem\u00e1ticos de Florencia, como el Duomo y el Ponte Vecchio. Tambi\u00e9n tendr\u00e1 tiempo para visitar la famosa galeria de la Academia.<\/span><\/p>\n","protected":false},"featured_media":135479,"comment_status":"open","ping_status":"closed","template":"","meta":{"_acf_changed":false},"product_brand":[],"product_cat":[412,413,415,414],"product_tag":[],"class_list":{"0":"post-135463","1":"product","2":"type-product","3":"status-publish","4":"has-post-thumbnail","6":"product_cat-florencia-es","7":"product_cat-florencia-actividades-es","8":"product_cat-florencia-rutas-turisticas-privadas-es","9":"product_cat-florencia-excursiones-es","11":"first","12":"instock","13":"shipping-taxable","14":"purchasable","15":"product-type-simple"},"acf":[],"yoast_head":"<!-- This site is optimized with the Yoast SEO Premium plugin v25.3.1 (Yoast SEO v25.3.1) - https:\/\/yoast.com\/wordpress\/plugins\/seo\/ -->\n<title>\u27a1\ufe0f Tour privado por Florencia de d\u00eda completo | Tour Travel &amp; More<\/title>\n<meta name=\"description\" content=\"Tour privado por Florencia de d\u00eda completo | Tour Travel &amp; More ofrece varios recorridos diferentes por Florencia y sus alrededores | Reserve ya! \u2705\" \/>\n<meta name=\"robots\" content=\"index, follow, max-snippet:-1, max-image-preview:large, max-video-preview:-1\" \/>\n<link rel=\"canonical\" href=\"https:\/\/tourtravelandmore.com\/es\/tours\/italia-es\/florencia-es\/tour-privado-por-florencia-de-dia-completo\/\" \/>\n<meta property=\"og:locale\" content=\"es_ES\" \/>\n<meta property=\"og:type\" content=\"article\" \/>\n<meta property=\"og:title\" content=\"Tour privado por Florencia de d\u00eda completo\" \/>\n<meta property=\"og:description\" content=\"Tour privado por Florencia de d\u00eda completo | Tour Travel &amp; More ofrece varios recorridos diferentes por Florencia y sus alrededores | Reserve ya! \u2705\" \/>\n<meta property=\"og:url\" content=\"https:\/\/tourtravelandmore.com\/es\/tours\/italia-es\/florencia-es\/tour-privado-por-florencia-de-dia-completo\/\" \/>\n<meta property=\"og:site_name\" content=\"Tour Travel And More\" \/>\n<meta property=\"article:publisher\" content=\"https:\/\/www.facebook.com\/tourtravelandmore\/\" \/>\n<meta property=\"article:modified_time\" content=\"2022-08-25T13:28:08+00:00\" \/>\n<meta property=\"og:image\" content=\"https:\/\/tourtravelandmore.com\/wp-content\/uploads\/2022\/08\/image1-3.jpg\" \/>\n\t<meta property=\"og:image:width\" content=\"900\" \/>\n\t<meta property=\"og:image:height\" content=\"750\" \/>\n\t<meta property=\"og:image:type\" content=\"image\/jpeg\" \/>\n<meta name=\"twitter:card\" content=\"summary_large_image\" \/>\n<meta name=\"twitter:site\" content=\"@TourTravel_More\" \/>\n<meta name=\"twitter:label1\" content=\"Tiempo de lectura\" \/>\n\t<meta name=\"twitter:data1\" content=\"3 minutos\" \/>\n<script type=\"application\/ld+json\" class=\"yoast-schema-graph\">{\"@context\":\"https:\/\/schema.org\",\"@graph\":[{\"@type\":\"WebPage\",\"@id\":\"https:\/\/tourtravelandmore.com\/es\/tours\/italia-es\/florencia-es\/tour-privado-por-florencia-de-dia-completo\/\",\"url\":\"https:\/\/tourtravelandmore.com\/es\/tours\/italia-es\/florencia-es\/tour-privado-por-florencia-de-dia-completo\/\",\"name\":\"\u27a1\ufe0f Tour privado por Florencia de d\u00eda completo | Tour Travel & More\",\"isPartOf\":{\"@id\":\"https:\/\/tourtravelandmore.com\/es\/#website\"},\"primaryImageOfPage\":{\"@id\":\"https:\/\/tourtravelandmore.com\/es\/tours\/italia-es\/florencia-es\/tour-privado-por-florencia-de-dia-completo\/#primaryimage\"},\"image\":{\"@id\":\"https:\/\/tourtravelandmore.com\/es\/tours\/italia-es\/florencia-es\/tour-privado-por-florencia-de-dia-completo\/#primaryimage\"},\"thumbnailUrl\":\"https:\/\/tourtravelandmore.com\/wp-content\/uploads\/2022\/08\/image1-3.jpg\",\"datePublished\":\"2022-08-25T13:20:25+00:00\",\"dateModified\":\"2022-08-25T13:28:08+00:00\",\"description\":\"Tour privado por Florencia de d\u00eda completo | Tour Travel & More ofrece varios recorridos diferentes por Florencia y sus alrededores | Reserve ya! \u2705\",\"breadcrumb\":{\"@id\":\"https:\/\/tourtravelandmore.com\/es\/tours\/italia-es\/florencia-es\/tour-privado-por-florencia-de-dia-completo\/#breadcrumb\"},\"inLanguage\":\"es\",\"potentialAction\":[{\"@type\":\"ReadAction\",\"target\":[\"https:\/\/tourtravelandmore.com\/es\/tours\/italia-es\/florencia-es\/tour-privado-por-florencia-de-dia-completo\/\"]}]},{\"@type\":\"ImageObject\",\"inLanguage\":\"es\",\"@id\":\"https:\/\/tourtravelandmore.com\/es\/tours\/italia-es\/florencia-es\/tour-privado-por-florencia-de-dia-completo\/#primaryimage\",\"url\":\"https:\/\/tourtravelandmore.com\/wp-content\/uploads\/2022\/08\/image1-3.jpg\",\"contentUrl\":\"https:\/\/tourtravelandmore.com\/wp-content\/uploads\/2022\/08\/image1-3.jpg\",\"width\":900,\"height\":750},{\"@type\":\"BreadcrumbList\",\"@id\":\"https:\/\/tourtravelandmore.com\/es\/tours\/italia-es\/florencia-es\/tour-privado-por-florencia-de-dia-completo\/#breadcrumb\",\"itemListElement\":[{\"@type\":\"ListItem\",\"position\":1,\"name\":\"Home\",\"item\":\"https:\/\/tourtravelandmore.com\/es\/\"},{\"@type\":\"ListItem\",\"position\":2,\"name\":\"Tours\",\"item\":\"https:\/\/tourtravelandmore.com\/es\/tours\/\"},{\"@type\":\"ListItem\",\"position\":3,\"name\":\"Tour privado por Florencia de d\u00eda completo\"}]},{\"@type\":\"WebSite\",\"@id\":\"https:\/\/tourtravelandmore.com\/es\/#website\",\"url\":\"https:\/\/tourtravelandmore.com\/es\/\",\"name\":\"Tour Travel And More\",\"description\":\"Private sightseeing tours and luxury transfers in Spain\",\"publisher\":{\"@id\":\"https:\/\/tourtravelandmore.com\/es\/#organization\"},\"potentialAction\":[{\"@type\":\"SearchAction\",\"target\":{\"@type\":\"EntryPoint\",\"urlTemplate\":\"https:\/\/tourtravelandmore.com\/es\/?s={search_term_string}\"},\"query-input\":{\"@type\":\"PropertyValueSpecification\",\"valueRequired\":true,\"valueName\":\"search_term_string\"}}],\"inLanguage\":\"es\"},{\"@type\":\"Organization\",\"@id\":\"https:\/\/tourtravelandmore.com\/es\/#organization\",\"name\":\"Tour Travel And More\",\"url\":\"https:\/\/tourtravelandmore.com\/es\/\",\"logo\":{\"@type\":\"ImageObject\",\"inLanguage\":\"es\",\"@id\":\"https:\/\/tourtravelandmore.com\/es\/#\/schema\/logo\/image\/\",\"url\":\"https:\/\/tourtravelandmore.com\/wp-content\/uploads\/2022\/12\/cropped-logo-cabecera-new.png\",\"contentUrl\":\"https:\/\/tourtravelandmore.com\/wp-content\/uploads\/2022\/12\/cropped-logo-cabecera-new.png\",\"width\":430,\"height\":61,\"caption\":\"Tour Travel And More\"},\"image\":{\"@id\":\"https:\/\/tourtravelandmore.com\/es\/#\/schema\/logo\/image\/\"},\"sameAs\":[\"https:\/\/www.facebook.com\/tourtravelandmore\/\",\"https:\/\/x.com\/TourTravel_More\"]}]}<\/script>\n<!-- \/ Yoast SEO Premium plugin. -->","yoast_head_json":{"title":"\u27a1\ufe0f Tour privado por Florencia de d\u00eda completo | Tour Travel & More","description":"Tour privado por Florencia de d\u00eda completo | Tour Travel & More ofrece varios recorridos diferentes por Florencia y sus alrededores | Reserve ya! \u2705","robots":{"index":"index","follow":"follow","max-snippet":"max-snippet:-1","max-image-preview":"max-image-preview:large","max-video-preview":"max-video-preview:-1"},"canonical":"https:\/\/tourtravelandmore.com\/es\/tours\/italia-es\/florencia-es\/tour-privado-por-florencia-de-dia-completo\/","og_locale":"es_ES","og_type":"article","og_title":"Tour privado por Florencia de d\u00eda completo","og_description":"Tour privado por Florencia de d\u00eda completo | Tour Travel & More ofrece varios recorridos diferentes por Florencia y sus alrededores | Reserve ya! \u2705","og_url":"https:\/\/tourtravelandmore.com\/es\/tours\/italia-es\/florencia-es\/tour-privado-por-florencia-de-dia-completo\/","og_site_name":"Tour Travel And More","article_publisher":"https:\/\/www.facebook.com\/tourtravelandmore\/","article_modified_time":"2022-08-25T13:28:08+00:00","og_image":[{"width":900,"height":750,"url":"https:\/\/tourtravelandmore.com\/wp-content\/uploads\/2022\/08\/image1-3.jpg","type":"image\/jpeg"}],"twitter_card":"summary_large_image","twitter_site":"@TourTravel_More","twitter_misc":{"Tiempo de lectura":"3 minutos"},"schema":{"@context":"https:\/\/schema.org","@graph":[{"@type":"WebPage","@id":"https:\/\/tourtravelandmore.com\/es\/tours\/italia-es\/florencia-es\/tour-privado-por-florencia-de-dia-completo\/","url":"https:\/\/tourtravelandmore.com\/es\/tours\/italia-es\/florencia-es\/tour-privado-por-florencia-de-dia-completo\/","name":"\u27a1\ufe0f Tour privado por Florencia de d\u00eda completo | Tour Travel & More","isPartOf":{"@id":"https:\/\/tourtravelandmore.com\/es\/#website"},"primaryImageOfPage":{"@id":"https:\/\/tourtravelandmore.com\/es\/tours\/italia-es\/florencia-es\/tour-privado-por-florencia-de-dia-completo\/#primaryimage"},"image":{"@id":"https:\/\/tourtravelandmore.com\/es\/tours\/italia-es\/florencia-es\/tour-privado-por-florencia-de-dia-completo\/#primaryimage"},"thumbnailUrl":"https:\/\/tourtravelandmore.com\/wp-content\/uploads\/2022\/08\/image1-3.jpg","datePublished":"2022-08-25T13:20:25+00:00","dateModified":"2022-08-25T13:28:08+00:00","description":"Tour privado por Florencia de d\u00eda completo | Tour Travel & More ofrece varios recorridos diferentes por Florencia y sus alrededores | Reserve ya! \u2705","breadcrumb":{"@id":"https:\/\/tourtravelandmore.com\/es\/tours\/italia-es\/florencia-es\/tour-privado-por-florencia-de-dia-completo\/#breadcrumb"},"inLanguage":"es","potentialAction":[{"@type":"ReadAction","target":["https:\/\/tourtravelandmore.com\/es\/tours\/italia-es\/florencia-es\/tour-privado-por-florencia-de-dia-completo\/"]}]},{"@type":"ImageObject","inLanguage":"es","@id":"https:\/\/tourtravelandmore.com\/es\/tours\/italia-es\/florencia-es\/tour-privado-por-florencia-de-dia-completo\/#primaryimage","url":"https:\/\/tourtravelandmore.com\/wp-content\/uploads\/2022\/08\/image1-3.jpg","contentUrl":"https:\/\/tourtravelandmore.com\/wp-content\/uploads\/2022\/08\/image1-3.jpg","width":900,"height":750},{"@type":"BreadcrumbList","@id":"https:\/\/tourtravelandmore.com\/es\/tours\/italia-es\/florencia-es\/tour-privado-por-florencia-de-dia-completo\/#breadcrumb","itemListElement":[{"@type":"ListItem","position":1,"name":"Home","item":"https:\/\/tourtravelandmore.com\/es\/"},{"@type":"ListItem","position":2,"name":"Tours","item":"https:\/\/tourtravelandmore.com\/es\/tours\/"},{"@type":"ListItem","position":3,"name":"Tour privado por Florencia de d\u00eda completo"}]},{"@type":"WebSite","@id":"https:\/\/tourtravelandmore.com\/es\/#website","url":"https:\/\/tourtravelandmore.com\/es\/","name":"Tour Travel And More","description":"Private sightseeing tours and luxury transfers in Spain","publisher":{"@id":"https:\/\/tourtravelandmore.com\/es\/#organization"},"potentialAction":[{"@type":"SearchAction","target":{"@type":"EntryPoint","urlTemplate":"https:\/\/tourtravelandmore.com\/es\/?s={search_term_string}"},"query-input":{"@type":"PropertyValueSpecification","valueRequired":true,"valueName":"search_term_string"}}],"inLanguage":"es"},{"@type":"Organization","@id":"https:\/\/tourtravelandmore.com\/es\/#organization","name":"Tour Travel And More","url":"https:\/\/tourtravelandmore.com\/es\/","logo":{"@type":"ImageObject","inLanguage":"es","@id":"https:\/\/tourtravelandmore.com\/es\/#\/schema\/logo\/image\/","url":"https:\/\/tourtravelandmore.com\/wp-content\/uploads\/2022\/12\/cropped-logo-cabecera-new.png","contentUrl":"https:\/\/tourtravelandmore.com\/wp-content\/uploads\/2022\/12\/cropped-logo-cabecera-new.png","width":430,"height":61,"caption":"Tour Travel And More"},"image":{"@id":"https:\/\/tourtravelandmore.com\/es\/#\/schema\/logo\/image\/"},"sameAs":["https:\/\/www.facebook.com\/tourtravelandmore\/","https:\/\/x.com\/TourTravel_More"]}]}},"_links":{"self":[{"href":"https:\/\/tourtravelandmore.com\/es\/wp-json\/wp\/v2\/product\/135463","targetHints":{"allow":["GET"]}}],"collection":[{"href":"https:\/\/tourtravelandmore.com\/es\/wp-json\/wp\/v2\/product"}],"about":[{"href":"https:\/\/tourtravelandmore.com\/es\/wp-json\/wp\/v2\/types\/product"}],"replies":[{"embeddable":true,"href":"https:\/\/tourtravelandmore.com\/es\/wp-json\/wp\/v2\/comments?post=135463"}],"wp:featuredmedia":[{"embeddable":true,"href":"https:\/\/tourtravelandmore.com\/es\/wp-json\/wp\/v2\/media\/135479"}],"wp:attachment":[{"href":"https:\/\/tourtravelandmore.com\/es\/wp-json\/wp\/v2\/media?parent=135463"}],"wp:term":[{"taxonomy":"product_brand","embeddable":true,"href":"https:\/\/tourtravelandmore.com\/es\/wp-json\/wp\/v2\/product_brand?post=135463"},{"taxonomy":"product_cat","embeddable":true,"href":"https:\/\/tourtravelandmore.com\/es\/wp-json\/wp\/v2\/product_cat?post=135463"},{"taxonomy":"product_tag","embeddable":true,"href":"https:\/\/tourtravelandmore.com\/es\/wp-json\/wp\/v2\/product_tag?post=135463"}],"curies":[{"name":"wp","href":"https:\/\/api.w.org\/{rel}","templated":true}]}}