{"id":135432,"date":"2022-08-25T15:04:52","date_gmt":"2022-08-25T13:04:53","guid":{"rendered":"https:\/\/tourtravelandmore.com\/?post_type=product&#038;p=135432"},"modified":"2022-08-25T15:13:39","modified_gmt":"2022-08-25T13:13:39","slug":"experiencia-privada-de-caza-de-trufas-con-almuerzo-cerca-de-florencia","status":"publish","type":"product","link":"https:\/\/tourtravelandmore.com\/es\/tours\/italia-es\/florencia-es\/experiencia-privada-de-caza-de-trufas-con-almuerzo-cerca-de-florencia\/","title":{"rendered":"Experiencia Privada de caza de trufas con almuerzo cerca de Florencia"},"content":{"rendered":"<h2><b>Descripci\u00f3n de la Experiencia de caza de trufas con almuerzo cerca de Florencia<\/b><\/h2>\n<p><span style=\"font-weight: 400;\">La caza de trufas es una actividad popular para los turistas que visitan la Toscana, Italia. Tambi\u00e9n es una parte importante de la econom\u00eda local. La experiencia comienza con un breve recorrido por el campo y luego ir\u00e1 de cacer\u00eda para encontrar estos deliciosos hongos. Aprender\u00e1 c\u00f3mo identificarlos y c\u00f3mo desenterrarlos del suelo. Al final, disfrutar\u00e1s de un almuerzo en una hermosa bodega con vistas de Florencia a lo lejos.<\/span><\/p>\n<p><span style=\"font-weight: 400;\">La aventura privada comenzar\u00e1 reuni\u00e9ndose con su chofer y veh\u00edculo privado en su sitio de hospedaje o punto de elecci\u00f3n en Florencia, donde comenzar\u00e1 el d\u00eda.<\/span><\/p>\n<h2><b>Puntos de inter\u00e9s en la Experiencia de caza de trufas con almuerzo cerca de Florencia<\/b><\/h2>\n<p><b>Experiencia de caza de trufas:<\/b><\/p>\n<p><span style=\"font-weight: 400;\">&#8211; El recorrido comienza con una visita a la finca, donde ver\u00e1s c\u00f3mo se cultiva la trufa.<\/span><\/p>\n<p><span style=\"font-weight: 400;\">&#8211; Luego ir\u00e1 a la caza de trufas en el bosque y descubrir\u00e1s c\u00f3mo identificar las trufas por su olor.<\/span><\/p>\n<p><span style=\"font-weight: 400;\">&#8211; Despu\u00e9s de su caza, se le servir\u00e1 el almuerzo en un aut\u00e9ntico restaurante toscano.<\/span><\/p>\n<p><b>Puntos de inter\u00e9s:<\/b><\/p>\n<p><span style=\"font-weight: 400;\">&#8211; El restaurante est\u00e1 situado en el coraz\u00f3n de la campi\u00f1a florentina.<\/span><\/p>\n<p><span style=\"font-weight: 400;\">&#8211; Es una empresa familiar que ofrece un delicioso almuerzo con recetas tradicionales toscanas.<\/span><\/p>\n<p><span style=\"font-weight: 400;\">\u00a1Si desea conocer m\u00e1s de Florencia, le recomendamos que le d\u00e9 un vistazo a uno de <\/span><a href=\"https:\/\/tourtravelandmore.com\/es\/ciudad\/italia-es\/florencia-es\/\"><span style=\"font-weight: 400;\">nuestros tours y experiencias inigualables en la Toscana<\/span><\/a><span style=\"font-weight: 400;\">, no se arrepentir\u00e1!<\/span><\/p>\n","protected":false},"excerpt":{"rendered":"<p><b>\u00a0<\/b><span style=\"font-weight: 400;\">Este tour es una experiencia \u00fanica para los viajeros. Podr\u00e1 explorar el campo de la Toscana con su conductor privado y un gu\u00eda que lo llevar\u00e1 a los mejores lugares para la caza de trufas. Tambi\u00e9n podr\u00e1 degustar algunas de las comidas m\u00e1s deliciosas de Italia, ser\u00e1 una experiencia inimaginable.<\/span><\/p>\n","protected":false},"featured_media":135451,"comment_status":"open","ping_status":"closed","template":"","meta":{"_acf_changed":false},"product_brand":[],"product_cat":[412,413,415],"product_tag":[],"class_list":{"0":"post-135432","1":"product","2":"type-product","3":"status-publish","4":"has-post-thumbnail","6":"product_cat-florencia-es","7":"product_cat-florencia-actividades-es","8":"product_cat-florencia-rutas-turisticas-privadas-es","10":"first","11":"instock","12":"shipping-taxable","13":"purchasable","14":"product-type-simple"},"acf":[],"yoast_head":"<!-- This site is optimized with the Yoast SEO Premium plugin v25.3.1 (Yoast SEO v25.3.1) - https:\/\/yoast.com\/wordpress\/plugins\/seo\/ -->\n<title>\u27a1\ufe0f Experiencia Privada de caza de trufas con almuerzo cerca de Florencia | Tour Travel &amp; More<\/title>\n<meta name=\"description\" content=\"Reserve ya esta Experiencia Privada de caza de trufas con almuerzo cerca de Florencia, ser\u00e1 una aventura inimaginable \u2705\" \/>\n<meta name=\"robots\" content=\"index, follow, max-snippet:-1, max-image-preview:large, max-video-preview:-1\" \/>\n<link rel=\"canonical\" href=\"https:\/\/tourtravelandmore.com\/es\/tours\/italia-es\/florencia-es\/experiencia-privada-de-caza-de-trufas-con-almuerzo-cerca-de-florencia\/\" \/>\n<meta property=\"og:locale\" content=\"es_ES\" \/>\n<meta property=\"og:type\" content=\"article\" \/>\n<meta property=\"og:title\" content=\"Experiencia Privada de caza de trufas con almuerzo cerca de Florencia\" \/>\n<meta property=\"og:description\" content=\"Reserve ya esta Experiencia Privada de caza de trufas con almuerzo cerca de Florencia, ser\u00e1 una aventura inimaginable \u2705\" \/>\n<meta property=\"og:url\" content=\"https:\/\/tourtravelandmore.com\/es\/tours\/italia-es\/florencia-es\/experiencia-privada-de-caza-de-trufas-con-almuerzo-cerca-de-florencia\/\" \/>\n<meta property=\"og:site_name\" content=\"Tour Travel And More\" \/>\n<meta property=\"article:publisher\" content=\"https:\/\/www.facebook.com\/tourtravelandmore\/\" \/>\n<meta property=\"article:modified_time\" content=\"2022-08-25T13:13:39+00:00\" \/>\n<meta property=\"og:image\" content=\"https:\/\/tourtravelandmore.com\/wp-content\/uploads\/2022\/08\/image1-2.jpg\" \/>\n\t<meta property=\"og:image:width\" content=\"900\" \/>\n\t<meta property=\"og:image:height\" content=\"750\" \/>\n\t<meta property=\"og:image:type\" content=\"image\/jpeg\" \/>\n<meta name=\"twitter:card\" content=\"summary_large_image\" \/>\n<meta name=\"twitter:site\" content=\"@TourTravel_More\" \/>\n<meta name=\"twitter:label1\" content=\"Tiempo de lectura\" \/>\n\t<meta name=\"twitter:data1\" content=\"1 minuto\" \/>\n<script type=\"application\/ld+json\" class=\"yoast-schema-graph\">{\"@context\":\"https:\/\/schema.org\",\"@graph\":[{\"@type\":\"WebPage\",\"@id\":\"https:\/\/tourtravelandmore.com\/es\/tours\/italia-es\/florencia-es\/experiencia-privada-de-caza-de-trufas-con-almuerzo-cerca-de-florencia\/\",\"url\":\"https:\/\/tourtravelandmore.com\/es\/tours\/italia-es\/florencia-es\/experiencia-privada-de-caza-de-trufas-con-almuerzo-cerca-de-florencia\/\",\"name\":\"\u27a1\ufe0f Experiencia Privada de caza de trufas con almuerzo cerca de Florencia | Tour Travel & More\",\"isPartOf\":{\"@id\":\"https:\/\/tourtravelandmore.com\/es\/#website\"},\"primaryImageOfPage\":{\"@id\":\"https:\/\/tourtravelandmore.com\/es\/tours\/italia-es\/florencia-es\/experiencia-privada-de-caza-de-trufas-con-almuerzo-cerca-de-florencia\/#primaryimage\"},\"image\":{\"@id\":\"https:\/\/tourtravelandmore.com\/es\/tours\/italia-es\/florencia-es\/experiencia-privada-de-caza-de-trufas-con-almuerzo-cerca-de-florencia\/#primaryimage\"},\"thumbnailUrl\":\"https:\/\/tourtravelandmore.com\/wp-content\/uploads\/2022\/08\/image1-2.jpg\",\"datePublished\":\"2022-08-25T13:04:53+00:00\",\"dateModified\":\"2022-08-25T13:13:39+00:00\",\"description\":\"Reserve ya esta Experiencia Privada de caza de trufas con almuerzo cerca de Florencia, ser\u00e1 una aventura inimaginable \u2705\",\"breadcrumb\":{\"@id\":\"https:\/\/tourtravelandmore.com\/es\/tours\/italia-es\/florencia-es\/experiencia-privada-de-caza-de-trufas-con-almuerzo-cerca-de-florencia\/#breadcrumb\"},\"inLanguage\":\"es\",\"potentialAction\":[{\"@type\":\"ReadAction\",\"target\":[\"https:\/\/tourtravelandmore.com\/es\/tours\/italia-es\/florencia-es\/experiencia-privada-de-caza-de-trufas-con-almuerzo-cerca-de-florencia\/\"]}]},{\"@type\":\"ImageObject\",\"inLanguage\":\"es\",\"@id\":\"https:\/\/tourtravelandmore.com\/es\/tours\/italia-es\/florencia-es\/experiencia-privada-de-caza-de-trufas-con-almuerzo-cerca-de-florencia\/#primaryimage\",\"url\":\"https:\/\/tourtravelandmore.com\/wp-content\/uploads\/2022\/08\/image1-2.jpg\",\"contentUrl\":\"https:\/\/tourtravelandmore.com\/wp-content\/uploads\/2022\/08\/image1-2.jpg\",\"width\":900,\"height\":750},{\"@type\":\"BreadcrumbList\",\"@id\":\"https:\/\/tourtravelandmore.com\/es\/tours\/italia-es\/florencia-es\/experiencia-privada-de-caza-de-trufas-con-almuerzo-cerca-de-florencia\/#breadcrumb\",\"itemListElement\":[{\"@type\":\"ListItem\",\"position\":1,\"name\":\"Home\",\"item\":\"https:\/\/tourtravelandmore.com\/es\/\"},{\"@type\":\"ListItem\",\"position\":2,\"name\":\"Tours\",\"item\":\"https:\/\/tourtravelandmore.com\/es\/tours\/\"},{\"@type\":\"ListItem\",\"position\":3,\"name\":\"Experiencia Privada de caza de trufas con almuerzo cerca de Florencia\"}]},{\"@type\":\"WebSite\",\"@id\":\"https:\/\/tourtravelandmore.com\/es\/#website\",\"url\":\"https:\/\/tourtravelandmore.com\/es\/\",\"name\":\"Tour Travel And More\",\"description\":\"Private sightseeing tours and luxury transfers in Spain\",\"publisher\":{\"@id\":\"https:\/\/tourtravelandmore.com\/es\/#organization\"},\"potentialAction\":[{\"@type\":\"SearchAction\",\"target\":{\"@type\":\"EntryPoint\",\"urlTemplate\":\"https:\/\/tourtravelandmore.com\/es\/?s={search_term_string}\"},\"query-input\":{\"@type\":\"PropertyValueSpecification\",\"valueRequired\":true,\"valueName\":\"search_term_string\"}}],\"inLanguage\":\"es\"},{\"@type\":\"Organization\",\"@id\":\"https:\/\/tourtravelandmore.com\/es\/#organization\",\"name\":\"Tour Travel And More\",\"url\":\"https:\/\/tourtravelandmore.com\/es\/\",\"logo\":{\"@type\":\"ImageObject\",\"inLanguage\":\"es\",\"@id\":\"https:\/\/tourtravelandmore.com\/es\/#\/schema\/logo\/image\/\",\"url\":\"https:\/\/tourtravelandmore.com\/wp-content\/uploads\/2022\/12\/cropped-logo-cabecera-new.png\",\"contentUrl\":\"https:\/\/tourtravelandmore.com\/wp-content\/uploads\/2022\/12\/cropped-logo-cabecera-new.png\",\"width\":430,\"height\":61,\"caption\":\"Tour Travel And More\"},\"image\":{\"@id\":\"https:\/\/tourtravelandmore.com\/es\/#\/schema\/logo\/image\/\"},\"sameAs\":[\"https:\/\/www.facebook.com\/tourtravelandmore\/\",\"https:\/\/x.com\/TourTravel_More\"]}]}<\/script>\n<!-- \/ Yoast SEO Premium plugin. -->","yoast_head_json":{"title":"\u27a1\ufe0f Experiencia Privada de caza de trufas con almuerzo cerca de Florencia | Tour Travel & More","description":"Reserve ya esta Experiencia Privada de caza de trufas con almuerzo cerca de Florencia, ser\u00e1 una aventura inimaginable \u2705","robots":{"index":"index","follow":"follow","max-snippet":"max-snippet:-1","max-image-preview":"max-image-preview:large","max-video-preview":"max-video-preview:-1"},"canonical":"https:\/\/tourtravelandmore.com\/es\/tours\/italia-es\/florencia-es\/experiencia-privada-de-caza-de-trufas-con-almuerzo-cerca-de-florencia\/","og_locale":"es_ES","og_type":"article","og_title":"Experiencia Privada de caza de trufas con almuerzo cerca de Florencia","og_description":"Reserve ya esta Experiencia Privada de caza de trufas con almuerzo cerca de Florencia, ser\u00e1 una aventura inimaginable \u2705","og_url":"https:\/\/tourtravelandmore.com\/es\/tours\/italia-es\/florencia-es\/experiencia-privada-de-caza-de-trufas-con-almuerzo-cerca-de-florencia\/","og_site_name":"Tour Travel And More","article_publisher":"https:\/\/www.facebook.com\/tourtravelandmore\/","article_modified_time":"2022-08-25T13:13:39+00:00","og_image":[{"width":900,"height":750,"url":"https:\/\/tourtravelandmore.com\/wp-content\/uploads\/2022\/08\/image1-2.jpg","type":"image\/jpeg"}],"twitter_card":"summary_large_image","twitter_site":"@TourTravel_More","twitter_misc":{"Tiempo de lectura":"1 minuto"},"schema":{"@context":"https:\/\/schema.org","@graph":[{"@type":"WebPage","@id":"https:\/\/tourtravelandmore.com\/es\/tours\/italia-es\/florencia-es\/experiencia-privada-de-caza-de-trufas-con-almuerzo-cerca-de-florencia\/","url":"https:\/\/tourtravelandmore.com\/es\/tours\/italia-es\/florencia-es\/experiencia-privada-de-caza-de-trufas-con-almuerzo-cerca-de-florencia\/","name":"\u27a1\ufe0f Experiencia Privada de caza de trufas con almuerzo cerca de Florencia | Tour Travel & More","isPartOf":{"@id":"https:\/\/tourtravelandmore.com\/es\/#website"},"primaryImageOfPage":{"@id":"https:\/\/tourtravelandmore.com\/es\/tours\/italia-es\/florencia-es\/experiencia-privada-de-caza-de-trufas-con-almuerzo-cerca-de-florencia\/#primaryimage"},"image":{"@id":"https:\/\/tourtravelandmore.com\/es\/tours\/italia-es\/florencia-es\/experiencia-privada-de-caza-de-trufas-con-almuerzo-cerca-de-florencia\/#primaryimage"},"thumbnailUrl":"https:\/\/tourtravelandmore.com\/wp-content\/uploads\/2022\/08\/image1-2.jpg","datePublished":"2022-08-25T13:04:53+00:00","dateModified":"2022-08-25T13:13:39+00:00","description":"Reserve ya esta Experiencia Privada de caza de trufas con almuerzo cerca de Florencia, ser\u00e1 una aventura inimaginable \u2705","breadcrumb":{"@id":"https:\/\/tourtravelandmore.com\/es\/tours\/italia-es\/florencia-es\/experiencia-privada-de-caza-de-trufas-con-almuerzo-cerca-de-florencia\/#breadcrumb"},"inLanguage":"es","potentialAction":[{"@type":"ReadAction","target":["https:\/\/tourtravelandmore.com\/es\/tours\/italia-es\/florencia-es\/experiencia-privada-de-caza-de-trufas-con-almuerzo-cerca-de-florencia\/"]}]},{"@type":"ImageObject","inLanguage":"es","@id":"https:\/\/tourtravelandmore.com\/es\/tours\/italia-es\/florencia-es\/experiencia-privada-de-caza-de-trufas-con-almuerzo-cerca-de-florencia\/#primaryimage","url":"https:\/\/tourtravelandmore.com\/wp-content\/uploads\/2022\/08\/image1-2.jpg","contentUrl":"https:\/\/tourtravelandmore.com\/wp-content\/uploads\/2022\/08\/image1-2.jpg","width":900,"height":750},{"@type":"BreadcrumbList","@id":"https:\/\/tourtravelandmore.com\/es\/tours\/italia-es\/florencia-es\/experiencia-privada-de-caza-de-trufas-con-almuerzo-cerca-de-florencia\/#breadcrumb","itemListElement":[{"@type":"ListItem","position":1,"name":"Home","item":"https:\/\/tourtravelandmore.com\/es\/"},{"@type":"ListItem","position":2,"name":"Tours","item":"https:\/\/tourtravelandmore.com\/es\/tours\/"},{"@type":"ListItem","position":3,"name":"Experiencia Privada de caza de trufas con almuerzo cerca de Florencia"}]},{"@type":"WebSite","@id":"https:\/\/tourtravelandmore.com\/es\/#website","url":"https:\/\/tourtravelandmore.com\/es\/","name":"Tour Travel And More","description":"Private sightseeing tours and luxury transfers in Spain","publisher":{"@id":"https:\/\/tourtravelandmore.com\/es\/#organization"},"potentialAction":[{"@type":"SearchAction","target":{"@type":"EntryPoint","urlTemplate":"https:\/\/tourtravelandmore.com\/es\/?s={search_term_string}"},"query-input":{"@type":"PropertyValueSpecification","valueRequired":true,"valueName":"search_term_string"}}],"inLanguage":"es"},{"@type":"Organization","@id":"https:\/\/tourtravelandmore.com\/es\/#organization","name":"Tour Travel And More","url":"https:\/\/tourtravelandmore.com\/es\/","logo":{"@type":"ImageObject","inLanguage":"es","@id":"https:\/\/tourtravelandmore.com\/es\/#\/schema\/logo\/image\/","url":"https:\/\/tourtravelandmore.com\/wp-content\/uploads\/2022\/12\/cropped-logo-cabecera-new.png","contentUrl":"https:\/\/tourtravelandmore.com\/wp-content\/uploads\/2022\/12\/cropped-logo-cabecera-new.png","width":430,"height":61,"caption":"Tour Travel And More"},"image":{"@id":"https:\/\/tourtravelandmore.com\/es\/#\/schema\/logo\/image\/"},"sameAs":["https:\/\/www.facebook.com\/tourtravelandmore\/","https:\/\/x.com\/TourTravel_More"]}]}},"_links":{"self":[{"href":"https:\/\/tourtravelandmore.com\/es\/wp-json\/wp\/v2\/product\/135432","targetHints":{"allow":["GET"]}}],"collection":[{"href":"https:\/\/tourtravelandmore.com\/es\/wp-json\/wp\/v2\/product"}],"about":[{"href":"https:\/\/tourtravelandmore.com\/es\/wp-json\/wp\/v2\/types\/product"}],"replies":[{"embeddable":true,"href":"https:\/\/tourtravelandmore.com\/es\/wp-json\/wp\/v2\/comments?post=135432"}],"wp:featuredmedia":[{"embeddable":true,"href":"https:\/\/tourtravelandmore.com\/es\/wp-json\/wp\/v2\/media\/135451"}],"wp:attachment":[{"href":"https:\/\/tourtravelandmore.com\/es\/wp-json\/wp\/v2\/media?parent=135432"}],"wp:term":[{"taxonomy":"product_brand","embeddable":true,"href":"https:\/\/tourtravelandmore.com\/es\/wp-json\/wp\/v2\/product_brand?post=135432"},{"taxonomy":"product_cat","embeddable":true,"href":"https:\/\/tourtravelandmore.com\/es\/wp-json\/wp\/v2\/product_cat?post=135432"},{"taxonomy":"product_tag","embeddable":true,"href":"https:\/\/tourtravelandmore.com\/es\/wp-json\/wp\/v2\/product_tag?post=135432"}],"curies":[{"name":"wp","href":"https:\/\/api.w.org\/{rel}","templated":true}]}}