{"id":135402,"date":"2022-08-25T14:43:49","date_gmt":"2022-08-25T12:43:52","guid":{"rendered":"https:\/\/tourtravelandmore.com\/?post_type=product&#038;p=135402"},"modified":"2022-08-25T14:57:58","modified_gmt":"2022-08-25T12:57:58","slug":"excursion-privada-a-san-gimignano-siena-y-chianti","status":"publish","type":"product","link":"https:\/\/tourtravelandmore.com\/es\/tours\/italia-es\/florencia-es\/excursion-privada-a-san-gimignano-siena-y-chianti\/","title":{"rendered":"Excursi\u00f3n privada a San Gimignano, Siena y Chianti"},"content":{"rendered":"<h2><b>Descripci\u00f3n de la Excursi\u00f3n privada a San Gimignano, Siena y Chianti<\/b><\/h2>\n<p><span style=\"font-weight: 400;\">Las excursiones privadas son la mejor manera de explorar una ciudad o una regi\u00f3n. Le brindan una experiencia que se adapta completamente a sus necesidades y deseos.<\/span><\/p>\n<p><span style=\"font-weight: 400;\">En esta experiencia usted y sus acompa\u00f1antes podr\u00e1n disfrutar de estos hermosos pueblos medievales, ser\u00e1 una aventura inigualable.<\/span><\/p>\n<p><span style=\"font-weight: 400;\">El tour privado comenzar\u00e1 reuni\u00e9ndose con su chofer y veh\u00edculo privado en su lugar de alojamiento o punto de elecci\u00f3n en Florencia. Hemos dise\u00f1ado esta excursi\u00f3n privada para brindarle la oportunidad de explorar algunas de las zonas m\u00e1s bellas y culturalmente ricas de la Toscana.<\/span><\/p>\n<h2><b>Pintos dei nteress en la Excursi\u00f3n privada a San Gimignano, Siena y Chianti<\/b><\/h2>\n<p><span style=\"font-weight: 400;\">La primera parada de nuestro viaje es San Gimignano, conocida por sus torres medievales y su catedral de estilo rom\u00e1nico. Luego nos dirigiremos a Siena, una de las ciudades m\u00e1s fascinantes de Italia y hogar de muchos monumentos, incluido el Duomo.<\/span><\/p>\n<p><span style=\"font-weight: 400;\">Despu\u00e9s de eso, visitaremos Chianti, una regi\u00f3n famosa por su producci\u00f3n de vino y su impresionante paisaje. A continuaci\u00f3n le describiremos un poco m\u00e1s de estos sitios y porque son imperdibles si visita Florencia:<\/span><\/p>\n<p>&nbsp;<\/p>\n<h3><b>San Gimignano<\/b><\/h3>\n<p><span style=\"font-weight: 400;\">San Gimignano es una peque\u00f1a ciudad medieval en la provincia de Siena, Toscana, en Italia. Es famoso por su centro hist\u00f3rico con arquitectura del siglo XIII. El nombre proviene de San Geminianus. Est\u00e1 ubicado en la cima de una colina, con el punto m\u00e1s alto a 229 metros (751 pies) sobre el nivel del mar. . La ciudad es conocida por su centro medieval intacto y sus murallas del siglo XIII. Originalmente, fue fortificado como un castillo, pero con el paso de los siglos se convirti\u00f3 en un peque\u00f1o pueblo. La fortaleza original fue destruida por un terremoto en 1222, pero la ciudad a\u00fan conserva gran parte de su car\u00e1cter medieval.<\/span><\/p>\n<h3><b>Siena<\/b><\/h3>\n<p><span style=\"font-weight: 400;\">Siena es una hermosa ciudad rodeada de colinas. Tiene una larga historia y eso se siente en las calles. Se puede ver la influencia del Imperio Romano, la Edad Media y el Renacimiento. La mezcla \u00fanica de diferentes culturas ha dejado su huella en este lugar.<\/span><\/p>\n<p><span style=\"font-weight: 400;\">\u00a1No se arrepentir\u00e1 de visitar Siena!<\/span><\/p>\n<h3><b>Chianti<\/b><\/h3>\n<p><span style=\"font-weight: 400;\">Chianti es una ciudad en la Toscana, Italia. Se encuentra en las colinas del sur de la Toscana, entre Florencia y Siena.<\/span><\/p>\n<p><span style=\"font-weight: 400;\">La regi\u00f3n ha sido famosa por su vino desde la Edad Media y se ha asociado con un estilo particular de vino desde el Renacimiento. El vino se produce en una regi\u00f3n que se extiende desde las laderas del Monte Amiata en el sur hasta las colinas alrededor de Arezzo en el centro de la Toscana.<\/span><\/p>\n<p><span style=\"font-weight: 400;\">Al finalizar esta excursi\u00f3n privada de 12 horas, su chofer le llevar\u00e1 de regreso a su punto de recogida en Florencia para que pueda seguir descubriendo este destino por su cuenta.<\/span><\/p>\n<p><span style=\"font-weight: 400;\">Si as\u00ed lo desea, podemos ofrecerle tambi\u00e9n un sinf\u00edn de <\/span><a href=\"https:\/\/tourtravelandmore.com\/es\/ciudad\/italia-es\/florencia-es\/\"><span style=\"font-weight: 400;\">experiencias inolvidables en Florencia<\/span><\/a><span style=\"font-weight: 400;\"> para sacarle m\u00e1s jugo a su visita.<\/span><\/p>\n","protected":false},"excerpt":{"rendered":"<p><b>\u00a0<\/b><span style=\"font-weight: 400;\">Este tour es perfecto para aquellos que quieren descubrir la Toscana, una de las regiones m\u00e1s bellas de Italia. Incluye visitas a tres de los pueblos toscanos m\u00e1s emblem\u00e1ticos: San Gimignano, Siena y Chianti.<\/span><\/p>\n","protected":false},"featured_media":135421,"comment_status":"open","ping_status":"closed","template":"","meta":{"_acf_changed":false},"product_brand":[],"product_cat":[412,413,415,414],"product_tag":[],"class_list":{"0":"post-135402","1":"product","2":"type-product","3":"status-publish","4":"has-post-thumbnail","6":"product_cat-florencia-es","7":"product_cat-florencia-actividades-es","8":"product_cat-florencia-rutas-turisticas-privadas-es","9":"product_cat-florencia-excursiones-es","11":"first","12":"instock","13":"shipping-taxable","14":"purchasable","15":"product-type-simple"},"acf":[],"yoast_head":"<!-- This site is optimized with the Yoast SEO Premium plugin v25.3.1 (Yoast SEO v25.3.1) - https:\/\/yoast.com\/wordpress\/plugins\/seo\/ -->\n<title>\u27a1\ufe0f Excursi\u00f3n privada a San Gimignano, Siena y Chianti | Tour Travel &amp; More<\/title>\n<meta name=\"description\" content=\"Reserva ya esta Excursi\u00f3n privada a San Gimignano, Siena y Chianti, ser\u00e1 una experiencia completamente privada y de lujo \u2705\" \/>\n<meta name=\"robots\" content=\"index, follow, max-snippet:-1, max-image-preview:large, max-video-preview:-1\" \/>\n<link rel=\"canonical\" href=\"https:\/\/tourtravelandmore.com\/es\/tours\/italia-es\/florencia-es\/excursion-privada-a-san-gimignano-siena-y-chianti\/\" \/>\n<meta property=\"og:locale\" content=\"es_ES\" \/>\n<meta property=\"og:type\" content=\"article\" \/>\n<meta property=\"og:title\" content=\"Excursi\u00f3n privada a San Gimignano, Siena y Chianti\" \/>\n<meta property=\"og:description\" content=\"Reserva ya esta Excursi\u00f3n privada a San Gimignano, Siena y Chianti, ser\u00e1 una experiencia completamente privada y de lujo \u2705\" \/>\n<meta property=\"og:url\" content=\"https:\/\/tourtravelandmore.com\/es\/tours\/italia-es\/florencia-es\/excursion-privada-a-san-gimignano-siena-y-chianti\/\" \/>\n<meta property=\"og:site_name\" content=\"Tour Travel And More\" \/>\n<meta property=\"article:publisher\" content=\"https:\/\/www.facebook.com\/tourtravelandmore\/\" \/>\n<meta property=\"article:modified_time\" content=\"2022-08-25T12:57:58+00:00\" \/>\n<meta property=\"og:image\" content=\"https:\/\/tourtravelandmore.com\/wp-content\/uploads\/2022\/08\/image2-1.jpg\" \/>\n\t<meta property=\"og:image:width\" content=\"900\" \/>\n\t<meta property=\"og:image:height\" content=\"750\" \/>\n\t<meta property=\"og:image:type\" content=\"image\/jpeg\" \/>\n<meta name=\"twitter:card\" content=\"summary_large_image\" \/>\n<meta name=\"twitter:site\" content=\"@TourTravel_More\" \/>\n<meta name=\"twitter:label1\" content=\"Tiempo de lectura\" \/>\n\t<meta name=\"twitter:data1\" content=\"3 minutos\" \/>\n<script type=\"application\/ld+json\" class=\"yoast-schema-graph\">{\"@context\":\"https:\/\/schema.org\",\"@graph\":[{\"@type\":\"WebPage\",\"@id\":\"https:\/\/tourtravelandmore.com\/es\/tours\/italia-es\/florencia-es\/excursion-privada-a-san-gimignano-siena-y-chianti\/\",\"url\":\"https:\/\/tourtravelandmore.com\/es\/tours\/italia-es\/florencia-es\/excursion-privada-a-san-gimignano-siena-y-chianti\/\",\"name\":\"\u27a1\ufe0f Excursi\u00f3n privada a San Gimignano, Siena y Chianti | Tour Travel & More\",\"isPartOf\":{\"@id\":\"https:\/\/tourtravelandmore.com\/es\/#website\"},\"primaryImageOfPage\":{\"@id\":\"https:\/\/tourtravelandmore.com\/es\/tours\/italia-es\/florencia-es\/excursion-privada-a-san-gimignano-siena-y-chianti\/#primaryimage\"},\"image\":{\"@id\":\"https:\/\/tourtravelandmore.com\/es\/tours\/italia-es\/florencia-es\/excursion-privada-a-san-gimignano-siena-y-chianti\/#primaryimage\"},\"thumbnailUrl\":\"https:\/\/tourtravelandmore.com\/wp-content\/uploads\/2022\/08\/image2-1.jpg\",\"datePublished\":\"2022-08-25T12:43:52+00:00\",\"dateModified\":\"2022-08-25T12:57:58+00:00\",\"description\":\"Reserva ya esta Excursi\u00f3n privada a San Gimignano, Siena y Chianti, ser\u00e1 una experiencia completamente privada y de lujo \u2705\",\"breadcrumb\":{\"@id\":\"https:\/\/tourtravelandmore.com\/es\/tours\/italia-es\/florencia-es\/excursion-privada-a-san-gimignano-siena-y-chianti\/#breadcrumb\"},\"inLanguage\":\"es\",\"potentialAction\":[{\"@type\":\"ReadAction\",\"target\":[\"https:\/\/tourtravelandmore.com\/es\/tours\/italia-es\/florencia-es\/excursion-privada-a-san-gimignano-siena-y-chianti\/\"]}]},{\"@type\":\"ImageObject\",\"inLanguage\":\"es\",\"@id\":\"https:\/\/tourtravelandmore.com\/es\/tours\/italia-es\/florencia-es\/excursion-privada-a-san-gimignano-siena-y-chianti\/#primaryimage\",\"url\":\"https:\/\/tourtravelandmore.com\/wp-content\/uploads\/2022\/08\/image2-1.jpg\",\"contentUrl\":\"https:\/\/tourtravelandmore.com\/wp-content\/uploads\/2022\/08\/image2-1.jpg\",\"width\":900,\"height\":750},{\"@type\":\"BreadcrumbList\",\"@id\":\"https:\/\/tourtravelandmore.com\/es\/tours\/italia-es\/florencia-es\/excursion-privada-a-san-gimignano-siena-y-chianti\/#breadcrumb\",\"itemListElement\":[{\"@type\":\"ListItem\",\"position\":1,\"name\":\"Home\",\"item\":\"https:\/\/tourtravelandmore.com\/es\/\"},{\"@type\":\"ListItem\",\"position\":2,\"name\":\"Tours\",\"item\":\"https:\/\/tourtravelandmore.com\/es\/tours\/\"},{\"@type\":\"ListItem\",\"position\":3,\"name\":\"Excursi\u00f3n privada a San Gimignano, Siena y Chianti\"}]},{\"@type\":\"WebSite\",\"@id\":\"https:\/\/tourtravelandmore.com\/es\/#website\",\"url\":\"https:\/\/tourtravelandmore.com\/es\/\",\"name\":\"Tour Travel And More\",\"description\":\"Private sightseeing tours and luxury transfers in Spain\",\"publisher\":{\"@id\":\"https:\/\/tourtravelandmore.com\/es\/#organization\"},\"potentialAction\":[{\"@type\":\"SearchAction\",\"target\":{\"@type\":\"EntryPoint\",\"urlTemplate\":\"https:\/\/tourtravelandmore.com\/es\/?s={search_term_string}\"},\"query-input\":{\"@type\":\"PropertyValueSpecification\",\"valueRequired\":true,\"valueName\":\"search_term_string\"}}],\"inLanguage\":\"es\"},{\"@type\":\"Organization\",\"@id\":\"https:\/\/tourtravelandmore.com\/es\/#organization\",\"name\":\"Tour Travel And More\",\"url\":\"https:\/\/tourtravelandmore.com\/es\/\",\"logo\":{\"@type\":\"ImageObject\",\"inLanguage\":\"es\",\"@id\":\"https:\/\/tourtravelandmore.com\/es\/#\/schema\/logo\/image\/\",\"url\":\"https:\/\/tourtravelandmore.com\/wp-content\/uploads\/2022\/12\/cropped-logo-cabecera-new.png\",\"contentUrl\":\"https:\/\/tourtravelandmore.com\/wp-content\/uploads\/2022\/12\/cropped-logo-cabecera-new.png\",\"width\":430,\"height\":61,\"caption\":\"Tour Travel And More\"},\"image\":{\"@id\":\"https:\/\/tourtravelandmore.com\/es\/#\/schema\/logo\/image\/\"},\"sameAs\":[\"https:\/\/www.facebook.com\/tourtravelandmore\/\",\"https:\/\/x.com\/TourTravel_More\"]}]}<\/script>\n<!-- \/ Yoast SEO Premium plugin. -->","yoast_head_json":{"title":"\u27a1\ufe0f Excursi\u00f3n privada a San Gimignano, Siena y Chianti | Tour Travel & More","description":"Reserva ya esta Excursi\u00f3n privada a San Gimignano, Siena y Chianti, ser\u00e1 una experiencia completamente privada y de lujo \u2705","robots":{"index":"index","follow":"follow","max-snippet":"max-snippet:-1","max-image-preview":"max-image-preview:large","max-video-preview":"max-video-preview:-1"},"canonical":"https:\/\/tourtravelandmore.com\/es\/tours\/italia-es\/florencia-es\/excursion-privada-a-san-gimignano-siena-y-chianti\/","og_locale":"es_ES","og_type":"article","og_title":"Excursi\u00f3n privada a San Gimignano, Siena y Chianti","og_description":"Reserva ya esta Excursi\u00f3n privada a San Gimignano, Siena y Chianti, ser\u00e1 una experiencia completamente privada y de lujo \u2705","og_url":"https:\/\/tourtravelandmore.com\/es\/tours\/italia-es\/florencia-es\/excursion-privada-a-san-gimignano-siena-y-chianti\/","og_site_name":"Tour Travel And More","article_publisher":"https:\/\/www.facebook.com\/tourtravelandmore\/","article_modified_time":"2022-08-25T12:57:58+00:00","og_image":[{"width":900,"height":750,"url":"https:\/\/tourtravelandmore.com\/wp-content\/uploads\/2022\/08\/image2-1.jpg","type":"image\/jpeg"}],"twitter_card":"summary_large_image","twitter_site":"@TourTravel_More","twitter_misc":{"Tiempo de lectura":"3 minutos"},"schema":{"@context":"https:\/\/schema.org","@graph":[{"@type":"WebPage","@id":"https:\/\/tourtravelandmore.com\/es\/tours\/italia-es\/florencia-es\/excursion-privada-a-san-gimignano-siena-y-chianti\/","url":"https:\/\/tourtravelandmore.com\/es\/tours\/italia-es\/florencia-es\/excursion-privada-a-san-gimignano-siena-y-chianti\/","name":"\u27a1\ufe0f Excursi\u00f3n privada a San Gimignano, Siena y Chianti | Tour Travel & More","isPartOf":{"@id":"https:\/\/tourtravelandmore.com\/es\/#website"},"primaryImageOfPage":{"@id":"https:\/\/tourtravelandmore.com\/es\/tours\/italia-es\/florencia-es\/excursion-privada-a-san-gimignano-siena-y-chianti\/#primaryimage"},"image":{"@id":"https:\/\/tourtravelandmore.com\/es\/tours\/italia-es\/florencia-es\/excursion-privada-a-san-gimignano-siena-y-chianti\/#primaryimage"},"thumbnailUrl":"https:\/\/tourtravelandmore.com\/wp-content\/uploads\/2022\/08\/image2-1.jpg","datePublished":"2022-08-25T12:43:52+00:00","dateModified":"2022-08-25T12:57:58+00:00","description":"Reserva ya esta Excursi\u00f3n privada a San Gimignano, Siena y Chianti, ser\u00e1 una experiencia completamente privada y de lujo \u2705","breadcrumb":{"@id":"https:\/\/tourtravelandmore.com\/es\/tours\/italia-es\/florencia-es\/excursion-privada-a-san-gimignano-siena-y-chianti\/#breadcrumb"},"inLanguage":"es","potentialAction":[{"@type":"ReadAction","target":["https:\/\/tourtravelandmore.com\/es\/tours\/italia-es\/florencia-es\/excursion-privada-a-san-gimignano-siena-y-chianti\/"]}]},{"@type":"ImageObject","inLanguage":"es","@id":"https:\/\/tourtravelandmore.com\/es\/tours\/italia-es\/florencia-es\/excursion-privada-a-san-gimignano-siena-y-chianti\/#primaryimage","url":"https:\/\/tourtravelandmore.com\/wp-content\/uploads\/2022\/08\/image2-1.jpg","contentUrl":"https:\/\/tourtravelandmore.com\/wp-content\/uploads\/2022\/08\/image2-1.jpg","width":900,"height":750},{"@type":"BreadcrumbList","@id":"https:\/\/tourtravelandmore.com\/es\/tours\/italia-es\/florencia-es\/excursion-privada-a-san-gimignano-siena-y-chianti\/#breadcrumb","itemListElement":[{"@type":"ListItem","position":1,"name":"Home","item":"https:\/\/tourtravelandmore.com\/es\/"},{"@type":"ListItem","position":2,"name":"Tours","item":"https:\/\/tourtravelandmore.com\/es\/tours\/"},{"@type":"ListItem","position":3,"name":"Excursi\u00f3n privada a San Gimignano, Siena y Chianti"}]},{"@type":"WebSite","@id":"https:\/\/tourtravelandmore.com\/es\/#website","url":"https:\/\/tourtravelandmore.com\/es\/","name":"Tour Travel And More","description":"Private sightseeing tours and luxury transfers in Spain","publisher":{"@id":"https:\/\/tourtravelandmore.com\/es\/#organization"},"potentialAction":[{"@type":"SearchAction","target":{"@type":"EntryPoint","urlTemplate":"https:\/\/tourtravelandmore.com\/es\/?s={search_term_string}"},"query-input":{"@type":"PropertyValueSpecification","valueRequired":true,"valueName":"search_term_string"}}],"inLanguage":"es"},{"@type":"Organization","@id":"https:\/\/tourtravelandmore.com\/es\/#organization","name":"Tour Travel And More","url":"https:\/\/tourtravelandmore.com\/es\/","logo":{"@type":"ImageObject","inLanguage":"es","@id":"https:\/\/tourtravelandmore.com\/es\/#\/schema\/logo\/image\/","url":"https:\/\/tourtravelandmore.com\/wp-content\/uploads\/2022\/12\/cropped-logo-cabecera-new.png","contentUrl":"https:\/\/tourtravelandmore.com\/wp-content\/uploads\/2022\/12\/cropped-logo-cabecera-new.png","width":430,"height":61,"caption":"Tour Travel And More"},"image":{"@id":"https:\/\/tourtravelandmore.com\/es\/#\/schema\/logo\/image\/"},"sameAs":["https:\/\/www.facebook.com\/tourtravelandmore\/","https:\/\/x.com\/TourTravel_More"]}]}},"_links":{"self":[{"href":"https:\/\/tourtravelandmore.com\/es\/wp-json\/wp\/v2\/product\/135402","targetHints":{"allow":["GET"]}}],"collection":[{"href":"https:\/\/tourtravelandmore.com\/es\/wp-json\/wp\/v2\/product"}],"about":[{"href":"https:\/\/tourtravelandmore.com\/es\/wp-json\/wp\/v2\/types\/product"}],"replies":[{"embeddable":true,"href":"https:\/\/tourtravelandmore.com\/es\/wp-json\/wp\/v2\/comments?post=135402"}],"wp:featuredmedia":[{"embeddable":true,"href":"https:\/\/tourtravelandmore.com\/es\/wp-json\/wp\/v2\/media\/135421"}],"wp:attachment":[{"href":"https:\/\/tourtravelandmore.com\/es\/wp-json\/wp\/v2\/media?parent=135402"}],"wp:term":[{"taxonomy":"product_brand","embeddable":true,"href":"https:\/\/tourtravelandmore.com\/es\/wp-json\/wp\/v2\/product_brand?post=135402"},{"taxonomy":"product_cat","embeddable":true,"href":"https:\/\/tourtravelandmore.com\/es\/wp-json\/wp\/v2\/product_cat?post=135402"},{"taxonomy":"product_tag","embeddable":true,"href":"https:\/\/tourtravelandmore.com\/es\/wp-json\/wp\/v2\/product_tag?post=135402"}],"curies":[{"name":"wp","href":"https:\/\/api.w.org\/{rel}","templated":true}]}}