{"id":135290,"date":"2022-08-24T13:35:21","date_gmt":"2022-08-24T11:35:24","guid":{"rendered":"https:\/\/tourtravelandmore.com\/?post_type=product&#038;p=135290"},"modified":"2022-08-25T14:59:49","modified_gmt":"2022-08-25T12:59:49","slug":"excursion-privada-a-pisa-san-gimignano-y-siena","status":"publish","type":"product","link":"https:\/\/tourtravelandmore.com\/es\/tours\/italia-es\/florencia-es\/excursion-privada-a-pisa-san-gimignano-y-siena\/","title":{"rendered":"Excursi\u00f3n privada a Pisa, San Gimignano y Siena"},"content":{"rendered":"<h2><b>Descripci\u00f3n de la Excursi\u00f3n privada a Pisa, San Gimignano y Siena<\/b><\/h2>\n<p><span style=\"font-weight: 400;\">Un tour privado de 12 horas es una excelente manera de explorar la campi\u00f1a toscana, ya que tendr\u00e1 la oportunidad de visitar algunos de los pueblos m\u00e1s bellos de esta.<\/span><\/p>\n<p><span style=\"font-weight: 400;\">Para comenzar este d\u00eda usted y sus acompa\u00f1antes se reunir\u00e1n con su chofer y veh\u00edculo privado en su lugar de alojamiento o punto de elecci\u00f3n en Florencia.<\/span><\/p>\n<p><span style=\"font-weight: 400;\">La primera parada es Pisa para una visita guiada de la Torre Inclinada y la Catedral de Pisa. Despu\u00e9s de eso, nos dirigimos al sur a San Gimignano para una visita guiada a pie de esta ciudad medieval con su hermoso centro hist\u00f3rico y por \u00faltimo visitaremos Siena.<\/span><\/p>\n<p><span style=\"font-weight: 400;\">Este tour privado es completamente personalizable, si necesita m\u00e1s tiempo, entradas o quiere conocer m\u00e1s sitios por favor h\u00e1ganoslo saber.<\/span><\/p>\n<h2><b>Puntos de inter\u00e9s en la Excursi\u00f3n privada a Pisa, San Gimignano y Siena<\/b><\/h2>\n<p><span style=\"font-weight: 400;\">Los puntos de inter\u00e9s del Tour Privado a Pisa, San Gimignano y Siena incluyen la Catedral de Pisa, el Duomo di Siena y el Palazzo Pubblico. Todas estas son maravillas arquitect\u00f3nicas que debe ver si est\u00e1 visitando estas ciudades o se hospeda en Florencia, ya que es f\u00e1cil llegar a ellas, recuerde que podr\u00e1 ver las tres ciudades en un d\u00eda sin tener que preocuparse por el transporte o las largas filas para comprar boletos.<\/span><\/p>\n<h3><b>Pisa<\/b><\/h3>\n<p><span style=\"font-weight: 400;\">La torre de Pisa es uno de los monumentos m\u00e1s famosos de Italia y del mundo. Es Patrimonio de la Humanidad por la UNESCO y fue construido durante un per\u00edodo de m\u00e1s de dos siglos.<\/span><\/p>\n<h3><b>San Gimignano<\/b><\/h3>\n<p><span style=\"font-weight: 400;\">San Gimignano es una ciudad antigua que fue fundada en el siglo XII. Tiene una arquitectura medieval italiana con calles estrechas y torres.<\/span><\/p>\n<h3><b>Siena<\/b><\/h3>\n<p><span style=\"font-weight: 400;\">Siena es una de las ciudades medievales m\u00e1s bellas de Italia, que ha sido designada por la UNESCO como Patrimonio de la Humanidad.<\/span><\/p>\n<p><span style=\"font-weight: 400;\">Al finalizar la exclusi\u00f3n privada le llevaremos de regreso junto con su chofer y veh\u00edculo privado a su punto de recogida en Florencia para que pueda seguir descubriendo esta hermosa ciudad por su cuenta.<\/span><\/p>\n<p><span style=\"font-weight: 400;\">Si as\u00ed lo desea tambi\u00e9n, puede reservar otro de nuestros<\/span> <a href=\"https:\/\/tourtravelandmore.com\/es\/ciudad\/italia-es\/florencia-es\/\"><span style=\"font-weight: 400;\">tours privados en Florencia<\/span><\/a><span style=\"font-weight: 400;\"> y as\u00ed conocer m\u00e1s lugares m\u00e1gicos en su viaje o estad\u00eda.<\/span><\/p>\n","protected":false},"excerpt":{"rendered":"<p><b>\u00a0<\/b><span style=\"font-weight: 400;\">Este tour privado de 12 horas le llevar\u00e1 de Florencia a Pisa, San Gimignano y Siena. Ser guiado por un experto local que le mostrar\u00e1 todas las gemas ocultas de estas tres ciudades hist\u00f3ricas.<\/span><\/p>\n","protected":false},"featured_media":135315,"comment_status":"open","ping_status":"closed","template":"","meta":{"_acf_changed":false},"product_brand":[],"product_cat":[412,413,415,414],"product_tag":[],"class_list":{"0":"post-135290","1":"product","2":"type-product","3":"status-publish","4":"has-post-thumbnail","6":"product_cat-florencia-es","7":"product_cat-florencia-actividades-es","8":"product_cat-florencia-rutas-turisticas-privadas-es","9":"product_cat-florencia-excursiones-es","11":"first","12":"instock","13":"shipping-taxable","14":"purchasable","15":"product-type-simple"},"acf":[],"yoast_head":"<!-- This site is optimized with the Yoast SEO Premium plugin v25.3.1 (Yoast SEO v25.3.1) - https:\/\/yoast.com\/wordpress\/plugins\/seo\/ -->\n<title>\u27a1\ufe0f Excursi\u00f3n privada a Pisa, San Gimignano y Siena | Tour Travel &amp; More<\/title>\n<meta name=\"description\" content=\"Reserve ya est\u00e1 inigualable Excursi\u00f3n privada a Pisa, San Gimignano y Siena, ser\u00e1 una experiencia inolvidable \u2705\" \/>\n<meta name=\"robots\" content=\"index, follow, max-snippet:-1, max-image-preview:large, max-video-preview:-1\" \/>\n<link rel=\"canonical\" href=\"https:\/\/tourtravelandmore.com\/es\/tours\/italia-es\/florencia-es\/excursion-privada-a-pisa-san-gimignano-y-siena\/\" \/>\n<meta property=\"og:locale\" content=\"es_ES\" \/>\n<meta property=\"og:type\" content=\"article\" \/>\n<meta property=\"og:title\" content=\"Excursi\u00f3n privada a Pisa, San Gimignano y Siena\" \/>\n<meta property=\"og:description\" content=\"Reserve ya est\u00e1 inigualable Excursi\u00f3n privada a Pisa, San Gimignano y Siena, ser\u00e1 una experiencia inolvidable \u2705\" \/>\n<meta property=\"og:url\" content=\"https:\/\/tourtravelandmore.com\/es\/tours\/italia-es\/florencia-es\/excursion-privada-a-pisa-san-gimignano-y-siena\/\" \/>\n<meta property=\"og:site_name\" content=\"Tour Travel And More\" \/>\n<meta property=\"article:publisher\" content=\"https:\/\/www.facebook.com\/tourtravelandmore\/\" \/>\n<meta property=\"article:modified_time\" content=\"2022-08-25T12:59:49+00:00\" \/>\n<meta property=\"og:image\" content=\"https:\/\/tourtravelandmore.com\/wp-content\/uploads\/2022\/08\/image4.jpg\" \/>\n\t<meta property=\"og:image:width\" content=\"900\" \/>\n\t<meta property=\"og:image:height\" content=\"750\" \/>\n\t<meta property=\"og:image:type\" content=\"image\/jpeg\" \/>\n<meta name=\"twitter:card\" content=\"summary_large_image\" \/>\n<meta name=\"twitter:site\" content=\"@TourTravel_More\" \/>\n<meta name=\"twitter:label1\" content=\"Tiempo de lectura\" \/>\n\t<meta name=\"twitter:data1\" content=\"2 minutos\" \/>\n<script type=\"application\/ld+json\" class=\"yoast-schema-graph\">{\"@context\":\"https:\/\/schema.org\",\"@graph\":[{\"@type\":\"WebPage\",\"@id\":\"https:\/\/tourtravelandmore.com\/es\/tours\/italia-es\/florencia-es\/excursion-privada-a-pisa-san-gimignano-y-siena\/\",\"url\":\"https:\/\/tourtravelandmore.com\/es\/tours\/italia-es\/florencia-es\/excursion-privada-a-pisa-san-gimignano-y-siena\/\",\"name\":\"\u27a1\ufe0f Excursi\u00f3n privada a Pisa, San Gimignano y Siena | Tour Travel & More\",\"isPartOf\":{\"@id\":\"https:\/\/tourtravelandmore.com\/es\/#website\"},\"primaryImageOfPage\":{\"@id\":\"https:\/\/tourtravelandmore.com\/es\/tours\/italia-es\/florencia-es\/excursion-privada-a-pisa-san-gimignano-y-siena\/#primaryimage\"},\"image\":{\"@id\":\"https:\/\/tourtravelandmore.com\/es\/tours\/italia-es\/florencia-es\/excursion-privada-a-pisa-san-gimignano-y-siena\/#primaryimage\"},\"thumbnailUrl\":\"https:\/\/tourtravelandmore.com\/wp-content\/uploads\/2022\/08\/image4.jpg\",\"datePublished\":\"2022-08-24T11:35:24+00:00\",\"dateModified\":\"2022-08-25T12:59:49+00:00\",\"description\":\"Reserve ya est\u00e1 inigualable Excursi\u00f3n privada a Pisa, San Gimignano y Siena, ser\u00e1 una experiencia inolvidable \u2705\",\"breadcrumb\":{\"@id\":\"https:\/\/tourtravelandmore.com\/es\/tours\/italia-es\/florencia-es\/excursion-privada-a-pisa-san-gimignano-y-siena\/#breadcrumb\"},\"inLanguage\":\"es\",\"potentialAction\":[{\"@type\":\"ReadAction\",\"target\":[\"https:\/\/tourtravelandmore.com\/es\/tours\/italia-es\/florencia-es\/excursion-privada-a-pisa-san-gimignano-y-siena\/\"]}]},{\"@type\":\"ImageObject\",\"inLanguage\":\"es\",\"@id\":\"https:\/\/tourtravelandmore.com\/es\/tours\/italia-es\/florencia-es\/excursion-privada-a-pisa-san-gimignano-y-siena\/#primaryimage\",\"url\":\"https:\/\/tourtravelandmore.com\/wp-content\/uploads\/2022\/08\/image4.jpg\",\"contentUrl\":\"https:\/\/tourtravelandmore.com\/wp-content\/uploads\/2022\/08\/image4.jpg\",\"width\":900,\"height\":750},{\"@type\":\"BreadcrumbList\",\"@id\":\"https:\/\/tourtravelandmore.com\/es\/tours\/italia-es\/florencia-es\/excursion-privada-a-pisa-san-gimignano-y-siena\/#breadcrumb\",\"itemListElement\":[{\"@type\":\"ListItem\",\"position\":1,\"name\":\"Home\",\"item\":\"https:\/\/tourtravelandmore.com\/es\/\"},{\"@type\":\"ListItem\",\"position\":2,\"name\":\"Tours\",\"item\":\"https:\/\/tourtravelandmore.com\/es\/tours\/\"},{\"@type\":\"ListItem\",\"position\":3,\"name\":\"Excursi\u00f3n privada a Pisa, San Gimignano y Siena\"}]},{\"@type\":\"WebSite\",\"@id\":\"https:\/\/tourtravelandmore.com\/es\/#website\",\"url\":\"https:\/\/tourtravelandmore.com\/es\/\",\"name\":\"Tour Travel And More\",\"description\":\"Private sightseeing tours and luxury transfers in Spain\",\"publisher\":{\"@id\":\"https:\/\/tourtravelandmore.com\/es\/#organization\"},\"potentialAction\":[{\"@type\":\"SearchAction\",\"target\":{\"@type\":\"EntryPoint\",\"urlTemplate\":\"https:\/\/tourtravelandmore.com\/es\/?s={search_term_string}\"},\"query-input\":{\"@type\":\"PropertyValueSpecification\",\"valueRequired\":true,\"valueName\":\"search_term_string\"}}],\"inLanguage\":\"es\"},{\"@type\":\"Organization\",\"@id\":\"https:\/\/tourtravelandmore.com\/es\/#organization\",\"name\":\"Tour Travel And More\",\"url\":\"https:\/\/tourtravelandmore.com\/es\/\",\"logo\":{\"@type\":\"ImageObject\",\"inLanguage\":\"es\",\"@id\":\"https:\/\/tourtravelandmore.com\/es\/#\/schema\/logo\/image\/\",\"url\":\"https:\/\/tourtravelandmore.com\/wp-content\/uploads\/2022\/12\/cropped-logo-cabecera-new.png\",\"contentUrl\":\"https:\/\/tourtravelandmore.com\/wp-content\/uploads\/2022\/12\/cropped-logo-cabecera-new.png\",\"width\":430,\"height\":61,\"caption\":\"Tour Travel And More\"},\"image\":{\"@id\":\"https:\/\/tourtravelandmore.com\/es\/#\/schema\/logo\/image\/\"},\"sameAs\":[\"https:\/\/www.facebook.com\/tourtravelandmore\/\",\"https:\/\/x.com\/TourTravel_More\"]}]}<\/script>\n<!-- \/ Yoast SEO Premium plugin. -->","yoast_head_json":{"title":"\u27a1\ufe0f Excursi\u00f3n privada a Pisa, San Gimignano y Siena | Tour Travel & More","description":"Reserve ya est\u00e1 inigualable Excursi\u00f3n privada a Pisa, San Gimignano y Siena, ser\u00e1 una experiencia inolvidable \u2705","robots":{"index":"index","follow":"follow","max-snippet":"max-snippet:-1","max-image-preview":"max-image-preview:large","max-video-preview":"max-video-preview:-1"},"canonical":"https:\/\/tourtravelandmore.com\/es\/tours\/italia-es\/florencia-es\/excursion-privada-a-pisa-san-gimignano-y-siena\/","og_locale":"es_ES","og_type":"article","og_title":"Excursi\u00f3n privada a Pisa, San Gimignano y Siena","og_description":"Reserve ya est\u00e1 inigualable Excursi\u00f3n privada a Pisa, San Gimignano y Siena, ser\u00e1 una experiencia inolvidable \u2705","og_url":"https:\/\/tourtravelandmore.com\/es\/tours\/italia-es\/florencia-es\/excursion-privada-a-pisa-san-gimignano-y-siena\/","og_site_name":"Tour Travel And More","article_publisher":"https:\/\/www.facebook.com\/tourtravelandmore\/","article_modified_time":"2022-08-25T12:59:49+00:00","og_image":[{"width":900,"height":750,"url":"https:\/\/tourtravelandmore.com\/wp-content\/uploads\/2022\/08\/image4.jpg","type":"image\/jpeg"}],"twitter_card":"summary_large_image","twitter_site":"@TourTravel_More","twitter_misc":{"Tiempo de lectura":"2 minutos"},"schema":{"@context":"https:\/\/schema.org","@graph":[{"@type":"WebPage","@id":"https:\/\/tourtravelandmore.com\/es\/tours\/italia-es\/florencia-es\/excursion-privada-a-pisa-san-gimignano-y-siena\/","url":"https:\/\/tourtravelandmore.com\/es\/tours\/italia-es\/florencia-es\/excursion-privada-a-pisa-san-gimignano-y-siena\/","name":"\u27a1\ufe0f Excursi\u00f3n privada a Pisa, San Gimignano y Siena | Tour Travel & More","isPartOf":{"@id":"https:\/\/tourtravelandmore.com\/es\/#website"},"primaryImageOfPage":{"@id":"https:\/\/tourtravelandmore.com\/es\/tours\/italia-es\/florencia-es\/excursion-privada-a-pisa-san-gimignano-y-siena\/#primaryimage"},"image":{"@id":"https:\/\/tourtravelandmore.com\/es\/tours\/italia-es\/florencia-es\/excursion-privada-a-pisa-san-gimignano-y-siena\/#primaryimage"},"thumbnailUrl":"https:\/\/tourtravelandmore.com\/wp-content\/uploads\/2022\/08\/image4.jpg","datePublished":"2022-08-24T11:35:24+00:00","dateModified":"2022-08-25T12:59:49+00:00","description":"Reserve ya est\u00e1 inigualable Excursi\u00f3n privada a Pisa, San Gimignano y Siena, ser\u00e1 una experiencia inolvidable \u2705","breadcrumb":{"@id":"https:\/\/tourtravelandmore.com\/es\/tours\/italia-es\/florencia-es\/excursion-privada-a-pisa-san-gimignano-y-siena\/#breadcrumb"},"inLanguage":"es","potentialAction":[{"@type":"ReadAction","target":["https:\/\/tourtravelandmore.com\/es\/tours\/italia-es\/florencia-es\/excursion-privada-a-pisa-san-gimignano-y-siena\/"]}]},{"@type":"ImageObject","inLanguage":"es","@id":"https:\/\/tourtravelandmore.com\/es\/tours\/italia-es\/florencia-es\/excursion-privada-a-pisa-san-gimignano-y-siena\/#primaryimage","url":"https:\/\/tourtravelandmore.com\/wp-content\/uploads\/2022\/08\/image4.jpg","contentUrl":"https:\/\/tourtravelandmore.com\/wp-content\/uploads\/2022\/08\/image4.jpg","width":900,"height":750},{"@type":"BreadcrumbList","@id":"https:\/\/tourtravelandmore.com\/es\/tours\/italia-es\/florencia-es\/excursion-privada-a-pisa-san-gimignano-y-siena\/#breadcrumb","itemListElement":[{"@type":"ListItem","position":1,"name":"Home","item":"https:\/\/tourtravelandmore.com\/es\/"},{"@type":"ListItem","position":2,"name":"Tours","item":"https:\/\/tourtravelandmore.com\/es\/tours\/"},{"@type":"ListItem","position":3,"name":"Excursi\u00f3n privada a Pisa, San Gimignano y Siena"}]},{"@type":"WebSite","@id":"https:\/\/tourtravelandmore.com\/es\/#website","url":"https:\/\/tourtravelandmore.com\/es\/","name":"Tour Travel And More","description":"Private sightseeing tours and luxury transfers in Spain","publisher":{"@id":"https:\/\/tourtravelandmore.com\/es\/#organization"},"potentialAction":[{"@type":"SearchAction","target":{"@type":"EntryPoint","urlTemplate":"https:\/\/tourtravelandmore.com\/es\/?s={search_term_string}"},"query-input":{"@type":"PropertyValueSpecification","valueRequired":true,"valueName":"search_term_string"}}],"inLanguage":"es"},{"@type":"Organization","@id":"https:\/\/tourtravelandmore.com\/es\/#organization","name":"Tour Travel And More","url":"https:\/\/tourtravelandmore.com\/es\/","logo":{"@type":"ImageObject","inLanguage":"es","@id":"https:\/\/tourtravelandmore.com\/es\/#\/schema\/logo\/image\/","url":"https:\/\/tourtravelandmore.com\/wp-content\/uploads\/2022\/12\/cropped-logo-cabecera-new.png","contentUrl":"https:\/\/tourtravelandmore.com\/wp-content\/uploads\/2022\/12\/cropped-logo-cabecera-new.png","width":430,"height":61,"caption":"Tour Travel And More"},"image":{"@id":"https:\/\/tourtravelandmore.com\/es\/#\/schema\/logo\/image\/"},"sameAs":["https:\/\/www.facebook.com\/tourtravelandmore\/","https:\/\/x.com\/TourTravel_More"]}]}},"_links":{"self":[{"href":"https:\/\/tourtravelandmore.com\/es\/wp-json\/wp\/v2\/product\/135290","targetHints":{"allow":["GET"]}}],"collection":[{"href":"https:\/\/tourtravelandmore.com\/es\/wp-json\/wp\/v2\/product"}],"about":[{"href":"https:\/\/tourtravelandmore.com\/es\/wp-json\/wp\/v2\/types\/product"}],"replies":[{"embeddable":true,"href":"https:\/\/tourtravelandmore.com\/es\/wp-json\/wp\/v2\/comments?post=135290"}],"wp:featuredmedia":[{"embeddable":true,"href":"https:\/\/tourtravelandmore.com\/es\/wp-json\/wp\/v2\/media\/135315"}],"wp:attachment":[{"href":"https:\/\/tourtravelandmore.com\/es\/wp-json\/wp\/v2\/media?parent=135290"}],"wp:term":[{"taxonomy":"product_brand","embeddable":true,"href":"https:\/\/tourtravelandmore.com\/es\/wp-json\/wp\/v2\/product_brand?post=135290"},{"taxonomy":"product_cat","embeddable":true,"href":"https:\/\/tourtravelandmore.com\/es\/wp-json\/wp\/v2\/product_cat?post=135290"},{"taxonomy":"product_tag","embeddable":true,"href":"https:\/\/tourtravelandmore.com\/es\/wp-json\/wp\/v2\/product_tag?post=135290"}],"curies":[{"name":"wp","href":"https:\/\/api.w.org\/{rel}","templated":true}]}}