{"id":132905,"date":"2022-07-25T11:18:16","date_gmt":"2022-07-25T09:18:17","guid":{"rendered":"https:\/\/tourtravelandmore.com\/?post_type=product&#038;p=132905"},"modified":"2023-05-09T01:39:33","modified_gmt":"2023-05-08T23:39:33","slug":"tour-privado-taormina-y-visita-a-una-bodega-en-etna-desde-mesina","status":"publish","type":"product","link":"https:\/\/tourtravelandmore.com\/es\/tours\/italia-es\/messina-es\/todos-los-tours-y-actividades-privadas-es\/tour-privado-taormina-y-visita-a-una-bodega-en-etna-desde-mesina\/","title":{"rendered":"Tour privado Taormina y visita a una bodega en Etna desde Messina"},"content":{"rendered":"<h2><b>Descripci\u00f3n del tour privado Taormina y visita a una bodega en el Etna desde Messina<\/b><\/h2>\n<p><span style=\"font-weight: 400;\">El tour privado de Taormina y el Etna es perfecto para quienes deseen explorar estos impresionantes destinos con comodidad y lujo. Su conductor\/gu\u00eda personal le llevar\u00e1 en un pintoresco recorrido por la campi\u00f1a siciliana, donde podr\u00e1 contemplar las impresionantes vistas de la costa y el campo.<\/span><\/p>\n<p><span style=\"font-weight: 400;\">Durante el recorrido, visitar\u00e1 algunos de los lugares m\u00e1s famosos de Taormina, como el antiguo teatro griego y las encantadoras calles medievales del casco antiguo. Tambi\u00e9n tendr\u00e1 la oportunidad de explorar los impresionantes paisajes naturales del Etna, incluidos el cr\u00e1ter y los campos de lava.<\/span><\/p>\n<p><span style=\"font-weight: 400;\">Tanto si es un aficionado a la historia, un amante de la naturaleza o simplemente desea relajarse en la playa, el tour privado de Taormina y el Etna es la forma perfecta de experimentar la belleza y el encanto de Sicilia. P\u00f3ngase en contacto con nosotros hoy mismo para reservar su excursi\u00f3n y descubrir lo mejor de esta incre\u00edble isla.<\/span><\/p>\n<h2><b>Puntos de inter\u00e9s del tour privado de Taormina y visita a una bodega en el Etna desde Mesina<\/b><\/h2>\n<p><span style=\"font-weight: 400;\">Una vez que comience su tour privado, su gu\u00eda y su veh\u00edculo privado le llevar\u00e1n a los puntos de inter\u00e9s m\u00e1s emblem\u00e1ticos de Taormina, donde su gu\u00eda le explicar\u00e1 detalladamente cualquier duda que pueda tener, datos importantes, entre otras cosas. En este tour privado, conocer\u00e1:<\/span><\/p>\n<p><strong>Iglesias y monumentos:<\/strong><\/p>\n<p><span style=\"font-weight: 400;\">Taormina alberga numerosas iglesias y monumentos que reflejan su rico patrimonio cultural. La ciudad posee una fascinante mezcla de estilos arquitect\u00f3nicos, desde el antiguo Teatro Griego hasta el estilo barroco de la Iglesia de San Giuseppe. Otros monumentos notables son la Catedral de Taormina y el Palacio Corvaja. Cada uno de estos edificios tiene una historia \u00fanica que contar, y una visita privada es una forma excelente de explorar su historia y significado en profundidad.<\/span><\/p>\n<p><b>El volc\u00e1n activo m\u00e1s grande de Europa:<\/b><\/p>\n<p><span style=\"font-weight: 400;\">El Etna no s\u00f3lo es el volc\u00e1n activo m\u00e1s grande de Europa, sino tambi\u00e9n uno de los volcanes m\u00e1s activos del mundo. Tiene m\u00e1s de 3.329 metros de altura y domina el horizonte de Sicilia. Una visita privada al Etna le ofrece la oportunidad de conocer la fascinante geolog\u00eda, historia e importancia cultural del volc\u00e1n. Tambi\u00e9n puede subir en telef\u00e9rico a las laderas superiores del Etna para disfrutar de una vista impresionante de los paisajes circundantes.<\/span><\/p>\n<p><b>Corso Umberto:<\/b><\/p>\n<p><span style=\"font-weight: 400;\">Corso Umberto es una de las calles principales de Taormina, bordeada de elegantes edificios, caf\u00e9s y tiendas. Es un destino popular tanto para turistas como para lugare\u00f1os, y un lugar ideal para pasear tranquilamente. Durante un recorrido privado por Taormina, su gu\u00eda puede proporcionarle informaci\u00f3n sobre la historia de la calle, as\u00ed como se\u00f1alarle lugares de inter\u00e9s y atracciones a lo largo del camino.<\/span><\/p>\n<p><b>Plaza IX Aprile:<\/b><\/p>\n<p><span style=\"font-weight: 400;\">La Piazza IX Aprile es una popular plaza de Taormina, con impresionantes vistas del mar Mediterr\u00e1neo y el Etna. La plaza alberga una hermosa iglesia barroca y varios restaurantes y caf\u00e9s, lo que la convierte en un lugar excelente para relajarse y contemplar las vistas. Un recorrido privado por Taormina puede incluir una parada en la Piazza IX Aprile, donde su gu\u00eda podr\u00e1 compartir fascinantes conocimientos sobre la historia y el significado cultural de la plaza.<\/span><\/p>\n<p><b>Laderas del Etna:<\/b><\/p>\n<p><span style=\"font-weight: 400;\">Las laderas del Etna est\u00e1n salpicadas de vi\u00f1edos que producen algunos de los mejores vinos de Sicilia. Una excursi\u00f3n privada por Taormina puede incluir una visita a uno de estos vi\u00f1edos para disfrutar de una cata de vinos. Podr\u00e1 degustar una gran variedad de vinos, incluidos los famosos tintos del Etna Rosso DOC y los blancos del Etna Bianco DOC. Su gu\u00eda puede proporcionarle informaci\u00f3n sobre la cultura vitivin\u00edcola local y el proceso de elaboraci\u00f3n del vino, convirti\u00e9ndolo en una experiencia realmente envolvente.<\/span><\/p>\n<p><strong>Visita a una bodega en Etna con degustaci\u00f3n de vinos<\/strong><\/p>\n<p><span style=\"font-weight: 400;\">Un tour privado de Taormina no estar\u00eda completo sin una experiencia de cata de vinos. La regi\u00f3n es famosa por su rica y diversa cultura vin\u00edcola, y hay muchos vi\u00f1edos y bodegas que ofrecen degustaciones. Durante una visita privada, podr\u00e1 degustar una variedad de vinos, incluyendo tintos, blancos y rosados en una bodega, y aprender sobre el proceso de elaboraci\u00f3n del vino. Su gu\u00eda tambi\u00e9n puede proporcionarle informaci\u00f3n sobre la cultura y las tradiciones vitivin\u00edcolas locales, convirti\u00e9ndola en una experiencia inolvidable.<\/span><\/p>\n<p><span style=\"font-weight: 400;\">Al final de la excursi\u00f3n, su veh\u00edculo con conductor privado le llevar\u00e1 de vuelta al punto de recogida en Messina, para que pueda seguir disfrutando de esta ciudad.<\/span><\/p>\n<p><span style=\"font-weight: 400;\">Si desea saber m\u00e1s sobre Messina y sus bellos lugares y puntos de inter\u00e9s, le recomendamos que reserve otro <\/span><a href=\"https:\/\/tourtravelandmore.com\/es\/ciudad\/italia-es\/messina-es\/\"><span style=\"font-weight: 400;\">tour privado<\/span><\/a><span style=\"font-weight: 400;\"> en este fant\u00e1stico destino.<\/span><\/p>\n","protected":false},"excerpt":{"rendered":"<p><span style=\"font-weight: 400;\">Un tour privado al Etna desde Messina le permitir\u00e1 explorar el volc\u00e1n sin preocuparse por las multitudes o esperar en fila durante horas y horas. Tambi\u00e9n puedes visitar una bodega en el Etna.<\/span><\/p>\n","protected":false},"featured_media":132924,"comment_status":"open","ping_status":"closed","template":"","meta":{"_acf_changed":false},"product_brand":[],"product_cat":[1608,4168,4185,4178,4187],"product_tag":[],"class_list":{"0":"post-132905","1":"product","2":"type-product","3":"status-publish","4":"has-post-thumbnail","6":"product_cat-italia-es","7":"product_cat-messina-es","8":"product_cat-excursiones-privadas-en-tierra-es","9":"product_cat-todos-los-tours-y-actividades-privadas-es","10":"product_cat-visitas-turisticas-privadas-es","12":"first","13":"instock","14":"shipping-taxable","15":"purchasable","16":"product-type-simple"},"acf":[],"yoast_head":"<!-- This site is optimized with the Yoast SEO Premium plugin v25.3.1 (Yoast SEO v25.3.1) - https:\/\/yoast.com\/wordpress\/plugins\/seo\/ -->\n<title>\u27a1\ufe0f Tour privado Taormina y visita a una bodega en Etna desde Mesina | TTM<\/title>\n<meta name=\"description\" content=\"Reserva ya este tour privado a Taormina y visita la bodega en Etna partiendo desde Mesina, ser\u00e1 una experiencia inolvidable \u2705\" \/>\n<meta name=\"robots\" content=\"index, follow, max-snippet:-1, max-image-preview:large, max-video-preview:-1\" \/>\n<link rel=\"canonical\" href=\"https:\/\/tourtravelandmore.com\/es\/tours\/italia-es\/messina-es\/todos-los-tours-y-actividades-privadas-es\/tour-privado-taormina-y-visita-a-una-bodega-en-etna-desde-mesina\/\" \/>\n<meta property=\"og:locale\" content=\"es_ES\" \/>\n<meta property=\"og:type\" content=\"article\" \/>\n<meta property=\"og:title\" content=\"Tour privado Taormina y visita a una bodega en Etna desde Messina\" \/>\n<meta property=\"og:description\" content=\"Reserva ya este tour privado a Taormina y visita la bodega en Etna partiendo desde Mesina, ser\u00e1 una experiencia inolvidable \u2705\" \/>\n<meta property=\"og:url\" content=\"https:\/\/tourtravelandmore.com\/es\/tours\/italia-es\/messina-es\/todos-los-tours-y-actividades-privadas-es\/tour-privado-taormina-y-visita-a-una-bodega-en-etna-desde-mesina\/\" \/>\n<meta property=\"og:site_name\" content=\"Tour Travel And More\" \/>\n<meta property=\"article:publisher\" content=\"https:\/\/www.facebook.com\/tourtravelandmore\/\" \/>\n<meta property=\"article:modified_time\" content=\"2023-05-08T23:39:33+00:00\" \/>\n<meta property=\"og:image\" content=\"https:\/\/tourtravelandmore.com\/wp-content\/uploads\/2022\/07\/image1-5.jpg\" \/>\n\t<meta property=\"og:image:width\" content=\"900\" \/>\n\t<meta property=\"og:image:height\" content=\"750\" \/>\n\t<meta property=\"og:image:type\" content=\"image\/jpeg\" \/>\n<meta name=\"twitter:card\" content=\"summary_large_image\" \/>\n<meta name=\"twitter:site\" content=\"@TourTravel_More\" \/>\n<meta name=\"twitter:label1\" content=\"Tiempo de lectura\" \/>\n\t<meta name=\"twitter:data1\" content=\"2 minutos\" \/>\n<script type=\"application\/ld+json\" class=\"yoast-schema-graph\">{\"@context\":\"https:\/\/schema.org\",\"@graph\":[{\"@type\":\"WebPage\",\"@id\":\"https:\/\/tourtravelandmore.com\/es\/tours\/italia-es\/messina-es\/todos-los-tours-y-actividades-privadas-es\/tour-privado-taormina-y-visita-a-una-bodega-en-etna-desde-mesina\/\",\"url\":\"https:\/\/tourtravelandmore.com\/es\/tours\/italia-es\/messina-es\/todos-los-tours-y-actividades-privadas-es\/tour-privado-taormina-y-visita-a-una-bodega-en-etna-desde-mesina\/\",\"name\":\"\u27a1\ufe0f Tour privado Taormina y visita a una bodega en Etna desde Mesina | TTM\",\"isPartOf\":{\"@id\":\"https:\/\/tourtravelandmore.com\/es\/#website\"},\"primaryImageOfPage\":{\"@id\":\"https:\/\/tourtravelandmore.com\/es\/tours\/italia-es\/messina-es\/todos-los-tours-y-actividades-privadas-es\/tour-privado-taormina-y-visita-a-una-bodega-en-etna-desde-mesina\/#primaryimage\"},\"image\":{\"@id\":\"https:\/\/tourtravelandmore.com\/es\/tours\/italia-es\/messina-es\/todos-los-tours-y-actividades-privadas-es\/tour-privado-taormina-y-visita-a-una-bodega-en-etna-desde-mesina\/#primaryimage\"},\"thumbnailUrl\":\"https:\/\/tourtravelandmore.com\/wp-content\/uploads\/2022\/07\/image1-5.jpg\",\"datePublished\":\"2022-07-25T09:18:17+00:00\",\"dateModified\":\"2023-05-08T23:39:33+00:00\",\"description\":\"Reserva ya este tour privado a Taormina y visita la bodega en Etna partiendo desde Mesina, ser\u00e1 una experiencia inolvidable \u2705\",\"breadcrumb\":{\"@id\":\"https:\/\/tourtravelandmore.com\/es\/tours\/italia-es\/messina-es\/todos-los-tours-y-actividades-privadas-es\/tour-privado-taormina-y-visita-a-una-bodega-en-etna-desde-mesina\/#breadcrumb\"},\"inLanguage\":\"es\",\"potentialAction\":[{\"@type\":\"ReadAction\",\"target\":[\"https:\/\/tourtravelandmore.com\/es\/tours\/italia-es\/messina-es\/todos-los-tours-y-actividades-privadas-es\/tour-privado-taormina-y-visita-a-una-bodega-en-etna-desde-mesina\/\"]}]},{\"@type\":\"ImageObject\",\"inLanguage\":\"es\",\"@id\":\"https:\/\/tourtravelandmore.com\/es\/tours\/italia-es\/messina-es\/todos-los-tours-y-actividades-privadas-es\/tour-privado-taormina-y-visita-a-una-bodega-en-etna-desde-mesina\/#primaryimage\",\"url\":\"https:\/\/tourtravelandmore.com\/wp-content\/uploads\/2022\/07\/image1-5.jpg\",\"contentUrl\":\"https:\/\/tourtravelandmore.com\/wp-content\/uploads\/2022\/07\/image1-5.jpg\",\"width\":900,\"height\":750},{\"@type\":\"BreadcrumbList\",\"@id\":\"https:\/\/tourtravelandmore.com\/es\/tours\/italia-es\/messina-es\/todos-los-tours-y-actividades-privadas-es\/tour-privado-taormina-y-visita-a-una-bodega-en-etna-desde-mesina\/#breadcrumb\",\"itemListElement\":[{\"@type\":\"ListItem\",\"position\":1,\"name\":\"Home\",\"item\":\"https:\/\/tourtravelandmore.com\/es\/\"},{\"@type\":\"ListItem\",\"position\":2,\"name\":\"Tours\",\"item\":\"https:\/\/tourtravelandmore.com\/es\/tours\/\"},{\"@type\":\"ListItem\",\"position\":3,\"name\":\"Tour privado Taormina y visita a una bodega en Etna desde Messina\"}]},{\"@type\":\"WebSite\",\"@id\":\"https:\/\/tourtravelandmore.com\/es\/#website\",\"url\":\"https:\/\/tourtravelandmore.com\/es\/\",\"name\":\"Tour Travel And More\",\"description\":\"Private sightseeing tours and luxury transfers in Spain\",\"publisher\":{\"@id\":\"https:\/\/tourtravelandmore.com\/es\/#organization\"},\"potentialAction\":[{\"@type\":\"SearchAction\",\"target\":{\"@type\":\"EntryPoint\",\"urlTemplate\":\"https:\/\/tourtravelandmore.com\/es\/?s={search_term_string}\"},\"query-input\":{\"@type\":\"PropertyValueSpecification\",\"valueRequired\":true,\"valueName\":\"search_term_string\"}}],\"inLanguage\":\"es\"},{\"@type\":\"Organization\",\"@id\":\"https:\/\/tourtravelandmore.com\/es\/#organization\",\"name\":\"Tour Travel And More\",\"url\":\"https:\/\/tourtravelandmore.com\/es\/\",\"logo\":{\"@type\":\"ImageObject\",\"inLanguage\":\"es\",\"@id\":\"https:\/\/tourtravelandmore.com\/es\/#\/schema\/logo\/image\/\",\"url\":\"https:\/\/tourtravelandmore.com\/wp-content\/uploads\/2022\/12\/cropped-logo-cabecera-new.png\",\"contentUrl\":\"https:\/\/tourtravelandmore.com\/wp-content\/uploads\/2022\/12\/cropped-logo-cabecera-new.png\",\"width\":430,\"height\":61,\"caption\":\"Tour Travel And More\"},\"image\":{\"@id\":\"https:\/\/tourtravelandmore.com\/es\/#\/schema\/logo\/image\/\"},\"sameAs\":[\"https:\/\/www.facebook.com\/tourtravelandmore\/\",\"https:\/\/x.com\/TourTravel_More\"]}]}<\/script>\n<!-- \/ Yoast SEO Premium plugin. -->","yoast_head_json":{"title":"\u27a1\ufe0f Tour privado Taormina y visita a una bodega en Etna desde Mesina | TTM","description":"Reserva ya este tour privado a Taormina y visita la bodega en Etna partiendo desde Mesina, ser\u00e1 una experiencia inolvidable \u2705","robots":{"index":"index","follow":"follow","max-snippet":"max-snippet:-1","max-image-preview":"max-image-preview:large","max-video-preview":"max-video-preview:-1"},"canonical":"https:\/\/tourtravelandmore.com\/es\/tours\/italia-es\/messina-es\/todos-los-tours-y-actividades-privadas-es\/tour-privado-taormina-y-visita-a-una-bodega-en-etna-desde-mesina\/","og_locale":"es_ES","og_type":"article","og_title":"Tour privado Taormina y visita a una bodega en Etna desde Messina","og_description":"Reserva ya este tour privado a Taormina y visita la bodega en Etna partiendo desde Mesina, ser\u00e1 una experiencia inolvidable \u2705","og_url":"https:\/\/tourtravelandmore.com\/es\/tours\/italia-es\/messina-es\/todos-los-tours-y-actividades-privadas-es\/tour-privado-taormina-y-visita-a-una-bodega-en-etna-desde-mesina\/","og_site_name":"Tour Travel And More","article_publisher":"https:\/\/www.facebook.com\/tourtravelandmore\/","article_modified_time":"2023-05-08T23:39:33+00:00","og_image":[{"width":900,"height":750,"url":"https:\/\/tourtravelandmore.com\/wp-content\/uploads\/2022\/07\/image1-5.jpg","type":"image\/jpeg"}],"twitter_card":"summary_large_image","twitter_site":"@TourTravel_More","twitter_misc":{"Tiempo de lectura":"2 minutos"},"schema":{"@context":"https:\/\/schema.org","@graph":[{"@type":"WebPage","@id":"https:\/\/tourtravelandmore.com\/es\/tours\/italia-es\/messina-es\/todos-los-tours-y-actividades-privadas-es\/tour-privado-taormina-y-visita-a-una-bodega-en-etna-desde-mesina\/","url":"https:\/\/tourtravelandmore.com\/es\/tours\/italia-es\/messina-es\/todos-los-tours-y-actividades-privadas-es\/tour-privado-taormina-y-visita-a-una-bodega-en-etna-desde-mesina\/","name":"\u27a1\ufe0f Tour privado Taormina y visita a una bodega en Etna desde Mesina | TTM","isPartOf":{"@id":"https:\/\/tourtravelandmore.com\/es\/#website"},"primaryImageOfPage":{"@id":"https:\/\/tourtravelandmore.com\/es\/tours\/italia-es\/messina-es\/todos-los-tours-y-actividades-privadas-es\/tour-privado-taormina-y-visita-a-una-bodega-en-etna-desde-mesina\/#primaryimage"},"image":{"@id":"https:\/\/tourtravelandmore.com\/es\/tours\/italia-es\/messina-es\/todos-los-tours-y-actividades-privadas-es\/tour-privado-taormina-y-visita-a-una-bodega-en-etna-desde-mesina\/#primaryimage"},"thumbnailUrl":"https:\/\/tourtravelandmore.com\/wp-content\/uploads\/2022\/07\/image1-5.jpg","datePublished":"2022-07-25T09:18:17+00:00","dateModified":"2023-05-08T23:39:33+00:00","description":"Reserva ya este tour privado a Taormina y visita la bodega en Etna partiendo desde Mesina, ser\u00e1 una experiencia inolvidable \u2705","breadcrumb":{"@id":"https:\/\/tourtravelandmore.com\/es\/tours\/italia-es\/messina-es\/todos-los-tours-y-actividades-privadas-es\/tour-privado-taormina-y-visita-a-una-bodega-en-etna-desde-mesina\/#breadcrumb"},"inLanguage":"es","potentialAction":[{"@type":"ReadAction","target":["https:\/\/tourtravelandmore.com\/es\/tours\/italia-es\/messina-es\/todos-los-tours-y-actividades-privadas-es\/tour-privado-taormina-y-visita-a-una-bodega-en-etna-desde-mesina\/"]}]},{"@type":"ImageObject","inLanguage":"es","@id":"https:\/\/tourtravelandmore.com\/es\/tours\/italia-es\/messina-es\/todos-los-tours-y-actividades-privadas-es\/tour-privado-taormina-y-visita-a-una-bodega-en-etna-desde-mesina\/#primaryimage","url":"https:\/\/tourtravelandmore.com\/wp-content\/uploads\/2022\/07\/image1-5.jpg","contentUrl":"https:\/\/tourtravelandmore.com\/wp-content\/uploads\/2022\/07\/image1-5.jpg","width":900,"height":750},{"@type":"BreadcrumbList","@id":"https:\/\/tourtravelandmore.com\/es\/tours\/italia-es\/messina-es\/todos-los-tours-y-actividades-privadas-es\/tour-privado-taormina-y-visita-a-una-bodega-en-etna-desde-mesina\/#breadcrumb","itemListElement":[{"@type":"ListItem","position":1,"name":"Home","item":"https:\/\/tourtravelandmore.com\/es\/"},{"@type":"ListItem","position":2,"name":"Tours","item":"https:\/\/tourtravelandmore.com\/es\/tours\/"},{"@type":"ListItem","position":3,"name":"Tour privado Taormina y visita a una bodega en Etna desde Messina"}]},{"@type":"WebSite","@id":"https:\/\/tourtravelandmore.com\/es\/#website","url":"https:\/\/tourtravelandmore.com\/es\/","name":"Tour Travel And More","description":"Private sightseeing tours and luxury transfers in Spain","publisher":{"@id":"https:\/\/tourtravelandmore.com\/es\/#organization"},"potentialAction":[{"@type":"SearchAction","target":{"@type":"EntryPoint","urlTemplate":"https:\/\/tourtravelandmore.com\/es\/?s={search_term_string}"},"query-input":{"@type":"PropertyValueSpecification","valueRequired":true,"valueName":"search_term_string"}}],"inLanguage":"es"},{"@type":"Organization","@id":"https:\/\/tourtravelandmore.com\/es\/#organization","name":"Tour Travel And More","url":"https:\/\/tourtravelandmore.com\/es\/","logo":{"@type":"ImageObject","inLanguage":"es","@id":"https:\/\/tourtravelandmore.com\/es\/#\/schema\/logo\/image\/","url":"https:\/\/tourtravelandmore.com\/wp-content\/uploads\/2022\/12\/cropped-logo-cabecera-new.png","contentUrl":"https:\/\/tourtravelandmore.com\/wp-content\/uploads\/2022\/12\/cropped-logo-cabecera-new.png","width":430,"height":61,"caption":"Tour Travel And More"},"image":{"@id":"https:\/\/tourtravelandmore.com\/es\/#\/schema\/logo\/image\/"},"sameAs":["https:\/\/www.facebook.com\/tourtravelandmore\/","https:\/\/x.com\/TourTravel_More"]}]}},"_links":{"self":[{"href":"https:\/\/tourtravelandmore.com\/es\/wp-json\/wp\/v2\/product\/132905","targetHints":{"allow":["GET"]}}],"collection":[{"href":"https:\/\/tourtravelandmore.com\/es\/wp-json\/wp\/v2\/product"}],"about":[{"href":"https:\/\/tourtravelandmore.com\/es\/wp-json\/wp\/v2\/types\/product"}],"replies":[{"embeddable":true,"href":"https:\/\/tourtravelandmore.com\/es\/wp-json\/wp\/v2\/comments?post=132905"}],"wp:featuredmedia":[{"embeddable":true,"href":"https:\/\/tourtravelandmore.com\/es\/wp-json\/wp\/v2\/media\/132924"}],"wp:attachment":[{"href":"https:\/\/tourtravelandmore.com\/es\/wp-json\/wp\/v2\/media?parent=132905"}],"wp:term":[{"taxonomy":"product_brand","embeddable":true,"href":"https:\/\/tourtravelandmore.com\/es\/wp-json\/wp\/v2\/product_brand?post=132905"},{"taxonomy":"product_cat","embeddable":true,"href":"https:\/\/tourtravelandmore.com\/es\/wp-json\/wp\/v2\/product_cat?post=132905"},{"taxonomy":"product_tag","embeddable":true,"href":"https:\/\/tourtravelandmore.com\/es\/wp-json\/wp\/v2\/product_tag?post=132905"}],"curies":[{"name":"wp","href":"https:\/\/api.w.org\/{rel}","templated":true}]}}