{"id":132862,"date":"2022-07-25T11:04:11","date_gmt":"2022-07-25T09:04:12","guid":{"rendered":"https:\/\/tourtravelandmore.com\/?post_type=product&#038;p=132862"},"modified":"2023-04-25T03:24:27","modified_gmt":"2023-04-25T01:24:27","slug":"tour-privado-savoca-y-taormina-desde-mesina","status":"publish","type":"product","link":"https:\/\/tourtravelandmore.com\/es\/tours\/italia-es\/messina-es\/todos-los-tours-y-actividades-privadas-es\/tour-privado-savoca-y-taormina-desde-mesina\/","title":{"rendered":"Tour privado Savoca y Taormina desde Mesina"},"content":{"rendered":"<h2>Descripci\u00f3n de la Excursi\u00f3n Privada a Savoca y Taormina desde Messina<\/h2>\n<p>Messina es una impresionante ciudad situada en la costa noreste de Sicilia, conocida por su rica historia y su impresionante belleza natural. En esta excursi\u00f3n privada, lo recogeremos en su estancia en Messina y lo llevaremos a dos destinos incre\u00edbles: Savoca y Taormina.<\/p>\n<p>Taormina es la joya del Mediterr\u00e1neo, encaramada en lo alto de un acantilado con vistas al mar J\u00f3nico y al impresionante monte Etna. Con su impresionante arquitectura, su encantador casco antiguo y sus pintorescas playas, como la impresionante Isola Bella, es un destino popular para viajeros de todo el mundo.<\/p>\n<p>Savoca, situada a un corto trayecto en coche de Taormina, es una joya oculta que no debe perderse. Esta encantadora ciudad medieval est\u00e1 encaramada en lo alto de una colina, ofreciendo unas vistas impresionantes de la campi\u00f1a circundante. Tambi\u00e9n alberga varios monumentos hist\u00f3ricos, como el Bar Vitelli, donde se rodaron escenas de El Padrino.<\/p>\n<p>Su visita privada a Savoca y Taormina comenzar\u00e1 con la recogida por parte de su gu\u00eda experto en su alojamiento en Messina. Con un c\u00f3modo veh\u00edculo privado y un conductor profesional, se embarcar\u00e1 en un viaje para descubrir la belleza y el encanto de estas dos impresionantes ciudades sicilianas. Tanto si desea explorar los monumentos hist\u00f3ricos, disfrutar de las impresionantes playas o deleitarse con la deliciosa cocina siciliana, nuestro recorrido privado puede adaptarse a sus preferencias e intereses.<\/p>\n<h2>Lugares de inter\u00e9s en la excursi\u00f3n privada a Savoca y Taormina desde Messina<\/h2>\n<p>Esta excursi\u00f3n privada de 8 horas le llevar\u00e1 en un viaje inolvidable por dos de las ciudades m\u00e1s bellas de Sicilia: Savoca y Taormina. Nuestro experto gu\u00eda junto con su veh\u00edculo privado le llevar\u00e1n a ver los puntos de inter\u00e9s como:<\/p>\n<h2>Savoca:<\/h2>\n<h3>Iglesia de San Nicol\u00e1s<\/h3>\n<p>Un bello ejemplo de arquitectura barroca construido en el siglo XVIII, con un impresionante interior con intrincados detalles y frescos. La Iglesia de San Nicol\u00e1s es un lugar de visita obligada en Savoca, donde los visitantes pueden apreciar la herencia hist\u00f3rica y cultural de la regi\u00f3n.<\/p>\n<h3>Bar Vitelli<\/h3>\n<p>Un caf\u00e9 hist\u00f3rico famoso por sus deliciosos pasteles y su aparici\u00f3n en la pel\u00edcula &#8220;El Padrino&#8221;. El Bar Vitelli ha conservado muebles y obras de arte de la \u00e9poca, lo que le da un ambiente cl\u00e1sico y aut\u00e9ntico. Este lugar es perfecto para disfrutar de una pausa y degustar el sabor local mientras se aprecia la historia del cine.<\/p>\n<h2>Taormina:<\/h2>\n<h3>Teatro Antiguo<\/h3>\n<p>Un magn\u00edfico ejemplo de arquitectura griega y romana que data del siglo III a.C., y que a\u00fan hoy se utiliza para conciertos y otros espect\u00e1culos. El Teatro Antiguo de Taormina ofrece unas vistas impresionantes del mar y del Etna, lo que lo convierte en un lugar emblem\u00e1tico para disfrutar de las maravillas naturales y culturales de la regi\u00f3n.<\/p>\n<h3>Corso Umberto<\/h3>\n<p>La calle principal de Taormina, repleta de tiendas, restaurantes y edificios hist\u00f3ricos, es un lugar popular para pasear, comprar y cenar. La calle Corso Umberto est\u00e1 llena de encanto y ofrece una visi\u00f3n de la rica historia y cultura de la ciudad. Aqu\u00ed, los visitantes pueden encontrar tanto recuerdos locales como boutiques de lujo y galer\u00edas de arte.<\/p>\n<p><b>Si desea saber m\u00e1s sobre Mesina y sus bellos rincones, no dude en visitar nuestra lista de <\/b><a href=\"https:\/\/tourtravelandmore.com\/es\/ciudad\/italia-es\/messina-es\/\"><b>excursiones privadas a este destino siciliano.<\/b><\/a><\/p>\n","protected":false},"excerpt":{"rendered":"<p><span style=\"font-weight: 400;\">Mesina es una ciudad de Sicilia y Taormina es su capital. Las dos ciudades son bien conocidas por sus incre\u00edbles playas y por la belleza de su arquitectura, enam\u00f3rese de este destino con nosotros!<\/span><\/p>\n","protected":false},"featured_media":132887,"comment_status":"open","ping_status":"closed","template":"","meta":{"_acf_changed":false},"product_brand":[],"product_cat":[1608,4168,4185,4178,4187],"product_tag":[],"class_list":{"0":"post-132862","1":"product","2":"type-product","3":"status-publish","4":"has-post-thumbnail","6":"product_cat-italia-es","7":"product_cat-messina-es","8":"product_cat-excursiones-privadas-en-tierra-es","9":"product_cat-todos-los-tours-y-actividades-privadas-es","10":"product_cat-visitas-turisticas-privadas-es","12":"first","13":"instock","14":"shipping-taxable","15":"purchasable","16":"product-type-simple"},"acf":[],"yoast_head":"<!-- This site is optimized with the Yoast SEO Premium plugin v25.3.1 (Yoast SEO v25.3.1) - https:\/\/yoast.com\/wordpress\/plugins\/seo\/ -->\n<title>\u27a1\ufe0f Tour privado Savoca y Taormina desde Messina | Tour Travel &amp; More<\/title>\n<meta name=\"description\" content=\"Reserva ya nuestro tour privado a Savoca y Taormina desde Messina, ser\u00e1 una experiencia privada e inigualable \u2705\" \/>\n<meta name=\"robots\" content=\"index, follow, max-snippet:-1, max-image-preview:large, max-video-preview:-1\" \/>\n<link rel=\"canonical\" href=\"https:\/\/tourtravelandmore.com\/es\/tours\/italia-es\/messina-es\/todos-los-tours-y-actividades-privadas-es\/tour-privado-savoca-y-taormina-desde-mesina\/\" \/>\n<meta property=\"og:locale\" content=\"es_ES\" \/>\n<meta property=\"og:type\" content=\"article\" \/>\n<meta property=\"og:title\" content=\"Tour privado Savoca y Taormina desde Mesina\" \/>\n<meta property=\"og:description\" content=\"Reserva ya nuestro tour privado a Savoca y Taormina desde Messina, ser\u00e1 una experiencia privada e inigualable \u2705\" \/>\n<meta property=\"og:url\" content=\"https:\/\/tourtravelandmore.com\/es\/tours\/italia-es\/messina-es\/todos-los-tours-y-actividades-privadas-es\/tour-privado-savoca-y-taormina-desde-mesina\/\" \/>\n<meta property=\"og:site_name\" content=\"Tour Travel And More\" \/>\n<meta property=\"article:publisher\" content=\"https:\/\/www.facebook.com\/tourtravelandmore\/\" \/>\n<meta property=\"article:modified_time\" content=\"2023-04-25T01:24:27+00:00\" \/>\n<meta property=\"og:image\" content=\"https:\/\/tourtravelandmore.com\/wp-content\/uploads\/2022\/07\/image2-4.jpg\" \/>\n\t<meta property=\"og:image:width\" content=\"900\" \/>\n\t<meta property=\"og:image:height\" content=\"750\" \/>\n\t<meta property=\"og:image:type\" content=\"image\/jpeg\" \/>\n<meta name=\"twitter:card\" content=\"summary_large_image\" \/>\n<meta name=\"twitter:site\" content=\"@TourTravel_More\" \/>\n<meta name=\"twitter:label1\" content=\"Tiempo de lectura\" \/>\n\t<meta name=\"twitter:data1\" content=\"2 minutos\" \/>\n<script type=\"application\/ld+json\" class=\"yoast-schema-graph\">{\"@context\":\"https:\/\/schema.org\",\"@graph\":[{\"@type\":\"WebPage\",\"@id\":\"https:\/\/tourtravelandmore.com\/es\/tours\/italia-es\/messina-es\/todos-los-tours-y-actividades-privadas-es\/tour-privado-savoca-y-taormina-desde-mesina\/\",\"url\":\"https:\/\/tourtravelandmore.com\/es\/tours\/italia-es\/messina-es\/todos-los-tours-y-actividades-privadas-es\/tour-privado-savoca-y-taormina-desde-mesina\/\",\"name\":\"\u27a1\ufe0f Tour privado Savoca y Taormina desde Messina | Tour Travel & More\",\"isPartOf\":{\"@id\":\"https:\/\/tourtravelandmore.com\/es\/#website\"},\"primaryImageOfPage\":{\"@id\":\"https:\/\/tourtravelandmore.com\/es\/tours\/italia-es\/messina-es\/todos-los-tours-y-actividades-privadas-es\/tour-privado-savoca-y-taormina-desde-mesina\/#primaryimage\"},\"image\":{\"@id\":\"https:\/\/tourtravelandmore.com\/es\/tours\/italia-es\/messina-es\/todos-los-tours-y-actividades-privadas-es\/tour-privado-savoca-y-taormina-desde-mesina\/#primaryimage\"},\"thumbnailUrl\":\"https:\/\/tourtravelandmore.com\/wp-content\/uploads\/2022\/07\/image2-4.jpg\",\"datePublished\":\"2022-07-25T09:04:12+00:00\",\"dateModified\":\"2023-04-25T01:24:27+00:00\",\"description\":\"Reserva ya nuestro tour privado a Savoca y Taormina desde Messina, ser\u00e1 una experiencia privada e inigualable \u2705\",\"breadcrumb\":{\"@id\":\"https:\/\/tourtravelandmore.com\/es\/tours\/italia-es\/messina-es\/todos-los-tours-y-actividades-privadas-es\/tour-privado-savoca-y-taormina-desde-mesina\/#breadcrumb\"},\"inLanguage\":\"es\",\"potentialAction\":[{\"@type\":\"ReadAction\",\"target\":[\"https:\/\/tourtravelandmore.com\/es\/tours\/italia-es\/messina-es\/todos-los-tours-y-actividades-privadas-es\/tour-privado-savoca-y-taormina-desde-mesina\/\"]}]},{\"@type\":\"ImageObject\",\"inLanguage\":\"es\",\"@id\":\"https:\/\/tourtravelandmore.com\/es\/tours\/italia-es\/messina-es\/todos-los-tours-y-actividades-privadas-es\/tour-privado-savoca-y-taormina-desde-mesina\/#primaryimage\",\"url\":\"https:\/\/tourtravelandmore.com\/wp-content\/uploads\/2022\/07\/image2-4.jpg\",\"contentUrl\":\"https:\/\/tourtravelandmore.com\/wp-content\/uploads\/2022\/07\/image2-4.jpg\",\"width\":900,\"height\":750},{\"@type\":\"BreadcrumbList\",\"@id\":\"https:\/\/tourtravelandmore.com\/es\/tours\/italia-es\/messina-es\/todos-los-tours-y-actividades-privadas-es\/tour-privado-savoca-y-taormina-desde-mesina\/#breadcrumb\",\"itemListElement\":[{\"@type\":\"ListItem\",\"position\":1,\"name\":\"Home\",\"item\":\"https:\/\/tourtravelandmore.com\/es\/\"},{\"@type\":\"ListItem\",\"position\":2,\"name\":\"Tours\",\"item\":\"https:\/\/tourtravelandmore.com\/es\/tours\/\"},{\"@type\":\"ListItem\",\"position\":3,\"name\":\"Tour privado Savoca y Taormina desde Mesina\"}]},{\"@type\":\"WebSite\",\"@id\":\"https:\/\/tourtravelandmore.com\/es\/#website\",\"url\":\"https:\/\/tourtravelandmore.com\/es\/\",\"name\":\"Tour Travel And More\",\"description\":\"Private sightseeing tours and luxury transfers in Spain\",\"publisher\":{\"@id\":\"https:\/\/tourtravelandmore.com\/es\/#organization\"},\"potentialAction\":[{\"@type\":\"SearchAction\",\"target\":{\"@type\":\"EntryPoint\",\"urlTemplate\":\"https:\/\/tourtravelandmore.com\/es\/?s={search_term_string}\"},\"query-input\":{\"@type\":\"PropertyValueSpecification\",\"valueRequired\":true,\"valueName\":\"search_term_string\"}}],\"inLanguage\":\"es\"},{\"@type\":\"Organization\",\"@id\":\"https:\/\/tourtravelandmore.com\/es\/#organization\",\"name\":\"Tour Travel And More\",\"url\":\"https:\/\/tourtravelandmore.com\/es\/\",\"logo\":{\"@type\":\"ImageObject\",\"inLanguage\":\"es\",\"@id\":\"https:\/\/tourtravelandmore.com\/es\/#\/schema\/logo\/image\/\",\"url\":\"https:\/\/tourtravelandmore.com\/wp-content\/uploads\/2022\/12\/cropped-logo-cabecera-new.png\",\"contentUrl\":\"https:\/\/tourtravelandmore.com\/wp-content\/uploads\/2022\/12\/cropped-logo-cabecera-new.png\",\"width\":430,\"height\":61,\"caption\":\"Tour Travel And More\"},\"image\":{\"@id\":\"https:\/\/tourtravelandmore.com\/es\/#\/schema\/logo\/image\/\"},\"sameAs\":[\"https:\/\/www.facebook.com\/tourtravelandmore\/\",\"https:\/\/x.com\/TourTravel_More\"]}]}<\/script>\n<!-- \/ Yoast SEO Premium plugin. -->","yoast_head_json":{"title":"\u27a1\ufe0f Tour privado Savoca y Taormina desde Messina | Tour Travel & More","description":"Reserva ya nuestro tour privado a Savoca y Taormina desde Messina, ser\u00e1 una experiencia privada e inigualable \u2705","robots":{"index":"index","follow":"follow","max-snippet":"max-snippet:-1","max-image-preview":"max-image-preview:large","max-video-preview":"max-video-preview:-1"},"canonical":"https:\/\/tourtravelandmore.com\/es\/tours\/italia-es\/messina-es\/todos-los-tours-y-actividades-privadas-es\/tour-privado-savoca-y-taormina-desde-mesina\/","og_locale":"es_ES","og_type":"article","og_title":"Tour privado Savoca y Taormina desde Mesina","og_description":"Reserva ya nuestro tour privado a Savoca y Taormina desde Messina, ser\u00e1 una experiencia privada e inigualable \u2705","og_url":"https:\/\/tourtravelandmore.com\/es\/tours\/italia-es\/messina-es\/todos-los-tours-y-actividades-privadas-es\/tour-privado-savoca-y-taormina-desde-mesina\/","og_site_name":"Tour Travel And More","article_publisher":"https:\/\/www.facebook.com\/tourtravelandmore\/","article_modified_time":"2023-04-25T01:24:27+00:00","og_image":[{"width":900,"height":750,"url":"https:\/\/tourtravelandmore.com\/wp-content\/uploads\/2022\/07\/image2-4.jpg","type":"image\/jpeg"}],"twitter_card":"summary_large_image","twitter_site":"@TourTravel_More","twitter_misc":{"Tiempo de lectura":"2 minutos"},"schema":{"@context":"https:\/\/schema.org","@graph":[{"@type":"WebPage","@id":"https:\/\/tourtravelandmore.com\/es\/tours\/italia-es\/messina-es\/todos-los-tours-y-actividades-privadas-es\/tour-privado-savoca-y-taormina-desde-mesina\/","url":"https:\/\/tourtravelandmore.com\/es\/tours\/italia-es\/messina-es\/todos-los-tours-y-actividades-privadas-es\/tour-privado-savoca-y-taormina-desde-mesina\/","name":"\u27a1\ufe0f Tour privado Savoca y Taormina desde Messina | Tour Travel & More","isPartOf":{"@id":"https:\/\/tourtravelandmore.com\/es\/#website"},"primaryImageOfPage":{"@id":"https:\/\/tourtravelandmore.com\/es\/tours\/italia-es\/messina-es\/todos-los-tours-y-actividades-privadas-es\/tour-privado-savoca-y-taormina-desde-mesina\/#primaryimage"},"image":{"@id":"https:\/\/tourtravelandmore.com\/es\/tours\/italia-es\/messina-es\/todos-los-tours-y-actividades-privadas-es\/tour-privado-savoca-y-taormina-desde-mesina\/#primaryimage"},"thumbnailUrl":"https:\/\/tourtravelandmore.com\/wp-content\/uploads\/2022\/07\/image2-4.jpg","datePublished":"2022-07-25T09:04:12+00:00","dateModified":"2023-04-25T01:24:27+00:00","description":"Reserva ya nuestro tour privado a Savoca y Taormina desde Messina, ser\u00e1 una experiencia privada e inigualable \u2705","breadcrumb":{"@id":"https:\/\/tourtravelandmore.com\/es\/tours\/italia-es\/messina-es\/todos-los-tours-y-actividades-privadas-es\/tour-privado-savoca-y-taormina-desde-mesina\/#breadcrumb"},"inLanguage":"es","potentialAction":[{"@type":"ReadAction","target":["https:\/\/tourtravelandmore.com\/es\/tours\/italia-es\/messina-es\/todos-los-tours-y-actividades-privadas-es\/tour-privado-savoca-y-taormina-desde-mesina\/"]}]},{"@type":"ImageObject","inLanguage":"es","@id":"https:\/\/tourtravelandmore.com\/es\/tours\/italia-es\/messina-es\/todos-los-tours-y-actividades-privadas-es\/tour-privado-savoca-y-taormina-desde-mesina\/#primaryimage","url":"https:\/\/tourtravelandmore.com\/wp-content\/uploads\/2022\/07\/image2-4.jpg","contentUrl":"https:\/\/tourtravelandmore.com\/wp-content\/uploads\/2022\/07\/image2-4.jpg","width":900,"height":750},{"@type":"BreadcrumbList","@id":"https:\/\/tourtravelandmore.com\/es\/tours\/italia-es\/messina-es\/todos-los-tours-y-actividades-privadas-es\/tour-privado-savoca-y-taormina-desde-mesina\/#breadcrumb","itemListElement":[{"@type":"ListItem","position":1,"name":"Home","item":"https:\/\/tourtravelandmore.com\/es\/"},{"@type":"ListItem","position":2,"name":"Tours","item":"https:\/\/tourtravelandmore.com\/es\/tours\/"},{"@type":"ListItem","position":3,"name":"Tour privado Savoca y Taormina desde Mesina"}]},{"@type":"WebSite","@id":"https:\/\/tourtravelandmore.com\/es\/#website","url":"https:\/\/tourtravelandmore.com\/es\/","name":"Tour Travel And More","description":"Private sightseeing tours and luxury transfers in Spain","publisher":{"@id":"https:\/\/tourtravelandmore.com\/es\/#organization"},"potentialAction":[{"@type":"SearchAction","target":{"@type":"EntryPoint","urlTemplate":"https:\/\/tourtravelandmore.com\/es\/?s={search_term_string}"},"query-input":{"@type":"PropertyValueSpecification","valueRequired":true,"valueName":"search_term_string"}}],"inLanguage":"es"},{"@type":"Organization","@id":"https:\/\/tourtravelandmore.com\/es\/#organization","name":"Tour Travel And More","url":"https:\/\/tourtravelandmore.com\/es\/","logo":{"@type":"ImageObject","inLanguage":"es","@id":"https:\/\/tourtravelandmore.com\/es\/#\/schema\/logo\/image\/","url":"https:\/\/tourtravelandmore.com\/wp-content\/uploads\/2022\/12\/cropped-logo-cabecera-new.png","contentUrl":"https:\/\/tourtravelandmore.com\/wp-content\/uploads\/2022\/12\/cropped-logo-cabecera-new.png","width":430,"height":61,"caption":"Tour Travel And More"},"image":{"@id":"https:\/\/tourtravelandmore.com\/es\/#\/schema\/logo\/image\/"},"sameAs":["https:\/\/www.facebook.com\/tourtravelandmore\/","https:\/\/x.com\/TourTravel_More"]}]}},"_links":{"self":[{"href":"https:\/\/tourtravelandmore.com\/es\/wp-json\/wp\/v2\/product\/132862","targetHints":{"allow":["GET"]}}],"collection":[{"href":"https:\/\/tourtravelandmore.com\/es\/wp-json\/wp\/v2\/product"}],"about":[{"href":"https:\/\/tourtravelandmore.com\/es\/wp-json\/wp\/v2\/types\/product"}],"replies":[{"embeddable":true,"href":"https:\/\/tourtravelandmore.com\/es\/wp-json\/wp\/v2\/comments?post=132862"}],"wp:featuredmedia":[{"embeddable":true,"href":"https:\/\/tourtravelandmore.com\/es\/wp-json\/wp\/v2\/media\/132887"}],"wp:attachment":[{"href":"https:\/\/tourtravelandmore.com\/es\/wp-json\/wp\/v2\/media?parent=132862"}],"wp:term":[{"taxonomy":"product_brand","embeddable":true,"href":"https:\/\/tourtravelandmore.com\/es\/wp-json\/wp\/v2\/product_brand?post=132862"},{"taxonomy":"product_cat","embeddable":true,"href":"https:\/\/tourtravelandmore.com\/es\/wp-json\/wp\/v2\/product_cat?post=132862"},{"taxonomy":"product_tag","embeddable":true,"href":"https:\/\/tourtravelandmore.com\/es\/wp-json\/wp\/v2\/product_tag?post=132862"}],"curies":[{"name":"wp","href":"https:\/\/api.w.org\/{rel}","templated":true}]}}