{"id":132822,"date":"2022-07-25T10:49:51","date_gmt":"2022-07-25T08:49:51","guid":{"rendered":"https:\/\/tourtravelandmore.com\/?post_type=product&#038;p=132822"},"modified":"2023-03-25T08:01:14","modified_gmt":"2023-03-25T07:01:14","slug":"tour-privado-taormina-y-castelmola-desde-la-terminal-de-cruceros-o-mesina","status":"publish","type":"product","link":"https:\/\/tourtravelandmore.com\/es\/tours\/italia-es\/messina-es\/todos-los-tours-y-actividades-privadas-es\/tour-privado-taormina-y-castelmola-desde-la-terminal-de-cruceros-o-mesina\/","title":{"rendered":"Tour privado Taormina y Castelmola desde la Terminal de Cruceros o Mesina"},"content":{"rendered":"<h2><b>Tour Privado de Taormina y Castelmola Descripci\u00f3n desde la Terminal de Cruceros o Messina.<\/b><\/h2>\n<p><span style=\"font-weight: 400;\">Comience el d\u00eda con una visita a pie de la hist\u00f3rica ciudad de Taormina, una de las joyas del Mediterr\u00e1neo. Encaramada en lo alto de un acantilado con vistas al volc\u00e1n Etna y al mar J\u00f3nico, esta ciudad medieval ofrece una impresionante mezcla de paisajes naturales y antig\u00fcedades.<\/span><\/p>\n<p><span style=\"font-weight: 400;\">Su conductor y su veh\u00edculo privado le recoger\u00e1n en la terminal de cruceros o en un lugar c\u00e9ntrico o de alojamiento de Mesina para comenzar esta hermosa excursi\u00f3n.<\/span><\/p>\n<p><span style=\"font-weight: 400;\">Visite tambi\u00e9n Castelmola, un pintoresco pueblo medieval situado en lo alto de una colina con impresionantes vistas del paisaje circundante.<\/span><\/p>\n<p><span style=\"font-weight: 400;\">Castelmola es famosa por sus encantadoras callejuelas, su bella arquitectura y el delicioso vino de almendras que se produce en la localidad. Durante la visita privada, tendr\u00e1 la oportunidad de degustar este dulce licor y conocer su historia y proceso de producci\u00f3n.<\/span><\/p>\n<p><span style=\"font-weight: 400;\">En Taormina, visitar\u00e1 el emblem\u00e1tico teatro griego antiguo, que ofrece unas vistas impresionantes del mar y el Etna. Tambi\u00e9n explorar\u00e1 la pintoresca Piazza IX Aprile, el Palacio Corvaja y los hermosos jardines de Villa Comunale.<\/span><\/p>\n<p><span style=\"font-weight: 400;\">Nuestro gu\u00eda experto le proporcionar\u00e1 informaci\u00f3n interesante sobre la historia, la cultura y las tradiciones de Taormina y Castelmola. Tambi\u00e9n puede personalizar el recorrido a su gusto y dedicar m\u00e1s tiempo a los lugares que m\u00e1s le interesen.<\/span><\/p>\n<p><span style=\"font-weight: 400;\">Reserve hoy mismo su excursi\u00f3n privada a Taormina y Castelmola desde la terminal de cruceros o Messina y prep\u00e1rese para descubrir las joyas ocultas de estos bellos destinos italianos.<\/span><\/p>\n<h2><b>Lo m\u00e1s destacado de la excursi\u00f3n privada a Taormina y Castelmola desde la Terminal de Cruceros o Messina<\/b><\/h2>\n<p><span style=\"font-weight: 400;\">Una vez que su conductor y veh\u00edculo privado le recojan junto con su gu\u00eda privado en un tour de 8 horas le llevar\u00e1 a explorar y descubrir hermosos lugares, podr\u00e1 ver la Iglesia de San Nicol\u00f2, construida en el siglo XII, y hacer una parada en una cantina local tradicional para degustar el vino tinto &#8220;Nero d&#8217;Avola&#8221; y algunos dulces t\u00edpicos adem\u00e1s de:<\/span><\/p>\n<ul>\n<li style=\"font-weight: 400;\" aria-level=\"1\"><b>Iglesia de San Nicol\u00f2:<\/b><span style=\"font-weight: 400;\"> Durante el tour privado de Taormina y Castelmola, los visitantes tendr\u00e1n la oportunidad de visitar la Iglesia de San Nicol\u00f2, construida en el siglo XII. Esta encantadora iglesia es un ejemplo perfecto de arquitectura medieval, con su hermoso campanario y sus intrincadas decoraciones.<\/span><\/li>\n<li style=\"font-weight: 400;\" aria-level=\"1\"><b>Cantina local tradicional: <\/b><span style=\"font-weight: 400;\">Otro punto destacado de la excursi\u00f3n es la parada en una cantina local tradicional, donde los visitantes pueden degustar el famoso vino tinto &#8220;Nero d&#8217;Avola&#8221; y algunos dulces t\u00edpicos. Esta es una gran oportunidad para experimentar la cultura local y probar algunos deliciosos manjares sicilianos.<\/span><\/li>\n<li style=\"font-weight: 400;\" aria-level=\"1\"><b>Mirador panor\u00e1mico:<\/b><span style=\"font-weight: 400;\"> Los visitantes de la excursi\u00f3n disfrutar\u00e1n de una impresionante vista panor\u00e1mica del mar J\u00f3nico y la bah\u00eda de Giardini-Naxos. Este punto de vista ofrece un impresionante tel\u00f3n de fondo para las fotos y la oportunidad de disfrutar de la belleza del paisaje siciliano.<\/span><\/li>\n<li style=\"font-weight: 400;\" aria-level=\"1\"><b>Vistas del Etna:<\/b><span style=\"font-weight: 400;\"> Durante el recorrido, los visitantes tendr\u00e1n la oportunidad de ver el majestuoso Monte Etna, el volc\u00e1n activo m\u00e1s alto de Europa. Las vistas de este emblem\u00e1tico monumento son realmente sobrecogedoras y ofrecen una perspectiva \u00fanica de la belleza natural de Sicilia.<\/span><\/li>\n<li style=\"font-weight: 400;\" aria-level=\"1\"><b>Corso Umberto:<\/b><span style=\"font-weight: 400;\"> Los visitantes pasear\u00e1n por el famoso Corso Umberto, la calle principal de Taormina. Esta antigua calzada romana &#8220;Valeria&#8221; est\u00e1 repleta de encantadores caf\u00e9s, restaurantes y tiendas boutique, y ofrece una visi\u00f3n de la vida cotidiana de los lugare\u00f1os.<\/span><\/li>\n<\/ul>\n<h2><\/h2>\n<p><span style=\"font-weight: 400;\">Al final del tour privado, su veh\u00edculo y conductor le llevar\u00e1n de vuelta al punto de recogida para que pueda seguir conociendo este incre\u00edble destino. Cabe mencionar que el tour es completamente personalizable y puedes indicar los puntos de inter\u00e9s que te gustar\u00eda visitar.<\/span><\/p>\n<p><span style=\"font-weight: 400;\">Si desea saber m\u00e1s sobre Mesina, le recomendamos que consulte nuestra <\/span><a href=\"https:\/\/tourtravelandmore.com\/es\/ciudad\/italia-es\/messina-es\/\"><span style=\"font-weight: 400;\">lista de excursiones privadas en este destino.<\/span><\/a><\/p>\n","protected":false},"excerpt":{"rendered":"<p><span style=\"font-weight: 400;\">Este recorrido te permitir\u00e1 admirar los hermosos paisajes de la costa jonica siciliana, as\u00ed como visitar algunos de los lugares m\u00e1s interesantes y emblem\u00e1ticos de la isla, como la ciudad de Taormina y el pueblo de Castelmola.<\/span><span style=\"font-weight: 400;\"><br \/>\n<\/span><\/p>\n","protected":false},"featured_media":132850,"comment_status":"open","ping_status":"closed","template":"","meta":{"_acf_changed":false},"product_brand":[],"product_cat":[1608,4168,4185,4178,4187],"product_tag":[],"class_list":{"0":"post-132822","1":"product","2":"type-product","3":"status-publish","4":"has-post-thumbnail","6":"product_cat-italia-es","7":"product_cat-messina-es","8":"product_cat-excursiones-privadas-en-tierra-es","9":"product_cat-todos-los-tours-y-actividades-privadas-es","10":"product_cat-visitas-turisticas-privadas-es","12":"first","13":"instock","14":"shipping-taxable","15":"purchasable","16":"product-type-simple"},"acf":[],"yoast_head":"<!-- This site is optimized with the Yoast SEO Premium plugin v25.3.1 (Yoast SEO v25.3.1) - https:\/\/yoast.com\/wordpress\/plugins\/seo\/ -->\n<title>\u27a1\ufe0f Tour privado Taormina y Castelmola desde la Terminal de Cruceros o Mesina | Tour Travel &amp; More<\/title>\n<meta name=\"description\" content=\"Disfruta de un hermoso tour privado de 8 horas por la costa jonica siciliana, visitando sitios como la ciudad de Taormina y el pueblo de Castelmola. \u00a1Reserva ahora! \u2705\" \/>\n<meta name=\"robots\" content=\"index, follow, max-snippet:-1, max-image-preview:large, max-video-preview:-1\" \/>\n<link rel=\"canonical\" href=\"https:\/\/tourtravelandmore.com\/es\/tours\/italia-es\/messina-es\/todos-los-tours-y-actividades-privadas-es\/tour-privado-taormina-y-castelmola-desde-la-terminal-de-cruceros-o-mesina\/\" \/>\n<meta property=\"og:locale\" content=\"es_ES\" \/>\n<meta property=\"og:type\" content=\"article\" \/>\n<meta property=\"og:title\" content=\"Tour privado Taormina y Castelmola desde la Terminal de Cruceros o Mesina\" \/>\n<meta property=\"og:description\" content=\"Disfruta de un hermoso tour privado de 8 horas por la costa jonica siciliana, visitando sitios como la ciudad de Taormina y el pueblo de Castelmola. \u00a1Reserva ahora! \u2705\" \/>\n<meta property=\"og:url\" content=\"https:\/\/tourtravelandmore.com\/es\/tours\/italia-es\/messina-es\/todos-los-tours-y-actividades-privadas-es\/tour-privado-taormina-y-castelmola-desde-la-terminal-de-cruceros-o-mesina\/\" \/>\n<meta property=\"og:site_name\" content=\"Tour Travel And More\" \/>\n<meta property=\"article:publisher\" content=\"https:\/\/www.facebook.com\/tourtravelandmore\/\" \/>\n<meta property=\"article:modified_time\" content=\"2023-03-25T07:01:14+00:00\" \/>\n<meta property=\"og:image\" content=\"https:\/\/tourtravelandmore.com\/wp-content\/uploads\/2022\/07\/image4-3.jpg\" \/>\n\t<meta property=\"og:image:width\" content=\"900\" \/>\n\t<meta property=\"og:image:height\" content=\"750\" \/>\n\t<meta property=\"og:image:type\" content=\"image\/jpeg\" \/>\n<meta name=\"twitter:card\" content=\"summary_large_image\" \/>\n<meta name=\"twitter:site\" content=\"@TourTravel_More\" \/>\n<meta name=\"twitter:label1\" content=\"Tiempo de lectura\" \/>\n\t<meta name=\"twitter:data1\" content=\"2 minutos\" \/>\n<script type=\"application\/ld+json\" class=\"yoast-schema-graph\">{\"@context\":\"https:\/\/schema.org\",\"@graph\":[{\"@type\":\"WebPage\",\"@id\":\"https:\/\/tourtravelandmore.com\/es\/tours\/italia-es\/messina-es\/todos-los-tours-y-actividades-privadas-es\/tour-privado-taormina-y-castelmola-desde-la-terminal-de-cruceros-o-mesina\/\",\"url\":\"https:\/\/tourtravelandmore.com\/es\/tours\/italia-es\/messina-es\/todos-los-tours-y-actividades-privadas-es\/tour-privado-taormina-y-castelmola-desde-la-terminal-de-cruceros-o-mesina\/\",\"name\":\"\u27a1\ufe0f Tour privado Taormina y Castelmola desde la Terminal de Cruceros o Mesina | Tour Travel & More\",\"isPartOf\":{\"@id\":\"https:\/\/tourtravelandmore.com\/es\/#website\"},\"primaryImageOfPage\":{\"@id\":\"https:\/\/tourtravelandmore.com\/es\/tours\/italia-es\/messina-es\/todos-los-tours-y-actividades-privadas-es\/tour-privado-taormina-y-castelmola-desde-la-terminal-de-cruceros-o-mesina\/#primaryimage\"},\"image\":{\"@id\":\"https:\/\/tourtravelandmore.com\/es\/tours\/italia-es\/messina-es\/todos-los-tours-y-actividades-privadas-es\/tour-privado-taormina-y-castelmola-desde-la-terminal-de-cruceros-o-mesina\/#primaryimage\"},\"thumbnailUrl\":\"https:\/\/tourtravelandmore.com\/wp-content\/uploads\/2022\/07\/image4-3.jpg\",\"datePublished\":\"2022-07-25T08:49:51+00:00\",\"dateModified\":\"2023-03-25T07:01:14+00:00\",\"description\":\"Disfruta de un hermoso tour privado de 8 horas por la costa jonica siciliana, visitando sitios como la ciudad de Taormina y el pueblo de Castelmola. \u00a1Reserva ahora! \u2705\",\"breadcrumb\":{\"@id\":\"https:\/\/tourtravelandmore.com\/es\/tours\/italia-es\/messina-es\/todos-los-tours-y-actividades-privadas-es\/tour-privado-taormina-y-castelmola-desde-la-terminal-de-cruceros-o-mesina\/#breadcrumb\"},\"inLanguage\":\"es\",\"potentialAction\":[{\"@type\":\"ReadAction\",\"target\":[\"https:\/\/tourtravelandmore.com\/es\/tours\/italia-es\/messina-es\/todos-los-tours-y-actividades-privadas-es\/tour-privado-taormina-y-castelmola-desde-la-terminal-de-cruceros-o-mesina\/\"]}]},{\"@type\":\"ImageObject\",\"inLanguage\":\"es\",\"@id\":\"https:\/\/tourtravelandmore.com\/es\/tours\/italia-es\/messina-es\/todos-los-tours-y-actividades-privadas-es\/tour-privado-taormina-y-castelmola-desde-la-terminal-de-cruceros-o-mesina\/#primaryimage\",\"url\":\"https:\/\/tourtravelandmore.com\/wp-content\/uploads\/2022\/07\/image4-3.jpg\",\"contentUrl\":\"https:\/\/tourtravelandmore.com\/wp-content\/uploads\/2022\/07\/image4-3.jpg\",\"width\":900,\"height\":750},{\"@type\":\"BreadcrumbList\",\"@id\":\"https:\/\/tourtravelandmore.com\/es\/tours\/italia-es\/messina-es\/todos-los-tours-y-actividades-privadas-es\/tour-privado-taormina-y-castelmola-desde-la-terminal-de-cruceros-o-mesina\/#breadcrumb\",\"itemListElement\":[{\"@type\":\"ListItem\",\"position\":1,\"name\":\"Home\",\"item\":\"https:\/\/tourtravelandmore.com\/es\/\"},{\"@type\":\"ListItem\",\"position\":2,\"name\":\"Tours\",\"item\":\"https:\/\/tourtravelandmore.com\/es\/tours\/\"},{\"@type\":\"ListItem\",\"position\":3,\"name\":\"Tour privado Taormina y Castelmola desde la Terminal de Cruceros o Mesina\"}]},{\"@type\":\"WebSite\",\"@id\":\"https:\/\/tourtravelandmore.com\/es\/#website\",\"url\":\"https:\/\/tourtravelandmore.com\/es\/\",\"name\":\"Tour Travel And More\",\"description\":\"Private sightseeing tours and luxury transfers in Spain\",\"publisher\":{\"@id\":\"https:\/\/tourtravelandmore.com\/es\/#organization\"},\"potentialAction\":[{\"@type\":\"SearchAction\",\"target\":{\"@type\":\"EntryPoint\",\"urlTemplate\":\"https:\/\/tourtravelandmore.com\/es\/?s={search_term_string}\"},\"query-input\":{\"@type\":\"PropertyValueSpecification\",\"valueRequired\":true,\"valueName\":\"search_term_string\"}}],\"inLanguage\":\"es\"},{\"@type\":\"Organization\",\"@id\":\"https:\/\/tourtravelandmore.com\/es\/#organization\",\"name\":\"Tour Travel And More\",\"url\":\"https:\/\/tourtravelandmore.com\/es\/\",\"logo\":{\"@type\":\"ImageObject\",\"inLanguage\":\"es\",\"@id\":\"https:\/\/tourtravelandmore.com\/es\/#\/schema\/logo\/image\/\",\"url\":\"https:\/\/tourtravelandmore.com\/wp-content\/uploads\/2022\/12\/cropped-logo-cabecera-new.png\",\"contentUrl\":\"https:\/\/tourtravelandmore.com\/wp-content\/uploads\/2022\/12\/cropped-logo-cabecera-new.png\",\"width\":430,\"height\":61,\"caption\":\"Tour Travel And More\"},\"image\":{\"@id\":\"https:\/\/tourtravelandmore.com\/es\/#\/schema\/logo\/image\/\"},\"sameAs\":[\"https:\/\/www.facebook.com\/tourtravelandmore\/\",\"https:\/\/x.com\/TourTravel_More\"]}]}<\/script>\n<!-- \/ Yoast SEO Premium plugin. -->","yoast_head_json":{"title":"\u27a1\ufe0f Tour privado Taormina y Castelmola desde la Terminal de Cruceros o Mesina | Tour Travel & More","description":"Disfruta de un hermoso tour privado de 8 horas por la costa jonica siciliana, visitando sitios como la ciudad de Taormina y el pueblo de Castelmola. \u00a1Reserva ahora! \u2705","robots":{"index":"index","follow":"follow","max-snippet":"max-snippet:-1","max-image-preview":"max-image-preview:large","max-video-preview":"max-video-preview:-1"},"canonical":"https:\/\/tourtravelandmore.com\/es\/tours\/italia-es\/messina-es\/todos-los-tours-y-actividades-privadas-es\/tour-privado-taormina-y-castelmola-desde-la-terminal-de-cruceros-o-mesina\/","og_locale":"es_ES","og_type":"article","og_title":"Tour privado Taormina y Castelmola desde la Terminal de Cruceros o Mesina","og_description":"Disfruta de un hermoso tour privado de 8 horas por la costa jonica siciliana, visitando sitios como la ciudad de Taormina y el pueblo de Castelmola. \u00a1Reserva ahora! \u2705","og_url":"https:\/\/tourtravelandmore.com\/es\/tours\/italia-es\/messina-es\/todos-los-tours-y-actividades-privadas-es\/tour-privado-taormina-y-castelmola-desde-la-terminal-de-cruceros-o-mesina\/","og_site_name":"Tour Travel And More","article_publisher":"https:\/\/www.facebook.com\/tourtravelandmore\/","article_modified_time":"2023-03-25T07:01:14+00:00","og_image":[{"width":900,"height":750,"url":"https:\/\/tourtravelandmore.com\/wp-content\/uploads\/2022\/07\/image4-3.jpg","type":"image\/jpeg"}],"twitter_card":"summary_large_image","twitter_site":"@TourTravel_More","twitter_misc":{"Tiempo de lectura":"2 minutos"},"schema":{"@context":"https:\/\/schema.org","@graph":[{"@type":"WebPage","@id":"https:\/\/tourtravelandmore.com\/es\/tours\/italia-es\/messina-es\/todos-los-tours-y-actividades-privadas-es\/tour-privado-taormina-y-castelmola-desde-la-terminal-de-cruceros-o-mesina\/","url":"https:\/\/tourtravelandmore.com\/es\/tours\/italia-es\/messina-es\/todos-los-tours-y-actividades-privadas-es\/tour-privado-taormina-y-castelmola-desde-la-terminal-de-cruceros-o-mesina\/","name":"\u27a1\ufe0f Tour privado Taormina y Castelmola desde la Terminal de Cruceros o Mesina | Tour Travel & More","isPartOf":{"@id":"https:\/\/tourtravelandmore.com\/es\/#website"},"primaryImageOfPage":{"@id":"https:\/\/tourtravelandmore.com\/es\/tours\/italia-es\/messina-es\/todos-los-tours-y-actividades-privadas-es\/tour-privado-taormina-y-castelmola-desde-la-terminal-de-cruceros-o-mesina\/#primaryimage"},"image":{"@id":"https:\/\/tourtravelandmore.com\/es\/tours\/italia-es\/messina-es\/todos-los-tours-y-actividades-privadas-es\/tour-privado-taormina-y-castelmola-desde-la-terminal-de-cruceros-o-mesina\/#primaryimage"},"thumbnailUrl":"https:\/\/tourtravelandmore.com\/wp-content\/uploads\/2022\/07\/image4-3.jpg","datePublished":"2022-07-25T08:49:51+00:00","dateModified":"2023-03-25T07:01:14+00:00","description":"Disfruta de un hermoso tour privado de 8 horas por la costa jonica siciliana, visitando sitios como la ciudad de Taormina y el pueblo de Castelmola. \u00a1Reserva ahora! \u2705","breadcrumb":{"@id":"https:\/\/tourtravelandmore.com\/es\/tours\/italia-es\/messina-es\/todos-los-tours-y-actividades-privadas-es\/tour-privado-taormina-y-castelmola-desde-la-terminal-de-cruceros-o-mesina\/#breadcrumb"},"inLanguage":"es","potentialAction":[{"@type":"ReadAction","target":["https:\/\/tourtravelandmore.com\/es\/tours\/italia-es\/messina-es\/todos-los-tours-y-actividades-privadas-es\/tour-privado-taormina-y-castelmola-desde-la-terminal-de-cruceros-o-mesina\/"]}]},{"@type":"ImageObject","inLanguage":"es","@id":"https:\/\/tourtravelandmore.com\/es\/tours\/italia-es\/messina-es\/todos-los-tours-y-actividades-privadas-es\/tour-privado-taormina-y-castelmola-desde-la-terminal-de-cruceros-o-mesina\/#primaryimage","url":"https:\/\/tourtravelandmore.com\/wp-content\/uploads\/2022\/07\/image4-3.jpg","contentUrl":"https:\/\/tourtravelandmore.com\/wp-content\/uploads\/2022\/07\/image4-3.jpg","width":900,"height":750},{"@type":"BreadcrumbList","@id":"https:\/\/tourtravelandmore.com\/es\/tours\/italia-es\/messina-es\/todos-los-tours-y-actividades-privadas-es\/tour-privado-taormina-y-castelmola-desde-la-terminal-de-cruceros-o-mesina\/#breadcrumb","itemListElement":[{"@type":"ListItem","position":1,"name":"Home","item":"https:\/\/tourtravelandmore.com\/es\/"},{"@type":"ListItem","position":2,"name":"Tours","item":"https:\/\/tourtravelandmore.com\/es\/tours\/"},{"@type":"ListItem","position":3,"name":"Tour privado Taormina y Castelmola desde la Terminal de Cruceros o Mesina"}]},{"@type":"WebSite","@id":"https:\/\/tourtravelandmore.com\/es\/#website","url":"https:\/\/tourtravelandmore.com\/es\/","name":"Tour Travel And More","description":"Private sightseeing tours and luxury transfers in Spain","publisher":{"@id":"https:\/\/tourtravelandmore.com\/es\/#organization"},"potentialAction":[{"@type":"SearchAction","target":{"@type":"EntryPoint","urlTemplate":"https:\/\/tourtravelandmore.com\/es\/?s={search_term_string}"},"query-input":{"@type":"PropertyValueSpecification","valueRequired":true,"valueName":"search_term_string"}}],"inLanguage":"es"},{"@type":"Organization","@id":"https:\/\/tourtravelandmore.com\/es\/#organization","name":"Tour Travel And More","url":"https:\/\/tourtravelandmore.com\/es\/","logo":{"@type":"ImageObject","inLanguage":"es","@id":"https:\/\/tourtravelandmore.com\/es\/#\/schema\/logo\/image\/","url":"https:\/\/tourtravelandmore.com\/wp-content\/uploads\/2022\/12\/cropped-logo-cabecera-new.png","contentUrl":"https:\/\/tourtravelandmore.com\/wp-content\/uploads\/2022\/12\/cropped-logo-cabecera-new.png","width":430,"height":61,"caption":"Tour Travel And More"},"image":{"@id":"https:\/\/tourtravelandmore.com\/es\/#\/schema\/logo\/image\/"},"sameAs":["https:\/\/www.facebook.com\/tourtravelandmore\/","https:\/\/x.com\/TourTravel_More"]}]}},"_links":{"self":[{"href":"https:\/\/tourtravelandmore.com\/es\/wp-json\/wp\/v2\/product\/132822","targetHints":{"allow":["GET"]}}],"collection":[{"href":"https:\/\/tourtravelandmore.com\/es\/wp-json\/wp\/v2\/product"}],"about":[{"href":"https:\/\/tourtravelandmore.com\/es\/wp-json\/wp\/v2\/types\/product"}],"replies":[{"embeddable":true,"href":"https:\/\/tourtravelandmore.com\/es\/wp-json\/wp\/v2\/comments?post=132822"}],"wp:featuredmedia":[{"embeddable":true,"href":"https:\/\/tourtravelandmore.com\/es\/wp-json\/wp\/v2\/media\/132850"}],"wp:attachment":[{"href":"https:\/\/tourtravelandmore.com\/es\/wp-json\/wp\/v2\/media?parent=132822"}],"wp:term":[{"taxonomy":"product_brand","embeddable":true,"href":"https:\/\/tourtravelandmore.com\/es\/wp-json\/wp\/v2\/product_brand?post=132822"},{"taxonomy":"product_cat","embeddable":true,"href":"https:\/\/tourtravelandmore.com\/es\/wp-json\/wp\/v2\/product_cat?post=132822"},{"taxonomy":"product_tag","embeddable":true,"href":"https:\/\/tourtravelandmore.com\/es\/wp-json\/wp\/v2\/product_tag?post=132822"}],"curies":[{"name":"wp","href":"https:\/\/api.w.org\/{rel}","templated":true}]}}