{"id":132782,"date":"2022-07-25T10:17:57","date_gmt":"2022-07-25T08:17:58","guid":{"rendered":"https:\/\/tourtravelandmore.com\/?post_type=product&#038;p=132782"},"modified":"2023-03-25T08:12:48","modified_gmt":"2023-03-25T07:12:48","slug":"tour-privado-etna-y-taormina-desde-mesina","status":"publish","type":"product","link":"https:\/\/tourtravelandmore.com\/es\/tours\/italia-es\/messina-es\/todos-los-tours-y-actividades-privadas-es\/tour-privado-etna-y-taormina-desde-mesina\/","title":{"rendered":"Tour privado Etna y Taormina desde Mesina"},"content":{"rendered":"<h2><b>Descripci\u00f3n de Tour Privado, Etna &amp; Taormina desde Messina<\/b><\/h2>\n<p><span style=\"font-weight: 400;\">Excursi\u00f3n privada al Etna y Taormina desde Mesina: una experiencia \u00fanica e inolvidable. El volc\u00e1n Etna y la ciudad medieval de Taormina son dos de las atracciones m\u00e1s populares de Sicilia, y con raz\u00f3n. La isla es famosa por su belleza natural, y estos dos lugares son sin duda una joya. Si est\u00e1 buscando la forma perfecta de ver estas maravillas sicilianas, entonces este tour privado es para usted.<\/span><\/p>\n<p><span style=\"font-weight: 400;\">Nuestro gu\u00eda experto compartir\u00e1 con usted sus amplios conocimientos sobre la historia, la cultura y la geograf\u00eda de Sicilia, a\u00f1adiendo una capa adicional de profundidad y conocimiento a su visita. Conocer\u00e1s las caracter\u00edsticas geol\u00f3gicas \u00fanicas del volc\u00e1n Etna, las leyendas y mitos que rodean Taormina y mucho m\u00e1s.<\/span><\/p>\n<p><span style=\"font-weight: 400;\">No tendr\u00e1 que preocuparse de nada m\u00e1s que de disfrutar de las hermosas vistas. Su gu\u00eda experto le llevar\u00e1 a los mejores lugares para hacer fotos, le contar\u00e1 la historia que hay detr\u00e1s de cada lugar y responder\u00e1 a todas sus preguntas. Adem\u00e1s, nuestras excursiones privadas ofrecen la flexibilidad de personalizar el itinerario seg\u00fan sus preferencias, lo que las convierte en una opci\u00f3n ideal para familias, parejas o peque\u00f1os grupos de amigos.<\/span><\/p>\n<p><span style=\"font-weight: 400;\">Su conductor y veh\u00edculo privado le recoger\u00e1n en un lugar c\u00e9ntrico de Messina o en su punto de alojamiento para comenzar esta aventura. Durante todo el recorrido, viajar\u00e1s con comodidad y estilo, con un veh\u00edculo de lujo y un conductor profesional a tu disposici\u00f3n.<\/span><\/p>\n<p><span style=\"font-weight: 400;\">Al final del tour privado, su veh\u00edculo y conductor le llevar\u00e1n de vuelta a su punto de recogida para que pueda seguir experimentando este incre\u00edble destino. Vale la pena mencionar que Tour Travel and More ofrece una amplia gama de tours privados en Messina y Taormina, as\u00ed que aseg\u00farese de revisar nuestra lista completa de opciones para obtener m\u00e1s inspiraci\u00f3n.<\/span><\/p>\n<h2><b>Excursi\u00f3n privada al Etna y Taormina desde Mesina<\/b><\/h2>\n<p><span style=\"font-weight: 400;\">Dentro del Tour Privado del Etna y Taormina desde Messina, su gu\u00eda junto con su veh\u00edculo privado le llevar\u00e1n a conocer los puntos m\u00e1s importantes de la zona, tales como:<\/span><\/p>\n<h3><b>Volc\u00e1n Etna:\u00a0<\/b><\/h3>\n<p><span style=\"font-weight: 400;\">El volc\u00e1n m\u00e1s alto de Europa y una de las principales atracciones de Sicilia. Su gu\u00eda le contar\u00e1 todo sobre la historia y la geolog\u00eda del volc\u00e1n, y le llevar\u00e1 a los mejores lugares para ver las vistas.<\/span><\/p>\n<h3><b>La ciudad medieval de Taormina:\u00a0<\/b><\/h3>\n<p><span style=\"font-weight: 400;\">Esta bella ciudad se asienta sobre un acantilado con vistas al mar. Puedes pasear por sus calles empedradas, visitar sus tiendas y caf\u00e9s, y admirar la magn\u00edfica vista desde el teatro grecorromano.<\/span><\/p>\n<h3><b>Refugio Sapienza:\u00a0<\/b><\/h3>\n<p><span style=\"font-weight: 400;\">El Refugio Sapienza es la puerta de entrada al Etna y ofrece impresionantes vistas panor\u00e1micas del paisaje circundante. Aqu\u00ed puedes hacer una pausa y disfrutar del aire fresco de la monta\u00f1a mientras contemplas el impresionante paisaje.<\/span><\/p>\n<h3><b>Telef\u00e9rico (opcional):\u00a0<\/b><\/h3>\n<p><span style=\"font-weight: 400;\">Para vivir una experiencia \u00fanica e inolvidable, puede tomar el telef\u00e9rico opcional hasta la cima del Etna. Este viaje le ofrecer\u00e1 una impresionante vista a\u00e9rea del volc\u00e1n y sus alrededores.<\/span><\/p>\n<h3><b>Taormina:\u00a0<\/b><\/h3>\n<p><span style=\"font-weight: 400;\">Taormina es una de las ciudades m\u00e1s pintorescas de Sicilia, con una rica historia e impresionantes vistas. Puedes explorar sus encantadoras calles, visitar sus lugares hist\u00f3ricos y contemplar las vistas panor\u00e1micas del mar y el Etna.<\/span><\/p>\n<h3><b>Iglesias y monumentos:\u00a0<\/b><\/h3>\n<p><span style=\"font-weight: 400;\">Taormina alberga numerosas iglesias y monumentos de gran belleza, como el antiguo Teatro Griego y la Catedral de San Nicol\u00e1s. Estos lugares no s\u00f3lo son hermosos de ver, sino que tambi\u00e9n est\u00e1n impregnados de historia y cultura.<\/span><\/p>\n<h3><b>Calle Umberto:\u00a0<\/b><\/h3>\n<p><span style=\"font-weight: 400;\">Corso Umberto es la calle principal de Taormina y est\u00e1 repleta de tiendas, cafeter\u00edas y restaurantes. Es el lugar perfecto para pasear, ir de compras y disfrutar de la deliciosa cocina siciliana.<\/span><\/p>\n<h3><b>Gastronom\u00eda siciliana (opcional):\u00a0<\/b><\/h3>\n<p><span style=\"font-weight: 400;\">La cocina siciliana es famosa por sus deliciosos sabores e ingredientes frescos. Puede aprovechar la oportunidad para deleitarse con algunos de los platos m\u00e1s famosos de la isla, como la pasta alla Norma, los arancini y los cannoli, en uno de los muchos restaurantes o caf\u00e9s tradicionales.<\/span><\/p>\n<p><span style=\"font-weight: 400;\">Reservando este tour, tendr\u00e1s la oportunidad de ver los lugares m\u00e1s bellos de Sicilia con un gu\u00eda experto. No te arrepentir\u00e1s de esta experiencia \u00fanica e inolvidable.<\/span><\/p>\n<p><span style=\"font-weight: 400;\">Al final de la excursi\u00f3n, su veh\u00edculo privado y el conductor le llevar\u00e1n de vuelta al punto de recogida en Messina.<\/span><\/p>\n<p><b>Si quiere saber m\u00e1s sobre Sicilia, le recomendamos que visite uno de nuestros <\/b><a href=\"https:\/\/tourtravelandmore.com\/city\/italy\/messina\/\"><b>tours privados en Messina,<\/b><\/a><b> ser\u00e1 una experiencia de lujo y, por supuesto, inolvidable.<\/b><\/p>\n","protected":false},"excerpt":{"rendered":"<p><span style=\"font-weight: 400;\">No tendr\u00e1s que preocuparte de nada excepto disfrutar de la hermosa vista. Tu gu\u00eda experto te llevar\u00e1 a los mejores lugares para hacer fotos, te contar\u00e1 la historia detr\u00e1s de cada lugar y responder\u00e1 todas tus preguntas.<\/span><span style=\"font-weight: 400;\"><br \/>\n<\/span><\/p>\n","protected":false},"featured_media":132801,"comment_status":"open","ping_status":"closed","template":"","meta":{"_acf_changed":false},"product_brand":[],"product_cat":[1608,4168,4185,4178,4187],"product_tag":[],"class_list":{"0":"post-132782","1":"product","2":"type-product","3":"status-publish","4":"has-post-thumbnail","6":"product_cat-italia-es","7":"product_cat-messina-es","8":"product_cat-excursiones-privadas-en-tierra-es","9":"product_cat-todos-los-tours-y-actividades-privadas-es","10":"product_cat-visitas-turisticas-privadas-es","12":"first","13":"instock","14":"shipping-taxable","15":"purchasable","16":"product-type-simple"},"acf":[],"yoast_head":"<!-- This site is optimized with the Yoast SEO Premium plugin v25.3.1 (Yoast SEO v25.3.1) - https:\/\/yoast.com\/wordpress\/plugins\/seo\/ -->\n<title>\u27a1\ufe0f Tour privado Etna y Taormina desde Mesina | Tour Travel &amp; More<\/title>\n<meta name=\"description\" content=\"Etna &amp; Taormina, si est\u00e1s buscando la manera perfecta de ver estas maravillas sicilianas, entonces este tour privado es para ti \u2705\" \/>\n<meta name=\"robots\" content=\"index, follow, max-snippet:-1, max-image-preview:large, max-video-preview:-1\" \/>\n<link rel=\"canonical\" href=\"https:\/\/tourtravelandmore.com\/es\/tours\/italia-es\/messina-es\/todos-los-tours-y-actividades-privadas-es\/tour-privado-etna-y-taormina-desde-mesina\/\" \/>\n<meta property=\"og:locale\" content=\"es_ES\" \/>\n<meta property=\"og:type\" content=\"article\" \/>\n<meta property=\"og:title\" content=\"Tour privado Etna y Taormina desde Mesina\" \/>\n<meta property=\"og:description\" content=\"Etna &amp; Taormina, si est\u00e1s buscando la manera perfecta de ver estas maravillas sicilianas, entonces este tour privado es para ti \u2705\" \/>\n<meta property=\"og:url\" content=\"https:\/\/tourtravelandmore.com\/es\/tours\/italia-es\/messina-es\/todos-los-tours-y-actividades-privadas-es\/tour-privado-etna-y-taormina-desde-mesina\/\" \/>\n<meta property=\"og:site_name\" content=\"Tour Travel And More\" \/>\n<meta property=\"article:publisher\" content=\"https:\/\/www.facebook.com\/tourtravelandmore\/\" \/>\n<meta property=\"article:modified_time\" content=\"2023-03-25T07:12:48+00:00\" \/>\n<meta property=\"og:image\" content=\"https:\/\/tourtravelandmore.com\/wp-content\/uploads\/2022\/07\/image1-2.jpg\" \/>\n\t<meta property=\"og:image:width\" content=\"900\" \/>\n\t<meta property=\"og:image:height\" content=\"750\" \/>\n\t<meta property=\"og:image:type\" content=\"image\/jpeg\" \/>\n<meta name=\"twitter:card\" content=\"summary_large_image\" \/>\n<meta name=\"twitter:site\" content=\"@TourTravel_More\" \/>\n<meta name=\"twitter:label1\" content=\"Tiempo de lectura\" \/>\n\t<meta name=\"twitter:data1\" content=\"2 minutos\" \/>\n<script type=\"application\/ld+json\" class=\"yoast-schema-graph\">{\"@context\":\"https:\/\/schema.org\",\"@graph\":[{\"@type\":\"WebPage\",\"@id\":\"https:\/\/tourtravelandmore.com\/es\/tours\/italia-es\/messina-es\/todos-los-tours-y-actividades-privadas-es\/tour-privado-etna-y-taormina-desde-mesina\/\",\"url\":\"https:\/\/tourtravelandmore.com\/es\/tours\/italia-es\/messina-es\/todos-los-tours-y-actividades-privadas-es\/tour-privado-etna-y-taormina-desde-mesina\/\",\"name\":\"\u27a1\ufe0f Tour privado Etna y Taormina desde Mesina | Tour Travel & More\",\"isPartOf\":{\"@id\":\"https:\/\/tourtravelandmore.com\/es\/#website\"},\"primaryImageOfPage\":{\"@id\":\"https:\/\/tourtravelandmore.com\/es\/tours\/italia-es\/messina-es\/todos-los-tours-y-actividades-privadas-es\/tour-privado-etna-y-taormina-desde-mesina\/#primaryimage\"},\"image\":{\"@id\":\"https:\/\/tourtravelandmore.com\/es\/tours\/italia-es\/messina-es\/todos-los-tours-y-actividades-privadas-es\/tour-privado-etna-y-taormina-desde-mesina\/#primaryimage\"},\"thumbnailUrl\":\"https:\/\/tourtravelandmore.com\/wp-content\/uploads\/2022\/07\/image1-2.jpg\",\"datePublished\":\"2022-07-25T08:17:58+00:00\",\"dateModified\":\"2023-03-25T07:12:48+00:00\",\"description\":\"Etna & Taormina, si est\u00e1s buscando la manera perfecta de ver estas maravillas sicilianas, entonces este tour privado es para ti \u2705\",\"breadcrumb\":{\"@id\":\"https:\/\/tourtravelandmore.com\/es\/tours\/italia-es\/messina-es\/todos-los-tours-y-actividades-privadas-es\/tour-privado-etna-y-taormina-desde-mesina\/#breadcrumb\"},\"inLanguage\":\"es\",\"potentialAction\":[{\"@type\":\"ReadAction\",\"target\":[\"https:\/\/tourtravelandmore.com\/es\/tours\/italia-es\/messina-es\/todos-los-tours-y-actividades-privadas-es\/tour-privado-etna-y-taormina-desde-mesina\/\"]}]},{\"@type\":\"ImageObject\",\"inLanguage\":\"es\",\"@id\":\"https:\/\/tourtravelandmore.com\/es\/tours\/italia-es\/messina-es\/todos-los-tours-y-actividades-privadas-es\/tour-privado-etna-y-taormina-desde-mesina\/#primaryimage\",\"url\":\"https:\/\/tourtravelandmore.com\/wp-content\/uploads\/2022\/07\/image1-2.jpg\",\"contentUrl\":\"https:\/\/tourtravelandmore.com\/wp-content\/uploads\/2022\/07\/image1-2.jpg\",\"width\":900,\"height\":750},{\"@type\":\"BreadcrumbList\",\"@id\":\"https:\/\/tourtravelandmore.com\/es\/tours\/italia-es\/messina-es\/todos-los-tours-y-actividades-privadas-es\/tour-privado-etna-y-taormina-desde-mesina\/#breadcrumb\",\"itemListElement\":[{\"@type\":\"ListItem\",\"position\":1,\"name\":\"Home\",\"item\":\"https:\/\/tourtravelandmore.com\/es\/\"},{\"@type\":\"ListItem\",\"position\":2,\"name\":\"Tours\",\"item\":\"https:\/\/tourtravelandmore.com\/es\/tours\/\"},{\"@type\":\"ListItem\",\"position\":3,\"name\":\"Tour privado Etna y Taormina desde Mesina\"}]},{\"@type\":\"WebSite\",\"@id\":\"https:\/\/tourtravelandmore.com\/es\/#website\",\"url\":\"https:\/\/tourtravelandmore.com\/es\/\",\"name\":\"Tour Travel And More\",\"description\":\"Private sightseeing tours and luxury transfers in Spain\",\"publisher\":{\"@id\":\"https:\/\/tourtravelandmore.com\/es\/#organization\"},\"potentialAction\":[{\"@type\":\"SearchAction\",\"target\":{\"@type\":\"EntryPoint\",\"urlTemplate\":\"https:\/\/tourtravelandmore.com\/es\/?s={search_term_string}\"},\"query-input\":{\"@type\":\"PropertyValueSpecification\",\"valueRequired\":true,\"valueName\":\"search_term_string\"}}],\"inLanguage\":\"es\"},{\"@type\":\"Organization\",\"@id\":\"https:\/\/tourtravelandmore.com\/es\/#organization\",\"name\":\"Tour Travel And More\",\"url\":\"https:\/\/tourtravelandmore.com\/es\/\",\"logo\":{\"@type\":\"ImageObject\",\"inLanguage\":\"es\",\"@id\":\"https:\/\/tourtravelandmore.com\/es\/#\/schema\/logo\/image\/\",\"url\":\"https:\/\/tourtravelandmore.com\/wp-content\/uploads\/2022\/12\/cropped-logo-cabecera-new.png\",\"contentUrl\":\"https:\/\/tourtravelandmore.com\/wp-content\/uploads\/2022\/12\/cropped-logo-cabecera-new.png\",\"width\":430,\"height\":61,\"caption\":\"Tour Travel And More\"},\"image\":{\"@id\":\"https:\/\/tourtravelandmore.com\/es\/#\/schema\/logo\/image\/\"},\"sameAs\":[\"https:\/\/www.facebook.com\/tourtravelandmore\/\",\"https:\/\/x.com\/TourTravel_More\"]}]}<\/script>\n<!-- \/ Yoast SEO Premium plugin. -->","yoast_head_json":{"title":"\u27a1\ufe0f Tour privado Etna y Taormina desde Mesina | Tour Travel & More","description":"Etna & Taormina, si est\u00e1s buscando la manera perfecta de ver estas maravillas sicilianas, entonces este tour privado es para ti \u2705","robots":{"index":"index","follow":"follow","max-snippet":"max-snippet:-1","max-image-preview":"max-image-preview:large","max-video-preview":"max-video-preview:-1"},"canonical":"https:\/\/tourtravelandmore.com\/es\/tours\/italia-es\/messina-es\/todos-los-tours-y-actividades-privadas-es\/tour-privado-etna-y-taormina-desde-mesina\/","og_locale":"es_ES","og_type":"article","og_title":"Tour privado Etna y Taormina desde Mesina","og_description":"Etna & Taormina, si est\u00e1s buscando la manera perfecta de ver estas maravillas sicilianas, entonces este tour privado es para ti \u2705","og_url":"https:\/\/tourtravelandmore.com\/es\/tours\/italia-es\/messina-es\/todos-los-tours-y-actividades-privadas-es\/tour-privado-etna-y-taormina-desde-mesina\/","og_site_name":"Tour Travel And More","article_publisher":"https:\/\/www.facebook.com\/tourtravelandmore\/","article_modified_time":"2023-03-25T07:12:48+00:00","og_image":[{"width":900,"height":750,"url":"https:\/\/tourtravelandmore.com\/wp-content\/uploads\/2022\/07\/image1-2.jpg","type":"image\/jpeg"}],"twitter_card":"summary_large_image","twitter_site":"@TourTravel_More","twitter_misc":{"Tiempo de lectura":"2 minutos"},"schema":{"@context":"https:\/\/schema.org","@graph":[{"@type":"WebPage","@id":"https:\/\/tourtravelandmore.com\/es\/tours\/italia-es\/messina-es\/todos-los-tours-y-actividades-privadas-es\/tour-privado-etna-y-taormina-desde-mesina\/","url":"https:\/\/tourtravelandmore.com\/es\/tours\/italia-es\/messina-es\/todos-los-tours-y-actividades-privadas-es\/tour-privado-etna-y-taormina-desde-mesina\/","name":"\u27a1\ufe0f Tour privado Etna y Taormina desde Mesina | Tour Travel & More","isPartOf":{"@id":"https:\/\/tourtravelandmore.com\/es\/#website"},"primaryImageOfPage":{"@id":"https:\/\/tourtravelandmore.com\/es\/tours\/italia-es\/messina-es\/todos-los-tours-y-actividades-privadas-es\/tour-privado-etna-y-taormina-desde-mesina\/#primaryimage"},"image":{"@id":"https:\/\/tourtravelandmore.com\/es\/tours\/italia-es\/messina-es\/todos-los-tours-y-actividades-privadas-es\/tour-privado-etna-y-taormina-desde-mesina\/#primaryimage"},"thumbnailUrl":"https:\/\/tourtravelandmore.com\/wp-content\/uploads\/2022\/07\/image1-2.jpg","datePublished":"2022-07-25T08:17:58+00:00","dateModified":"2023-03-25T07:12:48+00:00","description":"Etna & Taormina, si est\u00e1s buscando la manera perfecta de ver estas maravillas sicilianas, entonces este tour privado es para ti \u2705","breadcrumb":{"@id":"https:\/\/tourtravelandmore.com\/es\/tours\/italia-es\/messina-es\/todos-los-tours-y-actividades-privadas-es\/tour-privado-etna-y-taormina-desde-mesina\/#breadcrumb"},"inLanguage":"es","potentialAction":[{"@type":"ReadAction","target":["https:\/\/tourtravelandmore.com\/es\/tours\/italia-es\/messina-es\/todos-los-tours-y-actividades-privadas-es\/tour-privado-etna-y-taormina-desde-mesina\/"]}]},{"@type":"ImageObject","inLanguage":"es","@id":"https:\/\/tourtravelandmore.com\/es\/tours\/italia-es\/messina-es\/todos-los-tours-y-actividades-privadas-es\/tour-privado-etna-y-taormina-desde-mesina\/#primaryimage","url":"https:\/\/tourtravelandmore.com\/wp-content\/uploads\/2022\/07\/image1-2.jpg","contentUrl":"https:\/\/tourtravelandmore.com\/wp-content\/uploads\/2022\/07\/image1-2.jpg","width":900,"height":750},{"@type":"BreadcrumbList","@id":"https:\/\/tourtravelandmore.com\/es\/tours\/italia-es\/messina-es\/todos-los-tours-y-actividades-privadas-es\/tour-privado-etna-y-taormina-desde-mesina\/#breadcrumb","itemListElement":[{"@type":"ListItem","position":1,"name":"Home","item":"https:\/\/tourtravelandmore.com\/es\/"},{"@type":"ListItem","position":2,"name":"Tours","item":"https:\/\/tourtravelandmore.com\/es\/tours\/"},{"@type":"ListItem","position":3,"name":"Tour privado Etna y Taormina desde Mesina"}]},{"@type":"WebSite","@id":"https:\/\/tourtravelandmore.com\/es\/#website","url":"https:\/\/tourtravelandmore.com\/es\/","name":"Tour Travel And More","description":"Private sightseeing tours and luxury transfers in Spain","publisher":{"@id":"https:\/\/tourtravelandmore.com\/es\/#organization"},"potentialAction":[{"@type":"SearchAction","target":{"@type":"EntryPoint","urlTemplate":"https:\/\/tourtravelandmore.com\/es\/?s={search_term_string}"},"query-input":{"@type":"PropertyValueSpecification","valueRequired":true,"valueName":"search_term_string"}}],"inLanguage":"es"},{"@type":"Organization","@id":"https:\/\/tourtravelandmore.com\/es\/#organization","name":"Tour Travel And More","url":"https:\/\/tourtravelandmore.com\/es\/","logo":{"@type":"ImageObject","inLanguage":"es","@id":"https:\/\/tourtravelandmore.com\/es\/#\/schema\/logo\/image\/","url":"https:\/\/tourtravelandmore.com\/wp-content\/uploads\/2022\/12\/cropped-logo-cabecera-new.png","contentUrl":"https:\/\/tourtravelandmore.com\/wp-content\/uploads\/2022\/12\/cropped-logo-cabecera-new.png","width":430,"height":61,"caption":"Tour Travel And More"},"image":{"@id":"https:\/\/tourtravelandmore.com\/es\/#\/schema\/logo\/image\/"},"sameAs":["https:\/\/www.facebook.com\/tourtravelandmore\/","https:\/\/x.com\/TourTravel_More"]}]}},"_links":{"self":[{"href":"https:\/\/tourtravelandmore.com\/es\/wp-json\/wp\/v2\/product\/132782","targetHints":{"allow":["GET"]}}],"collection":[{"href":"https:\/\/tourtravelandmore.com\/es\/wp-json\/wp\/v2\/product"}],"about":[{"href":"https:\/\/tourtravelandmore.com\/es\/wp-json\/wp\/v2\/types\/product"}],"replies":[{"embeddable":true,"href":"https:\/\/tourtravelandmore.com\/es\/wp-json\/wp\/v2\/comments?post=132782"}],"wp:featuredmedia":[{"embeddable":true,"href":"https:\/\/tourtravelandmore.com\/es\/wp-json\/wp\/v2\/media\/132801"}],"wp:attachment":[{"href":"https:\/\/tourtravelandmore.com\/es\/wp-json\/wp\/v2\/media?parent=132782"}],"wp:term":[{"taxonomy":"product_brand","embeddable":true,"href":"https:\/\/tourtravelandmore.com\/es\/wp-json\/wp\/v2\/product_brand?post=132782"},{"taxonomy":"product_cat","embeddable":true,"href":"https:\/\/tourtravelandmore.com\/es\/wp-json\/wp\/v2\/product_cat?post=132782"},{"taxonomy":"product_tag","embeddable":true,"href":"https:\/\/tourtravelandmore.com\/es\/wp-json\/wp\/v2\/product_tag?post=132782"}],"curies":[{"name":"wp","href":"https:\/\/api.w.org\/{rel}","templated":true}]}}