{"id":132671,"date":"2022-07-24T19:04:00","date_gmt":"2022-07-24T17:04:01","guid":{"rendered":"https:\/\/tourtravelandmore.com\/?post_type=product&#038;p=132671"},"modified":"2023-05-01T21:48:00","modified_gmt":"2023-05-01T19:48:00","slug":"tour-privado-a-taormina-desde-la-terminal-de-cruceros-o-mesina","status":"publish","type":"product","link":"https:\/\/tourtravelandmore.com\/es\/tours\/italia-es\/messina-es\/todos-los-tours-y-actividades-privadas-es\/tour-privado-a-taormina-desde-la-terminal-de-cruceros-o-mesina\/","title":{"rendered":"Tour privado de Taormina desde el hotel o terminal de cruceros de Messina"},"content":{"rendered":"<h2><b>Descripci\u00f3n de Taormina Tour Privado a Taormina desde la Terminal de Cruceros o Messina<\/b><\/h2>\n<p><span style=\"font-weight: 400;\">El tour privado de Taormina desde la terminal de cruceros o Messina es un recorrido por una de las ciudades m\u00e1s bellas de Sicilia. Durante el recorrido, ver\u00e1s los lugares m\u00e1s emblem\u00e1ticos de Taormina, como el Teatro Greco, la Piazza IX Aprile y el Palazzo Corvaja. Tambi\u00e9n visitar\u00e1 el famoso jard\u00edn bot\u00e1nico Giardino Naxos y tomar\u00e1 un caf\u00e9 en una t\u00edpica cafeter\u00eda italiana. Durante el recorrido, el gu\u00eda le proporcionar\u00e1 informaci\u00f3n interesante sobre la historia y la cultura de Taormina. Adem\u00e1s, podr\u00e1 hacer preguntas y participar en la conversaci\u00f3n. El tour privado de Taormina desde la terminal de cruceros o Messina es una forma estupenda de conocer esta bella ciudad italiana.<\/span><\/p>\n<p><span style=\"font-weight: 400;\">El Tour Privado comenzar\u00e1 recogi\u00e9ndole en su punto de salida, ya sea en la terminal de cruceros o en un punto central o lugar de alojamiento en Messina, comenzaremos el tour con su veh\u00edculo privado y conductor para una experiencia inolvidable.<\/span><\/p>\n<p><span style=\"font-weight: 400;\">Durante el recorrido privado, tendr\u00e1 la oportunidad de admirar las impresionantes vistas del mar J\u00f3nico y la bah\u00eda de Naxos desde el mirador panor\u00e1mico del Belvedere. Tambi\u00e9n tendr\u00e1 la oportunidad de explorar el centro hist\u00f3rico de Taormina, con sus estrechas calles y pintorescas plazas.<\/span><\/p>\n<p><span style=\"font-weight: 400;\">Una de las principales atracciones del recorrido es el Teatro Greco, un antiguo teatro griego bien conservado con una impresionante vista del mar. Tambi\u00e9n visitar\u00e1 la Piazza IX Aprile, una encantadora plaza con vistas panor\u00e1micas del Etna, y el Palazzo Corvaja, un palacio medieval con una historia fascinante.<\/span><\/p>\n<p><span style=\"font-weight: 400;\">El jard\u00edn bot\u00e1nico Giardino Naxos es una atracci\u00f3n imprescindible durante el recorrido, donde podr\u00e1 disfrutar de un tranquilo paseo rodeado de exuberante vegetaci\u00f3n y hermosas flores. Tambi\u00e9n har\u00e1 una parada en una t\u00edpica cafeter\u00eda italiana, donde podr\u00e1 degustar deliciosos caf\u00e9s y pasteles locales.<\/span><\/p>\n<p><span style=\"font-weight: 400;\">Nuestro experto gu\u00eda le proporcionar\u00e1 informaci\u00f3n interesante sobre la historia, la cultura y las tradiciones de Taormina, asegur\u00e1ndose de que aprovecha al m\u00e1ximo su experiencia. Tambi\u00e9n puede personalizar el tour a su gusto y pasar m\u00e1s tiempo en los lugares que m\u00e1s le interesen.<\/span><\/p>\n<p><a href=\"https:\/\/tourtravelandmore.com\/es\/ciudad\/italia-es\/messina-es\/\"><span style=\"font-weight: 400;\">Reserve hoy mismo su excursi\u00f3n privada a Taormina desde la terminal de cruceros o Messina<\/span><\/a><span style=\"font-weight: 400;\"> y prep\u00e1rese para explorar una de las ciudades m\u00e1s bellas de Italia de una forma exclusiva e inolvidable.<\/span><\/p>\n<h2><b>Puntos de inter\u00e9s de la excursi\u00f3n privada a Taormina desde la terminal de cruceros o Messina<\/b><\/h2>\n<p><span style=\"font-weight: 400;\">Una vez que comience el tour, su veh\u00edculo privado junto con su gu\u00eda durante 5 horas le llevar\u00e1 a conocer y descubrir los lugares m\u00e1s emblem\u00e1ticos de Taormina como:<\/span><b><\/b><\/p>\n<ul>\n<li aria-level=\"1\"><b>Fachada del Palacio de Corvaja<\/b><\/li>\n<\/ul>\n<ul>\n<li aria-level=\"1\"><b>Teatro Griego<\/b><\/li>\n<\/ul>\n<ul>\n<li aria-level=\"1\"><b>El volc\u00e1n activo m\u00e1s alto de Europa: Etna<\/b><\/li>\n<\/ul>\n<ul>\n<li aria-level=\"1\"><b>Plaza del Duomo<\/b><\/li>\n<\/ul>\n<ul>\n<li aria-level=\"1\"><b>Monasterio dominico<\/b><\/li>\n<li aria-level=\"1\"><b>Tiendas de artesan\u00eda local<\/b><\/li>\n<\/ul>\n<p><span style=\"font-weight: 400;\">La Fachada del Palacio Corvaja es un impresionante ejemplo de arquitectura medieval situado en el coraz\u00f3n de Taormina. Los visitantes pueden admirar la hermosa puerta arqueada y el ornamentado trabajo en piedra de este edificio hist\u00f3rico, que ha servido como palacio, prisi\u00f3n y museo a lo largo de los siglos.<\/span><\/p>\n<p><span style=\"font-weight: 400;\">El Teatro Griego es uno de los monumentos m\u00e1s famosos de Taormina y una atracci\u00f3n de visita obligada durante el recorrido privado. Los visitantes pueden disfrutar de impresionantes vistas del paisaje circundante y del mar mientras aprenden sobre la fascinante historia y arquitectura del teatro.<\/span><\/p>\n<p><span style=\"font-weight: 400;\">El Etna es el volc\u00e1n activo m\u00e1s alto de Europa y un s\u00edmbolo emblem\u00e1tico de Sicilia. Durante la visita privada, los visitantes tendr\u00e1n la oportunidad de admirar las impresionantes vistas de esta majestuosa monta\u00f1a y aprender sobre su significado geol\u00f3gico y la importancia cultural que tiene para el pueblo de Sicilia.<\/span><\/p>\n<p><span style=\"font-weight: 400;\">La plaza del Duomo es el coraz\u00f3n de Taormina y en ella se encuentra la catedral principal de la ciudad. La plaza est\u00e1 rodeada de bellos edificios, cafeter\u00edas y tiendas, y es un lugar ideal para relajarse y empaparse del ambiente local.<\/span><\/p>\n<p><span style=\"font-weight: 400;\">El Monasterio de los Dominicos es un bello ejemplo de arquitectura medieval situado en el coraz\u00f3n de Taormina. Los visitantes pueden admirar los impresionantes frescos y esculturas de este edificio hist\u00f3rico, que tambi\u00e9n funciona como centro cultural y museo.<\/span><\/p>\n<p><span style=\"font-weight: 400;\">Las tiendas de artesan\u00eda local son una parte esencial de cualquier viaje a Italia, y Taormina no es una excepci\u00f3n. Los visitantes pueden explorar las numerosas tiendas y galer\u00edas de artesan\u00eda de la ciudad, donde encontrar\u00e1n recuerdos, regalos y souvenirs \u00fanicos y hechos a mano que llevarse a casa.<\/span><\/p>\n<p><span style=\"font-weight: 400;\">Al final del recorrido privado de 5 horas, los visitantes habr\u00e1n experimentado lo mejor de Taormina y habr\u00e1n adquirido un profundo aprecio por este bello destino italiano.<\/span><\/p>\n","protected":false},"excerpt":{"rendered":"<p><span style=\"font-weight: 400;\">El tour privado de Taormina desde la terminal de cruceros o Mesina es un recorrido por una de las ciudades m\u00e1s hermosas de Sicilia. Durante el tour, ver\u00e1 los lugares m\u00e1s emblem\u00e1ticos de Taormina, como el Teatro Greco, la Plaza IX Aprile y el Palacio Corvaja.<\/span><\/p>\n","protected":false},"featured_media":132696,"comment_status":"open","ping_status":"closed","template":"","meta":{"_acf_changed":false},"product_brand":[],"product_cat":[1608,4168,4185,4178,4187],"product_tag":[],"class_list":{"0":"post-132671","1":"product","2":"type-product","3":"status-publish","4":"has-post-thumbnail","6":"product_cat-italia-es","7":"product_cat-messina-es","8":"product_cat-excursiones-privadas-en-tierra-es","9":"product_cat-todos-los-tours-y-actividades-privadas-es","10":"product_cat-visitas-turisticas-privadas-es","12":"first","13":"instock","14":"shipping-taxable","15":"purchasable","16":"product-type-simple"},"acf":[],"yoast_head":"<!-- This site is optimized with the Yoast SEO Premium plugin v25.3.1 (Yoast SEO v25.3.1) - https:\/\/yoast.com\/wordpress\/plugins\/seo\/ -->\n<title>\u27a1\ufe0f Tour privado a Taormina desde la Terminal de Cruceros o Mesina | Tour Travel &amp; More<\/title>\n<meta name=\"description\" content=\"El tour privado de Taormina desde la terminal de cruceros o Mesina es una excelente manera de conocer esta hermosa ciudad italiana. \u00a1Reserve hoy mismo! \u2705\" \/>\n<meta name=\"robots\" content=\"index, follow, max-snippet:-1, max-image-preview:large, max-video-preview:-1\" \/>\n<link rel=\"canonical\" href=\"https:\/\/tourtravelandmore.com\/es\/tours\/italia-es\/messina-es\/todos-los-tours-y-actividades-privadas-es\/tour-privado-a-taormina-desde-la-terminal-de-cruceros-o-mesina\/\" \/>\n<meta property=\"og:locale\" content=\"es_ES\" \/>\n<meta property=\"og:type\" content=\"article\" \/>\n<meta property=\"og:title\" content=\"Tour privado de Taormina desde el hotel o terminal de cruceros de Messina\" \/>\n<meta property=\"og:description\" content=\"El tour privado de Taormina desde la terminal de cruceros o Mesina es una excelente manera de conocer esta hermosa ciudad italiana. \u00a1Reserve hoy mismo! \u2705\" \/>\n<meta property=\"og:url\" content=\"https:\/\/tourtravelandmore.com\/es\/tours\/italia-es\/messina-es\/todos-los-tours-y-actividades-privadas-es\/tour-privado-a-taormina-desde-la-terminal-de-cruceros-o-mesina\/\" \/>\n<meta property=\"og:site_name\" content=\"Tour Travel And More\" \/>\n<meta property=\"article:publisher\" content=\"https:\/\/www.facebook.com\/tourtravelandmore\/\" \/>\n<meta property=\"article:modified_time\" content=\"2023-05-01T19:48:00+00:00\" \/>\n<meta property=\"og:image\" content=\"https:\/\/tourtravelandmore.com\/wp-content\/uploads\/2022\/07\/image2-1.jpg\" \/>\n\t<meta property=\"og:image:width\" content=\"900\" \/>\n\t<meta property=\"og:image:height\" content=\"750\" \/>\n\t<meta property=\"og:image:type\" content=\"image\/jpeg\" \/>\n<meta name=\"twitter:card\" content=\"summary_large_image\" \/>\n<meta name=\"twitter:site\" content=\"@TourTravel_More\" \/>\n<meta name=\"twitter:label1\" content=\"Tiempo de lectura\" \/>\n\t<meta name=\"twitter:data1\" content=\"2 minutos\" \/>\n<script type=\"application\/ld+json\" class=\"yoast-schema-graph\">{\"@context\":\"https:\/\/schema.org\",\"@graph\":[{\"@type\":\"WebPage\",\"@id\":\"https:\/\/tourtravelandmore.com\/es\/tours\/italia-es\/messina-es\/todos-los-tours-y-actividades-privadas-es\/tour-privado-a-taormina-desde-la-terminal-de-cruceros-o-mesina\/\",\"url\":\"https:\/\/tourtravelandmore.com\/es\/tours\/italia-es\/messina-es\/todos-los-tours-y-actividades-privadas-es\/tour-privado-a-taormina-desde-la-terminal-de-cruceros-o-mesina\/\",\"name\":\"\u27a1\ufe0f Tour privado a Taormina desde la Terminal de Cruceros o Mesina | Tour Travel & More\",\"isPartOf\":{\"@id\":\"https:\/\/tourtravelandmore.com\/es\/#website\"},\"primaryImageOfPage\":{\"@id\":\"https:\/\/tourtravelandmore.com\/es\/tours\/italia-es\/messina-es\/todos-los-tours-y-actividades-privadas-es\/tour-privado-a-taormina-desde-la-terminal-de-cruceros-o-mesina\/#primaryimage\"},\"image\":{\"@id\":\"https:\/\/tourtravelandmore.com\/es\/tours\/italia-es\/messina-es\/todos-los-tours-y-actividades-privadas-es\/tour-privado-a-taormina-desde-la-terminal-de-cruceros-o-mesina\/#primaryimage\"},\"thumbnailUrl\":\"https:\/\/tourtravelandmore.com\/wp-content\/uploads\/2022\/07\/image2-1.jpg\",\"datePublished\":\"2022-07-24T17:04:01+00:00\",\"dateModified\":\"2023-05-01T19:48:00+00:00\",\"description\":\"El tour privado de Taormina desde la terminal de cruceros o Mesina es una excelente manera de conocer esta hermosa ciudad italiana. \u00a1Reserve hoy mismo! \u2705\",\"breadcrumb\":{\"@id\":\"https:\/\/tourtravelandmore.com\/es\/tours\/italia-es\/messina-es\/todos-los-tours-y-actividades-privadas-es\/tour-privado-a-taormina-desde-la-terminal-de-cruceros-o-mesina\/#breadcrumb\"},\"inLanguage\":\"es\",\"potentialAction\":[{\"@type\":\"ReadAction\",\"target\":[\"https:\/\/tourtravelandmore.com\/es\/tours\/italia-es\/messina-es\/todos-los-tours-y-actividades-privadas-es\/tour-privado-a-taormina-desde-la-terminal-de-cruceros-o-mesina\/\"]}]},{\"@type\":\"ImageObject\",\"inLanguage\":\"es\",\"@id\":\"https:\/\/tourtravelandmore.com\/es\/tours\/italia-es\/messina-es\/todos-los-tours-y-actividades-privadas-es\/tour-privado-a-taormina-desde-la-terminal-de-cruceros-o-mesina\/#primaryimage\",\"url\":\"https:\/\/tourtravelandmore.com\/wp-content\/uploads\/2022\/07\/image2-1.jpg\",\"contentUrl\":\"https:\/\/tourtravelandmore.com\/wp-content\/uploads\/2022\/07\/image2-1.jpg\",\"width\":900,\"height\":750},{\"@type\":\"BreadcrumbList\",\"@id\":\"https:\/\/tourtravelandmore.com\/es\/tours\/italia-es\/messina-es\/todos-los-tours-y-actividades-privadas-es\/tour-privado-a-taormina-desde-la-terminal-de-cruceros-o-mesina\/#breadcrumb\",\"itemListElement\":[{\"@type\":\"ListItem\",\"position\":1,\"name\":\"Home\",\"item\":\"https:\/\/tourtravelandmore.com\/es\/\"},{\"@type\":\"ListItem\",\"position\":2,\"name\":\"Tours\",\"item\":\"https:\/\/tourtravelandmore.com\/es\/tours\/\"},{\"@type\":\"ListItem\",\"position\":3,\"name\":\"Tour privado de Taormina desde el hotel o terminal de cruceros de Messina\"}]},{\"@type\":\"WebSite\",\"@id\":\"https:\/\/tourtravelandmore.com\/es\/#website\",\"url\":\"https:\/\/tourtravelandmore.com\/es\/\",\"name\":\"Tour Travel And More\",\"description\":\"Private sightseeing tours and luxury transfers in Spain\",\"publisher\":{\"@id\":\"https:\/\/tourtravelandmore.com\/es\/#organization\"},\"potentialAction\":[{\"@type\":\"SearchAction\",\"target\":{\"@type\":\"EntryPoint\",\"urlTemplate\":\"https:\/\/tourtravelandmore.com\/es\/?s={search_term_string}\"},\"query-input\":{\"@type\":\"PropertyValueSpecification\",\"valueRequired\":true,\"valueName\":\"search_term_string\"}}],\"inLanguage\":\"es\"},{\"@type\":\"Organization\",\"@id\":\"https:\/\/tourtravelandmore.com\/es\/#organization\",\"name\":\"Tour Travel And More\",\"url\":\"https:\/\/tourtravelandmore.com\/es\/\",\"logo\":{\"@type\":\"ImageObject\",\"inLanguage\":\"es\",\"@id\":\"https:\/\/tourtravelandmore.com\/es\/#\/schema\/logo\/image\/\",\"url\":\"https:\/\/tourtravelandmore.com\/wp-content\/uploads\/2022\/12\/cropped-logo-cabecera-new.png\",\"contentUrl\":\"https:\/\/tourtravelandmore.com\/wp-content\/uploads\/2022\/12\/cropped-logo-cabecera-new.png\",\"width\":430,\"height\":61,\"caption\":\"Tour Travel And More\"},\"image\":{\"@id\":\"https:\/\/tourtravelandmore.com\/es\/#\/schema\/logo\/image\/\"},\"sameAs\":[\"https:\/\/www.facebook.com\/tourtravelandmore\/\",\"https:\/\/x.com\/TourTravel_More\"]}]}<\/script>\n<!-- \/ Yoast SEO Premium plugin. -->","yoast_head_json":{"title":"\u27a1\ufe0f Tour privado a Taormina desde la Terminal de Cruceros o Mesina | Tour Travel & More","description":"El tour privado de Taormina desde la terminal de cruceros o Mesina es una excelente manera de conocer esta hermosa ciudad italiana. \u00a1Reserve hoy mismo! \u2705","robots":{"index":"index","follow":"follow","max-snippet":"max-snippet:-1","max-image-preview":"max-image-preview:large","max-video-preview":"max-video-preview:-1"},"canonical":"https:\/\/tourtravelandmore.com\/es\/tours\/italia-es\/messina-es\/todos-los-tours-y-actividades-privadas-es\/tour-privado-a-taormina-desde-la-terminal-de-cruceros-o-mesina\/","og_locale":"es_ES","og_type":"article","og_title":"Tour privado de Taormina desde el hotel o terminal de cruceros de Messina","og_description":"El tour privado de Taormina desde la terminal de cruceros o Mesina es una excelente manera de conocer esta hermosa ciudad italiana. \u00a1Reserve hoy mismo! \u2705","og_url":"https:\/\/tourtravelandmore.com\/es\/tours\/italia-es\/messina-es\/todos-los-tours-y-actividades-privadas-es\/tour-privado-a-taormina-desde-la-terminal-de-cruceros-o-mesina\/","og_site_name":"Tour Travel And More","article_publisher":"https:\/\/www.facebook.com\/tourtravelandmore\/","article_modified_time":"2023-05-01T19:48:00+00:00","og_image":[{"width":900,"height":750,"url":"https:\/\/tourtravelandmore.com\/wp-content\/uploads\/2022\/07\/image2-1.jpg","type":"image\/jpeg"}],"twitter_card":"summary_large_image","twitter_site":"@TourTravel_More","twitter_misc":{"Tiempo de lectura":"2 minutos"},"schema":{"@context":"https:\/\/schema.org","@graph":[{"@type":"WebPage","@id":"https:\/\/tourtravelandmore.com\/es\/tours\/italia-es\/messina-es\/todos-los-tours-y-actividades-privadas-es\/tour-privado-a-taormina-desde-la-terminal-de-cruceros-o-mesina\/","url":"https:\/\/tourtravelandmore.com\/es\/tours\/italia-es\/messina-es\/todos-los-tours-y-actividades-privadas-es\/tour-privado-a-taormina-desde-la-terminal-de-cruceros-o-mesina\/","name":"\u27a1\ufe0f Tour privado a Taormina desde la Terminal de Cruceros o Mesina | Tour Travel & More","isPartOf":{"@id":"https:\/\/tourtravelandmore.com\/es\/#website"},"primaryImageOfPage":{"@id":"https:\/\/tourtravelandmore.com\/es\/tours\/italia-es\/messina-es\/todos-los-tours-y-actividades-privadas-es\/tour-privado-a-taormina-desde-la-terminal-de-cruceros-o-mesina\/#primaryimage"},"image":{"@id":"https:\/\/tourtravelandmore.com\/es\/tours\/italia-es\/messina-es\/todos-los-tours-y-actividades-privadas-es\/tour-privado-a-taormina-desde-la-terminal-de-cruceros-o-mesina\/#primaryimage"},"thumbnailUrl":"https:\/\/tourtravelandmore.com\/wp-content\/uploads\/2022\/07\/image2-1.jpg","datePublished":"2022-07-24T17:04:01+00:00","dateModified":"2023-05-01T19:48:00+00:00","description":"El tour privado de Taormina desde la terminal de cruceros o Mesina es una excelente manera de conocer esta hermosa ciudad italiana. \u00a1Reserve hoy mismo! \u2705","breadcrumb":{"@id":"https:\/\/tourtravelandmore.com\/es\/tours\/italia-es\/messina-es\/todos-los-tours-y-actividades-privadas-es\/tour-privado-a-taormina-desde-la-terminal-de-cruceros-o-mesina\/#breadcrumb"},"inLanguage":"es","potentialAction":[{"@type":"ReadAction","target":["https:\/\/tourtravelandmore.com\/es\/tours\/italia-es\/messina-es\/todos-los-tours-y-actividades-privadas-es\/tour-privado-a-taormina-desde-la-terminal-de-cruceros-o-mesina\/"]}]},{"@type":"ImageObject","inLanguage":"es","@id":"https:\/\/tourtravelandmore.com\/es\/tours\/italia-es\/messina-es\/todos-los-tours-y-actividades-privadas-es\/tour-privado-a-taormina-desde-la-terminal-de-cruceros-o-mesina\/#primaryimage","url":"https:\/\/tourtravelandmore.com\/wp-content\/uploads\/2022\/07\/image2-1.jpg","contentUrl":"https:\/\/tourtravelandmore.com\/wp-content\/uploads\/2022\/07\/image2-1.jpg","width":900,"height":750},{"@type":"BreadcrumbList","@id":"https:\/\/tourtravelandmore.com\/es\/tours\/italia-es\/messina-es\/todos-los-tours-y-actividades-privadas-es\/tour-privado-a-taormina-desde-la-terminal-de-cruceros-o-mesina\/#breadcrumb","itemListElement":[{"@type":"ListItem","position":1,"name":"Home","item":"https:\/\/tourtravelandmore.com\/es\/"},{"@type":"ListItem","position":2,"name":"Tours","item":"https:\/\/tourtravelandmore.com\/es\/tours\/"},{"@type":"ListItem","position":3,"name":"Tour privado de Taormina desde el hotel o terminal de cruceros de Messina"}]},{"@type":"WebSite","@id":"https:\/\/tourtravelandmore.com\/es\/#website","url":"https:\/\/tourtravelandmore.com\/es\/","name":"Tour Travel And More","description":"Private sightseeing tours and luxury transfers in Spain","publisher":{"@id":"https:\/\/tourtravelandmore.com\/es\/#organization"},"potentialAction":[{"@type":"SearchAction","target":{"@type":"EntryPoint","urlTemplate":"https:\/\/tourtravelandmore.com\/es\/?s={search_term_string}"},"query-input":{"@type":"PropertyValueSpecification","valueRequired":true,"valueName":"search_term_string"}}],"inLanguage":"es"},{"@type":"Organization","@id":"https:\/\/tourtravelandmore.com\/es\/#organization","name":"Tour Travel And More","url":"https:\/\/tourtravelandmore.com\/es\/","logo":{"@type":"ImageObject","inLanguage":"es","@id":"https:\/\/tourtravelandmore.com\/es\/#\/schema\/logo\/image\/","url":"https:\/\/tourtravelandmore.com\/wp-content\/uploads\/2022\/12\/cropped-logo-cabecera-new.png","contentUrl":"https:\/\/tourtravelandmore.com\/wp-content\/uploads\/2022\/12\/cropped-logo-cabecera-new.png","width":430,"height":61,"caption":"Tour Travel And More"},"image":{"@id":"https:\/\/tourtravelandmore.com\/es\/#\/schema\/logo\/image\/"},"sameAs":["https:\/\/www.facebook.com\/tourtravelandmore\/","https:\/\/x.com\/TourTravel_More"]}]}},"_links":{"self":[{"href":"https:\/\/tourtravelandmore.com\/es\/wp-json\/wp\/v2\/product\/132671","targetHints":{"allow":["GET"]}}],"collection":[{"href":"https:\/\/tourtravelandmore.com\/es\/wp-json\/wp\/v2\/product"}],"about":[{"href":"https:\/\/tourtravelandmore.com\/es\/wp-json\/wp\/v2\/types\/product"}],"replies":[{"embeddable":true,"href":"https:\/\/tourtravelandmore.com\/es\/wp-json\/wp\/v2\/comments?post=132671"}],"wp:featuredmedia":[{"embeddable":true,"href":"https:\/\/tourtravelandmore.com\/es\/wp-json\/wp\/v2\/media\/132696"}],"wp:attachment":[{"href":"https:\/\/tourtravelandmore.com\/es\/wp-json\/wp\/v2\/media?parent=132671"}],"wp:term":[{"taxonomy":"product_brand","embeddable":true,"href":"https:\/\/tourtravelandmore.com\/es\/wp-json\/wp\/v2\/product_brand?post=132671"},{"taxonomy":"product_cat","embeddable":true,"href":"https:\/\/tourtravelandmore.com\/es\/wp-json\/wp\/v2\/product_cat?post=132671"},{"taxonomy":"product_tag","embeddable":true,"href":"https:\/\/tourtravelandmore.com\/es\/wp-json\/wp\/v2\/product_tag?post=132671"}],"curies":[{"name":"wp","href":"https:\/\/api.w.org\/{rel}","templated":true}]}}