{"id":13264,"date":"2017-06-20T11:27:23","date_gmt":"2017-06-20T09:35:40","guid":{"rendered":"http:\/\/tourtravelandmore.com\/es\/?post_type=product&#038;p=13264"},"modified":"2024-04-29T21:31:15","modified_gmt":"2024-04-29T19:31:15","slug":"tour-privado-avila-desde-madrid","status":"publish","type":"product","link":"https:\/\/tourtravelandmore.com\/es\/tours\/espana-es\/avila-tour-es\/avila-excursiones-privadas-es\/tour-privado-avila-desde-madrid\/","title":{"rendered":"Tour Privado de Avila desde Madrid"},"content":{"rendered":"<h2>Descripci\u00f3n del Tour Privado de Avila desde Madrid<\/h2>\n<p>Disfruta de este <strong>tour a \u00c1vila desde Madrid, con su gu\u00eda oficial en Castellano y su Veh\u00edculo oficial privado con conductor.<\/strong><\/p>\n<p>\u00c1vila est\u00e1 ubicada a unos 120 km de Madrid. Es conocida por sus<strong> murallas medievales<\/strong>, con m\u00e1s de 80 torres semicirculares almenadas y 9 puertas, como <strong>la puerta abovedada del Alc\u00e1zar. <\/strong>La Muralla se puede recorrer a pie, es una experiencia \u00fanica.<\/p>\n<p>La duraci\u00f3n del tour a Avila desde Madrid son 8 horas. Nuestro gu\u00eda oficial privado estar\u00e1 esperando en Avila para realizar un Tour de 3 Horas de la ciudad, con las entradas a la muralla incluidas sin colas. Despu\u00e9s del Tour disfrutar\u00e1n de tiempo libre para pasear y comer en un lugar t\u00edpico de la ciudad. Nuestro conductor privado estar\u00e1 esperando para volver a Madrid.<\/p>\n<p>Le podemos recoger desde cualquier punto de la ciudad de Madrid o alrededores. El Tour es completamente privado, as\u00ed que pod\u00e9is escoger la hora de comienzo.<\/p>\n<h2>Puntos de inter\u00e9s en el Tour Privado de Avila desde Madrid<\/h2>\n<p>\u00c1vila es una ciudad declarada Patrimonio de la Humanidad, conocida por sus murallas medievales y el casco hist\u00f3rico de la ciudad.<\/p>\n<p><strong>La Muralla:\u00a0<\/strong>Es una de las murallas medievales mejor conservadas y grandes de Europa. Es uno de las principales atracciones tur\u00edsticas de Avila. La entrada est\u00e1 incluido en el tour. Alrededor de la muralla se levantaron 88 torres y 9 puertas de acceso. Las puertas de acceso m\u00e1s importantes de la muralla son la <strong>Puerta de San Vicente<\/strong> y la <strong>Puerta del Alc\u00e1zar<\/strong>. Entre estas dos puertas est\u00e1 el \u00e1bside de la catedral.<\/p>\n<p><strong>Catedral de Avila:\u00a0<\/strong>Es una de las Catedrales g\u00f3ticas m\u00e1s antiguas construidas en Espa\u00f1a. La Catedral est\u00e1 integrada en la muralla, se ha convertido es un edificio \u00fanico en la ciudad.<\/p>\n<p><strong><span id=\"3_Plaza_del_Mercado_Chico\">Plaza del Mercado Chico: <\/span><\/strong><span id=\"3_Plaza_del_Mercado_Chico\">Es la plaza mayor de Avila, situado en el centro de la ciudad y rodeada por el Ayutamiento de la ciudad y la iglesia de San Juan Bautista.<\/span><\/p>\n<p><strong><span id=\"4_Iglesia_de_San_Pedro_8211_Plaza_de_Santa_Teresa_de_Jesus\">Plaza de Santa Teresa de Jes\u00fas: <\/span><\/strong><span id=\"4_Iglesia_de_San_Pedro_8211_Plaza_de_Santa_Teresa_de_Jesus\">Tambi\u00e9n conocida como la plaza de mercado grande, ahi se celebraba uno de los mercados m\u00e1s grandes de la ciudad. En esa misma plaza nos encontramos con la Iglesia de San Pedro, de tipo rom\u00e1nico.<\/span><strong><span id=\"4_Iglesia_de_San_Pedro_8211_Plaza_de_Santa_Teresa_de_Jesus\"><br \/>\n<\/span><\/strong><\/p>\n<p><strong><span id=\"5_Convento_y_Museo_de_Santa_Teresa\">Convento y Museo de Santa Teresa: <\/span><\/strong><span id=\"5_Convento_y_Museo_de_Santa_Teresa\">Ahi nacio Santa Teresa y su habitaci\u00f3n ha sido convertida en una Basilica.<\/span><strong><span id=\"5_Convento_y_Museo_de_Santa_Teresa\"><br \/>\n<\/span><\/strong><\/p>\n<p><strong><span id=\"6_Basilica_de_San_Vicente\">Bas\u00edlica de San Vicente:<\/span><\/strong><span id=\"6_Basilica_de_San_Vicente\"> Es la iglesia m\u00e1s relevante despu\u00e9s de la Catedral, est\u00e1 situada fuera de las murallas, es de estilo rom\u00e1nico.<\/span><strong><span id=\"6_Basilica_de_San_Vicente\"><br \/>\n<\/span><\/strong><\/p>\n<p><strong><span id=\"8_Los_Palacios\">Los Palacios: <\/span><\/strong><span id=\"8_Los_Palacios\">Dentro de la muralla encontraremos en el recorrido varios palacios: <strong>Palacio de los Verdugo, Palacio de Nu\u00f1ez Vela, Palacio de los D\u00e1vila, Palacio de los Velada, Palacio de Superunda.<\/strong><\/span><strong><span id=\"8_Los_Palacios\"><br \/>\n<\/span><\/strong><\/p>\n<p><strong><span id=\"9_Mirador_de_8220Los_cuatro_postes8221\">Mirador de \u201cLos cuatro postes\u201d: <\/span><\/strong><span id=\"9_Mirador_de_8220Los_cuatro_postes8221\">Al finalizar nuestro conductor os puede llevar al mirador para contemplar las vistas de la ciudad y su espectacular muralla.<br \/>\n<\/span><\/p>\n<p>Nuestro tour es completamente privado y nos podemos adaptar a sus necesidades, nos puede solicitar informaci\u00f3n y reservar a trav\u00e9s del formulario de contacto y nuestro equipo se pondr\u00e1 en contacto con usted r\u00e1pidamente.<\/p>\n<p>Si quiere realizar otro tour privado en Madrid puede consultar nuestros <a href=\"https:\/\/tourtravelandmore.com\/es\/ciudad\/espana-es\/madrid-es\/\">tours privados de Madrid.<\/a><\/p>\n","protected":false},"excerpt":{"rendered":"<p><strong>Descubre la ciudad de Avila desde Madrid, junto a nuestro gu\u00eda oficial privado y veh\u00edculo<\/strong> con conductor. Parar\u00e1n un d\u00eda fuera de Madrid y conocer\u00e1s lo m\u00e1s importante de la ciudad, incluido su espectacular muralla medieval.<\/p>\n","protected":false},"featured_media":13251,"comment_status":"open","ping_status":"closed","template":"","meta":{"_acf_changed":false},"product_brand":[],"product_cat":[2404,2405,284,293,285,287,286],"product_tag":[],"class_list":{"0":"post-13264","1":"product","2":"type-product","3":"status-publish","4":"has-post-thumbnail","6":"product_cat-avila-tour-es","7":"product_cat-avila-excursiones-privadas-es","8":"product_cat-madrid-es","9":"product_cat-madrid-top-ventas-es","10":"product_cat-madrid-actividades-es","11":"product_cat-madrid-rutas-turisticas-privadas-es","12":"product_cat-madrid-excursiones-es","14":"first","15":"instock","16":"shipping-taxable","17":"purchasable","18":"product-type-simple"},"acf":[],"yoast_head":"<!-- This site is optimized with the Yoast SEO Premium plugin v25.3.1 (Yoast SEO v25.3.1) - https:\/\/yoast.com\/wordpress\/plugins\/seo\/ -->\n<title>\u27a1\ufe0f Tour a Avila desde Madrid | Tour Travel &amp; More<\/title>\n<meta name=\"description\" content=\"Conoce la ciudad de Avila a trav\u00e9s de este Tour de Avila desde Madrid, con su gu\u00eda privado y Vehiculo privado y entradas incluidas a la muralla \u2705\" \/>\n<meta name=\"robots\" content=\"index, follow, max-snippet:-1, max-image-preview:large, max-video-preview:-1\" \/>\n<link rel=\"canonical\" href=\"https:\/\/tourtravelandmore.com\/es\/tours\/espana-es\/avila-tour-es\/avila-excursiones-privadas-es\/tour-privado-avila-desde-madrid\/\" \/>\n<meta property=\"og:locale\" content=\"es_ES\" \/>\n<meta property=\"og:type\" content=\"article\" \/>\n<meta property=\"og:title\" content=\"Tour Privado de Avila desde Madrid\" \/>\n<meta property=\"og:description\" content=\"Conoce la ciudad de Avila a trav\u00e9s de este Tour de Avila desde Madrid, con su gu\u00eda privado y Vehiculo privado y entradas incluidas a la muralla \u2705\" \/>\n<meta property=\"og:url\" content=\"https:\/\/tourtravelandmore.com\/es\/tours\/espana-es\/avila-tour-es\/avila-excursiones-privadas-es\/tour-privado-avila-desde-madrid\/\" \/>\n<meta property=\"og:site_name\" content=\"Tour Travel And More\" \/>\n<meta property=\"article:publisher\" content=\"https:\/\/www.facebook.com\/tourtravelandmore\/\" \/>\n<meta property=\"article:modified_time\" content=\"2024-04-29T19:31:15+00:00\" \/>\n<meta property=\"og:image\" content=\"https:\/\/tourtravelandmore.com\/wp-content\/uploads\/2017\/06\/avila.jpg\" \/>\n\t<meta property=\"og:image:width\" content=\"1236\" \/>\n\t<meta property=\"og:image:height\" content=\"824\" \/>\n\t<meta property=\"og:image:type\" content=\"image\/jpeg\" \/>\n<meta name=\"twitter:card\" content=\"summary_large_image\" \/>\n<meta name=\"twitter:site\" content=\"@TourTravel_More\" \/>\n<meta name=\"twitter:label1\" content=\"Tiempo de lectura\" \/>\n\t<meta name=\"twitter:data1\" content=\"3 minutos\" \/>\n<script type=\"application\/ld+json\" class=\"yoast-schema-graph\">{\"@context\":\"https:\/\/schema.org\",\"@graph\":[{\"@type\":\"WebPage\",\"@id\":\"https:\/\/tourtravelandmore.com\/es\/tours\/espana-es\/avila-tour-es\/avila-excursiones-privadas-es\/tour-privado-avila-desde-madrid\/\",\"url\":\"https:\/\/tourtravelandmore.com\/es\/tours\/espana-es\/avila-tour-es\/avila-excursiones-privadas-es\/tour-privado-avila-desde-madrid\/\",\"name\":\"\u27a1\ufe0f Tour a Avila desde Madrid | Tour Travel & More\",\"isPartOf\":{\"@id\":\"https:\/\/tourtravelandmore.com\/es\/#website\"},\"primaryImageOfPage\":{\"@id\":\"https:\/\/tourtravelandmore.com\/es\/tours\/espana-es\/avila-tour-es\/avila-excursiones-privadas-es\/tour-privado-avila-desde-madrid\/#primaryimage\"},\"image\":{\"@id\":\"https:\/\/tourtravelandmore.com\/es\/tours\/espana-es\/avila-tour-es\/avila-excursiones-privadas-es\/tour-privado-avila-desde-madrid\/#primaryimage\"},\"thumbnailUrl\":\"https:\/\/tourtravelandmore.com\/wp-content\/uploads\/2017\/06\/avila.jpg\",\"datePublished\":\"2017-06-20T09:35:40+00:00\",\"dateModified\":\"2024-04-29T19:31:15+00:00\",\"description\":\"Conoce la ciudad de Avila a trav\u00e9s de este Tour de Avila desde Madrid, con su gu\u00eda privado y Vehiculo privado y entradas incluidas a la muralla \u2705\",\"breadcrumb\":{\"@id\":\"https:\/\/tourtravelandmore.com\/es\/tours\/espana-es\/avila-tour-es\/avila-excursiones-privadas-es\/tour-privado-avila-desde-madrid\/#breadcrumb\"},\"inLanguage\":\"es\",\"potentialAction\":[{\"@type\":\"ReadAction\",\"target\":[\"https:\/\/tourtravelandmore.com\/es\/tours\/espana-es\/avila-tour-es\/avila-excursiones-privadas-es\/tour-privado-avila-desde-madrid\/\"]}]},{\"@type\":\"ImageObject\",\"inLanguage\":\"es\",\"@id\":\"https:\/\/tourtravelandmore.com\/es\/tours\/espana-es\/avila-tour-es\/avila-excursiones-privadas-es\/tour-privado-avila-desde-madrid\/#primaryimage\",\"url\":\"https:\/\/tourtravelandmore.com\/wp-content\/uploads\/2017\/06\/avila.jpg\",\"contentUrl\":\"https:\/\/tourtravelandmore.com\/wp-content\/uploads\/2017\/06\/avila.jpg\",\"width\":1236,\"height\":824},{\"@type\":\"BreadcrumbList\",\"@id\":\"https:\/\/tourtravelandmore.com\/es\/tours\/espana-es\/avila-tour-es\/avila-excursiones-privadas-es\/tour-privado-avila-desde-madrid\/#breadcrumb\",\"itemListElement\":[{\"@type\":\"ListItem\",\"position\":1,\"name\":\"Home\",\"item\":\"https:\/\/tourtravelandmore.com\/es\/\"},{\"@type\":\"ListItem\",\"position\":2,\"name\":\"Tours\",\"item\":\"https:\/\/tourtravelandmore.com\/es\/tours\/\"},{\"@type\":\"ListItem\",\"position\":3,\"name\":\"Tour Privado de Avila desde Madrid\"}]},{\"@type\":\"WebSite\",\"@id\":\"https:\/\/tourtravelandmore.com\/es\/#website\",\"url\":\"https:\/\/tourtravelandmore.com\/es\/\",\"name\":\"Tour Travel And More\",\"description\":\"Private sightseeing tours and luxury transfers in Spain\",\"publisher\":{\"@id\":\"https:\/\/tourtravelandmore.com\/es\/#organization\"},\"potentialAction\":[{\"@type\":\"SearchAction\",\"target\":{\"@type\":\"EntryPoint\",\"urlTemplate\":\"https:\/\/tourtravelandmore.com\/es\/?s={search_term_string}\"},\"query-input\":{\"@type\":\"PropertyValueSpecification\",\"valueRequired\":true,\"valueName\":\"search_term_string\"}}],\"inLanguage\":\"es\"},{\"@type\":\"Organization\",\"@id\":\"https:\/\/tourtravelandmore.com\/es\/#organization\",\"name\":\"Tour Travel And More\",\"url\":\"https:\/\/tourtravelandmore.com\/es\/\",\"logo\":{\"@type\":\"ImageObject\",\"inLanguage\":\"es\",\"@id\":\"https:\/\/tourtravelandmore.com\/es\/#\/schema\/logo\/image\/\",\"url\":\"https:\/\/tourtravelandmore.com\/wp-content\/uploads\/2022\/12\/cropped-logo-cabecera-new.png\",\"contentUrl\":\"https:\/\/tourtravelandmore.com\/wp-content\/uploads\/2022\/12\/cropped-logo-cabecera-new.png\",\"width\":430,\"height\":61,\"caption\":\"Tour Travel And More\"},\"image\":{\"@id\":\"https:\/\/tourtravelandmore.com\/es\/#\/schema\/logo\/image\/\"},\"sameAs\":[\"https:\/\/www.facebook.com\/tourtravelandmore\/\",\"https:\/\/x.com\/TourTravel_More\"]}]}<\/script>\n<!-- \/ Yoast SEO Premium plugin. -->","yoast_head_json":{"title":"\u27a1\ufe0f Tour a Avila desde Madrid | Tour Travel & More","description":"Conoce la ciudad de Avila a trav\u00e9s de este Tour de Avila desde Madrid, con su gu\u00eda privado y Vehiculo privado y entradas incluidas a la muralla \u2705","robots":{"index":"index","follow":"follow","max-snippet":"max-snippet:-1","max-image-preview":"max-image-preview:large","max-video-preview":"max-video-preview:-1"},"canonical":"https:\/\/tourtravelandmore.com\/es\/tours\/espana-es\/avila-tour-es\/avila-excursiones-privadas-es\/tour-privado-avila-desde-madrid\/","og_locale":"es_ES","og_type":"article","og_title":"Tour Privado de Avila desde Madrid","og_description":"Conoce la ciudad de Avila a trav\u00e9s de este Tour de Avila desde Madrid, con su gu\u00eda privado y Vehiculo privado y entradas incluidas a la muralla \u2705","og_url":"https:\/\/tourtravelandmore.com\/es\/tours\/espana-es\/avila-tour-es\/avila-excursiones-privadas-es\/tour-privado-avila-desde-madrid\/","og_site_name":"Tour Travel And More","article_publisher":"https:\/\/www.facebook.com\/tourtravelandmore\/","article_modified_time":"2024-04-29T19:31:15+00:00","og_image":[{"width":1236,"height":824,"url":"https:\/\/tourtravelandmore.com\/wp-content\/uploads\/2017\/06\/avila.jpg","type":"image\/jpeg"}],"twitter_card":"summary_large_image","twitter_site":"@TourTravel_More","twitter_misc":{"Tiempo de lectura":"3 minutos"},"schema":{"@context":"https:\/\/schema.org","@graph":[{"@type":"WebPage","@id":"https:\/\/tourtravelandmore.com\/es\/tours\/espana-es\/avila-tour-es\/avila-excursiones-privadas-es\/tour-privado-avila-desde-madrid\/","url":"https:\/\/tourtravelandmore.com\/es\/tours\/espana-es\/avila-tour-es\/avila-excursiones-privadas-es\/tour-privado-avila-desde-madrid\/","name":"\u27a1\ufe0f Tour a Avila desde Madrid | Tour Travel & More","isPartOf":{"@id":"https:\/\/tourtravelandmore.com\/es\/#website"},"primaryImageOfPage":{"@id":"https:\/\/tourtravelandmore.com\/es\/tours\/espana-es\/avila-tour-es\/avila-excursiones-privadas-es\/tour-privado-avila-desde-madrid\/#primaryimage"},"image":{"@id":"https:\/\/tourtravelandmore.com\/es\/tours\/espana-es\/avila-tour-es\/avila-excursiones-privadas-es\/tour-privado-avila-desde-madrid\/#primaryimage"},"thumbnailUrl":"https:\/\/tourtravelandmore.com\/wp-content\/uploads\/2017\/06\/avila.jpg","datePublished":"2017-06-20T09:35:40+00:00","dateModified":"2024-04-29T19:31:15+00:00","description":"Conoce la ciudad de Avila a trav\u00e9s de este Tour de Avila desde Madrid, con su gu\u00eda privado y Vehiculo privado y entradas incluidas a la muralla \u2705","breadcrumb":{"@id":"https:\/\/tourtravelandmore.com\/es\/tours\/espana-es\/avila-tour-es\/avila-excursiones-privadas-es\/tour-privado-avila-desde-madrid\/#breadcrumb"},"inLanguage":"es","potentialAction":[{"@type":"ReadAction","target":["https:\/\/tourtravelandmore.com\/es\/tours\/espana-es\/avila-tour-es\/avila-excursiones-privadas-es\/tour-privado-avila-desde-madrid\/"]}]},{"@type":"ImageObject","inLanguage":"es","@id":"https:\/\/tourtravelandmore.com\/es\/tours\/espana-es\/avila-tour-es\/avila-excursiones-privadas-es\/tour-privado-avila-desde-madrid\/#primaryimage","url":"https:\/\/tourtravelandmore.com\/wp-content\/uploads\/2017\/06\/avila.jpg","contentUrl":"https:\/\/tourtravelandmore.com\/wp-content\/uploads\/2017\/06\/avila.jpg","width":1236,"height":824},{"@type":"BreadcrumbList","@id":"https:\/\/tourtravelandmore.com\/es\/tours\/espana-es\/avila-tour-es\/avila-excursiones-privadas-es\/tour-privado-avila-desde-madrid\/#breadcrumb","itemListElement":[{"@type":"ListItem","position":1,"name":"Home","item":"https:\/\/tourtravelandmore.com\/es\/"},{"@type":"ListItem","position":2,"name":"Tours","item":"https:\/\/tourtravelandmore.com\/es\/tours\/"},{"@type":"ListItem","position":3,"name":"Tour Privado de Avila desde Madrid"}]},{"@type":"WebSite","@id":"https:\/\/tourtravelandmore.com\/es\/#website","url":"https:\/\/tourtravelandmore.com\/es\/","name":"Tour Travel And More","description":"Private sightseeing tours and luxury transfers in Spain","publisher":{"@id":"https:\/\/tourtravelandmore.com\/es\/#organization"},"potentialAction":[{"@type":"SearchAction","target":{"@type":"EntryPoint","urlTemplate":"https:\/\/tourtravelandmore.com\/es\/?s={search_term_string}"},"query-input":{"@type":"PropertyValueSpecification","valueRequired":true,"valueName":"search_term_string"}}],"inLanguage":"es"},{"@type":"Organization","@id":"https:\/\/tourtravelandmore.com\/es\/#organization","name":"Tour Travel And More","url":"https:\/\/tourtravelandmore.com\/es\/","logo":{"@type":"ImageObject","inLanguage":"es","@id":"https:\/\/tourtravelandmore.com\/es\/#\/schema\/logo\/image\/","url":"https:\/\/tourtravelandmore.com\/wp-content\/uploads\/2022\/12\/cropped-logo-cabecera-new.png","contentUrl":"https:\/\/tourtravelandmore.com\/wp-content\/uploads\/2022\/12\/cropped-logo-cabecera-new.png","width":430,"height":61,"caption":"Tour Travel And More"},"image":{"@id":"https:\/\/tourtravelandmore.com\/es\/#\/schema\/logo\/image\/"},"sameAs":["https:\/\/www.facebook.com\/tourtravelandmore\/","https:\/\/x.com\/TourTravel_More"]}]}},"_links":{"self":[{"href":"https:\/\/tourtravelandmore.com\/es\/wp-json\/wp\/v2\/product\/13264","targetHints":{"allow":["GET"]}}],"collection":[{"href":"https:\/\/tourtravelandmore.com\/es\/wp-json\/wp\/v2\/product"}],"about":[{"href":"https:\/\/tourtravelandmore.com\/es\/wp-json\/wp\/v2\/types\/product"}],"replies":[{"embeddable":true,"href":"https:\/\/tourtravelandmore.com\/es\/wp-json\/wp\/v2\/comments?post=13264"}],"wp:featuredmedia":[{"embeddable":true,"href":"https:\/\/tourtravelandmore.com\/es\/wp-json\/wp\/v2\/media\/13251"}],"wp:attachment":[{"href":"https:\/\/tourtravelandmore.com\/es\/wp-json\/wp\/v2\/media?parent=13264"}],"wp:term":[{"taxonomy":"product_brand","embeddable":true,"href":"https:\/\/tourtravelandmore.com\/es\/wp-json\/wp\/v2\/product_brand?post=13264"},{"taxonomy":"product_cat","embeddable":true,"href":"https:\/\/tourtravelandmore.com\/es\/wp-json\/wp\/v2\/product_cat?post=13264"},{"taxonomy":"product_tag","embeddable":true,"href":"https:\/\/tourtravelandmore.com\/es\/wp-json\/wp\/v2\/product_tag?post=13264"}],"curies":[{"name":"wp","href":"https:\/\/api.w.org\/{rel}","templated":true}]}}