{"id":132628,"date":"2022-07-24T18:40:33","date_gmt":"2022-07-24T16:40:38","guid":{"rendered":"https:\/\/tourtravelandmore.com\/?post_type=product&#038;p=132628"},"modified":"2023-03-25T07:50:39","modified_gmt":"2023-03-25T06:50:39","slug":"tour-privado-a-pie-en-mesina","status":"publish","type":"product","link":"https:\/\/tourtravelandmore.com\/es\/tours\/italia-es\/messina-es\/todos-los-tours-y-actividades-privadas-es\/tour-privado-a-pie-en-mesina\/","title":{"rendered":"Tour Privado a Pie en Mesina"},"content":{"rendered":"<h2><b>Descripci\u00f3n de Tour Privado a Pie en Messina<\/b><\/h2>\n<p><span style=\"font-weight: 400;\">Nuestro gu\u00eda local le llevar\u00e1 a los lugares m\u00e1s fascinantes de Messina, Descubrir\u00e1 la historia, la cultura y la arquitectura de la ciudad, Podr\u00e1 hacer preguntas y aprender todo lo que necesita saber sobre Messina.<\/span><\/p>\n<p><span style=\"font-weight: 400;\">Disfrutar\u00e1 de un agradable paseo por la ciudad y conocer\u00e1 sus rincones m\u00e1s bellos. \u00a1No pierda esta oportunidad de conocer Mesina de una forma inolvidable!<\/span><\/p>\n<p><span style=\"font-weight: 400;\">El recorrido privado a pie comenzar\u00e1 con el encuentro con su gu\u00eda en un lugar c\u00e9ntrico de la hermosa ciudad de Mesina, donde comenzar\u00e1 una experiencia que nunca olvidar\u00e1.<\/span><\/p>\n<p><span style=\"font-weight: 400;\">Durante el recorrido, le sorprender\u00e1 la impresionante arquitectura de los monumentos y edificios de la ciudad. Nuestro experto gu\u00eda le explicar\u00e1 todo sobre la rica historia y cultura de la ciudad, asegur\u00e1ndose de que aprovecha al m\u00e1ximo su experiencia.<\/span><\/p>\n<p><span style=\"font-weight: 400;\">Mesina es una encantadora ciudad situada en la costa noreste de Sicilia, y nuestro recorrido privado a pie le permitir\u00e1 explorar sus joyas ocultas y aprender m\u00e1s sobre su fascinante pasado. Pasear\u00e1 por sus estrechas calles, admirar\u00e1 sus hermosas plazas y sentir\u00e1 la vibrante energ\u00eda de la ciudad.<\/span><\/p>\n<p><span style=\"font-weight: 400;\">Nuestro recorrido privado a pie es perfecto para quienes desean evitar las multitudes y vivir una experiencia m\u00e1s personalizada. Puede personalizar el recorrido a su gusto y pasar m\u00e1s tiempo en los lugares que m\u00e1s le interesen.<\/span><\/p>\n<p><span style=\"font-weight: 400;\">Si eres un aficionado a la historia, un amante de la arquitectura, o simplemente quieres explorar una hermosa ciudad, nuestro tour privado a pie de Messina es la manera perfecta de hacerlo. Reserva tu tour hoy y prep\u00e1rate para descubrir una de las ciudades con m\u00e1s encanto de Italia.<\/span><\/p>\n<h2><b>Lo m\u00e1s destacado de la visita privada a pie de Mesina<\/b><\/h2>\n<p><span style=\"font-weight: 400;\">El Tour Privado a Pie de Mesina es una excursi\u00f3n que no deben perderse quienes deseen conocer esta hermosa ciudad. Durante el recorrido, los visitantes podr\u00e1n ver puntos de inter\u00e9s como:<\/span><\/p>\n<ul>\n<li style=\"font-weight: 400;\" aria-level=\"1\"><span style=\"font-weight: 400;\">Puerto de Mesina\u00a0<\/span><\/li>\n<li style=\"font-weight: 400;\" aria-level=\"1\"><span style=\"font-weight: 400;\">Estatua dorada de la Virgen Mar\u00eda<\/span><\/li>\n<li style=\"font-weight: 400;\" aria-level=\"1\"><span style=\"font-weight: 400;\">Plaza del Duomo.<\/span><\/li>\n<li style=\"font-weight: 400;\" aria-level=\"1\"><span style=\"font-weight: 400;\">Torre del Reloj<\/span><\/li>\n<li style=\"font-weight: 400;\" aria-level=\"1\"><span style=\"font-weight: 400;\">Iglesia de la Sant\u00edsima Anunciaci\u00f3n,<\/span><\/li>\n<li style=\"font-weight: 400;\" aria-level=\"1\"><span style=\"font-weight: 400;\">Pasteler\u00eda de Mesina<\/span><\/li>\n<\/ul>\n<p><span style=\"font-weight: 400;\">El Puerto de Mesina es una de las principales atracciones de la ciudad, donde los visitantes pueden observar el ir y venir de los barcos, el animado ambiente del lugar y las hermosas vistas del Estrecho de Mesina.<\/span><\/p>\n<p><span style=\"font-weight: 400;\">La Estatua Dorada de la Virgen Mar\u00eda es una magn\u00edfica obra de arte situada sobre un alto pedestal en la plaza central de Mesina. La estatua tiene un tama\u00f1o impresionante y brilla intensamente a la luz del sol, lo que la convierte en una atracci\u00f3n de visita obligada durante el recorrido privado a pie.<\/span><\/p>\n<p><span style=\"font-weight: 400;\">La Piazza del Duomo es el coraz\u00f3n de la ciudad y el emplazamiento de la Catedral de Mesina. La plaza est\u00e1 rodeada de bellos edificios, esculturas y fuentes. La Catedral, tambi\u00e9n conocida como Iglesia de Santa Mar\u00eda Assunta, es un impresionante ejemplo de arquitectura normanda y cuenta con un hermoso campanario.<\/span><\/p>\n<p><span style=\"font-weight: 400;\">La Torre del Reloj, tambi\u00e9n conocida como el Campanario, es un punto de referencia de la ciudad y un s\u00edmbolo de su historia. Los visitantes pueden disfrutar de las incre\u00edbles vistas de la ciudad desde lo alto de la torre y admirar su impresionante arquitectura y el mecanismo del reloj.<\/span><\/p>\n<p><span style=\"font-weight: 400;\">La Iglesia de la Sant\u00edsima Annunziata es una hermosa iglesia barroca situada en el coraz\u00f3n de Mesina. Los visitantes pueden admirar los magn\u00edficos frescos, esculturas y pinturas de esta impresionante iglesia, considerada uno de los monumentos art\u00edsticos m\u00e1s importantes de la ciudad.<\/span><\/p>\n<p><span style=\"font-weight: 400;\">La Pasteler\u00eda de Mesina es una joya gastron\u00f3mica de la ciudad, famosa por sus deliciosos dulces y pasteles tradicionales sicilianos. Los visitantes pueden deleitarse con las exquisiteces locales y disfrutar de una muestra de los aut\u00e9nticos sabores de Mesina.<\/span><\/p>\n<p><b>Al final de la visita a pie de 2 horas, los visitantes pueden seguir explorando Messina por su cuenta o<\/b><a href=\"https:\/\/tourtravelandmore.com\/es\/ciudad\/italia-es\/messina-es\/\"><b> reservar una de nuestras visitas privadas para seguir descubriendo las maravillas de la ciudad.<\/b><\/a><\/p>\n","protected":false},"excerpt":{"rendered":"<p><span style=\"font-weight: 400;\">\u00bfQuieres descubrir Mesina de una manera \u00fanica y emocionante? \u00a1Ven y disfruta de nuestro tour privado a pie! Nuestro gu\u00eda local te llevar\u00e1 a los lugares m\u00e1s interesantes y te contar\u00e1 todo lo que necesitas saber sobre la ciudad. \u00a1No pierdas esta oportunidad de conocer Mesina de una manera inolvidable!<\/span><\/p>\n","protected":false},"featured_media":132656,"comment_status":"open","ping_status":"closed","template":"","meta":{"_acf_changed":false},"product_brand":[],"product_cat":[1608,4168,4190,4178,4187],"product_tag":[],"class_list":{"0":"post-132628","1":"product","2":"type-product","3":"status-publish","4":"has-post-thumbnail","6":"product_cat-italia-es","7":"product_cat-messina-es","8":"product_cat-excursiones-privadas-a-pie","9":"product_cat-todos-los-tours-y-actividades-privadas-es","10":"product_cat-visitas-turisticas-privadas-es","12":"first","13":"instock","14":"shipping-taxable","15":"purchasable","16":"product-type-simple"},"acf":[],"yoast_head":"<!-- This site is optimized with the Yoast SEO Premium plugin v25.3.1 (Yoast SEO v25.3.1) - https:\/\/yoast.com\/wordpress\/plugins\/seo\/ -->\n<title>\u27a1\ufe0f Tour privado a pie en Mesina - 2 horas | Tour Travel &amp; More<\/title>\n<meta name=\"description\" content=\"Descubre la ciudad de Mesina en un tour privado a pie con gu\u00eda local. Disfruta de una visita guiada durante 2 horas por la historia y las calles de esta impresionante ciudad \u2705\" \/>\n<meta name=\"robots\" content=\"index, follow, max-snippet:-1, max-image-preview:large, max-video-preview:-1\" \/>\n<link rel=\"canonical\" href=\"https:\/\/tourtravelandmore.com\/es\/tours\/italia-es\/messina-es\/todos-los-tours-y-actividades-privadas-es\/tour-privado-a-pie-en-mesina\/\" \/>\n<meta property=\"og:locale\" content=\"es_ES\" \/>\n<meta property=\"og:type\" content=\"article\" \/>\n<meta property=\"og:title\" content=\"Tour Privado a Pie en Mesina\" \/>\n<meta property=\"og:description\" content=\"Descubre la ciudad de Mesina en un tour privado a pie con gu\u00eda local. Disfruta de una visita guiada durante 2 horas por la historia y las calles de esta impresionante ciudad \u2705\" \/>\n<meta property=\"og:url\" content=\"https:\/\/tourtravelandmore.com\/es\/tours\/italia-es\/messina-es\/todos-los-tours-y-actividades-privadas-es\/tour-privado-a-pie-en-mesina\/\" \/>\n<meta property=\"og:site_name\" content=\"Tour Travel And More\" \/>\n<meta property=\"article:publisher\" content=\"https:\/\/www.facebook.com\/tourtravelandmore\/\" \/>\n<meta property=\"article:modified_time\" content=\"2023-03-25T06:50:39+00:00\" \/>\n<meta property=\"og:image\" content=\"https:\/\/tourtravelandmore.com\/wp-content\/uploads\/2022\/07\/image3.jpg\" \/>\n\t<meta property=\"og:image:width\" content=\"900\" \/>\n\t<meta property=\"og:image:height\" content=\"750\" \/>\n\t<meta property=\"og:image:type\" content=\"image\/jpeg\" \/>\n<meta name=\"twitter:card\" content=\"summary_large_image\" \/>\n<meta name=\"twitter:site\" content=\"@TourTravel_More\" \/>\n<meta name=\"twitter:label1\" content=\"Tiempo de lectura\" \/>\n\t<meta name=\"twitter:data1\" content=\"2 minutos\" \/>\n<script type=\"application\/ld+json\" class=\"yoast-schema-graph\">{\"@context\":\"https:\/\/schema.org\",\"@graph\":[{\"@type\":\"WebPage\",\"@id\":\"https:\/\/tourtravelandmore.com\/es\/tours\/italia-es\/messina-es\/todos-los-tours-y-actividades-privadas-es\/tour-privado-a-pie-en-mesina\/\",\"url\":\"https:\/\/tourtravelandmore.com\/es\/tours\/italia-es\/messina-es\/todos-los-tours-y-actividades-privadas-es\/tour-privado-a-pie-en-mesina\/\",\"name\":\"\u27a1\ufe0f Tour privado a pie en Mesina - 2 horas | Tour Travel & More\",\"isPartOf\":{\"@id\":\"https:\/\/tourtravelandmore.com\/es\/#website\"},\"primaryImageOfPage\":{\"@id\":\"https:\/\/tourtravelandmore.com\/es\/tours\/italia-es\/messina-es\/todos-los-tours-y-actividades-privadas-es\/tour-privado-a-pie-en-mesina\/#primaryimage\"},\"image\":{\"@id\":\"https:\/\/tourtravelandmore.com\/es\/tours\/italia-es\/messina-es\/todos-los-tours-y-actividades-privadas-es\/tour-privado-a-pie-en-mesina\/#primaryimage\"},\"thumbnailUrl\":\"https:\/\/tourtravelandmore.com\/wp-content\/uploads\/2022\/07\/image3.jpg\",\"datePublished\":\"2022-07-24T16:40:38+00:00\",\"dateModified\":\"2023-03-25T06:50:39+00:00\",\"description\":\"Descubre la ciudad de Mesina en un tour privado a pie con gu\u00eda local. Disfruta de una visita guiada durante 2 horas por la historia y las calles de esta impresionante ciudad \u2705\",\"breadcrumb\":{\"@id\":\"https:\/\/tourtravelandmore.com\/es\/tours\/italia-es\/messina-es\/todos-los-tours-y-actividades-privadas-es\/tour-privado-a-pie-en-mesina\/#breadcrumb\"},\"inLanguage\":\"es\",\"potentialAction\":[{\"@type\":\"ReadAction\",\"target\":[\"https:\/\/tourtravelandmore.com\/es\/tours\/italia-es\/messina-es\/todos-los-tours-y-actividades-privadas-es\/tour-privado-a-pie-en-mesina\/\"]}]},{\"@type\":\"ImageObject\",\"inLanguage\":\"es\",\"@id\":\"https:\/\/tourtravelandmore.com\/es\/tours\/italia-es\/messina-es\/todos-los-tours-y-actividades-privadas-es\/tour-privado-a-pie-en-mesina\/#primaryimage\",\"url\":\"https:\/\/tourtravelandmore.com\/wp-content\/uploads\/2022\/07\/image3.jpg\",\"contentUrl\":\"https:\/\/tourtravelandmore.com\/wp-content\/uploads\/2022\/07\/image3.jpg\",\"width\":900,\"height\":750},{\"@type\":\"BreadcrumbList\",\"@id\":\"https:\/\/tourtravelandmore.com\/es\/tours\/italia-es\/messina-es\/todos-los-tours-y-actividades-privadas-es\/tour-privado-a-pie-en-mesina\/#breadcrumb\",\"itemListElement\":[{\"@type\":\"ListItem\",\"position\":1,\"name\":\"Home\",\"item\":\"https:\/\/tourtravelandmore.com\/es\/\"},{\"@type\":\"ListItem\",\"position\":2,\"name\":\"Tours\",\"item\":\"https:\/\/tourtravelandmore.com\/es\/tours\/\"},{\"@type\":\"ListItem\",\"position\":3,\"name\":\"Tour Privado a Pie en Mesina\"}]},{\"@type\":\"WebSite\",\"@id\":\"https:\/\/tourtravelandmore.com\/es\/#website\",\"url\":\"https:\/\/tourtravelandmore.com\/es\/\",\"name\":\"Tour Travel And More\",\"description\":\"Private sightseeing tours and luxury transfers in Spain\",\"publisher\":{\"@id\":\"https:\/\/tourtravelandmore.com\/es\/#organization\"},\"potentialAction\":[{\"@type\":\"SearchAction\",\"target\":{\"@type\":\"EntryPoint\",\"urlTemplate\":\"https:\/\/tourtravelandmore.com\/es\/?s={search_term_string}\"},\"query-input\":{\"@type\":\"PropertyValueSpecification\",\"valueRequired\":true,\"valueName\":\"search_term_string\"}}],\"inLanguage\":\"es\"},{\"@type\":\"Organization\",\"@id\":\"https:\/\/tourtravelandmore.com\/es\/#organization\",\"name\":\"Tour Travel And More\",\"url\":\"https:\/\/tourtravelandmore.com\/es\/\",\"logo\":{\"@type\":\"ImageObject\",\"inLanguage\":\"es\",\"@id\":\"https:\/\/tourtravelandmore.com\/es\/#\/schema\/logo\/image\/\",\"url\":\"https:\/\/tourtravelandmore.com\/wp-content\/uploads\/2022\/12\/cropped-logo-cabecera-new.png\",\"contentUrl\":\"https:\/\/tourtravelandmore.com\/wp-content\/uploads\/2022\/12\/cropped-logo-cabecera-new.png\",\"width\":430,\"height\":61,\"caption\":\"Tour Travel And More\"},\"image\":{\"@id\":\"https:\/\/tourtravelandmore.com\/es\/#\/schema\/logo\/image\/\"},\"sameAs\":[\"https:\/\/www.facebook.com\/tourtravelandmore\/\",\"https:\/\/x.com\/TourTravel_More\"]}]}<\/script>\n<!-- \/ Yoast SEO Premium plugin. -->","yoast_head_json":{"title":"\u27a1\ufe0f Tour privado a pie en Mesina - 2 horas | Tour Travel & More","description":"Descubre la ciudad de Mesina en un tour privado a pie con gu\u00eda local. Disfruta de una visita guiada durante 2 horas por la historia y las calles de esta impresionante ciudad \u2705","robots":{"index":"index","follow":"follow","max-snippet":"max-snippet:-1","max-image-preview":"max-image-preview:large","max-video-preview":"max-video-preview:-1"},"canonical":"https:\/\/tourtravelandmore.com\/es\/tours\/italia-es\/messina-es\/todos-los-tours-y-actividades-privadas-es\/tour-privado-a-pie-en-mesina\/","og_locale":"es_ES","og_type":"article","og_title":"Tour Privado a Pie en Mesina","og_description":"Descubre la ciudad de Mesina en un tour privado a pie con gu\u00eda local. Disfruta de una visita guiada durante 2 horas por la historia y las calles de esta impresionante ciudad \u2705","og_url":"https:\/\/tourtravelandmore.com\/es\/tours\/italia-es\/messina-es\/todos-los-tours-y-actividades-privadas-es\/tour-privado-a-pie-en-mesina\/","og_site_name":"Tour Travel And More","article_publisher":"https:\/\/www.facebook.com\/tourtravelandmore\/","article_modified_time":"2023-03-25T06:50:39+00:00","og_image":[{"width":900,"height":750,"url":"https:\/\/tourtravelandmore.com\/wp-content\/uploads\/2022\/07\/image3.jpg","type":"image\/jpeg"}],"twitter_card":"summary_large_image","twitter_site":"@TourTravel_More","twitter_misc":{"Tiempo de lectura":"2 minutos"},"schema":{"@context":"https:\/\/schema.org","@graph":[{"@type":"WebPage","@id":"https:\/\/tourtravelandmore.com\/es\/tours\/italia-es\/messina-es\/todos-los-tours-y-actividades-privadas-es\/tour-privado-a-pie-en-mesina\/","url":"https:\/\/tourtravelandmore.com\/es\/tours\/italia-es\/messina-es\/todos-los-tours-y-actividades-privadas-es\/tour-privado-a-pie-en-mesina\/","name":"\u27a1\ufe0f Tour privado a pie en Mesina - 2 horas | Tour Travel & More","isPartOf":{"@id":"https:\/\/tourtravelandmore.com\/es\/#website"},"primaryImageOfPage":{"@id":"https:\/\/tourtravelandmore.com\/es\/tours\/italia-es\/messina-es\/todos-los-tours-y-actividades-privadas-es\/tour-privado-a-pie-en-mesina\/#primaryimage"},"image":{"@id":"https:\/\/tourtravelandmore.com\/es\/tours\/italia-es\/messina-es\/todos-los-tours-y-actividades-privadas-es\/tour-privado-a-pie-en-mesina\/#primaryimage"},"thumbnailUrl":"https:\/\/tourtravelandmore.com\/wp-content\/uploads\/2022\/07\/image3.jpg","datePublished":"2022-07-24T16:40:38+00:00","dateModified":"2023-03-25T06:50:39+00:00","description":"Descubre la ciudad de Mesina en un tour privado a pie con gu\u00eda local. Disfruta de una visita guiada durante 2 horas por la historia y las calles de esta impresionante ciudad \u2705","breadcrumb":{"@id":"https:\/\/tourtravelandmore.com\/es\/tours\/italia-es\/messina-es\/todos-los-tours-y-actividades-privadas-es\/tour-privado-a-pie-en-mesina\/#breadcrumb"},"inLanguage":"es","potentialAction":[{"@type":"ReadAction","target":["https:\/\/tourtravelandmore.com\/es\/tours\/italia-es\/messina-es\/todos-los-tours-y-actividades-privadas-es\/tour-privado-a-pie-en-mesina\/"]}]},{"@type":"ImageObject","inLanguage":"es","@id":"https:\/\/tourtravelandmore.com\/es\/tours\/italia-es\/messina-es\/todos-los-tours-y-actividades-privadas-es\/tour-privado-a-pie-en-mesina\/#primaryimage","url":"https:\/\/tourtravelandmore.com\/wp-content\/uploads\/2022\/07\/image3.jpg","contentUrl":"https:\/\/tourtravelandmore.com\/wp-content\/uploads\/2022\/07\/image3.jpg","width":900,"height":750},{"@type":"BreadcrumbList","@id":"https:\/\/tourtravelandmore.com\/es\/tours\/italia-es\/messina-es\/todos-los-tours-y-actividades-privadas-es\/tour-privado-a-pie-en-mesina\/#breadcrumb","itemListElement":[{"@type":"ListItem","position":1,"name":"Home","item":"https:\/\/tourtravelandmore.com\/es\/"},{"@type":"ListItem","position":2,"name":"Tours","item":"https:\/\/tourtravelandmore.com\/es\/tours\/"},{"@type":"ListItem","position":3,"name":"Tour Privado a Pie en Mesina"}]},{"@type":"WebSite","@id":"https:\/\/tourtravelandmore.com\/es\/#website","url":"https:\/\/tourtravelandmore.com\/es\/","name":"Tour Travel And More","description":"Private sightseeing tours and luxury transfers in Spain","publisher":{"@id":"https:\/\/tourtravelandmore.com\/es\/#organization"},"potentialAction":[{"@type":"SearchAction","target":{"@type":"EntryPoint","urlTemplate":"https:\/\/tourtravelandmore.com\/es\/?s={search_term_string}"},"query-input":{"@type":"PropertyValueSpecification","valueRequired":true,"valueName":"search_term_string"}}],"inLanguage":"es"},{"@type":"Organization","@id":"https:\/\/tourtravelandmore.com\/es\/#organization","name":"Tour Travel And More","url":"https:\/\/tourtravelandmore.com\/es\/","logo":{"@type":"ImageObject","inLanguage":"es","@id":"https:\/\/tourtravelandmore.com\/es\/#\/schema\/logo\/image\/","url":"https:\/\/tourtravelandmore.com\/wp-content\/uploads\/2022\/12\/cropped-logo-cabecera-new.png","contentUrl":"https:\/\/tourtravelandmore.com\/wp-content\/uploads\/2022\/12\/cropped-logo-cabecera-new.png","width":430,"height":61,"caption":"Tour Travel And More"},"image":{"@id":"https:\/\/tourtravelandmore.com\/es\/#\/schema\/logo\/image\/"},"sameAs":["https:\/\/www.facebook.com\/tourtravelandmore\/","https:\/\/x.com\/TourTravel_More"]}]}},"_links":{"self":[{"href":"https:\/\/tourtravelandmore.com\/es\/wp-json\/wp\/v2\/product\/132628","targetHints":{"allow":["GET"]}}],"collection":[{"href":"https:\/\/tourtravelandmore.com\/es\/wp-json\/wp\/v2\/product"}],"about":[{"href":"https:\/\/tourtravelandmore.com\/es\/wp-json\/wp\/v2\/types\/product"}],"replies":[{"embeddable":true,"href":"https:\/\/tourtravelandmore.com\/es\/wp-json\/wp\/v2\/comments?post=132628"}],"wp:featuredmedia":[{"embeddable":true,"href":"https:\/\/tourtravelandmore.com\/es\/wp-json\/wp\/v2\/media\/132656"}],"wp:attachment":[{"href":"https:\/\/tourtravelandmore.com\/es\/wp-json\/wp\/v2\/media?parent=132628"}],"wp:term":[{"taxonomy":"product_brand","embeddable":true,"href":"https:\/\/tourtravelandmore.com\/es\/wp-json\/wp\/v2\/product_brand?post=132628"},{"taxonomy":"product_cat","embeddable":true,"href":"https:\/\/tourtravelandmore.com\/es\/wp-json\/wp\/v2\/product_cat?post=132628"},{"taxonomy":"product_tag","embeddable":true,"href":"https:\/\/tourtravelandmore.com\/es\/wp-json\/wp\/v2\/product_tag?post=132628"}],"curies":[{"name":"wp","href":"https:\/\/api.w.org\/{rel}","templated":true}]}}