{"id":132445,"date":"2022-07-22T15:17:54","date_gmt":"2022-07-22T13:17:55","guid":{"rendered":"https:\/\/tourtravelandmore.com\/?post_type=product&#038;p=132445"},"modified":"2023-10-24T14:31:18","modified_gmt":"2023-10-24T12:31:18","slug":"tour-privado-por-los-valles-del-danubio-y-wachau","status":"publish","type":"product","link":"https:\/\/tourtravelandmore.com\/es\/tours\/austria-es\/viena-es\/tour-privado-por-los-valles-del-danubio-y-wachau\/","title":{"rendered":"Tour privado por los valles del Danubio y Wachau"},"content":{"rendered":"<h2><b>Tour Privado de los Valles del Danubio y Wachau Descripci\u00f3n<\/b><\/h2>\n<p><span style=\"font-weight: 400;\">Descubra los pintorescos valles austriacos del Danubio y Wachau<\/span><\/p>\n<p><span style=\"font-weight: 400;\">Embarcarse en un viaje por los valles del Danubio y de Wachau promete una exploraci\u00f3n de los paisajes m\u00e1s encantadores de Austria. Estos destinos emblem\u00e1ticos rebosan de maravillas intemporales y lugares extraordinarios. Al emprender este cautivador viaje privado de 9 horas, le espera una experiencia envolvente de la mano de nuestro experto gu\u00eda local, que le desvelar\u00e1 historias ocultas y ricas historias detr\u00e1s de cada rinc\u00f3n.<\/span><\/p>\n<p><span style=\"font-weight: 400;\">D\u00e9jese llevar al coraz\u00f3n de las vistas panor\u00e1micas de Austria y descubra extensiones de vi\u00f1edos que ofrecen una muestra de los excelentes vinos del pa\u00eds. Con el Danubio, el segundo r\u00edo m\u00e1s largo de Europa, serpenteando a trav\u00e9s de ella, se une la belleza pr\u00edstina de la naturaleza con un tapiz de civilizaciones que han prosperado a lo largo de sus orillas. No es s\u00f3lo una excursi\u00f3n, es un viaje en el tiempo.<\/span><\/p>\n<p><span style=\"font-weight: 400;\">Austria tiene algo de m\u00e1gico, sobre todo las regiones de los valles del Danubio y de Wachau. Enclavados entre las cumbres alpinas y los frondosos vi\u00f1edos, los valles encierran el esp\u00edritu de Europa. Cada ciudad y pueblo, construido sobre siglos de tradici\u00f3n, le invita a formar parte de su narrativa.<\/span><\/p>\n<p><span style=\"font-weight: 400;\">Desde las calles empedradas de las antiguas ciudades, en las que resuenan historias de caballeros y realeza, hasta los verdes vi\u00f1edos, testigos mudos del paso del tiempo, cada elemento est\u00e1 cuidadosamente entrelazado. A su paso, el caudaloso Danubio arrastra historias de tierras lejanas, enlazando civilizaciones y creando una armoniosa mezcla de culturas. Este majestuoso r\u00edo, combinado con la belleza panor\u00e1mica de los valles, crea un escenario tan surrealista que a menudo parece un paisaje pintado.<\/span><\/p>\n<h2><b>Recorrido privado por los valles del Danubio y Wachau Destacados<\/b><b><\/b><\/h2>\n<ul>\n<li aria-level=\"1\"><b>Melk: El tesoro intemporal de Austria<\/b><\/li>\n<\/ul>\n<p><span style=\"font-weight: 400;\">Ad\u00e9ntrese en Melk, una antigua ciudad que capta sin esfuerzo el esp\u00edritu hist\u00f3rico y cultural de Austria. La Plaza del Mercado le invita a explorar tranquilamente sus boutiques, saboreando las delicias artesanales y la artesan\u00eda tradicional. A medida que se adentra en la ciudad, la ilustre catedral de Melk, cari\u00f1osamente conocida como la Capilla Azul, se erige como testimonio del arte religioso. Sus intrincadas vidrieras pintan un espect\u00e1culo vibrante, a la espera de ser capturado en sus recuerdos.<\/span><b><\/b><\/p>\n<ul>\n<li aria-level=\"1\"><b>Castillo de Aggstein: Centinela del valle de Wachau<\/b><\/li>\n<\/ul>\n<p><span style=\"font-weight: 400;\">Este imponente edificio atrae con historias de valor e intriga medievales. Mientras recorre sus pasillos, d\u00e9jese hechizar por las majestuosas vistas del r\u00edo Wachau y los extensos vi\u00f1edos. Aqu\u00ed se esconden secretos, desde la calidez de la enorme chimenea de la Sala de las Doncellas hasta pasadizos clandestinos que insin\u00faan escapadas encubiertas.<\/span><b><\/b><\/p>\n<ul>\n<li aria-level=\"1\"><b>Spitz: El coraz\u00f3n de la regi\u00f3n vin\u00edcola de Wachau<\/b><\/li>\n<\/ul>\n<p><span style=\"font-weight: 400;\">Enclavada entre verdes vi\u00f1edos, Spitz ofrece una escapada serena. Pasee por sus hist\u00f3ricas callejuelas y suba a las ruinas del castillo de Hinterhaus, donde le aguardan unas vistas panor\u00e1micas.<\/span><b><\/b><\/p>\n<ul>\n<li aria-level=\"1\"><b>Weisserkirchen en el Wachau: Un viaje en el tiempo<\/b><\/li>\n<\/ul>\n<p><span style=\"font-weight: 400;\">Cada rinc\u00f3n de Weisserkirchen respira historia. Al pasear por su calle principal, se desvela una \u00e9poca pasada de cuentos y leyendas.<\/span><b><\/b><\/p>\n<ul>\n<li aria-level=\"1\"><b>D\u00fcrnstein: El esplendor esc\u00e9nico del Danubio<\/b><\/li>\n<\/ul>\n<p><span style=\"font-weight: 400;\">Situada entre exuberantes vi\u00f1edos y el apacible Danubio, D\u00fcrnstein ofrece unas vistas de postal. Las ruinas del castillo de D\u00fcrnstein, de libre exploraci\u00f3n, se hacen eco de historias de aventuras medievales.<\/span><b><\/b><\/p>\n<ul>\n<li aria-level=\"1\"><b>Krems: el portal a Wachau<\/b><\/li>\n<\/ul>\n<p><span style=\"font-weight: 400;\">Krems es una joya medieval con maravillas arquitect\u00f3nicas del siglo XII. Marav\u00edllese con su Torre del Reloj, sus iglesias barrocas y su emblem\u00e1tica fortaleza medieval. A medida que camina por sus calles, la historia y la cultura se entrelazan, ofreciendo una visi\u00f3n del ilustre pasado de Austria.<\/span><\/p>\n<p><span style=\"font-weight: 400;\">Termine este fascinante recorrido con la sugerencia de experimentar la grandeza del Palacio de Sch\u00f6nbrunn. Su ambiente regio y sus impresionantes jardines prometen otra inolvidable <\/span><a href=\"https:\/\/tourtravelandmore.com\/es\/ciudad\/austria-es\/viena-es\/\"><span style=\"font-weight: 400;\">aventura austriaca.<\/span><\/a><\/p>\n","protected":false},"excerpt":{"rendered":"<p><span style=\"font-weight: 400;\">Avent\u00farese en un viaje por los paisajes m\u00e1s encantadores de Austria: los valles del Danubio y de Wachau. Con lugares cautivadores como Melk, el castillo de Aggstein y la ciudad de Krems, experimente una mezcla de naturaleza, historia y cultura como nunca antes.<\/span><\/p>\n","protected":false},"featured_media":132473,"comment_status":"open","ping_status":"closed","template":"","meta":{"_acf_changed":false},"product_brand":[],"product_cat":[1380,1384,1383],"product_tag":[],"class_list":{"0":"post-132445","1":"product","2":"type-product","3":"status-publish","4":"has-post-thumbnail","6":"product_cat-viena-es","7":"product_cat-vienna-tours-privados-actividades-es","8":"product_cat-viena-rutas-turisticas-privadas-es","10":"first","11":"instock","12":"shipping-taxable","13":"purchasable","14":"product-type-simple"},"acf":[],"yoast_head":"<!-- This site is optimized with the Yoast SEO Premium plugin v25.3.1 (Yoast SEO v25.3.1) - https:\/\/yoast.com\/wordpress\/plugins\/seo\/ -->\n<title>Excursi\u00f3n privada por los valles del Danubio y Wachau desde Viena<\/title>\n<meta name=\"description\" content=\"Sum\u00e9rjase en el coraz\u00f3n de Austria con una excursi\u00f3n privada por los pintorescos valles del Danubio y Wachau. Explore ciudades hist\u00f3ricas, majestuosos castillos y sum\u00e9rjase en la rica cultura de la regi\u00f3n.\" \/>\n<meta name=\"robots\" content=\"index, follow, max-snippet:-1, max-image-preview:large, max-video-preview:-1\" \/>\n<link rel=\"canonical\" href=\"https:\/\/tourtravelandmore.com\/es\/tours\/austria-es\/viena-es\/tour-privado-por-los-valles-del-danubio-y-wachau\/\" \/>\n<meta property=\"og:locale\" content=\"es_ES\" \/>\n<meta property=\"og:type\" content=\"article\" \/>\n<meta property=\"og:title\" content=\"Tour privado por los valles del Danubio y Wachau\" \/>\n<meta property=\"og:description\" content=\"Sum\u00e9rjase en el coraz\u00f3n de Austria con una excursi\u00f3n privada por los pintorescos valles del Danubio y Wachau. Explore ciudades hist\u00f3ricas, majestuosos castillos y sum\u00e9rjase en la rica cultura de la regi\u00f3n.\" \/>\n<meta property=\"og:url\" content=\"https:\/\/tourtravelandmore.com\/es\/tours\/austria-es\/viena-es\/tour-privado-por-los-valles-del-danubio-y-wachau\/\" \/>\n<meta property=\"og:site_name\" content=\"Tour Travel And More\" \/>\n<meta property=\"article:publisher\" content=\"https:\/\/www.facebook.com\/tourtravelandmore\/\" \/>\n<meta property=\"article:modified_time\" content=\"2023-10-24T12:31:18+00:00\" \/>\n<meta property=\"og:image\" content=\"https:\/\/tourtravelandmore.com\/wp-content\/uploads\/2022\/07\/image4-3.png\" \/>\n\t<meta property=\"og:image:width\" content=\"900\" \/>\n\t<meta property=\"og:image:height\" content=\"680\" \/>\n\t<meta property=\"og:image:type\" content=\"image\/png\" \/>\n<meta name=\"twitter:card\" content=\"summary_large_image\" \/>\n<meta name=\"twitter:site\" content=\"@TourTravel_More\" \/>\n<meta name=\"twitter:label1\" content=\"Tiempo de lectura\" \/>\n\t<meta name=\"twitter:data1\" content=\"3 minutos\" \/>\n<script type=\"application\/ld+json\" class=\"yoast-schema-graph\">{\"@context\":\"https:\/\/schema.org\",\"@graph\":[{\"@type\":\"WebPage\",\"@id\":\"https:\/\/tourtravelandmore.com\/es\/tours\/austria-es\/viena-es\/tour-privado-por-los-valles-del-danubio-y-wachau\/\",\"url\":\"https:\/\/tourtravelandmore.com\/es\/tours\/austria-es\/viena-es\/tour-privado-por-los-valles-del-danubio-y-wachau\/\",\"name\":\"Excursi\u00f3n privada por los valles del Danubio y Wachau desde Viena\",\"isPartOf\":{\"@id\":\"https:\/\/tourtravelandmore.com\/es\/#website\"},\"primaryImageOfPage\":{\"@id\":\"https:\/\/tourtravelandmore.com\/es\/tours\/austria-es\/viena-es\/tour-privado-por-los-valles-del-danubio-y-wachau\/#primaryimage\"},\"image\":{\"@id\":\"https:\/\/tourtravelandmore.com\/es\/tours\/austria-es\/viena-es\/tour-privado-por-los-valles-del-danubio-y-wachau\/#primaryimage\"},\"thumbnailUrl\":\"https:\/\/tourtravelandmore.com\/wp-content\/uploads\/2022\/07\/image4-3.png\",\"datePublished\":\"2022-07-22T13:17:55+00:00\",\"dateModified\":\"2023-10-24T12:31:18+00:00\",\"description\":\"Sum\u00e9rjase en el coraz\u00f3n de Austria con una excursi\u00f3n privada por los pintorescos valles del Danubio y Wachau. Explore ciudades hist\u00f3ricas, majestuosos castillos y sum\u00e9rjase en la rica cultura de la regi\u00f3n.\",\"breadcrumb\":{\"@id\":\"https:\/\/tourtravelandmore.com\/es\/tours\/austria-es\/viena-es\/tour-privado-por-los-valles-del-danubio-y-wachau\/#breadcrumb\"},\"inLanguage\":\"es\",\"potentialAction\":[{\"@type\":\"ReadAction\",\"target\":[\"https:\/\/tourtravelandmore.com\/es\/tours\/austria-es\/viena-es\/tour-privado-por-los-valles-del-danubio-y-wachau\/\"]}]},{\"@type\":\"ImageObject\",\"inLanguage\":\"es\",\"@id\":\"https:\/\/tourtravelandmore.com\/es\/tours\/austria-es\/viena-es\/tour-privado-por-los-valles-del-danubio-y-wachau\/#primaryimage\",\"url\":\"https:\/\/tourtravelandmore.com\/wp-content\/uploads\/2022\/07\/image4-3.png\",\"contentUrl\":\"https:\/\/tourtravelandmore.com\/wp-content\/uploads\/2022\/07\/image4-3.png\",\"width\":900,\"height\":680},{\"@type\":\"BreadcrumbList\",\"@id\":\"https:\/\/tourtravelandmore.com\/es\/tours\/austria-es\/viena-es\/tour-privado-por-los-valles-del-danubio-y-wachau\/#breadcrumb\",\"itemListElement\":[{\"@type\":\"ListItem\",\"position\":1,\"name\":\"Home\",\"item\":\"https:\/\/tourtravelandmore.com\/es\/\"},{\"@type\":\"ListItem\",\"position\":2,\"name\":\"Tours\",\"item\":\"https:\/\/tourtravelandmore.com\/es\/tours\/\"},{\"@type\":\"ListItem\",\"position\":3,\"name\":\"Tour privado por los valles del Danubio y Wachau\"}]},{\"@type\":\"WebSite\",\"@id\":\"https:\/\/tourtravelandmore.com\/es\/#website\",\"url\":\"https:\/\/tourtravelandmore.com\/es\/\",\"name\":\"Tour Travel And More\",\"description\":\"Private sightseeing tours and luxury transfers in Spain\",\"publisher\":{\"@id\":\"https:\/\/tourtravelandmore.com\/es\/#organization\"},\"potentialAction\":[{\"@type\":\"SearchAction\",\"target\":{\"@type\":\"EntryPoint\",\"urlTemplate\":\"https:\/\/tourtravelandmore.com\/es\/?s={search_term_string}\"},\"query-input\":{\"@type\":\"PropertyValueSpecification\",\"valueRequired\":true,\"valueName\":\"search_term_string\"}}],\"inLanguage\":\"es\"},{\"@type\":\"Organization\",\"@id\":\"https:\/\/tourtravelandmore.com\/es\/#organization\",\"name\":\"Tour Travel And More\",\"url\":\"https:\/\/tourtravelandmore.com\/es\/\",\"logo\":{\"@type\":\"ImageObject\",\"inLanguage\":\"es\",\"@id\":\"https:\/\/tourtravelandmore.com\/es\/#\/schema\/logo\/image\/\",\"url\":\"https:\/\/tourtravelandmore.com\/wp-content\/uploads\/2022\/12\/cropped-logo-cabecera-new.png\",\"contentUrl\":\"https:\/\/tourtravelandmore.com\/wp-content\/uploads\/2022\/12\/cropped-logo-cabecera-new.png\",\"width\":430,\"height\":61,\"caption\":\"Tour Travel And More\"},\"image\":{\"@id\":\"https:\/\/tourtravelandmore.com\/es\/#\/schema\/logo\/image\/\"},\"sameAs\":[\"https:\/\/www.facebook.com\/tourtravelandmore\/\",\"https:\/\/x.com\/TourTravel_More\"]}]}<\/script>\n<!-- \/ Yoast SEO Premium plugin. -->","yoast_head_json":{"title":"Excursi\u00f3n privada por los valles del Danubio y Wachau desde Viena","description":"Sum\u00e9rjase en el coraz\u00f3n de Austria con una excursi\u00f3n privada por los pintorescos valles del Danubio y Wachau. Explore ciudades hist\u00f3ricas, majestuosos castillos y sum\u00e9rjase en la rica cultura de la regi\u00f3n.","robots":{"index":"index","follow":"follow","max-snippet":"max-snippet:-1","max-image-preview":"max-image-preview:large","max-video-preview":"max-video-preview:-1"},"canonical":"https:\/\/tourtravelandmore.com\/es\/tours\/austria-es\/viena-es\/tour-privado-por-los-valles-del-danubio-y-wachau\/","og_locale":"es_ES","og_type":"article","og_title":"Tour privado por los valles del Danubio y Wachau","og_description":"Sum\u00e9rjase en el coraz\u00f3n de Austria con una excursi\u00f3n privada por los pintorescos valles del Danubio y Wachau. Explore ciudades hist\u00f3ricas, majestuosos castillos y sum\u00e9rjase en la rica cultura de la regi\u00f3n.","og_url":"https:\/\/tourtravelandmore.com\/es\/tours\/austria-es\/viena-es\/tour-privado-por-los-valles-del-danubio-y-wachau\/","og_site_name":"Tour Travel And More","article_publisher":"https:\/\/www.facebook.com\/tourtravelandmore\/","article_modified_time":"2023-10-24T12:31:18+00:00","og_image":[{"width":900,"height":680,"url":"https:\/\/tourtravelandmore.com\/wp-content\/uploads\/2022\/07\/image4-3.png","type":"image\/png"}],"twitter_card":"summary_large_image","twitter_site":"@TourTravel_More","twitter_misc":{"Tiempo de lectura":"3 minutos"},"schema":{"@context":"https:\/\/schema.org","@graph":[{"@type":"WebPage","@id":"https:\/\/tourtravelandmore.com\/es\/tours\/austria-es\/viena-es\/tour-privado-por-los-valles-del-danubio-y-wachau\/","url":"https:\/\/tourtravelandmore.com\/es\/tours\/austria-es\/viena-es\/tour-privado-por-los-valles-del-danubio-y-wachau\/","name":"Excursi\u00f3n privada por los valles del Danubio y Wachau desde Viena","isPartOf":{"@id":"https:\/\/tourtravelandmore.com\/es\/#website"},"primaryImageOfPage":{"@id":"https:\/\/tourtravelandmore.com\/es\/tours\/austria-es\/viena-es\/tour-privado-por-los-valles-del-danubio-y-wachau\/#primaryimage"},"image":{"@id":"https:\/\/tourtravelandmore.com\/es\/tours\/austria-es\/viena-es\/tour-privado-por-los-valles-del-danubio-y-wachau\/#primaryimage"},"thumbnailUrl":"https:\/\/tourtravelandmore.com\/wp-content\/uploads\/2022\/07\/image4-3.png","datePublished":"2022-07-22T13:17:55+00:00","dateModified":"2023-10-24T12:31:18+00:00","description":"Sum\u00e9rjase en el coraz\u00f3n de Austria con una excursi\u00f3n privada por los pintorescos valles del Danubio y Wachau. Explore ciudades hist\u00f3ricas, majestuosos castillos y sum\u00e9rjase en la rica cultura de la regi\u00f3n.","breadcrumb":{"@id":"https:\/\/tourtravelandmore.com\/es\/tours\/austria-es\/viena-es\/tour-privado-por-los-valles-del-danubio-y-wachau\/#breadcrumb"},"inLanguage":"es","potentialAction":[{"@type":"ReadAction","target":["https:\/\/tourtravelandmore.com\/es\/tours\/austria-es\/viena-es\/tour-privado-por-los-valles-del-danubio-y-wachau\/"]}]},{"@type":"ImageObject","inLanguage":"es","@id":"https:\/\/tourtravelandmore.com\/es\/tours\/austria-es\/viena-es\/tour-privado-por-los-valles-del-danubio-y-wachau\/#primaryimage","url":"https:\/\/tourtravelandmore.com\/wp-content\/uploads\/2022\/07\/image4-3.png","contentUrl":"https:\/\/tourtravelandmore.com\/wp-content\/uploads\/2022\/07\/image4-3.png","width":900,"height":680},{"@type":"BreadcrumbList","@id":"https:\/\/tourtravelandmore.com\/es\/tours\/austria-es\/viena-es\/tour-privado-por-los-valles-del-danubio-y-wachau\/#breadcrumb","itemListElement":[{"@type":"ListItem","position":1,"name":"Home","item":"https:\/\/tourtravelandmore.com\/es\/"},{"@type":"ListItem","position":2,"name":"Tours","item":"https:\/\/tourtravelandmore.com\/es\/tours\/"},{"@type":"ListItem","position":3,"name":"Tour privado por los valles del Danubio y Wachau"}]},{"@type":"WebSite","@id":"https:\/\/tourtravelandmore.com\/es\/#website","url":"https:\/\/tourtravelandmore.com\/es\/","name":"Tour Travel And More","description":"Private sightseeing tours and luxury transfers in Spain","publisher":{"@id":"https:\/\/tourtravelandmore.com\/es\/#organization"},"potentialAction":[{"@type":"SearchAction","target":{"@type":"EntryPoint","urlTemplate":"https:\/\/tourtravelandmore.com\/es\/?s={search_term_string}"},"query-input":{"@type":"PropertyValueSpecification","valueRequired":true,"valueName":"search_term_string"}}],"inLanguage":"es"},{"@type":"Organization","@id":"https:\/\/tourtravelandmore.com\/es\/#organization","name":"Tour Travel And More","url":"https:\/\/tourtravelandmore.com\/es\/","logo":{"@type":"ImageObject","inLanguage":"es","@id":"https:\/\/tourtravelandmore.com\/es\/#\/schema\/logo\/image\/","url":"https:\/\/tourtravelandmore.com\/wp-content\/uploads\/2022\/12\/cropped-logo-cabecera-new.png","contentUrl":"https:\/\/tourtravelandmore.com\/wp-content\/uploads\/2022\/12\/cropped-logo-cabecera-new.png","width":430,"height":61,"caption":"Tour Travel And More"},"image":{"@id":"https:\/\/tourtravelandmore.com\/es\/#\/schema\/logo\/image\/"},"sameAs":["https:\/\/www.facebook.com\/tourtravelandmore\/","https:\/\/x.com\/TourTravel_More"]}]}},"_links":{"self":[{"href":"https:\/\/tourtravelandmore.com\/es\/wp-json\/wp\/v2\/product\/132445","targetHints":{"allow":["GET"]}}],"collection":[{"href":"https:\/\/tourtravelandmore.com\/es\/wp-json\/wp\/v2\/product"}],"about":[{"href":"https:\/\/tourtravelandmore.com\/es\/wp-json\/wp\/v2\/types\/product"}],"replies":[{"embeddable":true,"href":"https:\/\/tourtravelandmore.com\/es\/wp-json\/wp\/v2\/comments?post=132445"}],"wp:featuredmedia":[{"embeddable":true,"href":"https:\/\/tourtravelandmore.com\/es\/wp-json\/wp\/v2\/media\/132473"}],"wp:attachment":[{"href":"https:\/\/tourtravelandmore.com\/es\/wp-json\/wp\/v2\/media?parent=132445"}],"wp:term":[{"taxonomy":"product_brand","embeddable":true,"href":"https:\/\/tourtravelandmore.com\/es\/wp-json\/wp\/v2\/product_brand?post=132445"},{"taxonomy":"product_cat","embeddable":true,"href":"https:\/\/tourtravelandmore.com\/es\/wp-json\/wp\/v2\/product_cat?post=132445"},{"taxonomy":"product_tag","embeddable":true,"href":"https:\/\/tourtravelandmore.com\/es\/wp-json\/wp\/v2\/product_tag?post=132445"}],"curies":[{"name":"wp","href":"https:\/\/api.w.org\/{rel}","templated":true}]}}