{"id":132362,"date":"2022-07-22T14:29:37","date_gmt":"2022-07-22T12:29:37","guid":{"rendered":"https:\/\/tourtravelandmore.com\/?post_type=product&#038;p=132362"},"modified":"2022-07-23T18:00:16","modified_gmt":"2022-07-23T16:00:16","slug":"tour-privado-a-budapest-desde-viena","status":"publish","type":"product","link":"https:\/\/tourtravelandmore.com\/es\/tours\/austria-es\/viena-es\/tour-privado-a-budapest-desde-viena\/","title":{"rendered":"Tour privado a Budapest desde Viena"},"content":{"rendered":"<h2><b>Descripci\u00f3n del Tour privado a Budapest desde Viena<\/b><\/h2>\n<p><span style=\"font-weight: 400;\">\u00bfTe gustar\u00eda apreciar lo que refleja el tema g\u00f3tico y la magia que ofrece la arquitectura barroca a sitios importantes para ver en Viena?<\/span><\/p>\n<p><span style=\"font-weight: 400;\">En nuestra excursi\u00f3n tendr\u00e1s un recorrido en coche de 14 horas con un gu\u00eda que te llevar\u00e1 a conocer los rincones m\u00e1s hermosos de la ciudad de Budapest, tales como:<\/span><\/p>\n<ul>\n<li style=\"font-weight: 400;\" aria-level=\"1\"><span style=\"font-weight: 400;\">El parque Varosliget<\/span><\/li>\n<li style=\"font-weight: 400;\" aria-level=\"1\"><span style=\"font-weight: 400;\">El enorme palacio del Danubio<\/span><\/li>\n<li style=\"font-weight: 400;\" aria-level=\"1\"><span style=\"font-weight: 400;\">La plaza del Ayuntamiento y mucho m\u00e1s.<\/span><\/li>\n<\/ul>\n<p><span style=\"font-weight: 400;\">El paseo en coche inicia cuando nuestro gu\u00eda profesional te encuentre en el lugar donde te alojes en Viena, en donde apreciar\u00e1s algunos lugares m\u00e1s visitados en la ciudad, como el castillo de Belvedere y el parque Sch\u00f6nbrunn.<\/span><\/p>\n<p><span style=\"font-weight: 400;\">Durante el camino, tendr\u00e1s la oportunidad de disfrutar del paisaje h\u00fangaro y ver algunos lugares interesantes que te mostraremos en el viaje.<\/span><\/p>\n<p><span style=\"font-weight: 400;\">Una vez que llegues a Budapest, podr\u00e1s disfrutar junto a nuestro gu\u00eda privado, de un paseo de 4 horas para que puedas apreciar lo mejor de esta impactante ciudad. \u00c9l te proporcionar\u00e1 la informaci\u00f3n \u00fatil antes, durante y despu\u00e9s del viaje.<\/span><\/p>\n<p><span style=\"font-weight: 400;\">Por \u00faltimo, el viaje terminar\u00e1 cuando el coche privado te lleve de vuelta a Viena. De esta manera, finalizamos un inolvidable recorrido por lo mejor de Europa.<\/span><\/p>\n<p><span style=\"font-weight: 400;\">\u00a1Te recomendamos este tour si quieres ver lo mejor de ambas ciudades!<\/span><\/p>\n<h2><b>Puntos de inter\u00e9s\u00a0 en el Tour privado a Budapest desde Viena<\/b><\/h2>\n<p><span style=\"font-weight: 400;\">Una de las mejores formas de descubrir todos los secretos de Viena y Budapest es realizar nuestro tour privado por estas ciudades, donde podr\u00e1s conocer sus lugares m\u00e1s emblem\u00e1ticos.<\/span><\/p>\n<p><span style=\"font-weight: 400;\">Ten en cuenta que Budapest es una ciudad extensa, que tiene muchas cosas que ver y ofrecer, comenzando con los monumentos hist\u00f3ricos, pasando por las antiguas termas romanas, hasta las calles llenas de vida y los bares. Sin embargo, con nosotros, recorrer\u00e1s lo mejor de esta ciudad en tan solo 4 horas.<\/span><\/p>\n<p><span style=\"font-weight: 400;\">N<\/span><span style=\"font-weight: 400;\">uestra <\/span><b>excursi\u00f3n privada de 14 horas desde Viena a Budapest <\/b><span style=\"font-weight: 400;\">es la mejor manera de conocer la capital de Hungr\u00eda en un d\u00eda, sin perder tiempo en los viajes y teniendo la posibilidad de visitar los siguientes puntos de inter\u00e9s:<\/span><\/p>\n<h3><span style=\"color: #d3af37;\"><b>Parlamento de Budapest<\/b><\/span><\/h3>\n<p><span style=\"font-weight: 400;\">Al llegar a la ciudad, uno de los primeros puntos que visitar\u00e1s es el parlamento, una edificaci\u00f3n construida al estilo neocl\u00e1sico con una gran cantidad de detalles y decoraci\u00f3n en su interior.<\/span><\/p>\n<p><span style=\"font-weight: 400;\">Est\u00e1 situado en la orilla del Danubio y es el tercer edificio parlamentario m\u00e1s grande del mundo, despu\u00e9s del Parlamento Brit\u00e1nico y el Parlamento alem\u00e1n.<\/span><\/p>\n<p><span style=\"font-weight: 400;\">Luego de que termines el recorrido por esta impresionante estructura, tendr\u00e1s la posibilidad de salir y acercarte a las orillas del r\u00edo Danubio, all\u00ed encontrar\u00e1s el monumento llamado <\/span><i><span style=\"font-weight: 400;\">Zapatos en el Danubio<\/span><\/i><span style=\"font-weight: 400;\">, construido en honor a los jud\u00edos asesinado en la Segunda Guerra Mundial.\u00a0<\/span><\/p>\n<h3><span style=\"color: #d3af37;\"><b>Puente de las Cadenas<\/b><\/span><\/h3>\n<p><span style=\"font-weight: 400;\">Otro punto que visitar\u00e1s en nuestro <\/span><b>tour privado a Budapest desde Viena, <\/b><span style=\"font-weight: 400;\">es el Puente de las Cadenas, que har\u00e1 que te sientas como si hubieras regresado a la era medieval.<\/span><\/p>\n<p><span style=\"font-weight: 400;\">A pesar de que fue destruido en la Segunda Guerra Mundial por el ej\u00e9rcito alem\u00e1n, pudo ser reconstruido de forma exacta, convirti\u00e9ndose en un sitio interesante para visitar en la ciudad.<\/span><\/p>\n<h3><span style=\"color: #d3af37;\"><b>V\u00e1ci Utca<\/b><\/span><\/h3>\n<p><span style=\"font-weight: 400;\">Continuando con el recorrido, luego de pasar por el puente de las cadenas, caminar\u00e1s hasta llegar a la calle V\u00e1ci Utca, una de las m\u00e1s concurridas y comerciales de la ciudad, en donde te encontrar\u00e1s con una hermosa plaza conocida como <\/span><span style=\"font-weight: 400;\">Plaza Vorosmarty.<\/span><\/p>\n<h3><span style=\"color: #d3af37;\"><b>Barrio Jud\u00edo<\/b><\/span><\/h3>\n<p><span style=\"font-weight: 400;\">Otra experiencia que vivir\u00e1s en nuestro <\/span><b>tour privado a Budapest desde Viena<\/b><span style=\"font-weight: 400;\">, es el recorrido por el barrio Jud\u00edo. Aqu\u00ed t\u00fa gu\u00eda privado te explicar\u00e1 sobre la historia de la comunidad jud\u00eda durante la Segunda Guerra Mundial.<\/span><\/p>\n<p><span style=\"font-weight: 400;\">Visitar\u00e1s adem\u00e1s la<\/span><span style=\"font-weight: 400;\"> Gran Sinagoga de Budapest, lugar en donde tambi\u00e9n encontrar\u00e1s el \u00c1rbol de la Vida del que cuelgan hojas con los nombres de todos los jud\u00edos asesinados durante la invasi\u00f3n alemana.<\/span><\/p>\n<h3><span style=\"color: #d3af37;\"><b>Castillo de Buda\u00a0<\/b><\/span><\/h3>\n<p><span style=\"font-weight: 400;\">Te llevaremos a recorrer el Castillo de Buda para ver la Colina del Castillo, una zona declarada Patrimonio de la Humanidad por la Unesco en 1987.\u00a0<\/span><\/p>\n<p><span style=\"font-weight: 400;\">El Castillo de Buda es el hogar del Museo Nacional, que exhibe lo mejor del arte h\u00fangaro y piezas arqueol\u00f3gicas prehist\u00f3ricas con la que quedar\u00e1s fascinado.\u00a0<\/span><\/p>\n<h3><span style=\"color: #d3af37;\"><b>Bas\u00edlica de San Esteban<\/b><\/span><\/h3>\n<p><span style=\"font-weight: 400;\">Se trata de un templo dedicado a San Esteban, el primer rey de Hungr\u00eda.\u00a0<\/span><\/p>\n<p><span style=\"font-weight: 400;\">Una vez adentro podr\u00e1s apreciar un hermoso estilo neocl\u00e1sico, decorado con importantes obras de artes y la campana m\u00e1s grande de este pa\u00eds.\u00a0 Adem\u00e1s, al subir a la torre apreciar\u00e1s la vista panor\u00e1mica de esta hermosa ciudad.<\/span><\/p>\n<p><span style=\"font-weight: 400;\">Durante el recorrido parar\u00e1s en diferentes puntos para tomar fotograf\u00edas y podr\u00e1s contemplar los sitios m\u00e1s emblem\u00e1ticos de la ciudad. Adem\u00e1s, podr\u00e1s elegir si quieres visitar otras atracciones tur\u00edsticas como el Balneario Gellert, el Castillo Vajdahunyad o el Zool\u00f3gico de Budapest, entre otros.<\/span><\/p>\n<p><span style=\"font-weight: 400;\">Vivir\u00e1s esta historia desde un punto de vista diferente en esta excursi\u00f3n privada. Una vez finalizado el <\/span><b>tour privado a Budapest desde Viena<\/b><span style=\"font-weight: 400;\">, te llevaremos de vuelta al punto de partida en Viena.<\/span><\/p>\n<p><span style=\"font-weight: 400;\">Por otro lado, si deseas seguir conociendo otros de los lugares inolvidables de Europa, no te pierdas nuestro <\/span><a href=\"https:\/\/tourtravelandmore.com\/es\/tours\/austria-es\/viena-es\/tour-privado-por-los-valles-del-danubio-y-wachau\/\"><b>tour privado por los valles del Danubio y Wachau.<\/b><\/a><\/p>\n","protected":false},"excerpt":{"rendered":"<p><span style=\"font-weight: 400;\">Disfruta de un <\/span><b>tour privado a Budapest desde Viena<\/b><span style=\"font-weight: 400;\">. Un viaje de 14 horas en coche y con gu\u00eda tur\u00edstica profesional. En este recorrido visitar\u00e1s los lugares m\u00e1s espectaculares de Austria, culturas y paisajes sin precedentes<\/span><\/p>\n","protected":false},"featured_media":132387,"comment_status":"open","ping_status":"closed","template":"","meta":{"_acf_changed":false},"product_brand":[],"product_cat":[1380,1384,1383],"product_tag":[],"class_list":{"0":"post-132362","1":"product","2":"type-product","3":"status-publish","4":"has-post-thumbnail","6":"product_cat-viena-es","7":"product_cat-vienna-tours-privados-actividades-es","8":"product_cat-viena-rutas-turisticas-privadas-es","10":"first","11":"instock","12":"shipping-taxable","13":"purchasable","14":"product-type-simple"},"acf":[],"yoast_head":"<!-- This site is optimized with the Yoast SEO Premium plugin v25.3.1 (Yoast SEO v25.3.1) - https:\/\/yoast.com\/wordpress\/plugins\/seo\/ -->\n<title>Tour privado en coche a Budapest desde Viena con gu\u00eda<\/title>\n<meta name=\"description\" content=\"Disfruta de un recorrido en coche a Budapest desde Viena, con gu\u00eda privado, donde conocer\u00e1s los lugares m\u00e1s impresionantes de esta hermosa ciudad\" \/>\n<meta name=\"robots\" content=\"index, follow, max-snippet:-1, max-image-preview:large, max-video-preview:-1\" \/>\n<link rel=\"canonical\" href=\"https:\/\/tourtravelandmore.com\/es\/tours\/austria-es\/viena-es\/tour-privado-a-budapest-desde-viena\/\" \/>\n<meta property=\"og:locale\" content=\"es_ES\" \/>\n<meta property=\"og:type\" content=\"article\" \/>\n<meta property=\"og:title\" content=\"Tour privado a Budapest desde Viena\" \/>\n<meta property=\"og:description\" content=\"Disfruta de un recorrido en coche a Budapest desde Viena, con gu\u00eda privado, donde conocer\u00e1s los lugares m\u00e1s impresionantes de esta hermosa ciudad\" \/>\n<meta property=\"og:url\" content=\"https:\/\/tourtravelandmore.com\/es\/tours\/austria-es\/viena-es\/tour-privado-a-budapest-desde-viena\/\" \/>\n<meta property=\"og:site_name\" content=\"Tour Travel And More\" \/>\n<meta property=\"article:publisher\" content=\"https:\/\/www.facebook.com\/tourtravelandmore\/\" \/>\n<meta property=\"article:modified_time\" content=\"2022-07-23T16:00:16+00:00\" \/>\n<meta property=\"og:image\" content=\"https:\/\/tourtravelandmore.com\/wp-content\/uploads\/2022\/07\/image4-1.png\" \/>\n\t<meta property=\"og:image:width\" content=\"900\" \/>\n\t<meta property=\"og:image:height\" content=\"680\" \/>\n\t<meta property=\"og:image:type\" content=\"image\/png\" \/>\n<meta name=\"twitter:card\" content=\"summary_large_image\" \/>\n<meta name=\"twitter:site\" content=\"@TourTravel_More\" \/>\n<meta name=\"twitter:label1\" content=\"Tiempo de lectura\" \/>\n\t<meta name=\"twitter:data1\" content=\"5 minutos\" \/>\n<script type=\"application\/ld+json\" class=\"yoast-schema-graph\">{\"@context\":\"https:\/\/schema.org\",\"@graph\":[{\"@type\":\"WebPage\",\"@id\":\"https:\/\/tourtravelandmore.com\/es\/tours\/austria-es\/viena-es\/tour-privado-a-budapest-desde-viena\/\",\"url\":\"https:\/\/tourtravelandmore.com\/es\/tours\/austria-es\/viena-es\/tour-privado-a-budapest-desde-viena\/\",\"name\":\"Tour privado en coche a Budapest desde Viena con gu\u00eda\",\"isPartOf\":{\"@id\":\"https:\/\/tourtravelandmore.com\/es\/#website\"},\"primaryImageOfPage\":{\"@id\":\"https:\/\/tourtravelandmore.com\/es\/tours\/austria-es\/viena-es\/tour-privado-a-budapest-desde-viena\/#primaryimage\"},\"image\":{\"@id\":\"https:\/\/tourtravelandmore.com\/es\/tours\/austria-es\/viena-es\/tour-privado-a-budapest-desde-viena\/#primaryimage\"},\"thumbnailUrl\":\"https:\/\/tourtravelandmore.com\/wp-content\/uploads\/2022\/07\/image4-1.png\",\"datePublished\":\"2022-07-22T12:29:37+00:00\",\"dateModified\":\"2022-07-23T16:00:16+00:00\",\"description\":\"Disfruta de un recorrido en coche a Budapest desde Viena, con gu\u00eda privado, donde conocer\u00e1s los lugares m\u00e1s impresionantes de esta hermosa ciudad\",\"breadcrumb\":{\"@id\":\"https:\/\/tourtravelandmore.com\/es\/tours\/austria-es\/viena-es\/tour-privado-a-budapest-desde-viena\/#breadcrumb\"},\"inLanguage\":\"es\",\"potentialAction\":[{\"@type\":\"ReadAction\",\"target\":[\"https:\/\/tourtravelandmore.com\/es\/tours\/austria-es\/viena-es\/tour-privado-a-budapest-desde-viena\/\"]}]},{\"@type\":\"ImageObject\",\"inLanguage\":\"es\",\"@id\":\"https:\/\/tourtravelandmore.com\/es\/tours\/austria-es\/viena-es\/tour-privado-a-budapest-desde-viena\/#primaryimage\",\"url\":\"https:\/\/tourtravelandmore.com\/wp-content\/uploads\/2022\/07\/image4-1.png\",\"contentUrl\":\"https:\/\/tourtravelandmore.com\/wp-content\/uploads\/2022\/07\/image4-1.png\",\"width\":900,\"height\":680},{\"@type\":\"BreadcrumbList\",\"@id\":\"https:\/\/tourtravelandmore.com\/es\/tours\/austria-es\/viena-es\/tour-privado-a-budapest-desde-viena\/#breadcrumb\",\"itemListElement\":[{\"@type\":\"ListItem\",\"position\":1,\"name\":\"Home\",\"item\":\"https:\/\/tourtravelandmore.com\/es\/\"},{\"@type\":\"ListItem\",\"position\":2,\"name\":\"Tours\",\"item\":\"https:\/\/tourtravelandmore.com\/es\/tours\/\"},{\"@type\":\"ListItem\",\"position\":3,\"name\":\"Tour privado a Budapest desde Viena\"}]},{\"@type\":\"WebSite\",\"@id\":\"https:\/\/tourtravelandmore.com\/es\/#website\",\"url\":\"https:\/\/tourtravelandmore.com\/es\/\",\"name\":\"Tour Travel And More\",\"description\":\"Private sightseeing tours and luxury transfers in Spain\",\"publisher\":{\"@id\":\"https:\/\/tourtravelandmore.com\/es\/#organization\"},\"potentialAction\":[{\"@type\":\"SearchAction\",\"target\":{\"@type\":\"EntryPoint\",\"urlTemplate\":\"https:\/\/tourtravelandmore.com\/es\/?s={search_term_string}\"},\"query-input\":{\"@type\":\"PropertyValueSpecification\",\"valueRequired\":true,\"valueName\":\"search_term_string\"}}],\"inLanguage\":\"es\"},{\"@type\":\"Organization\",\"@id\":\"https:\/\/tourtravelandmore.com\/es\/#organization\",\"name\":\"Tour Travel And More\",\"url\":\"https:\/\/tourtravelandmore.com\/es\/\",\"logo\":{\"@type\":\"ImageObject\",\"inLanguage\":\"es\",\"@id\":\"https:\/\/tourtravelandmore.com\/es\/#\/schema\/logo\/image\/\",\"url\":\"https:\/\/tourtravelandmore.com\/wp-content\/uploads\/2022\/12\/cropped-logo-cabecera-new.png\",\"contentUrl\":\"https:\/\/tourtravelandmore.com\/wp-content\/uploads\/2022\/12\/cropped-logo-cabecera-new.png\",\"width\":430,\"height\":61,\"caption\":\"Tour Travel And More\"},\"image\":{\"@id\":\"https:\/\/tourtravelandmore.com\/es\/#\/schema\/logo\/image\/\"},\"sameAs\":[\"https:\/\/www.facebook.com\/tourtravelandmore\/\",\"https:\/\/x.com\/TourTravel_More\"]}]}<\/script>\n<!-- \/ Yoast SEO Premium plugin. -->","yoast_head_json":{"title":"Tour privado en coche a Budapest desde Viena con gu\u00eda","description":"Disfruta de un recorrido en coche a Budapest desde Viena, con gu\u00eda privado, donde conocer\u00e1s los lugares m\u00e1s impresionantes de esta hermosa ciudad","robots":{"index":"index","follow":"follow","max-snippet":"max-snippet:-1","max-image-preview":"max-image-preview:large","max-video-preview":"max-video-preview:-1"},"canonical":"https:\/\/tourtravelandmore.com\/es\/tours\/austria-es\/viena-es\/tour-privado-a-budapest-desde-viena\/","og_locale":"es_ES","og_type":"article","og_title":"Tour privado a Budapest desde Viena","og_description":"Disfruta de un recorrido en coche a Budapest desde Viena, con gu\u00eda privado, donde conocer\u00e1s los lugares m\u00e1s impresionantes de esta hermosa ciudad","og_url":"https:\/\/tourtravelandmore.com\/es\/tours\/austria-es\/viena-es\/tour-privado-a-budapest-desde-viena\/","og_site_name":"Tour Travel And More","article_publisher":"https:\/\/www.facebook.com\/tourtravelandmore\/","article_modified_time":"2022-07-23T16:00:16+00:00","og_image":[{"width":900,"height":680,"url":"https:\/\/tourtravelandmore.com\/wp-content\/uploads\/2022\/07\/image4-1.png","type":"image\/png"}],"twitter_card":"summary_large_image","twitter_site":"@TourTravel_More","twitter_misc":{"Tiempo de lectura":"5 minutos"},"schema":{"@context":"https:\/\/schema.org","@graph":[{"@type":"WebPage","@id":"https:\/\/tourtravelandmore.com\/es\/tours\/austria-es\/viena-es\/tour-privado-a-budapest-desde-viena\/","url":"https:\/\/tourtravelandmore.com\/es\/tours\/austria-es\/viena-es\/tour-privado-a-budapest-desde-viena\/","name":"Tour privado en coche a Budapest desde Viena con gu\u00eda","isPartOf":{"@id":"https:\/\/tourtravelandmore.com\/es\/#website"},"primaryImageOfPage":{"@id":"https:\/\/tourtravelandmore.com\/es\/tours\/austria-es\/viena-es\/tour-privado-a-budapest-desde-viena\/#primaryimage"},"image":{"@id":"https:\/\/tourtravelandmore.com\/es\/tours\/austria-es\/viena-es\/tour-privado-a-budapest-desde-viena\/#primaryimage"},"thumbnailUrl":"https:\/\/tourtravelandmore.com\/wp-content\/uploads\/2022\/07\/image4-1.png","datePublished":"2022-07-22T12:29:37+00:00","dateModified":"2022-07-23T16:00:16+00:00","description":"Disfruta de un recorrido en coche a Budapest desde Viena, con gu\u00eda privado, donde conocer\u00e1s los lugares m\u00e1s impresionantes de esta hermosa ciudad","breadcrumb":{"@id":"https:\/\/tourtravelandmore.com\/es\/tours\/austria-es\/viena-es\/tour-privado-a-budapest-desde-viena\/#breadcrumb"},"inLanguage":"es","potentialAction":[{"@type":"ReadAction","target":["https:\/\/tourtravelandmore.com\/es\/tours\/austria-es\/viena-es\/tour-privado-a-budapest-desde-viena\/"]}]},{"@type":"ImageObject","inLanguage":"es","@id":"https:\/\/tourtravelandmore.com\/es\/tours\/austria-es\/viena-es\/tour-privado-a-budapest-desde-viena\/#primaryimage","url":"https:\/\/tourtravelandmore.com\/wp-content\/uploads\/2022\/07\/image4-1.png","contentUrl":"https:\/\/tourtravelandmore.com\/wp-content\/uploads\/2022\/07\/image4-1.png","width":900,"height":680},{"@type":"BreadcrumbList","@id":"https:\/\/tourtravelandmore.com\/es\/tours\/austria-es\/viena-es\/tour-privado-a-budapest-desde-viena\/#breadcrumb","itemListElement":[{"@type":"ListItem","position":1,"name":"Home","item":"https:\/\/tourtravelandmore.com\/es\/"},{"@type":"ListItem","position":2,"name":"Tours","item":"https:\/\/tourtravelandmore.com\/es\/tours\/"},{"@type":"ListItem","position":3,"name":"Tour privado a Budapest desde Viena"}]},{"@type":"WebSite","@id":"https:\/\/tourtravelandmore.com\/es\/#website","url":"https:\/\/tourtravelandmore.com\/es\/","name":"Tour Travel And More","description":"Private sightseeing tours and luxury transfers in Spain","publisher":{"@id":"https:\/\/tourtravelandmore.com\/es\/#organization"},"potentialAction":[{"@type":"SearchAction","target":{"@type":"EntryPoint","urlTemplate":"https:\/\/tourtravelandmore.com\/es\/?s={search_term_string}"},"query-input":{"@type":"PropertyValueSpecification","valueRequired":true,"valueName":"search_term_string"}}],"inLanguage":"es"},{"@type":"Organization","@id":"https:\/\/tourtravelandmore.com\/es\/#organization","name":"Tour Travel And More","url":"https:\/\/tourtravelandmore.com\/es\/","logo":{"@type":"ImageObject","inLanguage":"es","@id":"https:\/\/tourtravelandmore.com\/es\/#\/schema\/logo\/image\/","url":"https:\/\/tourtravelandmore.com\/wp-content\/uploads\/2022\/12\/cropped-logo-cabecera-new.png","contentUrl":"https:\/\/tourtravelandmore.com\/wp-content\/uploads\/2022\/12\/cropped-logo-cabecera-new.png","width":430,"height":61,"caption":"Tour Travel And More"},"image":{"@id":"https:\/\/tourtravelandmore.com\/es\/#\/schema\/logo\/image\/"},"sameAs":["https:\/\/www.facebook.com\/tourtravelandmore\/","https:\/\/x.com\/TourTravel_More"]}]}},"_links":{"self":[{"href":"https:\/\/tourtravelandmore.com\/es\/wp-json\/wp\/v2\/product\/132362","targetHints":{"allow":["GET"]}}],"collection":[{"href":"https:\/\/tourtravelandmore.com\/es\/wp-json\/wp\/v2\/product"}],"about":[{"href":"https:\/\/tourtravelandmore.com\/es\/wp-json\/wp\/v2\/types\/product"}],"replies":[{"embeddable":true,"href":"https:\/\/tourtravelandmore.com\/es\/wp-json\/wp\/v2\/comments?post=132362"}],"wp:featuredmedia":[{"embeddable":true,"href":"https:\/\/tourtravelandmore.com\/es\/wp-json\/wp\/v2\/media\/132387"}],"wp:attachment":[{"href":"https:\/\/tourtravelandmore.com\/es\/wp-json\/wp\/v2\/media?parent=132362"}],"wp:term":[{"taxonomy":"product_brand","embeddable":true,"href":"https:\/\/tourtravelandmore.com\/es\/wp-json\/wp\/v2\/product_brand?post=132362"},{"taxonomy":"product_cat","embeddable":true,"href":"https:\/\/tourtravelandmore.com\/es\/wp-json\/wp\/v2\/product_cat?post=132362"},{"taxonomy":"product_tag","embeddable":true,"href":"https:\/\/tourtravelandmore.com\/es\/wp-json\/wp\/v2\/product_tag?post=132362"}],"curies":[{"name":"wp","href":"https:\/\/api.w.org\/{rel}","templated":true}]}}