{"id":132316,"date":"2022-07-22T14:02:26","date_gmt":"2022-07-22T12:02:29","guid":{"rendered":"https:\/\/tourtravelandmore.com\/?post_type=product&#038;p=132316"},"modified":"2026-02-11T16:41:50","modified_gmt":"2026-02-11T15:41:50","slug":"excursion-privada-de-un-dia-a-hallstatt-desde-viena","status":"publish","type":"product","link":"https:\/\/tourtravelandmore.com\/es\/tours\/austria-es\/hallstatt-es\/halstatt-actividades-es\/excursion-privada-de-un-dia-a-hallstatt-desde-viena\/","title":{"rendered":"Excursi\u00f3n privada de un d\u00eda a Hallstatt desde Viena"},"content":{"rendered":"<h2><b>Excursi\u00f3n privada de un d\u00eda a Hallstatt desde Viena Descripci\u00f3n<\/b><\/h2>\n<p>Experimente el encanto de Hallstatt en una excursi\u00f3n privada de un d\u00eda desde Viena. Esta excursi\u00f3n de 12 horas le llevar\u00e1 al pueblo lacustre m\u00e1s pintoresco de Austria, conocido por su belleza intemporal y su rico patrimonio cultural. Rel\u00e1jese en la comodidad de un veh\u00edculo privado con un conductor profesional que le guiar\u00e1 por el pintoresco trayecto de Viena a Hallstatt. A su llegada, re\u00fanase con su gu\u00eda local que le conducir\u00e1 en un recorrido de 3 horas por las encantadoras calles de Hallstatt, sus monumentos hist\u00f3ricos y sus vistas panor\u00e1micas del lago.<\/p>\n<p>Pasee por el colorido paseo a orillas del lago de Hallstatt, donde las casas tradicionales de madera se asoman a las serenas aguas del Hallst\u00e4tter See. Visite la Iglesia Parroquial de Hallstatt, del siglo XII, famosa por su singular mortuorio repleto de calaveras centenarias pintadas a mano. Contin\u00fae hasta la bulliciosa Plaza del Mercado, enmarcada por encantadores caf\u00e9s y tiendas. Desde el coraz\u00f3n del pueblo, contemple las inolvidables vistas de los Alpes Dachstein que se elevan dram\u00e1ticamente sobre el lago.<\/p>\n<h2><b>Lo m\u00e1s destacado de la excursi\u00f3n privada de un d\u00eda a Hallstatt desde Viena<\/b><\/h2>\n<p>Esta excursi\u00f3n le permite descubrir los lugares m\u00e1s emblem\u00e1ticos del pueblo a la vez que le proporciona tiempo suficiente para explorar a su propio ritmo. Absorba la rica cultura e historia de Hallstatt en una excursi\u00f3n perfecta de un d\u00eda desde Viena.<\/p>\n<ul>\n<li><b><strong>Excursi\u00f3n privada de d\u00eda completo<\/strong><\/b>: Disfrute de un c\u00f3modo traslado de ida y vuelta de 12 horas desde Viena a Hallstatt en un veh\u00edculo privado con conductor profesional.<\/li>\n<li><b><strong>Visita guiada en Hallstatt<\/strong><\/b>: Descubra el pueblo con un gu\u00eda local experto durante una visita guiada de 3 horas, centrada en los lugares de inter\u00e9s hist\u00f3rico y paisaj\u00edstico de Hallstatt.<\/li>\n<li><b><strong>Pintoresca Plaza del Mercado<\/strong><\/b>: Pasee por la pintoresca Plaza del Mercado, rodeada de edificios tradicionales, caf\u00e9s y tiendas.<\/li>\n<li><b><strong>Paseo a orillas del lago<\/strong><\/b>: Pasee por la hermosa orilla del lago, capturando impresionantes vistas de Hallst\u00e4tter See y los Alpes Dachstein.<\/li>\n<li><b><strong>Tiempo libre para explorar<\/strong><\/b>: Despu\u00e9s de la visita guiada, disfrute de tiempo libre para descubrir los rincones ocultos de Hallstatt, hacer fotos y experimentar el ambiente tranquilo del pueblo.<\/li>\n<\/ul>\n<p>Y, si el encanto de Europa a\u00fan tira de su fibra sensible, considere la posibilidad de mejorar su viaje con nuestra exclusiva excursi\u00f3n privada a Salzburgo desde Viena. <a href=\"https:\/\/tourtravelandmore.com\/es\/ciudad\/austria-es\/viena-es\/\">Es otro cap\u00edtulo a la espera de ser explorado en la gran aventura europea.<\/a><\/p>\n","protected":false},"excerpt":{"rendered":"<p><span style=\"font-weight: 400;\">Descubra Hallstatt, un tesoro de la UNESCO, en una lujosa excursi\u00f3n de un d\u00eda desde Viena. Sum\u00e9rjase en un mundo de belleza paisaj\u00edstica, rica historia y maravillas culturales.<\/span><\/p>\n","protected":false},"featured_media":132347,"comment_status":"open","ping_status":"closed","template":"","meta":{"_acf_changed":false},"product_brand":[],"product_cat":[1665,1670,1380,1384,1383],"product_tag":[],"class_list":{"0":"post-132316","1":"product","2":"type-product","3":"status-publish","4":"has-post-thumbnail","6":"product_cat-hallstatt-es","7":"product_cat-halstatt-actividades-es","8":"product_cat-viena-es","9":"product_cat-vienna-tours-privados-actividades-es","10":"product_cat-viena-rutas-turisticas-privadas-es","12":"first","13":"instock","14":"shipping-taxable","15":"purchasable","16":"product-type-simple"},"acf":[],"yoast_head":"<!-- This site is optimized with the Yoast SEO Premium plugin v25.3.1 (Yoast SEO v25.3.1) - https:\/\/yoast.com\/wordpress\/plugins\/seo\/ -->\n<title>Excursi\u00f3n privada de un d\u00eda a Hallstatt desde Viena: Una joya de la UNESCO<\/title>\n<meta name=\"description\" content=\"Emb\u00e1rquese en un viaje privado de 10 horas al encantador pueblo de Hallstatt. Desde lagos v\u00edrgenes y antiguas minas de sal hasta museos hist\u00f3ricos, desentra\u00f1e los misterios de este lugar declarado Patrimonio de la Humanidad por la UNESCO.\" \/>\n<meta name=\"robots\" content=\"index, follow, max-snippet:-1, max-image-preview:large, max-video-preview:-1\" \/>\n<link rel=\"canonical\" href=\"https:\/\/tourtravelandmore.com\/es\/tours\/austria-es\/hallstatt-es\/halstatt-actividades-es\/excursion-privada-de-un-dia-a-hallstatt-desde-viena\/\" \/>\n<meta property=\"og:locale\" content=\"es_ES\" \/>\n<meta property=\"og:type\" content=\"article\" \/>\n<meta property=\"og:title\" content=\"Excursi\u00f3n privada de un d\u00eda a Hallstatt desde Viena\" \/>\n<meta property=\"og:description\" content=\"Emb\u00e1rquese en un viaje privado de 10 horas al encantador pueblo de Hallstatt. Desde lagos v\u00edrgenes y antiguas minas de sal hasta museos hist\u00f3ricos, desentra\u00f1e los misterios de este lugar declarado Patrimonio de la Humanidad por la UNESCO.\" \/>\n<meta property=\"og:url\" content=\"https:\/\/tourtravelandmore.com\/es\/tours\/austria-es\/hallstatt-es\/halstatt-actividades-es\/excursion-privada-de-un-dia-a-hallstatt-desde-viena\/\" \/>\n<meta property=\"og:site_name\" content=\"Tour Travel And More\" \/>\n<meta property=\"article:publisher\" content=\"https:\/\/www.facebook.com\/tourtravelandmore\/\" \/>\n<meta property=\"article:modified_time\" content=\"2026-02-11T15:41:50+00:00\" \/>\n<meta property=\"og:image\" content=\"https:\/\/tourtravelandmore.com\/wp-content\/uploads\/2022\/07\/image5.png\" \/>\n\t<meta property=\"og:image:width\" content=\"900\" \/>\n\t<meta property=\"og:image:height\" content=\"680\" \/>\n\t<meta property=\"og:image:type\" content=\"image\/png\" \/>\n<meta name=\"twitter:card\" content=\"summary_large_image\" \/>\n<meta name=\"twitter:site\" content=\"@TourTravel_More\" \/>\n<meta name=\"twitter:label1\" content=\"Tiempo de lectura\" \/>\n\t<meta name=\"twitter:data1\" content=\"2 minutos\" \/>\n<script type=\"application\/ld+json\" class=\"yoast-schema-graph\">{\"@context\":\"https:\/\/schema.org\",\"@graph\":[{\"@type\":\"WebPage\",\"@id\":\"https:\/\/tourtravelandmore.com\/es\/tours\/austria-es\/hallstatt-es\/halstatt-actividades-es\/excursion-privada-de-un-dia-a-hallstatt-desde-viena\/\",\"url\":\"https:\/\/tourtravelandmore.com\/es\/tours\/austria-es\/hallstatt-es\/halstatt-actividades-es\/excursion-privada-de-un-dia-a-hallstatt-desde-viena\/\",\"name\":\"Excursi\u00f3n privada de un d\u00eda a Hallstatt desde Viena: Una joya de la UNESCO\",\"isPartOf\":{\"@id\":\"https:\/\/tourtravelandmore.com\/es\/#website\"},\"primaryImageOfPage\":{\"@id\":\"https:\/\/tourtravelandmore.com\/es\/tours\/austria-es\/hallstatt-es\/halstatt-actividades-es\/excursion-privada-de-un-dia-a-hallstatt-desde-viena\/#primaryimage\"},\"image\":{\"@id\":\"https:\/\/tourtravelandmore.com\/es\/tours\/austria-es\/hallstatt-es\/halstatt-actividades-es\/excursion-privada-de-un-dia-a-hallstatt-desde-viena\/#primaryimage\"},\"thumbnailUrl\":\"https:\/\/tourtravelandmore.com\/wp-content\/uploads\/2022\/07\/image5.png\",\"datePublished\":\"2022-07-22T12:02:29+00:00\",\"dateModified\":\"2026-02-11T15:41:50+00:00\",\"description\":\"Emb\u00e1rquese en un viaje privado de 10 horas al encantador pueblo de Hallstatt. Desde lagos v\u00edrgenes y antiguas minas de sal hasta museos hist\u00f3ricos, desentra\u00f1e los misterios de este lugar declarado Patrimonio de la Humanidad por la UNESCO.\",\"breadcrumb\":{\"@id\":\"https:\/\/tourtravelandmore.com\/es\/tours\/austria-es\/hallstatt-es\/halstatt-actividades-es\/excursion-privada-de-un-dia-a-hallstatt-desde-viena\/#breadcrumb\"},\"inLanguage\":\"es\",\"potentialAction\":[{\"@type\":\"ReadAction\",\"target\":[\"https:\/\/tourtravelandmore.com\/es\/tours\/austria-es\/hallstatt-es\/halstatt-actividades-es\/excursion-privada-de-un-dia-a-hallstatt-desde-viena\/\"]}]},{\"@type\":\"ImageObject\",\"inLanguage\":\"es\",\"@id\":\"https:\/\/tourtravelandmore.com\/es\/tours\/austria-es\/hallstatt-es\/halstatt-actividades-es\/excursion-privada-de-un-dia-a-hallstatt-desde-viena\/#primaryimage\",\"url\":\"https:\/\/tourtravelandmore.com\/wp-content\/uploads\/2022\/07\/image5.png\",\"contentUrl\":\"https:\/\/tourtravelandmore.com\/wp-content\/uploads\/2022\/07\/image5.png\",\"width\":900,\"height\":680},{\"@type\":\"BreadcrumbList\",\"@id\":\"https:\/\/tourtravelandmore.com\/es\/tours\/austria-es\/hallstatt-es\/halstatt-actividades-es\/excursion-privada-de-un-dia-a-hallstatt-desde-viena\/#breadcrumb\",\"itemListElement\":[{\"@type\":\"ListItem\",\"position\":1,\"name\":\"Home\",\"item\":\"https:\/\/tourtravelandmore.com\/es\/\"},{\"@type\":\"ListItem\",\"position\":2,\"name\":\"Tours\",\"item\":\"https:\/\/tourtravelandmore.com\/es\/tours\/\"},{\"@type\":\"ListItem\",\"position\":3,\"name\":\"Excursi\u00f3n privada de un d\u00eda a Hallstatt desde Viena\"}]},{\"@type\":\"WebSite\",\"@id\":\"https:\/\/tourtravelandmore.com\/es\/#website\",\"url\":\"https:\/\/tourtravelandmore.com\/es\/\",\"name\":\"Tour Travel And More\",\"description\":\"Private sightseeing tours and luxury transfers in Spain\",\"publisher\":{\"@id\":\"https:\/\/tourtravelandmore.com\/es\/#organization\"},\"potentialAction\":[{\"@type\":\"SearchAction\",\"target\":{\"@type\":\"EntryPoint\",\"urlTemplate\":\"https:\/\/tourtravelandmore.com\/es\/?s={search_term_string}\"},\"query-input\":{\"@type\":\"PropertyValueSpecification\",\"valueRequired\":true,\"valueName\":\"search_term_string\"}}],\"inLanguage\":\"es\"},{\"@type\":\"Organization\",\"@id\":\"https:\/\/tourtravelandmore.com\/es\/#organization\",\"name\":\"Tour Travel And More\",\"url\":\"https:\/\/tourtravelandmore.com\/es\/\",\"logo\":{\"@type\":\"ImageObject\",\"inLanguage\":\"es\",\"@id\":\"https:\/\/tourtravelandmore.com\/es\/#\/schema\/logo\/image\/\",\"url\":\"https:\/\/tourtravelandmore.com\/wp-content\/uploads\/2022\/12\/cropped-logo-cabecera-new.png\",\"contentUrl\":\"https:\/\/tourtravelandmore.com\/wp-content\/uploads\/2022\/12\/cropped-logo-cabecera-new.png\",\"width\":430,\"height\":61,\"caption\":\"Tour Travel And More\"},\"image\":{\"@id\":\"https:\/\/tourtravelandmore.com\/es\/#\/schema\/logo\/image\/\"},\"sameAs\":[\"https:\/\/www.facebook.com\/tourtravelandmore\/\",\"https:\/\/x.com\/TourTravel_More\"]}]}<\/script>\n<!-- \/ Yoast SEO Premium plugin. -->","yoast_head_json":{"title":"Excursi\u00f3n privada de un d\u00eda a Hallstatt desde Viena: Una joya de la UNESCO","description":"Emb\u00e1rquese en un viaje privado de 10 horas al encantador pueblo de Hallstatt. Desde lagos v\u00edrgenes y antiguas minas de sal hasta museos hist\u00f3ricos, desentra\u00f1e los misterios de este lugar declarado Patrimonio de la Humanidad por la UNESCO.","robots":{"index":"index","follow":"follow","max-snippet":"max-snippet:-1","max-image-preview":"max-image-preview:large","max-video-preview":"max-video-preview:-1"},"canonical":"https:\/\/tourtravelandmore.com\/es\/tours\/austria-es\/hallstatt-es\/halstatt-actividades-es\/excursion-privada-de-un-dia-a-hallstatt-desde-viena\/","og_locale":"es_ES","og_type":"article","og_title":"Excursi\u00f3n privada de un d\u00eda a Hallstatt desde Viena","og_description":"Emb\u00e1rquese en un viaje privado de 10 horas al encantador pueblo de Hallstatt. Desde lagos v\u00edrgenes y antiguas minas de sal hasta museos hist\u00f3ricos, desentra\u00f1e los misterios de este lugar declarado Patrimonio de la Humanidad por la UNESCO.","og_url":"https:\/\/tourtravelandmore.com\/es\/tours\/austria-es\/hallstatt-es\/halstatt-actividades-es\/excursion-privada-de-un-dia-a-hallstatt-desde-viena\/","og_site_name":"Tour Travel And More","article_publisher":"https:\/\/www.facebook.com\/tourtravelandmore\/","article_modified_time":"2026-02-11T15:41:50+00:00","og_image":[{"width":900,"height":680,"url":"https:\/\/tourtravelandmore.com\/wp-content\/uploads\/2022\/07\/image5.png","type":"image\/png"}],"twitter_card":"summary_large_image","twitter_site":"@TourTravel_More","twitter_misc":{"Tiempo de lectura":"2 minutos"},"schema":{"@context":"https:\/\/schema.org","@graph":[{"@type":"WebPage","@id":"https:\/\/tourtravelandmore.com\/es\/tours\/austria-es\/hallstatt-es\/halstatt-actividades-es\/excursion-privada-de-un-dia-a-hallstatt-desde-viena\/","url":"https:\/\/tourtravelandmore.com\/es\/tours\/austria-es\/hallstatt-es\/halstatt-actividades-es\/excursion-privada-de-un-dia-a-hallstatt-desde-viena\/","name":"Excursi\u00f3n privada de un d\u00eda a Hallstatt desde Viena: Una joya de la UNESCO","isPartOf":{"@id":"https:\/\/tourtravelandmore.com\/es\/#website"},"primaryImageOfPage":{"@id":"https:\/\/tourtravelandmore.com\/es\/tours\/austria-es\/hallstatt-es\/halstatt-actividades-es\/excursion-privada-de-un-dia-a-hallstatt-desde-viena\/#primaryimage"},"image":{"@id":"https:\/\/tourtravelandmore.com\/es\/tours\/austria-es\/hallstatt-es\/halstatt-actividades-es\/excursion-privada-de-un-dia-a-hallstatt-desde-viena\/#primaryimage"},"thumbnailUrl":"https:\/\/tourtravelandmore.com\/wp-content\/uploads\/2022\/07\/image5.png","datePublished":"2022-07-22T12:02:29+00:00","dateModified":"2026-02-11T15:41:50+00:00","description":"Emb\u00e1rquese en un viaje privado de 10 horas al encantador pueblo de Hallstatt. Desde lagos v\u00edrgenes y antiguas minas de sal hasta museos hist\u00f3ricos, desentra\u00f1e los misterios de este lugar declarado Patrimonio de la Humanidad por la UNESCO.","breadcrumb":{"@id":"https:\/\/tourtravelandmore.com\/es\/tours\/austria-es\/hallstatt-es\/halstatt-actividades-es\/excursion-privada-de-un-dia-a-hallstatt-desde-viena\/#breadcrumb"},"inLanguage":"es","potentialAction":[{"@type":"ReadAction","target":["https:\/\/tourtravelandmore.com\/es\/tours\/austria-es\/hallstatt-es\/halstatt-actividades-es\/excursion-privada-de-un-dia-a-hallstatt-desde-viena\/"]}]},{"@type":"ImageObject","inLanguage":"es","@id":"https:\/\/tourtravelandmore.com\/es\/tours\/austria-es\/hallstatt-es\/halstatt-actividades-es\/excursion-privada-de-un-dia-a-hallstatt-desde-viena\/#primaryimage","url":"https:\/\/tourtravelandmore.com\/wp-content\/uploads\/2022\/07\/image5.png","contentUrl":"https:\/\/tourtravelandmore.com\/wp-content\/uploads\/2022\/07\/image5.png","width":900,"height":680},{"@type":"BreadcrumbList","@id":"https:\/\/tourtravelandmore.com\/es\/tours\/austria-es\/hallstatt-es\/halstatt-actividades-es\/excursion-privada-de-un-dia-a-hallstatt-desde-viena\/#breadcrumb","itemListElement":[{"@type":"ListItem","position":1,"name":"Home","item":"https:\/\/tourtravelandmore.com\/es\/"},{"@type":"ListItem","position":2,"name":"Tours","item":"https:\/\/tourtravelandmore.com\/es\/tours\/"},{"@type":"ListItem","position":3,"name":"Excursi\u00f3n privada de un d\u00eda a Hallstatt desde Viena"}]},{"@type":"WebSite","@id":"https:\/\/tourtravelandmore.com\/es\/#website","url":"https:\/\/tourtravelandmore.com\/es\/","name":"Tour Travel And More","description":"Private sightseeing tours and luxury transfers in Spain","publisher":{"@id":"https:\/\/tourtravelandmore.com\/es\/#organization"},"potentialAction":[{"@type":"SearchAction","target":{"@type":"EntryPoint","urlTemplate":"https:\/\/tourtravelandmore.com\/es\/?s={search_term_string}"},"query-input":{"@type":"PropertyValueSpecification","valueRequired":true,"valueName":"search_term_string"}}],"inLanguage":"es"},{"@type":"Organization","@id":"https:\/\/tourtravelandmore.com\/es\/#organization","name":"Tour Travel And More","url":"https:\/\/tourtravelandmore.com\/es\/","logo":{"@type":"ImageObject","inLanguage":"es","@id":"https:\/\/tourtravelandmore.com\/es\/#\/schema\/logo\/image\/","url":"https:\/\/tourtravelandmore.com\/wp-content\/uploads\/2022\/12\/cropped-logo-cabecera-new.png","contentUrl":"https:\/\/tourtravelandmore.com\/wp-content\/uploads\/2022\/12\/cropped-logo-cabecera-new.png","width":430,"height":61,"caption":"Tour Travel And More"},"image":{"@id":"https:\/\/tourtravelandmore.com\/es\/#\/schema\/logo\/image\/"},"sameAs":["https:\/\/www.facebook.com\/tourtravelandmore\/","https:\/\/x.com\/TourTravel_More"]}]}},"_links":{"self":[{"href":"https:\/\/tourtravelandmore.com\/es\/wp-json\/wp\/v2\/product\/132316","targetHints":{"allow":["GET"]}}],"collection":[{"href":"https:\/\/tourtravelandmore.com\/es\/wp-json\/wp\/v2\/product"}],"about":[{"href":"https:\/\/tourtravelandmore.com\/es\/wp-json\/wp\/v2\/types\/product"}],"replies":[{"embeddable":true,"href":"https:\/\/tourtravelandmore.com\/es\/wp-json\/wp\/v2\/comments?post=132316"}],"wp:featuredmedia":[{"embeddable":true,"href":"https:\/\/tourtravelandmore.com\/es\/wp-json\/wp\/v2\/media\/132347"}],"wp:attachment":[{"href":"https:\/\/tourtravelandmore.com\/es\/wp-json\/wp\/v2\/media?parent=132316"}],"wp:term":[{"taxonomy":"product_brand","embeddable":true,"href":"https:\/\/tourtravelandmore.com\/es\/wp-json\/wp\/v2\/product_brand?post=132316"},{"taxonomy":"product_cat","embeddable":true,"href":"https:\/\/tourtravelandmore.com\/es\/wp-json\/wp\/v2\/product_cat?post=132316"},{"taxonomy":"product_tag","embeddable":true,"href":"https:\/\/tourtravelandmore.com\/es\/wp-json\/wp\/v2\/product_tag?post=132316"}],"curies":[{"name":"wp","href":"https:\/\/api.w.org\/{rel}","templated":true}]}}