{"id":130480,"date":"2022-06-30T17:38:28","date_gmt":"2022-06-30T15:38:28","guid":{"rendered":"https:\/\/tourtravelandmore.com\/?post_type=product&#038;p=130480"},"modified":"2024-02-04T16:55:28","modified_gmt":"2024-02-04T15:55:28","slug":"traslado-privado-de-napoles-aeropuerto-estacion-a-sorrento-copy","status":"publish","type":"product","link":"https:\/\/tourtravelandmore.com\/es\/tours\/italia-es\/sorrento-es\/traslado-privado-de-napoles-aeropuerto-estacion-a-sorrento-copy\/","title":{"rendered":"Traslado Privado de Roma a Sorrento"},"content":{"rendered":"<h2><b>Traslado Privado de Roma a Sorrento Descripci\u00f3n<\/b><\/h2>\n<p><span style=\"font-weight: 400;\">Sum\u00e9rjase en la elegancia y el confort de nuestro Traslado Privado de Roma a Sorrento. Este servicio no es s\u00f3lo un viaje; es una transici\u00f3n al coraz\u00f3n de la belleza esc\u00e9nica de Italia. Mientras viaja desde la grandeza hist\u00f3rica de Roma a la encantadora ciudad costera de Sorrento, rel\u00e1jese en nuestros lujosos veh\u00edculos, equipados con todas las comodidades para su confort. Nuestros conductores profesionales se dedican a proporcionarle una experiencia sin contratiempos, navegando a trav\u00e9s de paisajes pintorescos y garantizando un viaje fluido y eficiente.<\/span><\/p>\n<p><span style=\"font-weight: 400;\">El viaje en s\u00ed es una experiencia digna de contemplar, ya que ofrece vistas de la ondulada campi\u00f1a italiana, salpicada de pueblos antiguos y olivares. Nuestro servicio se adapta a sus horarios y preferencias, garantizando entregas y recogidas puntuales. Ya sea por ocio o por negocios, nuestros traslados privados ofrecen la combinaci\u00f3n perfecta de comodidad, lujo y estilo.<\/span><\/p>\n<p><span style=\"font-weight: 400;\">A medida que se desarrolla el viaje, le cautivar\u00e1 la transici\u00f3n del bullicioso paisaje urbano de Roma a los serenos y pintorescos parajes de la campi\u00f1a italiana. La ruta serpentea por zonas cargadas de historia y cultura, permiti\u00e9ndole vislumbrar el rico patrimonio de Italia. Este exclusivo servicio de traslado es m\u00e1s que un mero desplazamiento; es una puerta de entrada al encantador mundo del sur de Italia, que ofrece un preludio de las maravillas que le esperan en Sorrento. Nuestro compromiso con la excelencia garantiza que cada momento de su viaje sea agradable y memorable, proporcion\u00e1ndole una experiencia que va m\u00e1s all\u00e1 del mero transporte. Este traslado es un comienzo ideal para un viaje que promete relajaci\u00f3n, descubrimiento y el encanto de Italia.<\/span><\/p>\n<h2><b>Aspectos destacados del traslado privado de Roma a Sorrento<\/b><\/h2>\n<ul>\n<li style=\"font-weight: 400;\" aria-level=\"1\"><b>Paisaje rural italiano:<\/b><span style=\"font-weight: 400;\"> Al salir de Roma, el paisaje se transforma en un pintoresco retablo de colinas onduladas, vi\u00f1edos y olivares, cada uno de los cuales ofrece una visi\u00f3n de la belleza rural y el patrimonio agr\u00edcola de Italia.<\/span><\/li>\n<li style=\"font-weight: 400;\" aria-level=\"1\"><b>El encanto de Sorrento:<\/b><span style=\"font-weight: 400;\"> Esta ciudad costera cautiva por su mezcla \u00fanica de belleza natural, cultura tradicional italiana y rica historia. Sorrento es famosa por sus impresionantes acantilados, sus animados mercados y el encantador aroma de sus limoneros.<\/span><\/li>\n<li style=\"font-weight: 400;\" aria-level=\"1\"><b>Marina Grande:<\/b><span style=\"font-weight: 400;\"> La playa m\u00e1s grande de Sorrento ofrece una mezcla perfecta de relax y belleza paisaj\u00edstica. Aqu\u00ed podr\u00e1 disfrutar del sol mediterr\u00e1neo, cenar en restaurantes costeros y observar a los pescadores locales en sus embarcaciones tradicionales.<\/span><\/li>\n<li style=\"font-weight: 400;\" aria-level=\"1\"><b>Piazza Tasso: <\/b><span style=\"font-weight: 400;\">La bulliciosa plaza principal de Sorrento es un centro de actividad, rodeado de edificios hist\u00f3ricos, encantadores caf\u00e9s y tiendas. Es un lugar perfecto para observar a la gente y empaparse del animado ambiente italiano.<\/span><\/li>\n<li style=\"font-weight: 400;\" aria-level=\"1\"><b>La pen\u00ednsula de Sorrento:<\/b><span style=\"font-weight: 400;\"> Conocida por sus espectaculares acantilados y vistas panor\u00e1micas, la pen\u00ednsula es un escaparate de belleza natural. El paseo por la costa ofrece impresionantes vistas del mar Tirreno.<\/span><\/li>\n<li style=\"font-weight: 400;\" aria-level=\"1\"><b>Proximidad a Capri y N\u00e1poles:<\/b><span style=\"font-weight: 400;\"> El traslado le permitir\u00e1 llegar f\u00e1cilmente a Capri, conocida por sus complejos tur\u00edsticos de lujo y sus maravillas naturales, y a N\u00e1poles, una ciudad rica en historia, cultura y delicias culinarias. Ambos destinos aumentan el atractivo de alojarse en Sorrento.<\/span><\/li>\n<\/ul>\n<p><span style=\"font-weight: 400;\">Emb\u00e1rquese en un viaje de lujo y comodidad con nuestro traslado privado de Roma a Sorrento. Experimente la comodidad sin esfuerzo de ser conducido a trav\u00e9s de los encantadores paisajes de Italia en un veh\u00edculo de primera calidad. Nuestro servicio garantiza puntualidad, fiabilidad y confort de primera clase, asegurando que sus necesidades de viaje se cumplan con los m\u00e1s altos est\u00e1ndares. Tanto si busca relajarse despu\u00e9s de un vuelo como un paseo panor\u00e1mico desde la estaci\u00f3n de tren, nos adaptamos a sus horarios y preferencias.<\/span><a href=\"https:\/\/tourtravelandmore.com\/es\/ciudad\/italia-es\/sorrento-es\/\"><span style=\"font-weight: 400;\"> Reserve ahora una experiencia de viaje que combina lujo,<\/span><\/a><span style=\"font-weight: 400;\"> comodidad y la cautivadora belleza de Italia. Disfrute de la facilidad de un traslado sin complicaciones, y perm\u00edtanos hacer de su viaje a Sorrento una parte inolvidable de su aventura italiana.<\/span><\/p>\n","protected":false},"excerpt":{"rendered":"<p><span style=\"font-weight: 400;\">Experimente el ep\u00edtome del lujo y la comodidad con nuestro Traslado Privado de Roma a Sorrento. Descubra la pintoresca campi\u00f1a italiana, el encanto de Sorrento y la facilidad de viajar con estilo. Nuestro servicio garantiza un viaje c\u00f3modo, eficiente y memorable desde la hist\u00f3rica ciudad de Roma hasta la pintoresca ciudad costera de Sorrento.<\/span><\/p>\n","protected":false},"featured_media":59261,"comment_status":"open","ping_status":"closed","template":"","meta":{"_acf_changed":false},"product_brand":[],"product_cat":[4145],"product_tag":[],"class_list":{"0":"post-130480","1":"product","2":"type-product","3":"status-publish","4":"has-post-thumbnail","6":"product_cat-sorrento-es","8":"first","9":"instock","10":"shipping-taxable","11":"purchasable","12":"product-type-simple"},"acf":[],"yoast_head":"<!-- This site is optimized with the Yoast SEO Premium plugin v25.3.1 (Yoast SEO v25.3.1) - https:\/\/yoast.com\/wordpress\/plugins\/seo\/ -->\n<title>\u27a1\ufe0f Traslado Privado Exclusivo de Roma a Sorrento | Tour Travel &amp; More<\/title>\n<meta name=\"description\" content=\"Viaje con estilo con nuestro Traslado Privado de Roma a Sorrento. Disfrute de la belleza esc\u00e9nica de Italia en veh\u00edculos de lujo con conductores profesionales \u2705\" \/>\n<meta name=\"robots\" content=\"index, follow, max-snippet:-1, max-image-preview:large, max-video-preview:-1\" \/>\n<link rel=\"canonical\" href=\"https:\/\/tourtravelandmore.com\/es\/tours\/italia-es\/sorrento-es\/traslado-privado-de-napoles-aeropuerto-estacion-a-sorrento-copy\/\" \/>\n<meta property=\"og:locale\" content=\"es_ES\" \/>\n<meta property=\"og:type\" content=\"article\" \/>\n<meta property=\"og:title\" content=\"Traslado Privado de Roma a Sorrento\" \/>\n<meta property=\"og:description\" content=\"Viaje con estilo con nuestro Traslado Privado de Roma a Sorrento. Disfrute de la belleza esc\u00e9nica de Italia en veh\u00edculos de lujo con conductores profesionales \u2705\" \/>\n<meta property=\"og:url\" content=\"https:\/\/tourtravelandmore.com\/es\/tours\/italia-es\/sorrento-es\/traslado-privado-de-napoles-aeropuerto-estacion-a-sorrento-copy\/\" \/>\n<meta property=\"og:site_name\" content=\"Tour Travel And More\" \/>\n<meta property=\"article:publisher\" content=\"https:\/\/www.facebook.com\/tourtravelandmore\/\" \/>\n<meta property=\"article:modified_time\" content=\"2024-02-04T15:55:28+00:00\" \/>\n<meta property=\"og:image\" content=\"https:\/\/tourtravelandmore.com\/wp-content\/uploads\/2016\/11\/Luxurycar.jpg\" \/>\n\t<meta property=\"og:image:width\" content=\"800\" \/>\n\t<meta property=\"og:image:height\" content=\"500\" \/>\n\t<meta property=\"og:image:type\" content=\"image\/jpeg\" \/>\n<meta name=\"twitter:card\" content=\"summary_large_image\" \/>\n<meta name=\"twitter:site\" content=\"@TourTravel_More\" \/>\n<meta name=\"twitter:label1\" content=\"Tiempo de lectura\" \/>\n\t<meta name=\"twitter:data1\" content=\"3 minutos\" \/>\n<script type=\"application\/ld+json\" class=\"yoast-schema-graph\">{\"@context\":\"https:\/\/schema.org\",\"@graph\":[{\"@type\":\"WebPage\",\"@id\":\"https:\/\/tourtravelandmore.com\/es\/tours\/italia-es\/sorrento-es\/traslado-privado-de-napoles-aeropuerto-estacion-a-sorrento-copy\/\",\"url\":\"https:\/\/tourtravelandmore.com\/es\/tours\/italia-es\/sorrento-es\/traslado-privado-de-napoles-aeropuerto-estacion-a-sorrento-copy\/\",\"name\":\"\u27a1\ufe0f Traslado Privado Exclusivo de Roma a Sorrento | Tour Travel & More\",\"isPartOf\":{\"@id\":\"https:\/\/tourtravelandmore.com\/es\/#website\"},\"primaryImageOfPage\":{\"@id\":\"https:\/\/tourtravelandmore.com\/es\/tours\/italia-es\/sorrento-es\/traslado-privado-de-napoles-aeropuerto-estacion-a-sorrento-copy\/#primaryimage\"},\"image\":{\"@id\":\"https:\/\/tourtravelandmore.com\/es\/tours\/italia-es\/sorrento-es\/traslado-privado-de-napoles-aeropuerto-estacion-a-sorrento-copy\/#primaryimage\"},\"thumbnailUrl\":\"https:\/\/tourtravelandmore.com\/wp-content\/uploads\/2016\/11\/Luxurycar.jpg\",\"datePublished\":\"2022-06-30T15:38:28+00:00\",\"dateModified\":\"2024-02-04T15:55:28+00:00\",\"description\":\"Viaje con estilo con nuestro Traslado Privado de Roma a Sorrento. Disfrute de la belleza esc\u00e9nica de Italia en veh\u00edculos de lujo con conductores profesionales \u2705\",\"breadcrumb\":{\"@id\":\"https:\/\/tourtravelandmore.com\/es\/tours\/italia-es\/sorrento-es\/traslado-privado-de-napoles-aeropuerto-estacion-a-sorrento-copy\/#breadcrumb\"},\"inLanguage\":\"es\",\"potentialAction\":[{\"@type\":\"ReadAction\",\"target\":[\"https:\/\/tourtravelandmore.com\/es\/tours\/italia-es\/sorrento-es\/traslado-privado-de-napoles-aeropuerto-estacion-a-sorrento-copy\/\"]}]},{\"@type\":\"ImageObject\",\"inLanguage\":\"es\",\"@id\":\"https:\/\/tourtravelandmore.com\/es\/tours\/italia-es\/sorrento-es\/traslado-privado-de-napoles-aeropuerto-estacion-a-sorrento-copy\/#primaryimage\",\"url\":\"https:\/\/tourtravelandmore.com\/wp-content\/uploads\/2016\/11\/Luxurycar.jpg\",\"contentUrl\":\"https:\/\/tourtravelandmore.com\/wp-content\/uploads\/2016\/11\/Luxurycar.jpg\",\"width\":800,\"height\":500},{\"@type\":\"BreadcrumbList\",\"@id\":\"https:\/\/tourtravelandmore.com\/es\/tours\/italia-es\/sorrento-es\/traslado-privado-de-napoles-aeropuerto-estacion-a-sorrento-copy\/#breadcrumb\",\"itemListElement\":[{\"@type\":\"ListItem\",\"position\":1,\"name\":\"Home\",\"item\":\"https:\/\/tourtravelandmore.com\/es\/\"},{\"@type\":\"ListItem\",\"position\":2,\"name\":\"Tours\",\"item\":\"https:\/\/tourtravelandmore.com\/es\/tours\/\"},{\"@type\":\"ListItem\",\"position\":3,\"name\":\"Traslado Privado de Roma a Sorrento\"}]},{\"@type\":\"WebSite\",\"@id\":\"https:\/\/tourtravelandmore.com\/es\/#website\",\"url\":\"https:\/\/tourtravelandmore.com\/es\/\",\"name\":\"Tour Travel And More\",\"description\":\"Private sightseeing tours and luxury transfers in Spain\",\"publisher\":{\"@id\":\"https:\/\/tourtravelandmore.com\/es\/#organization\"},\"potentialAction\":[{\"@type\":\"SearchAction\",\"target\":{\"@type\":\"EntryPoint\",\"urlTemplate\":\"https:\/\/tourtravelandmore.com\/es\/?s={search_term_string}\"},\"query-input\":{\"@type\":\"PropertyValueSpecification\",\"valueRequired\":true,\"valueName\":\"search_term_string\"}}],\"inLanguage\":\"es\"},{\"@type\":\"Organization\",\"@id\":\"https:\/\/tourtravelandmore.com\/es\/#organization\",\"name\":\"Tour Travel And More\",\"url\":\"https:\/\/tourtravelandmore.com\/es\/\",\"logo\":{\"@type\":\"ImageObject\",\"inLanguage\":\"es\",\"@id\":\"https:\/\/tourtravelandmore.com\/es\/#\/schema\/logo\/image\/\",\"url\":\"https:\/\/tourtravelandmore.com\/wp-content\/uploads\/2022\/12\/cropped-logo-cabecera-new.png\",\"contentUrl\":\"https:\/\/tourtravelandmore.com\/wp-content\/uploads\/2022\/12\/cropped-logo-cabecera-new.png\",\"width\":430,\"height\":61,\"caption\":\"Tour Travel And More\"},\"image\":{\"@id\":\"https:\/\/tourtravelandmore.com\/es\/#\/schema\/logo\/image\/\"},\"sameAs\":[\"https:\/\/www.facebook.com\/tourtravelandmore\/\",\"https:\/\/x.com\/TourTravel_More\"]}]}<\/script>\n<!-- \/ Yoast SEO Premium plugin. -->","yoast_head_json":{"title":"\u27a1\ufe0f Traslado Privado Exclusivo de Roma a Sorrento | Tour Travel & More","description":"Viaje con estilo con nuestro Traslado Privado de Roma a Sorrento. Disfrute de la belleza esc\u00e9nica de Italia en veh\u00edculos de lujo con conductores profesionales \u2705","robots":{"index":"index","follow":"follow","max-snippet":"max-snippet:-1","max-image-preview":"max-image-preview:large","max-video-preview":"max-video-preview:-1"},"canonical":"https:\/\/tourtravelandmore.com\/es\/tours\/italia-es\/sorrento-es\/traslado-privado-de-napoles-aeropuerto-estacion-a-sorrento-copy\/","og_locale":"es_ES","og_type":"article","og_title":"Traslado Privado de Roma a Sorrento","og_description":"Viaje con estilo con nuestro Traslado Privado de Roma a Sorrento. Disfrute de la belleza esc\u00e9nica de Italia en veh\u00edculos de lujo con conductores profesionales \u2705","og_url":"https:\/\/tourtravelandmore.com\/es\/tours\/italia-es\/sorrento-es\/traslado-privado-de-napoles-aeropuerto-estacion-a-sorrento-copy\/","og_site_name":"Tour Travel And More","article_publisher":"https:\/\/www.facebook.com\/tourtravelandmore\/","article_modified_time":"2024-02-04T15:55:28+00:00","og_image":[{"width":800,"height":500,"url":"https:\/\/tourtravelandmore.com\/wp-content\/uploads\/2016\/11\/Luxurycar.jpg","type":"image\/jpeg"}],"twitter_card":"summary_large_image","twitter_site":"@TourTravel_More","twitter_misc":{"Tiempo de lectura":"3 minutos"},"schema":{"@context":"https:\/\/schema.org","@graph":[{"@type":"WebPage","@id":"https:\/\/tourtravelandmore.com\/es\/tours\/italia-es\/sorrento-es\/traslado-privado-de-napoles-aeropuerto-estacion-a-sorrento-copy\/","url":"https:\/\/tourtravelandmore.com\/es\/tours\/italia-es\/sorrento-es\/traslado-privado-de-napoles-aeropuerto-estacion-a-sorrento-copy\/","name":"\u27a1\ufe0f Traslado Privado Exclusivo de Roma a Sorrento | Tour Travel & More","isPartOf":{"@id":"https:\/\/tourtravelandmore.com\/es\/#website"},"primaryImageOfPage":{"@id":"https:\/\/tourtravelandmore.com\/es\/tours\/italia-es\/sorrento-es\/traslado-privado-de-napoles-aeropuerto-estacion-a-sorrento-copy\/#primaryimage"},"image":{"@id":"https:\/\/tourtravelandmore.com\/es\/tours\/italia-es\/sorrento-es\/traslado-privado-de-napoles-aeropuerto-estacion-a-sorrento-copy\/#primaryimage"},"thumbnailUrl":"https:\/\/tourtravelandmore.com\/wp-content\/uploads\/2016\/11\/Luxurycar.jpg","datePublished":"2022-06-30T15:38:28+00:00","dateModified":"2024-02-04T15:55:28+00:00","description":"Viaje con estilo con nuestro Traslado Privado de Roma a Sorrento. Disfrute de la belleza esc\u00e9nica de Italia en veh\u00edculos de lujo con conductores profesionales \u2705","breadcrumb":{"@id":"https:\/\/tourtravelandmore.com\/es\/tours\/italia-es\/sorrento-es\/traslado-privado-de-napoles-aeropuerto-estacion-a-sorrento-copy\/#breadcrumb"},"inLanguage":"es","potentialAction":[{"@type":"ReadAction","target":["https:\/\/tourtravelandmore.com\/es\/tours\/italia-es\/sorrento-es\/traslado-privado-de-napoles-aeropuerto-estacion-a-sorrento-copy\/"]}]},{"@type":"ImageObject","inLanguage":"es","@id":"https:\/\/tourtravelandmore.com\/es\/tours\/italia-es\/sorrento-es\/traslado-privado-de-napoles-aeropuerto-estacion-a-sorrento-copy\/#primaryimage","url":"https:\/\/tourtravelandmore.com\/wp-content\/uploads\/2016\/11\/Luxurycar.jpg","contentUrl":"https:\/\/tourtravelandmore.com\/wp-content\/uploads\/2016\/11\/Luxurycar.jpg","width":800,"height":500},{"@type":"BreadcrumbList","@id":"https:\/\/tourtravelandmore.com\/es\/tours\/italia-es\/sorrento-es\/traslado-privado-de-napoles-aeropuerto-estacion-a-sorrento-copy\/#breadcrumb","itemListElement":[{"@type":"ListItem","position":1,"name":"Home","item":"https:\/\/tourtravelandmore.com\/es\/"},{"@type":"ListItem","position":2,"name":"Tours","item":"https:\/\/tourtravelandmore.com\/es\/tours\/"},{"@type":"ListItem","position":3,"name":"Traslado Privado de Roma a Sorrento"}]},{"@type":"WebSite","@id":"https:\/\/tourtravelandmore.com\/es\/#website","url":"https:\/\/tourtravelandmore.com\/es\/","name":"Tour Travel And More","description":"Private sightseeing tours and luxury transfers in Spain","publisher":{"@id":"https:\/\/tourtravelandmore.com\/es\/#organization"},"potentialAction":[{"@type":"SearchAction","target":{"@type":"EntryPoint","urlTemplate":"https:\/\/tourtravelandmore.com\/es\/?s={search_term_string}"},"query-input":{"@type":"PropertyValueSpecification","valueRequired":true,"valueName":"search_term_string"}}],"inLanguage":"es"},{"@type":"Organization","@id":"https:\/\/tourtravelandmore.com\/es\/#organization","name":"Tour Travel And More","url":"https:\/\/tourtravelandmore.com\/es\/","logo":{"@type":"ImageObject","inLanguage":"es","@id":"https:\/\/tourtravelandmore.com\/es\/#\/schema\/logo\/image\/","url":"https:\/\/tourtravelandmore.com\/wp-content\/uploads\/2022\/12\/cropped-logo-cabecera-new.png","contentUrl":"https:\/\/tourtravelandmore.com\/wp-content\/uploads\/2022\/12\/cropped-logo-cabecera-new.png","width":430,"height":61,"caption":"Tour Travel And More"},"image":{"@id":"https:\/\/tourtravelandmore.com\/es\/#\/schema\/logo\/image\/"},"sameAs":["https:\/\/www.facebook.com\/tourtravelandmore\/","https:\/\/x.com\/TourTravel_More"]}]}},"_links":{"self":[{"href":"https:\/\/tourtravelandmore.com\/es\/wp-json\/wp\/v2\/product\/130480","targetHints":{"allow":["GET"]}}],"collection":[{"href":"https:\/\/tourtravelandmore.com\/es\/wp-json\/wp\/v2\/product"}],"about":[{"href":"https:\/\/tourtravelandmore.com\/es\/wp-json\/wp\/v2\/types\/product"}],"replies":[{"embeddable":true,"href":"https:\/\/tourtravelandmore.com\/es\/wp-json\/wp\/v2\/comments?post=130480"}],"wp:featuredmedia":[{"embeddable":true,"href":"https:\/\/tourtravelandmore.com\/es\/wp-json\/wp\/v2\/media\/59261"}],"wp:attachment":[{"href":"https:\/\/tourtravelandmore.com\/es\/wp-json\/wp\/v2\/media?parent=130480"}],"wp:term":[{"taxonomy":"product_brand","embeddable":true,"href":"https:\/\/tourtravelandmore.com\/es\/wp-json\/wp\/v2\/product_brand?post=130480"},{"taxonomy":"product_cat","embeddable":true,"href":"https:\/\/tourtravelandmore.com\/es\/wp-json\/wp\/v2\/product_cat?post=130480"},{"taxonomy":"product_tag","embeddable":true,"href":"https:\/\/tourtravelandmore.com\/es\/wp-json\/wp\/v2\/product_tag?post=130480"}],"curies":[{"name":"wp","href":"https:\/\/api.w.org\/{rel}","templated":true}]}}