{"id":130348,"date":"2022-06-29T19:06:33","date_gmt":"2022-06-29T17:06:34","guid":{"rendered":"https:\/\/tourtravelandmore.com\/?post_type=product&#038;p=130348"},"modified":"2024-03-10T17:14:43","modified_gmt":"2024-03-10T16:14:43","slug":"tour-privado-a-pie-de-sorrento-de-2-horas","status":"publish","type":"product","link":"https:\/\/tourtravelandmore.com\/es\/tours\/italia-es\/sorrento-es\/todos-los-tours-y-actividades-privadas\/tour-privado-a-pie-de-sorrento-de-2-horas\/","title":{"rendered":"Tour privado a pie de Sorrento de 2 horas"},"content":{"rendered":"<h2><b>Descubra el Encanto de Sorrento &#8211; Tour Privado a Pie de 2 Horas | Descripci\u00f3n<\/b><\/h2>\n<p><span style=\"font-weight: 400;\">Prep\u00e1rese para un encantador viaje a trav\u00e9s de las pintorescas calles de Sorrento con nuestro Tour Privado a Pie de 2 Horas. Conducido por su experto gu\u00eda privado, se adentrar\u00e1 en la cautivadora historia, cultura y delicias culinarias de esta magn\u00edfica ciudad mientras disfruta de un tranquilo paseo.<\/span><\/p>\n<p><span style=\"font-weight: 400;\">Su aventura comienza con un punto de encuentro en el centro de Sorrento, donde su gu\u00eda experto le dar\u00e1 la bienvenida y le guiar\u00e1 en una fascinante exploraci\u00f3n de los lugares m\u00e1s emblem\u00e1ticos de Sorrento. Mientras recorre las encantadoras calles de la ciudad, conocer\u00e1 a fondo el rico patrimonio y el vibrante ambiente de Sorrento.<\/span><\/p>\n<p><span style=\"font-weight: 400;\">Esta inmersiva excursi\u00f3n tambi\u00e9n ofrece deliciosas degustaciones de comida y vino locales, mejorando su experiencia mientras saborea los sabores de Sorrento. No pierda la oportunidad de reservar este inolvidable viaje por una de las ciudades m\u00e1s cautivadoras de Italia.<\/span><\/p>\n<p><span style=\"font-weight: 400;\">Descubra los secretos de Sorrento mientras serpentea por sus callejuelas empedradas, revelando a cada paso las joyas ocultas de la ciudad. Su gu\u00eda experto le deleitar\u00e1 con an\u00e9cdotas fascinantes, desde antiguas leyendas hasta cuentos modernos, haciendo que la historia cobre vida ante sus ojos.<\/span><\/p>\n<p><span style=\"font-weight: 400;\">Este recorrido privado a pie de 2 horas est\u00e1 dise\u00f1ado para ser una experiencia pausada y envolvente, que le permitir\u00e1 absorber la esencia de la ciudad a su propio ritmo. Capture la belleza de Sorrento con fotograf\u00edas que evocar\u00e1n para siempre los recuerdos de este encantador viaje.<\/span><\/p>\n<h2><b>Descubra el encanto de Sorrento &#8211; Recorrido privado a pie de 2 horas | Lo m\u00e1s destacado<\/b><\/h2>\n<p><span style=\"font-weight: 400;\">Emb\u00e1rquese en una enriquecedora aventura guiada por un experto local, que le desvelar\u00e1 los secretos y las historias de los lugares y monumentos m\u00e1s emblem\u00e1ticos de Sorrento. Aunque el recorrido se puede personalizar seg\u00fan sus preferencias, estos son algunos de los lugares encantadores que podr\u00e1 encontrar:<\/span><\/p>\n<ul>\n<li style=\"font-weight: 400;\" aria-level=\"1\"><b><a href=\"https:\/\/es.wikipedia.org\/wiki\/Torquato_Tasso\">Plaza Tasso (Piazza Tasso)<\/a>: <\/b><span style=\"font-weight: 400;\">Su viaje comienza en el coraz\u00f3n de Sorrento, en la emblem\u00e1tica Plaza Tasso. Esta bulliciosa plaza, que lleva el nombre del famoso poeta Torquato Tasso, es un centro de actividad e historia, donde convergen lugare\u00f1os y visitantes.<\/span><\/li>\n<li style=\"font-weight: 400;\" aria-level=\"1\"><b>Bas\u00edlica de San Antonio Abad:<\/b><span style=\"font-weight: 400;\"> Explore la maravilla arquitect\u00f3nica que es la Bas\u00edlica de San Antonio Abad. Al entrar, quedar\u00e1 cautivado por la grandeza y la belleza sagrada que definen este hist\u00f3rico lugar de culto.<\/span><\/li>\n<li style=\"font-weight: 400;\" aria-level=\"1\"><b>Convento de San Francisco:<\/b><span style=\"font-weight: 400;\"> Viaje al Convento de San Francisco, un oasis de tranquilidad en medio del bullicio de la ciudad. Descubra el significado espiritual y la elegancia arquitect\u00f3nica de este santuario oculto.<\/span><\/li>\n<li style=\"font-weight: 400;\" aria-level=\"1\"><b>Puerto Marina Grande:<\/b><span style=\"font-weight: 400;\"> Disfrute del esplendor esc\u00e9nico del Puerto Marina Grande, el encantador pueblo pesquero de Sorrento. Del\u00e9itese con las pintorescas vistas de las coloridas embarcaciones que se mecen en las cristalinas aguas del mar Tirreno.<\/span><\/li>\n<li style=\"font-weight: 400;\" aria-level=\"1\"><b>Playa de Marina Piccola:<\/b><span style=\"font-weight: 400;\"> Como parte de su aventura en Sorrento, tambi\u00e9n tendr\u00e1 la oportunidad de explorar la playa de Marina Piccola. Enclavada bajo imponentes acantilados, esta playa id\u00edlica ofrece una escapada serena e impresionantes vistas de la costa. Sienta la brisa mediterr\u00e1nea en su piel y sum\u00e9rjase en la belleza del mar.<\/span><\/li>\n<li style=\"font-weight: 400;\" aria-level=\"1\"><b>Limoneros:<\/b><span style=\"font-weight: 400;\"> Sorrento es famosa por sus exquisitos limones, y tendr\u00e1 la oportunidad de pasear por fragantes limonares durante su excursi\u00f3n. Aprenda sobre la importancia de los limones en la cultura de Sorrento y pruebe algunas delicias a base de lim\u00f3n.<\/span><\/li>\n<li style=\"font-weight: 400;\" aria-level=\"1\"><b>Artesanos locales: <\/b><span style=\"font-weight: 400;\">Por el camino, encontrar\u00e1 artesanos locales que contribuyen a la vibrante escena artesanal de Sorrento. Explore sus tiendas y sea testigo de la artesan\u00eda tradicional, desde el intrincado trabajo en madera hasta la exquisita cer\u00e1mica.<\/span><\/li>\n<li style=\"font-weight: 400;\" aria-level=\"1\"><b>Puesta de sol en Sorrento:<\/b><span style=\"font-weight: 400;\"> Dependiendo del horario de su excursi\u00f3n, puede concluir su experiencia en Sorrento con una impresionante puesta de sol. Observe c\u00f3mo el sol se oculta en el horizonte, proyectando un c\u00e1lido resplandor dorado sobre esta encantadora ciudad, que le dejar\u00e1 recuerdos inolvidables.<\/span><\/li>\n<\/ul>\n<p><span style=\"font-weight: 400;\">Una vez completado este enriquecedor recorrido, podr\u00e1 seguir explorando la cautivadora ciudad de Sorrento a su propio ritmo. Sin embargo, le invitamos a explorar nuestros tours privados en<\/span><a href=\"https:\/\/tourtravelandmore.com\/es\/ciudad\/italia-es\/napoles-pompeya-es\/\"><span style=\"font-weight: 400;\"> Sorrento para una experiencia personalizada e inolvidable adaptada a sus preferencias.<\/span><\/a><\/p>\n","protected":false},"excerpt":{"rendered":"<p><span style=\"font-weight: 400;\">Descubra el encantador encanto de Sorrento a trav\u00e9s de un recorrido privado a pie de 2 horas guiado por un experto local. Ad\u00e9ntrese en la historia, la cultura y las delicias culinarias de la ciudad mientras explora lugares emblem\u00e1ticos y degusta los sabores locales. No se pierda esta oportunidad de experimentar la esencia del encanto de Sorrento.<\/span><\/p>\n","protected":false},"featured_media":130377,"comment_status":"open","ping_status":"closed","template":"","meta":{"_acf_changed":false},"product_brand":[],"product_cat":[4906,1608,4145,4147,4146,4148],"product_tag":[],"class_list":{"0":"post-130348","1":"product","2":"type-product","3":"status-publish","4":"has-post-thumbnail","6":"product_cat-visitas-privadas-a-pie-es-3","7":"product_cat-italia-es","8":"product_cat-sorrento-es","9":"product_cat-excursiones-privadas-en-tierra","10":"product_cat-todos-los-tours-y-actividades-privadas","11":"product_cat-visitas-turisticas-privadas","13":"first","14":"instock","15":"shipping-taxable","16":"purchasable","17":"product-type-simple"},"acf":[],"yoast_head":"<!-- This site is optimized with the Yoast SEO Premium plugin v25.3.1 (Yoast SEO v25.3.1) - https:\/\/yoast.com\/wordpress\/plugins\/seo\/ -->\n<title>\u27a1\ufe0f Descubra el encanto de Sorrento - Tour privado a pie de 2 horas<\/title>\n<meta name=\"description\" content=\"Sum\u00e9rjase en la historia y la cultura de Sorrento en un recorrido privado a pie de 2 horas dirigido por un gu\u00eda experto. Explore lugares emblem\u00e1ticos.\" \/>\n<meta name=\"robots\" content=\"index, follow, max-snippet:-1, max-image-preview:large, max-video-preview:-1\" \/>\n<link rel=\"canonical\" href=\"https:\/\/tourtravelandmore.com\/es\/tours\/italia-es\/sorrento-es\/todos-los-tours-y-actividades-privadas\/tour-privado-a-pie-de-sorrento-de-2-horas\/\" \/>\n<meta property=\"og:locale\" content=\"es_ES\" \/>\n<meta property=\"og:type\" content=\"article\" \/>\n<meta property=\"og:title\" content=\"Tour privado a pie de Sorrento de 2 horas\" \/>\n<meta property=\"og:description\" content=\"Sum\u00e9rjase en la historia y la cultura de Sorrento en un recorrido privado a pie de 2 horas dirigido por un gu\u00eda experto. Explore lugares emblem\u00e1ticos.\" \/>\n<meta property=\"og:url\" content=\"https:\/\/tourtravelandmore.com\/es\/tours\/italia-es\/sorrento-es\/todos-los-tours-y-actividades-privadas\/tour-privado-a-pie-de-sorrento-de-2-horas\/\" \/>\n<meta property=\"og:site_name\" content=\"Tour Travel And More\" \/>\n<meta property=\"article:publisher\" content=\"https:\/\/www.facebook.com\/tourtravelandmore\/\" \/>\n<meta property=\"article:modified_time\" content=\"2024-03-10T16:14:43+00:00\" \/>\n<meta property=\"og:image\" content=\"https:\/\/tourtravelandmore.com\/wp-content\/uploads\/2022\/06\/image1-15.jpg\" \/>\n\t<meta property=\"og:image:width\" content=\"900\" \/>\n\t<meta property=\"og:image:height\" content=\"700\" \/>\n\t<meta property=\"og:image:type\" content=\"image\/jpeg\" \/>\n<meta name=\"twitter:card\" content=\"summary_large_image\" \/>\n<meta name=\"twitter:site\" content=\"@TourTravel_More\" \/>\n<meta name=\"twitter:label1\" content=\"Tiempo de lectura\" \/>\n\t<meta name=\"twitter:data1\" content=\"4 minutos\" \/>\n<script type=\"application\/ld+json\" class=\"yoast-schema-graph\">{\"@context\":\"https:\/\/schema.org\",\"@graph\":[{\"@type\":\"WebPage\",\"@id\":\"https:\/\/tourtravelandmore.com\/es\/tours\/italia-es\/sorrento-es\/todos-los-tours-y-actividades-privadas\/tour-privado-a-pie-de-sorrento-de-2-horas\/\",\"url\":\"https:\/\/tourtravelandmore.com\/es\/tours\/italia-es\/sorrento-es\/todos-los-tours-y-actividades-privadas\/tour-privado-a-pie-de-sorrento-de-2-horas\/\",\"name\":\"\u27a1\ufe0f Descubra el encanto de Sorrento - Tour privado a pie de 2 horas\",\"isPartOf\":{\"@id\":\"https:\/\/tourtravelandmore.com\/es\/#website\"},\"primaryImageOfPage\":{\"@id\":\"https:\/\/tourtravelandmore.com\/es\/tours\/italia-es\/sorrento-es\/todos-los-tours-y-actividades-privadas\/tour-privado-a-pie-de-sorrento-de-2-horas\/#primaryimage\"},\"image\":{\"@id\":\"https:\/\/tourtravelandmore.com\/es\/tours\/italia-es\/sorrento-es\/todos-los-tours-y-actividades-privadas\/tour-privado-a-pie-de-sorrento-de-2-horas\/#primaryimage\"},\"thumbnailUrl\":\"https:\/\/tourtravelandmore.com\/wp-content\/uploads\/2022\/06\/image1-15.jpg\",\"datePublished\":\"2022-06-29T17:06:34+00:00\",\"dateModified\":\"2024-03-10T16:14:43+00:00\",\"description\":\"Sum\u00e9rjase en la historia y la cultura de Sorrento en un recorrido privado a pie de 2 horas dirigido por un gu\u00eda experto. Explore lugares emblem\u00e1ticos.\",\"breadcrumb\":{\"@id\":\"https:\/\/tourtravelandmore.com\/es\/tours\/italia-es\/sorrento-es\/todos-los-tours-y-actividades-privadas\/tour-privado-a-pie-de-sorrento-de-2-horas\/#breadcrumb\"},\"inLanguage\":\"es\",\"potentialAction\":[{\"@type\":\"ReadAction\",\"target\":[\"https:\/\/tourtravelandmore.com\/es\/tours\/italia-es\/sorrento-es\/todos-los-tours-y-actividades-privadas\/tour-privado-a-pie-de-sorrento-de-2-horas\/\"]}]},{\"@type\":\"ImageObject\",\"inLanguage\":\"es\",\"@id\":\"https:\/\/tourtravelandmore.com\/es\/tours\/italia-es\/sorrento-es\/todos-los-tours-y-actividades-privadas\/tour-privado-a-pie-de-sorrento-de-2-horas\/#primaryimage\",\"url\":\"https:\/\/tourtravelandmore.com\/wp-content\/uploads\/2022\/06\/image1-15.jpg\",\"contentUrl\":\"https:\/\/tourtravelandmore.com\/wp-content\/uploads\/2022\/06\/image1-15.jpg\",\"width\":900,\"height\":700},{\"@type\":\"BreadcrumbList\",\"@id\":\"https:\/\/tourtravelandmore.com\/es\/tours\/italia-es\/sorrento-es\/todos-los-tours-y-actividades-privadas\/tour-privado-a-pie-de-sorrento-de-2-horas\/#breadcrumb\",\"itemListElement\":[{\"@type\":\"ListItem\",\"position\":1,\"name\":\"Home\",\"item\":\"https:\/\/tourtravelandmore.com\/es\/\"},{\"@type\":\"ListItem\",\"position\":2,\"name\":\"Tours\",\"item\":\"https:\/\/tourtravelandmore.com\/es\/tours\/\"},{\"@type\":\"ListItem\",\"position\":3,\"name\":\"Tour privado a pie de Sorrento de 2 horas\"}]},{\"@type\":\"WebSite\",\"@id\":\"https:\/\/tourtravelandmore.com\/es\/#website\",\"url\":\"https:\/\/tourtravelandmore.com\/es\/\",\"name\":\"Tour Travel And More\",\"description\":\"Private sightseeing tours and luxury transfers in Spain\",\"publisher\":{\"@id\":\"https:\/\/tourtravelandmore.com\/es\/#organization\"},\"potentialAction\":[{\"@type\":\"SearchAction\",\"target\":{\"@type\":\"EntryPoint\",\"urlTemplate\":\"https:\/\/tourtravelandmore.com\/es\/?s={search_term_string}\"},\"query-input\":{\"@type\":\"PropertyValueSpecification\",\"valueRequired\":true,\"valueName\":\"search_term_string\"}}],\"inLanguage\":\"es\"},{\"@type\":\"Organization\",\"@id\":\"https:\/\/tourtravelandmore.com\/es\/#organization\",\"name\":\"Tour Travel And More\",\"url\":\"https:\/\/tourtravelandmore.com\/es\/\",\"logo\":{\"@type\":\"ImageObject\",\"inLanguage\":\"es\",\"@id\":\"https:\/\/tourtravelandmore.com\/es\/#\/schema\/logo\/image\/\",\"url\":\"https:\/\/tourtravelandmore.com\/wp-content\/uploads\/2022\/12\/cropped-logo-cabecera-new.png\",\"contentUrl\":\"https:\/\/tourtravelandmore.com\/wp-content\/uploads\/2022\/12\/cropped-logo-cabecera-new.png\",\"width\":430,\"height\":61,\"caption\":\"Tour Travel And More\"},\"image\":{\"@id\":\"https:\/\/tourtravelandmore.com\/es\/#\/schema\/logo\/image\/\"},\"sameAs\":[\"https:\/\/www.facebook.com\/tourtravelandmore\/\",\"https:\/\/x.com\/TourTravel_More\"]}]}<\/script>\n<!-- \/ Yoast SEO Premium plugin. -->","yoast_head_json":{"title":"\u27a1\ufe0f Descubra el encanto de Sorrento - Tour privado a pie de 2 horas","description":"Sum\u00e9rjase en la historia y la cultura de Sorrento en un recorrido privado a pie de 2 horas dirigido por un gu\u00eda experto. Explore lugares emblem\u00e1ticos.","robots":{"index":"index","follow":"follow","max-snippet":"max-snippet:-1","max-image-preview":"max-image-preview:large","max-video-preview":"max-video-preview:-1"},"canonical":"https:\/\/tourtravelandmore.com\/es\/tours\/italia-es\/sorrento-es\/todos-los-tours-y-actividades-privadas\/tour-privado-a-pie-de-sorrento-de-2-horas\/","og_locale":"es_ES","og_type":"article","og_title":"Tour privado a pie de Sorrento de 2 horas","og_description":"Sum\u00e9rjase en la historia y la cultura de Sorrento en un recorrido privado a pie de 2 horas dirigido por un gu\u00eda experto. Explore lugares emblem\u00e1ticos.","og_url":"https:\/\/tourtravelandmore.com\/es\/tours\/italia-es\/sorrento-es\/todos-los-tours-y-actividades-privadas\/tour-privado-a-pie-de-sorrento-de-2-horas\/","og_site_name":"Tour Travel And More","article_publisher":"https:\/\/www.facebook.com\/tourtravelandmore\/","article_modified_time":"2024-03-10T16:14:43+00:00","og_image":[{"width":900,"height":700,"url":"https:\/\/tourtravelandmore.com\/wp-content\/uploads\/2022\/06\/image1-15.jpg","type":"image\/jpeg"}],"twitter_card":"summary_large_image","twitter_site":"@TourTravel_More","twitter_misc":{"Tiempo de lectura":"4 minutos"},"schema":{"@context":"https:\/\/schema.org","@graph":[{"@type":"WebPage","@id":"https:\/\/tourtravelandmore.com\/es\/tours\/italia-es\/sorrento-es\/todos-los-tours-y-actividades-privadas\/tour-privado-a-pie-de-sorrento-de-2-horas\/","url":"https:\/\/tourtravelandmore.com\/es\/tours\/italia-es\/sorrento-es\/todos-los-tours-y-actividades-privadas\/tour-privado-a-pie-de-sorrento-de-2-horas\/","name":"\u27a1\ufe0f Descubra el encanto de Sorrento - Tour privado a pie de 2 horas","isPartOf":{"@id":"https:\/\/tourtravelandmore.com\/es\/#website"},"primaryImageOfPage":{"@id":"https:\/\/tourtravelandmore.com\/es\/tours\/italia-es\/sorrento-es\/todos-los-tours-y-actividades-privadas\/tour-privado-a-pie-de-sorrento-de-2-horas\/#primaryimage"},"image":{"@id":"https:\/\/tourtravelandmore.com\/es\/tours\/italia-es\/sorrento-es\/todos-los-tours-y-actividades-privadas\/tour-privado-a-pie-de-sorrento-de-2-horas\/#primaryimage"},"thumbnailUrl":"https:\/\/tourtravelandmore.com\/wp-content\/uploads\/2022\/06\/image1-15.jpg","datePublished":"2022-06-29T17:06:34+00:00","dateModified":"2024-03-10T16:14:43+00:00","description":"Sum\u00e9rjase en la historia y la cultura de Sorrento en un recorrido privado a pie de 2 horas dirigido por un gu\u00eda experto. Explore lugares emblem\u00e1ticos.","breadcrumb":{"@id":"https:\/\/tourtravelandmore.com\/es\/tours\/italia-es\/sorrento-es\/todos-los-tours-y-actividades-privadas\/tour-privado-a-pie-de-sorrento-de-2-horas\/#breadcrumb"},"inLanguage":"es","potentialAction":[{"@type":"ReadAction","target":["https:\/\/tourtravelandmore.com\/es\/tours\/italia-es\/sorrento-es\/todos-los-tours-y-actividades-privadas\/tour-privado-a-pie-de-sorrento-de-2-horas\/"]}]},{"@type":"ImageObject","inLanguage":"es","@id":"https:\/\/tourtravelandmore.com\/es\/tours\/italia-es\/sorrento-es\/todos-los-tours-y-actividades-privadas\/tour-privado-a-pie-de-sorrento-de-2-horas\/#primaryimage","url":"https:\/\/tourtravelandmore.com\/wp-content\/uploads\/2022\/06\/image1-15.jpg","contentUrl":"https:\/\/tourtravelandmore.com\/wp-content\/uploads\/2022\/06\/image1-15.jpg","width":900,"height":700},{"@type":"BreadcrumbList","@id":"https:\/\/tourtravelandmore.com\/es\/tours\/italia-es\/sorrento-es\/todos-los-tours-y-actividades-privadas\/tour-privado-a-pie-de-sorrento-de-2-horas\/#breadcrumb","itemListElement":[{"@type":"ListItem","position":1,"name":"Home","item":"https:\/\/tourtravelandmore.com\/es\/"},{"@type":"ListItem","position":2,"name":"Tours","item":"https:\/\/tourtravelandmore.com\/es\/tours\/"},{"@type":"ListItem","position":3,"name":"Tour privado a pie de Sorrento de 2 horas"}]},{"@type":"WebSite","@id":"https:\/\/tourtravelandmore.com\/es\/#website","url":"https:\/\/tourtravelandmore.com\/es\/","name":"Tour Travel And More","description":"Private sightseeing tours and luxury transfers in Spain","publisher":{"@id":"https:\/\/tourtravelandmore.com\/es\/#organization"},"potentialAction":[{"@type":"SearchAction","target":{"@type":"EntryPoint","urlTemplate":"https:\/\/tourtravelandmore.com\/es\/?s={search_term_string}"},"query-input":{"@type":"PropertyValueSpecification","valueRequired":true,"valueName":"search_term_string"}}],"inLanguage":"es"},{"@type":"Organization","@id":"https:\/\/tourtravelandmore.com\/es\/#organization","name":"Tour Travel And More","url":"https:\/\/tourtravelandmore.com\/es\/","logo":{"@type":"ImageObject","inLanguage":"es","@id":"https:\/\/tourtravelandmore.com\/es\/#\/schema\/logo\/image\/","url":"https:\/\/tourtravelandmore.com\/wp-content\/uploads\/2022\/12\/cropped-logo-cabecera-new.png","contentUrl":"https:\/\/tourtravelandmore.com\/wp-content\/uploads\/2022\/12\/cropped-logo-cabecera-new.png","width":430,"height":61,"caption":"Tour Travel And More"},"image":{"@id":"https:\/\/tourtravelandmore.com\/es\/#\/schema\/logo\/image\/"},"sameAs":["https:\/\/www.facebook.com\/tourtravelandmore\/","https:\/\/x.com\/TourTravel_More"]}]}},"_links":{"self":[{"href":"https:\/\/tourtravelandmore.com\/es\/wp-json\/wp\/v2\/product\/130348","targetHints":{"allow":["GET"]}}],"collection":[{"href":"https:\/\/tourtravelandmore.com\/es\/wp-json\/wp\/v2\/product"}],"about":[{"href":"https:\/\/tourtravelandmore.com\/es\/wp-json\/wp\/v2\/types\/product"}],"replies":[{"embeddable":true,"href":"https:\/\/tourtravelandmore.com\/es\/wp-json\/wp\/v2\/comments?post=130348"}],"wp:featuredmedia":[{"embeddable":true,"href":"https:\/\/tourtravelandmore.com\/es\/wp-json\/wp\/v2\/media\/130377"}],"wp:attachment":[{"href":"https:\/\/tourtravelandmore.com\/es\/wp-json\/wp\/v2\/media?parent=130348"}],"wp:term":[{"taxonomy":"product_brand","embeddable":true,"href":"https:\/\/tourtravelandmore.com\/es\/wp-json\/wp\/v2\/product_brand?post=130348"},{"taxonomy":"product_cat","embeddable":true,"href":"https:\/\/tourtravelandmore.com\/es\/wp-json\/wp\/v2\/product_cat?post=130348"},{"taxonomy":"product_tag","embeddable":true,"href":"https:\/\/tourtravelandmore.com\/es\/wp-json\/wp\/v2\/product_tag?post=130348"}],"curies":[{"name":"wp","href":"https:\/\/api.w.org\/{rel}","templated":true}]}}