{"id":130304,"date":"2022-06-29T18:48:13","date_gmt":"2022-06-29T16:48:13","guid":{"rendered":"https:\/\/tourtravelandmore.com\/?post_type=product&#038;p=130304"},"modified":"2025-02-24T14:34:39","modified_gmt":"2025-02-24T13:34:39","slug":"tour-privado-a-napoles-desde-sorrento","status":"publish","type":"product","link":"https:\/\/tourtravelandmore.com\/es\/tours\/italia-es\/sorrento-es\/todos-los-tours-y-actividades-privadas\/tour-privado-a-napoles-desde-sorrento\/","title":{"rendered":"Tour privado a N\u00e1poles desde Sorrento"},"content":{"rendered":"<h2><b>Descripci\u00f3n de la Excursi\u00f3n Privada a N\u00e1poles desde Sorrento:<\/b><\/h2>\n<p><span style=\"font-weight: 400;\">Emb\u00e1rquese en una excursi\u00f3n privada personalizable de d\u00eda completo desde Sorrento a la hist\u00f3rica ciudad de N\u00e1poles. Su viaje comienza con un pintoresco recorrido por la Costa Amalfitana, que le llevar\u00e1 al coraz\u00f3n de N\u00e1poles, donde la cultura y la historia cobran vida. Explore los lugares m\u00e1s emblem\u00e1ticos de la ciudad, como la Piazza del Plebiscito, el Palacio Real y la \u00d3pera de San Carlo. Descubra las maravillas de la Capilla de Sansevero, hogar del enigm\u00e1tico Cristo Velado. Experimente el rico tapiz de la vida napolitana, sus vibrantes calles y sus delicias culinarias. Con su gu\u00eda personal y un transporte de lujo, ad\u00e9ntrese en la profundidad de la importancia cultural e hist\u00f3rica de N\u00e1poles, adaptada a sus intereses.<\/span><\/p>\n<p><span style=\"font-weight: 400;\">Esta visita privada ofrece un encuentro \u00edntimo con la historia de N\u00e1poles, desde sus antiguas ra\u00edces hasta su encanto actual. Avent\u00farese bajo tierra para explorar las maravillas subterr\u00e1neas de N\u00e1poles, que revelan un mundo oculto bajo las calles de la ciudad. La Galer\u00eda Borb\u00f3nica y las Catacumbas de San Genaro ofrecen una visi\u00f3n \u00fanica del pasado, mientras que el Museo Cappella Sansevero presenta obras maestras art\u00edsticas, entre ellas el impresionante Cristo Velado. Pasee por Via San Gregorio Armeno, famosa por sus tiendas de artesan\u00eda, y disfrute del animado ambiente de Lungomare Caracciolo. Contemple la grandeza arquitect\u00f3nica de Spaccanapoli, Castel dell&#8217;Ovo, el Teatro San Carlo y Castel Sant&#8217;Elmo, cada uno de los cuales evoca historias de una \u00e9poca pasada. Este tour es una mezcla de exploraci\u00f3n cultural, conocimiento hist\u00f3rico y esplendor visual, creando una experiencia inolvidable del encanto y la complejidad de N\u00e1poles.<\/span><\/p>\n<h2><b>Lo m\u00e1s destacado de la Excursi\u00f3n Privada a N\u00e1poles desde Sorrento:<\/b><\/h2>\n<ul>\n<li style=\"font-weight: 400;\" aria-level=\"1\"><b>N\u00e1poles subterr\u00e1nea:<\/b><span style=\"font-weight: 400;\"> Profundice bajo las bulliciosas calles para descubrir el mundo subterr\u00e1neo de N\u00e1poles, un reino donde la historia resuena en t\u00faneles y cavernas ocultas.<\/span><\/li>\n<li style=\"font-weight: 400;\" aria-level=\"1\"><b>Galer\u00eda Borb\u00f3nica: <\/b><span style=\"font-weight: 400;\">Explore este intrigante pasaje subterr\u00e1neo, testimonio del complejo pasado de N\u00e1poles, que ofrece una perspectiva \u00fanica de la historia de la ciudad.<\/span><\/li>\n<li style=\"font-weight: 400;\" aria-level=\"1\"><b>Catacumbas de San Genaro:<\/b><span style=\"font-weight: 400;\"> Ad\u00e9ntrese en las catacumbas sagradas, un importante lugar religioso con una rica historia entretejida en sus solemnes pasillos.<\/span><\/li>\n<li style=\"font-weight: 400;\" aria-level=\"1\"><b>Museo Cappella Sansevero:<\/b><span style=\"font-weight: 400;\"> D\u00e9jese cautivar por el genio art\u00edstico que alberga, especialmente el Cristo Velado, una obra maestra de la escultura que evoca una profunda emoci\u00f3n y admiraci\u00f3n.<\/span><\/li>\n<li style=\"font-weight: 400;\" aria-level=\"1\"><b>Via San Gregorio Armeno:<\/b><span style=\"font-weight: 400;\"> pasee por esta emblem\u00e1tica calle artesanal, llena de artesan\u00eda tradicional y del esp\u00edritu de la cultura napolitana.<\/span><\/li>\n<li style=\"font-weight: 400;\" aria-level=\"1\"><b>Teatro San Carlo: <\/b><span style=\"font-weight: 400;\">Marav\u00edllese ante la grandeza de uno de los teatros de \u00f3pera m\u00e1s antiguos y prestigiosos de Europa, reflejo del rico legado art\u00edstico de N\u00e1poles.<\/span><\/li>\n<li style=\"font-weight: 400;\" aria-level=\"1\"><b>Castel Sant&#8217;Elmo:<\/b><span style=\"font-weight: 400;\"> suba a esta estrat\u00e9gica fortaleza para disfrutar de unas impresionantes vistas panor\u00e1micas de N\u00e1poles, un mirador sin igual en la ciudad.<\/span><\/li>\n<\/ul>\n<p><span style=\"font-weight: 400;\">Emb\u00e1rquese en un viaje de descubrimiento con nuestra Excursi\u00f3n Privada a N\u00e1poles desde Sorrento. Con una duraci\u00f3n de 8 horas con ch\u00f3fer y una exploraci\u00f3n guiada de 5 horas, esta excursi\u00f3n es una mezcla ideal de comodidad y conocimiento. Ad\u00e9ntrese en el coraz\u00f3n de N\u00e1poles y descubra sus joyas hist\u00f3ricas, sus maravillas art\u00edsticas y sus vibrantes calles. Desde la m\u00edstica de la N\u00e1poles subterr\u00e1nea hasta la grandeza del Teatro San Carlo, cada momento promete ser cautivador. Al final del d\u00eda, regresar\u00e1 a Sorrento cargado de recuerdos y con un profundo aprecio por el patrimonio \u00fanico de N\u00e1poles. No se pierda esta oportunidad de conocer N\u00e1poles en todo su esplendor.<\/span> <a href=\"https:\/\/tourtravelandmore.com\/es\/ciudad\/italia-es\/sorrento-es\/\"><span style=\"font-weight: 400;\">P\u00f3ngase en contacto con nosotros para reservar su excursi\u00f3n y crear recuerdos inolvidables en una de las ciudades m\u00e1s fascinantes de Italia.<\/span><\/a><\/p>\n","protected":false},"excerpt":{"rendered":"<p><span style=\"font-weight: 400;\">Acomp\u00e1\u00f1enos en un viaje cautivador de Sorrento a N\u00e1poles, explorando la rica historia, la impresionante arquitectura y las encantadoras calles de una de las ciudades m\u00e1s famosas de Italia. Este exclusivo recorrido privado promete una experiencia de inmersi\u00f3n en los tesoros culturales de N\u00e1poles, desde maravillas subterr\u00e1neas hasta vistas panor\u00e1micas. Perfecto tanto para entusiastas de la historia como para exploradores, prep\u00e1rese para un d\u00eda lleno de asombrosos descubrimientos.<\/span><\/p>\n","protected":false},"featured_media":130329,"comment_status":"open","ping_status":"closed","template":"","meta":{"_acf_changed":false},"product_brand":[],"product_cat":[1608,4145,4147,4146,4148],"product_tag":[],"class_list":{"0":"post-130304","1":"product","2":"type-product","3":"status-publish","4":"has-post-thumbnail","6":"product_cat-italia-es","7":"product_cat-sorrento-es","8":"product_cat-excursiones-privadas-en-tierra","9":"product_cat-todos-los-tours-y-actividades-privadas","10":"product_cat-visitas-turisticas-privadas","12":"first","13":"instock","14":"shipping-taxable","15":"purchasable","16":"product-type-simple"},"acf":[],"yoast_head":"<!-- This site is optimized with the Yoast SEO Premium plugin v25.3.1 (Yoast SEO v25.3.1) - https:\/\/yoast.com\/wordpress\/plugins\/seo\/ -->\n<title>\u27a1\ufe0f Tour privado a N\u00e1poles desde Sorrento | Tour Travel &amp; More<\/title>\n<meta name=\"description\" content=\"Descubre N\u00e1poles si est\u00e1s hospedado en Sorrento con nuestro tour privado de 6 horas con gu\u00eda experto incluido en N\u00e1poles \u2705\" \/>\n<meta name=\"robots\" content=\"index, follow, max-snippet:-1, max-image-preview:large, max-video-preview:-1\" \/>\n<link rel=\"canonical\" href=\"https:\/\/tourtravelandmore.com\/es\/tours\/italia-es\/sorrento-es\/todos-los-tours-y-actividades-privadas\/tour-privado-a-napoles-desde-sorrento\/\" \/>\n<meta property=\"og:locale\" content=\"es_ES\" \/>\n<meta property=\"og:type\" content=\"article\" \/>\n<meta property=\"og:title\" content=\"Tour privado a N\u00e1poles desde Sorrento\" \/>\n<meta property=\"og:description\" content=\"Descubre N\u00e1poles si est\u00e1s hospedado en Sorrento con nuestro tour privado de 6 horas con gu\u00eda experto incluido en N\u00e1poles \u2705\" \/>\n<meta property=\"og:url\" content=\"https:\/\/tourtravelandmore.com\/es\/tours\/italia-es\/sorrento-es\/todos-los-tours-y-actividades-privadas\/tour-privado-a-napoles-desde-sorrento\/\" \/>\n<meta property=\"og:site_name\" content=\"Tour Travel And More\" \/>\n<meta property=\"article:publisher\" content=\"https:\/\/www.facebook.com\/tourtravelandmore\/\" \/>\n<meta property=\"article:modified_time\" content=\"2025-02-24T13:34:39+00:00\" \/>\n<meta property=\"og:image\" content=\"https:\/\/tourtravelandmore.com\/wp-content\/uploads\/2022\/06\/image3-14.jpg\" \/>\n\t<meta property=\"og:image:width\" content=\"900\" \/>\n\t<meta property=\"og:image:height\" content=\"700\" \/>\n\t<meta property=\"og:image:type\" content=\"image\/jpeg\" \/>\n<meta name=\"twitter:card\" content=\"summary_large_image\" \/>\n<meta name=\"twitter:site\" content=\"@TourTravel_More\" \/>\n<meta name=\"twitter:label1\" content=\"Tiempo de lectura\" \/>\n\t<meta name=\"twitter:data1\" content=\"4 minutos\" \/>\n<script type=\"application\/ld+json\" class=\"yoast-schema-graph\">{\"@context\":\"https:\/\/schema.org\",\"@graph\":[{\"@type\":\"WebPage\",\"@id\":\"https:\/\/tourtravelandmore.com\/es\/tours\/italia-es\/sorrento-es\/todos-los-tours-y-actividades-privadas\/tour-privado-a-napoles-desde-sorrento\/\",\"url\":\"https:\/\/tourtravelandmore.com\/es\/tours\/italia-es\/sorrento-es\/todos-los-tours-y-actividades-privadas\/tour-privado-a-napoles-desde-sorrento\/\",\"name\":\"\u27a1\ufe0f Tour privado a N\u00e1poles desde Sorrento | Tour Travel & More\",\"isPartOf\":{\"@id\":\"https:\/\/tourtravelandmore.com\/es\/#website\"},\"primaryImageOfPage\":{\"@id\":\"https:\/\/tourtravelandmore.com\/es\/tours\/italia-es\/sorrento-es\/todos-los-tours-y-actividades-privadas\/tour-privado-a-napoles-desde-sorrento\/#primaryimage\"},\"image\":{\"@id\":\"https:\/\/tourtravelandmore.com\/es\/tours\/italia-es\/sorrento-es\/todos-los-tours-y-actividades-privadas\/tour-privado-a-napoles-desde-sorrento\/#primaryimage\"},\"thumbnailUrl\":\"https:\/\/tourtravelandmore.com\/wp-content\/uploads\/2022\/06\/image3-14.jpg\",\"datePublished\":\"2022-06-29T16:48:13+00:00\",\"dateModified\":\"2025-02-24T13:34:39+00:00\",\"description\":\"Descubre N\u00e1poles si est\u00e1s hospedado en Sorrento con nuestro tour privado de 6 horas con gu\u00eda experto incluido en N\u00e1poles \u2705\",\"breadcrumb\":{\"@id\":\"https:\/\/tourtravelandmore.com\/es\/tours\/italia-es\/sorrento-es\/todos-los-tours-y-actividades-privadas\/tour-privado-a-napoles-desde-sorrento\/#breadcrumb\"},\"inLanguage\":\"es\",\"potentialAction\":[{\"@type\":\"ReadAction\",\"target\":[\"https:\/\/tourtravelandmore.com\/es\/tours\/italia-es\/sorrento-es\/todos-los-tours-y-actividades-privadas\/tour-privado-a-napoles-desde-sorrento\/\"]}]},{\"@type\":\"ImageObject\",\"inLanguage\":\"es\",\"@id\":\"https:\/\/tourtravelandmore.com\/es\/tours\/italia-es\/sorrento-es\/todos-los-tours-y-actividades-privadas\/tour-privado-a-napoles-desde-sorrento\/#primaryimage\",\"url\":\"https:\/\/tourtravelandmore.com\/wp-content\/uploads\/2022\/06\/image3-14.jpg\",\"contentUrl\":\"https:\/\/tourtravelandmore.com\/wp-content\/uploads\/2022\/06\/image3-14.jpg\",\"width\":900,\"height\":700},{\"@type\":\"BreadcrumbList\",\"@id\":\"https:\/\/tourtravelandmore.com\/es\/tours\/italia-es\/sorrento-es\/todos-los-tours-y-actividades-privadas\/tour-privado-a-napoles-desde-sorrento\/#breadcrumb\",\"itemListElement\":[{\"@type\":\"ListItem\",\"position\":1,\"name\":\"Home\",\"item\":\"https:\/\/tourtravelandmore.com\/es\/\"},{\"@type\":\"ListItem\",\"position\":2,\"name\":\"Tours\",\"item\":\"https:\/\/tourtravelandmore.com\/es\/tours\/\"},{\"@type\":\"ListItem\",\"position\":3,\"name\":\"Tour privado a N\u00e1poles desde Sorrento\"}]},{\"@type\":\"WebSite\",\"@id\":\"https:\/\/tourtravelandmore.com\/es\/#website\",\"url\":\"https:\/\/tourtravelandmore.com\/es\/\",\"name\":\"Tour Travel And More\",\"description\":\"Private sightseeing tours and luxury transfers in Spain\",\"publisher\":{\"@id\":\"https:\/\/tourtravelandmore.com\/es\/#organization\"},\"potentialAction\":[{\"@type\":\"SearchAction\",\"target\":{\"@type\":\"EntryPoint\",\"urlTemplate\":\"https:\/\/tourtravelandmore.com\/es\/?s={search_term_string}\"},\"query-input\":{\"@type\":\"PropertyValueSpecification\",\"valueRequired\":true,\"valueName\":\"search_term_string\"}}],\"inLanguage\":\"es\"},{\"@type\":\"Organization\",\"@id\":\"https:\/\/tourtravelandmore.com\/es\/#organization\",\"name\":\"Tour Travel And More\",\"url\":\"https:\/\/tourtravelandmore.com\/es\/\",\"logo\":{\"@type\":\"ImageObject\",\"inLanguage\":\"es\",\"@id\":\"https:\/\/tourtravelandmore.com\/es\/#\/schema\/logo\/image\/\",\"url\":\"https:\/\/tourtravelandmore.com\/wp-content\/uploads\/2022\/12\/cropped-logo-cabecera-new.png\",\"contentUrl\":\"https:\/\/tourtravelandmore.com\/wp-content\/uploads\/2022\/12\/cropped-logo-cabecera-new.png\",\"width\":430,\"height\":61,\"caption\":\"Tour Travel And More\"},\"image\":{\"@id\":\"https:\/\/tourtravelandmore.com\/es\/#\/schema\/logo\/image\/\"},\"sameAs\":[\"https:\/\/www.facebook.com\/tourtravelandmore\/\",\"https:\/\/x.com\/TourTravel_More\"]}]}<\/script>\n<!-- \/ Yoast SEO Premium plugin. -->","yoast_head_json":{"title":"\u27a1\ufe0f Tour privado a N\u00e1poles desde Sorrento | Tour Travel & More","description":"Descubre N\u00e1poles si est\u00e1s hospedado en Sorrento con nuestro tour privado de 6 horas con gu\u00eda experto incluido en N\u00e1poles \u2705","robots":{"index":"index","follow":"follow","max-snippet":"max-snippet:-1","max-image-preview":"max-image-preview:large","max-video-preview":"max-video-preview:-1"},"canonical":"https:\/\/tourtravelandmore.com\/es\/tours\/italia-es\/sorrento-es\/todos-los-tours-y-actividades-privadas\/tour-privado-a-napoles-desde-sorrento\/","og_locale":"es_ES","og_type":"article","og_title":"Tour privado a N\u00e1poles desde Sorrento","og_description":"Descubre N\u00e1poles si est\u00e1s hospedado en Sorrento con nuestro tour privado de 6 horas con gu\u00eda experto incluido en N\u00e1poles \u2705","og_url":"https:\/\/tourtravelandmore.com\/es\/tours\/italia-es\/sorrento-es\/todos-los-tours-y-actividades-privadas\/tour-privado-a-napoles-desde-sorrento\/","og_site_name":"Tour Travel And More","article_publisher":"https:\/\/www.facebook.com\/tourtravelandmore\/","article_modified_time":"2025-02-24T13:34:39+00:00","og_image":[{"width":900,"height":700,"url":"https:\/\/tourtravelandmore.com\/wp-content\/uploads\/2022\/06\/image3-14.jpg","type":"image\/jpeg"}],"twitter_card":"summary_large_image","twitter_site":"@TourTravel_More","twitter_misc":{"Tiempo de lectura":"4 minutos"},"schema":{"@context":"https:\/\/schema.org","@graph":[{"@type":"WebPage","@id":"https:\/\/tourtravelandmore.com\/es\/tours\/italia-es\/sorrento-es\/todos-los-tours-y-actividades-privadas\/tour-privado-a-napoles-desde-sorrento\/","url":"https:\/\/tourtravelandmore.com\/es\/tours\/italia-es\/sorrento-es\/todos-los-tours-y-actividades-privadas\/tour-privado-a-napoles-desde-sorrento\/","name":"\u27a1\ufe0f Tour privado a N\u00e1poles desde Sorrento | Tour Travel & More","isPartOf":{"@id":"https:\/\/tourtravelandmore.com\/es\/#website"},"primaryImageOfPage":{"@id":"https:\/\/tourtravelandmore.com\/es\/tours\/italia-es\/sorrento-es\/todos-los-tours-y-actividades-privadas\/tour-privado-a-napoles-desde-sorrento\/#primaryimage"},"image":{"@id":"https:\/\/tourtravelandmore.com\/es\/tours\/italia-es\/sorrento-es\/todos-los-tours-y-actividades-privadas\/tour-privado-a-napoles-desde-sorrento\/#primaryimage"},"thumbnailUrl":"https:\/\/tourtravelandmore.com\/wp-content\/uploads\/2022\/06\/image3-14.jpg","datePublished":"2022-06-29T16:48:13+00:00","dateModified":"2025-02-24T13:34:39+00:00","description":"Descubre N\u00e1poles si est\u00e1s hospedado en Sorrento con nuestro tour privado de 6 horas con gu\u00eda experto incluido en N\u00e1poles \u2705","breadcrumb":{"@id":"https:\/\/tourtravelandmore.com\/es\/tours\/italia-es\/sorrento-es\/todos-los-tours-y-actividades-privadas\/tour-privado-a-napoles-desde-sorrento\/#breadcrumb"},"inLanguage":"es","potentialAction":[{"@type":"ReadAction","target":["https:\/\/tourtravelandmore.com\/es\/tours\/italia-es\/sorrento-es\/todos-los-tours-y-actividades-privadas\/tour-privado-a-napoles-desde-sorrento\/"]}]},{"@type":"ImageObject","inLanguage":"es","@id":"https:\/\/tourtravelandmore.com\/es\/tours\/italia-es\/sorrento-es\/todos-los-tours-y-actividades-privadas\/tour-privado-a-napoles-desde-sorrento\/#primaryimage","url":"https:\/\/tourtravelandmore.com\/wp-content\/uploads\/2022\/06\/image3-14.jpg","contentUrl":"https:\/\/tourtravelandmore.com\/wp-content\/uploads\/2022\/06\/image3-14.jpg","width":900,"height":700},{"@type":"BreadcrumbList","@id":"https:\/\/tourtravelandmore.com\/es\/tours\/italia-es\/sorrento-es\/todos-los-tours-y-actividades-privadas\/tour-privado-a-napoles-desde-sorrento\/#breadcrumb","itemListElement":[{"@type":"ListItem","position":1,"name":"Home","item":"https:\/\/tourtravelandmore.com\/es\/"},{"@type":"ListItem","position":2,"name":"Tours","item":"https:\/\/tourtravelandmore.com\/es\/tours\/"},{"@type":"ListItem","position":3,"name":"Tour privado a N\u00e1poles desde Sorrento"}]},{"@type":"WebSite","@id":"https:\/\/tourtravelandmore.com\/es\/#website","url":"https:\/\/tourtravelandmore.com\/es\/","name":"Tour Travel And More","description":"Private sightseeing tours and luxury transfers in Spain","publisher":{"@id":"https:\/\/tourtravelandmore.com\/es\/#organization"},"potentialAction":[{"@type":"SearchAction","target":{"@type":"EntryPoint","urlTemplate":"https:\/\/tourtravelandmore.com\/es\/?s={search_term_string}"},"query-input":{"@type":"PropertyValueSpecification","valueRequired":true,"valueName":"search_term_string"}}],"inLanguage":"es"},{"@type":"Organization","@id":"https:\/\/tourtravelandmore.com\/es\/#organization","name":"Tour Travel And More","url":"https:\/\/tourtravelandmore.com\/es\/","logo":{"@type":"ImageObject","inLanguage":"es","@id":"https:\/\/tourtravelandmore.com\/es\/#\/schema\/logo\/image\/","url":"https:\/\/tourtravelandmore.com\/wp-content\/uploads\/2022\/12\/cropped-logo-cabecera-new.png","contentUrl":"https:\/\/tourtravelandmore.com\/wp-content\/uploads\/2022\/12\/cropped-logo-cabecera-new.png","width":430,"height":61,"caption":"Tour Travel And More"},"image":{"@id":"https:\/\/tourtravelandmore.com\/es\/#\/schema\/logo\/image\/"},"sameAs":["https:\/\/www.facebook.com\/tourtravelandmore\/","https:\/\/x.com\/TourTravel_More"]}]}},"_links":{"self":[{"href":"https:\/\/tourtravelandmore.com\/es\/wp-json\/wp\/v2\/product\/130304","targetHints":{"allow":["GET"]}}],"collection":[{"href":"https:\/\/tourtravelandmore.com\/es\/wp-json\/wp\/v2\/product"}],"about":[{"href":"https:\/\/tourtravelandmore.com\/es\/wp-json\/wp\/v2\/types\/product"}],"replies":[{"embeddable":true,"href":"https:\/\/tourtravelandmore.com\/es\/wp-json\/wp\/v2\/comments?post=130304"}],"wp:featuredmedia":[{"embeddable":true,"href":"https:\/\/tourtravelandmore.com\/es\/wp-json\/wp\/v2\/media\/130329"}],"wp:attachment":[{"href":"https:\/\/tourtravelandmore.com\/es\/wp-json\/wp\/v2\/media?parent=130304"}],"wp:term":[{"taxonomy":"product_brand","embeddable":true,"href":"https:\/\/tourtravelandmore.com\/es\/wp-json\/wp\/v2\/product_brand?post=130304"},{"taxonomy":"product_cat","embeddable":true,"href":"https:\/\/tourtravelandmore.com\/es\/wp-json\/wp\/v2\/product_cat?post=130304"},{"taxonomy":"product_tag","embeddable":true,"href":"https:\/\/tourtravelandmore.com\/es\/wp-json\/wp\/v2\/product_tag?post=130304"}],"curies":[{"name":"wp","href":"https:\/\/api.w.org\/{rel}","templated":true}]}}