{"id":130262,"date":"2022-06-29T18:31:38","date_gmt":"2022-06-29T16:31:43","guid":{"rendered":"https:\/\/tourtravelandmore.com\/?post_type=product&#038;p=130262"},"modified":"2024-02-02T10:12:18","modified_gmt":"2024-02-02T09:12:18","slug":"excursion-privada-a-pompeya-y-herculano-desde-sorrento","status":"publish","type":"product","link":"https:\/\/tourtravelandmore.com\/es\/tours\/italia-es\/sorrento-es\/todos-los-tours-y-actividades-privadas\/excursion-privada-a-pompeya-y-herculano-desde-sorrento\/","title":{"rendered":"Excursi\u00f3n privada a Pompeya y Herculano desde Sorrento"},"content":{"rendered":"<h2><b>Excursi\u00f3n privada a Pompeya y Herculano desde Sorrento Descripci\u00f3n<\/b><\/h2>\n<p><span style=\"font-weight: 400;\">Descubra las antiguas maravillas de Pompeya y Herculano en esta completa excursi\u00f3n privada de 8 horas desde Sorrento. La excursi\u00f3n ofrece una exploraci\u00f3n \u00edntima de estas dos ciudades romanas, conservadas bajo cenizas volc\u00e1nicas desde la infame erupci\u00f3n del Monte Vesubio en el a\u00f1o 79 d.C. Viajar\u00e1 con comodidad y estilo en un veh\u00edculo privado, con salida desde un c\u00f3modo punto de Sorrento. Su viaje se enriquecer\u00e1 con los comentarios de un gu\u00eda experto que le desvelar\u00e1 los secretos de las ruinas y le revelar\u00e1 las historias que se esconden tras lugares tan famosos como la Casa de los Vettii y las Termas de Stabiano.<\/span><\/p>\n<p><span style=\"font-weight: 400;\">Mientras pasea por las antiguas calles, se sentir\u00e1 transportado atr\u00e1s en el tiempo, experimentando la grandeza de la arquitectura romana y la vida cotidiana. En Herculano, explorar\u00e1 los restos bien conservados de esta pr\u00f3spera ciudad, que ofrecen una visi\u00f3n del lujoso estilo de vida de sus antiguos habitantes. El recorrido incluye visitas a lugares menos conocidos pero igualmente cautivadores, lo que garantiza un conocimiento exhaustivo de estos tesoros arqueol\u00f3gicos.<\/span><\/p>\n<p><span style=\"font-weight: 400;\">Su exploraci\u00f3n de un d\u00eda de duraci\u00f3n concluye con el regreso a Sorrento, dej\u00e1ndole con profundos conocimientos y experiencias memorables de estas maravillas hist\u00f3ricas.<\/span><\/p>\n<p><span style=\"font-weight: 400;\">Contin\u00fae su viaje al coraz\u00f3n de la antigua Italia con nuestro Tour Privado a Pompeya y Herculano desde Sorrento. A medida que avance el recorrido, profundizar\u00e1 en los misterios de estas antiguas ciudades, sus calles y edificios cobrar\u00e1n vida gracias a la v\u00edvida narraci\u00f3n de su gu\u00eda. Sienta el pulso de la vida romana mientras navega por las bulliciosas calles y los tranquilos rincones de Pompeya y Herculano, y descubra algo nuevo a cada paso. Su visita no ser\u00e1 s\u00f3lo una exploraci\u00f3n de las antiguas ruinas, sino un paso atr\u00e1s en el tiempo, que le ofrecer\u00e1 una v\u00edvida imagen de la vida en estas ciudades romanas, anta\u00f1o pr\u00f3speras. La combinaci\u00f3n \u00fanica de historia, cultura y arquitectura que ofrece esta excursi\u00f3n constituye una experiencia enriquecedora que va m\u00e1s all\u00e1 de la mera visita tur\u00edstica.<\/span><\/p>\n<h2><b>Lo m\u00e1s destacado de la Excursi\u00f3n Privada a Pompeya y Herculano desde Sorrento<\/b><\/h2>\n<ul>\n<li style=\"font-weight: 400;\" aria-level=\"1\"><b>Ruinas de Pompeya:<\/b><span style=\"font-weight: 400;\"> Avent\u00farese por este lugar declarado Patrimonio de la Humanidad por la UNESCO, donde la vida cotidiana de los antiguos romanos est\u00e1 congelada en el tiempo. Marav\u00edllese con el trazado de la ciudad, las casas y los espacios p\u00fablicos, que ofrecen una rara visi\u00f3n del pasado.<\/span><\/li>\n<li style=\"font-weight: 400;\" aria-level=\"1\"><b>Descubrimiento de Herculano:<\/b><span style=\"font-weight: 400;\"> Experimente el excepcional estado de conservaci\u00f3n de Herculano, donde el material volc\u00e1nico preserv\u00f3 de forma \u00fanica estructuras de madera e intrincados mosaicos, ofreciendo una perspectiva diferente a la de Pompeya.<\/span><\/li>\n<li style=\"font-weight: 400;\" aria-level=\"1\"><b>Casa de los Vettii: <\/b><span style=\"font-weight: 400;\">Esta lujosa residencia exhibe detallados frescos que representan la mitolog\u00eda romana y la vida cotidiana, ofreciendo una visi\u00f3n de la opulencia y los gustos art\u00edsticos de sus antiguos habitantes.<\/span><\/li>\n<li style=\"font-weight: 400;\" aria-level=\"1\"><b>Termas Estabianas:<\/b><span style=\"font-weight: 400;\"> Estos ba\u00f1os p\u00fablicos bien conservados ponen de relieve el compromiso romano con la salud y la socializaci\u00f3n, y cuentan con avanzados sistemas de calefacci\u00f3n y hermosas decoraciones.<\/span><\/li>\n<li style=\"font-weight: 400;\" aria-level=\"1\"><b>Villa Oplontis y Puerta de Herculano:<\/b><span style=\"font-weight: 400;\"> Visite la opulenta Villa Oplontis, con sus impresionantes frescos y su extenso trazado, y la Puerta de Herculano, un conmovedor recordatorio del abrupto final de la ciudad.<\/span><\/li>\n<li style=\"font-weight: 400;\" aria-level=\"1\"><b>Gu\u00eda experto:<\/b><span style=\"font-weight: 400;\"> Su gu\u00eda da vida a estas antiguas ciudades con historias y hechos, proporcionando una comprensi\u00f3n m\u00e1s profunda de su importancia hist\u00f3rica y arqueol\u00f3gica.<\/span><\/li>\n<li style=\"font-weight: 400;\" aria-level=\"1\"><b>Viaje c\u00f3modo: <\/b><span style=\"font-weight: 400;\">Disfrute de la facilidad de viajar entre estos lugares hist\u00f3ricos en un veh\u00edculo privado con aire acondicionado.<\/span><\/li>\n<li style=\"font-weight: 400;\" aria-level=\"1\"><b>Experiencia personalizada:<\/b><span style=\"font-weight: 400;\"> El recorrido puede adaptarse a sus intereses, ya sea centr\u00e1ndose en aspectos espec\u00edficos de la vida romana o explorando zonas menos conocidas de los lugares.<\/span><\/li>\n<li style=\"font-weight: 400;\" aria-level=\"1\"><b>Paisajes sorrentinos: <\/b><span style=\"font-weight: 400;\">Disfrute del viaje panor\u00e1mico entre Sorrento y estas antiguas ciudades, con pintorescas vistas de la campi\u00f1a y la costa italianas.<\/span><\/li>\n<li style=\"font-weight: 400;\" aria-level=\"1\"><b>Delicias culinarias:<\/b><span style=\"font-weight: 400;\"> Mejore su recorrido con una experiencia gastron\u00f3mica, saboreando la cocina napolitana local, conocida por sus ricos sabores y platos tradicionales.<\/span><\/li>\n<\/ul>\n<p><span style=\"font-weight: 400;\">Emb\u00e1rquese en un viaje a trav\u00e9s del tiempo y la historia con nuestro exclusivo Tour Privado a Pompeya y Herculano desde Sorrento. Experimente el mundo antiguo como nunca antes, guiado por expertos en arqueolog\u00eda e historia. Sea testigo de la grandeza de la vida romana y del profundo impacto de la erupci\u00f3n del Vesubio. Reserve hoy mismo su aventura personalizada y ad\u00e9ntrese en el coraz\u00f3n de las antiguas civilizaciones, todo ello en la comodidad de un veh\u00edculo privado de lujo.<\/span><a href=\"https:\/\/tourtravelandmore.com\/es\/ciudad\/italia-es\/sorrento-es\/\"><span style=\"font-weight: 400;\"> P\u00f3ngase en contacto con nosotros para asegurar su plaza y crear recuerdos inolvidables en estos emblem\u00e1ticos hitos hist\u00f3ricos.<\/span><\/a><\/p>\n","protected":false},"excerpt":{"rendered":"<p><span style=\"font-weight: 400;\">Desentierra los secretos de Pompeya y Herculano en esta inmersiva excursi\u00f3n privada de 8 horas desde Sorrento. Ad\u00e9ntrese en la historia antigua con un gu\u00eda experto y experimente la opulencia y la tragedia de estas ciudades romanas.<\/span><\/p>\n","protected":false},"featured_media":130291,"comment_status":"open","ping_status":"closed","template":"","meta":{"_acf_changed":false},"product_brand":[],"product_cat":[1608,4145,4147,4146,4148],"product_tag":[],"class_list":{"0":"post-130262","1":"product","2":"type-product","3":"status-publish","4":"has-post-thumbnail","6":"product_cat-italia-es","7":"product_cat-sorrento-es","8":"product_cat-excursiones-privadas-en-tierra","9":"product_cat-todos-los-tours-y-actividades-privadas","10":"product_cat-visitas-turisticas-privadas","12":"first","13":"instock","14":"shipping-taxable","15":"purchasable","16":"product-type-simple"},"acf":[],"yoast_head":"<!-- This site is optimized with the Yoast SEO Premium plugin v25.3.1 (Yoast SEO v25.3.1) - https:\/\/yoast.com\/wordpress\/plugins\/seo\/ -->\n<title>\u27a1\ufe0f Excursi\u00f3n privada a Pompeya y Herculano desde Sorrento | Tour Travel &amp; More<\/title>\n<meta name=\"description\" content=\"Tour privado de Pompeya y Herculano desde Sorrento. Reserve hoy mismo su tour privado de Pompeya y Herculano desde Sorrento \u2705\" \/>\n<meta name=\"robots\" content=\"index, follow, max-snippet:-1, max-image-preview:large, max-video-preview:-1\" \/>\n<link rel=\"canonical\" href=\"https:\/\/tourtravelandmore.com\/es\/tours\/italia-es\/sorrento-es\/todos-los-tours-y-actividades-privadas\/excursion-privada-a-pompeya-y-herculano-desde-sorrento\/\" \/>\n<meta property=\"og:locale\" content=\"es_ES\" \/>\n<meta property=\"og:type\" content=\"article\" \/>\n<meta property=\"og:title\" content=\"Excursi\u00f3n privada a Pompeya y Herculano desde Sorrento\" \/>\n<meta property=\"og:description\" content=\"Tour privado de Pompeya y Herculano desde Sorrento. Reserve hoy mismo su tour privado de Pompeya y Herculano desde Sorrento \u2705\" \/>\n<meta property=\"og:url\" content=\"https:\/\/tourtravelandmore.com\/es\/tours\/italia-es\/sorrento-es\/todos-los-tours-y-actividades-privadas\/excursion-privada-a-pompeya-y-herculano-desde-sorrento\/\" \/>\n<meta property=\"og:site_name\" content=\"Tour Travel And More\" \/>\n<meta property=\"article:publisher\" content=\"https:\/\/www.facebook.com\/tourtravelandmore\/\" \/>\n<meta property=\"article:modified_time\" content=\"2024-02-02T09:12:18+00:00\" \/>\n<meta property=\"og:image\" content=\"https:\/\/tourtravelandmore.com\/wp-content\/uploads\/2022\/06\/image4-13.jpg\" \/>\n\t<meta property=\"og:image:width\" content=\"900\" \/>\n\t<meta property=\"og:image:height\" content=\"700\" \/>\n\t<meta property=\"og:image:type\" content=\"image\/jpeg\" \/>\n<meta name=\"twitter:card\" content=\"summary_large_image\" \/>\n<meta name=\"twitter:site\" content=\"@TourTravel_More\" \/>\n<meta name=\"twitter:label1\" content=\"Tiempo de lectura\" \/>\n\t<meta name=\"twitter:data1\" content=\"4 minutos\" \/>\n<script type=\"application\/ld+json\" class=\"yoast-schema-graph\">{\"@context\":\"https:\/\/schema.org\",\"@graph\":[{\"@type\":\"WebPage\",\"@id\":\"https:\/\/tourtravelandmore.com\/es\/tours\/italia-es\/sorrento-es\/todos-los-tours-y-actividades-privadas\/excursion-privada-a-pompeya-y-herculano-desde-sorrento\/\",\"url\":\"https:\/\/tourtravelandmore.com\/es\/tours\/italia-es\/sorrento-es\/todos-los-tours-y-actividades-privadas\/excursion-privada-a-pompeya-y-herculano-desde-sorrento\/\",\"name\":\"\u27a1\ufe0f Excursi\u00f3n privada a Pompeya y Herculano desde Sorrento | Tour Travel & More\",\"isPartOf\":{\"@id\":\"https:\/\/tourtravelandmore.com\/es\/#website\"},\"primaryImageOfPage\":{\"@id\":\"https:\/\/tourtravelandmore.com\/es\/tours\/italia-es\/sorrento-es\/todos-los-tours-y-actividades-privadas\/excursion-privada-a-pompeya-y-herculano-desde-sorrento\/#primaryimage\"},\"image\":{\"@id\":\"https:\/\/tourtravelandmore.com\/es\/tours\/italia-es\/sorrento-es\/todos-los-tours-y-actividades-privadas\/excursion-privada-a-pompeya-y-herculano-desde-sorrento\/#primaryimage\"},\"thumbnailUrl\":\"https:\/\/tourtravelandmore.com\/wp-content\/uploads\/2022\/06\/image4-13.jpg\",\"datePublished\":\"2022-06-29T16:31:43+00:00\",\"dateModified\":\"2024-02-02T09:12:18+00:00\",\"description\":\"Tour privado de Pompeya y Herculano desde Sorrento. Reserve hoy mismo su tour privado de Pompeya y Herculano desde Sorrento \u2705\",\"breadcrumb\":{\"@id\":\"https:\/\/tourtravelandmore.com\/es\/tours\/italia-es\/sorrento-es\/todos-los-tours-y-actividades-privadas\/excursion-privada-a-pompeya-y-herculano-desde-sorrento\/#breadcrumb\"},\"inLanguage\":\"es\",\"potentialAction\":[{\"@type\":\"ReadAction\",\"target\":[\"https:\/\/tourtravelandmore.com\/es\/tours\/italia-es\/sorrento-es\/todos-los-tours-y-actividades-privadas\/excursion-privada-a-pompeya-y-herculano-desde-sorrento\/\"]}]},{\"@type\":\"ImageObject\",\"inLanguage\":\"es\",\"@id\":\"https:\/\/tourtravelandmore.com\/es\/tours\/italia-es\/sorrento-es\/todos-los-tours-y-actividades-privadas\/excursion-privada-a-pompeya-y-herculano-desde-sorrento\/#primaryimage\",\"url\":\"https:\/\/tourtravelandmore.com\/wp-content\/uploads\/2022\/06\/image4-13.jpg\",\"contentUrl\":\"https:\/\/tourtravelandmore.com\/wp-content\/uploads\/2022\/06\/image4-13.jpg\",\"width\":900,\"height\":700},{\"@type\":\"BreadcrumbList\",\"@id\":\"https:\/\/tourtravelandmore.com\/es\/tours\/italia-es\/sorrento-es\/todos-los-tours-y-actividades-privadas\/excursion-privada-a-pompeya-y-herculano-desde-sorrento\/#breadcrumb\",\"itemListElement\":[{\"@type\":\"ListItem\",\"position\":1,\"name\":\"Home\",\"item\":\"https:\/\/tourtravelandmore.com\/es\/\"},{\"@type\":\"ListItem\",\"position\":2,\"name\":\"Tours\",\"item\":\"https:\/\/tourtravelandmore.com\/es\/tours\/\"},{\"@type\":\"ListItem\",\"position\":3,\"name\":\"Excursi\u00f3n privada a Pompeya y Herculano desde Sorrento\"}]},{\"@type\":\"WebSite\",\"@id\":\"https:\/\/tourtravelandmore.com\/es\/#website\",\"url\":\"https:\/\/tourtravelandmore.com\/es\/\",\"name\":\"Tour Travel And More\",\"description\":\"Private sightseeing tours and luxury transfers in Spain\",\"publisher\":{\"@id\":\"https:\/\/tourtravelandmore.com\/es\/#organization\"},\"potentialAction\":[{\"@type\":\"SearchAction\",\"target\":{\"@type\":\"EntryPoint\",\"urlTemplate\":\"https:\/\/tourtravelandmore.com\/es\/?s={search_term_string}\"},\"query-input\":{\"@type\":\"PropertyValueSpecification\",\"valueRequired\":true,\"valueName\":\"search_term_string\"}}],\"inLanguage\":\"es\"},{\"@type\":\"Organization\",\"@id\":\"https:\/\/tourtravelandmore.com\/es\/#organization\",\"name\":\"Tour Travel And More\",\"url\":\"https:\/\/tourtravelandmore.com\/es\/\",\"logo\":{\"@type\":\"ImageObject\",\"inLanguage\":\"es\",\"@id\":\"https:\/\/tourtravelandmore.com\/es\/#\/schema\/logo\/image\/\",\"url\":\"https:\/\/tourtravelandmore.com\/wp-content\/uploads\/2022\/12\/cropped-logo-cabecera-new.png\",\"contentUrl\":\"https:\/\/tourtravelandmore.com\/wp-content\/uploads\/2022\/12\/cropped-logo-cabecera-new.png\",\"width\":430,\"height\":61,\"caption\":\"Tour Travel And More\"},\"image\":{\"@id\":\"https:\/\/tourtravelandmore.com\/es\/#\/schema\/logo\/image\/\"},\"sameAs\":[\"https:\/\/www.facebook.com\/tourtravelandmore\/\",\"https:\/\/x.com\/TourTravel_More\"]}]}<\/script>\n<!-- \/ Yoast SEO Premium plugin. -->","yoast_head_json":{"title":"\u27a1\ufe0f Excursi\u00f3n privada a Pompeya y Herculano desde Sorrento | Tour Travel & More","description":"Tour privado de Pompeya y Herculano desde Sorrento. Reserve hoy mismo su tour privado de Pompeya y Herculano desde Sorrento \u2705","robots":{"index":"index","follow":"follow","max-snippet":"max-snippet:-1","max-image-preview":"max-image-preview:large","max-video-preview":"max-video-preview:-1"},"canonical":"https:\/\/tourtravelandmore.com\/es\/tours\/italia-es\/sorrento-es\/todos-los-tours-y-actividades-privadas\/excursion-privada-a-pompeya-y-herculano-desde-sorrento\/","og_locale":"es_ES","og_type":"article","og_title":"Excursi\u00f3n privada a Pompeya y Herculano desde Sorrento","og_description":"Tour privado de Pompeya y Herculano desde Sorrento. Reserve hoy mismo su tour privado de Pompeya y Herculano desde Sorrento \u2705","og_url":"https:\/\/tourtravelandmore.com\/es\/tours\/italia-es\/sorrento-es\/todos-los-tours-y-actividades-privadas\/excursion-privada-a-pompeya-y-herculano-desde-sorrento\/","og_site_name":"Tour Travel And More","article_publisher":"https:\/\/www.facebook.com\/tourtravelandmore\/","article_modified_time":"2024-02-02T09:12:18+00:00","og_image":[{"width":900,"height":700,"url":"https:\/\/tourtravelandmore.com\/wp-content\/uploads\/2022\/06\/image4-13.jpg","type":"image\/jpeg"}],"twitter_card":"summary_large_image","twitter_site":"@TourTravel_More","twitter_misc":{"Tiempo de lectura":"4 minutos"},"schema":{"@context":"https:\/\/schema.org","@graph":[{"@type":"WebPage","@id":"https:\/\/tourtravelandmore.com\/es\/tours\/italia-es\/sorrento-es\/todos-los-tours-y-actividades-privadas\/excursion-privada-a-pompeya-y-herculano-desde-sorrento\/","url":"https:\/\/tourtravelandmore.com\/es\/tours\/italia-es\/sorrento-es\/todos-los-tours-y-actividades-privadas\/excursion-privada-a-pompeya-y-herculano-desde-sorrento\/","name":"\u27a1\ufe0f Excursi\u00f3n privada a Pompeya y Herculano desde Sorrento | Tour Travel & More","isPartOf":{"@id":"https:\/\/tourtravelandmore.com\/es\/#website"},"primaryImageOfPage":{"@id":"https:\/\/tourtravelandmore.com\/es\/tours\/italia-es\/sorrento-es\/todos-los-tours-y-actividades-privadas\/excursion-privada-a-pompeya-y-herculano-desde-sorrento\/#primaryimage"},"image":{"@id":"https:\/\/tourtravelandmore.com\/es\/tours\/italia-es\/sorrento-es\/todos-los-tours-y-actividades-privadas\/excursion-privada-a-pompeya-y-herculano-desde-sorrento\/#primaryimage"},"thumbnailUrl":"https:\/\/tourtravelandmore.com\/wp-content\/uploads\/2022\/06\/image4-13.jpg","datePublished":"2022-06-29T16:31:43+00:00","dateModified":"2024-02-02T09:12:18+00:00","description":"Tour privado de Pompeya y Herculano desde Sorrento. Reserve hoy mismo su tour privado de Pompeya y Herculano desde Sorrento \u2705","breadcrumb":{"@id":"https:\/\/tourtravelandmore.com\/es\/tours\/italia-es\/sorrento-es\/todos-los-tours-y-actividades-privadas\/excursion-privada-a-pompeya-y-herculano-desde-sorrento\/#breadcrumb"},"inLanguage":"es","potentialAction":[{"@type":"ReadAction","target":["https:\/\/tourtravelandmore.com\/es\/tours\/italia-es\/sorrento-es\/todos-los-tours-y-actividades-privadas\/excursion-privada-a-pompeya-y-herculano-desde-sorrento\/"]}]},{"@type":"ImageObject","inLanguage":"es","@id":"https:\/\/tourtravelandmore.com\/es\/tours\/italia-es\/sorrento-es\/todos-los-tours-y-actividades-privadas\/excursion-privada-a-pompeya-y-herculano-desde-sorrento\/#primaryimage","url":"https:\/\/tourtravelandmore.com\/wp-content\/uploads\/2022\/06\/image4-13.jpg","contentUrl":"https:\/\/tourtravelandmore.com\/wp-content\/uploads\/2022\/06\/image4-13.jpg","width":900,"height":700},{"@type":"BreadcrumbList","@id":"https:\/\/tourtravelandmore.com\/es\/tours\/italia-es\/sorrento-es\/todos-los-tours-y-actividades-privadas\/excursion-privada-a-pompeya-y-herculano-desde-sorrento\/#breadcrumb","itemListElement":[{"@type":"ListItem","position":1,"name":"Home","item":"https:\/\/tourtravelandmore.com\/es\/"},{"@type":"ListItem","position":2,"name":"Tours","item":"https:\/\/tourtravelandmore.com\/es\/tours\/"},{"@type":"ListItem","position":3,"name":"Excursi\u00f3n privada a Pompeya y Herculano desde Sorrento"}]},{"@type":"WebSite","@id":"https:\/\/tourtravelandmore.com\/es\/#website","url":"https:\/\/tourtravelandmore.com\/es\/","name":"Tour Travel And More","description":"Private sightseeing tours and luxury transfers in Spain","publisher":{"@id":"https:\/\/tourtravelandmore.com\/es\/#organization"},"potentialAction":[{"@type":"SearchAction","target":{"@type":"EntryPoint","urlTemplate":"https:\/\/tourtravelandmore.com\/es\/?s={search_term_string}"},"query-input":{"@type":"PropertyValueSpecification","valueRequired":true,"valueName":"search_term_string"}}],"inLanguage":"es"},{"@type":"Organization","@id":"https:\/\/tourtravelandmore.com\/es\/#organization","name":"Tour Travel And More","url":"https:\/\/tourtravelandmore.com\/es\/","logo":{"@type":"ImageObject","inLanguage":"es","@id":"https:\/\/tourtravelandmore.com\/es\/#\/schema\/logo\/image\/","url":"https:\/\/tourtravelandmore.com\/wp-content\/uploads\/2022\/12\/cropped-logo-cabecera-new.png","contentUrl":"https:\/\/tourtravelandmore.com\/wp-content\/uploads\/2022\/12\/cropped-logo-cabecera-new.png","width":430,"height":61,"caption":"Tour Travel And More"},"image":{"@id":"https:\/\/tourtravelandmore.com\/es\/#\/schema\/logo\/image\/"},"sameAs":["https:\/\/www.facebook.com\/tourtravelandmore\/","https:\/\/x.com\/TourTravel_More"]}]}},"_links":{"self":[{"href":"https:\/\/tourtravelandmore.com\/es\/wp-json\/wp\/v2\/product\/130262","targetHints":{"allow":["GET"]}}],"collection":[{"href":"https:\/\/tourtravelandmore.com\/es\/wp-json\/wp\/v2\/product"}],"about":[{"href":"https:\/\/tourtravelandmore.com\/es\/wp-json\/wp\/v2\/types\/product"}],"replies":[{"embeddable":true,"href":"https:\/\/tourtravelandmore.com\/es\/wp-json\/wp\/v2\/comments?post=130262"}],"wp:featuredmedia":[{"embeddable":true,"href":"https:\/\/tourtravelandmore.com\/es\/wp-json\/wp\/v2\/media\/130291"}],"wp:attachment":[{"href":"https:\/\/tourtravelandmore.com\/es\/wp-json\/wp\/v2\/media?parent=130262"}],"wp:term":[{"taxonomy":"product_brand","embeddable":true,"href":"https:\/\/tourtravelandmore.com\/es\/wp-json\/wp\/v2\/product_brand?post=130262"},{"taxonomy":"product_cat","embeddable":true,"href":"https:\/\/tourtravelandmore.com\/es\/wp-json\/wp\/v2\/product_cat?post=130262"},{"taxonomy":"product_tag","embeddable":true,"href":"https:\/\/tourtravelandmore.com\/es\/wp-json\/wp\/v2\/product_tag?post=130262"}],"curies":[{"name":"wp","href":"https:\/\/api.w.org\/{rel}","templated":true}]}}