{"id":129933,"date":"2022-06-26T10:01:48","date_gmt":"2022-06-26T08:01:49","guid":{"rendered":"https:\/\/tourtravelandmore.com\/?post_type=product&#038;p=129933"},"modified":"2023-08-25T12:35:48","modified_gmt":"2023-08-25T10:35:48","slug":"tour-privado-a-milan-desde-genova","status":"publish","type":"product","link":"https:\/\/tourtravelandmore.com\/es\/tours\/italia-es\/genova-es\/tour-privado-a-milan-desde-genova\/","title":{"rendered":"Tour privado a Mil\u00e1n desde G\u00e9nova"},"content":{"rendered":"<h2><b>Descripci\u00f3n de la Expedici\u00f3n Exclusiva a Mil\u00e1n desde G\u00e9nova<\/b><\/h2>\n<p><span style=\"font-weight: 400;\">Sum\u00e9rjase en el encanto magn\u00e9tico de Mil\u00e1n, pasando por la hechizante belleza costera de G\u00e9nova, en nuestra expedici\u00f3n privada intrincadamente dise\u00f1ada. A medida que se embarca en este viaje, anticipe un tapiz envolvente de \u00e9pocas hist\u00f3ricas, expresiones art\u00edsticas sin precedentes y la sofisticaci\u00f3n atemporal por la que Mil\u00e1n es venerada en todo el mundo. La ciudad, en todo su radiante esplendor, presume de una amalgama de maravillas arquitect\u00f3nicas y profundos legados art\u00edsticos. En cada rinc\u00f3n de sus calles resuenan historias de su ilustre pasado y presente, y Mil\u00e1n se erige como emblema de grandeza cultural. Y mientras recorre sus caminos con nuestro experimentado gu\u00eda, se le prometen revelaciones, an\u00e9cdotas y experiencias que trascienden la ruta tur\u00edstica habitual.<\/span><\/p>\n<p><span style=\"font-weight: 400;\">Al iniciar su escapada milanesa, damos prioridad a su comodidad y exclusividad. Desde el primer momento, prep\u00e1rese para una cita llena de lujo y toque personal. Tanto si prefiere el bullicioso coraz\u00f3n de G\u00e9nova como el tranquilo ambiente de su alojamiento, nuestro experto gu\u00eda, complementado por un ch\u00f3fer profesional, se asegurar\u00e1 de que su viaje comience con facilidad, estableciendo el tono perfecto para las aventuras que le esperan.<\/span><\/p>\n<h2><b>Principales atracciones de la expedici\u00f3n exclusiva a Mil\u00e1n desde G\u00e9nova<\/b><\/h2>\n<p><span style=\"font-weight: 400;\">A medida que se desarrolla su expedici\u00f3n milanesa, los tesoros emblem\u00e1ticos de la ciudad van apareciendo poco a poco:<\/span><\/p>\n<ul>\n<li style=\"font-weight: 400;\" aria-level=\"1\"><b>La Catedral de Mil\u00e1n (Duomo):<\/b><span style=\"font-weight: 400;\"> M\u00e1s all\u00e1 de sus agujas g\u00f3ticas se esconde una historia que abarca siglos, testimonio del patrimonio religioso y arquitect\u00f3nico de Mil\u00e1n.<\/span><\/li>\n<li style=\"font-weight: 400;\" aria-level=\"1\"><b>La \u00daltima Cena:<\/b><span style=\"font-weight: 400;\"> Sea testigo de la obra maestra de Leonardo da Vinci que ha fascinado a los entendidos en arte durante generaciones.<\/span><\/li>\n<li style=\"font-weight: 400;\" aria-level=\"1\"><b>Galleria Vittorio Emanuele II:<\/b><span style=\"font-weight: 400;\"> del\u00e9itese con la grandeza de uno de los centros comerciales en activo m\u00e1s antiguos del mundo, una armoniosa mezcla de lujo, arte e historia.<\/span><\/li>\n<li style=\"font-weight: 400;\" aria-level=\"1\"><b>Castillo Sforzesco:<\/b><span style=\"font-weight: 400;\"> Sum\u00e9rjase en las profundidades del Renacimiento mientras explora esta emblem\u00e1tica fortaleza con su rico tapiz de historia y cultura milanesa.<\/span><\/li>\n<li style=\"font-weight: 400;\" aria-level=\"1\"><b>Azoteas del Duomo:<\/b><span style=\"font-weight: 400;\"> Disfrute de una vista de p\u00e1jaro de Mil\u00e1n, capturando los extensos paisajes de la ciudad y los lejanos picos alpinos.<\/span><\/li>\n<\/ul>\n<h2><\/h2>\n<p><span style=\"font-weight: 400;\">M\u00e1s all\u00e1 de los famosos monumentos, Mil\u00e1n alberga un tesoro de joyas menos conocidas, todas ellas cargadas de historia y rebosantes de historias que cautivan el coraz\u00f3n y el alma. Desde capillas decoradas con arte hasta plazas hist\u00f3ricas, cada rinc\u00f3n de esta ciudad susurra historias de su glorioso pasado y su visionario futuro.<\/span><\/p>\n<p><span style=\"font-weight: 400;\">Mientras recorre la ciudad, le atraer\u00e1n los aromas del legado culinario de Mil\u00e1n. Disfrute de una comida al mediod\u00eda en uno de los restaurantes de \u00e9lite de la ciudad, elegido no s\u00f3lo por sus deliciosos platos, sino tambi\u00e9n por su ambiente milan\u00e9s. Del\u00e9itese con la sinfon\u00eda de sabores, cada plato reflejo del rico patrimonio gastron\u00f3mico de la ciudad y de las innovaciones culinarias contempor\u00e1neas.<\/span><\/p>\n<p><span style=\"font-weight: 400;\">Mientras el crep\u00fasculo ti\u00f1e Mil\u00e1n de un tono dorado, perm\u00edtase un momento de reflexi\u00f3n sobre las innumerables experiencias del d\u00eda. Su lujoso veh\u00edculo privado estar\u00e1 listo para llevarle de vuelta a los encantadores reinos de G\u00e9nova. Pero las historias de Italia no terminan aqu\u00ed. Para aquellos intrigados por el canto de sirena de G\u00e9nova, le invitamos a explorar nuestra cuidada <\/span><a href=\"https:\/\/tourtravelandmore.com\/es\/ciudad\/italia-es\/genova-es\/\"><span style=\"font-weight: 400;\">selecci\u00f3n de tours privados, cada uno meticulosamente dise\u00f1ado para desentra\u00f1ar el multifac\u00e9tico tapiz de la historia, la cultura y el encanto atemporal de G\u00e9nova.<\/span><\/a><\/p>\n","protected":false},"excerpt":{"rendered":"<p><span style=\"font-weight: 400;\">\u00bfQuiere descubrir Mil\u00e1n sin las molestias de las grandes multitudes y las largas colas? Con nuestro tour privado a Mil\u00e1n desde G\u00e9nova, podr\u00e1 explorar esta hermosa ciudad a su propio ritmo con un gu\u00eda local experto.<\/span><\/p>\n","protected":false},"featured_media":129955,"comment_status":"open","ping_status":"closed","template":"","meta":{"_acf_changed":false},"product_brand":[],"product_cat":[698,704,716,710,815],"product_tag":[],"class_list":{"0":"post-129933","1":"product","2":"type-product","3":"status-publish","4":"has-post-thumbnail","6":"product_cat-genova-es","7":"product_cat-genova-actividades-es","8":"product_cat-genova-rutas-turisticas-privadas-es","9":"product_cat-genova-excursiones-es","10":"product_cat-genova-excursiones-privadas-cruceros-es","12":"first","13":"instock","14":"shipping-taxable","15":"purchasable","16":"product-type-simple"},"acf":[],"yoast_head":"<!-- This site is optimized with the Yoast SEO Premium plugin v25.3.1 (Yoast SEO v25.3.1) - https:\/\/yoast.com\/wordpress\/plugins\/seo\/ -->\n<title>Tour privado a Mil\u00e1n desde G\u00e9nova | Tour Travel &amp; More<\/title>\n<meta name=\"description\" content=\"Disfrute de un tour privado a Mil\u00e1n desde G\u00e9nova con un veh\u00edculo de lujo y un gu\u00eda experto. Este tour de 3 horas incluye todo lo m\u00e1s destacado de Mil\u00e1n. \u00a1Reserve ahora y disfrute! \u2705\" \/>\n<meta name=\"robots\" content=\"index, follow, max-snippet:-1, max-image-preview:large, max-video-preview:-1\" \/>\n<link rel=\"canonical\" href=\"https:\/\/tourtravelandmore.com\/es\/tours\/italia-es\/genova-es\/tour-privado-a-milan-desde-genova\/\" \/>\n<meta property=\"og:locale\" content=\"es_ES\" \/>\n<meta property=\"og:type\" content=\"article\" \/>\n<meta property=\"og:title\" content=\"Tour privado a Mil\u00e1n desde G\u00e9nova\" \/>\n<meta property=\"og:description\" content=\"Disfrute de un tour privado a Mil\u00e1n desde G\u00e9nova con un veh\u00edculo de lujo y un gu\u00eda experto. Este tour de 3 horas incluye todo lo m\u00e1s destacado de Mil\u00e1n. \u00a1Reserve ahora y disfrute! \u2705\" \/>\n<meta property=\"og:url\" content=\"https:\/\/tourtravelandmore.com\/es\/tours\/italia-es\/genova-es\/tour-privado-a-milan-desde-genova\/\" \/>\n<meta property=\"og:site_name\" content=\"Tour Travel And More\" \/>\n<meta property=\"article:publisher\" content=\"https:\/\/www.facebook.com\/tourtravelandmore\/\" \/>\n<meta property=\"article:modified_time\" content=\"2023-08-25T10:35:48+00:00\" \/>\n<meta property=\"og:image\" content=\"https:\/\/tourtravelandmore.com\/wp-content\/uploads\/2022\/06\/image2-12.jpg\" \/>\n\t<meta property=\"og:image:width\" content=\"900\" \/>\n\t<meta property=\"og:image:height\" content=\"700\" \/>\n\t<meta property=\"og:image:type\" content=\"image\/jpeg\" \/>\n<meta name=\"twitter:card\" content=\"summary_large_image\" \/>\n<meta name=\"twitter:site\" content=\"@TourTravel_More\" \/>\n<meta name=\"twitter:label1\" content=\"Tiempo de lectura\" \/>\n\t<meta name=\"twitter:data1\" content=\"2 minutos\" \/>\n<script type=\"application\/ld+json\" class=\"yoast-schema-graph\">{\"@context\":\"https:\/\/schema.org\",\"@graph\":[{\"@type\":\"WebPage\",\"@id\":\"https:\/\/tourtravelandmore.com\/es\/tours\/italia-es\/genova-es\/tour-privado-a-milan-desde-genova\/\",\"url\":\"https:\/\/tourtravelandmore.com\/es\/tours\/italia-es\/genova-es\/tour-privado-a-milan-desde-genova\/\",\"name\":\"Tour privado a Mil\u00e1n desde G\u00e9nova | Tour Travel & More\",\"isPartOf\":{\"@id\":\"https:\/\/tourtravelandmore.com\/es\/#website\"},\"primaryImageOfPage\":{\"@id\":\"https:\/\/tourtravelandmore.com\/es\/tours\/italia-es\/genova-es\/tour-privado-a-milan-desde-genova\/#primaryimage\"},\"image\":{\"@id\":\"https:\/\/tourtravelandmore.com\/es\/tours\/italia-es\/genova-es\/tour-privado-a-milan-desde-genova\/#primaryimage\"},\"thumbnailUrl\":\"https:\/\/tourtravelandmore.com\/wp-content\/uploads\/2022\/06\/image2-12.jpg\",\"datePublished\":\"2022-06-26T08:01:49+00:00\",\"dateModified\":\"2023-08-25T10:35:48+00:00\",\"description\":\"Disfrute de un tour privado a Mil\u00e1n desde G\u00e9nova con un veh\u00edculo de lujo y un gu\u00eda experto. Este tour de 3 horas incluye todo lo m\u00e1s destacado de Mil\u00e1n. \u00a1Reserve ahora y disfrute! \u2705\",\"breadcrumb\":{\"@id\":\"https:\/\/tourtravelandmore.com\/es\/tours\/italia-es\/genova-es\/tour-privado-a-milan-desde-genova\/#breadcrumb\"},\"inLanguage\":\"es\",\"potentialAction\":[{\"@type\":\"ReadAction\",\"target\":[\"https:\/\/tourtravelandmore.com\/es\/tours\/italia-es\/genova-es\/tour-privado-a-milan-desde-genova\/\"]}]},{\"@type\":\"ImageObject\",\"inLanguage\":\"es\",\"@id\":\"https:\/\/tourtravelandmore.com\/es\/tours\/italia-es\/genova-es\/tour-privado-a-milan-desde-genova\/#primaryimage\",\"url\":\"https:\/\/tourtravelandmore.com\/wp-content\/uploads\/2022\/06\/image2-12.jpg\",\"contentUrl\":\"https:\/\/tourtravelandmore.com\/wp-content\/uploads\/2022\/06\/image2-12.jpg\",\"width\":900,\"height\":700},{\"@type\":\"BreadcrumbList\",\"@id\":\"https:\/\/tourtravelandmore.com\/es\/tours\/italia-es\/genova-es\/tour-privado-a-milan-desde-genova\/#breadcrumb\",\"itemListElement\":[{\"@type\":\"ListItem\",\"position\":1,\"name\":\"Home\",\"item\":\"https:\/\/tourtravelandmore.com\/es\/\"},{\"@type\":\"ListItem\",\"position\":2,\"name\":\"Tours\",\"item\":\"https:\/\/tourtravelandmore.com\/es\/tours\/\"},{\"@type\":\"ListItem\",\"position\":3,\"name\":\"Tour privado a Mil\u00e1n desde G\u00e9nova\"}]},{\"@type\":\"WebSite\",\"@id\":\"https:\/\/tourtravelandmore.com\/es\/#website\",\"url\":\"https:\/\/tourtravelandmore.com\/es\/\",\"name\":\"Tour Travel And More\",\"description\":\"Private sightseeing tours and luxury transfers in Spain\",\"publisher\":{\"@id\":\"https:\/\/tourtravelandmore.com\/es\/#organization\"},\"potentialAction\":[{\"@type\":\"SearchAction\",\"target\":{\"@type\":\"EntryPoint\",\"urlTemplate\":\"https:\/\/tourtravelandmore.com\/es\/?s={search_term_string}\"},\"query-input\":{\"@type\":\"PropertyValueSpecification\",\"valueRequired\":true,\"valueName\":\"search_term_string\"}}],\"inLanguage\":\"es\"},{\"@type\":\"Organization\",\"@id\":\"https:\/\/tourtravelandmore.com\/es\/#organization\",\"name\":\"Tour Travel And More\",\"url\":\"https:\/\/tourtravelandmore.com\/es\/\",\"logo\":{\"@type\":\"ImageObject\",\"inLanguage\":\"es\",\"@id\":\"https:\/\/tourtravelandmore.com\/es\/#\/schema\/logo\/image\/\",\"url\":\"https:\/\/tourtravelandmore.com\/wp-content\/uploads\/2022\/12\/cropped-logo-cabecera-new.png\",\"contentUrl\":\"https:\/\/tourtravelandmore.com\/wp-content\/uploads\/2022\/12\/cropped-logo-cabecera-new.png\",\"width\":430,\"height\":61,\"caption\":\"Tour Travel And More\"},\"image\":{\"@id\":\"https:\/\/tourtravelandmore.com\/es\/#\/schema\/logo\/image\/\"},\"sameAs\":[\"https:\/\/www.facebook.com\/tourtravelandmore\/\",\"https:\/\/x.com\/TourTravel_More\"]}]}<\/script>\n<!-- \/ Yoast SEO Premium plugin. -->","yoast_head_json":{"title":"Tour privado a Mil\u00e1n desde G\u00e9nova | Tour Travel & More","description":"Disfrute de un tour privado a Mil\u00e1n desde G\u00e9nova con un veh\u00edculo de lujo y un gu\u00eda experto. Este tour de 3 horas incluye todo lo m\u00e1s destacado de Mil\u00e1n. \u00a1Reserve ahora y disfrute! \u2705","robots":{"index":"index","follow":"follow","max-snippet":"max-snippet:-1","max-image-preview":"max-image-preview:large","max-video-preview":"max-video-preview:-1"},"canonical":"https:\/\/tourtravelandmore.com\/es\/tours\/italia-es\/genova-es\/tour-privado-a-milan-desde-genova\/","og_locale":"es_ES","og_type":"article","og_title":"Tour privado a Mil\u00e1n desde G\u00e9nova","og_description":"Disfrute de un tour privado a Mil\u00e1n desde G\u00e9nova con un veh\u00edculo de lujo y un gu\u00eda experto. Este tour de 3 horas incluye todo lo m\u00e1s destacado de Mil\u00e1n. \u00a1Reserve ahora y disfrute! \u2705","og_url":"https:\/\/tourtravelandmore.com\/es\/tours\/italia-es\/genova-es\/tour-privado-a-milan-desde-genova\/","og_site_name":"Tour Travel And More","article_publisher":"https:\/\/www.facebook.com\/tourtravelandmore\/","article_modified_time":"2023-08-25T10:35:48+00:00","og_image":[{"width":900,"height":700,"url":"https:\/\/tourtravelandmore.com\/wp-content\/uploads\/2022\/06\/image2-12.jpg","type":"image\/jpeg"}],"twitter_card":"summary_large_image","twitter_site":"@TourTravel_More","twitter_misc":{"Tiempo de lectura":"2 minutos"},"schema":{"@context":"https:\/\/schema.org","@graph":[{"@type":"WebPage","@id":"https:\/\/tourtravelandmore.com\/es\/tours\/italia-es\/genova-es\/tour-privado-a-milan-desde-genova\/","url":"https:\/\/tourtravelandmore.com\/es\/tours\/italia-es\/genova-es\/tour-privado-a-milan-desde-genova\/","name":"Tour privado a Mil\u00e1n desde G\u00e9nova | Tour Travel & More","isPartOf":{"@id":"https:\/\/tourtravelandmore.com\/es\/#website"},"primaryImageOfPage":{"@id":"https:\/\/tourtravelandmore.com\/es\/tours\/italia-es\/genova-es\/tour-privado-a-milan-desde-genova\/#primaryimage"},"image":{"@id":"https:\/\/tourtravelandmore.com\/es\/tours\/italia-es\/genova-es\/tour-privado-a-milan-desde-genova\/#primaryimage"},"thumbnailUrl":"https:\/\/tourtravelandmore.com\/wp-content\/uploads\/2022\/06\/image2-12.jpg","datePublished":"2022-06-26T08:01:49+00:00","dateModified":"2023-08-25T10:35:48+00:00","description":"Disfrute de un tour privado a Mil\u00e1n desde G\u00e9nova con un veh\u00edculo de lujo y un gu\u00eda experto. Este tour de 3 horas incluye todo lo m\u00e1s destacado de Mil\u00e1n. \u00a1Reserve ahora y disfrute! \u2705","breadcrumb":{"@id":"https:\/\/tourtravelandmore.com\/es\/tours\/italia-es\/genova-es\/tour-privado-a-milan-desde-genova\/#breadcrumb"},"inLanguage":"es","potentialAction":[{"@type":"ReadAction","target":["https:\/\/tourtravelandmore.com\/es\/tours\/italia-es\/genova-es\/tour-privado-a-milan-desde-genova\/"]}]},{"@type":"ImageObject","inLanguage":"es","@id":"https:\/\/tourtravelandmore.com\/es\/tours\/italia-es\/genova-es\/tour-privado-a-milan-desde-genova\/#primaryimage","url":"https:\/\/tourtravelandmore.com\/wp-content\/uploads\/2022\/06\/image2-12.jpg","contentUrl":"https:\/\/tourtravelandmore.com\/wp-content\/uploads\/2022\/06\/image2-12.jpg","width":900,"height":700},{"@type":"BreadcrumbList","@id":"https:\/\/tourtravelandmore.com\/es\/tours\/italia-es\/genova-es\/tour-privado-a-milan-desde-genova\/#breadcrumb","itemListElement":[{"@type":"ListItem","position":1,"name":"Home","item":"https:\/\/tourtravelandmore.com\/es\/"},{"@type":"ListItem","position":2,"name":"Tours","item":"https:\/\/tourtravelandmore.com\/es\/tours\/"},{"@type":"ListItem","position":3,"name":"Tour privado a Mil\u00e1n desde G\u00e9nova"}]},{"@type":"WebSite","@id":"https:\/\/tourtravelandmore.com\/es\/#website","url":"https:\/\/tourtravelandmore.com\/es\/","name":"Tour Travel And More","description":"Private sightseeing tours and luxury transfers in Spain","publisher":{"@id":"https:\/\/tourtravelandmore.com\/es\/#organization"},"potentialAction":[{"@type":"SearchAction","target":{"@type":"EntryPoint","urlTemplate":"https:\/\/tourtravelandmore.com\/es\/?s={search_term_string}"},"query-input":{"@type":"PropertyValueSpecification","valueRequired":true,"valueName":"search_term_string"}}],"inLanguage":"es"},{"@type":"Organization","@id":"https:\/\/tourtravelandmore.com\/es\/#organization","name":"Tour Travel And More","url":"https:\/\/tourtravelandmore.com\/es\/","logo":{"@type":"ImageObject","inLanguage":"es","@id":"https:\/\/tourtravelandmore.com\/es\/#\/schema\/logo\/image\/","url":"https:\/\/tourtravelandmore.com\/wp-content\/uploads\/2022\/12\/cropped-logo-cabecera-new.png","contentUrl":"https:\/\/tourtravelandmore.com\/wp-content\/uploads\/2022\/12\/cropped-logo-cabecera-new.png","width":430,"height":61,"caption":"Tour Travel And More"},"image":{"@id":"https:\/\/tourtravelandmore.com\/es\/#\/schema\/logo\/image\/"},"sameAs":["https:\/\/www.facebook.com\/tourtravelandmore\/","https:\/\/x.com\/TourTravel_More"]}]}},"_links":{"self":[{"href":"https:\/\/tourtravelandmore.com\/es\/wp-json\/wp\/v2\/product\/129933","targetHints":{"allow":["GET"]}}],"collection":[{"href":"https:\/\/tourtravelandmore.com\/es\/wp-json\/wp\/v2\/product"}],"about":[{"href":"https:\/\/tourtravelandmore.com\/es\/wp-json\/wp\/v2\/types\/product"}],"replies":[{"embeddable":true,"href":"https:\/\/tourtravelandmore.com\/es\/wp-json\/wp\/v2\/comments?post=129933"}],"wp:featuredmedia":[{"embeddable":true,"href":"https:\/\/tourtravelandmore.com\/es\/wp-json\/wp\/v2\/media\/129955"}],"wp:attachment":[{"href":"https:\/\/tourtravelandmore.com\/es\/wp-json\/wp\/v2\/media?parent=129933"}],"wp:term":[{"taxonomy":"product_brand","embeddable":true,"href":"https:\/\/tourtravelandmore.com\/es\/wp-json\/wp\/v2\/product_brand?post=129933"},{"taxonomy":"product_cat","embeddable":true,"href":"https:\/\/tourtravelandmore.com\/es\/wp-json\/wp\/v2\/product_cat?post=129933"},{"taxonomy":"product_tag","embeddable":true,"href":"https:\/\/tourtravelandmore.com\/es\/wp-json\/wp\/v2\/product_tag?post=129933"}],"curies":[{"name":"wp","href":"https:\/\/api.w.org\/{rel}","templated":true}]}}