{"id":129890,"date":"2022-06-26T09:42:44","date_gmt":"2022-06-26T07:42:49","guid":{"rendered":"https:\/\/tourtravelandmore.com\/?post_type=product&#038;p=129890"},"modified":"2023-08-25T12:51:19","modified_gmt":"2023-08-25T10:51:19","slug":"tour-privado-a-chiavari","status":"publish","type":"product","link":"https:\/\/tourtravelandmore.com\/es\/tours\/italia-es\/genova-es\/tour-privado-a-chiavari\/","title":{"rendered":"Tour Privado a Chiavari, una joya escondida &#8211; Tour de  Medio D\u00eda"},"content":{"rendered":"<h2><b>Descripci\u00f3n de Excursi\u00f3n privada a Chiavari<\/b><\/h2>\n<p><span style=\"font-weight: 400;\">Chiavari, una joya indiscutible enclavada en los verdes terrenos de la provincia de G\u00e9nova y el et\u00e9reo paisaje de Liguria, se erige como un canto de sirena para los viajeros con predilecci\u00f3n por la historia intrincada, el arte impecable y el encanto natural intacto. Situada majestuosamente en lo alto de una colina, esta ciudad ofrece un impresionante retablo del resplandeciente golfo Tigullio. Si se profundiza en su nombre, se emprende un viaje ling\u00fc\u00edstico hasta la palabra latina &#8220;llave&#8221;, que subraya acertadamente el papel crucial de Chiavari como guardi\u00e1n del tramo m\u00e1s esbelto del golfo.<\/span><\/p>\n<p><span style=\"font-weight: 400;\">La topograf\u00eda de la ciudad es una sinfon\u00eda visual: desde la grandeza panor\u00e1mica de sus vistas hasta el encanto \u00edntimo del antiguo coraz\u00f3n de Chiavari. Al pasear por las laber\u00ednticas callejuelas empedradas, las maravillas medievales se alzan para saludarle, con sus estoicas piedras susurrando historias de \u00e9pocas pasadas y habitantes legendarios. Para quienes tengan un apetito insaciable por la historia y un buen ojo para las proezas arquitect\u00f3nicas, Chiavari es un tesoro escondido. Sus calles, salpicadas de iglesias centenarias, museos que invitan a la reflexi\u00f3n y edificios impregnados de tradici\u00f3n, prometen un viaje en el tiempo, una escapada cronol\u00f3gica en la que cada rinc\u00f3n reverbera con an\u00e9cdotas de sus ilustres anales.<\/span><\/p>\n<p><span style=\"font-weight: 400;\">Pero esta aventura no se limita a \u00e9pocas pasadas o lugares est\u00e1ticos. Es una experiencia envolvente que comienza con un confort y un lujo incomparables. En el momento de su encuentro, ya sea en un punto de inter\u00e9s de su preferencia o en los acogedores confines de su residencia genovesa, espere una c\u00e1lida bienvenida de su chofer y gu\u00eda cuidadosamente seleccionados. Su presencia, unida a sus amplios conocimientos, prepara el terreno para lo que promete ser una estancia indeleble en el coraz\u00f3n de Chiavari.<\/span><\/p>\n<h2><b>Lo m\u00e1s destacado de la Excursi\u00f3n Privada a Chiavari<\/b><\/h2>\n<p><span style=\"font-weight: 400;\">A medida que se desarrolla el tour de Chiavari, le espera una experiencia envolvente, acentuada por:<\/span><\/p>\n<ul>\n<li style=\"font-weight: 400;\" aria-level=\"1\"><span style=\"font-weight: 400;\">Una visita al santuario de un escultor de figuras, testigo del arte en movimiento.<\/span><\/li>\n<li style=\"font-weight: 400;\" aria-level=\"1\"><span style=\"font-weight: 400;\">El estudio de un carpintero dedicado, donde las ic\u00f3nicas sillas de campana de Chiavari son meticulosamente restauradas a su antigua gloria.<\/span><\/li>\n<li style=\"font-weight: 400;\" aria-level=\"1\"><span style=\"font-weight: 400;\">La sinfon\u00eda de aromas de la panader\u00eda local y la tienda de pastas, que ofrecen una visi\u00f3n de las tradiciones culinarias de Chiavari.<\/span><\/li>\n<li style=\"font-weight: 400;\" aria-level=\"1\"><span style=\"font-weight: 400;\">Retroceder en el tiempo en la f\u00e1brica de velas del siglo XV, testimonio de los antiguos oficios de la ciudad.<\/span><\/li>\n<li style=\"font-weight: 400;\" aria-level=\"1\"><span style=\"font-weight: 400;\">Para concluir la expedici\u00f3n, degustaremos un delicioso aperitivo en el ambiente vintage de uno de los caf\u00e9s hist\u00f3ricos de Chiavari.<\/span><\/li>\n<\/ul>\n<h2><\/h2>\n<p><span style=\"font-weight: 400;\">A medida que el acto final de esta apasionante expedici\u00f3n se acerca a su fin, su transici\u00f3n de regreso a G\u00e9nova promete serenidad y opulencia. Acom\u00f3dese en los lujosos confines del medio de transporte que haya elegido, saboreando cada momento de las pintorescas vistas que se despliegan ante usted. Tanto si prefiere el suave murmullo de la conversaci\u00f3n con su experto gu\u00eda como los momentos de introspecci\u00f3n mientras contempla las experiencias del d\u00eda, el viaje de vuelta ser\u00e1 tan memorable como la propia excursi\u00f3n. Y si ha optado por ello, la suntuosidad de un veh\u00edculo privado, conducido por un ch\u00f3fer experto y profesional, le garantiza un regreso con el m\u00e1ximo lujo, como colof\u00f3n a un d\u00eda ya de por s\u00ed inolvidable.<\/span><\/p>\n<p><span style=\"font-weight: 400;\">Pero que esto no sea el final. Italia, con sus innumerables historias, esplendores hist\u00f3ricos y paisajes et\u00e9reos, atrae al viajero insaciable que lleva dentro. Para saciar esta sed de viajes, le hacemos una invitaci\u00f3n, elaborada con precisi\u00f3n y pasi\u00f3n. Sum\u00e9rjase en nuestra experta colecci\u00f3n de visitas privadas, cada una de ellas dise\u00f1ada para <\/span><a href=\"https:\/\/tourtravelandmore.com\/es\/ciudad\/italia-es\/genova-es\/\"><span style=\"font-weight: 400;\">sumergirle a\u00fan m\u00e1s en las m\u00faltiples facetas de la fascinante ciudad de G\u00e9nova y sus vibrantes alrededores.<\/span><\/a><\/p>\n","protected":false},"excerpt":{"rendered":"<p><span style=\"font-weight: 400;\">Si busca una joya oculta que se salga de los caminos trillados, Chiavari es el destino perfecto. Y qu\u00e9 mejor manera de explorar esta encantadora ciudad que en un viaje privado de medio dia.<\/span><\/p>\n","protected":false},"featured_media":129915,"comment_status":"open","ping_status":"closed","template":"","meta":{"_acf_changed":false},"product_brand":[],"product_cat":[698,704,716,710,815],"product_tag":[],"class_list":{"0":"post-129890","1":"product","2":"type-product","3":"status-publish","4":"has-post-thumbnail","6":"product_cat-genova-es","7":"product_cat-genova-actividades-es","8":"product_cat-genova-rutas-turisticas-privadas-es","9":"product_cat-genova-excursiones-es","10":"product_cat-genova-excursiones-privadas-cruceros-es","12":"first","13":"instock","14":"shipping-taxable","15":"purchasable","16":"product-type-simple"},"acf":[],"yoast_head":"<!-- This site is optimized with the Yoast SEO Premium plugin v25.3.1 (Yoast SEO v25.3.1) - https:\/\/yoast.com\/wordpress\/plugins\/seo\/ -->\n<title>\u27a1\ufe0f Tour privado a Chiavari, una joya escondida | Tour Travel &amp; More<\/title>\n<meta name=\"description\" content=\"Disfrute de un tour privado de medio d\u00eda a la encantadora ciudad de Chiavari. Esta joya oculta se encuentra en la Riviera italiana y alberga una hermosa arquitectura y un paisaje impresionante \u2705\" \/>\n<meta name=\"robots\" content=\"index, follow, max-snippet:-1, max-image-preview:large, max-video-preview:-1\" \/>\n<link rel=\"canonical\" href=\"https:\/\/tourtravelandmore.com\/es\/tours\/italia-es\/genova-es\/tour-privado-a-chiavari\/\" \/>\n<meta property=\"og:locale\" content=\"es_ES\" \/>\n<meta property=\"og:type\" content=\"article\" \/>\n<meta property=\"og:title\" content=\"Tour Privado a Chiavari, una joya escondida - Tour de Medio D\u00eda\" \/>\n<meta property=\"og:description\" content=\"Disfrute de un tour privado de medio d\u00eda a la encantadora ciudad de Chiavari. Esta joya oculta se encuentra en la Riviera italiana y alberga una hermosa arquitectura y un paisaje impresionante \u2705\" \/>\n<meta property=\"og:url\" content=\"https:\/\/tourtravelandmore.com\/es\/tours\/italia-es\/genova-es\/tour-privado-a-chiavari\/\" \/>\n<meta property=\"og:site_name\" content=\"Tour Travel And More\" \/>\n<meta property=\"article:publisher\" content=\"https:\/\/www.facebook.com\/tourtravelandmore\/\" \/>\n<meta property=\"article:modified_time\" content=\"2023-08-25T10:51:19+00:00\" \/>\n<meta property=\"og:image\" content=\"https:\/\/tourtravelandmore.com\/wp-content\/uploads\/2022\/06\/image3-11.jpg\" \/>\n\t<meta property=\"og:image:width\" content=\"900\" \/>\n\t<meta property=\"og:image:height\" content=\"700\" \/>\n\t<meta property=\"og:image:type\" content=\"image\/jpeg\" \/>\n<meta name=\"twitter:card\" content=\"summary_large_image\" \/>\n<meta name=\"twitter:site\" content=\"@TourTravel_More\" \/>\n<meta name=\"twitter:label1\" content=\"Tiempo de lectura\" \/>\n\t<meta name=\"twitter:data1\" content=\"2 minutos\" \/>\n<script type=\"application\/ld+json\" class=\"yoast-schema-graph\">{\"@context\":\"https:\/\/schema.org\",\"@graph\":[{\"@type\":\"WebPage\",\"@id\":\"https:\/\/tourtravelandmore.com\/es\/tours\/italia-es\/genova-es\/tour-privado-a-chiavari\/\",\"url\":\"https:\/\/tourtravelandmore.com\/es\/tours\/italia-es\/genova-es\/tour-privado-a-chiavari\/\",\"name\":\"\u27a1\ufe0f Tour privado a Chiavari, una joya escondida | Tour Travel & More\",\"isPartOf\":{\"@id\":\"https:\/\/tourtravelandmore.com\/es\/#website\"},\"primaryImageOfPage\":{\"@id\":\"https:\/\/tourtravelandmore.com\/es\/tours\/italia-es\/genova-es\/tour-privado-a-chiavari\/#primaryimage\"},\"image\":{\"@id\":\"https:\/\/tourtravelandmore.com\/es\/tours\/italia-es\/genova-es\/tour-privado-a-chiavari\/#primaryimage\"},\"thumbnailUrl\":\"https:\/\/tourtravelandmore.com\/wp-content\/uploads\/2022\/06\/image3-11.jpg\",\"datePublished\":\"2022-06-26T07:42:49+00:00\",\"dateModified\":\"2023-08-25T10:51:19+00:00\",\"description\":\"Disfrute de un tour privado de medio d\u00eda a la encantadora ciudad de Chiavari. Esta joya oculta se encuentra en la Riviera italiana y alberga una hermosa arquitectura y un paisaje impresionante \u2705\",\"breadcrumb\":{\"@id\":\"https:\/\/tourtravelandmore.com\/es\/tours\/italia-es\/genova-es\/tour-privado-a-chiavari\/#breadcrumb\"},\"inLanguage\":\"es\",\"potentialAction\":[{\"@type\":\"ReadAction\",\"target\":[\"https:\/\/tourtravelandmore.com\/es\/tours\/italia-es\/genova-es\/tour-privado-a-chiavari\/\"]}]},{\"@type\":\"ImageObject\",\"inLanguage\":\"es\",\"@id\":\"https:\/\/tourtravelandmore.com\/es\/tours\/italia-es\/genova-es\/tour-privado-a-chiavari\/#primaryimage\",\"url\":\"https:\/\/tourtravelandmore.com\/wp-content\/uploads\/2022\/06\/image3-11.jpg\",\"contentUrl\":\"https:\/\/tourtravelandmore.com\/wp-content\/uploads\/2022\/06\/image3-11.jpg\",\"width\":900,\"height\":700},{\"@type\":\"BreadcrumbList\",\"@id\":\"https:\/\/tourtravelandmore.com\/es\/tours\/italia-es\/genova-es\/tour-privado-a-chiavari\/#breadcrumb\",\"itemListElement\":[{\"@type\":\"ListItem\",\"position\":1,\"name\":\"Home\",\"item\":\"https:\/\/tourtravelandmore.com\/es\/\"},{\"@type\":\"ListItem\",\"position\":2,\"name\":\"Tours\",\"item\":\"https:\/\/tourtravelandmore.com\/es\/tours\/\"},{\"@type\":\"ListItem\",\"position\":3,\"name\":\"Tour Privado a Chiavari, una joya escondida &#8211; Tour de Medio D\u00eda\"}]},{\"@type\":\"WebSite\",\"@id\":\"https:\/\/tourtravelandmore.com\/es\/#website\",\"url\":\"https:\/\/tourtravelandmore.com\/es\/\",\"name\":\"Tour Travel And More\",\"description\":\"Private sightseeing tours and luxury transfers in Spain\",\"publisher\":{\"@id\":\"https:\/\/tourtravelandmore.com\/es\/#organization\"},\"potentialAction\":[{\"@type\":\"SearchAction\",\"target\":{\"@type\":\"EntryPoint\",\"urlTemplate\":\"https:\/\/tourtravelandmore.com\/es\/?s={search_term_string}\"},\"query-input\":{\"@type\":\"PropertyValueSpecification\",\"valueRequired\":true,\"valueName\":\"search_term_string\"}}],\"inLanguage\":\"es\"},{\"@type\":\"Organization\",\"@id\":\"https:\/\/tourtravelandmore.com\/es\/#organization\",\"name\":\"Tour Travel And More\",\"url\":\"https:\/\/tourtravelandmore.com\/es\/\",\"logo\":{\"@type\":\"ImageObject\",\"inLanguage\":\"es\",\"@id\":\"https:\/\/tourtravelandmore.com\/es\/#\/schema\/logo\/image\/\",\"url\":\"https:\/\/tourtravelandmore.com\/wp-content\/uploads\/2022\/12\/cropped-logo-cabecera-new.png\",\"contentUrl\":\"https:\/\/tourtravelandmore.com\/wp-content\/uploads\/2022\/12\/cropped-logo-cabecera-new.png\",\"width\":430,\"height\":61,\"caption\":\"Tour Travel And More\"},\"image\":{\"@id\":\"https:\/\/tourtravelandmore.com\/es\/#\/schema\/logo\/image\/\"},\"sameAs\":[\"https:\/\/www.facebook.com\/tourtravelandmore\/\",\"https:\/\/x.com\/TourTravel_More\"]}]}<\/script>\n<!-- \/ Yoast SEO Premium plugin. -->","yoast_head_json":{"title":"\u27a1\ufe0f Tour privado a Chiavari, una joya escondida | Tour Travel & More","description":"Disfrute de un tour privado de medio d\u00eda a la encantadora ciudad de Chiavari. Esta joya oculta se encuentra en la Riviera italiana y alberga una hermosa arquitectura y un paisaje impresionante \u2705","robots":{"index":"index","follow":"follow","max-snippet":"max-snippet:-1","max-image-preview":"max-image-preview:large","max-video-preview":"max-video-preview:-1"},"canonical":"https:\/\/tourtravelandmore.com\/es\/tours\/italia-es\/genova-es\/tour-privado-a-chiavari\/","og_locale":"es_ES","og_type":"article","og_title":"Tour Privado a Chiavari, una joya escondida - Tour de Medio D\u00eda","og_description":"Disfrute de un tour privado de medio d\u00eda a la encantadora ciudad de Chiavari. Esta joya oculta se encuentra en la Riviera italiana y alberga una hermosa arquitectura y un paisaje impresionante \u2705","og_url":"https:\/\/tourtravelandmore.com\/es\/tours\/italia-es\/genova-es\/tour-privado-a-chiavari\/","og_site_name":"Tour Travel And More","article_publisher":"https:\/\/www.facebook.com\/tourtravelandmore\/","article_modified_time":"2023-08-25T10:51:19+00:00","og_image":[{"width":900,"height":700,"url":"https:\/\/tourtravelandmore.com\/wp-content\/uploads\/2022\/06\/image3-11.jpg","type":"image\/jpeg"}],"twitter_card":"summary_large_image","twitter_site":"@TourTravel_More","twitter_misc":{"Tiempo de lectura":"2 minutos"},"schema":{"@context":"https:\/\/schema.org","@graph":[{"@type":"WebPage","@id":"https:\/\/tourtravelandmore.com\/es\/tours\/italia-es\/genova-es\/tour-privado-a-chiavari\/","url":"https:\/\/tourtravelandmore.com\/es\/tours\/italia-es\/genova-es\/tour-privado-a-chiavari\/","name":"\u27a1\ufe0f Tour privado a Chiavari, una joya escondida | Tour Travel & More","isPartOf":{"@id":"https:\/\/tourtravelandmore.com\/es\/#website"},"primaryImageOfPage":{"@id":"https:\/\/tourtravelandmore.com\/es\/tours\/italia-es\/genova-es\/tour-privado-a-chiavari\/#primaryimage"},"image":{"@id":"https:\/\/tourtravelandmore.com\/es\/tours\/italia-es\/genova-es\/tour-privado-a-chiavari\/#primaryimage"},"thumbnailUrl":"https:\/\/tourtravelandmore.com\/wp-content\/uploads\/2022\/06\/image3-11.jpg","datePublished":"2022-06-26T07:42:49+00:00","dateModified":"2023-08-25T10:51:19+00:00","description":"Disfrute de un tour privado de medio d\u00eda a la encantadora ciudad de Chiavari. Esta joya oculta se encuentra en la Riviera italiana y alberga una hermosa arquitectura y un paisaje impresionante \u2705","breadcrumb":{"@id":"https:\/\/tourtravelandmore.com\/es\/tours\/italia-es\/genova-es\/tour-privado-a-chiavari\/#breadcrumb"},"inLanguage":"es","potentialAction":[{"@type":"ReadAction","target":["https:\/\/tourtravelandmore.com\/es\/tours\/italia-es\/genova-es\/tour-privado-a-chiavari\/"]}]},{"@type":"ImageObject","inLanguage":"es","@id":"https:\/\/tourtravelandmore.com\/es\/tours\/italia-es\/genova-es\/tour-privado-a-chiavari\/#primaryimage","url":"https:\/\/tourtravelandmore.com\/wp-content\/uploads\/2022\/06\/image3-11.jpg","contentUrl":"https:\/\/tourtravelandmore.com\/wp-content\/uploads\/2022\/06\/image3-11.jpg","width":900,"height":700},{"@type":"BreadcrumbList","@id":"https:\/\/tourtravelandmore.com\/es\/tours\/italia-es\/genova-es\/tour-privado-a-chiavari\/#breadcrumb","itemListElement":[{"@type":"ListItem","position":1,"name":"Home","item":"https:\/\/tourtravelandmore.com\/es\/"},{"@type":"ListItem","position":2,"name":"Tours","item":"https:\/\/tourtravelandmore.com\/es\/tours\/"},{"@type":"ListItem","position":3,"name":"Tour Privado a Chiavari, una joya escondida &#8211; Tour de Medio D\u00eda"}]},{"@type":"WebSite","@id":"https:\/\/tourtravelandmore.com\/es\/#website","url":"https:\/\/tourtravelandmore.com\/es\/","name":"Tour Travel And More","description":"Private sightseeing tours and luxury transfers in Spain","publisher":{"@id":"https:\/\/tourtravelandmore.com\/es\/#organization"},"potentialAction":[{"@type":"SearchAction","target":{"@type":"EntryPoint","urlTemplate":"https:\/\/tourtravelandmore.com\/es\/?s={search_term_string}"},"query-input":{"@type":"PropertyValueSpecification","valueRequired":true,"valueName":"search_term_string"}}],"inLanguage":"es"},{"@type":"Organization","@id":"https:\/\/tourtravelandmore.com\/es\/#organization","name":"Tour Travel And More","url":"https:\/\/tourtravelandmore.com\/es\/","logo":{"@type":"ImageObject","inLanguage":"es","@id":"https:\/\/tourtravelandmore.com\/es\/#\/schema\/logo\/image\/","url":"https:\/\/tourtravelandmore.com\/wp-content\/uploads\/2022\/12\/cropped-logo-cabecera-new.png","contentUrl":"https:\/\/tourtravelandmore.com\/wp-content\/uploads\/2022\/12\/cropped-logo-cabecera-new.png","width":430,"height":61,"caption":"Tour Travel And More"},"image":{"@id":"https:\/\/tourtravelandmore.com\/es\/#\/schema\/logo\/image\/"},"sameAs":["https:\/\/www.facebook.com\/tourtravelandmore\/","https:\/\/x.com\/TourTravel_More"]}]}},"_links":{"self":[{"href":"https:\/\/tourtravelandmore.com\/es\/wp-json\/wp\/v2\/product\/129890","targetHints":{"allow":["GET"]}}],"collection":[{"href":"https:\/\/tourtravelandmore.com\/es\/wp-json\/wp\/v2\/product"}],"about":[{"href":"https:\/\/tourtravelandmore.com\/es\/wp-json\/wp\/v2\/types\/product"}],"replies":[{"embeddable":true,"href":"https:\/\/tourtravelandmore.com\/es\/wp-json\/wp\/v2\/comments?post=129890"}],"wp:featuredmedia":[{"embeddable":true,"href":"https:\/\/tourtravelandmore.com\/es\/wp-json\/wp\/v2\/media\/129915"}],"wp:attachment":[{"href":"https:\/\/tourtravelandmore.com\/es\/wp-json\/wp\/v2\/media?parent=129890"}],"wp:term":[{"taxonomy":"product_brand","embeddable":true,"href":"https:\/\/tourtravelandmore.com\/es\/wp-json\/wp\/v2\/product_brand?post=129890"},{"taxonomy":"product_cat","embeddable":true,"href":"https:\/\/tourtravelandmore.com\/es\/wp-json\/wp\/v2\/product_cat?post=129890"},{"taxonomy":"product_tag","embeddable":true,"href":"https:\/\/tourtravelandmore.com\/es\/wp-json\/wp\/v2\/product_tag?post=129890"}],"curies":[{"name":"wp","href":"https:\/\/api.w.org\/{rel}","templated":true}]}}