{"id":129459,"date":"2022-06-21T17:15:57","date_gmt":"2022-06-21T15:16:02","guid":{"rendered":"https:\/\/tourtravelandmore.com\/?post_type=product&#038;p=129459"},"modified":"2025-02-17T15:48:54","modified_gmt":"2025-02-17T14:48:54","slug":"tour-privado-lo-mejor-de-genova-y-portofino","status":"publish","type":"product","link":"https:\/\/tourtravelandmore.com\/es\/tours\/italia-es\/genova-es\/tour-privado-lo-mejor-de-genova-y-portofino\/","title":{"rendered":"Tour privado Lo Mejor de G\u00e9nova y Portofino"},"content":{"rendered":"<h2><b>Descripci\u00f3n del Gran Tour Privado: lo mejor de G\u00e9nova y Portofino<\/b><\/h2>\n<p>Ad\u00e9ntrese en las rom\u00e1nticas historias de G\u00e9nova y en el cautivador paisaje de ensue\u00f1o de Portofino con nuestro tour privado meticulosamente dise\u00f1ado, pensado para aquellos que anhelan algo m\u00e1s que lo ordinario. Este viaje trasciende los l\u00edmites tradicionales, prometiendo no solo un fest\u00edn visual, sino una sinfon\u00eda de experiencias que resuenan en el coraz\u00f3n y el alma. Es m\u00e1s que un simple recorrido tur\u00edstico; es un evocador viaje a trav\u00e9s del tiempo, un baile \u00edntimo con la historia y un conmovedor abrazo de las m\u00e1s magn\u00edficas ofrendas de la naturaleza.<\/p>\n<p>G\u00e9nova, la gran rep\u00fablica mar\u00edtima, atrae con una gran cantidad de secretos. D\u00e9jese cautivar por el impresionante Acuario de G\u00e9nova, un testimonio de las maravillas marinas, que se erige orgulloso como el conservatorio oce\u00e1nico sin igual de Europa.<\/p>\n<p>Y justo cuando cree que su coraz\u00f3n est\u00e1 lleno, elevamos la experiencia. Su viaje comienza con un toque personal, elegante y sin prisas. Nuestro experimentado gu\u00eda, un experto con una pasi\u00f3n contagiosa por su tierra natal, acompa\u00f1ado por un ch\u00f3fer profesional, le dar\u00e1 una c\u00e1lida bienvenida, ya sea en un famoso lugar de inter\u00e9s genov\u00e9s o en la misma puerta del alojamiento elegido. Juntos, est\u00e1n preparados para llevarle a un viaje inolvidable a trav\u00e9s de las joyas costeras m\u00e1s apreciadas de Italia.<\/p>\n<h2><b>Puntos de inter\u00e9s<\/b><\/h2>\n<p>G\u00e9nova no es solo un testimonio de la antig\u00fcedad de Italia, sino un tapiz vivo y palpitante de diversas culturas, arte de \u00e9poca y haza\u00f1as monumentales de arquitectura hist\u00f3rica. Reconocido como Patrimonio de la Humanidad por la UNESCO, su casco antiguo es similar a un museo al aire libre, cada calle y plaza se hace eco de historias de una \u00e9poca pasada.<\/p>\n<p>Portofino, por otro lado, es una obra maestra de la naturaleza. M\u00e1s all\u00e1 de su fama como pintoresco pueblo de pescadores, es una armon\u00eda de tonos vibrantes, reflejados en las aguas cristalinas del Mediterr\u00e1neo. Sus calles empedradas, bordeadas de boutiques de artesan\u00eda, conducen a verdes miradores, mientras que el aroma de las delicias italianas reci\u00e9n preparadas se extiende desde pintorescos caf\u00e9s y restaurantes de lujo, invit\u00e1ndole a darse un capricho.<\/p>\n<p>Para sumergirse de verdad en la esencia de estos dos lugares emblem\u00e1ticos, nuestro tour privado ofrece una experiencia curada, hilvanando el tejido de la historia, la cultura y una belleza inigualable.<\/p>\n<p><b><strong>Su gu\u00eda experto le ofrecer\u00e1 experiencias en:<\/strong><\/b><\/p>\n<ol>\n<li><b>Puerto de Portofino y Piazzetta<\/b>:\n<ul>\n<li>El puerto de Portofino es una pintoresca media luna de coloridos edificios bordeados de boutiques de lujo y restaurantes de marisco. Anclado junto a la bulliciosa Piazzetta, este puerto ofrece una experiencia por excelencia de la Riviera italiana. Mientras pasea, ver\u00e1 yates de lujo anclados y tal vez incluso podr\u00e1 ver a algunas celebridades.<\/li>\n<\/ul>\n<\/li>\n<li><b>Castello Brown<\/b>:\n<ul>\n<li>Situado en lo alto de una colina, Castello Brown ofrece vistas panor\u00e1micas del mar de Liguria y de Portofino. Este castillo hist\u00f3rico convertido en museo exhibe una mezcla de artefactos, hermosos jardines y una historia cautivadora.<\/li>\n<\/ul>\n<\/li>\n<\/ol>\n<p><b><strong>G\u00e9nova:<\/strong><\/b><\/p>\n<ol>\n<li><b>Lanterna di Genova (Faro de G\u00e9nova):<\/b> Experimente la emblem\u00e1tica Lanterna di Genova, el hist\u00f3rico faro de G\u00e9nova y s\u00edmbolo de la ciudad. Situado a una altura impresionante, ofrece a los visitantes unas vistas impresionantes del puerto y del paisaje urbano. El faro tambi\u00e9n cuenta con un museo dedicado a su historia y al patrimonio mar\u00edtimo de G\u00e9nova, que ofrece una visi\u00f3n \u00fanica de la antigua conexi\u00f3n de la ciudad con el mar.<\/li>\n<li><b>Via Garibaldi y los Palazzi dei Rolli<\/b>:\n<ul>\n<li>Este lugar, declarado Patrimonio de la Humanidad por la UNESCO, en el coraz\u00f3n de G\u00e9nova, es un testimonio de la rica historia y destreza arquitect\u00f3nica de la ciudad. Bordeada de magn\u00edficos palacios de la \u00e9poca renacentista, Via Garibaldi ofrece un viaje al pasado. Los Palazzi dei Rolli, una serie de palacios en esta calle, fueron en su d\u00eda las casas de las familias m\u00e1s influyentes de G\u00e9nova.<\/li>\n<\/ul>\n<\/li>\n<\/ol>\n<p>Cuando el sol proyecta su tono dorado, se\u00f1alando el final del d\u00eda, su devoto ch\u00f3fer y su erudito gu\u00eda le aseguran un c\u00f3modo regreso a G\u00e9nova. Para aquellos que deseen una esencia de lujo junto con libertad, tambi\u00e9n presentamos el tour que incluye solo un veh\u00edculo privado de lujo y nuestro conductor capacitado. Para familiarizarse a\u00fan m\u00e1s con el ilustre tapiz y las diversas ofertas de G\u00e9nova, <a href=\"https:\/\/tourtravelandmore.com\/es\/ciudad\/italia-es\/genova-es\/\">nuestra amplia gama de tours privados, dise\u00f1ados para el viajero exigente, est\u00e1 a solo un vistazo.<\/a><\/p>\n","protected":false},"excerpt":{"rendered":"<p><span style=\"font-weight: 400;\">Descubra la incre\u00edble ciudad de G\u00e9nova y la hermosa costa de Porto fino en esta excursi\u00f3n privada. Su gu\u00eda profesional les llevar\u00e1 a los principales lugares de inter\u00e9s, incluyendo el Acuario de G\u00e9nova, el mayor oceanario de Europa; el Palacio Ducal, un magn\u00edfico palacio que fue el hogar de los Doge de G\u00e9nova; y la Catedral de San Lorenzo, una de las iglesias m\u00e1s importantes de la ciudad.<\/span><\/p>\n","protected":false},"featured_media":129487,"comment_status":"open","ping_status":"closed","template":"","meta":{"_acf_changed":false},"product_brand":[],"product_cat":[698,704,716,710,815],"product_tag":[],"class_list":{"0":"post-129459","1":"product","2":"type-product","3":"status-publish","4":"has-post-thumbnail","6":"product_cat-genova-es","7":"product_cat-genova-actividades-es","8":"product_cat-genova-rutas-turisticas-privadas-es","9":"product_cat-genova-excursiones-es","10":"product_cat-genova-excursiones-privadas-cruceros-es","12":"first","13":"instock","14":"shipping-taxable","15":"purchasable","16":"product-type-simple"},"acf":[],"yoast_head":"<!-- This site is optimized with the Yoast SEO Premium plugin v25.3.1 (Yoast SEO v25.3.1) - https:\/\/yoast.com\/wordpress\/plugins\/seo\/ -->\n<title>\u27a1\ufe0f Tour privado Lo Mejor de G\u00e9nova y Portofino | Tour Travel &amp; More<\/title>\n<meta name=\"description\" content=\"Tour privado Lo mejor de G\u00e9nova y Portofino con gu\u00eda y veh\u00edculo privado de lujo. Descubra la ciudad de G\u00e9nova y el encantador pueblo de Portofino en este tour de 8 horas \u2705\" \/>\n<meta name=\"robots\" content=\"index, follow, max-snippet:-1, max-image-preview:large, max-video-preview:-1\" \/>\n<link rel=\"canonical\" href=\"https:\/\/tourtravelandmore.com\/es\/tours\/italia-es\/genova-es\/tour-privado-lo-mejor-de-genova-y-portofino\/\" \/>\n<meta property=\"og:locale\" content=\"es_ES\" \/>\n<meta property=\"og:type\" content=\"article\" \/>\n<meta property=\"og:title\" content=\"Tour privado Lo Mejor de G\u00e9nova y Portofino\" \/>\n<meta property=\"og:description\" content=\"Tour privado Lo mejor de G\u00e9nova y Portofino con gu\u00eda y veh\u00edculo privado de lujo. Descubra la ciudad de G\u00e9nova y el encantador pueblo de Portofino en este tour de 8 horas \u2705\" \/>\n<meta property=\"og:url\" content=\"https:\/\/tourtravelandmore.com\/es\/tours\/italia-es\/genova-es\/tour-privado-lo-mejor-de-genova-y-portofino\/\" \/>\n<meta property=\"og:site_name\" content=\"Tour Travel And More\" \/>\n<meta property=\"article:publisher\" content=\"https:\/\/www.facebook.com\/tourtravelandmore\/\" \/>\n<meta property=\"article:modified_time\" content=\"2025-02-17T14:48:54+00:00\" \/>\n<meta property=\"og:image\" content=\"https:\/\/tourtravelandmore.com\/wp-content\/uploads\/2022\/06\/image3-9.jpg\" \/>\n\t<meta property=\"og:image:width\" content=\"900\" \/>\n\t<meta property=\"og:image:height\" content=\"700\" \/>\n\t<meta property=\"og:image:type\" content=\"image\/jpeg\" \/>\n<meta name=\"twitter:card\" content=\"summary_large_image\" \/>\n<meta name=\"twitter:site\" content=\"@TourTravel_More\" \/>\n<meta name=\"twitter:label1\" content=\"Tiempo de lectura\" \/>\n\t<meta name=\"twitter:data1\" content=\"4 minutos\" \/>\n<script type=\"application\/ld+json\" class=\"yoast-schema-graph\">{\"@context\":\"https:\/\/schema.org\",\"@graph\":[{\"@type\":\"WebPage\",\"@id\":\"https:\/\/tourtravelandmore.com\/es\/tours\/italia-es\/genova-es\/tour-privado-lo-mejor-de-genova-y-portofino\/\",\"url\":\"https:\/\/tourtravelandmore.com\/es\/tours\/italia-es\/genova-es\/tour-privado-lo-mejor-de-genova-y-portofino\/\",\"name\":\"\u27a1\ufe0f Tour privado Lo Mejor de G\u00e9nova y Portofino | Tour Travel & More\",\"isPartOf\":{\"@id\":\"https:\/\/tourtravelandmore.com\/es\/#website\"},\"primaryImageOfPage\":{\"@id\":\"https:\/\/tourtravelandmore.com\/es\/tours\/italia-es\/genova-es\/tour-privado-lo-mejor-de-genova-y-portofino\/#primaryimage\"},\"image\":{\"@id\":\"https:\/\/tourtravelandmore.com\/es\/tours\/italia-es\/genova-es\/tour-privado-lo-mejor-de-genova-y-portofino\/#primaryimage\"},\"thumbnailUrl\":\"https:\/\/tourtravelandmore.com\/wp-content\/uploads\/2022\/06\/image3-9.jpg\",\"datePublished\":\"2022-06-21T15:16:02+00:00\",\"dateModified\":\"2025-02-17T14:48:54+00:00\",\"description\":\"Tour privado Lo mejor de G\u00e9nova y Portofino con gu\u00eda y veh\u00edculo privado de lujo. Descubra la ciudad de G\u00e9nova y el encantador pueblo de Portofino en este tour de 8 horas \u2705\",\"breadcrumb\":{\"@id\":\"https:\/\/tourtravelandmore.com\/es\/tours\/italia-es\/genova-es\/tour-privado-lo-mejor-de-genova-y-portofino\/#breadcrumb\"},\"inLanguage\":\"es\",\"potentialAction\":[{\"@type\":\"ReadAction\",\"target\":[\"https:\/\/tourtravelandmore.com\/es\/tours\/italia-es\/genova-es\/tour-privado-lo-mejor-de-genova-y-portofino\/\"]}]},{\"@type\":\"ImageObject\",\"inLanguage\":\"es\",\"@id\":\"https:\/\/tourtravelandmore.com\/es\/tours\/italia-es\/genova-es\/tour-privado-lo-mejor-de-genova-y-portofino\/#primaryimage\",\"url\":\"https:\/\/tourtravelandmore.com\/wp-content\/uploads\/2022\/06\/image3-9.jpg\",\"contentUrl\":\"https:\/\/tourtravelandmore.com\/wp-content\/uploads\/2022\/06\/image3-9.jpg\",\"width\":900,\"height\":700},{\"@type\":\"BreadcrumbList\",\"@id\":\"https:\/\/tourtravelandmore.com\/es\/tours\/italia-es\/genova-es\/tour-privado-lo-mejor-de-genova-y-portofino\/#breadcrumb\",\"itemListElement\":[{\"@type\":\"ListItem\",\"position\":1,\"name\":\"Home\",\"item\":\"https:\/\/tourtravelandmore.com\/es\/\"},{\"@type\":\"ListItem\",\"position\":2,\"name\":\"Tours\",\"item\":\"https:\/\/tourtravelandmore.com\/es\/tours\/\"},{\"@type\":\"ListItem\",\"position\":3,\"name\":\"Tour privado Lo Mejor de G\u00e9nova y Portofino\"}]},{\"@type\":\"WebSite\",\"@id\":\"https:\/\/tourtravelandmore.com\/es\/#website\",\"url\":\"https:\/\/tourtravelandmore.com\/es\/\",\"name\":\"Tour Travel And More\",\"description\":\"Private sightseeing tours and luxury transfers in Spain\",\"publisher\":{\"@id\":\"https:\/\/tourtravelandmore.com\/es\/#organization\"},\"potentialAction\":[{\"@type\":\"SearchAction\",\"target\":{\"@type\":\"EntryPoint\",\"urlTemplate\":\"https:\/\/tourtravelandmore.com\/es\/?s={search_term_string}\"},\"query-input\":{\"@type\":\"PropertyValueSpecification\",\"valueRequired\":true,\"valueName\":\"search_term_string\"}}],\"inLanguage\":\"es\"},{\"@type\":\"Organization\",\"@id\":\"https:\/\/tourtravelandmore.com\/es\/#organization\",\"name\":\"Tour Travel And More\",\"url\":\"https:\/\/tourtravelandmore.com\/es\/\",\"logo\":{\"@type\":\"ImageObject\",\"inLanguage\":\"es\",\"@id\":\"https:\/\/tourtravelandmore.com\/es\/#\/schema\/logo\/image\/\",\"url\":\"https:\/\/tourtravelandmore.com\/wp-content\/uploads\/2022\/12\/cropped-logo-cabecera-new.png\",\"contentUrl\":\"https:\/\/tourtravelandmore.com\/wp-content\/uploads\/2022\/12\/cropped-logo-cabecera-new.png\",\"width\":430,\"height\":61,\"caption\":\"Tour Travel And More\"},\"image\":{\"@id\":\"https:\/\/tourtravelandmore.com\/es\/#\/schema\/logo\/image\/\"},\"sameAs\":[\"https:\/\/www.facebook.com\/tourtravelandmore\/\",\"https:\/\/x.com\/TourTravel_More\"]}]}<\/script>\n<!-- \/ Yoast SEO Premium plugin. -->","yoast_head_json":{"title":"\u27a1\ufe0f Tour privado Lo Mejor de G\u00e9nova y Portofino | Tour Travel & More","description":"Tour privado Lo mejor de G\u00e9nova y Portofino con gu\u00eda y veh\u00edculo privado de lujo. Descubra la ciudad de G\u00e9nova y el encantador pueblo de Portofino en este tour de 8 horas \u2705","robots":{"index":"index","follow":"follow","max-snippet":"max-snippet:-1","max-image-preview":"max-image-preview:large","max-video-preview":"max-video-preview:-1"},"canonical":"https:\/\/tourtravelandmore.com\/es\/tours\/italia-es\/genova-es\/tour-privado-lo-mejor-de-genova-y-portofino\/","og_locale":"es_ES","og_type":"article","og_title":"Tour privado Lo Mejor de G\u00e9nova y Portofino","og_description":"Tour privado Lo mejor de G\u00e9nova y Portofino con gu\u00eda y veh\u00edculo privado de lujo. Descubra la ciudad de G\u00e9nova y el encantador pueblo de Portofino en este tour de 8 horas \u2705","og_url":"https:\/\/tourtravelandmore.com\/es\/tours\/italia-es\/genova-es\/tour-privado-lo-mejor-de-genova-y-portofino\/","og_site_name":"Tour Travel And More","article_publisher":"https:\/\/www.facebook.com\/tourtravelandmore\/","article_modified_time":"2025-02-17T14:48:54+00:00","og_image":[{"width":900,"height":700,"url":"https:\/\/tourtravelandmore.com\/wp-content\/uploads\/2022\/06\/image3-9.jpg","type":"image\/jpeg"}],"twitter_card":"summary_large_image","twitter_site":"@TourTravel_More","twitter_misc":{"Tiempo de lectura":"4 minutos"},"schema":{"@context":"https:\/\/schema.org","@graph":[{"@type":"WebPage","@id":"https:\/\/tourtravelandmore.com\/es\/tours\/italia-es\/genova-es\/tour-privado-lo-mejor-de-genova-y-portofino\/","url":"https:\/\/tourtravelandmore.com\/es\/tours\/italia-es\/genova-es\/tour-privado-lo-mejor-de-genova-y-portofino\/","name":"\u27a1\ufe0f Tour privado Lo Mejor de G\u00e9nova y Portofino | Tour Travel & More","isPartOf":{"@id":"https:\/\/tourtravelandmore.com\/es\/#website"},"primaryImageOfPage":{"@id":"https:\/\/tourtravelandmore.com\/es\/tours\/italia-es\/genova-es\/tour-privado-lo-mejor-de-genova-y-portofino\/#primaryimage"},"image":{"@id":"https:\/\/tourtravelandmore.com\/es\/tours\/italia-es\/genova-es\/tour-privado-lo-mejor-de-genova-y-portofino\/#primaryimage"},"thumbnailUrl":"https:\/\/tourtravelandmore.com\/wp-content\/uploads\/2022\/06\/image3-9.jpg","datePublished":"2022-06-21T15:16:02+00:00","dateModified":"2025-02-17T14:48:54+00:00","description":"Tour privado Lo mejor de G\u00e9nova y Portofino con gu\u00eda y veh\u00edculo privado de lujo. Descubra la ciudad de G\u00e9nova y el encantador pueblo de Portofino en este tour de 8 horas \u2705","breadcrumb":{"@id":"https:\/\/tourtravelandmore.com\/es\/tours\/italia-es\/genova-es\/tour-privado-lo-mejor-de-genova-y-portofino\/#breadcrumb"},"inLanguage":"es","potentialAction":[{"@type":"ReadAction","target":["https:\/\/tourtravelandmore.com\/es\/tours\/italia-es\/genova-es\/tour-privado-lo-mejor-de-genova-y-portofino\/"]}]},{"@type":"ImageObject","inLanguage":"es","@id":"https:\/\/tourtravelandmore.com\/es\/tours\/italia-es\/genova-es\/tour-privado-lo-mejor-de-genova-y-portofino\/#primaryimage","url":"https:\/\/tourtravelandmore.com\/wp-content\/uploads\/2022\/06\/image3-9.jpg","contentUrl":"https:\/\/tourtravelandmore.com\/wp-content\/uploads\/2022\/06\/image3-9.jpg","width":900,"height":700},{"@type":"BreadcrumbList","@id":"https:\/\/tourtravelandmore.com\/es\/tours\/italia-es\/genova-es\/tour-privado-lo-mejor-de-genova-y-portofino\/#breadcrumb","itemListElement":[{"@type":"ListItem","position":1,"name":"Home","item":"https:\/\/tourtravelandmore.com\/es\/"},{"@type":"ListItem","position":2,"name":"Tours","item":"https:\/\/tourtravelandmore.com\/es\/tours\/"},{"@type":"ListItem","position":3,"name":"Tour privado Lo Mejor de G\u00e9nova y Portofino"}]},{"@type":"WebSite","@id":"https:\/\/tourtravelandmore.com\/es\/#website","url":"https:\/\/tourtravelandmore.com\/es\/","name":"Tour Travel And More","description":"Private sightseeing tours and luxury transfers in Spain","publisher":{"@id":"https:\/\/tourtravelandmore.com\/es\/#organization"},"potentialAction":[{"@type":"SearchAction","target":{"@type":"EntryPoint","urlTemplate":"https:\/\/tourtravelandmore.com\/es\/?s={search_term_string}"},"query-input":{"@type":"PropertyValueSpecification","valueRequired":true,"valueName":"search_term_string"}}],"inLanguage":"es"},{"@type":"Organization","@id":"https:\/\/tourtravelandmore.com\/es\/#organization","name":"Tour Travel And More","url":"https:\/\/tourtravelandmore.com\/es\/","logo":{"@type":"ImageObject","inLanguage":"es","@id":"https:\/\/tourtravelandmore.com\/es\/#\/schema\/logo\/image\/","url":"https:\/\/tourtravelandmore.com\/wp-content\/uploads\/2022\/12\/cropped-logo-cabecera-new.png","contentUrl":"https:\/\/tourtravelandmore.com\/wp-content\/uploads\/2022\/12\/cropped-logo-cabecera-new.png","width":430,"height":61,"caption":"Tour Travel And More"},"image":{"@id":"https:\/\/tourtravelandmore.com\/es\/#\/schema\/logo\/image\/"},"sameAs":["https:\/\/www.facebook.com\/tourtravelandmore\/","https:\/\/x.com\/TourTravel_More"]}]}},"_links":{"self":[{"href":"https:\/\/tourtravelandmore.com\/es\/wp-json\/wp\/v2\/product\/129459","targetHints":{"allow":["GET"]}}],"collection":[{"href":"https:\/\/tourtravelandmore.com\/es\/wp-json\/wp\/v2\/product"}],"about":[{"href":"https:\/\/tourtravelandmore.com\/es\/wp-json\/wp\/v2\/types\/product"}],"replies":[{"embeddable":true,"href":"https:\/\/tourtravelandmore.com\/es\/wp-json\/wp\/v2\/comments?post=129459"}],"wp:featuredmedia":[{"embeddable":true,"href":"https:\/\/tourtravelandmore.com\/es\/wp-json\/wp\/v2\/media\/129487"}],"wp:attachment":[{"href":"https:\/\/tourtravelandmore.com\/es\/wp-json\/wp\/v2\/media?parent=129459"}],"wp:term":[{"taxonomy":"product_brand","embeddable":true,"href":"https:\/\/tourtravelandmore.com\/es\/wp-json\/wp\/v2\/product_brand?post=129459"},{"taxonomy":"product_cat","embeddable":true,"href":"https:\/\/tourtravelandmore.com\/es\/wp-json\/wp\/v2\/product_cat?post=129459"},{"taxonomy":"product_tag","embeddable":true,"href":"https:\/\/tourtravelandmore.com\/es\/wp-json\/wp\/v2\/product_tag?post=129459"}],"curies":[{"name":"wp","href":"https:\/\/api.w.org\/{rel}","templated":true}]}}