{"id":129206,"date":"2022-06-18T12:33:57","date_gmt":"2022-06-18T10:34:00","guid":{"rendered":"https:\/\/tourtravelandmore.com\/?post_type=product&#038;p=129206"},"modified":"2025-02-21T20:37:15","modified_gmt":"2025-02-21T19:37:15","slug":"tour-privado-a-pompeya-y-el-vesubio-desde-sorrento","status":"publish","type":"product","link":"https:\/\/tourtravelandmore.com\/es\/tours\/italia-es\/sorrento-es\/todos-los-tours-y-actividades-privadas\/tour-privado-a-pompeya-y-el-vesubio-desde-sorrento\/","title":{"rendered":"Tour privado a Pompeya y el Vesubio desde Sorrento"},"content":{"rendered":"<h2><b>Descripci\u00f3n de la Excursi\u00f3n Privada a Pompeya y el Vesubio desde Sorrento<\/b><\/h2>\n<p><span style=\"font-weight: 400;\">Experimente el encanto de la antig\u00fcedad y el poder de la naturaleza en esta exclusiva excursi\u00f3n privada de 8 horas a Pompeya y el Vesubio desde Sorrento. La excursi\u00f3n ofrece una mezcla \u00fanica de exploraci\u00f3n hist\u00f3rica y maravillas naturales. Ser\u00e1 transportado c\u00f3modamente desde Sorrento en un veh\u00edculo privado, acompa\u00f1ado por un gu\u00eda experto. El viaje comienza en la antigua ciudad de Pompeya, donde retroceder\u00e1 en el tiempo, caminando por calles congeladas en la historia.<\/span><\/p>\n<p><span style=\"font-weight: 400;\">Sea testigo de la asombrosa conservaci\u00f3n de la vida romana bajo las cenizas del Vesubio. Su gu\u00eda le ofrecer\u00e1 interesantes explicaciones sobre el pasado de la ciudad, su arquitectura y el fat\u00eddico d\u00eda de la erupci\u00f3n. A continuaci\u00f3n, la excursi\u00f3n asciende hasta la cima del Vesubio. Mientras recorre el sendero que lleva al cr\u00e1ter, el gu\u00eda le explicar\u00e1 la geolog\u00eda del volc\u00e1n y su impacto en la regi\u00f3n. Las vistas panor\u00e1micas desde la cima son inigualables, y ofrecen una panor\u00e1mica de la Bah\u00eda de N\u00e1poles y la campi\u00f1a circundante.<\/span><\/p>\n<p><span style=\"font-weight: 400;\">En esta singular Excursi\u00f3n Privada a Pompeya y el Vesubio desde Sorrento, sum\u00e9rjase en un v\u00edvido retablo de historia y naturaleza. Las ruinas de Pompeya ofrecen una visi\u00f3n inquietantemente bella de la antigua vida romana, donde cada piedra y artefacto cuentan una historia. Su gu\u00eda, experto en arqueolog\u00eda e historia, le conducir\u00e1 por las calles empedradas de Pompeya, explic\u00e1ndole el estilo de vida, las costumbres y el destino de sus antiguos habitantes.<br \/>\n<\/span><\/p>\n<p>Dusfrutar\u00e1 de un tour guiado de 2.5 horas en Pompeya con uno de nuestros gu\u00edas expertos. Luego continuar\u00e1 hacia Vesubio solo con su chofer y podr\u00e1 disfrutar una visita grupal con un gu\u00eda local del sitio (no esta permitido el ingreso de gu\u00edas externos).<\/p>\n<h2><b>Lo m\u00e1s destacado de la Excursi\u00f3n Privada a Pompeya y el Vesubio desde Sorrento<\/b><\/h2>\n<ul>\n<li style=\"font-weight: 400;\" aria-level=\"1\"><b>Sitio arqueol\u00f3gico de Pompeya:<\/b><span style=\"font-weight: 400;\"> Ad\u00e9ntrese en la extraordinaria historia que encierran las ruinas de Pompeya. Mientras camina por las antiguas calles, su gu\u00eda le contar\u00e1 historias de los \u00faltimos d\u00edas de la ciudad, destacando casas, mercados y espacios p\u00fablicos capturados para siempre en el tiempo por la ceniza volc\u00e1nica. Contemple frescos, mosaicos y artefactos que pintan un vivo retrato de la vida romana.<\/span><\/li>\n<li style=\"font-weight: 400;\" aria-level=\"1\"><b>Monte Vesubio:<\/b><span style=\"font-weight: 400;\"> Experimente la emoci\u00f3n de ascender al mismo volc\u00e1n responsable del destino de Pompeya. La ascensi\u00f3n al cr\u00e1ter del Vesubio no es s\u00f3lo un viaje f\u00edsico, sino un viaje a trav\u00e9s del tiempo geol\u00f3gico. Desde la cima, las vistas panor\u00e1micas son incomparables, ofreciendo una perspectiva impresionante de la bah\u00eda de N\u00e1poles y el paisaje circundante.<\/span><\/li>\n<li style=\"font-weight: 400;\" aria-level=\"1\"><b>Antiguos templos y bas\u00edlicas: <\/b><span style=\"font-weight: 400;\">Explore los restos de los edificios religiosos de Pompeya. Estas estructuras, desde grandes templos a bas\u00edlicas \u00edntimas, revelan las pr\u00e1cticas y creencias religiosas de los antiguos romanos. Su gu\u00eda le explicar\u00e1 su significado y el papel que desempe\u00f1aban en la sociedad pompeyana.<\/span><\/li>\n<li style=\"font-weight: 400;\" aria-level=\"1\"><b>Foro de Pompeya: <\/b><span style=\"font-weight: 400;\">Visite el bullicioso coraz\u00f3n de Pompeya: el Foro. Esta zona, que en su d\u00eda fue un vibrante centro de comercio, pol\u00edtica y reuniones sociales, es ahora un testimonio de la grandiosidad de la ciudad. Pasee por este centro hist\u00f3rico e imagine la vida cotidiana de sus antiguos habitantes.<\/span><\/li>\n<li style=\"font-weight: 400;\" aria-level=\"1\"><b>Termas:<\/b><span style=\"font-weight: 400;\"> Las termas romanas son una muestra de la ingenier\u00eda y la cultura social de la Antig\u00fcedad. Descubra el sofisticado sistema de calefacci\u00f3n y conozca las costumbres romanas de ba\u00f1o y relajaci\u00f3n. Estas termas son una fascinante visi\u00f3n del lujoso estilo de vida de los romanos.<\/span><\/li>\n<\/ul>\n<p><span style=\"font-weight: 400;\">Emb\u00e1rquese en un viaje de descubrimiento y aventura con nuestra Excursi\u00f3n Privada a Pompeya y el Vesubio desde Sorrento. Esta excursi\u00f3n de 8 horas ofrece una exploraci\u00f3n incomparable de la historia y la naturaleza. Pasee por las ruinas conservadas de Pompeya, marav\u00edllese con las vistas panor\u00e1micas desde el cr\u00e1ter del Vesubio y ad\u00e9ntrese en los intrigantes templos y bas\u00edlicas antiguos. Acompa\u00f1ado por nuestro gu\u00eda experto, retroceder\u00e1 en el tiempo y obtendr\u00e1 una visi\u00f3n \u00fanica de la vida de los romanos. Esta visita le promete no s\u00f3lo vistas, sino una profunda conexi\u00f3n con el pasado. No se pierda esta oportunidad de contemplar los impresionantes vestigios de la historia y la belleza de los paisajes m\u00e1s emblem\u00e1ticos de Italia. <\/span><a href=\"https:\/\/tourtravelandmore.com\/es\/ciudad\/italia-es\/sorrento-es\/\"><span style=\"font-weight: 400;\">P\u00f3ngase en contacto con nosotros hoy mismo para reservar su visita privada y crear recuerdos inolvidables.<\/span><\/a><\/p>\n","protected":false},"excerpt":{"rendered":"<p><span style=\"font-weight: 400;\">Emb\u00e1rquese en un viaje al coraz\u00f3n de la historia antigua con nuestra Excursi\u00f3n Privada a Pompeya y el Vesubio desde Sorrento. Explore la ciudad congelada en el tiempo de Pompeya y camine hasta la cima del imponente Vesubio para vivir una experiencia inolvidable.<\/span><\/p>\n","protected":false},"featured_media":129235,"comment_status":"open","ping_status":"closed","template":"","meta":{"_acf_changed":false},"product_brand":[],"product_cat":[1608,4145,4147,4146,4148],"product_tag":[],"class_list":{"0":"post-129206","1":"product","2":"type-product","3":"status-publish","4":"has-post-thumbnail","6":"product_cat-italia-es","7":"product_cat-sorrento-es","8":"product_cat-excursiones-privadas-en-tierra","9":"product_cat-todos-los-tours-y-actividades-privadas","10":"product_cat-visitas-turisticas-privadas","12":"first","13":"instock","14":"shipping-taxable","15":"purchasable","16":"product-type-simple"},"acf":[],"yoast_head":"<!-- This site is optimized with the Yoast SEO Premium plugin v25.3.1 (Yoast SEO v25.3.1) - https:\/\/yoast.com\/wordpress\/plugins\/seo\/ -->\n<title>\u27a1\ufe0f Tour privado a Pompeya y el Vesubio desde Sorrento | Tour Travel &amp; More<\/title>\n<meta name=\"description\" content=\"Reserva un tour privado a Pompeya y el Vesubio desde Sorrento. Este es el tour privado perfecto para una familia o un peque\u00f1o grupo de personas \u2705\" \/>\n<meta name=\"robots\" content=\"index, follow, max-snippet:-1, max-image-preview:large, max-video-preview:-1\" \/>\n<link rel=\"canonical\" href=\"https:\/\/tourtravelandmore.com\/es\/tours\/italia-es\/sorrento-es\/todos-los-tours-y-actividades-privadas\/tour-privado-a-pompeya-y-el-vesubio-desde-sorrento\/\" \/>\n<meta property=\"og:locale\" content=\"es_ES\" \/>\n<meta property=\"og:type\" content=\"article\" \/>\n<meta property=\"og:title\" content=\"Tour privado a Pompeya y el Vesubio desde Sorrento\" \/>\n<meta property=\"og:description\" content=\"Reserva un tour privado a Pompeya y el Vesubio desde Sorrento. Este es el tour privado perfecto para una familia o un peque\u00f1o grupo de personas \u2705\" \/>\n<meta property=\"og:url\" content=\"https:\/\/tourtravelandmore.com\/es\/tours\/italia-es\/sorrento-es\/todos-los-tours-y-actividades-privadas\/tour-privado-a-pompeya-y-el-vesubio-desde-sorrento\/\" \/>\n<meta property=\"og:site_name\" content=\"Tour Travel And More\" \/>\n<meta property=\"article:publisher\" content=\"https:\/\/www.facebook.com\/tourtravelandmore\/\" \/>\n<meta property=\"article:modified_time\" content=\"2025-02-21T19:37:15+00:00\" \/>\n<meta property=\"og:image\" content=\"https:\/\/tourtravelandmore.com\/wp-content\/uploads\/2022\/06\/image4-8.jpg\" \/>\n\t<meta property=\"og:image:width\" content=\"900\" \/>\n\t<meta property=\"og:image:height\" content=\"700\" \/>\n\t<meta property=\"og:image:type\" content=\"image\/jpeg\" \/>\n<meta name=\"twitter:card\" content=\"summary_large_image\" \/>\n<meta name=\"twitter:site\" content=\"@TourTravel_More\" \/>\n<meta name=\"twitter:label1\" content=\"Tiempo de lectura\" \/>\n\t<meta name=\"twitter:data1\" content=\"4 minutos\" \/>\n<script type=\"application\/ld+json\" class=\"yoast-schema-graph\">{\"@context\":\"https:\/\/schema.org\",\"@graph\":[{\"@type\":\"WebPage\",\"@id\":\"https:\/\/tourtravelandmore.com\/es\/tours\/italia-es\/sorrento-es\/todos-los-tours-y-actividades-privadas\/tour-privado-a-pompeya-y-el-vesubio-desde-sorrento\/\",\"url\":\"https:\/\/tourtravelandmore.com\/es\/tours\/italia-es\/sorrento-es\/todos-los-tours-y-actividades-privadas\/tour-privado-a-pompeya-y-el-vesubio-desde-sorrento\/\",\"name\":\"\u27a1\ufe0f Tour privado a Pompeya y el Vesubio desde Sorrento | Tour Travel & More\",\"isPartOf\":{\"@id\":\"https:\/\/tourtravelandmore.com\/es\/#website\"},\"primaryImageOfPage\":{\"@id\":\"https:\/\/tourtravelandmore.com\/es\/tours\/italia-es\/sorrento-es\/todos-los-tours-y-actividades-privadas\/tour-privado-a-pompeya-y-el-vesubio-desde-sorrento\/#primaryimage\"},\"image\":{\"@id\":\"https:\/\/tourtravelandmore.com\/es\/tours\/italia-es\/sorrento-es\/todos-los-tours-y-actividades-privadas\/tour-privado-a-pompeya-y-el-vesubio-desde-sorrento\/#primaryimage\"},\"thumbnailUrl\":\"https:\/\/tourtravelandmore.com\/wp-content\/uploads\/2022\/06\/image4-8.jpg\",\"datePublished\":\"2022-06-18T10:34:00+00:00\",\"dateModified\":\"2025-02-21T19:37:15+00:00\",\"description\":\"Reserva un tour privado a Pompeya y el Vesubio desde Sorrento. Este es el tour privado perfecto para una familia o un peque\u00f1o grupo de personas \u2705\",\"breadcrumb\":{\"@id\":\"https:\/\/tourtravelandmore.com\/es\/tours\/italia-es\/sorrento-es\/todos-los-tours-y-actividades-privadas\/tour-privado-a-pompeya-y-el-vesubio-desde-sorrento\/#breadcrumb\"},\"inLanguage\":\"es\",\"potentialAction\":[{\"@type\":\"ReadAction\",\"target\":[\"https:\/\/tourtravelandmore.com\/es\/tours\/italia-es\/sorrento-es\/todos-los-tours-y-actividades-privadas\/tour-privado-a-pompeya-y-el-vesubio-desde-sorrento\/\"]}]},{\"@type\":\"ImageObject\",\"inLanguage\":\"es\",\"@id\":\"https:\/\/tourtravelandmore.com\/es\/tours\/italia-es\/sorrento-es\/todos-los-tours-y-actividades-privadas\/tour-privado-a-pompeya-y-el-vesubio-desde-sorrento\/#primaryimage\",\"url\":\"https:\/\/tourtravelandmore.com\/wp-content\/uploads\/2022\/06\/image4-8.jpg\",\"contentUrl\":\"https:\/\/tourtravelandmore.com\/wp-content\/uploads\/2022\/06\/image4-8.jpg\",\"width\":900,\"height\":700},{\"@type\":\"BreadcrumbList\",\"@id\":\"https:\/\/tourtravelandmore.com\/es\/tours\/italia-es\/sorrento-es\/todos-los-tours-y-actividades-privadas\/tour-privado-a-pompeya-y-el-vesubio-desde-sorrento\/#breadcrumb\",\"itemListElement\":[{\"@type\":\"ListItem\",\"position\":1,\"name\":\"Home\",\"item\":\"https:\/\/tourtravelandmore.com\/es\/\"},{\"@type\":\"ListItem\",\"position\":2,\"name\":\"Tours\",\"item\":\"https:\/\/tourtravelandmore.com\/es\/tours\/\"},{\"@type\":\"ListItem\",\"position\":3,\"name\":\"Tour privado a Pompeya y el Vesubio desde Sorrento\"}]},{\"@type\":\"WebSite\",\"@id\":\"https:\/\/tourtravelandmore.com\/es\/#website\",\"url\":\"https:\/\/tourtravelandmore.com\/es\/\",\"name\":\"Tour Travel And More\",\"description\":\"Private sightseeing tours and luxury transfers in Spain\",\"publisher\":{\"@id\":\"https:\/\/tourtravelandmore.com\/es\/#organization\"},\"potentialAction\":[{\"@type\":\"SearchAction\",\"target\":{\"@type\":\"EntryPoint\",\"urlTemplate\":\"https:\/\/tourtravelandmore.com\/es\/?s={search_term_string}\"},\"query-input\":{\"@type\":\"PropertyValueSpecification\",\"valueRequired\":true,\"valueName\":\"search_term_string\"}}],\"inLanguage\":\"es\"},{\"@type\":\"Organization\",\"@id\":\"https:\/\/tourtravelandmore.com\/es\/#organization\",\"name\":\"Tour Travel And More\",\"url\":\"https:\/\/tourtravelandmore.com\/es\/\",\"logo\":{\"@type\":\"ImageObject\",\"inLanguage\":\"es\",\"@id\":\"https:\/\/tourtravelandmore.com\/es\/#\/schema\/logo\/image\/\",\"url\":\"https:\/\/tourtravelandmore.com\/wp-content\/uploads\/2022\/12\/cropped-logo-cabecera-new.png\",\"contentUrl\":\"https:\/\/tourtravelandmore.com\/wp-content\/uploads\/2022\/12\/cropped-logo-cabecera-new.png\",\"width\":430,\"height\":61,\"caption\":\"Tour Travel And More\"},\"image\":{\"@id\":\"https:\/\/tourtravelandmore.com\/es\/#\/schema\/logo\/image\/\"},\"sameAs\":[\"https:\/\/www.facebook.com\/tourtravelandmore\/\",\"https:\/\/x.com\/TourTravel_More\"]}]}<\/script>\n<!-- \/ Yoast SEO Premium plugin. -->","yoast_head_json":{"title":"\u27a1\ufe0f Tour privado a Pompeya y el Vesubio desde Sorrento | Tour Travel & More","description":"Reserva un tour privado a Pompeya y el Vesubio desde Sorrento. Este es el tour privado perfecto para una familia o un peque\u00f1o grupo de personas \u2705","robots":{"index":"index","follow":"follow","max-snippet":"max-snippet:-1","max-image-preview":"max-image-preview:large","max-video-preview":"max-video-preview:-1"},"canonical":"https:\/\/tourtravelandmore.com\/es\/tours\/italia-es\/sorrento-es\/todos-los-tours-y-actividades-privadas\/tour-privado-a-pompeya-y-el-vesubio-desde-sorrento\/","og_locale":"es_ES","og_type":"article","og_title":"Tour privado a Pompeya y el Vesubio desde Sorrento","og_description":"Reserva un tour privado a Pompeya y el Vesubio desde Sorrento. Este es el tour privado perfecto para una familia o un peque\u00f1o grupo de personas \u2705","og_url":"https:\/\/tourtravelandmore.com\/es\/tours\/italia-es\/sorrento-es\/todos-los-tours-y-actividades-privadas\/tour-privado-a-pompeya-y-el-vesubio-desde-sorrento\/","og_site_name":"Tour Travel And More","article_publisher":"https:\/\/www.facebook.com\/tourtravelandmore\/","article_modified_time":"2025-02-21T19:37:15+00:00","og_image":[{"width":900,"height":700,"url":"https:\/\/tourtravelandmore.com\/wp-content\/uploads\/2022\/06\/image4-8.jpg","type":"image\/jpeg"}],"twitter_card":"summary_large_image","twitter_site":"@TourTravel_More","twitter_misc":{"Tiempo de lectura":"4 minutos"},"schema":{"@context":"https:\/\/schema.org","@graph":[{"@type":"WebPage","@id":"https:\/\/tourtravelandmore.com\/es\/tours\/italia-es\/sorrento-es\/todos-los-tours-y-actividades-privadas\/tour-privado-a-pompeya-y-el-vesubio-desde-sorrento\/","url":"https:\/\/tourtravelandmore.com\/es\/tours\/italia-es\/sorrento-es\/todos-los-tours-y-actividades-privadas\/tour-privado-a-pompeya-y-el-vesubio-desde-sorrento\/","name":"\u27a1\ufe0f Tour privado a Pompeya y el Vesubio desde Sorrento | Tour Travel & More","isPartOf":{"@id":"https:\/\/tourtravelandmore.com\/es\/#website"},"primaryImageOfPage":{"@id":"https:\/\/tourtravelandmore.com\/es\/tours\/italia-es\/sorrento-es\/todos-los-tours-y-actividades-privadas\/tour-privado-a-pompeya-y-el-vesubio-desde-sorrento\/#primaryimage"},"image":{"@id":"https:\/\/tourtravelandmore.com\/es\/tours\/italia-es\/sorrento-es\/todos-los-tours-y-actividades-privadas\/tour-privado-a-pompeya-y-el-vesubio-desde-sorrento\/#primaryimage"},"thumbnailUrl":"https:\/\/tourtravelandmore.com\/wp-content\/uploads\/2022\/06\/image4-8.jpg","datePublished":"2022-06-18T10:34:00+00:00","dateModified":"2025-02-21T19:37:15+00:00","description":"Reserva un tour privado a Pompeya y el Vesubio desde Sorrento. Este es el tour privado perfecto para una familia o un peque\u00f1o grupo de personas \u2705","breadcrumb":{"@id":"https:\/\/tourtravelandmore.com\/es\/tours\/italia-es\/sorrento-es\/todos-los-tours-y-actividades-privadas\/tour-privado-a-pompeya-y-el-vesubio-desde-sorrento\/#breadcrumb"},"inLanguage":"es","potentialAction":[{"@type":"ReadAction","target":["https:\/\/tourtravelandmore.com\/es\/tours\/italia-es\/sorrento-es\/todos-los-tours-y-actividades-privadas\/tour-privado-a-pompeya-y-el-vesubio-desde-sorrento\/"]}]},{"@type":"ImageObject","inLanguage":"es","@id":"https:\/\/tourtravelandmore.com\/es\/tours\/italia-es\/sorrento-es\/todos-los-tours-y-actividades-privadas\/tour-privado-a-pompeya-y-el-vesubio-desde-sorrento\/#primaryimage","url":"https:\/\/tourtravelandmore.com\/wp-content\/uploads\/2022\/06\/image4-8.jpg","contentUrl":"https:\/\/tourtravelandmore.com\/wp-content\/uploads\/2022\/06\/image4-8.jpg","width":900,"height":700},{"@type":"BreadcrumbList","@id":"https:\/\/tourtravelandmore.com\/es\/tours\/italia-es\/sorrento-es\/todos-los-tours-y-actividades-privadas\/tour-privado-a-pompeya-y-el-vesubio-desde-sorrento\/#breadcrumb","itemListElement":[{"@type":"ListItem","position":1,"name":"Home","item":"https:\/\/tourtravelandmore.com\/es\/"},{"@type":"ListItem","position":2,"name":"Tours","item":"https:\/\/tourtravelandmore.com\/es\/tours\/"},{"@type":"ListItem","position":3,"name":"Tour privado a Pompeya y el Vesubio desde Sorrento"}]},{"@type":"WebSite","@id":"https:\/\/tourtravelandmore.com\/es\/#website","url":"https:\/\/tourtravelandmore.com\/es\/","name":"Tour Travel And More","description":"Private sightseeing tours and luxury transfers in Spain","publisher":{"@id":"https:\/\/tourtravelandmore.com\/es\/#organization"},"potentialAction":[{"@type":"SearchAction","target":{"@type":"EntryPoint","urlTemplate":"https:\/\/tourtravelandmore.com\/es\/?s={search_term_string}"},"query-input":{"@type":"PropertyValueSpecification","valueRequired":true,"valueName":"search_term_string"}}],"inLanguage":"es"},{"@type":"Organization","@id":"https:\/\/tourtravelandmore.com\/es\/#organization","name":"Tour Travel And More","url":"https:\/\/tourtravelandmore.com\/es\/","logo":{"@type":"ImageObject","inLanguage":"es","@id":"https:\/\/tourtravelandmore.com\/es\/#\/schema\/logo\/image\/","url":"https:\/\/tourtravelandmore.com\/wp-content\/uploads\/2022\/12\/cropped-logo-cabecera-new.png","contentUrl":"https:\/\/tourtravelandmore.com\/wp-content\/uploads\/2022\/12\/cropped-logo-cabecera-new.png","width":430,"height":61,"caption":"Tour Travel And More"},"image":{"@id":"https:\/\/tourtravelandmore.com\/es\/#\/schema\/logo\/image\/"},"sameAs":["https:\/\/www.facebook.com\/tourtravelandmore\/","https:\/\/x.com\/TourTravel_More"]}]}},"_links":{"self":[{"href":"https:\/\/tourtravelandmore.com\/es\/wp-json\/wp\/v2\/product\/129206","targetHints":{"allow":["GET"]}}],"collection":[{"href":"https:\/\/tourtravelandmore.com\/es\/wp-json\/wp\/v2\/product"}],"about":[{"href":"https:\/\/tourtravelandmore.com\/es\/wp-json\/wp\/v2\/types\/product"}],"replies":[{"embeddable":true,"href":"https:\/\/tourtravelandmore.com\/es\/wp-json\/wp\/v2\/comments?post=129206"}],"wp:featuredmedia":[{"embeddable":true,"href":"https:\/\/tourtravelandmore.com\/es\/wp-json\/wp\/v2\/media\/129235"}],"wp:attachment":[{"href":"https:\/\/tourtravelandmore.com\/es\/wp-json\/wp\/v2\/media?parent=129206"}],"wp:term":[{"taxonomy":"product_brand","embeddable":true,"href":"https:\/\/tourtravelandmore.com\/es\/wp-json\/wp\/v2\/product_brand?post=129206"},{"taxonomy":"product_cat","embeddable":true,"href":"https:\/\/tourtravelandmore.com\/es\/wp-json\/wp\/v2\/product_cat?post=129206"},{"taxonomy":"product_tag","embeddable":true,"href":"https:\/\/tourtravelandmore.com\/es\/wp-json\/wp\/v2\/product_tag?post=129206"}],"curies":[{"name":"wp","href":"https:\/\/api.w.org\/{rel}","templated":true}]}}