{"id":129136,"date":"2022-06-17T18:17:02","date_gmt":"2022-06-17T16:17:03","guid":{"rendered":"https:\/\/tourtravelandmore.com\/?post_type=product&#038;p=129136"},"modified":"2024-01-31T15:59:33","modified_gmt":"2024-01-31T14:59:33","slug":"tour-privado-de-pompeya-desde-sorrento","status":"publish","type":"product","link":"https:\/\/tourtravelandmore.com\/es\/tours\/italia-es\/sorrento-es\/todos-los-tours-y-actividades-privadas\/tour-privado-de-pompeya-desde-sorrento\/","title":{"rendered":"Tour privado de Pompeya desde Sorrento"},"content":{"rendered":"<h2><b>Excursi\u00f3n privada a Pompeya desde Sorrento Descripci\u00f3n<\/b><\/h2>\n<p><span style=\"font-weight: 400;\">Emb\u00e1rquese en una lujosa Excursi\u00f3n Privada de 5 horas a Pompeya desde Sorrento, un viaje inolvidable al coraz\u00f3n de la antigua historia romana. Este exclusivo tour comienza con un encuentro en Sorrento, donde un veh\u00edculo privado de lujo y un conductor le esperan para transportarle a la emblem\u00e1tica ciudad de Pompeya. Durante el viaje, disfrute de la belleza esc\u00e9nica de la regi\u00f3n de Campania y sum\u00e9rjase en el rico tapiz de los paisajes italianos.<\/span><\/p>\n<p><span style=\"font-weight: 400;\">A su llegada a Pompeya, declarada Patrimonio de la Humanidad por la UNESCO, ser\u00e1 recibido por un gu\u00eda local experto que le acompa\u00f1ar\u00e1 en una visita de 2,5 horas. El gu\u00eda le conducir\u00e1 a trav\u00e9s de las ruinas bien conservadas de esta antigua ciudad, enterrada bajo las cenizas volc\u00e1nicas de la catastr\u00f3fica erupci\u00f3n del Vesubio. Este recorrido ofrece una visi\u00f3n en profundidad de la vida cotidiana y la cultura de los antiguos romanos, preservadas en el tiempo.<\/span><\/p>\n<p><span style=\"font-weight: 400;\">Conozca las famosas calles, las grandes casas y los espacios p\u00fablicos de la ciudad. Vea los restos del Foro, las Termas, la Casa de los Vettii y el Lupanare, que revelan una fascinante visi\u00f3n del pasado. Su viaje incluye informaci\u00f3n especial sobre el arte, la arquitectura y la historia de Pompeya, lo que hace que la experiencia sea a la vez educativa y atractiva.<\/span><\/p>\n<p><span style=\"font-weight: 400;\">Despu\u00e9s de explorar las profundidades de las ruinas de Pompeya, rel\u00e1jese mientras su conductor privado le lleva de vuelta a Sorrento. Esta excursi\u00f3n es perfecta para los entusiastas de la historia, las familias y cualquiera que desee adentrarse en las maravillas de la antigua Roma.<\/span><\/p>\n<h2><b>Lo m\u00e1s destacado de la Excursi\u00f3n Privada a Pompeya desde Sorrento<\/b><\/h2>\n<p><span style=\"font-weight: 400;\">Emb\u00e1rquese en un esclarecedor viaje al coraz\u00f3n de la antigua civilizaci\u00f3n romana con nuestra Excursi\u00f3n Privada a Pompeya desde Sorrento. Este tour no s\u00f3lo ofrece una oportunidad \u00fanica de explorar las ruinas bien conservadas de Pompeya, sino que tambi\u00e9n proporciona una visi\u00f3n profunda del estilo de vida, la arquitectura y la historia de esta ciudad que una vez fue pr\u00f3spera. Los lugares m\u00e1s destacados son la Casa de los Vettii, el bullicioso Foro, el gran Anfiteatro y la calle principal, Via dell&#8217;Abbondanza. Experimente la tr\u00e1gica belleza del Jard\u00edn de los Fugitivos y descubra las profundidades de la cultura romana a trav\u00e9s de lugares como las Termas, Lupanar y otros hitos significativos. Esta excursi\u00f3n es un viaje a trav\u00e9s del tiempo, que da vida al pasado con sus v\u00edvidas historias y extraordinarios lugares de inter\u00e9s.<\/span><\/p>\n<ul>\n<li style=\"font-weight: 400;\" aria-level=\"1\"><b>Ruinas de Pompeya:<\/b><span style=\"font-weight: 400;\"> Descubra los secretos de esta antigua ciudad, con entradas incluidas para una experiencia sin complicaciones.<\/span><\/li>\n<li style=\"font-weight: 400;\" aria-level=\"1\"><b>Termas y ba\u00f1os p\u00fablicos: <\/b><span style=\"font-weight: 400;\">Explore la avanzada ingenier\u00eda romana y su vida social.<\/span><\/li>\n<li style=\"font-weight: 400;\" aria-level=\"1\"><b>Lupanar (burdel)<\/b><span style=\"font-weight: 400;\">: Descubra este aspecto \u00fanico de la vida cotidiana romana.<\/span><\/li>\n<li style=\"font-weight: 400;\" aria-level=\"1\"><b>Casa de los Vettii:<\/b><span style=\"font-weight: 400;\"> Explore esta lujosa residencia, conocida por sus ricos frescos e intrincadas obras de arte, que ofrecen una ventana a la opulencia de la vida pompeyana.<\/span><\/li>\n<li style=\"font-weight: 400;\" aria-level=\"1\"><b>El Foro:<\/b><span style=\"font-weight: 400;\"> Visite la plaza principal, centro de la vida pol\u00edtica, religiosa y comercial de Pompeya.<\/span><\/li>\n<li style=\"font-weight: 400;\" aria-level=\"1\"><b>El Anfiteatro: <\/b><span style=\"font-weight: 400;\">Visite uno de los anfiteatros romanos m\u00e1s antiguos que se conservan, lugar de reuniones sociales y juegos de gladiadores.<\/span><\/li>\n<li style=\"font-weight: 400;\" aria-level=\"1\"><b>Via dell&#8217;Abbondanza:<\/b><span style=\"font-weight: 400;\"> Pasee por la calle principal de la ciudad, repleta de tiendas y casas, reflejo de la bulliciosa vida cotidiana de la antigua Pompeya.<\/span><\/li>\n<li style=\"font-weight: 400;\" aria-level=\"1\"><b>El Jard\u00edn de los Fugitivos:<\/b><span style=\"font-weight: 400;\"> Contemple los conmovedores moldes de yeso de las v\u00edctimas de la erupci\u00f3n, congelados en el tiempo, en este jard\u00edn de inquietante belleza.<\/span><\/li>\n<\/ul>\n<p><span style=\"font-weight: 400;\">Esta visita privada es algo m\u00e1s que un simple paseo tur\u00edstico; es una inmersi\u00f3n profunda en la historia y la cultura de uno de los yacimientos arqueol\u00f3gicos m\u00e1s importantes del mundo. <\/span><a href=\"https:\/\/tourtravelandmore.com\/es\/ciudad\/italia-es\/sorrento-es\/\"><span style=\"font-weight: 400;\">Reserve ahora una experiencia personalizada y exclusiva de Pompeya desde Sorrento.<\/span><\/a><\/p>\n","protected":false},"excerpt":{"rendered":"<p><span style=\"font-weight: 400;\">Experimente lo mejor de la antigua historia romana con nuestro Tour Privado a Pompeya desde Sorrento. Explore las ruinas conservadas, aprenda de gu\u00edas expertos y disfrute de un transporte de lujo. Le espera una mezcla perfecta de educaci\u00f3n, exploraci\u00f3n y comodidad.<\/span><\/p>\n","protected":false},"featured_media":129158,"comment_status":"open","ping_status":"closed","template":"","meta":{"_acf_changed":false},"product_brand":[],"product_cat":[1608,4145,4147,4146,4148],"product_tag":[],"class_list":{"0":"post-129136","1":"product","2":"type-product","3":"status-publish","4":"has-post-thumbnail","6":"product_cat-italia-es","7":"product_cat-sorrento-es","8":"product_cat-excursiones-privadas-en-tierra","9":"product_cat-todos-los-tours-y-actividades-privadas","10":"product_cat-visitas-turisticas-privadas","12":"first","13":"instock","14":"shipping-taxable","15":"purchasable","16":"product-type-simple"},"acf":[],"yoast_head":"<!-- This site is optimized with the Yoast SEO Premium plugin v25.3.1 (Yoast SEO v25.3.1) - https:\/\/yoast.com\/wordpress\/plugins\/seo\/ -->\n<title>\u27a1\ufe0f Descubre la antigua Pompeya: Tour Privado Exclusivo desde Sorrento | Tour Travel &amp; More<\/title>\n<meta name=\"description\" content=\"\u00danete a nuestro Tour Privado a Pompeya desde Sorrento para un viaje de 5 horas con un veh\u00edculo de lujo, gu\u00eda experto y exploraci\u00f3n en profundidad de las ruinas hist\u00f3ricas \u2705\" \/>\n<meta name=\"robots\" content=\"index, follow, max-snippet:-1, max-image-preview:large, max-video-preview:-1\" \/>\n<link rel=\"canonical\" href=\"https:\/\/tourtravelandmore.com\/es\/tours\/italia-es\/sorrento-es\/todos-los-tours-y-actividades-privadas\/tour-privado-de-pompeya-desde-sorrento\/\" \/>\n<meta property=\"og:locale\" content=\"es_ES\" \/>\n<meta property=\"og:type\" content=\"article\" \/>\n<meta property=\"og:title\" content=\"Tour privado de Pompeya desde Sorrento\" \/>\n<meta property=\"og:description\" content=\"\u00danete a nuestro Tour Privado a Pompeya desde Sorrento para un viaje de 5 horas con un veh\u00edculo de lujo, gu\u00eda experto y exploraci\u00f3n en profundidad de las ruinas hist\u00f3ricas \u2705\" \/>\n<meta property=\"og:url\" content=\"https:\/\/tourtravelandmore.com\/es\/tours\/italia-es\/sorrento-es\/todos-los-tours-y-actividades-privadas\/tour-privado-de-pompeya-desde-sorrento\/\" \/>\n<meta property=\"og:site_name\" content=\"Tour Travel And More\" \/>\n<meta property=\"article:publisher\" content=\"https:\/\/www.facebook.com\/tourtravelandmore\/\" \/>\n<meta property=\"article:modified_time\" content=\"2024-01-31T14:59:33+00:00\" \/>\n<meta property=\"og:image\" content=\"https:\/\/tourtravelandmore.com\/wp-content\/uploads\/2022\/06\/image2-7.jpg\" \/>\n\t<meta property=\"og:image:width\" content=\"900\" \/>\n\t<meta property=\"og:image:height\" content=\"700\" \/>\n\t<meta property=\"og:image:type\" content=\"image\/jpeg\" \/>\n<meta name=\"twitter:card\" content=\"summary_large_image\" \/>\n<meta name=\"twitter:site\" content=\"@TourTravel_More\" \/>\n<meta name=\"twitter:label1\" content=\"Tiempo de lectura\" \/>\n\t<meta name=\"twitter:data1\" content=\"3 minutos\" \/>\n<script type=\"application\/ld+json\" class=\"yoast-schema-graph\">{\"@context\":\"https:\/\/schema.org\",\"@graph\":[{\"@type\":\"WebPage\",\"@id\":\"https:\/\/tourtravelandmore.com\/es\/tours\/italia-es\/sorrento-es\/todos-los-tours-y-actividades-privadas\/tour-privado-de-pompeya-desde-sorrento\/\",\"url\":\"https:\/\/tourtravelandmore.com\/es\/tours\/italia-es\/sorrento-es\/todos-los-tours-y-actividades-privadas\/tour-privado-de-pompeya-desde-sorrento\/\",\"name\":\"\u27a1\ufe0f Descubre la antigua Pompeya: Tour Privado Exclusivo desde Sorrento | Tour Travel & More\",\"isPartOf\":{\"@id\":\"https:\/\/tourtravelandmore.com\/es\/#website\"},\"primaryImageOfPage\":{\"@id\":\"https:\/\/tourtravelandmore.com\/es\/tours\/italia-es\/sorrento-es\/todos-los-tours-y-actividades-privadas\/tour-privado-de-pompeya-desde-sorrento\/#primaryimage\"},\"image\":{\"@id\":\"https:\/\/tourtravelandmore.com\/es\/tours\/italia-es\/sorrento-es\/todos-los-tours-y-actividades-privadas\/tour-privado-de-pompeya-desde-sorrento\/#primaryimage\"},\"thumbnailUrl\":\"https:\/\/tourtravelandmore.com\/wp-content\/uploads\/2022\/06\/image2-7.jpg\",\"datePublished\":\"2022-06-17T16:17:03+00:00\",\"dateModified\":\"2024-01-31T14:59:33+00:00\",\"description\":\"\u00danete a nuestro Tour Privado a Pompeya desde Sorrento para un viaje de 5 horas con un veh\u00edculo de lujo, gu\u00eda experto y exploraci\u00f3n en profundidad de las ruinas hist\u00f3ricas \u2705\",\"breadcrumb\":{\"@id\":\"https:\/\/tourtravelandmore.com\/es\/tours\/italia-es\/sorrento-es\/todos-los-tours-y-actividades-privadas\/tour-privado-de-pompeya-desde-sorrento\/#breadcrumb\"},\"inLanguage\":\"es\",\"potentialAction\":[{\"@type\":\"ReadAction\",\"target\":[\"https:\/\/tourtravelandmore.com\/es\/tours\/italia-es\/sorrento-es\/todos-los-tours-y-actividades-privadas\/tour-privado-de-pompeya-desde-sorrento\/\"]}]},{\"@type\":\"ImageObject\",\"inLanguage\":\"es\",\"@id\":\"https:\/\/tourtravelandmore.com\/es\/tours\/italia-es\/sorrento-es\/todos-los-tours-y-actividades-privadas\/tour-privado-de-pompeya-desde-sorrento\/#primaryimage\",\"url\":\"https:\/\/tourtravelandmore.com\/wp-content\/uploads\/2022\/06\/image2-7.jpg\",\"contentUrl\":\"https:\/\/tourtravelandmore.com\/wp-content\/uploads\/2022\/06\/image2-7.jpg\",\"width\":900,\"height\":700},{\"@type\":\"BreadcrumbList\",\"@id\":\"https:\/\/tourtravelandmore.com\/es\/tours\/italia-es\/sorrento-es\/todos-los-tours-y-actividades-privadas\/tour-privado-de-pompeya-desde-sorrento\/#breadcrumb\",\"itemListElement\":[{\"@type\":\"ListItem\",\"position\":1,\"name\":\"Home\",\"item\":\"https:\/\/tourtravelandmore.com\/es\/\"},{\"@type\":\"ListItem\",\"position\":2,\"name\":\"Tours\",\"item\":\"https:\/\/tourtravelandmore.com\/es\/tours\/\"},{\"@type\":\"ListItem\",\"position\":3,\"name\":\"Tour privado de Pompeya desde Sorrento\"}]},{\"@type\":\"WebSite\",\"@id\":\"https:\/\/tourtravelandmore.com\/es\/#website\",\"url\":\"https:\/\/tourtravelandmore.com\/es\/\",\"name\":\"Tour Travel And More\",\"description\":\"Private sightseeing tours and luxury transfers in Spain\",\"publisher\":{\"@id\":\"https:\/\/tourtravelandmore.com\/es\/#organization\"},\"potentialAction\":[{\"@type\":\"SearchAction\",\"target\":{\"@type\":\"EntryPoint\",\"urlTemplate\":\"https:\/\/tourtravelandmore.com\/es\/?s={search_term_string}\"},\"query-input\":{\"@type\":\"PropertyValueSpecification\",\"valueRequired\":true,\"valueName\":\"search_term_string\"}}],\"inLanguage\":\"es\"},{\"@type\":\"Organization\",\"@id\":\"https:\/\/tourtravelandmore.com\/es\/#organization\",\"name\":\"Tour Travel And More\",\"url\":\"https:\/\/tourtravelandmore.com\/es\/\",\"logo\":{\"@type\":\"ImageObject\",\"inLanguage\":\"es\",\"@id\":\"https:\/\/tourtravelandmore.com\/es\/#\/schema\/logo\/image\/\",\"url\":\"https:\/\/tourtravelandmore.com\/wp-content\/uploads\/2022\/12\/cropped-logo-cabecera-new.png\",\"contentUrl\":\"https:\/\/tourtravelandmore.com\/wp-content\/uploads\/2022\/12\/cropped-logo-cabecera-new.png\",\"width\":430,\"height\":61,\"caption\":\"Tour Travel And More\"},\"image\":{\"@id\":\"https:\/\/tourtravelandmore.com\/es\/#\/schema\/logo\/image\/\"},\"sameAs\":[\"https:\/\/www.facebook.com\/tourtravelandmore\/\",\"https:\/\/x.com\/TourTravel_More\"]}]}<\/script>\n<!-- \/ Yoast SEO Premium plugin. -->","yoast_head_json":{"title":"\u27a1\ufe0f Descubre la antigua Pompeya: Tour Privado Exclusivo desde Sorrento | Tour Travel & More","description":"\u00danete a nuestro Tour Privado a Pompeya desde Sorrento para un viaje de 5 horas con un veh\u00edculo de lujo, gu\u00eda experto y exploraci\u00f3n en profundidad de las ruinas hist\u00f3ricas \u2705","robots":{"index":"index","follow":"follow","max-snippet":"max-snippet:-1","max-image-preview":"max-image-preview:large","max-video-preview":"max-video-preview:-1"},"canonical":"https:\/\/tourtravelandmore.com\/es\/tours\/italia-es\/sorrento-es\/todos-los-tours-y-actividades-privadas\/tour-privado-de-pompeya-desde-sorrento\/","og_locale":"es_ES","og_type":"article","og_title":"Tour privado de Pompeya desde Sorrento","og_description":"\u00danete a nuestro Tour Privado a Pompeya desde Sorrento para un viaje de 5 horas con un veh\u00edculo de lujo, gu\u00eda experto y exploraci\u00f3n en profundidad de las ruinas hist\u00f3ricas \u2705","og_url":"https:\/\/tourtravelandmore.com\/es\/tours\/italia-es\/sorrento-es\/todos-los-tours-y-actividades-privadas\/tour-privado-de-pompeya-desde-sorrento\/","og_site_name":"Tour Travel And More","article_publisher":"https:\/\/www.facebook.com\/tourtravelandmore\/","article_modified_time":"2024-01-31T14:59:33+00:00","og_image":[{"width":900,"height":700,"url":"https:\/\/tourtravelandmore.com\/wp-content\/uploads\/2022\/06\/image2-7.jpg","type":"image\/jpeg"}],"twitter_card":"summary_large_image","twitter_site":"@TourTravel_More","twitter_misc":{"Tiempo de lectura":"3 minutos"},"schema":{"@context":"https:\/\/schema.org","@graph":[{"@type":"WebPage","@id":"https:\/\/tourtravelandmore.com\/es\/tours\/italia-es\/sorrento-es\/todos-los-tours-y-actividades-privadas\/tour-privado-de-pompeya-desde-sorrento\/","url":"https:\/\/tourtravelandmore.com\/es\/tours\/italia-es\/sorrento-es\/todos-los-tours-y-actividades-privadas\/tour-privado-de-pompeya-desde-sorrento\/","name":"\u27a1\ufe0f Descubre la antigua Pompeya: Tour Privado Exclusivo desde Sorrento | Tour Travel & More","isPartOf":{"@id":"https:\/\/tourtravelandmore.com\/es\/#website"},"primaryImageOfPage":{"@id":"https:\/\/tourtravelandmore.com\/es\/tours\/italia-es\/sorrento-es\/todos-los-tours-y-actividades-privadas\/tour-privado-de-pompeya-desde-sorrento\/#primaryimage"},"image":{"@id":"https:\/\/tourtravelandmore.com\/es\/tours\/italia-es\/sorrento-es\/todos-los-tours-y-actividades-privadas\/tour-privado-de-pompeya-desde-sorrento\/#primaryimage"},"thumbnailUrl":"https:\/\/tourtravelandmore.com\/wp-content\/uploads\/2022\/06\/image2-7.jpg","datePublished":"2022-06-17T16:17:03+00:00","dateModified":"2024-01-31T14:59:33+00:00","description":"\u00danete a nuestro Tour Privado a Pompeya desde Sorrento para un viaje de 5 horas con un veh\u00edculo de lujo, gu\u00eda experto y exploraci\u00f3n en profundidad de las ruinas hist\u00f3ricas \u2705","breadcrumb":{"@id":"https:\/\/tourtravelandmore.com\/es\/tours\/italia-es\/sorrento-es\/todos-los-tours-y-actividades-privadas\/tour-privado-de-pompeya-desde-sorrento\/#breadcrumb"},"inLanguage":"es","potentialAction":[{"@type":"ReadAction","target":["https:\/\/tourtravelandmore.com\/es\/tours\/italia-es\/sorrento-es\/todos-los-tours-y-actividades-privadas\/tour-privado-de-pompeya-desde-sorrento\/"]}]},{"@type":"ImageObject","inLanguage":"es","@id":"https:\/\/tourtravelandmore.com\/es\/tours\/italia-es\/sorrento-es\/todos-los-tours-y-actividades-privadas\/tour-privado-de-pompeya-desde-sorrento\/#primaryimage","url":"https:\/\/tourtravelandmore.com\/wp-content\/uploads\/2022\/06\/image2-7.jpg","contentUrl":"https:\/\/tourtravelandmore.com\/wp-content\/uploads\/2022\/06\/image2-7.jpg","width":900,"height":700},{"@type":"BreadcrumbList","@id":"https:\/\/tourtravelandmore.com\/es\/tours\/italia-es\/sorrento-es\/todos-los-tours-y-actividades-privadas\/tour-privado-de-pompeya-desde-sorrento\/#breadcrumb","itemListElement":[{"@type":"ListItem","position":1,"name":"Home","item":"https:\/\/tourtravelandmore.com\/es\/"},{"@type":"ListItem","position":2,"name":"Tours","item":"https:\/\/tourtravelandmore.com\/es\/tours\/"},{"@type":"ListItem","position":3,"name":"Tour privado de Pompeya desde Sorrento"}]},{"@type":"WebSite","@id":"https:\/\/tourtravelandmore.com\/es\/#website","url":"https:\/\/tourtravelandmore.com\/es\/","name":"Tour Travel And More","description":"Private sightseeing tours and luxury transfers in Spain","publisher":{"@id":"https:\/\/tourtravelandmore.com\/es\/#organization"},"potentialAction":[{"@type":"SearchAction","target":{"@type":"EntryPoint","urlTemplate":"https:\/\/tourtravelandmore.com\/es\/?s={search_term_string}"},"query-input":{"@type":"PropertyValueSpecification","valueRequired":true,"valueName":"search_term_string"}}],"inLanguage":"es"},{"@type":"Organization","@id":"https:\/\/tourtravelandmore.com\/es\/#organization","name":"Tour Travel And More","url":"https:\/\/tourtravelandmore.com\/es\/","logo":{"@type":"ImageObject","inLanguage":"es","@id":"https:\/\/tourtravelandmore.com\/es\/#\/schema\/logo\/image\/","url":"https:\/\/tourtravelandmore.com\/wp-content\/uploads\/2022\/12\/cropped-logo-cabecera-new.png","contentUrl":"https:\/\/tourtravelandmore.com\/wp-content\/uploads\/2022\/12\/cropped-logo-cabecera-new.png","width":430,"height":61,"caption":"Tour Travel And More"},"image":{"@id":"https:\/\/tourtravelandmore.com\/es\/#\/schema\/logo\/image\/"},"sameAs":["https:\/\/www.facebook.com\/tourtravelandmore\/","https:\/\/x.com\/TourTravel_More"]}]}},"_links":{"self":[{"href":"https:\/\/tourtravelandmore.com\/es\/wp-json\/wp\/v2\/product\/129136","targetHints":{"allow":["GET"]}}],"collection":[{"href":"https:\/\/tourtravelandmore.com\/es\/wp-json\/wp\/v2\/product"}],"about":[{"href":"https:\/\/tourtravelandmore.com\/es\/wp-json\/wp\/v2\/types\/product"}],"replies":[{"embeddable":true,"href":"https:\/\/tourtravelandmore.com\/es\/wp-json\/wp\/v2\/comments?post=129136"}],"wp:featuredmedia":[{"embeddable":true,"href":"https:\/\/tourtravelandmore.com\/es\/wp-json\/wp\/v2\/media\/129158"}],"wp:attachment":[{"href":"https:\/\/tourtravelandmore.com\/es\/wp-json\/wp\/v2\/media?parent=129136"}],"wp:term":[{"taxonomy":"product_brand","embeddable":true,"href":"https:\/\/tourtravelandmore.com\/es\/wp-json\/wp\/v2\/product_brand?post=129136"},{"taxonomy":"product_cat","embeddable":true,"href":"https:\/\/tourtravelandmore.com\/es\/wp-json\/wp\/v2\/product_cat?post=129136"},{"taxonomy":"product_tag","embeddable":true,"href":"https:\/\/tourtravelandmore.com\/es\/wp-json\/wp\/v2\/product_tag?post=129136"}],"curies":[{"name":"wp","href":"https:\/\/api.w.org\/{rel}","templated":true}]}}