{"id":129093,"date":"2022-06-17T15:47:24","date_gmt":"2022-06-17T13:47:24","guid":{"rendered":"https:\/\/tourtravelandmore.com\/?post_type=product&#038;p=129093"},"modified":"2024-01-30T16:03:27","modified_gmt":"2024-01-30T15:03:27","slug":"tour-privado-de-pompeya-y-napoles-desde-sorrento","status":"publish","type":"product","link":"https:\/\/tourtravelandmore.com\/es\/tours\/italia-es\/sorrento-es\/todos-los-tours-y-actividades-privadas\/tour-privado-de-pompeya-y-napoles-desde-sorrento\/","title":{"rendered":"Tour privado de Pompeya y N\u00e1poles desde Sorrento"},"content":{"rendered":"<h2><b>Descripci\u00f3n de la excursi\u00f3n privada Descubra Pompeya y N\u00e1poles desde Sorrento<\/b><\/h2>\n<p><span style=\"font-weight: 400;\">Retroceda en el tiempo y descubra los antiguos secretos de Pompeya, una ciudad congelada en la historia por la catacl\u00edsmica erupci\u00f3n del Monte Vesubio en el a\u00f1o 79 d.C. Nuestro exclusivo tour privado le invita a explorar las ruinas notablemente conservadas de Pompeya, donde caminar\u00e1 por las mismas calles empedradas, visitar\u00e1 casas antiguas y se sumergir\u00e1 en la vida cotidiana de esta ciudad romana anta\u00f1o pr\u00f3spera. Acompa\u00f1ado por un gu\u00eda experto, se adentrar\u00e1 en la fascinante historia y la tr\u00e1gica desaparici\u00f3n de Pompeya.<\/span><\/p>\n<p><span style=\"font-weight: 400;\">Desde all\u00ed, le llevaremos a N\u00e1poles, una ciudad cargada de historia y cultura, as\u00ed como la cuna de la pizza. N\u00e1poles atesora una gran cantidad de tesoros, y nuestro recorrido privado le permitir\u00e1 conocer sus lugares m\u00e1s destacados. Descubra lugares emblem\u00e1ticos como el Palacio Real, s\u00edmbolo de la grandeza napolitana, y la inmensa Piazza del Plebiscito, donde confluyen la historia y el arte. Marav\u00edllese ante la \u00d3pera de San Carlo, uno de los teatros m\u00e1s antiguos del mundo, donde la m\u00fasica y el drama han adornado el escenario durante siglos.<\/span><\/p>\n<p><span style=\"font-weight: 400;\">Nuestro tour privado, meticulosamente dise\u00f1ado, ofrece la mezcla ideal de historia, cultura y gastronom\u00eda, lo que lo convierte en la forma perfecta de explorar dos de los destinos m\u00e1s emblem\u00e1ticos de Italia. Su viaje comienza con una c\u00f3moda recogida en su hotel o en un lugar c\u00e9ntrico de Sorrento. Desde all\u00ed, se embarcar\u00e1 en una aventura que le transportar\u00e1 en el tiempo y le sumergir\u00e1 en el vibrante esp\u00edritu de N\u00e1poles.<\/span><\/p>\n<p><span style=\"font-weight: 400;\">Mientras explora las calles de Pompeya, ser\u00e1 testigo de las estructuras notablemente conservadas, incluida la famosa Villa de los Misterios con sus enigm\u00e1ticos frescos. Su gu\u00eda le contar\u00e1 historias de los antiguos pompeyanos y de sus rutinas diarias, pintando un v\u00edvido cuadro de la vida en el Imperio Romano.<\/span><\/p>\n<p><span style=\"font-weight: 400;\">Al llegar a N\u00e1poles, ser\u00e1 recibido por una fascinante vista del Golfo de N\u00e1poles y el Monte Vesubio como tel\u00f3n de fondo. Recorra el centro hist\u00f3rico, declarado Patrimonio de la Humanidad por la UNESCO, donde las estrechas callejuelas revelan joyas ocultas, desde pintorescas pizzer\u00edas hasta iglesias ornamentadas.<\/span><\/p>\n<h2><b>Lo m\u00e1s destacado de la excursi\u00f3n privada Descubra Pompeya y N\u00e1poles desde Sorrento<\/b><\/h2>\n<p><span style=\"font-weight: 400;\">Al embarcarse en esta cautivadora excursi\u00f3n privada de 8 horas, tendr\u00e1 la oportunidad de descubrir los siguientes lugares de inter\u00e9s:<\/span><\/p>\n<ul>\n<li style=\"font-weight: 400;\" aria-level=\"1\"><b>Pompeya: <\/b><span style=\"font-weight: 400;\">Explore la inquietantemente conservada ciudad de Pompeya, donde la antigua vida romana cobra vida. Pasee por sus calles, visite el anfiteatro y contemple los moldes de yeso de las v\u00edctimas del volc\u00e1n, congeladas en sus \u00faltimos momentos.<\/span><\/li>\n<li style=\"font-weight: 400;\" aria-level=\"1\"><b>Duomo de N\u00e1poles:<\/b><span style=\"font-weight: 400;\"> Admire la Catedral de N\u00e1poles, un impresionante ejemplo de la arquitectura g\u00f3tica napolitana. Descubra su rica historia y su significado religioso mientras explora su interior.<\/span><\/li>\n<li style=\"font-weight: 400;\" aria-level=\"1\"><b>Capilla del Tesoro:<\/b><span style=\"font-weight: 400;\"> Ad\u00e9ntrese en la historia de la Capilla del Tesoro de San Genaro, un exquisito lugar de culto adornado con magistrales obras de arte.<\/span><\/li>\n<li style=\"font-weight: 400;\" aria-level=\"1\"><b>Bas\u00edlica de Santa Restituta: <\/b><span style=\"font-weight: 400;\">Visite esta hist\u00f3rica bas\u00edlica, enclavada en el complejo de la Catedral de N\u00e1poles, y admire su impresionante arquitectura y sus tesoros religiosos.<\/span><\/li>\n<li style=\"font-weight: 400;\" aria-level=\"1\"><b>Plaza del Plebiscito:<\/b><span style=\"font-weight: 400;\"> Sum\u00e9rjase en la grandeza de la Piazza del Plebiscito, una inmensa plaza p\u00fablica que es testimonio de la rica historia de N\u00e1poles.<\/span><\/li>\n<li style=\"font-weight: 400;\" aria-level=\"1\"><b>Palacio Real de N\u00e1poles<\/b><span style=\"font-weight: 400;\">: Contemple la opulencia del Palacio Real, anta\u00f1o residencia de los monarcas espa\u00f1oles y m\u00e1s tarde borb\u00f3nicos. Explore sus suntuosos salones y su opulenta decoraci\u00f3n.<\/span><\/li>\n<li style=\"font-weight: 400;\" aria-level=\"1\"><b>Iglesia de San Francisco de Paula:<\/b><span style=\"font-weight: 400;\"> Marav\u00edllese con el elegante dise\u00f1o neocl\u00e1sico de esta iglesia, situada en el lado sur de la Piazza del Plebiscito.<\/span><\/li>\n<li style=\"font-weight: 400;\" aria-level=\"1\"><b>Piazza del Municipio:<\/b><span style=\"font-weight: 400;\"> Experimente la vibrante atm\u00f3sfera de la plaza municipal de N\u00e1poles, rodeada de impresionante arquitectura y bulliciosa actividad.<\/span><\/li>\n<li style=\"font-weight: 400;\" aria-level=\"1\"><b>Castello Nuovo:<\/b><span style=\"font-weight: 400;\"> Descubra el imponente Castel Nuovo, una fortaleza hist\u00f3rica que ha custodiado el paseo mar\u00edtimo de N\u00e1poles durante siglos. Explore sus antiguas salas y disfrute de vistas panor\u00e1micas desde sus torres.<\/span><\/li>\n<li style=\"font-weight: 400;\" aria-level=\"1\"><b>Mirador de Posillipo:<\/b><span style=\"font-weight: 400;\"> Concluya su viaje con una impresionante vista desde la colina de Posillipo, que ofrece vistas panor\u00e1micas de la bah\u00eda de N\u00e1poles y de la pintoresca costa de la ciudad.<\/span><\/li>\n<\/ul>\n<p><span style=\"font-weight: 400;\">Al final de esta excursi\u00f3n privada, nos aseguraremos de que regrese sin problemas al punto de recogida que haya elegido, para que pueda seguir explorando la encantadora regi\u00f3n de Sorrento a su aire. Si desea m\u00e1s aventuras en este hermoso destino italiano<\/span><a href=\"https:\/\/tourtravelandmore.com\/es\/ciudad\/italia-es\/sorrento-es\/\"><span style=\"font-weight: 400;\">, considere nuestra gama de tours privados para mejorar su experiencia en Sorrento.<\/span><\/a><\/p>\n","protected":false},"excerpt":{"rendered":"<p><span style=\"font-weight: 400;\">Emb\u00e1rquese en un extraordinario viaje a trav\u00e9s del tiempo con nuestro Tour Privado de Pompeya y N\u00e1poles desde Sorrento. Sea testigo de las fascinantes ruinas de Pompeya, congeladas en el momento de la erupci\u00f3n del Vesubio, y luego explore las vibrantes calles de N\u00e1poles, ricas en historia y cultura. Elija la comodidad de una excursi\u00f3n con ch\u00f3fer u opte por las entradas a Pompeya. Descubra los tesoros de Italia en esta cautivadora aventura.<\/span><\/p>\n","protected":false},"featured_media":129124,"comment_status":"open","ping_status":"closed","template":"","meta":{"_acf_changed":false},"product_brand":[],"product_cat":[1608,4145,4147,4146,4148],"product_tag":[],"class_list":{"0":"post-129093","1":"product","2":"type-product","3":"status-publish","4":"has-post-thumbnail","6":"product_cat-italia-es","7":"product_cat-sorrento-es","8":"product_cat-excursiones-privadas-en-tierra","9":"product_cat-todos-los-tours-y-actividades-privadas","10":"product_cat-visitas-turisticas-privadas","12":"first","13":"instock","14":"shipping-taxable","15":"purchasable","16":"product-type-simple"},"acf":[],"yoast_head":"<!-- This site is optimized with the Yoast SEO Premium plugin v25.3.1 (Yoast SEO v25.3.1) - https:\/\/yoast.com\/wordpress\/plugins\/seo\/ -->\n<title>Explore Pompeya y N\u00e1poles - Tour Privado desde Sorrento<\/title>\n<meta name=\"description\" content=\"Sum\u00e9rjase en la rica historia de Pompeya y la vibrante cultura de N\u00e1poles con nuestro tour privado desde Sorrento \u2705\" \/>\n<meta name=\"robots\" content=\"index, follow, max-snippet:-1, max-image-preview:large, max-video-preview:-1\" \/>\n<link rel=\"canonical\" href=\"https:\/\/tourtravelandmore.com\/es\/tours\/italia-es\/sorrento-es\/todos-los-tours-y-actividades-privadas\/tour-privado-de-pompeya-y-napoles-desde-sorrento\/\" \/>\n<meta property=\"og:locale\" content=\"es_ES\" \/>\n<meta property=\"og:type\" content=\"article\" \/>\n<meta property=\"og:title\" content=\"Tour privado de Pompeya y N\u00e1poles desde Sorrento\" \/>\n<meta property=\"og:description\" content=\"Sum\u00e9rjase en la rica historia de Pompeya y la vibrante cultura de N\u00e1poles con nuestro tour privado desde Sorrento \u2705\" \/>\n<meta property=\"og:url\" content=\"https:\/\/tourtravelandmore.com\/es\/tours\/italia-es\/sorrento-es\/todos-los-tours-y-actividades-privadas\/tour-privado-de-pompeya-y-napoles-desde-sorrento\/\" \/>\n<meta property=\"og:site_name\" content=\"Tour Travel And More\" \/>\n<meta property=\"article:publisher\" content=\"https:\/\/www.facebook.com\/tourtravelandmore\/\" \/>\n<meta property=\"article:modified_time\" content=\"2024-01-30T15:03:27+00:00\" \/>\n<meta property=\"og:image\" content=\"https:\/\/tourtravelandmore.com\/wp-content\/uploads\/2022\/06\/image4-6.jpg\" \/>\n\t<meta property=\"og:image:width\" content=\"900\" \/>\n\t<meta property=\"og:image:height\" content=\"700\" \/>\n\t<meta property=\"og:image:type\" content=\"image\/jpeg\" \/>\n<meta name=\"twitter:card\" content=\"summary_large_image\" \/>\n<meta name=\"twitter:site\" content=\"@TourTravel_More\" \/>\n<meta name=\"twitter:label1\" content=\"Tiempo de lectura\" \/>\n\t<meta name=\"twitter:data1\" content=\"4 minutos\" \/>\n<script type=\"application\/ld+json\" class=\"yoast-schema-graph\">{\"@context\":\"https:\/\/schema.org\",\"@graph\":[{\"@type\":\"WebPage\",\"@id\":\"https:\/\/tourtravelandmore.com\/es\/tours\/italia-es\/sorrento-es\/todos-los-tours-y-actividades-privadas\/tour-privado-de-pompeya-y-napoles-desde-sorrento\/\",\"url\":\"https:\/\/tourtravelandmore.com\/es\/tours\/italia-es\/sorrento-es\/todos-los-tours-y-actividades-privadas\/tour-privado-de-pompeya-y-napoles-desde-sorrento\/\",\"name\":\"Explore Pompeya y N\u00e1poles - Tour Privado desde Sorrento\",\"isPartOf\":{\"@id\":\"https:\/\/tourtravelandmore.com\/es\/#website\"},\"primaryImageOfPage\":{\"@id\":\"https:\/\/tourtravelandmore.com\/es\/tours\/italia-es\/sorrento-es\/todos-los-tours-y-actividades-privadas\/tour-privado-de-pompeya-y-napoles-desde-sorrento\/#primaryimage\"},\"image\":{\"@id\":\"https:\/\/tourtravelandmore.com\/es\/tours\/italia-es\/sorrento-es\/todos-los-tours-y-actividades-privadas\/tour-privado-de-pompeya-y-napoles-desde-sorrento\/#primaryimage\"},\"thumbnailUrl\":\"https:\/\/tourtravelandmore.com\/wp-content\/uploads\/2022\/06\/image4-6.jpg\",\"datePublished\":\"2022-06-17T13:47:24+00:00\",\"dateModified\":\"2024-01-30T15:03:27+00:00\",\"description\":\"Sum\u00e9rjase en la rica historia de Pompeya y la vibrante cultura de N\u00e1poles con nuestro tour privado desde Sorrento \u2705\",\"breadcrumb\":{\"@id\":\"https:\/\/tourtravelandmore.com\/es\/tours\/italia-es\/sorrento-es\/todos-los-tours-y-actividades-privadas\/tour-privado-de-pompeya-y-napoles-desde-sorrento\/#breadcrumb\"},\"inLanguage\":\"es\",\"potentialAction\":[{\"@type\":\"ReadAction\",\"target\":[\"https:\/\/tourtravelandmore.com\/es\/tours\/italia-es\/sorrento-es\/todos-los-tours-y-actividades-privadas\/tour-privado-de-pompeya-y-napoles-desde-sorrento\/\"]}]},{\"@type\":\"ImageObject\",\"inLanguage\":\"es\",\"@id\":\"https:\/\/tourtravelandmore.com\/es\/tours\/italia-es\/sorrento-es\/todos-los-tours-y-actividades-privadas\/tour-privado-de-pompeya-y-napoles-desde-sorrento\/#primaryimage\",\"url\":\"https:\/\/tourtravelandmore.com\/wp-content\/uploads\/2022\/06\/image4-6.jpg\",\"contentUrl\":\"https:\/\/tourtravelandmore.com\/wp-content\/uploads\/2022\/06\/image4-6.jpg\",\"width\":900,\"height\":700},{\"@type\":\"BreadcrumbList\",\"@id\":\"https:\/\/tourtravelandmore.com\/es\/tours\/italia-es\/sorrento-es\/todos-los-tours-y-actividades-privadas\/tour-privado-de-pompeya-y-napoles-desde-sorrento\/#breadcrumb\",\"itemListElement\":[{\"@type\":\"ListItem\",\"position\":1,\"name\":\"Home\",\"item\":\"https:\/\/tourtravelandmore.com\/es\/\"},{\"@type\":\"ListItem\",\"position\":2,\"name\":\"Tours\",\"item\":\"https:\/\/tourtravelandmore.com\/es\/tours\/\"},{\"@type\":\"ListItem\",\"position\":3,\"name\":\"Tour privado de Pompeya y N\u00e1poles desde Sorrento\"}]},{\"@type\":\"WebSite\",\"@id\":\"https:\/\/tourtravelandmore.com\/es\/#website\",\"url\":\"https:\/\/tourtravelandmore.com\/es\/\",\"name\":\"Tour Travel And More\",\"description\":\"Private sightseeing tours and luxury transfers in Spain\",\"publisher\":{\"@id\":\"https:\/\/tourtravelandmore.com\/es\/#organization\"},\"potentialAction\":[{\"@type\":\"SearchAction\",\"target\":{\"@type\":\"EntryPoint\",\"urlTemplate\":\"https:\/\/tourtravelandmore.com\/es\/?s={search_term_string}\"},\"query-input\":{\"@type\":\"PropertyValueSpecification\",\"valueRequired\":true,\"valueName\":\"search_term_string\"}}],\"inLanguage\":\"es\"},{\"@type\":\"Organization\",\"@id\":\"https:\/\/tourtravelandmore.com\/es\/#organization\",\"name\":\"Tour Travel And More\",\"url\":\"https:\/\/tourtravelandmore.com\/es\/\",\"logo\":{\"@type\":\"ImageObject\",\"inLanguage\":\"es\",\"@id\":\"https:\/\/tourtravelandmore.com\/es\/#\/schema\/logo\/image\/\",\"url\":\"https:\/\/tourtravelandmore.com\/wp-content\/uploads\/2022\/12\/cropped-logo-cabecera-new.png\",\"contentUrl\":\"https:\/\/tourtravelandmore.com\/wp-content\/uploads\/2022\/12\/cropped-logo-cabecera-new.png\",\"width\":430,\"height\":61,\"caption\":\"Tour Travel And More\"},\"image\":{\"@id\":\"https:\/\/tourtravelandmore.com\/es\/#\/schema\/logo\/image\/\"},\"sameAs\":[\"https:\/\/www.facebook.com\/tourtravelandmore\/\",\"https:\/\/x.com\/TourTravel_More\"]}]}<\/script>\n<!-- \/ Yoast SEO Premium plugin. -->","yoast_head_json":{"title":"Explore Pompeya y N\u00e1poles - Tour Privado desde Sorrento","description":"Sum\u00e9rjase en la rica historia de Pompeya y la vibrante cultura de N\u00e1poles con nuestro tour privado desde Sorrento \u2705","robots":{"index":"index","follow":"follow","max-snippet":"max-snippet:-1","max-image-preview":"max-image-preview:large","max-video-preview":"max-video-preview:-1"},"canonical":"https:\/\/tourtravelandmore.com\/es\/tours\/italia-es\/sorrento-es\/todos-los-tours-y-actividades-privadas\/tour-privado-de-pompeya-y-napoles-desde-sorrento\/","og_locale":"es_ES","og_type":"article","og_title":"Tour privado de Pompeya y N\u00e1poles desde Sorrento","og_description":"Sum\u00e9rjase en la rica historia de Pompeya y la vibrante cultura de N\u00e1poles con nuestro tour privado desde Sorrento \u2705","og_url":"https:\/\/tourtravelandmore.com\/es\/tours\/italia-es\/sorrento-es\/todos-los-tours-y-actividades-privadas\/tour-privado-de-pompeya-y-napoles-desde-sorrento\/","og_site_name":"Tour Travel And More","article_publisher":"https:\/\/www.facebook.com\/tourtravelandmore\/","article_modified_time":"2024-01-30T15:03:27+00:00","og_image":[{"width":900,"height":700,"url":"https:\/\/tourtravelandmore.com\/wp-content\/uploads\/2022\/06\/image4-6.jpg","type":"image\/jpeg"}],"twitter_card":"summary_large_image","twitter_site":"@TourTravel_More","twitter_misc":{"Tiempo de lectura":"4 minutos"},"schema":{"@context":"https:\/\/schema.org","@graph":[{"@type":"WebPage","@id":"https:\/\/tourtravelandmore.com\/es\/tours\/italia-es\/sorrento-es\/todos-los-tours-y-actividades-privadas\/tour-privado-de-pompeya-y-napoles-desde-sorrento\/","url":"https:\/\/tourtravelandmore.com\/es\/tours\/italia-es\/sorrento-es\/todos-los-tours-y-actividades-privadas\/tour-privado-de-pompeya-y-napoles-desde-sorrento\/","name":"Explore Pompeya y N\u00e1poles - Tour Privado desde Sorrento","isPartOf":{"@id":"https:\/\/tourtravelandmore.com\/es\/#website"},"primaryImageOfPage":{"@id":"https:\/\/tourtravelandmore.com\/es\/tours\/italia-es\/sorrento-es\/todos-los-tours-y-actividades-privadas\/tour-privado-de-pompeya-y-napoles-desde-sorrento\/#primaryimage"},"image":{"@id":"https:\/\/tourtravelandmore.com\/es\/tours\/italia-es\/sorrento-es\/todos-los-tours-y-actividades-privadas\/tour-privado-de-pompeya-y-napoles-desde-sorrento\/#primaryimage"},"thumbnailUrl":"https:\/\/tourtravelandmore.com\/wp-content\/uploads\/2022\/06\/image4-6.jpg","datePublished":"2022-06-17T13:47:24+00:00","dateModified":"2024-01-30T15:03:27+00:00","description":"Sum\u00e9rjase en la rica historia de Pompeya y la vibrante cultura de N\u00e1poles con nuestro tour privado desde Sorrento \u2705","breadcrumb":{"@id":"https:\/\/tourtravelandmore.com\/es\/tours\/italia-es\/sorrento-es\/todos-los-tours-y-actividades-privadas\/tour-privado-de-pompeya-y-napoles-desde-sorrento\/#breadcrumb"},"inLanguage":"es","potentialAction":[{"@type":"ReadAction","target":["https:\/\/tourtravelandmore.com\/es\/tours\/italia-es\/sorrento-es\/todos-los-tours-y-actividades-privadas\/tour-privado-de-pompeya-y-napoles-desde-sorrento\/"]}]},{"@type":"ImageObject","inLanguage":"es","@id":"https:\/\/tourtravelandmore.com\/es\/tours\/italia-es\/sorrento-es\/todos-los-tours-y-actividades-privadas\/tour-privado-de-pompeya-y-napoles-desde-sorrento\/#primaryimage","url":"https:\/\/tourtravelandmore.com\/wp-content\/uploads\/2022\/06\/image4-6.jpg","contentUrl":"https:\/\/tourtravelandmore.com\/wp-content\/uploads\/2022\/06\/image4-6.jpg","width":900,"height":700},{"@type":"BreadcrumbList","@id":"https:\/\/tourtravelandmore.com\/es\/tours\/italia-es\/sorrento-es\/todos-los-tours-y-actividades-privadas\/tour-privado-de-pompeya-y-napoles-desde-sorrento\/#breadcrumb","itemListElement":[{"@type":"ListItem","position":1,"name":"Home","item":"https:\/\/tourtravelandmore.com\/es\/"},{"@type":"ListItem","position":2,"name":"Tours","item":"https:\/\/tourtravelandmore.com\/es\/tours\/"},{"@type":"ListItem","position":3,"name":"Tour privado de Pompeya y N\u00e1poles desde Sorrento"}]},{"@type":"WebSite","@id":"https:\/\/tourtravelandmore.com\/es\/#website","url":"https:\/\/tourtravelandmore.com\/es\/","name":"Tour Travel And More","description":"Private sightseeing tours and luxury transfers in Spain","publisher":{"@id":"https:\/\/tourtravelandmore.com\/es\/#organization"},"potentialAction":[{"@type":"SearchAction","target":{"@type":"EntryPoint","urlTemplate":"https:\/\/tourtravelandmore.com\/es\/?s={search_term_string}"},"query-input":{"@type":"PropertyValueSpecification","valueRequired":true,"valueName":"search_term_string"}}],"inLanguage":"es"},{"@type":"Organization","@id":"https:\/\/tourtravelandmore.com\/es\/#organization","name":"Tour Travel And More","url":"https:\/\/tourtravelandmore.com\/es\/","logo":{"@type":"ImageObject","inLanguage":"es","@id":"https:\/\/tourtravelandmore.com\/es\/#\/schema\/logo\/image\/","url":"https:\/\/tourtravelandmore.com\/wp-content\/uploads\/2022\/12\/cropped-logo-cabecera-new.png","contentUrl":"https:\/\/tourtravelandmore.com\/wp-content\/uploads\/2022\/12\/cropped-logo-cabecera-new.png","width":430,"height":61,"caption":"Tour Travel And More"},"image":{"@id":"https:\/\/tourtravelandmore.com\/es\/#\/schema\/logo\/image\/"},"sameAs":["https:\/\/www.facebook.com\/tourtravelandmore\/","https:\/\/x.com\/TourTravel_More"]}]}},"_links":{"self":[{"href":"https:\/\/tourtravelandmore.com\/es\/wp-json\/wp\/v2\/product\/129093","targetHints":{"allow":["GET"]}}],"collection":[{"href":"https:\/\/tourtravelandmore.com\/es\/wp-json\/wp\/v2\/product"}],"about":[{"href":"https:\/\/tourtravelandmore.com\/es\/wp-json\/wp\/v2\/types\/product"}],"replies":[{"embeddable":true,"href":"https:\/\/tourtravelandmore.com\/es\/wp-json\/wp\/v2\/comments?post=129093"}],"wp:featuredmedia":[{"embeddable":true,"href":"https:\/\/tourtravelandmore.com\/es\/wp-json\/wp\/v2\/media\/129124"}],"wp:attachment":[{"href":"https:\/\/tourtravelandmore.com\/es\/wp-json\/wp\/v2\/media?parent=129093"}],"wp:term":[{"taxonomy":"product_brand","embeddable":true,"href":"https:\/\/tourtravelandmore.com\/es\/wp-json\/wp\/v2\/product_brand?post=129093"},{"taxonomy":"product_cat","embeddable":true,"href":"https:\/\/tourtravelandmore.com\/es\/wp-json\/wp\/v2\/product_cat?post=129093"},{"taxonomy":"product_tag","embeddable":true,"href":"https:\/\/tourtravelandmore.com\/es\/wp-json\/wp\/v2\/product_tag?post=129093"}],"curies":[{"name":"wp","href":"https:\/\/api.w.org\/{rel}","templated":true}]}}