{"id":128810,"date":"2022-06-15T15:27:57","date_gmt":"2022-06-15T13:28:02","guid":{"rendered":"https:\/\/tourtravelandmore.com\/?post_type=product&#038;p=128810"},"modified":"2024-01-29T13:11:46","modified_gmt":"2024-01-29T12:11:46","slug":"tour-privado-de-la-costa-amalfitana-desde-sorrento","status":"publish","type":"product","link":"https:\/\/tourtravelandmore.com\/es\/tours\/italia-es\/sorrento-es\/todos-los-tours-y-actividades-privadas\/tour-privado-de-la-costa-amalfitana-desde-sorrento\/","title":{"rendered":"Tour privado de La Costa Amalfitana desde Sorrento"},"content":{"rendered":"<h2><b>Tour Privado de la Costa Amalfitana desde Sorrento | Descripci\u00f3n<\/b><\/h2>\n<p><span style=\"font-weight: 400;\">Emb\u00e1rquese en un viaje inolvidable con nuestro Tour Privado de la Costa Amalfitana desde Sorrento. Esta experiencia exclusiva le llevar\u00e1 a trav\u00e9s de las sinuosas carreteras y las impresionantes vistas de la mundialmente conocida Costa Amalfitana. Acompa\u00f1ado por un gu\u00eda experto y un veh\u00edculo privado, dispondr\u00e1 de tiempo suficiente para explorar las encantadoras ciudades de Amalfi, Positano y Ravello, mientras disfruta de la belleza natural de la regi\u00f3n. Lo m\u00e1s destacado de la excursi\u00f3n son las visitas a la Gruta Esmeralda y a Villa Rufolo. Descubra la magia de uno de los destinos m\u00e1s codiciados de Italia con esta excursi\u00f3n privada de 8 horas.<\/span><\/p>\n<h2><b>Tour Privado de la Costa Amalfitana desde Sorrento | Lo m\u00e1s destacado<\/b><\/h2>\n<p><span style=\"font-weight: 400;\">La Costa Amalfitana es conocida como uno de los principales destinos tur\u00edsticos de Italia, y con raz\u00f3n. Sus espectaculares acantilados, pueblos pintorescos y aguas cristalinas de color turquesa crean un paisaje realmente encantador.<\/span><\/p>\n<p><span style=\"font-weight: 400;\">Con su gu\u00eda experto y su veh\u00edculo privado con ch\u00f3fer, se embarcar\u00e1 en un viaje cautivador, visitando lugares emblem\u00e1ticos como:<\/span><\/p>\n<ul>\n<li style=\"font-weight: 400;\" aria-level=\"1\"><b>Positano<\/b><span style=\"font-weight: 400;\">: Comience su aventura en la encantadora ciudad de Positano, conocida por sus casas de colores pastel que caen en cascada por los acantilados hasta encontrarse con el espumoso mar. Pasee por sus estrechas calles, sum\u00e9rjase en la atm\u00f3sfera mediterr\u00e1nea y, quiz\u00e1s, disfrute de algunas compras locales.<\/span><\/li>\n<li style=\"font-weight: 400;\" aria-level=\"1\"><b>Amalfi:<\/b><span style=\"font-weight: 400;\"> Explore la hist\u00f3rica ciudad de Amalfi, que da nombre a toda la costa. Visite la impresionante Catedral de Amalfi y pasee por las sinuosas calles llenas de tiendas, caf\u00e9s y joyas ocultas.<\/span><\/li>\n<li style=\"font-weight: 400;\" aria-level=\"1\"><b>Ravello:<\/b><span style=\"font-weight: 400;\"> Descubra la elevada belleza de Ravello, encaramada en lo alto de la costa. Visite la famosa Villa Rufolo, conocida por sus impresionantes jardines y vistas panor\u00e1micas. Ravello tambi\u00e9n cuenta con encantadoras plazas y villas hist\u00f3ricas que esperan ser exploradas.<\/span><\/li>\n<\/ul>\n<h2><b>Opci\u00f3n Uno: Ch\u00f3fer de habla inglesa<\/b><\/h2>\n<p><span style=\"font-weight: 400;\">Opte por la Opci\u00f3n Uno si desea una exploraci\u00f3n m\u00e1s autoguiada de la Costa Amalfitana con la comodidad a\u00f1adida del transporte privado. El d\u00eda comienza con una c\u00e1lida bienvenida de su ch\u00f3fer de habla inglesa, que le esperar\u00e1 en un lugar c\u00e9ntrico de Sorrento o en el alojamiento que haya elegido. A partir de ah\u00ed, ser\u00e1 usted quien decida su itinerario. Esta opci\u00f3n le ofrece la libertad de dise\u00f1ar su aventura sobre la marcha, haciendo paradas y desv\u00edos improvisados cuando le llegue la inspiraci\u00f3n. Tendr\u00e1 acceso a un c\u00f3modo veh\u00edculo privado con aire acondicionado, que le permitir\u00e1 disfrutar de las impresionantes vistas de la regi\u00f3n sin tener que conducir. Aunque su ch\u00f3fer no har\u00e1 las veces de gu\u00eda tradicional, posee conocimientos locales y puede ofrecerle valiosas recomendaciones y puntos de vista, asegur\u00e1ndose de que aprovecha al m\u00e1ximo su tiempo en la Costa Amalfitana.\u00a0<\/span><\/p>\n<h2><b>Opci\u00f3n dos: Veh\u00edculo con ch\u00f3fer y gu\u00eda durante 8 horas<\/b><\/h2>\n<p><span style=\"font-weight: 400;\">Para aquellos que buscan una experiencia m\u00e1s guiada y curada de la Costa Amalfitana, la Opci\u00f3n Dos ofrece la soluci\u00f3n perfecta. Con este completo paquete, tendr\u00e1 a su disposici\u00f3n un ch\u00f3fer profesional y un gu\u00eda experto para una aventura completa de 8 horas. El d\u00eda comienza con un punto de encuentro central en Sorrento o una c\u00f3moda recogida en su alojamiento. Su ch\u00f3fer le proporcionar\u00e1 un c\u00f3modo transporte durante todo el trayecto, asegur\u00e1ndose de que viaje con estilo y comodidad por las pintorescas carreteras costeras. Sin embargo, lo que diferencia a la Opci\u00f3n Dos es la inclusi\u00f3n de un gu\u00eda local experto. Este gu\u00eda no s\u00f3lo navegar\u00e1 por la regi\u00f3n sin problemas, sino que tambi\u00e9n compartir\u00e1 con usted informaci\u00f3n detallada sobre la historia, la cultura y las joyas ocultas de la Costa Amalfitana. Gracias a su experiencia, conocer\u00e1 a fondo este encantador destino. El recorrido incluye visitas a ciudades emblem\u00e1ticas como Positano, Amalfi y Ravello, que le permitir\u00e1n explorar su encanto, historia y ofertas \u00fanicas. Adem\u00e1s, tendr\u00e1 la oportunidad de saborear la cocina local en un restaurante tradicional, sumergi\u00e9ndose en los aut\u00e9nticos sabores de la regi\u00f3n.\u00a0<\/span><\/p>\n<p><span style=\"font-weight: 400;\">Durante su visita privada, tendr\u00e1 la oportunidad de degustar los sabores de la regi\u00f3n con un delicioso almuerzo en un restaurante local. Pruebe la aut\u00e9ntica cocina regional que hace de la Costa Amalfitana una delicia culinaria.<\/span><\/p>\n<p><span style=\"font-weight: 400;\">Al final de la excursi\u00f3n, su gu\u00eda y ch\u00f3fer le devolver\u00e1n al punto de partida en Sorrento, donde podr\u00e1 seguir deleit\u00e1ndose con las maravillas de esta cautivadora ciudad.<\/span><\/p>\n<p><span style=\"font-weight: 400;\">Si desea profundizar en la belleza de Sorrento y sus alrededores<\/span><span style=\"font-weight: 400;\">,<\/span><a href=\"https:\/\/tourtravelandmore.com\/es\/ciudad\/italia-es\/sorrento-es\/\"><span style=\"font-weight: 400;\"> considere la posibilidad de explorar nuestra gama de tours privados en esta espl\u00e9ndida regi\u00f3n italiana.<\/span><\/a><\/p>\n","protected":false},"excerpt":{"rendered":"<p><span style=\"font-weight: 400;\">Sum\u00e9rjase en el esplendor esc\u00e9nico de la Costa Amalfitana con nuestro tour privado desde Sorrento. Explore pueblos encantadores, disfrute de la deliciosa cocina regional y sum\u00e9rjase en la belleza de la costa. Reserve su aventura hoy mismo.<\/span><\/p>\n","protected":false},"featured_media":129020,"comment_status":"open","ping_status":"closed","template":"","meta":{"_acf_changed":false},"product_brand":[],"product_cat":[1608,4145,4147,4146,4148],"product_tag":[],"class_list":{"0":"post-128810","1":"product","2":"type-product","3":"status-publish","4":"has-post-thumbnail","6":"product_cat-italia-es","7":"product_cat-sorrento-es","8":"product_cat-excursiones-privadas-en-tierra","9":"product_cat-todos-los-tours-y-actividades-privadas","10":"product_cat-visitas-turisticas-privadas","12":"first","13":"instock","14":"shipping-taxable","15":"purchasable","16":"product-type-simple"},"acf":[],"yoast_head":"<!-- This site is optimized with the Yoast SEO Premium plugin v25.3.1 (Yoast SEO v25.3.1) - https:\/\/yoast.com\/wordpress\/plugins\/seo\/ -->\n<title>\u27a1\ufe0f Explore la Costa Amalfitana: Tour privado desde Sorrento<\/title>\n<meta name=\"description\" content=\"Descubra la impresionante Costa Amalfitana con nuestro tour privado desde Sorrento. Visite Positano, Amalfi y Ravello, y saboree la cocina local por el camino \u2705\" \/>\n<meta name=\"robots\" content=\"index, follow, max-snippet:-1, max-image-preview:large, max-video-preview:-1\" \/>\n<link rel=\"canonical\" href=\"https:\/\/tourtravelandmore.com\/es\/tours\/italia-es\/sorrento-es\/todos-los-tours-y-actividades-privadas\/tour-privado-de-la-costa-amalfitana-desde-sorrento\/\" \/>\n<meta property=\"og:locale\" content=\"es_ES\" \/>\n<meta property=\"og:type\" content=\"article\" \/>\n<meta property=\"og:title\" content=\"Tour privado de La Costa Amalfitana desde Sorrento\" \/>\n<meta property=\"og:description\" content=\"Descubra la impresionante Costa Amalfitana con nuestro tour privado desde Sorrento. Visite Positano, Amalfi y Ravello, y saboree la cocina local por el camino \u2705\" \/>\n<meta property=\"og:url\" content=\"https:\/\/tourtravelandmore.com\/es\/tours\/italia-es\/sorrento-es\/todos-los-tours-y-actividades-privadas\/tour-privado-de-la-costa-amalfitana-desde-sorrento\/\" \/>\n<meta property=\"og:site_name\" content=\"Tour Travel And More\" \/>\n<meta property=\"article:publisher\" content=\"https:\/\/www.facebook.com\/tourtravelandmore\/\" \/>\n<meta property=\"article:modified_time\" content=\"2024-01-29T12:11:46+00:00\" \/>\n<meta property=\"og:image\" content=\"https:\/\/tourtravelandmore.com\/wp-content\/uploads\/2022\/06\/image1-4.jpg\" \/>\n\t<meta property=\"og:image:width\" content=\"900\" \/>\n\t<meta property=\"og:image:height\" content=\"700\" \/>\n\t<meta property=\"og:image:type\" content=\"image\/jpeg\" \/>\n<meta name=\"twitter:card\" content=\"summary_large_image\" \/>\n<meta name=\"twitter:site\" content=\"@TourTravel_More\" \/>\n<meta name=\"twitter:label1\" content=\"Tiempo de lectura\" \/>\n\t<meta name=\"twitter:data1\" content=\"4 minutos\" \/>\n<script type=\"application\/ld+json\" class=\"yoast-schema-graph\">{\"@context\":\"https:\/\/schema.org\",\"@graph\":[{\"@type\":\"WebPage\",\"@id\":\"https:\/\/tourtravelandmore.com\/es\/tours\/italia-es\/sorrento-es\/todos-los-tours-y-actividades-privadas\/tour-privado-de-la-costa-amalfitana-desde-sorrento\/\",\"url\":\"https:\/\/tourtravelandmore.com\/es\/tours\/italia-es\/sorrento-es\/todos-los-tours-y-actividades-privadas\/tour-privado-de-la-costa-amalfitana-desde-sorrento\/\",\"name\":\"\u27a1\ufe0f Explore la Costa Amalfitana: Tour privado desde Sorrento\",\"isPartOf\":{\"@id\":\"https:\/\/tourtravelandmore.com\/es\/#website\"},\"primaryImageOfPage\":{\"@id\":\"https:\/\/tourtravelandmore.com\/es\/tours\/italia-es\/sorrento-es\/todos-los-tours-y-actividades-privadas\/tour-privado-de-la-costa-amalfitana-desde-sorrento\/#primaryimage\"},\"image\":{\"@id\":\"https:\/\/tourtravelandmore.com\/es\/tours\/italia-es\/sorrento-es\/todos-los-tours-y-actividades-privadas\/tour-privado-de-la-costa-amalfitana-desde-sorrento\/#primaryimage\"},\"thumbnailUrl\":\"https:\/\/tourtravelandmore.com\/wp-content\/uploads\/2022\/06\/image1-4.jpg\",\"datePublished\":\"2022-06-15T13:28:02+00:00\",\"dateModified\":\"2024-01-29T12:11:46+00:00\",\"description\":\"Descubra la impresionante Costa Amalfitana con nuestro tour privado desde Sorrento. Visite Positano, Amalfi y Ravello, y saboree la cocina local por el camino \u2705\",\"breadcrumb\":{\"@id\":\"https:\/\/tourtravelandmore.com\/es\/tours\/italia-es\/sorrento-es\/todos-los-tours-y-actividades-privadas\/tour-privado-de-la-costa-amalfitana-desde-sorrento\/#breadcrumb\"},\"inLanguage\":\"es\",\"potentialAction\":[{\"@type\":\"ReadAction\",\"target\":[\"https:\/\/tourtravelandmore.com\/es\/tours\/italia-es\/sorrento-es\/todos-los-tours-y-actividades-privadas\/tour-privado-de-la-costa-amalfitana-desde-sorrento\/\"]}]},{\"@type\":\"ImageObject\",\"inLanguage\":\"es\",\"@id\":\"https:\/\/tourtravelandmore.com\/es\/tours\/italia-es\/sorrento-es\/todos-los-tours-y-actividades-privadas\/tour-privado-de-la-costa-amalfitana-desde-sorrento\/#primaryimage\",\"url\":\"https:\/\/tourtravelandmore.com\/wp-content\/uploads\/2022\/06\/image1-4.jpg\",\"contentUrl\":\"https:\/\/tourtravelandmore.com\/wp-content\/uploads\/2022\/06\/image1-4.jpg\",\"width\":900,\"height\":700},{\"@type\":\"BreadcrumbList\",\"@id\":\"https:\/\/tourtravelandmore.com\/es\/tours\/italia-es\/sorrento-es\/todos-los-tours-y-actividades-privadas\/tour-privado-de-la-costa-amalfitana-desde-sorrento\/#breadcrumb\",\"itemListElement\":[{\"@type\":\"ListItem\",\"position\":1,\"name\":\"Home\",\"item\":\"https:\/\/tourtravelandmore.com\/es\/\"},{\"@type\":\"ListItem\",\"position\":2,\"name\":\"Tours\",\"item\":\"https:\/\/tourtravelandmore.com\/es\/tours\/\"},{\"@type\":\"ListItem\",\"position\":3,\"name\":\"Tour privado de La Costa Amalfitana desde Sorrento\"}]},{\"@type\":\"WebSite\",\"@id\":\"https:\/\/tourtravelandmore.com\/es\/#website\",\"url\":\"https:\/\/tourtravelandmore.com\/es\/\",\"name\":\"Tour Travel And More\",\"description\":\"Private sightseeing tours and luxury transfers in Spain\",\"publisher\":{\"@id\":\"https:\/\/tourtravelandmore.com\/es\/#organization\"},\"potentialAction\":[{\"@type\":\"SearchAction\",\"target\":{\"@type\":\"EntryPoint\",\"urlTemplate\":\"https:\/\/tourtravelandmore.com\/es\/?s={search_term_string}\"},\"query-input\":{\"@type\":\"PropertyValueSpecification\",\"valueRequired\":true,\"valueName\":\"search_term_string\"}}],\"inLanguage\":\"es\"},{\"@type\":\"Organization\",\"@id\":\"https:\/\/tourtravelandmore.com\/es\/#organization\",\"name\":\"Tour Travel And More\",\"url\":\"https:\/\/tourtravelandmore.com\/es\/\",\"logo\":{\"@type\":\"ImageObject\",\"inLanguage\":\"es\",\"@id\":\"https:\/\/tourtravelandmore.com\/es\/#\/schema\/logo\/image\/\",\"url\":\"https:\/\/tourtravelandmore.com\/wp-content\/uploads\/2022\/12\/cropped-logo-cabecera-new.png\",\"contentUrl\":\"https:\/\/tourtravelandmore.com\/wp-content\/uploads\/2022\/12\/cropped-logo-cabecera-new.png\",\"width\":430,\"height\":61,\"caption\":\"Tour Travel And More\"},\"image\":{\"@id\":\"https:\/\/tourtravelandmore.com\/es\/#\/schema\/logo\/image\/\"},\"sameAs\":[\"https:\/\/www.facebook.com\/tourtravelandmore\/\",\"https:\/\/x.com\/TourTravel_More\"]}]}<\/script>\n<!-- \/ Yoast SEO Premium plugin. -->","yoast_head_json":{"title":"\u27a1\ufe0f Explore la Costa Amalfitana: Tour privado desde Sorrento","description":"Descubra la impresionante Costa Amalfitana con nuestro tour privado desde Sorrento. Visite Positano, Amalfi y Ravello, y saboree la cocina local por el camino \u2705","robots":{"index":"index","follow":"follow","max-snippet":"max-snippet:-1","max-image-preview":"max-image-preview:large","max-video-preview":"max-video-preview:-1"},"canonical":"https:\/\/tourtravelandmore.com\/es\/tours\/italia-es\/sorrento-es\/todos-los-tours-y-actividades-privadas\/tour-privado-de-la-costa-amalfitana-desde-sorrento\/","og_locale":"es_ES","og_type":"article","og_title":"Tour privado de La Costa Amalfitana desde Sorrento","og_description":"Descubra la impresionante Costa Amalfitana con nuestro tour privado desde Sorrento. Visite Positano, Amalfi y Ravello, y saboree la cocina local por el camino \u2705","og_url":"https:\/\/tourtravelandmore.com\/es\/tours\/italia-es\/sorrento-es\/todos-los-tours-y-actividades-privadas\/tour-privado-de-la-costa-amalfitana-desde-sorrento\/","og_site_name":"Tour Travel And More","article_publisher":"https:\/\/www.facebook.com\/tourtravelandmore\/","article_modified_time":"2024-01-29T12:11:46+00:00","og_image":[{"width":900,"height":700,"url":"https:\/\/tourtravelandmore.com\/wp-content\/uploads\/2022\/06\/image1-4.jpg","type":"image\/jpeg"}],"twitter_card":"summary_large_image","twitter_site":"@TourTravel_More","twitter_misc":{"Tiempo de lectura":"4 minutos"},"schema":{"@context":"https:\/\/schema.org","@graph":[{"@type":"WebPage","@id":"https:\/\/tourtravelandmore.com\/es\/tours\/italia-es\/sorrento-es\/todos-los-tours-y-actividades-privadas\/tour-privado-de-la-costa-amalfitana-desde-sorrento\/","url":"https:\/\/tourtravelandmore.com\/es\/tours\/italia-es\/sorrento-es\/todos-los-tours-y-actividades-privadas\/tour-privado-de-la-costa-amalfitana-desde-sorrento\/","name":"\u27a1\ufe0f Explore la Costa Amalfitana: Tour privado desde Sorrento","isPartOf":{"@id":"https:\/\/tourtravelandmore.com\/es\/#website"},"primaryImageOfPage":{"@id":"https:\/\/tourtravelandmore.com\/es\/tours\/italia-es\/sorrento-es\/todos-los-tours-y-actividades-privadas\/tour-privado-de-la-costa-amalfitana-desde-sorrento\/#primaryimage"},"image":{"@id":"https:\/\/tourtravelandmore.com\/es\/tours\/italia-es\/sorrento-es\/todos-los-tours-y-actividades-privadas\/tour-privado-de-la-costa-amalfitana-desde-sorrento\/#primaryimage"},"thumbnailUrl":"https:\/\/tourtravelandmore.com\/wp-content\/uploads\/2022\/06\/image1-4.jpg","datePublished":"2022-06-15T13:28:02+00:00","dateModified":"2024-01-29T12:11:46+00:00","description":"Descubra la impresionante Costa Amalfitana con nuestro tour privado desde Sorrento. Visite Positano, Amalfi y Ravello, y saboree la cocina local por el camino \u2705","breadcrumb":{"@id":"https:\/\/tourtravelandmore.com\/es\/tours\/italia-es\/sorrento-es\/todos-los-tours-y-actividades-privadas\/tour-privado-de-la-costa-amalfitana-desde-sorrento\/#breadcrumb"},"inLanguage":"es","potentialAction":[{"@type":"ReadAction","target":["https:\/\/tourtravelandmore.com\/es\/tours\/italia-es\/sorrento-es\/todos-los-tours-y-actividades-privadas\/tour-privado-de-la-costa-amalfitana-desde-sorrento\/"]}]},{"@type":"ImageObject","inLanguage":"es","@id":"https:\/\/tourtravelandmore.com\/es\/tours\/italia-es\/sorrento-es\/todos-los-tours-y-actividades-privadas\/tour-privado-de-la-costa-amalfitana-desde-sorrento\/#primaryimage","url":"https:\/\/tourtravelandmore.com\/wp-content\/uploads\/2022\/06\/image1-4.jpg","contentUrl":"https:\/\/tourtravelandmore.com\/wp-content\/uploads\/2022\/06\/image1-4.jpg","width":900,"height":700},{"@type":"BreadcrumbList","@id":"https:\/\/tourtravelandmore.com\/es\/tours\/italia-es\/sorrento-es\/todos-los-tours-y-actividades-privadas\/tour-privado-de-la-costa-amalfitana-desde-sorrento\/#breadcrumb","itemListElement":[{"@type":"ListItem","position":1,"name":"Home","item":"https:\/\/tourtravelandmore.com\/es\/"},{"@type":"ListItem","position":2,"name":"Tours","item":"https:\/\/tourtravelandmore.com\/es\/tours\/"},{"@type":"ListItem","position":3,"name":"Tour privado de La Costa Amalfitana desde Sorrento"}]},{"@type":"WebSite","@id":"https:\/\/tourtravelandmore.com\/es\/#website","url":"https:\/\/tourtravelandmore.com\/es\/","name":"Tour Travel And More","description":"Private sightseeing tours and luxury transfers in Spain","publisher":{"@id":"https:\/\/tourtravelandmore.com\/es\/#organization"},"potentialAction":[{"@type":"SearchAction","target":{"@type":"EntryPoint","urlTemplate":"https:\/\/tourtravelandmore.com\/es\/?s={search_term_string}"},"query-input":{"@type":"PropertyValueSpecification","valueRequired":true,"valueName":"search_term_string"}}],"inLanguage":"es"},{"@type":"Organization","@id":"https:\/\/tourtravelandmore.com\/es\/#organization","name":"Tour Travel And More","url":"https:\/\/tourtravelandmore.com\/es\/","logo":{"@type":"ImageObject","inLanguage":"es","@id":"https:\/\/tourtravelandmore.com\/es\/#\/schema\/logo\/image\/","url":"https:\/\/tourtravelandmore.com\/wp-content\/uploads\/2022\/12\/cropped-logo-cabecera-new.png","contentUrl":"https:\/\/tourtravelandmore.com\/wp-content\/uploads\/2022\/12\/cropped-logo-cabecera-new.png","width":430,"height":61,"caption":"Tour Travel And More"},"image":{"@id":"https:\/\/tourtravelandmore.com\/es\/#\/schema\/logo\/image\/"},"sameAs":["https:\/\/www.facebook.com\/tourtravelandmore\/","https:\/\/x.com\/TourTravel_More"]}]}},"_links":{"self":[{"href":"https:\/\/tourtravelandmore.com\/es\/wp-json\/wp\/v2\/product\/128810","targetHints":{"allow":["GET"]}}],"collection":[{"href":"https:\/\/tourtravelandmore.com\/es\/wp-json\/wp\/v2\/product"}],"about":[{"href":"https:\/\/tourtravelandmore.com\/es\/wp-json\/wp\/v2\/types\/product"}],"replies":[{"embeddable":true,"href":"https:\/\/tourtravelandmore.com\/es\/wp-json\/wp\/v2\/comments?post=128810"}],"wp:featuredmedia":[{"embeddable":true,"href":"https:\/\/tourtravelandmore.com\/es\/wp-json\/wp\/v2\/media\/129020"}],"wp:attachment":[{"href":"https:\/\/tourtravelandmore.com\/es\/wp-json\/wp\/v2\/media?parent=128810"}],"wp:term":[{"taxonomy":"product_brand","embeddable":true,"href":"https:\/\/tourtravelandmore.com\/es\/wp-json\/wp\/v2\/product_brand?post=128810"},{"taxonomy":"product_cat","embeddable":true,"href":"https:\/\/tourtravelandmore.com\/es\/wp-json\/wp\/v2\/product_cat?post=128810"},{"taxonomy":"product_tag","embeddable":true,"href":"https:\/\/tourtravelandmore.com\/es\/wp-json\/wp\/v2\/product_tag?post=128810"}],"curies":[{"name":"wp","href":"https:\/\/api.w.org\/{rel}","templated":true}]}}