{"id":127635,"date":"2022-06-01T11:44:08","date_gmt":"2022-06-01T09:44:09","guid":{"rendered":"https:\/\/tourtravelandmore.com\/?post_type=product&#038;p=127635"},"modified":"2022-07-08T08:36:32","modified_gmt":"2022-07-08T06:36:32","slug":"tour-privado-a-szentendre-desde-budapest","status":"publish","type":"product","link":"https:\/\/tourtravelandmore.com\/es\/tours\/hungria-es\/budapest-es\/tour-privado-a-szentendre-desde-budapest\/","title":{"rendered":"Tour privado a Szentendre desde Budapest"},"content":{"rendered":"<h2><b>Descripci\u00f3n del Tour Privado a Szentendre desde Budapest<\/b><\/h2>\n<p><span style=\"font-weight: 400;\">Realice un recorrido privado a Szentendre desde Budapest. Obtenga una experiencia de lujo con una gu\u00eda y un veh\u00edculo dprivado. Visite los lugares m\u00e1s importantes de la ciudad y obtenga informaci\u00f3n sobre la cultura h\u00fangara.<\/span><\/p>\n<p><span style=\"font-weight: 400;\">El recorrido incluye 4 horas, donde visitar\u00e1 los lugares m\u00e1s relevantes de Szentendre, incluido el centro hist\u00f3rico, asentamientos barrocos, Museo de la Cer\u00e1mica Margit Kov\u00e1cs, Museo de la Reposter\u00eda y m\u00e1s.<\/span><\/p>\n<p><span style=\"font-weight: 400;\">El tour privado en esta hermosa ciudad comienza en su punto de recogida en Budapest o sitio de alojamiento donde posteriormente nos adentraremos a la ciudad de Szentendre. Tambi\u00e9n podr\u00e1 disfrutar de un<\/span><span style=\"font-weight: 400;\">\u00a0gu\u00eda local experto, chofer y veh\u00edculo privado.<\/span><\/p>\n<h2><b>Puntos de inter\u00e9s en el Tour Privado a Szentendre desde Budapest<\/b><\/h2>\n<p><span style=\"font-weight: 400;\">Al comenzar el recorrido nuestro gu\u00eda le llevar\u00e1 por diferentes puntos de inter\u00e9s de esta ciudad, tambi\u00e9n llamada la ciudad de los artistas, donde podr\u00e1 conocer m\u00e1s sobre sus lugares emblem\u00e1ticos como:<\/span><b><\/b><\/p>\n<ul>\n<li><b>Centro hist\u00f3rico<\/b><\/li>\n<li><b>Asentamientos barrocos<\/b><\/li>\n<li><b>Museo de la Cer\u00e1mica Margit Kov\u00e1cs<\/b><\/li>\n<li><b>Museo de la Reposter\u00eda<\/b><\/li>\n<li><b>Y m\u00e1s!<\/b><\/li>\n<\/ul>\n<p><span style=\"font-weight: 400;\">Al finalizar el tour privado, su chofer le llevar\u00e9 al punto de recogida en Budapest para que pueda seguir disfrutar de este bello destino.<\/span><\/p>\n<p><span style=\"font-weight: 400;\">Si, por el contrario, desea conocer m\u00e1s de Budapest de una manera privada y de lujo, no dude en revisar nuestros <\/span><span style=\"font-weight: 400;\">tours en la <a href=\"https:\/\/tourtravelandmore.com\/es\/ciudad\/hungria-es\/budapest-es\/\">hermosa capital h\u00fangara.<\/a><\/span><\/p>\n","protected":false},"excerpt":{"rendered":"<p><span style=\"font-weight: 400;\">Disfrute de un <strong>tour privado a Szentendre<\/strong> empezado en la ciudad de Budapest, el tour incluye veh\u00edculo y gu\u00eda experto durante 4 horas, ser\u00e1 una experiencia inolvidable.<\/span><\/p>\n","protected":false},"featured_media":127660,"comment_status":"open","ping_status":"closed","template":"","meta":{"_acf_changed":false},"product_brand":[],"product_cat":[919,928,929],"product_tag":[],"class_list":{"0":"post-127635","1":"product","2":"type-product","3":"status-publish","4":"has-post-thumbnail","6":"product_cat-budapest-es","7":"product_cat-budapest-actividades-es","8":"product_cat-budapest-rutas-turisticas-privadas-es","10":"first","11":"instock","12":"shipping-taxable","13":"purchasable","14":"product-type-simple"},"acf":[],"yoast_head":"<!-- This site is optimized with the Yoast SEO Premium plugin v25.3.1 (Yoast SEO v25.3.1) - https:\/\/yoast.com\/wordpress\/plugins\/seo\/ -->\n<title>\ud83d\udccd Tour privado a Szentendre desde Budapest | Tour Travel &amp; More<\/title>\n<meta name=\"description\" content=\"Esta es una excursi\u00f3n privada en la ciudad de Szentendre, desde Budapest. Reserve ya este tour privado \u2705\" \/>\n<meta name=\"robots\" content=\"index, follow, max-snippet:-1, max-image-preview:large, max-video-preview:-1\" \/>\n<link rel=\"canonical\" href=\"https:\/\/tourtravelandmore.com\/es\/tours\/hungria-es\/budapest-es\/tour-privado-a-szentendre-desde-budapest\/\" \/>\n<meta property=\"og:locale\" content=\"es_ES\" \/>\n<meta property=\"og:type\" content=\"article\" \/>\n<meta property=\"og:title\" content=\"Tour privado a Szentendre desde Budapest\" \/>\n<meta property=\"og:description\" content=\"Esta es una excursi\u00f3n privada en la ciudad de Szentendre, desde Budapest. Reserve ya este tour privado \u2705\" \/>\n<meta property=\"og:url\" content=\"https:\/\/tourtravelandmore.com\/es\/tours\/hungria-es\/budapest-es\/tour-privado-a-szentendre-desde-budapest\/\" \/>\n<meta property=\"og:site_name\" content=\"Tour Travel And More\" \/>\n<meta property=\"article:publisher\" content=\"https:\/\/www.facebook.com\/tourtravelandmore\/\" \/>\n<meta property=\"article:modified_time\" content=\"2022-07-08T06:36:32+00:00\" \/>\n<meta property=\"og:image\" content=\"https:\/\/tourtravelandmore.com\/wp-content\/uploads\/2022\/06\/image3-1.jpg\" \/>\n\t<meta property=\"og:image:width\" content=\"1250\" \/>\n\t<meta property=\"og:image:height\" content=\"750\" \/>\n\t<meta property=\"og:image:type\" content=\"image\/jpeg\" \/>\n<meta name=\"twitter:card\" content=\"summary_large_image\" \/>\n<meta name=\"twitter:site\" content=\"@TourTravel_More\" \/>\n<meta name=\"twitter:label1\" content=\"Tiempo de lectura\" \/>\n\t<meta name=\"twitter:data1\" content=\"2 minutos\" \/>\n<script type=\"application\/ld+json\" class=\"yoast-schema-graph\">{\"@context\":\"https:\/\/schema.org\",\"@graph\":[{\"@type\":\"WebPage\",\"@id\":\"https:\/\/tourtravelandmore.com\/es\/tours\/hungria-es\/budapest-es\/tour-privado-a-szentendre-desde-budapest\/\",\"url\":\"https:\/\/tourtravelandmore.com\/es\/tours\/hungria-es\/budapest-es\/tour-privado-a-szentendre-desde-budapest\/\",\"name\":\"\ud83d\udccd Tour privado a Szentendre desde Budapest | Tour Travel & More\",\"isPartOf\":{\"@id\":\"https:\/\/tourtravelandmore.com\/es\/#website\"},\"primaryImageOfPage\":{\"@id\":\"https:\/\/tourtravelandmore.com\/es\/tours\/hungria-es\/budapest-es\/tour-privado-a-szentendre-desde-budapest\/#primaryimage\"},\"image\":{\"@id\":\"https:\/\/tourtravelandmore.com\/es\/tours\/hungria-es\/budapest-es\/tour-privado-a-szentendre-desde-budapest\/#primaryimage\"},\"thumbnailUrl\":\"https:\/\/tourtravelandmore.com\/wp-content\/uploads\/2022\/06\/image3-1.jpg\",\"datePublished\":\"2022-06-01T09:44:09+00:00\",\"dateModified\":\"2022-07-08T06:36:32+00:00\",\"description\":\"Esta es una excursi\u00f3n privada en la ciudad de Szentendre, desde Budapest. Reserve ya este tour privado \u2705\",\"breadcrumb\":{\"@id\":\"https:\/\/tourtravelandmore.com\/es\/tours\/hungria-es\/budapest-es\/tour-privado-a-szentendre-desde-budapest\/#breadcrumb\"},\"inLanguage\":\"es\",\"potentialAction\":[{\"@type\":\"ReadAction\",\"target\":[\"https:\/\/tourtravelandmore.com\/es\/tours\/hungria-es\/budapest-es\/tour-privado-a-szentendre-desde-budapest\/\"]}]},{\"@type\":\"ImageObject\",\"inLanguage\":\"es\",\"@id\":\"https:\/\/tourtravelandmore.com\/es\/tours\/hungria-es\/budapest-es\/tour-privado-a-szentendre-desde-budapest\/#primaryimage\",\"url\":\"https:\/\/tourtravelandmore.com\/wp-content\/uploads\/2022\/06\/image3-1.jpg\",\"contentUrl\":\"https:\/\/tourtravelandmore.com\/wp-content\/uploads\/2022\/06\/image3-1.jpg\",\"width\":1250,\"height\":750},{\"@type\":\"BreadcrumbList\",\"@id\":\"https:\/\/tourtravelandmore.com\/es\/tours\/hungria-es\/budapest-es\/tour-privado-a-szentendre-desde-budapest\/#breadcrumb\",\"itemListElement\":[{\"@type\":\"ListItem\",\"position\":1,\"name\":\"Home\",\"item\":\"https:\/\/tourtravelandmore.com\/es\/\"},{\"@type\":\"ListItem\",\"position\":2,\"name\":\"Tours\",\"item\":\"https:\/\/tourtravelandmore.com\/es\/tours\/\"},{\"@type\":\"ListItem\",\"position\":3,\"name\":\"Tour privado a Szentendre desde Budapest\"}]},{\"@type\":\"WebSite\",\"@id\":\"https:\/\/tourtravelandmore.com\/es\/#website\",\"url\":\"https:\/\/tourtravelandmore.com\/es\/\",\"name\":\"Tour Travel And More\",\"description\":\"Private sightseeing tours and luxury transfers in Spain\",\"publisher\":{\"@id\":\"https:\/\/tourtravelandmore.com\/es\/#organization\"},\"potentialAction\":[{\"@type\":\"SearchAction\",\"target\":{\"@type\":\"EntryPoint\",\"urlTemplate\":\"https:\/\/tourtravelandmore.com\/es\/?s={search_term_string}\"},\"query-input\":{\"@type\":\"PropertyValueSpecification\",\"valueRequired\":true,\"valueName\":\"search_term_string\"}}],\"inLanguage\":\"es\"},{\"@type\":\"Organization\",\"@id\":\"https:\/\/tourtravelandmore.com\/es\/#organization\",\"name\":\"Tour Travel And More\",\"url\":\"https:\/\/tourtravelandmore.com\/es\/\",\"logo\":{\"@type\":\"ImageObject\",\"inLanguage\":\"es\",\"@id\":\"https:\/\/tourtravelandmore.com\/es\/#\/schema\/logo\/image\/\",\"url\":\"https:\/\/tourtravelandmore.com\/wp-content\/uploads\/2022\/12\/cropped-logo-cabecera-new.png\",\"contentUrl\":\"https:\/\/tourtravelandmore.com\/wp-content\/uploads\/2022\/12\/cropped-logo-cabecera-new.png\",\"width\":430,\"height\":61,\"caption\":\"Tour Travel And More\"},\"image\":{\"@id\":\"https:\/\/tourtravelandmore.com\/es\/#\/schema\/logo\/image\/\"},\"sameAs\":[\"https:\/\/www.facebook.com\/tourtravelandmore\/\",\"https:\/\/x.com\/TourTravel_More\"]}]}<\/script>\n<!-- \/ Yoast SEO Premium plugin. -->","yoast_head_json":{"title":"\ud83d\udccd Tour privado a Szentendre desde Budapest | Tour Travel & More","description":"Esta es una excursi\u00f3n privada en la ciudad de Szentendre, desde Budapest. Reserve ya este tour privado \u2705","robots":{"index":"index","follow":"follow","max-snippet":"max-snippet:-1","max-image-preview":"max-image-preview:large","max-video-preview":"max-video-preview:-1"},"canonical":"https:\/\/tourtravelandmore.com\/es\/tours\/hungria-es\/budapest-es\/tour-privado-a-szentendre-desde-budapest\/","og_locale":"es_ES","og_type":"article","og_title":"Tour privado a Szentendre desde Budapest","og_description":"Esta es una excursi\u00f3n privada en la ciudad de Szentendre, desde Budapest. Reserve ya este tour privado \u2705","og_url":"https:\/\/tourtravelandmore.com\/es\/tours\/hungria-es\/budapest-es\/tour-privado-a-szentendre-desde-budapest\/","og_site_name":"Tour Travel And More","article_publisher":"https:\/\/www.facebook.com\/tourtravelandmore\/","article_modified_time":"2022-07-08T06:36:32+00:00","og_image":[{"width":1250,"height":750,"url":"https:\/\/tourtravelandmore.com\/wp-content\/uploads\/2022\/06\/image3-1.jpg","type":"image\/jpeg"}],"twitter_card":"summary_large_image","twitter_site":"@TourTravel_More","twitter_misc":{"Tiempo de lectura":"2 minutos"},"schema":{"@context":"https:\/\/schema.org","@graph":[{"@type":"WebPage","@id":"https:\/\/tourtravelandmore.com\/es\/tours\/hungria-es\/budapest-es\/tour-privado-a-szentendre-desde-budapest\/","url":"https:\/\/tourtravelandmore.com\/es\/tours\/hungria-es\/budapest-es\/tour-privado-a-szentendre-desde-budapest\/","name":"\ud83d\udccd Tour privado a Szentendre desde Budapest | Tour Travel & More","isPartOf":{"@id":"https:\/\/tourtravelandmore.com\/es\/#website"},"primaryImageOfPage":{"@id":"https:\/\/tourtravelandmore.com\/es\/tours\/hungria-es\/budapest-es\/tour-privado-a-szentendre-desde-budapest\/#primaryimage"},"image":{"@id":"https:\/\/tourtravelandmore.com\/es\/tours\/hungria-es\/budapest-es\/tour-privado-a-szentendre-desde-budapest\/#primaryimage"},"thumbnailUrl":"https:\/\/tourtravelandmore.com\/wp-content\/uploads\/2022\/06\/image3-1.jpg","datePublished":"2022-06-01T09:44:09+00:00","dateModified":"2022-07-08T06:36:32+00:00","description":"Esta es una excursi\u00f3n privada en la ciudad de Szentendre, desde Budapest. Reserve ya este tour privado \u2705","breadcrumb":{"@id":"https:\/\/tourtravelandmore.com\/es\/tours\/hungria-es\/budapest-es\/tour-privado-a-szentendre-desde-budapest\/#breadcrumb"},"inLanguage":"es","potentialAction":[{"@type":"ReadAction","target":["https:\/\/tourtravelandmore.com\/es\/tours\/hungria-es\/budapest-es\/tour-privado-a-szentendre-desde-budapest\/"]}]},{"@type":"ImageObject","inLanguage":"es","@id":"https:\/\/tourtravelandmore.com\/es\/tours\/hungria-es\/budapest-es\/tour-privado-a-szentendre-desde-budapest\/#primaryimage","url":"https:\/\/tourtravelandmore.com\/wp-content\/uploads\/2022\/06\/image3-1.jpg","contentUrl":"https:\/\/tourtravelandmore.com\/wp-content\/uploads\/2022\/06\/image3-1.jpg","width":1250,"height":750},{"@type":"BreadcrumbList","@id":"https:\/\/tourtravelandmore.com\/es\/tours\/hungria-es\/budapest-es\/tour-privado-a-szentendre-desde-budapest\/#breadcrumb","itemListElement":[{"@type":"ListItem","position":1,"name":"Home","item":"https:\/\/tourtravelandmore.com\/es\/"},{"@type":"ListItem","position":2,"name":"Tours","item":"https:\/\/tourtravelandmore.com\/es\/tours\/"},{"@type":"ListItem","position":3,"name":"Tour privado a Szentendre desde Budapest"}]},{"@type":"WebSite","@id":"https:\/\/tourtravelandmore.com\/es\/#website","url":"https:\/\/tourtravelandmore.com\/es\/","name":"Tour Travel And More","description":"Private sightseeing tours and luxury transfers in Spain","publisher":{"@id":"https:\/\/tourtravelandmore.com\/es\/#organization"},"potentialAction":[{"@type":"SearchAction","target":{"@type":"EntryPoint","urlTemplate":"https:\/\/tourtravelandmore.com\/es\/?s={search_term_string}"},"query-input":{"@type":"PropertyValueSpecification","valueRequired":true,"valueName":"search_term_string"}}],"inLanguage":"es"},{"@type":"Organization","@id":"https:\/\/tourtravelandmore.com\/es\/#organization","name":"Tour Travel And More","url":"https:\/\/tourtravelandmore.com\/es\/","logo":{"@type":"ImageObject","inLanguage":"es","@id":"https:\/\/tourtravelandmore.com\/es\/#\/schema\/logo\/image\/","url":"https:\/\/tourtravelandmore.com\/wp-content\/uploads\/2022\/12\/cropped-logo-cabecera-new.png","contentUrl":"https:\/\/tourtravelandmore.com\/wp-content\/uploads\/2022\/12\/cropped-logo-cabecera-new.png","width":430,"height":61,"caption":"Tour Travel And More"},"image":{"@id":"https:\/\/tourtravelandmore.com\/es\/#\/schema\/logo\/image\/"},"sameAs":["https:\/\/www.facebook.com\/tourtravelandmore\/","https:\/\/x.com\/TourTravel_More"]}]}},"_links":{"self":[{"href":"https:\/\/tourtravelandmore.com\/es\/wp-json\/wp\/v2\/product\/127635","targetHints":{"allow":["GET"]}}],"collection":[{"href":"https:\/\/tourtravelandmore.com\/es\/wp-json\/wp\/v2\/product"}],"about":[{"href":"https:\/\/tourtravelandmore.com\/es\/wp-json\/wp\/v2\/types\/product"}],"replies":[{"embeddable":true,"href":"https:\/\/tourtravelandmore.com\/es\/wp-json\/wp\/v2\/comments?post=127635"}],"wp:featuredmedia":[{"embeddable":true,"href":"https:\/\/tourtravelandmore.com\/es\/wp-json\/wp\/v2\/media\/127660"}],"wp:attachment":[{"href":"https:\/\/tourtravelandmore.com\/es\/wp-json\/wp\/v2\/media?parent=127635"}],"wp:term":[{"taxonomy":"product_brand","embeddable":true,"href":"https:\/\/tourtravelandmore.com\/es\/wp-json\/wp\/v2\/product_brand?post=127635"},{"taxonomy":"product_cat","embeddable":true,"href":"https:\/\/tourtravelandmore.com\/es\/wp-json\/wp\/v2\/product_cat?post=127635"},{"taxonomy":"product_tag","embeddable":true,"href":"https:\/\/tourtravelandmore.com\/es\/wp-json\/wp\/v2\/product_tag?post=127635"}],"curies":[{"name":"wp","href":"https:\/\/api.w.org\/{rel}","templated":true}]}}