{"id":127591,"date":"2022-06-01T11:30:55","date_gmt":"2022-06-01T09:30:59","guid":{"rendered":"https:\/\/tourtravelandmore.com\/?post_type=product&#038;p=127591"},"modified":"2022-07-08T08:33:15","modified_gmt":"2022-07-08T06:33:15","slug":"tour-privado-al-palacio-de-sissi-desde-budapest","status":"publish","type":"product","link":"https:\/\/tourtravelandmore.com\/es\/tours\/hungria-es\/budapest-es\/tour-privado-al-palacio-de-sissi-desde-budapest\/","title":{"rendered":"Tour privado al Palacio de Sissi desde Budapest"},"content":{"rendered":"<h2><b>Descripci\u00f3n del Tour Privado al Palacio de Sissi desde Budapest<\/b><\/h2>\n<p><span style=\"font-weight: 400;\">El Palacio Sissi es un lugar de gran importancia hist\u00f3rica y es la atracci\u00f3n tur\u00edstica m\u00e1s visitada de Budapest.<\/span><\/p>\n<p><span style=\"font-weight: 400;\">Este tour privado desde Budapest te llevar\u00e1 al coraz\u00f3n de Budapest, al Palacio Sissi. Tendr\u00e1 la oportunidad de explorar este lugar y sus hermosos jardines. Su gu\u00eda privado le brindar\u00e1 toda la informaci\u00f3n necesaria sobre este edificio hist\u00f3rico y sus habitantes, la emperatriz Elisabeth (Sissi) y el emperador Francisco Jos\u00e9 I.<\/span><\/p>\n<p><span style=\"font-weight: 400;\">El recorrido de 3 horas incluye un veh\u00edculo privado con conductor, gu\u00eda experto que le explicara absolutamente todo lo que necesita saber sobre el Palacio, as\u00ed como entradas para el mismo.<\/span><\/p>\n<h2><b>Puntos de inter\u00e9s en el Tour Privado al palacio de Sissi desde Budapest<\/b><\/h2>\n<p><span style=\"font-weight: 400;\">El Tour Privado del Palacio Sissi es un recorrido a pie por la hermosa Residencia Real H\u00fangara, ubicada en Budapest. El recorrido privado comenzar\u00e1 con la recogida en su hotel y sitio de elecci\u00f3n en Budapest, el tour no se trata solo de la historia del edificio y sus ocupantes reales, sino tambi\u00e9n de la vida de la reina Isabel y Franz Joseph.<\/span><\/p>\n<p><span style=\"font-weight: 400;\">El primer punto de inter\u00e9s es que este palacio fue construido originalmente para el rey Maximiliano II, pero nunca lo vio terminado porque muri\u00f3 antes de que estuviera terminado.<\/span><\/p>\n<p><span style=\"font-weight: 400;\">El segundo punto de inter\u00e9s es que la reina Isabel y Franz Joseph pasaron su luna de miel en el Palacio de G\u00f6d\u00f6ll\u00f6, que tambi\u00e9n fue su residencia de verano.<\/span><\/p>\n<p><span style=\"font-weight: 400;\">El tercer punto de inter\u00e9s es que hay rumores de que Franz Joseph tuvo una aventura con una o m\u00e1s mujeres en este palacio, pero nadie sabe con certeza si esos rumores son ciertos o no.<\/span><\/p>\n<p><span style=\"font-weight: 400;\">Al finalizar el tour le llevaremos de regreso a su punto de recogido o lugar de elecci\u00f3n de vuelta en Budapest.<\/span><\/p>\n<p><span style=\"font-weight: 400;\">Si desea conocer m\u00e1s de La Capital H\u00fangara y sus sitios emblem\u00e1ticos, no dude en revisar nuestros<\/span><a href=\"https:\/\/tourtravelandmore.com\/es\/ciudad\/hungria-es\/budapest-es\/\"><span style=\"font-weight: 400;\"> tours privados en Budapest.<\/span><\/a><\/p>\n","protected":false},"excerpt":{"rendered":"<p><span style=\"font-weight: 400;\">Disputa de esta <strong>excursi\u00f3n privada al Palacio de Sissi desde Budapest,<\/strong> incluye auto de lujo, chofer y gu\u00eda privado junto con las entradas al hermoso palacio.<\/span><\/p>\n","protected":false},"featured_media":127610,"comment_status":"open","ping_status":"closed","template":"","meta":{"_acf_changed":false},"product_brand":[],"product_cat":[919,928,929],"product_tag":[],"class_list":{"0":"post-127591","1":"product","2":"type-product","3":"status-publish","4":"has-post-thumbnail","6":"product_cat-budapest-es","7":"product_cat-budapest-actividades-es","8":"product_cat-budapest-rutas-turisticas-privadas-es","10":"first","11":"instock","12":"shipping-taxable","13":"purchasable","14":"product-type-simple"},"acf":[],"yoast_head":"<!-- This site is optimized with the Yoast SEO Premium plugin v25.3.1 (Yoast SEO v25.3.1) - https:\/\/yoast.com\/wordpress\/plugins\/seo\/ -->\n<title>\ud83d\udccdTour privado al Palacio de Sissi desde Budapest | Tour Travel &amp; More<\/title>\n<meta name=\"description\" content=\"Con nuestro tour privado, podr\u00e1s conocer el Jard\u00edn Externar, las Termas Romanas y el Juego de Pelota \u2705\" \/>\n<meta name=\"robots\" content=\"index, follow, max-snippet:-1, max-image-preview:large, max-video-preview:-1\" \/>\n<link rel=\"canonical\" href=\"https:\/\/tourtravelandmore.com\/es\/tours\/hungria-es\/budapest-es\/tour-privado-al-palacio-de-sissi-desde-budapest\/\" \/>\n<meta property=\"og:locale\" content=\"es_ES\" \/>\n<meta property=\"og:type\" content=\"article\" \/>\n<meta property=\"og:title\" content=\"Tour privado al Palacio de Sissi desde Budapest\" \/>\n<meta property=\"og:description\" content=\"Con nuestro tour privado, podr\u00e1s conocer el Jard\u00edn Externar, las Termas Romanas y el Juego de Pelota \u2705\" \/>\n<meta property=\"og:url\" content=\"https:\/\/tourtravelandmore.com\/es\/tours\/hungria-es\/budapest-es\/tour-privado-al-palacio-de-sissi-desde-budapest\/\" \/>\n<meta property=\"og:site_name\" content=\"Tour Travel And More\" \/>\n<meta property=\"article:publisher\" content=\"https:\/\/www.facebook.com\/tourtravelandmore\/\" \/>\n<meta property=\"article:modified_time\" content=\"2022-07-08T06:33:15+00:00\" \/>\n<meta property=\"og:image\" content=\"https:\/\/tourtravelandmore.com\/wp-content\/uploads\/2022\/06\/image1.jpg\" \/>\n\t<meta property=\"og:image:width\" content=\"1250\" \/>\n\t<meta property=\"og:image:height\" content=\"750\" \/>\n\t<meta property=\"og:image:type\" content=\"image\/jpeg\" \/>\n<meta name=\"twitter:card\" content=\"summary_large_image\" \/>\n<meta name=\"twitter:site\" content=\"@TourTravel_More\" \/>\n<meta name=\"twitter:label1\" content=\"Tiempo de lectura\" \/>\n\t<meta name=\"twitter:data1\" content=\"2 minutos\" \/>\n<script type=\"application\/ld+json\" class=\"yoast-schema-graph\">{\"@context\":\"https:\/\/schema.org\",\"@graph\":[{\"@type\":\"WebPage\",\"@id\":\"https:\/\/tourtravelandmore.com\/es\/tours\/hungria-es\/budapest-es\/tour-privado-al-palacio-de-sissi-desde-budapest\/\",\"url\":\"https:\/\/tourtravelandmore.com\/es\/tours\/hungria-es\/budapest-es\/tour-privado-al-palacio-de-sissi-desde-budapest\/\",\"name\":\"\ud83d\udccdTour privado al Palacio de Sissi desde Budapest | Tour Travel & More\",\"isPartOf\":{\"@id\":\"https:\/\/tourtravelandmore.com\/es\/#website\"},\"primaryImageOfPage\":{\"@id\":\"https:\/\/tourtravelandmore.com\/es\/tours\/hungria-es\/budapest-es\/tour-privado-al-palacio-de-sissi-desde-budapest\/#primaryimage\"},\"image\":{\"@id\":\"https:\/\/tourtravelandmore.com\/es\/tours\/hungria-es\/budapest-es\/tour-privado-al-palacio-de-sissi-desde-budapest\/#primaryimage\"},\"thumbnailUrl\":\"https:\/\/tourtravelandmore.com\/wp-content\/uploads\/2022\/06\/image1.jpg\",\"datePublished\":\"2022-06-01T09:30:59+00:00\",\"dateModified\":\"2022-07-08T06:33:15+00:00\",\"description\":\"Con nuestro tour privado, podr\u00e1s conocer el Jard\u00edn Externar, las Termas Romanas y el Juego de Pelota \u2705\",\"breadcrumb\":{\"@id\":\"https:\/\/tourtravelandmore.com\/es\/tours\/hungria-es\/budapest-es\/tour-privado-al-palacio-de-sissi-desde-budapest\/#breadcrumb\"},\"inLanguage\":\"es\",\"potentialAction\":[{\"@type\":\"ReadAction\",\"target\":[\"https:\/\/tourtravelandmore.com\/es\/tours\/hungria-es\/budapest-es\/tour-privado-al-palacio-de-sissi-desde-budapest\/\"]}]},{\"@type\":\"ImageObject\",\"inLanguage\":\"es\",\"@id\":\"https:\/\/tourtravelandmore.com\/es\/tours\/hungria-es\/budapest-es\/tour-privado-al-palacio-de-sissi-desde-budapest\/#primaryimage\",\"url\":\"https:\/\/tourtravelandmore.com\/wp-content\/uploads\/2022\/06\/image1.jpg\",\"contentUrl\":\"https:\/\/tourtravelandmore.com\/wp-content\/uploads\/2022\/06\/image1.jpg\",\"width\":1250,\"height\":750},{\"@type\":\"BreadcrumbList\",\"@id\":\"https:\/\/tourtravelandmore.com\/es\/tours\/hungria-es\/budapest-es\/tour-privado-al-palacio-de-sissi-desde-budapest\/#breadcrumb\",\"itemListElement\":[{\"@type\":\"ListItem\",\"position\":1,\"name\":\"Home\",\"item\":\"https:\/\/tourtravelandmore.com\/es\/\"},{\"@type\":\"ListItem\",\"position\":2,\"name\":\"Tours\",\"item\":\"https:\/\/tourtravelandmore.com\/es\/tours\/\"},{\"@type\":\"ListItem\",\"position\":3,\"name\":\"Tour privado al Palacio de Sissi desde Budapest\"}]},{\"@type\":\"WebSite\",\"@id\":\"https:\/\/tourtravelandmore.com\/es\/#website\",\"url\":\"https:\/\/tourtravelandmore.com\/es\/\",\"name\":\"Tour Travel And More\",\"description\":\"Private sightseeing tours and luxury transfers in Spain\",\"publisher\":{\"@id\":\"https:\/\/tourtravelandmore.com\/es\/#organization\"},\"potentialAction\":[{\"@type\":\"SearchAction\",\"target\":{\"@type\":\"EntryPoint\",\"urlTemplate\":\"https:\/\/tourtravelandmore.com\/es\/?s={search_term_string}\"},\"query-input\":{\"@type\":\"PropertyValueSpecification\",\"valueRequired\":true,\"valueName\":\"search_term_string\"}}],\"inLanguage\":\"es\"},{\"@type\":\"Organization\",\"@id\":\"https:\/\/tourtravelandmore.com\/es\/#organization\",\"name\":\"Tour Travel And More\",\"url\":\"https:\/\/tourtravelandmore.com\/es\/\",\"logo\":{\"@type\":\"ImageObject\",\"inLanguage\":\"es\",\"@id\":\"https:\/\/tourtravelandmore.com\/es\/#\/schema\/logo\/image\/\",\"url\":\"https:\/\/tourtravelandmore.com\/wp-content\/uploads\/2022\/12\/cropped-logo-cabecera-new.png\",\"contentUrl\":\"https:\/\/tourtravelandmore.com\/wp-content\/uploads\/2022\/12\/cropped-logo-cabecera-new.png\",\"width\":430,\"height\":61,\"caption\":\"Tour Travel And More\"},\"image\":{\"@id\":\"https:\/\/tourtravelandmore.com\/es\/#\/schema\/logo\/image\/\"},\"sameAs\":[\"https:\/\/www.facebook.com\/tourtravelandmore\/\",\"https:\/\/x.com\/TourTravel_More\"]}]}<\/script>\n<!-- \/ Yoast SEO Premium plugin. -->","yoast_head_json":{"title":"\ud83d\udccdTour privado al Palacio de Sissi desde Budapest | Tour Travel & More","description":"Con nuestro tour privado, podr\u00e1s conocer el Jard\u00edn Externar, las Termas Romanas y el Juego de Pelota \u2705","robots":{"index":"index","follow":"follow","max-snippet":"max-snippet:-1","max-image-preview":"max-image-preview:large","max-video-preview":"max-video-preview:-1"},"canonical":"https:\/\/tourtravelandmore.com\/es\/tours\/hungria-es\/budapest-es\/tour-privado-al-palacio-de-sissi-desde-budapest\/","og_locale":"es_ES","og_type":"article","og_title":"Tour privado al Palacio de Sissi desde Budapest","og_description":"Con nuestro tour privado, podr\u00e1s conocer el Jard\u00edn Externar, las Termas Romanas y el Juego de Pelota \u2705","og_url":"https:\/\/tourtravelandmore.com\/es\/tours\/hungria-es\/budapest-es\/tour-privado-al-palacio-de-sissi-desde-budapest\/","og_site_name":"Tour Travel And More","article_publisher":"https:\/\/www.facebook.com\/tourtravelandmore\/","article_modified_time":"2022-07-08T06:33:15+00:00","og_image":[{"width":1250,"height":750,"url":"https:\/\/tourtravelandmore.com\/wp-content\/uploads\/2022\/06\/image1.jpg","type":"image\/jpeg"}],"twitter_card":"summary_large_image","twitter_site":"@TourTravel_More","twitter_misc":{"Tiempo de lectura":"2 minutos"},"schema":{"@context":"https:\/\/schema.org","@graph":[{"@type":"WebPage","@id":"https:\/\/tourtravelandmore.com\/es\/tours\/hungria-es\/budapest-es\/tour-privado-al-palacio-de-sissi-desde-budapest\/","url":"https:\/\/tourtravelandmore.com\/es\/tours\/hungria-es\/budapest-es\/tour-privado-al-palacio-de-sissi-desde-budapest\/","name":"\ud83d\udccdTour privado al Palacio de Sissi desde Budapest | Tour Travel & More","isPartOf":{"@id":"https:\/\/tourtravelandmore.com\/es\/#website"},"primaryImageOfPage":{"@id":"https:\/\/tourtravelandmore.com\/es\/tours\/hungria-es\/budapest-es\/tour-privado-al-palacio-de-sissi-desde-budapest\/#primaryimage"},"image":{"@id":"https:\/\/tourtravelandmore.com\/es\/tours\/hungria-es\/budapest-es\/tour-privado-al-palacio-de-sissi-desde-budapest\/#primaryimage"},"thumbnailUrl":"https:\/\/tourtravelandmore.com\/wp-content\/uploads\/2022\/06\/image1.jpg","datePublished":"2022-06-01T09:30:59+00:00","dateModified":"2022-07-08T06:33:15+00:00","description":"Con nuestro tour privado, podr\u00e1s conocer el Jard\u00edn Externar, las Termas Romanas y el Juego de Pelota \u2705","breadcrumb":{"@id":"https:\/\/tourtravelandmore.com\/es\/tours\/hungria-es\/budapest-es\/tour-privado-al-palacio-de-sissi-desde-budapest\/#breadcrumb"},"inLanguage":"es","potentialAction":[{"@type":"ReadAction","target":["https:\/\/tourtravelandmore.com\/es\/tours\/hungria-es\/budapest-es\/tour-privado-al-palacio-de-sissi-desde-budapest\/"]}]},{"@type":"ImageObject","inLanguage":"es","@id":"https:\/\/tourtravelandmore.com\/es\/tours\/hungria-es\/budapest-es\/tour-privado-al-palacio-de-sissi-desde-budapest\/#primaryimage","url":"https:\/\/tourtravelandmore.com\/wp-content\/uploads\/2022\/06\/image1.jpg","contentUrl":"https:\/\/tourtravelandmore.com\/wp-content\/uploads\/2022\/06\/image1.jpg","width":1250,"height":750},{"@type":"BreadcrumbList","@id":"https:\/\/tourtravelandmore.com\/es\/tours\/hungria-es\/budapest-es\/tour-privado-al-palacio-de-sissi-desde-budapest\/#breadcrumb","itemListElement":[{"@type":"ListItem","position":1,"name":"Home","item":"https:\/\/tourtravelandmore.com\/es\/"},{"@type":"ListItem","position":2,"name":"Tours","item":"https:\/\/tourtravelandmore.com\/es\/tours\/"},{"@type":"ListItem","position":3,"name":"Tour privado al Palacio de Sissi desde Budapest"}]},{"@type":"WebSite","@id":"https:\/\/tourtravelandmore.com\/es\/#website","url":"https:\/\/tourtravelandmore.com\/es\/","name":"Tour Travel And More","description":"Private sightseeing tours and luxury transfers in Spain","publisher":{"@id":"https:\/\/tourtravelandmore.com\/es\/#organization"},"potentialAction":[{"@type":"SearchAction","target":{"@type":"EntryPoint","urlTemplate":"https:\/\/tourtravelandmore.com\/es\/?s={search_term_string}"},"query-input":{"@type":"PropertyValueSpecification","valueRequired":true,"valueName":"search_term_string"}}],"inLanguage":"es"},{"@type":"Organization","@id":"https:\/\/tourtravelandmore.com\/es\/#organization","name":"Tour Travel And More","url":"https:\/\/tourtravelandmore.com\/es\/","logo":{"@type":"ImageObject","inLanguage":"es","@id":"https:\/\/tourtravelandmore.com\/es\/#\/schema\/logo\/image\/","url":"https:\/\/tourtravelandmore.com\/wp-content\/uploads\/2022\/12\/cropped-logo-cabecera-new.png","contentUrl":"https:\/\/tourtravelandmore.com\/wp-content\/uploads\/2022\/12\/cropped-logo-cabecera-new.png","width":430,"height":61,"caption":"Tour Travel And More"},"image":{"@id":"https:\/\/tourtravelandmore.com\/es\/#\/schema\/logo\/image\/"},"sameAs":["https:\/\/www.facebook.com\/tourtravelandmore\/","https:\/\/x.com\/TourTravel_More"]}]}},"_links":{"self":[{"href":"https:\/\/tourtravelandmore.com\/es\/wp-json\/wp\/v2\/product\/127591","targetHints":{"allow":["GET"]}}],"collection":[{"href":"https:\/\/tourtravelandmore.com\/es\/wp-json\/wp\/v2\/product"}],"about":[{"href":"https:\/\/tourtravelandmore.com\/es\/wp-json\/wp\/v2\/types\/product"}],"replies":[{"embeddable":true,"href":"https:\/\/tourtravelandmore.com\/es\/wp-json\/wp\/v2\/comments?post=127591"}],"wp:featuredmedia":[{"embeddable":true,"href":"https:\/\/tourtravelandmore.com\/es\/wp-json\/wp\/v2\/media\/127610"}],"wp:attachment":[{"href":"https:\/\/tourtravelandmore.com\/es\/wp-json\/wp\/v2\/media?parent=127591"}],"wp:term":[{"taxonomy":"product_brand","embeddable":true,"href":"https:\/\/tourtravelandmore.com\/es\/wp-json\/wp\/v2\/product_brand?post=127591"},{"taxonomy":"product_cat","embeddable":true,"href":"https:\/\/tourtravelandmore.com\/es\/wp-json\/wp\/v2\/product_cat?post=127591"},{"taxonomy":"product_tag","embeddable":true,"href":"https:\/\/tourtravelandmore.com\/es\/wp-json\/wp\/v2\/product_tag?post=127591"}],"curies":[{"name":"wp","href":"https:\/\/api.w.org\/{rel}","templated":true}]}}