{"id":127462,"date":"2022-05-30T18:49:05","date_gmt":"2022-05-30T16:49:07","guid":{"rendered":"https:\/\/tourtravelandmore.com\/?post_type=product&#038;p=127462"},"modified":"2022-07-08T08:34:31","modified_gmt":"2022-07-08T06:34:31","slug":"tour-privado-a-esztergom-visegrad-y-szentendre","status":"publish","type":"product","link":"https:\/\/tourtravelandmore.com\/es\/tours\/hungria-es\/budapest-es\/tour-privado-a-esztergom-visegrad-y-szentendre\/","title":{"rendered":"Tour privado a Esztergom, Visegr\u00e1d y Szentendre"},"content":{"rendered":"<h2><b>Descripci\u00f3n del Tour Privado a Esztergom, Visegrad y Szentendre<\/b><\/h2>\n<p><span style=\"font-weight: 400;\">Esztergom, Visegr\u00e1d y Szentendre son tres ciudades medievales ubicadas en la regi\u00f3n nororiental de Hungr\u00eda. Esztergom es la capital h\u00fangara de la Iglesia Cat\u00f3lica Romana con su majestuosa catedral, mientras que Visegr\u00e1d es un conocido destino tur\u00edstico en el r\u00edo Danubio. Szentendre es una antigua colonia de artistas y hoy se ha convertido en uno de los destinos tur\u00edsticos m\u00e1s populares de Hungr\u00eda.<\/span><\/p>\n<p><span style=\"font-weight: 400;\">El tour privado de 9 horas a Esztergom, Visegr\u00e1d y Szentendre le dar\u00e1 la oportunidad de visitar las tres ciudades en un d\u00eda. El recorrido incluye un gu\u00eda profesional que lo ayudar\u00e1 a explorar estos hermosos pueblos con su rica historia y cultura.<\/span><\/p>\n<h2><b>Puntos de inter\u00e9s en el tour privado a Esztergom, Visegrad y Szentendre<\/b><\/h2>\n<p><span style=\"font-weight: 400;\">El tour privado comenzar\u00e1 con su recogida en el punto de su elecci\u00f3n en Budapest o lugar de alojamiento en la ciudad h\u00fangara, posteriormente su chofer y gu\u00eda le llevar\u00e1n a conocer los siguientes lugares:<\/span><\/p>\n<h3><span style=\"color: #d3af37;\"><b>La ciudad de Esztergom\u00a0<\/b><\/span><\/h3>\n<p><span style=\"font-weight: 400;\">Esztergom es una ciudad en Hungr\u00eda, en la parte norte central del pa\u00eds. Es la capital del \u00e1rea metropolitana de Esztergom-Budapest y la sede del condado de Esztergom.<\/span><\/p>\n<p><span style=\"font-weight: 400;\">La ciudad tiene una poblaci\u00f3n de unas 100.000 personas y su historia se remonta a la \u00e9poca romana. El centro de Esztergom est\u00e1 dominado por dos grandes iglesias, ambas con el nombre de San Adalberto.<\/span><\/p>\n<h3><span style=\"color: #d3af37;\"><b>La ciudad de Visegr\u00e1d<\/b><\/span><\/h3>\n<p><span style=\"font-weight: 400;\">Visegr\u00e1d es una ciudad en Hungr\u00eda conocida por ser el punto de encuentro entre los pa\u00edses vecinos. Esta ciudad est\u00e1 situada a orillas del Danubio y tiene una larga historia como puente entre Europa y Asia. El nombre significa &#8220;Villa de las Tres Coronas&#8221; y corresponde a la uni\u00f3n de tres reinos que se formaron en la zona: el Imperio Austro-H\u00fangaro, el Reino H\u00fangaro y el Reino Austro-H\u00fangaro.\u00a0<\/span><\/p>\n<h3><span style=\"color: #d3af37;\"><b>Szentendre, la ciudad de los artistas<\/b><\/span><\/h3>\n<p><span style=\"font-weight: 400;\">La ciudad de Szentendre es una peque\u00f1a ciudad con una poblaci\u00f3n de unos 23.000 habitantes. Se encuentra en el r\u00edo Danubio, en la parte noroeste de Hungr\u00eda.<\/span><\/p>\n<p><span style=\"font-weight: 400;\">Alguna vez fue un peque\u00f1o pueblo de pescadores, pero desde entonces se ha convertido en un centro art\u00edstico gracias a su ubicaci\u00f3n cerca de Budapest y su historia como lugar de peregrinaci\u00f3n para los cristianos.<\/span><\/p>\n<p><span style=\"font-weight: 400;\">Hay muchos puntos de inter\u00e9s en esta ciudad, incluyendo:<\/span><\/p>\n<ul>\n<li style=\"font-weight: 400;\" aria-level=\"1\"><b>Los restos de las antiguas murallas de la fortaleza<\/b><\/li>\n<li style=\"font-weight: 400;\" aria-level=\"1\"><b>La Iglesia Cat\u00f3lica Romana<\/b><\/li>\n<li style=\"font-weight: 400;\" aria-level=\"1\"><b>El Museo de Bellas Artes<\/b><\/li>\n<\/ul>\n<p><span style=\"font-weight: 400;\">Al terminar este Tour privado, su chofer y veh\u00edculo privado lo llevar\u00e1 de regreso a su punto de recogida en Budapest.<\/span><\/p>\n<p><span style=\"font-weight: 400;\">Si le gustar\u00eda conocer m\u00e1s sobre esta hermosa capital h\u00fangara, le recomendamos que vea nuestro <\/span><span style=\"font-weight: 400;\">listado de <a href=\"https:\/\/tourtravelandmore.com\/es\/ciudad\/hungria-es\/budapest-es\/\">tours privados en Budapest.<\/a><\/span><\/p>\n","protected":false},"excerpt":{"rendered":"<p><span style=\"font-weight: 400;\">Disfruta de un <strong>Tour Privado con Veh\u00edculo<\/strong>, chofer y gu\u00eda experto desde Budapest a Esztergom, Visegr\u00e1d y Szentendr, ser\u00e1 una experiencia de lujo e inolvidable<\/span><\/p>\n","protected":false},"featured_media":127543,"comment_status":"open","ping_status":"closed","template":"","meta":{"_acf_changed":false},"product_brand":[],"product_cat":[4479,919,928,929],"product_tag":[],"class_list":{"0":"post-127462","1":"product","2":"type-product","3":"status-publish","4":"has-post-thumbnail","6":"product_cat-hungria-es","7":"product_cat-budapest-es","8":"product_cat-budapest-actividades-es","9":"product_cat-budapest-rutas-turisticas-privadas-es","11":"first","12":"instock","13":"shipping-taxable","14":"purchasable","15":"product-type-simple"},"acf":[],"yoast_head":"<!-- This site is optimized with the Yoast SEO Premium plugin v25.3.1 (Yoast SEO v25.3.1) - https:\/\/yoast.com\/wordpress\/plugins\/seo\/ -->\n<title>\ud83d\udccdTour privado a Esztergom, Visegr\u00e1d y Szentendre | Tour Travel &amp; More<\/title>\n<meta name=\"description\" content=\"Recorrido por Esztergom, Visegr\u00e1d y Szentendre. Visite las ciudades m\u00e1s importantes de Hungr\u00eda con un gu\u00eda tur\u00edstico \u2705\" \/>\n<meta name=\"robots\" content=\"index, follow, max-snippet:-1, max-image-preview:large, max-video-preview:-1\" \/>\n<link rel=\"canonical\" href=\"https:\/\/tourtravelandmore.com\/es\/tours\/hungria-es\/budapest-es\/tour-privado-a-esztergom-visegrad-y-szentendre\/\" \/>\n<meta property=\"og:locale\" content=\"es_ES\" \/>\n<meta property=\"og:type\" content=\"article\" \/>\n<meta property=\"og:title\" content=\"Tour privado a Esztergom, Visegr\u00e1d y Szentendre\" \/>\n<meta property=\"og:description\" content=\"Recorrido por Esztergom, Visegr\u00e1d y Szentendre. Visite las ciudades m\u00e1s importantes de Hungr\u00eda con un gu\u00eda tur\u00edstico \u2705\" \/>\n<meta property=\"og:url\" content=\"https:\/\/tourtravelandmore.com\/es\/tours\/hungria-es\/budapest-es\/tour-privado-a-esztergom-visegrad-y-szentendre\/\" \/>\n<meta property=\"og:site_name\" content=\"Tour Travel And More\" \/>\n<meta property=\"article:publisher\" content=\"https:\/\/www.facebook.com\/tourtravelandmore\/\" \/>\n<meta property=\"article:modified_time\" content=\"2022-07-08T06:34:31+00:00\" \/>\n<meta property=\"og:image\" content=\"https:\/\/tourtravelandmore.com\/wp-content\/uploads\/2022\/05\/image2-15.jpg\" \/>\n\t<meta property=\"og:image:width\" content=\"1250\" \/>\n\t<meta property=\"og:image:height\" content=\"750\" \/>\n\t<meta property=\"og:image:type\" content=\"image\/jpeg\" \/>\n<meta name=\"twitter:card\" content=\"summary_large_image\" \/>\n<meta name=\"twitter:site\" content=\"@TourTravel_More\" \/>\n<meta name=\"twitter:label1\" content=\"Tiempo de lectura\" \/>\n\t<meta name=\"twitter:data1\" content=\"2 minutos\" \/>\n<script type=\"application\/ld+json\" class=\"yoast-schema-graph\">{\"@context\":\"https:\/\/schema.org\",\"@graph\":[{\"@type\":\"WebPage\",\"@id\":\"https:\/\/tourtravelandmore.com\/es\/tours\/hungria-es\/budapest-es\/tour-privado-a-esztergom-visegrad-y-szentendre\/\",\"url\":\"https:\/\/tourtravelandmore.com\/es\/tours\/hungria-es\/budapest-es\/tour-privado-a-esztergom-visegrad-y-szentendre\/\",\"name\":\"\ud83d\udccdTour privado a Esztergom, Visegr\u00e1d y Szentendre | Tour Travel & More\",\"isPartOf\":{\"@id\":\"https:\/\/tourtravelandmore.com\/es\/#website\"},\"primaryImageOfPage\":{\"@id\":\"https:\/\/tourtravelandmore.com\/es\/tours\/hungria-es\/budapest-es\/tour-privado-a-esztergom-visegrad-y-szentendre\/#primaryimage\"},\"image\":{\"@id\":\"https:\/\/tourtravelandmore.com\/es\/tours\/hungria-es\/budapest-es\/tour-privado-a-esztergom-visegrad-y-szentendre\/#primaryimage\"},\"thumbnailUrl\":\"https:\/\/tourtravelandmore.com\/wp-content\/uploads\/2022\/05\/image2-15.jpg\",\"datePublished\":\"2022-05-30T16:49:07+00:00\",\"dateModified\":\"2022-07-08T06:34:31+00:00\",\"description\":\"Recorrido por Esztergom, Visegr\u00e1d y Szentendre. Visite las ciudades m\u00e1s importantes de Hungr\u00eda con un gu\u00eda tur\u00edstico \u2705\",\"breadcrumb\":{\"@id\":\"https:\/\/tourtravelandmore.com\/es\/tours\/hungria-es\/budapest-es\/tour-privado-a-esztergom-visegrad-y-szentendre\/#breadcrumb\"},\"inLanguage\":\"es\",\"potentialAction\":[{\"@type\":\"ReadAction\",\"target\":[\"https:\/\/tourtravelandmore.com\/es\/tours\/hungria-es\/budapest-es\/tour-privado-a-esztergom-visegrad-y-szentendre\/\"]}]},{\"@type\":\"ImageObject\",\"inLanguage\":\"es\",\"@id\":\"https:\/\/tourtravelandmore.com\/es\/tours\/hungria-es\/budapest-es\/tour-privado-a-esztergom-visegrad-y-szentendre\/#primaryimage\",\"url\":\"https:\/\/tourtravelandmore.com\/wp-content\/uploads\/2022\/05\/image2-15.jpg\",\"contentUrl\":\"https:\/\/tourtravelandmore.com\/wp-content\/uploads\/2022\/05\/image2-15.jpg\",\"width\":1250,\"height\":750},{\"@type\":\"BreadcrumbList\",\"@id\":\"https:\/\/tourtravelandmore.com\/es\/tours\/hungria-es\/budapest-es\/tour-privado-a-esztergom-visegrad-y-szentendre\/#breadcrumb\",\"itemListElement\":[{\"@type\":\"ListItem\",\"position\":1,\"name\":\"Home\",\"item\":\"https:\/\/tourtravelandmore.com\/es\/\"},{\"@type\":\"ListItem\",\"position\":2,\"name\":\"Tours\",\"item\":\"https:\/\/tourtravelandmore.com\/es\/tours\/\"},{\"@type\":\"ListItem\",\"position\":3,\"name\":\"Tour privado a Esztergom, Visegr\u00e1d y Szentendre\"}]},{\"@type\":\"WebSite\",\"@id\":\"https:\/\/tourtravelandmore.com\/es\/#website\",\"url\":\"https:\/\/tourtravelandmore.com\/es\/\",\"name\":\"Tour Travel And More\",\"description\":\"Private sightseeing tours and luxury transfers in Spain\",\"publisher\":{\"@id\":\"https:\/\/tourtravelandmore.com\/es\/#organization\"},\"potentialAction\":[{\"@type\":\"SearchAction\",\"target\":{\"@type\":\"EntryPoint\",\"urlTemplate\":\"https:\/\/tourtravelandmore.com\/es\/?s={search_term_string}\"},\"query-input\":{\"@type\":\"PropertyValueSpecification\",\"valueRequired\":true,\"valueName\":\"search_term_string\"}}],\"inLanguage\":\"es\"},{\"@type\":\"Organization\",\"@id\":\"https:\/\/tourtravelandmore.com\/es\/#organization\",\"name\":\"Tour Travel And More\",\"url\":\"https:\/\/tourtravelandmore.com\/es\/\",\"logo\":{\"@type\":\"ImageObject\",\"inLanguage\":\"es\",\"@id\":\"https:\/\/tourtravelandmore.com\/es\/#\/schema\/logo\/image\/\",\"url\":\"https:\/\/tourtravelandmore.com\/wp-content\/uploads\/2022\/12\/cropped-logo-cabecera-new.png\",\"contentUrl\":\"https:\/\/tourtravelandmore.com\/wp-content\/uploads\/2022\/12\/cropped-logo-cabecera-new.png\",\"width\":430,\"height\":61,\"caption\":\"Tour Travel And More\"},\"image\":{\"@id\":\"https:\/\/tourtravelandmore.com\/es\/#\/schema\/logo\/image\/\"},\"sameAs\":[\"https:\/\/www.facebook.com\/tourtravelandmore\/\",\"https:\/\/x.com\/TourTravel_More\"]}]}<\/script>\n<!-- \/ Yoast SEO Premium plugin. -->","yoast_head_json":{"title":"\ud83d\udccdTour privado a Esztergom, Visegr\u00e1d y Szentendre | Tour Travel & More","description":"Recorrido por Esztergom, Visegr\u00e1d y Szentendre. Visite las ciudades m\u00e1s importantes de Hungr\u00eda con un gu\u00eda tur\u00edstico \u2705","robots":{"index":"index","follow":"follow","max-snippet":"max-snippet:-1","max-image-preview":"max-image-preview:large","max-video-preview":"max-video-preview:-1"},"canonical":"https:\/\/tourtravelandmore.com\/es\/tours\/hungria-es\/budapest-es\/tour-privado-a-esztergom-visegrad-y-szentendre\/","og_locale":"es_ES","og_type":"article","og_title":"Tour privado a Esztergom, Visegr\u00e1d y Szentendre","og_description":"Recorrido por Esztergom, Visegr\u00e1d y Szentendre. Visite las ciudades m\u00e1s importantes de Hungr\u00eda con un gu\u00eda tur\u00edstico \u2705","og_url":"https:\/\/tourtravelandmore.com\/es\/tours\/hungria-es\/budapest-es\/tour-privado-a-esztergom-visegrad-y-szentendre\/","og_site_name":"Tour Travel And More","article_publisher":"https:\/\/www.facebook.com\/tourtravelandmore\/","article_modified_time":"2022-07-08T06:34:31+00:00","og_image":[{"width":1250,"height":750,"url":"https:\/\/tourtravelandmore.com\/wp-content\/uploads\/2022\/05\/image2-15.jpg","type":"image\/jpeg"}],"twitter_card":"summary_large_image","twitter_site":"@TourTravel_More","twitter_misc":{"Tiempo de lectura":"2 minutos"},"schema":{"@context":"https:\/\/schema.org","@graph":[{"@type":"WebPage","@id":"https:\/\/tourtravelandmore.com\/es\/tours\/hungria-es\/budapest-es\/tour-privado-a-esztergom-visegrad-y-szentendre\/","url":"https:\/\/tourtravelandmore.com\/es\/tours\/hungria-es\/budapest-es\/tour-privado-a-esztergom-visegrad-y-szentendre\/","name":"\ud83d\udccdTour privado a Esztergom, Visegr\u00e1d y Szentendre | Tour Travel & More","isPartOf":{"@id":"https:\/\/tourtravelandmore.com\/es\/#website"},"primaryImageOfPage":{"@id":"https:\/\/tourtravelandmore.com\/es\/tours\/hungria-es\/budapest-es\/tour-privado-a-esztergom-visegrad-y-szentendre\/#primaryimage"},"image":{"@id":"https:\/\/tourtravelandmore.com\/es\/tours\/hungria-es\/budapest-es\/tour-privado-a-esztergom-visegrad-y-szentendre\/#primaryimage"},"thumbnailUrl":"https:\/\/tourtravelandmore.com\/wp-content\/uploads\/2022\/05\/image2-15.jpg","datePublished":"2022-05-30T16:49:07+00:00","dateModified":"2022-07-08T06:34:31+00:00","description":"Recorrido por Esztergom, Visegr\u00e1d y Szentendre. Visite las ciudades m\u00e1s importantes de Hungr\u00eda con un gu\u00eda tur\u00edstico \u2705","breadcrumb":{"@id":"https:\/\/tourtravelandmore.com\/es\/tours\/hungria-es\/budapest-es\/tour-privado-a-esztergom-visegrad-y-szentendre\/#breadcrumb"},"inLanguage":"es","potentialAction":[{"@type":"ReadAction","target":["https:\/\/tourtravelandmore.com\/es\/tours\/hungria-es\/budapest-es\/tour-privado-a-esztergom-visegrad-y-szentendre\/"]}]},{"@type":"ImageObject","inLanguage":"es","@id":"https:\/\/tourtravelandmore.com\/es\/tours\/hungria-es\/budapest-es\/tour-privado-a-esztergom-visegrad-y-szentendre\/#primaryimage","url":"https:\/\/tourtravelandmore.com\/wp-content\/uploads\/2022\/05\/image2-15.jpg","contentUrl":"https:\/\/tourtravelandmore.com\/wp-content\/uploads\/2022\/05\/image2-15.jpg","width":1250,"height":750},{"@type":"BreadcrumbList","@id":"https:\/\/tourtravelandmore.com\/es\/tours\/hungria-es\/budapest-es\/tour-privado-a-esztergom-visegrad-y-szentendre\/#breadcrumb","itemListElement":[{"@type":"ListItem","position":1,"name":"Home","item":"https:\/\/tourtravelandmore.com\/es\/"},{"@type":"ListItem","position":2,"name":"Tours","item":"https:\/\/tourtravelandmore.com\/es\/tours\/"},{"@type":"ListItem","position":3,"name":"Tour privado a Esztergom, Visegr\u00e1d y Szentendre"}]},{"@type":"WebSite","@id":"https:\/\/tourtravelandmore.com\/es\/#website","url":"https:\/\/tourtravelandmore.com\/es\/","name":"Tour Travel And More","description":"Private sightseeing tours and luxury transfers in Spain","publisher":{"@id":"https:\/\/tourtravelandmore.com\/es\/#organization"},"potentialAction":[{"@type":"SearchAction","target":{"@type":"EntryPoint","urlTemplate":"https:\/\/tourtravelandmore.com\/es\/?s={search_term_string}"},"query-input":{"@type":"PropertyValueSpecification","valueRequired":true,"valueName":"search_term_string"}}],"inLanguage":"es"},{"@type":"Organization","@id":"https:\/\/tourtravelandmore.com\/es\/#organization","name":"Tour Travel And More","url":"https:\/\/tourtravelandmore.com\/es\/","logo":{"@type":"ImageObject","inLanguage":"es","@id":"https:\/\/tourtravelandmore.com\/es\/#\/schema\/logo\/image\/","url":"https:\/\/tourtravelandmore.com\/wp-content\/uploads\/2022\/12\/cropped-logo-cabecera-new.png","contentUrl":"https:\/\/tourtravelandmore.com\/wp-content\/uploads\/2022\/12\/cropped-logo-cabecera-new.png","width":430,"height":61,"caption":"Tour Travel And More"},"image":{"@id":"https:\/\/tourtravelandmore.com\/es\/#\/schema\/logo\/image\/"},"sameAs":["https:\/\/www.facebook.com\/tourtravelandmore\/","https:\/\/x.com\/TourTravel_More"]}]}},"_links":{"self":[{"href":"https:\/\/tourtravelandmore.com\/es\/wp-json\/wp\/v2\/product\/127462","targetHints":{"allow":["GET"]}}],"collection":[{"href":"https:\/\/tourtravelandmore.com\/es\/wp-json\/wp\/v2\/product"}],"about":[{"href":"https:\/\/tourtravelandmore.com\/es\/wp-json\/wp\/v2\/types\/product"}],"replies":[{"embeddable":true,"href":"https:\/\/tourtravelandmore.com\/es\/wp-json\/wp\/v2\/comments?post=127462"}],"wp:featuredmedia":[{"embeddable":true,"href":"https:\/\/tourtravelandmore.com\/es\/wp-json\/wp\/v2\/media\/127543"}],"wp:attachment":[{"href":"https:\/\/tourtravelandmore.com\/es\/wp-json\/wp\/v2\/media?parent=127462"}],"wp:term":[{"taxonomy":"product_brand","embeddable":true,"href":"https:\/\/tourtravelandmore.com\/es\/wp-json\/wp\/v2\/product_brand?post=127462"},{"taxonomy":"product_cat","embeddable":true,"href":"https:\/\/tourtravelandmore.com\/es\/wp-json\/wp\/v2\/product_cat?post=127462"},{"taxonomy":"product_tag","embeddable":true,"href":"https:\/\/tourtravelandmore.com\/es\/wp-json\/wp\/v2\/product_tag?post=127462"}],"curies":[{"name":"wp","href":"https:\/\/api.w.org\/{rel}","templated":true}]}}