{"id":127335,"date":"2022-05-29T19:04:46","date_gmt":"2022-05-29T17:04:48","guid":{"rendered":"https:\/\/tourtravelandmore.com\/?post_type=product&#038;p=127335"},"modified":"2024-02-09T13:16:13","modified_gmt":"2024-02-09T12:16:13","slug":"visita-guiada-privada-a-pie-por-el-castillo-de-praga","status":"publish","type":"product","link":"https:\/\/tourtravelandmore.com\/es\/tours\/republica-checa-es\/prague-es\/visita-guiada-privada-a-pie-por-el-castillo-de-praga\/","title":{"rendered":"Visita guiada privada a pie por el Castillo de Praga"},"content":{"rendered":"<h2><b>Descripci\u00f3n de la visita guiada privada a pie por el Castillo de Praga<\/b><\/h2>\n<p><span style=\"font-weight: 400;\">El Castillo de Praga es una de las atracciones tur\u00edsticas m\u00e1s visitadas de la ciudad. Tiene una rica historia y es un gran hito que vale la pena explorar.<\/span><\/p>\n<p><span style=\"font-weight: 400;\">Una visita guiada privada a pie por el Castillo de Praga lo lleva en una visita guiada por expertos a las principales atracciones del castillo, as\u00ed como a sus impresionantes jardines y patios.<\/span><\/p>\n<p><span style=\"font-weight: 400;\">Se ofrecen visitas guiadas privadas a pie en ingl\u00e9s, alem\u00e1n, franc\u00e9s, espa\u00f1ol o el idioma local. Su gu\u00eda lo llevar\u00e1 en un recorrido de 4 horas por las principales atracciones del castillo y sus impresionantes jardines y patios.\u00a0<\/span><\/p>\n<h2><b>Puntos de inter\u00e9s en la visita guiada a pie por el castillo de Praga<\/b><\/h2>\n<p><span style=\"font-weight: 400;\">La visita guiada a pie del Castillo de Praga es una de las visitas m\u00e1s populares de la ciudad. Es un recorrido de 4 horas complem\u00e9ntente personalizable que lo lleva a trav\u00e9s de la historia y la arquitectura de esta incre\u00edble estructura.<\/span><\/p>\n<p><span style=\"font-weight: 400;\">El Castillo de Praga es uno de los monumentos m\u00e1s famosos de Europa. Fue construido por primera vez por Carlos IV, ha sido destruido y reconstruido muchas veces desde entonces, pero sigue siendo una estructura impresionante que ha influido en muchos otros edificios hist\u00f3ricos de Europa.<\/span><\/p>\n<p><span style=\"font-weight: 400;\">En esta visita guiada podr\u00e1 conocer los siguientes puntos, incluyendo sus respectivas entradas:<\/span><\/p>\n<ul>\n<li style=\"font-weight: 400;\" aria-level=\"1\"><b>Catedral de San Vito<\/b><\/li>\n<li style=\"font-weight: 400;\" aria-level=\"1\"><b>Palacio Real<\/b><\/li>\n<li style=\"font-weight: 400;\" aria-level=\"1\"><b>bas\u00edlica de San Jorge<\/b><\/li>\n<li style=\"font-weight: 400;\" aria-level=\"1\"><b>Callej\u00f3n del Oro<\/b><\/li>\n<li style=\"font-weight: 400;\" aria-level=\"1\"><b>y m\u00e1s!<\/b><\/li>\n<\/ul>\n<p><span style=\"font-weight: 400;\">Su gu\u00eda oficial local es un profesional con gran conocimiento acerca de la ciudad, su historia y cultura. Disfrutar\u00e1 de sus hermosas vacaciones mientras admira su \u00fanica arquitectura y lugares emblem\u00e1ticos.<\/span><\/p>\n<p><span style=\"font-weight: 400;\">Si desea conocer m\u00e1s de Praga y su historia, no dude en revisar nuestro listado de <\/span><span style=\"font-weight: 400;\">tours privados en la hermosa ciudad de la capital checa. <\/span><\/p>\n","protected":false},"excerpt":{"rendered":"<p><span style=\"font-weight: 400;\">El Castillo de Praga es una obra maestra arquitect\u00f3nica con su estilo g\u00f3tico y renacentista. Tiene m\u00e1s de 100 torres, patios, capillas y varios museos que exhiben artefactos hist\u00f3ricos de toda Europa. La visita guiada a pie privada lleva a los visitantes a pie por el castillo con un gu\u00eda experto que comparte hechos hist\u00f3ricos sobre esta magn\u00edfica estructura.<\/span><\/p>\n","protected":false},"featured_media":127354,"comment_status":"open","ping_status":"closed","template":"","meta":{"_acf_changed":false},"product_brand":[],"product_cat":[1356,1360,1358,1357],"product_tag":[1393,1394,1392],"class_list":{"0":"post-127335","1":"product","2":"type-product","3":"status-publish","4":"has-post-thumbnail","6":"product_cat-prague-es","7":"product_cat-prague-rutas-turisticas-privadas-es-es","8":"product_cat-prague-rutas-turisticas-privadas-es","9":"product_cat-prague-tours-privados-pie-es","10":"product_tag-city-tour-es","11":"product_tag-prague-es","12":"product_tag-private-tour-es","14":"first","15":"instock","16":"shipping-taxable","17":"purchasable","18":"product-type-simple"},"acf":[],"yoast_head":"<!-- This site is optimized with the Yoast SEO Premium plugin v25.3.1 (Yoast SEO v25.3.1) - https:\/\/yoast.com\/wordpress\/plugins\/seo\/ -->\n<title>\u27a1\ufe0f Visita guiada privada a pie por el Castillo de Praga | Tour Travel &amp; More<\/title>\n<meta name=\"description\" content=\"Explore el Castillo de Praga en una visita guiada a pie privada, dirigida por nuestros expertos gu\u00edas locales \u2705\" \/>\n<meta name=\"robots\" content=\"index, follow, max-snippet:-1, max-image-preview:large, max-video-preview:-1\" \/>\n<link rel=\"canonical\" href=\"https:\/\/tourtravelandmore.com\/es\/tours\/republica-checa-es\/prague-es\/visita-guiada-privada-a-pie-por-el-castillo-de-praga\/\" \/>\n<meta property=\"og:locale\" content=\"es_ES\" \/>\n<meta property=\"og:type\" content=\"article\" \/>\n<meta property=\"og:title\" content=\"Visita guiada privada a pie por el Castillo de Praga\" \/>\n<meta property=\"og:description\" content=\"Explore el Castillo de Praga en una visita guiada a pie privada, dirigida por nuestros expertos gu\u00edas locales \u2705\" \/>\n<meta property=\"og:url\" content=\"https:\/\/tourtravelandmore.com\/es\/tours\/republica-checa-es\/prague-es\/visita-guiada-privada-a-pie-por-el-castillo-de-praga\/\" \/>\n<meta property=\"og:site_name\" content=\"Tour Travel And More\" \/>\n<meta property=\"article:publisher\" content=\"https:\/\/www.facebook.com\/tourtravelandmore\/\" \/>\n<meta property=\"article:modified_time\" content=\"2024-02-09T12:16:13+00:00\" \/>\n<meta property=\"og:image\" content=\"https:\/\/tourtravelandmore.com\/wp-content\/uploads\/2022\/05\/image1-14.jpg\" \/>\n\t<meta property=\"og:image:width\" content=\"1024\" \/>\n\t<meta property=\"og:image:height\" content=\"684\" \/>\n\t<meta property=\"og:image:type\" content=\"image\/jpeg\" \/>\n<meta name=\"twitter:card\" content=\"summary_large_image\" \/>\n<meta name=\"twitter:site\" content=\"@TourTravel_More\" \/>\n<meta name=\"twitter:label1\" content=\"Tiempo de lectura\" \/>\n\t<meta name=\"twitter:data1\" content=\"2 minutos\" \/>\n<script type=\"application\/ld+json\" class=\"yoast-schema-graph\">{\"@context\":\"https:\/\/schema.org\",\"@graph\":[{\"@type\":\"WebPage\",\"@id\":\"https:\/\/tourtravelandmore.com\/es\/tours\/republica-checa-es\/prague-es\/visita-guiada-privada-a-pie-por-el-castillo-de-praga\/\",\"url\":\"https:\/\/tourtravelandmore.com\/es\/tours\/republica-checa-es\/prague-es\/visita-guiada-privada-a-pie-por-el-castillo-de-praga\/\",\"name\":\"\u27a1\ufe0f Visita guiada privada a pie por el Castillo de Praga | Tour Travel & More\",\"isPartOf\":{\"@id\":\"https:\/\/tourtravelandmore.com\/es\/#website\"},\"primaryImageOfPage\":{\"@id\":\"https:\/\/tourtravelandmore.com\/es\/tours\/republica-checa-es\/prague-es\/visita-guiada-privada-a-pie-por-el-castillo-de-praga\/#primaryimage\"},\"image\":{\"@id\":\"https:\/\/tourtravelandmore.com\/es\/tours\/republica-checa-es\/prague-es\/visita-guiada-privada-a-pie-por-el-castillo-de-praga\/#primaryimage\"},\"thumbnailUrl\":\"https:\/\/tourtravelandmore.com\/wp-content\/uploads\/2022\/05\/image1-14.jpg\",\"datePublished\":\"2022-05-29T17:04:48+00:00\",\"dateModified\":\"2024-02-09T12:16:13+00:00\",\"description\":\"Explore el Castillo de Praga en una visita guiada a pie privada, dirigida por nuestros expertos gu\u00edas locales \u2705\",\"breadcrumb\":{\"@id\":\"https:\/\/tourtravelandmore.com\/es\/tours\/republica-checa-es\/prague-es\/visita-guiada-privada-a-pie-por-el-castillo-de-praga\/#breadcrumb\"},\"inLanguage\":\"es\",\"potentialAction\":[{\"@type\":\"ReadAction\",\"target\":[\"https:\/\/tourtravelandmore.com\/es\/tours\/republica-checa-es\/prague-es\/visita-guiada-privada-a-pie-por-el-castillo-de-praga\/\"]}]},{\"@type\":\"ImageObject\",\"inLanguage\":\"es\",\"@id\":\"https:\/\/tourtravelandmore.com\/es\/tours\/republica-checa-es\/prague-es\/visita-guiada-privada-a-pie-por-el-castillo-de-praga\/#primaryimage\",\"url\":\"https:\/\/tourtravelandmore.com\/wp-content\/uploads\/2022\/05\/image1-14.jpg\",\"contentUrl\":\"https:\/\/tourtravelandmore.com\/wp-content\/uploads\/2022\/05\/image1-14.jpg\",\"width\":1024,\"height\":684},{\"@type\":\"BreadcrumbList\",\"@id\":\"https:\/\/tourtravelandmore.com\/es\/tours\/republica-checa-es\/prague-es\/visita-guiada-privada-a-pie-por-el-castillo-de-praga\/#breadcrumb\",\"itemListElement\":[{\"@type\":\"ListItem\",\"position\":1,\"name\":\"Home\",\"item\":\"https:\/\/tourtravelandmore.com\/es\/\"},{\"@type\":\"ListItem\",\"position\":2,\"name\":\"Tours\",\"item\":\"https:\/\/tourtravelandmore.com\/es\/tours\/\"},{\"@type\":\"ListItem\",\"position\":3,\"name\":\"Visita guiada privada a pie por el Castillo de Praga\"}]},{\"@type\":\"WebSite\",\"@id\":\"https:\/\/tourtravelandmore.com\/es\/#website\",\"url\":\"https:\/\/tourtravelandmore.com\/es\/\",\"name\":\"Tour Travel And More\",\"description\":\"Private sightseeing tours and luxury transfers in Spain\",\"publisher\":{\"@id\":\"https:\/\/tourtravelandmore.com\/es\/#organization\"},\"potentialAction\":[{\"@type\":\"SearchAction\",\"target\":{\"@type\":\"EntryPoint\",\"urlTemplate\":\"https:\/\/tourtravelandmore.com\/es\/?s={search_term_string}\"},\"query-input\":{\"@type\":\"PropertyValueSpecification\",\"valueRequired\":true,\"valueName\":\"search_term_string\"}}],\"inLanguage\":\"es\"},{\"@type\":\"Organization\",\"@id\":\"https:\/\/tourtravelandmore.com\/es\/#organization\",\"name\":\"Tour Travel And More\",\"url\":\"https:\/\/tourtravelandmore.com\/es\/\",\"logo\":{\"@type\":\"ImageObject\",\"inLanguage\":\"es\",\"@id\":\"https:\/\/tourtravelandmore.com\/es\/#\/schema\/logo\/image\/\",\"url\":\"https:\/\/tourtravelandmore.com\/wp-content\/uploads\/2022\/12\/cropped-logo-cabecera-new.png\",\"contentUrl\":\"https:\/\/tourtravelandmore.com\/wp-content\/uploads\/2022\/12\/cropped-logo-cabecera-new.png\",\"width\":430,\"height\":61,\"caption\":\"Tour Travel And More\"},\"image\":{\"@id\":\"https:\/\/tourtravelandmore.com\/es\/#\/schema\/logo\/image\/\"},\"sameAs\":[\"https:\/\/www.facebook.com\/tourtravelandmore\/\",\"https:\/\/x.com\/TourTravel_More\"]}]}<\/script>\n<!-- \/ Yoast SEO Premium plugin. -->","yoast_head_json":{"title":"\u27a1\ufe0f Visita guiada privada a pie por el Castillo de Praga | Tour Travel & More","description":"Explore el Castillo de Praga en una visita guiada a pie privada, dirigida por nuestros expertos gu\u00edas locales \u2705","robots":{"index":"index","follow":"follow","max-snippet":"max-snippet:-1","max-image-preview":"max-image-preview:large","max-video-preview":"max-video-preview:-1"},"canonical":"https:\/\/tourtravelandmore.com\/es\/tours\/republica-checa-es\/prague-es\/visita-guiada-privada-a-pie-por-el-castillo-de-praga\/","og_locale":"es_ES","og_type":"article","og_title":"Visita guiada privada a pie por el Castillo de Praga","og_description":"Explore el Castillo de Praga en una visita guiada a pie privada, dirigida por nuestros expertos gu\u00edas locales \u2705","og_url":"https:\/\/tourtravelandmore.com\/es\/tours\/republica-checa-es\/prague-es\/visita-guiada-privada-a-pie-por-el-castillo-de-praga\/","og_site_name":"Tour Travel And More","article_publisher":"https:\/\/www.facebook.com\/tourtravelandmore\/","article_modified_time":"2024-02-09T12:16:13+00:00","og_image":[{"width":1024,"height":684,"url":"https:\/\/tourtravelandmore.com\/wp-content\/uploads\/2022\/05\/image1-14.jpg","type":"image\/jpeg"}],"twitter_card":"summary_large_image","twitter_site":"@TourTravel_More","twitter_misc":{"Tiempo de lectura":"2 minutos"},"schema":{"@context":"https:\/\/schema.org","@graph":[{"@type":"WebPage","@id":"https:\/\/tourtravelandmore.com\/es\/tours\/republica-checa-es\/prague-es\/visita-guiada-privada-a-pie-por-el-castillo-de-praga\/","url":"https:\/\/tourtravelandmore.com\/es\/tours\/republica-checa-es\/prague-es\/visita-guiada-privada-a-pie-por-el-castillo-de-praga\/","name":"\u27a1\ufe0f Visita guiada privada a pie por el Castillo de Praga | Tour Travel & More","isPartOf":{"@id":"https:\/\/tourtravelandmore.com\/es\/#website"},"primaryImageOfPage":{"@id":"https:\/\/tourtravelandmore.com\/es\/tours\/republica-checa-es\/prague-es\/visita-guiada-privada-a-pie-por-el-castillo-de-praga\/#primaryimage"},"image":{"@id":"https:\/\/tourtravelandmore.com\/es\/tours\/republica-checa-es\/prague-es\/visita-guiada-privada-a-pie-por-el-castillo-de-praga\/#primaryimage"},"thumbnailUrl":"https:\/\/tourtravelandmore.com\/wp-content\/uploads\/2022\/05\/image1-14.jpg","datePublished":"2022-05-29T17:04:48+00:00","dateModified":"2024-02-09T12:16:13+00:00","description":"Explore el Castillo de Praga en una visita guiada a pie privada, dirigida por nuestros expertos gu\u00edas locales \u2705","breadcrumb":{"@id":"https:\/\/tourtravelandmore.com\/es\/tours\/republica-checa-es\/prague-es\/visita-guiada-privada-a-pie-por-el-castillo-de-praga\/#breadcrumb"},"inLanguage":"es","potentialAction":[{"@type":"ReadAction","target":["https:\/\/tourtravelandmore.com\/es\/tours\/republica-checa-es\/prague-es\/visita-guiada-privada-a-pie-por-el-castillo-de-praga\/"]}]},{"@type":"ImageObject","inLanguage":"es","@id":"https:\/\/tourtravelandmore.com\/es\/tours\/republica-checa-es\/prague-es\/visita-guiada-privada-a-pie-por-el-castillo-de-praga\/#primaryimage","url":"https:\/\/tourtravelandmore.com\/wp-content\/uploads\/2022\/05\/image1-14.jpg","contentUrl":"https:\/\/tourtravelandmore.com\/wp-content\/uploads\/2022\/05\/image1-14.jpg","width":1024,"height":684},{"@type":"BreadcrumbList","@id":"https:\/\/tourtravelandmore.com\/es\/tours\/republica-checa-es\/prague-es\/visita-guiada-privada-a-pie-por-el-castillo-de-praga\/#breadcrumb","itemListElement":[{"@type":"ListItem","position":1,"name":"Home","item":"https:\/\/tourtravelandmore.com\/es\/"},{"@type":"ListItem","position":2,"name":"Tours","item":"https:\/\/tourtravelandmore.com\/es\/tours\/"},{"@type":"ListItem","position":3,"name":"Visita guiada privada a pie por el Castillo de Praga"}]},{"@type":"WebSite","@id":"https:\/\/tourtravelandmore.com\/es\/#website","url":"https:\/\/tourtravelandmore.com\/es\/","name":"Tour Travel And More","description":"Private sightseeing tours and luxury transfers in Spain","publisher":{"@id":"https:\/\/tourtravelandmore.com\/es\/#organization"},"potentialAction":[{"@type":"SearchAction","target":{"@type":"EntryPoint","urlTemplate":"https:\/\/tourtravelandmore.com\/es\/?s={search_term_string}"},"query-input":{"@type":"PropertyValueSpecification","valueRequired":true,"valueName":"search_term_string"}}],"inLanguage":"es"},{"@type":"Organization","@id":"https:\/\/tourtravelandmore.com\/es\/#organization","name":"Tour Travel And More","url":"https:\/\/tourtravelandmore.com\/es\/","logo":{"@type":"ImageObject","inLanguage":"es","@id":"https:\/\/tourtravelandmore.com\/es\/#\/schema\/logo\/image\/","url":"https:\/\/tourtravelandmore.com\/wp-content\/uploads\/2022\/12\/cropped-logo-cabecera-new.png","contentUrl":"https:\/\/tourtravelandmore.com\/wp-content\/uploads\/2022\/12\/cropped-logo-cabecera-new.png","width":430,"height":61,"caption":"Tour Travel And More"},"image":{"@id":"https:\/\/tourtravelandmore.com\/es\/#\/schema\/logo\/image\/"},"sameAs":["https:\/\/www.facebook.com\/tourtravelandmore\/","https:\/\/x.com\/TourTravel_More"]}]}},"_links":{"self":[{"href":"https:\/\/tourtravelandmore.com\/es\/wp-json\/wp\/v2\/product\/127335","targetHints":{"allow":["GET"]}}],"collection":[{"href":"https:\/\/tourtravelandmore.com\/es\/wp-json\/wp\/v2\/product"}],"about":[{"href":"https:\/\/tourtravelandmore.com\/es\/wp-json\/wp\/v2\/types\/product"}],"replies":[{"embeddable":true,"href":"https:\/\/tourtravelandmore.com\/es\/wp-json\/wp\/v2\/comments?post=127335"}],"wp:featuredmedia":[{"embeddable":true,"href":"https:\/\/tourtravelandmore.com\/es\/wp-json\/wp\/v2\/media\/127354"}],"wp:attachment":[{"href":"https:\/\/tourtravelandmore.com\/es\/wp-json\/wp\/v2\/media?parent=127335"}],"wp:term":[{"taxonomy":"product_brand","embeddable":true,"href":"https:\/\/tourtravelandmore.com\/es\/wp-json\/wp\/v2\/product_brand?post=127335"},{"taxonomy":"product_cat","embeddable":true,"href":"https:\/\/tourtravelandmore.com\/es\/wp-json\/wp\/v2\/product_cat?post=127335"},{"taxonomy":"product_tag","embeddable":true,"href":"https:\/\/tourtravelandmore.com\/es\/wp-json\/wp\/v2\/product_tag?post=127335"}],"curies":[{"name":"wp","href":"https:\/\/api.w.org\/{rel}","templated":true}]}}