{"id":127097,"date":"2022-05-27T16:52:32","date_gmt":"2022-05-27T14:52:32","guid":{"rendered":"https:\/\/tourtravelandmore.com\/?post_type=product&#038;p=127097"},"modified":"2024-02-09T13:12:48","modified_gmt":"2024-02-09T12:12:48","slug":"tour-privado-a-pie-por-mala-strana-y-hradcany","status":"publish","type":"product","link":"https:\/\/tourtravelandmore.com\/es\/tours\/republica-checa-es\/prague-es\/tour-privado-a-pie-por-mala-strana-y-hradcany\/","title":{"rendered":"Tour privado a pie por Mala Strana y Hrad\u010dany"},"content":{"rendered":"<h2>Descripci\u00f3n del Tour Privado a Pie por Mala Strana y Hrad\u010dany<\/h2>\n<p>Mala Strana y Hrand\u010dany de Praga son dos de los lugares m\u00e1s populares entre los turistas. Estas zonas est\u00e1n llenas de historia, arquitectura y una pr\u00f3spera vida nocturna.<\/p>\n<p>Durante el recorrido, le acompa\u00f1ar\u00e1 un gu\u00eda local experto en la zona. Le mostrar\u00e1 los alrededores y compartir\u00e1 sus conocimientos con usted. Tambi\u00e9n aprender\u00e1 sobre la historia de la ciudad de Praga.<\/p>\n<h2><b>Puntos de inter\u00e9s en el tour privado a Kutna Hora desde Praga<\/b><\/h2>\n<p>Mala Strana es una zona de la ciudad conocida por sus sinuosas calles adoquinadas y su bella arquitectura. Fue en su d\u00eda el barrio jud\u00edo de Praga y se ha conservado con numerosos edificios hist\u00f3ricos como la Vieja Sinagoga Nueva y la Gran Sinagoga.<\/p>\n<p>Hrand\u010dany es una zona de Praga que se ha renovado recientemente para hacerla m\u00e1s accesible que nunca. Esta zona formaba parte del barrio jud\u00edo de Praga, pero ha sido completamente renovada para ser m\u00e1s moderna, accesible y atractiva. Con la ayuda de fondos p\u00fablicos, ahora es una parte rica de la ciudad con muchos museos, restaurantes y tiendas.<\/p>\n<p>En este recorrido privado a pie, podremos visitar lugares tan emblem\u00e1ticos como:<\/p>\n<ul>\n<li><strong>Monasterio de Strahov y su Cervecer\u00eda.<\/strong><\/li>\n<li><strong>Cervecer\u00eda Loreto,<\/strong><\/li>\n<li><strong>Columna de la Peste<\/strong><\/li>\n<li><strong>Castillo de Praga<\/strong><\/li>\n<li><strong>Catedral de San Vito<\/strong><\/li>\n<li><strong>Calle Neruda<\/strong><\/li>\n<li><strong>Iglesia de San Nicol\u00e1s<\/strong><\/li>\n<li><strong>Iglesia de la Victoria<\/strong><\/li>\n<li><strong>Ni\u00f1o Jes\u00fas de Praga<\/strong><\/li>\n<li><strong>Muro de Lennon<\/strong><\/li>\n<li><strong>Isla Kampa<\/strong><\/li>\n<\/ul>\n<p><span style=\"font-weight: 400;\">Si desea conocer m\u00e1s sobre Praga y todo lo que este destino dentro de la Rep\u00fablica Checa puede llegar a ofrecerle, no dude en visitar <a href=\"https:\/\/tourtravelandmore.com\/es\/ciudad\/republica-checa-es\/prague-es\/\">nuestros <\/a><\/span><span style=\"font-weight: 400;\">Tours privados en Praga.<\/span><\/p>\n","protected":false},"excerpt":{"rendered":"<p><span style=\"font-weight: 400;\">Si est\u00e1 buscando un tour privado a Kutna Hora, puede reservarlo con nosotros. Ofrecemos tours privados al sitio del Patrimonio Mundial de la UNESCO y otros destinos en la Rep\u00fablica Checa. <\/span><span style=\"font-weight: 400;\">Nuestros conductores profesionales lo llevar\u00e1n de Praga a Kutn\u00e1 Hora en un veh\u00edculo c\u00f3modo y seguro con un gu\u00eda profesional. <\/span><\/p>\n","protected":false},"featured_media":127154,"comment_status":"open","ping_status":"closed","template":"","meta":{"_acf_changed":false},"product_brand":[],"product_cat":[1356,1360,1357],"product_tag":[],"class_list":{"0":"post-127097","1":"product","2":"type-product","3":"status-publish","4":"has-post-thumbnail","6":"product_cat-prague-es","7":"product_cat-prague-rutas-turisticas-privadas-es-es","8":"product_cat-prague-tours-privados-pie-es","10":"first","11":"instock","12":"shipping-taxable","13":"purchasable","14":"product-type-simple"},"acf":[],"yoast_head":"<!-- This site is optimized with the Yoast SEO Premium plugin v25.3.1 (Yoast SEO v25.3.1) - https:\/\/yoast.com\/wordpress\/plugins\/seo\/ -->\n<title>\u27a1\ufe0f Tour privado a Kutna Hora desde Praga | Tour Travel &amp; More<\/title>\n<meta name=\"description\" content=\"Descubre la antigua ciudad de Kutn\u00e1 Hora y su hermosa catedral de estilo barroco en un tour privado desde Praga \u2705\" \/>\n<meta name=\"robots\" content=\"index, follow, max-snippet:-1, max-image-preview:large, max-video-preview:-1\" \/>\n<link rel=\"canonical\" href=\"https:\/\/tourtravelandmore.com\/es\/tours\/republica-checa-es\/prague-es\/tour-privado-a-pie-por-mala-strana-y-hradcany\/\" \/>\n<meta property=\"og:locale\" content=\"es_ES\" \/>\n<meta property=\"og:type\" content=\"article\" \/>\n<meta property=\"og:title\" content=\"Tour privado a pie por Mala Strana y Hrad\u010dany\" \/>\n<meta property=\"og:description\" content=\"Descubre la antigua ciudad de Kutn\u00e1 Hora y su hermosa catedral de estilo barroco en un tour privado desde Praga \u2705\" \/>\n<meta property=\"og:url\" content=\"https:\/\/tourtravelandmore.com\/es\/tours\/republica-checa-es\/prague-es\/tour-privado-a-pie-por-mala-strana-y-hradcany\/\" \/>\n<meta property=\"og:site_name\" content=\"Tour Travel And More\" \/>\n<meta property=\"article:publisher\" content=\"https:\/\/www.facebook.com\/tourtravelandmore\/\" \/>\n<meta property=\"article:modified_time\" content=\"2024-02-09T12:12:48+00:00\" \/>\n<meta property=\"og:image\" content=\"https:\/\/tourtravelandmore.com\/wp-content\/uploads\/2022\/05\/image3-13.jpg\" \/>\n\t<meta property=\"og:image:width\" content=\"1024\" \/>\n\t<meta property=\"og:image:height\" content=\"684\" \/>\n\t<meta property=\"og:image:type\" content=\"image\/jpeg\" \/>\n<meta name=\"twitter:card\" content=\"summary_large_image\" \/>\n<meta name=\"twitter:site\" content=\"@TourTravel_More\" \/>\n<meta name=\"twitter:label1\" content=\"Tiempo de lectura\" \/>\n\t<meta name=\"twitter:data1\" content=\"2 minutos\" \/>\n<script type=\"application\/ld+json\" class=\"yoast-schema-graph\">{\"@context\":\"https:\/\/schema.org\",\"@graph\":[{\"@type\":\"WebPage\",\"@id\":\"https:\/\/tourtravelandmore.com\/es\/tours\/republica-checa-es\/prague-es\/tour-privado-a-pie-por-mala-strana-y-hradcany\/\",\"url\":\"https:\/\/tourtravelandmore.com\/es\/tours\/republica-checa-es\/prague-es\/tour-privado-a-pie-por-mala-strana-y-hradcany\/\",\"name\":\"\u27a1\ufe0f Tour privado a Kutna Hora desde Praga | Tour Travel & More\",\"isPartOf\":{\"@id\":\"https:\/\/tourtravelandmore.com\/es\/#website\"},\"primaryImageOfPage\":{\"@id\":\"https:\/\/tourtravelandmore.com\/es\/tours\/republica-checa-es\/prague-es\/tour-privado-a-pie-por-mala-strana-y-hradcany\/#primaryimage\"},\"image\":{\"@id\":\"https:\/\/tourtravelandmore.com\/es\/tours\/republica-checa-es\/prague-es\/tour-privado-a-pie-por-mala-strana-y-hradcany\/#primaryimage\"},\"thumbnailUrl\":\"https:\/\/tourtravelandmore.com\/wp-content\/uploads\/2022\/05\/image3-13.jpg\",\"datePublished\":\"2022-05-27T14:52:32+00:00\",\"dateModified\":\"2024-02-09T12:12:48+00:00\",\"description\":\"Descubre la antigua ciudad de Kutn\u00e1 Hora y su hermosa catedral de estilo barroco en un tour privado desde Praga \u2705\",\"breadcrumb\":{\"@id\":\"https:\/\/tourtravelandmore.com\/es\/tours\/republica-checa-es\/prague-es\/tour-privado-a-pie-por-mala-strana-y-hradcany\/#breadcrumb\"},\"inLanguage\":\"es\",\"potentialAction\":[{\"@type\":\"ReadAction\",\"target\":[\"https:\/\/tourtravelandmore.com\/es\/tours\/republica-checa-es\/prague-es\/tour-privado-a-pie-por-mala-strana-y-hradcany\/\"]}]},{\"@type\":\"ImageObject\",\"inLanguage\":\"es\",\"@id\":\"https:\/\/tourtravelandmore.com\/es\/tours\/republica-checa-es\/prague-es\/tour-privado-a-pie-por-mala-strana-y-hradcany\/#primaryimage\",\"url\":\"https:\/\/tourtravelandmore.com\/wp-content\/uploads\/2022\/05\/image3-13.jpg\",\"contentUrl\":\"https:\/\/tourtravelandmore.com\/wp-content\/uploads\/2022\/05\/image3-13.jpg\",\"width\":1024,\"height\":684},{\"@type\":\"BreadcrumbList\",\"@id\":\"https:\/\/tourtravelandmore.com\/es\/tours\/republica-checa-es\/prague-es\/tour-privado-a-pie-por-mala-strana-y-hradcany\/#breadcrumb\",\"itemListElement\":[{\"@type\":\"ListItem\",\"position\":1,\"name\":\"Home\",\"item\":\"https:\/\/tourtravelandmore.com\/es\/\"},{\"@type\":\"ListItem\",\"position\":2,\"name\":\"Tours\",\"item\":\"https:\/\/tourtravelandmore.com\/es\/tours\/\"},{\"@type\":\"ListItem\",\"position\":3,\"name\":\"Tour privado a pie por Mala Strana y Hrad\u010dany\"}]},{\"@type\":\"WebSite\",\"@id\":\"https:\/\/tourtravelandmore.com\/es\/#website\",\"url\":\"https:\/\/tourtravelandmore.com\/es\/\",\"name\":\"Tour Travel And More\",\"description\":\"Private sightseeing tours and luxury transfers in Spain\",\"publisher\":{\"@id\":\"https:\/\/tourtravelandmore.com\/es\/#organization\"},\"potentialAction\":[{\"@type\":\"SearchAction\",\"target\":{\"@type\":\"EntryPoint\",\"urlTemplate\":\"https:\/\/tourtravelandmore.com\/es\/?s={search_term_string}\"},\"query-input\":{\"@type\":\"PropertyValueSpecification\",\"valueRequired\":true,\"valueName\":\"search_term_string\"}}],\"inLanguage\":\"es\"},{\"@type\":\"Organization\",\"@id\":\"https:\/\/tourtravelandmore.com\/es\/#organization\",\"name\":\"Tour Travel And More\",\"url\":\"https:\/\/tourtravelandmore.com\/es\/\",\"logo\":{\"@type\":\"ImageObject\",\"inLanguage\":\"es\",\"@id\":\"https:\/\/tourtravelandmore.com\/es\/#\/schema\/logo\/image\/\",\"url\":\"https:\/\/tourtravelandmore.com\/wp-content\/uploads\/2022\/12\/cropped-logo-cabecera-new.png\",\"contentUrl\":\"https:\/\/tourtravelandmore.com\/wp-content\/uploads\/2022\/12\/cropped-logo-cabecera-new.png\",\"width\":430,\"height\":61,\"caption\":\"Tour Travel And More\"},\"image\":{\"@id\":\"https:\/\/tourtravelandmore.com\/es\/#\/schema\/logo\/image\/\"},\"sameAs\":[\"https:\/\/www.facebook.com\/tourtravelandmore\/\",\"https:\/\/x.com\/TourTravel_More\"]}]}<\/script>\n<!-- \/ Yoast SEO Premium plugin. -->","yoast_head_json":{"title":"\u27a1\ufe0f Tour privado a Kutna Hora desde Praga | Tour Travel & More","description":"Descubre la antigua ciudad de Kutn\u00e1 Hora y su hermosa catedral de estilo barroco en un tour privado desde Praga \u2705","robots":{"index":"index","follow":"follow","max-snippet":"max-snippet:-1","max-image-preview":"max-image-preview:large","max-video-preview":"max-video-preview:-1"},"canonical":"https:\/\/tourtravelandmore.com\/es\/tours\/republica-checa-es\/prague-es\/tour-privado-a-pie-por-mala-strana-y-hradcany\/","og_locale":"es_ES","og_type":"article","og_title":"Tour privado a pie por Mala Strana y Hrad\u010dany","og_description":"Descubre la antigua ciudad de Kutn\u00e1 Hora y su hermosa catedral de estilo barroco en un tour privado desde Praga \u2705","og_url":"https:\/\/tourtravelandmore.com\/es\/tours\/republica-checa-es\/prague-es\/tour-privado-a-pie-por-mala-strana-y-hradcany\/","og_site_name":"Tour Travel And More","article_publisher":"https:\/\/www.facebook.com\/tourtravelandmore\/","article_modified_time":"2024-02-09T12:12:48+00:00","og_image":[{"width":1024,"height":684,"url":"https:\/\/tourtravelandmore.com\/wp-content\/uploads\/2022\/05\/image3-13.jpg","type":"image\/jpeg"}],"twitter_card":"summary_large_image","twitter_site":"@TourTravel_More","twitter_misc":{"Tiempo de lectura":"2 minutos"},"schema":{"@context":"https:\/\/schema.org","@graph":[{"@type":"WebPage","@id":"https:\/\/tourtravelandmore.com\/es\/tours\/republica-checa-es\/prague-es\/tour-privado-a-pie-por-mala-strana-y-hradcany\/","url":"https:\/\/tourtravelandmore.com\/es\/tours\/republica-checa-es\/prague-es\/tour-privado-a-pie-por-mala-strana-y-hradcany\/","name":"\u27a1\ufe0f Tour privado a Kutna Hora desde Praga | Tour Travel & More","isPartOf":{"@id":"https:\/\/tourtravelandmore.com\/es\/#website"},"primaryImageOfPage":{"@id":"https:\/\/tourtravelandmore.com\/es\/tours\/republica-checa-es\/prague-es\/tour-privado-a-pie-por-mala-strana-y-hradcany\/#primaryimage"},"image":{"@id":"https:\/\/tourtravelandmore.com\/es\/tours\/republica-checa-es\/prague-es\/tour-privado-a-pie-por-mala-strana-y-hradcany\/#primaryimage"},"thumbnailUrl":"https:\/\/tourtravelandmore.com\/wp-content\/uploads\/2022\/05\/image3-13.jpg","datePublished":"2022-05-27T14:52:32+00:00","dateModified":"2024-02-09T12:12:48+00:00","description":"Descubre la antigua ciudad de Kutn\u00e1 Hora y su hermosa catedral de estilo barroco en un tour privado desde Praga \u2705","breadcrumb":{"@id":"https:\/\/tourtravelandmore.com\/es\/tours\/republica-checa-es\/prague-es\/tour-privado-a-pie-por-mala-strana-y-hradcany\/#breadcrumb"},"inLanguage":"es","potentialAction":[{"@type":"ReadAction","target":["https:\/\/tourtravelandmore.com\/es\/tours\/republica-checa-es\/prague-es\/tour-privado-a-pie-por-mala-strana-y-hradcany\/"]}]},{"@type":"ImageObject","inLanguage":"es","@id":"https:\/\/tourtravelandmore.com\/es\/tours\/republica-checa-es\/prague-es\/tour-privado-a-pie-por-mala-strana-y-hradcany\/#primaryimage","url":"https:\/\/tourtravelandmore.com\/wp-content\/uploads\/2022\/05\/image3-13.jpg","contentUrl":"https:\/\/tourtravelandmore.com\/wp-content\/uploads\/2022\/05\/image3-13.jpg","width":1024,"height":684},{"@type":"BreadcrumbList","@id":"https:\/\/tourtravelandmore.com\/es\/tours\/republica-checa-es\/prague-es\/tour-privado-a-pie-por-mala-strana-y-hradcany\/#breadcrumb","itemListElement":[{"@type":"ListItem","position":1,"name":"Home","item":"https:\/\/tourtravelandmore.com\/es\/"},{"@type":"ListItem","position":2,"name":"Tours","item":"https:\/\/tourtravelandmore.com\/es\/tours\/"},{"@type":"ListItem","position":3,"name":"Tour privado a pie por Mala Strana y Hrad\u010dany"}]},{"@type":"WebSite","@id":"https:\/\/tourtravelandmore.com\/es\/#website","url":"https:\/\/tourtravelandmore.com\/es\/","name":"Tour Travel And More","description":"Private sightseeing tours and luxury transfers in Spain","publisher":{"@id":"https:\/\/tourtravelandmore.com\/es\/#organization"},"potentialAction":[{"@type":"SearchAction","target":{"@type":"EntryPoint","urlTemplate":"https:\/\/tourtravelandmore.com\/es\/?s={search_term_string}"},"query-input":{"@type":"PropertyValueSpecification","valueRequired":true,"valueName":"search_term_string"}}],"inLanguage":"es"},{"@type":"Organization","@id":"https:\/\/tourtravelandmore.com\/es\/#organization","name":"Tour Travel And More","url":"https:\/\/tourtravelandmore.com\/es\/","logo":{"@type":"ImageObject","inLanguage":"es","@id":"https:\/\/tourtravelandmore.com\/es\/#\/schema\/logo\/image\/","url":"https:\/\/tourtravelandmore.com\/wp-content\/uploads\/2022\/12\/cropped-logo-cabecera-new.png","contentUrl":"https:\/\/tourtravelandmore.com\/wp-content\/uploads\/2022\/12\/cropped-logo-cabecera-new.png","width":430,"height":61,"caption":"Tour Travel And More"},"image":{"@id":"https:\/\/tourtravelandmore.com\/es\/#\/schema\/logo\/image\/"},"sameAs":["https:\/\/www.facebook.com\/tourtravelandmore\/","https:\/\/x.com\/TourTravel_More"]}]}},"_links":{"self":[{"href":"https:\/\/tourtravelandmore.com\/es\/wp-json\/wp\/v2\/product\/127097","targetHints":{"allow":["GET"]}}],"collection":[{"href":"https:\/\/tourtravelandmore.com\/es\/wp-json\/wp\/v2\/product"}],"about":[{"href":"https:\/\/tourtravelandmore.com\/es\/wp-json\/wp\/v2\/types\/product"}],"replies":[{"embeddable":true,"href":"https:\/\/tourtravelandmore.com\/es\/wp-json\/wp\/v2\/comments?post=127097"}],"wp:featuredmedia":[{"embeddable":true,"href":"https:\/\/tourtravelandmore.com\/es\/wp-json\/wp\/v2\/media\/127154"}],"wp:attachment":[{"href":"https:\/\/tourtravelandmore.com\/es\/wp-json\/wp\/v2\/media?parent=127097"}],"wp:term":[{"taxonomy":"product_brand","embeddable":true,"href":"https:\/\/tourtravelandmore.com\/es\/wp-json\/wp\/v2\/product_brand?post=127097"},{"taxonomy":"product_cat","embeddable":true,"href":"https:\/\/tourtravelandmore.com\/es\/wp-json\/wp\/v2\/product_cat?post=127097"},{"taxonomy":"product_tag","embeddable":true,"href":"https:\/\/tourtravelandmore.com\/es\/wp-json\/wp\/v2\/product_tag?post=127097"}],"curies":[{"name":"wp","href":"https:\/\/api.w.org\/{rel}","templated":true}]}}