{"id":127057,"date":"2022-05-27T16:18:17","date_gmt":"2022-05-27T14:18:22","guid":{"rendered":"https:\/\/tourtravelandmore.com\/?post_type=product&#038;p=127057"},"modified":"2024-02-09T13:18:34","modified_gmt":"2024-02-09T12:18:34","slug":"tour-privado-a-kutna-hora-desde-praga","status":"publish","type":"product","link":"https:\/\/tourtravelandmore.com\/es\/tours\/republica-checa-es\/prague-es\/tour-privado-a-kutna-hora-desde-praga\/","title":{"rendered":"Tour privado a Kutna Hora desde Praga"},"content":{"rendered":"<h2><b>Descripci\u00f3n del tour privado a Kutna Hora desde Praga<\/b><\/h2>\n<p><span style=\"font-weight: 400;\">El tour privado a Kutn\u00e1 Hora desde Praga incluye visitas a tres lugares importantes como el centro hist\u00f3rico, la Catedral g\u00f3tica de Santa B\u00e1rbara, Capilla del Corpus Christi, entre otros m\u00e1s.<\/span><\/p>\n<p><span style=\"font-weight: 400;\">Pero, antes de comenzar el recorrido, hablemos un poco sobre Kutna Hora, lugar emblem\u00e1tico a las afueras de Praga.<\/span><\/p>\n<p><span style=\"font-weight: 400;\">Kutn\u00e1 Hora es una ciudad de la Rep\u00fablica Checa, cerca de la frontera con Polonia. La ciudad fue extra\u00edda extensivamente por su plata desde el siglo XIII al XVI. Como resultado, sus casas est\u00e1n construidas en su mayor\u00eda de plata y plomo. Todos los a\u00f1os, durante el verano, Kutn\u00e1 Hora alberga una exposici\u00f3n al aire libre de hallazgos arqueol\u00f3gicos de varios per\u00edodos.<\/span><\/p>\n<h2><b>Puntos de inter\u00e9s en el tour privado a Kutna Hora desde Praga<\/b><\/h2>\n<p><span style=\"font-weight: 400;\">Kutna Hora, una ciudad medieval en la Rep\u00fablica Checa, es Patrimonio de la Humanidad por la UNESCO. Se encuentra a orillas del r\u00edo Vltava y ha estado habitada desde la Edad de Piedra.<\/span><\/p>\n<p><span style=\"font-weight: 400;\">El recorrido comienza con una visita a la Plaza de la Ciudad Vieja. La plaza est\u00e1 rodeada de edificios que fueron construidos en estilos g\u00f3tico, renacentista y barroco. El edificio m\u00e1s destacado de esta plaza es la Iglesia de San Nicol\u00e1s, con su hermosa fachada barroca.<\/span><\/p>\n<p><span style=\"font-weight: 400;\">En el recorrido usted podr\u00e1 visitar puntos sumamente emblem\u00e1ticos como:<\/span><\/p>\n<ul>\n<li><b>Centro hist\u00f3rico<\/b><\/li>\n<li><b>Catedral g\u00f3tica de Santa B\u00e1rbara<\/b><\/li>\n<li><b>Capilla del Corpus Christi<\/b><\/li>\n<li><b>Castillo Real,<\/b><\/li>\n<li><b>Vla\u0161sk\u00fd dv\u016fr<\/b><\/li>\n<li><b>Osario de Sedlec<\/b><\/li>\n<\/ul>\n<p><span style=\"font-weight: 400;\">Para finalizar, el chofer le llevar\u00e1 a su lugar de recogida en Praga, donde podr\u00e1 seguir disfrutando de esta hermosa ciudad llena de historia.<\/span><\/p>\n<p><span style=\"font-weight: 400;\">Si desea conocer m\u00e1s sobre Praga y todo lo que este destino dentro de la Rep\u00fablica Checa puede llegar a ofrecerle, no dude en visitar <a href=\"https:\/\/tourtravelandmore.com\/es\/ciudad\/republica-checa-es\/prague-es\/\">nuestros <\/a><\/span><span style=\"font-weight: 400;\">Tours privados en Praga.<\/span><\/p>\n","protected":false},"excerpt":{"rendered":"<p><span style=\"font-weight: 400;\">Si est\u00e1 buscando un tour privado a Kutna Hora, puede reservarlo con nosotros. Ofrecemos tours privados al sitio del Patrimonio Mundial de la UNESCO y otros destinos en la Rep\u00fablica Checa. <\/span><span style=\"font-weight: 400;\">Nuestros conductores profesionales lo llevar\u00e1n de Praga a Kutn\u00e1 Hora en un veh\u00edculo c\u00f3modo y seguro con un gu\u00eda profesional. <\/span><\/p>\n","protected":false},"featured_media":127082,"comment_status":"open","ping_status":"closed","template":"","meta":{"_acf_changed":false},"product_brand":[],"product_cat":[1356,1360,1359,1358],"product_tag":[],"class_list":{"0":"post-127057","1":"product","2":"type-product","3":"status-publish","4":"has-post-thumbnail","6":"product_cat-prague-es","7":"product_cat-prague-rutas-turisticas-privadas-es-es","8":"product_cat-prague-excursiones-es","9":"product_cat-prague-rutas-turisticas-privadas-es","11":"first","12":"instock","13":"shipping-taxable","14":"purchasable","15":"product-type-simple"},"acf":[],"yoast_head":"<!-- This site is optimized with the Yoast SEO Premium plugin v25.3.1 (Yoast SEO v25.3.1) - https:\/\/yoast.com\/wordpress\/plugins\/seo\/ -->\n<title>\u27a1\ufe0f Tour privado a Kutna Hora desde Praga | Tour Travel &amp; More<\/title>\n<meta name=\"description\" content=\"Descubre la antigua ciudad de Kutn\u00e1 Hora y su hermosa catedral de estilo barroco en un tour privado desde Praga \u2705\" \/>\n<meta name=\"robots\" content=\"index, follow, max-snippet:-1, max-image-preview:large, max-video-preview:-1\" \/>\n<link rel=\"canonical\" href=\"https:\/\/tourtravelandmore.com\/es\/tours\/republica-checa-es\/prague-es\/tour-privado-a-kutna-hora-desde-praga\/\" \/>\n<meta property=\"og:locale\" content=\"es_ES\" \/>\n<meta property=\"og:type\" content=\"article\" \/>\n<meta property=\"og:title\" content=\"Tour privado a Kutna Hora desde Praga\" \/>\n<meta property=\"og:description\" content=\"Descubre la antigua ciudad de Kutn\u00e1 Hora y su hermosa catedral de estilo barroco en un tour privado desde Praga \u2705\" \/>\n<meta property=\"og:url\" content=\"https:\/\/tourtravelandmore.com\/es\/tours\/republica-checa-es\/prague-es\/tour-privado-a-kutna-hora-desde-praga\/\" \/>\n<meta property=\"og:site_name\" content=\"Tour Travel And More\" \/>\n<meta property=\"article:publisher\" content=\"https:\/\/www.facebook.com\/tourtravelandmore\/\" \/>\n<meta property=\"article:modified_time\" content=\"2024-02-09T12:18:34+00:00\" \/>\n<meta property=\"og:image\" content=\"https:\/\/tourtravelandmore.com\/wp-content\/uploads\/2022\/05\/image3-12.jpg\" \/>\n\t<meta property=\"og:image:width\" content=\"1024\" \/>\n\t<meta property=\"og:image:height\" content=\"684\" \/>\n\t<meta property=\"og:image:type\" content=\"image\/jpeg\" \/>\n<meta name=\"twitter:card\" content=\"summary_large_image\" \/>\n<meta name=\"twitter:site\" content=\"@TourTravel_More\" \/>\n<meta name=\"twitter:label1\" content=\"Tiempo de lectura\" \/>\n\t<meta name=\"twitter:data1\" content=\"2 minutos\" \/>\n<script type=\"application\/ld+json\" class=\"yoast-schema-graph\">{\"@context\":\"https:\/\/schema.org\",\"@graph\":[{\"@type\":\"WebPage\",\"@id\":\"https:\/\/tourtravelandmore.com\/es\/tours\/republica-checa-es\/prague-es\/tour-privado-a-kutna-hora-desde-praga\/\",\"url\":\"https:\/\/tourtravelandmore.com\/es\/tours\/republica-checa-es\/prague-es\/tour-privado-a-kutna-hora-desde-praga\/\",\"name\":\"\u27a1\ufe0f Tour privado a Kutna Hora desde Praga | Tour Travel & More\",\"isPartOf\":{\"@id\":\"https:\/\/tourtravelandmore.com\/es\/#website\"},\"primaryImageOfPage\":{\"@id\":\"https:\/\/tourtravelandmore.com\/es\/tours\/republica-checa-es\/prague-es\/tour-privado-a-kutna-hora-desde-praga\/#primaryimage\"},\"image\":{\"@id\":\"https:\/\/tourtravelandmore.com\/es\/tours\/republica-checa-es\/prague-es\/tour-privado-a-kutna-hora-desde-praga\/#primaryimage\"},\"thumbnailUrl\":\"https:\/\/tourtravelandmore.com\/wp-content\/uploads\/2022\/05\/image3-12.jpg\",\"datePublished\":\"2022-05-27T14:18:22+00:00\",\"dateModified\":\"2024-02-09T12:18:34+00:00\",\"description\":\"Descubre la antigua ciudad de Kutn\u00e1 Hora y su hermosa catedral de estilo barroco en un tour privado desde Praga \u2705\",\"breadcrumb\":{\"@id\":\"https:\/\/tourtravelandmore.com\/es\/tours\/republica-checa-es\/prague-es\/tour-privado-a-kutna-hora-desde-praga\/#breadcrumb\"},\"inLanguage\":\"es\",\"potentialAction\":[{\"@type\":\"ReadAction\",\"target\":[\"https:\/\/tourtravelandmore.com\/es\/tours\/republica-checa-es\/prague-es\/tour-privado-a-kutna-hora-desde-praga\/\"]}]},{\"@type\":\"ImageObject\",\"inLanguage\":\"es\",\"@id\":\"https:\/\/tourtravelandmore.com\/es\/tours\/republica-checa-es\/prague-es\/tour-privado-a-kutna-hora-desde-praga\/#primaryimage\",\"url\":\"https:\/\/tourtravelandmore.com\/wp-content\/uploads\/2022\/05\/image3-12.jpg\",\"contentUrl\":\"https:\/\/tourtravelandmore.com\/wp-content\/uploads\/2022\/05\/image3-12.jpg\",\"width\":1024,\"height\":684},{\"@type\":\"BreadcrumbList\",\"@id\":\"https:\/\/tourtravelandmore.com\/es\/tours\/republica-checa-es\/prague-es\/tour-privado-a-kutna-hora-desde-praga\/#breadcrumb\",\"itemListElement\":[{\"@type\":\"ListItem\",\"position\":1,\"name\":\"Home\",\"item\":\"https:\/\/tourtravelandmore.com\/es\/\"},{\"@type\":\"ListItem\",\"position\":2,\"name\":\"Tours\",\"item\":\"https:\/\/tourtravelandmore.com\/es\/tours\/\"},{\"@type\":\"ListItem\",\"position\":3,\"name\":\"Tour privado a Kutna Hora desde Praga\"}]},{\"@type\":\"WebSite\",\"@id\":\"https:\/\/tourtravelandmore.com\/es\/#website\",\"url\":\"https:\/\/tourtravelandmore.com\/es\/\",\"name\":\"Tour Travel And More\",\"description\":\"Private sightseeing tours and luxury transfers in Spain\",\"publisher\":{\"@id\":\"https:\/\/tourtravelandmore.com\/es\/#organization\"},\"potentialAction\":[{\"@type\":\"SearchAction\",\"target\":{\"@type\":\"EntryPoint\",\"urlTemplate\":\"https:\/\/tourtravelandmore.com\/es\/?s={search_term_string}\"},\"query-input\":{\"@type\":\"PropertyValueSpecification\",\"valueRequired\":true,\"valueName\":\"search_term_string\"}}],\"inLanguage\":\"es\"},{\"@type\":\"Organization\",\"@id\":\"https:\/\/tourtravelandmore.com\/es\/#organization\",\"name\":\"Tour Travel And More\",\"url\":\"https:\/\/tourtravelandmore.com\/es\/\",\"logo\":{\"@type\":\"ImageObject\",\"inLanguage\":\"es\",\"@id\":\"https:\/\/tourtravelandmore.com\/es\/#\/schema\/logo\/image\/\",\"url\":\"https:\/\/tourtravelandmore.com\/wp-content\/uploads\/2022\/12\/cropped-logo-cabecera-new.png\",\"contentUrl\":\"https:\/\/tourtravelandmore.com\/wp-content\/uploads\/2022\/12\/cropped-logo-cabecera-new.png\",\"width\":430,\"height\":61,\"caption\":\"Tour Travel And More\"},\"image\":{\"@id\":\"https:\/\/tourtravelandmore.com\/es\/#\/schema\/logo\/image\/\"},\"sameAs\":[\"https:\/\/www.facebook.com\/tourtravelandmore\/\",\"https:\/\/x.com\/TourTravel_More\"]}]}<\/script>\n<!-- \/ Yoast SEO Premium plugin. -->","yoast_head_json":{"title":"\u27a1\ufe0f Tour privado a Kutna Hora desde Praga | Tour Travel & More","description":"Descubre la antigua ciudad de Kutn\u00e1 Hora y su hermosa catedral de estilo barroco en un tour privado desde Praga \u2705","robots":{"index":"index","follow":"follow","max-snippet":"max-snippet:-1","max-image-preview":"max-image-preview:large","max-video-preview":"max-video-preview:-1"},"canonical":"https:\/\/tourtravelandmore.com\/es\/tours\/republica-checa-es\/prague-es\/tour-privado-a-kutna-hora-desde-praga\/","og_locale":"es_ES","og_type":"article","og_title":"Tour privado a Kutna Hora desde Praga","og_description":"Descubre la antigua ciudad de Kutn\u00e1 Hora y su hermosa catedral de estilo barroco en un tour privado desde Praga \u2705","og_url":"https:\/\/tourtravelandmore.com\/es\/tours\/republica-checa-es\/prague-es\/tour-privado-a-kutna-hora-desde-praga\/","og_site_name":"Tour Travel And More","article_publisher":"https:\/\/www.facebook.com\/tourtravelandmore\/","article_modified_time":"2024-02-09T12:18:34+00:00","og_image":[{"width":1024,"height":684,"url":"https:\/\/tourtravelandmore.com\/wp-content\/uploads\/2022\/05\/image3-12.jpg","type":"image\/jpeg"}],"twitter_card":"summary_large_image","twitter_site":"@TourTravel_More","twitter_misc":{"Tiempo de lectura":"2 minutos"},"schema":{"@context":"https:\/\/schema.org","@graph":[{"@type":"WebPage","@id":"https:\/\/tourtravelandmore.com\/es\/tours\/republica-checa-es\/prague-es\/tour-privado-a-kutna-hora-desde-praga\/","url":"https:\/\/tourtravelandmore.com\/es\/tours\/republica-checa-es\/prague-es\/tour-privado-a-kutna-hora-desde-praga\/","name":"\u27a1\ufe0f Tour privado a Kutna Hora desde Praga | Tour Travel & More","isPartOf":{"@id":"https:\/\/tourtravelandmore.com\/es\/#website"},"primaryImageOfPage":{"@id":"https:\/\/tourtravelandmore.com\/es\/tours\/republica-checa-es\/prague-es\/tour-privado-a-kutna-hora-desde-praga\/#primaryimage"},"image":{"@id":"https:\/\/tourtravelandmore.com\/es\/tours\/republica-checa-es\/prague-es\/tour-privado-a-kutna-hora-desde-praga\/#primaryimage"},"thumbnailUrl":"https:\/\/tourtravelandmore.com\/wp-content\/uploads\/2022\/05\/image3-12.jpg","datePublished":"2022-05-27T14:18:22+00:00","dateModified":"2024-02-09T12:18:34+00:00","description":"Descubre la antigua ciudad de Kutn\u00e1 Hora y su hermosa catedral de estilo barroco en un tour privado desde Praga \u2705","breadcrumb":{"@id":"https:\/\/tourtravelandmore.com\/es\/tours\/republica-checa-es\/prague-es\/tour-privado-a-kutna-hora-desde-praga\/#breadcrumb"},"inLanguage":"es","potentialAction":[{"@type":"ReadAction","target":["https:\/\/tourtravelandmore.com\/es\/tours\/republica-checa-es\/prague-es\/tour-privado-a-kutna-hora-desde-praga\/"]}]},{"@type":"ImageObject","inLanguage":"es","@id":"https:\/\/tourtravelandmore.com\/es\/tours\/republica-checa-es\/prague-es\/tour-privado-a-kutna-hora-desde-praga\/#primaryimage","url":"https:\/\/tourtravelandmore.com\/wp-content\/uploads\/2022\/05\/image3-12.jpg","contentUrl":"https:\/\/tourtravelandmore.com\/wp-content\/uploads\/2022\/05\/image3-12.jpg","width":1024,"height":684},{"@type":"BreadcrumbList","@id":"https:\/\/tourtravelandmore.com\/es\/tours\/republica-checa-es\/prague-es\/tour-privado-a-kutna-hora-desde-praga\/#breadcrumb","itemListElement":[{"@type":"ListItem","position":1,"name":"Home","item":"https:\/\/tourtravelandmore.com\/es\/"},{"@type":"ListItem","position":2,"name":"Tours","item":"https:\/\/tourtravelandmore.com\/es\/tours\/"},{"@type":"ListItem","position":3,"name":"Tour privado a Kutna Hora desde Praga"}]},{"@type":"WebSite","@id":"https:\/\/tourtravelandmore.com\/es\/#website","url":"https:\/\/tourtravelandmore.com\/es\/","name":"Tour Travel And More","description":"Private sightseeing tours and luxury transfers in Spain","publisher":{"@id":"https:\/\/tourtravelandmore.com\/es\/#organization"},"potentialAction":[{"@type":"SearchAction","target":{"@type":"EntryPoint","urlTemplate":"https:\/\/tourtravelandmore.com\/es\/?s={search_term_string}"},"query-input":{"@type":"PropertyValueSpecification","valueRequired":true,"valueName":"search_term_string"}}],"inLanguage":"es"},{"@type":"Organization","@id":"https:\/\/tourtravelandmore.com\/es\/#organization","name":"Tour Travel And More","url":"https:\/\/tourtravelandmore.com\/es\/","logo":{"@type":"ImageObject","inLanguage":"es","@id":"https:\/\/tourtravelandmore.com\/es\/#\/schema\/logo\/image\/","url":"https:\/\/tourtravelandmore.com\/wp-content\/uploads\/2022\/12\/cropped-logo-cabecera-new.png","contentUrl":"https:\/\/tourtravelandmore.com\/wp-content\/uploads\/2022\/12\/cropped-logo-cabecera-new.png","width":430,"height":61,"caption":"Tour Travel And More"},"image":{"@id":"https:\/\/tourtravelandmore.com\/es\/#\/schema\/logo\/image\/"},"sameAs":["https:\/\/www.facebook.com\/tourtravelandmore\/","https:\/\/x.com\/TourTravel_More"]}]}},"_links":{"self":[{"href":"https:\/\/tourtravelandmore.com\/es\/wp-json\/wp\/v2\/product\/127057","targetHints":{"allow":["GET"]}}],"collection":[{"href":"https:\/\/tourtravelandmore.com\/es\/wp-json\/wp\/v2\/product"}],"about":[{"href":"https:\/\/tourtravelandmore.com\/es\/wp-json\/wp\/v2\/types\/product"}],"replies":[{"embeddable":true,"href":"https:\/\/tourtravelandmore.com\/es\/wp-json\/wp\/v2\/comments?post=127057"}],"wp:featuredmedia":[{"embeddable":true,"href":"https:\/\/tourtravelandmore.com\/es\/wp-json\/wp\/v2\/media\/127082"}],"wp:attachment":[{"href":"https:\/\/tourtravelandmore.com\/es\/wp-json\/wp\/v2\/media?parent=127057"}],"wp:term":[{"taxonomy":"product_brand","embeddable":true,"href":"https:\/\/tourtravelandmore.com\/es\/wp-json\/wp\/v2\/product_brand?post=127057"},{"taxonomy":"product_cat","embeddable":true,"href":"https:\/\/tourtravelandmore.com\/es\/wp-json\/wp\/v2\/product_cat?post=127057"},{"taxonomy":"product_tag","embeddable":true,"href":"https:\/\/tourtravelandmore.com\/es\/wp-json\/wp\/v2\/product_tag?post=127057"}],"curies":[{"name":"wp","href":"https:\/\/api.w.org\/{rel}","templated":true}]}}