{"id":12659,"date":"2017-05-15T16:44:59","date_gmt":"2017-05-15T14:52:47","guid":{"rendered":"http:\/\/tourtravelandmore.com\/es\/?post_type=product&#038;p=12659"},"modified":"2022-10-15T07:24:04","modified_gmt":"2022-10-15T05:24:04","slug":"traslados-privados-villefranche","status":"publish","type":"product","link":"https:\/\/tourtravelandmore.com\/es\/tours\/francia\/villefranche-sur-mer-es\/traslados-privados-villefranche\/","title":{"rendered":"Transfer Privado desde Villefranche-Sur-Mer a cualquier ciudad"},"content":{"rendered":"<h2><strong>Descripci\u00f3n del Traslado Privado desde Villefranche-Sur-Mer a cualquier ciudad<\/strong><\/h2>\n<p>Disfrute de una experiencia c\u00f3moda en uno de nuestros <strong>veh\u00edculos privados de lujo<\/strong>\u00a0con nuestros\u00a0<strong>traslados privados en Villefranche<\/strong>. Cont\u00e1ctenos para una experiencia privada personalizada.<\/p>\n<p>Ofrecemos\u00a0<strong>todo tipo de traslados<\/strong> desde\/hacia Villefranche-sur-mer y toda la riviera francesa. Coordinamos traslados privados a aeropuertos, hoteles, estaciones de tren, puertos de crucero y cualquier ciudad en la riviera francesa.<\/p>\n<p>En caso de reservar un traslado de arribo, nuestros choferes le estar\u00e1n esperando en la terminal con un cartel a su nombre. Para llegadas al\u00a0<a href=\"https:\/\/en.nice.aeroport.fr\/\">aeropuerto de Niza<\/a> nuestros choferes chequean el horario de aterrizaje, por lo que no tendr\u00e1 de qu\u00e9 preocuparse en caso de demoras en su vuelo.<\/p>\n<p>En caso de que arrive a la terminal de cruceros de Villefranche, podemos organizar un traslado privado a su hotel o alojamiento en Niza u otra ciudad de la riviera francesa, como M\u00f3naco o Cannes. Tambi\u00e9n ofrecemos <a href=\"https:\/\/tourtravelandmore.com\/es\/tours\/francia\/villefranche-sur-mer-es\/excursion-privada-desde-villefranche-sur-mer\/\">excursiones personalizadas desde el puerto<\/a>.<\/p>\n<h2><strong>Puntos de inter\u00e9s en el Traslado Privado desde Villefranche-Sur-Mer a cualquier ciudad<\/strong><\/h2>\n<p>Ofrecemos servicio de traslados privados en toda Francia. Nuestro <strong>servicio es personalizado y privado<\/strong> para usted. Nuestra flota de veh\u00edculos es de alta gama, y estos poseen la licencia requerida para operar en toda Europa.<\/p>\n<p>Villefranche-Sur-Mer est\u00e1 ubicada entre Niza y M\u00f3naco. La bah\u00eda de Villefranche es uno de los puertos naturales m\u00e1s hondos del mar mediterr\u00e1neo y uno de los m\u00e1s utilizados por los cruceros en la regi\u00f3n.<\/p>\n<p>Para nuestros traslados privados en Villefranche no limitamos la cantidad de equipaje. Pero le rogamos que informe anteriormente con cu\u00e1nto equipaje viajar\u00e1, solo por cuestiones log\u00edsticas. Un veh\u00edculo m\u00e1s grande podr\u00eda ser necesario, llegado el caso.<\/p>\n<p><strong>En caso de necesitar un asiento para beb\u00e9 o ni\u00f1o, p\u00f3ngase en contacto con nosotros antes de su vuelo o crucero para organizarlo correctamente.<\/strong><\/p>\n","protected":false},"excerpt":{"rendered":"<p>Aproveche esta oportunidad para llegar a su destino en la <strong>Riviera francesa<\/strong> de la manera m\u00e1s c\u00f3moda y r\u00e1pida posible. Experiencia personalizada con choferes profesionales y veh\u00edculos de lujo.<\/p>\n","protected":false},"featured_media":7738,"comment_status":"open","ping_status":"closed","template":"","meta":{"_acf_changed":false},"product_brand":[],"product_cat":[506,508],"product_tag":[],"class_list":{"0":"post-12659","1":"product","2":"type-product","3":"status-publish","4":"has-post-thumbnail","6":"product_cat-villefranche-sur-mer-es","7":"product_cat-villefranche-sur-mer-transfers-en-es","9":"first","10":"instock","11":"shipping-taxable","12":"purchasable","13":"product-type-simple"},"acf":[],"yoast_head":"<!-- This site is optimized with the Yoast SEO Premium plugin v25.3.1 (Yoast SEO v25.3.1) - https:\/\/yoast.com\/wordpress\/plugins\/seo\/ -->\n<title>\u27a1\ufe0f Traslados privados en Villefranche en veh\u00edculos privados de lujo | Tour Travel &amp; More<\/title>\n<meta name=\"description\" content=\"Disfrute de una experiencia relajante y sin preocupaciones con nuestros traslados privados en Villefranche. Veh\u00edculos de lujo y choferes profesionales \u2705\" \/>\n<meta name=\"robots\" content=\"index, follow, max-snippet:-1, max-image-preview:large, max-video-preview:-1\" \/>\n<link rel=\"canonical\" href=\"https:\/\/tourtravelandmore.com\/es\/tours\/francia\/villefranche-sur-mer-es\/traslados-privados-villefranche\/\" \/>\n<meta property=\"og:locale\" content=\"es_ES\" \/>\n<meta property=\"og:type\" content=\"article\" \/>\n<meta property=\"og:title\" content=\"Transfer Privado desde Villefranche-Sur-Mer a cualquier ciudad\" \/>\n<meta property=\"og:description\" content=\"Disfrute de una experiencia relajante y sin preocupaciones con nuestros traslados privados en Villefranche. Veh\u00edculos de lujo y choferes profesionales \u2705\" \/>\n<meta property=\"og:url\" content=\"https:\/\/tourtravelandmore.com\/es\/tours\/francia\/villefranche-sur-mer-es\/traslados-privados-villefranche\/\" \/>\n<meta property=\"og:site_name\" content=\"Tour Travel And More\" \/>\n<meta property=\"article:publisher\" content=\"https:\/\/www.facebook.com\/tourtravelandmore\/\" \/>\n<meta property=\"article:modified_time\" content=\"2022-10-15T05:24:04+00:00\" \/>\n<meta property=\"og:image\" content=\"https:\/\/tourtravelandmore.com\/wp-content\/uploads\/2016\/10\/barcelona-wedding-transfer-3.jpg\" \/>\n\t<meta property=\"og:image:width\" content=\"1920\" \/>\n\t<meta property=\"og:image:height\" content=\"891\" \/>\n\t<meta property=\"og:image:type\" content=\"image\/jpeg\" \/>\n<meta name=\"twitter:card\" content=\"summary_large_image\" \/>\n<meta name=\"twitter:site\" content=\"@TourTravel_More\" \/>\n<meta name=\"twitter:label1\" content=\"Tiempo de lectura\" \/>\n\t<meta name=\"twitter:data1\" content=\"2 minutos\" \/>\n<script type=\"application\/ld+json\" class=\"yoast-schema-graph\">{\"@context\":\"https:\/\/schema.org\",\"@graph\":[{\"@type\":\"WebPage\",\"@id\":\"https:\/\/tourtravelandmore.com\/es\/tours\/francia\/villefranche-sur-mer-es\/traslados-privados-villefranche\/\",\"url\":\"https:\/\/tourtravelandmore.com\/es\/tours\/francia\/villefranche-sur-mer-es\/traslados-privados-villefranche\/\",\"name\":\"\u27a1\ufe0f Traslados privados en Villefranche en veh\u00edculos privados de lujo | Tour Travel & More\",\"isPartOf\":{\"@id\":\"https:\/\/tourtravelandmore.com\/es\/#website\"},\"primaryImageOfPage\":{\"@id\":\"https:\/\/tourtravelandmore.com\/es\/tours\/francia\/villefranche-sur-mer-es\/traslados-privados-villefranche\/#primaryimage\"},\"image\":{\"@id\":\"https:\/\/tourtravelandmore.com\/es\/tours\/francia\/villefranche-sur-mer-es\/traslados-privados-villefranche\/#primaryimage\"},\"thumbnailUrl\":\"https:\/\/tourtravelandmore.com\/wp-content\/uploads\/2016\/10\/barcelona-wedding-transfer-3.jpg\",\"datePublished\":\"2017-05-15T14:52:47+00:00\",\"dateModified\":\"2022-10-15T05:24:04+00:00\",\"description\":\"Disfrute de una experiencia relajante y sin preocupaciones con nuestros traslados privados en Villefranche. Veh\u00edculos de lujo y choferes profesionales \u2705\",\"breadcrumb\":{\"@id\":\"https:\/\/tourtravelandmore.com\/es\/tours\/francia\/villefranche-sur-mer-es\/traslados-privados-villefranche\/#breadcrumb\"},\"inLanguage\":\"es\",\"potentialAction\":[{\"@type\":\"ReadAction\",\"target\":[\"https:\/\/tourtravelandmore.com\/es\/tours\/francia\/villefranche-sur-mer-es\/traslados-privados-villefranche\/\"]}]},{\"@type\":\"ImageObject\",\"inLanguage\":\"es\",\"@id\":\"https:\/\/tourtravelandmore.com\/es\/tours\/francia\/villefranche-sur-mer-es\/traslados-privados-villefranche\/#primaryimage\",\"url\":\"https:\/\/tourtravelandmore.com\/wp-content\/uploads\/2016\/10\/barcelona-wedding-transfer-3.jpg\",\"contentUrl\":\"https:\/\/tourtravelandmore.com\/wp-content\/uploads\/2016\/10\/barcelona-wedding-transfer-3.jpg\",\"width\":1920,\"height\":891,\"caption\":\"BRABUS Upgrades - Mercedes AMG S-Class\"},{\"@type\":\"BreadcrumbList\",\"@id\":\"https:\/\/tourtravelandmore.com\/es\/tours\/francia\/villefranche-sur-mer-es\/traslados-privados-villefranche\/#breadcrumb\",\"itemListElement\":[{\"@type\":\"ListItem\",\"position\":1,\"name\":\"Home\",\"item\":\"https:\/\/tourtravelandmore.com\/es\/\"},{\"@type\":\"ListItem\",\"position\":2,\"name\":\"Tours\",\"item\":\"https:\/\/tourtravelandmore.com\/es\/tours\/\"},{\"@type\":\"ListItem\",\"position\":3,\"name\":\"Transfer Privado desde Villefranche-Sur-Mer a cualquier ciudad\"}]},{\"@type\":\"WebSite\",\"@id\":\"https:\/\/tourtravelandmore.com\/es\/#website\",\"url\":\"https:\/\/tourtravelandmore.com\/es\/\",\"name\":\"Tour Travel And More\",\"description\":\"Private sightseeing tours and luxury transfers in Spain\",\"publisher\":{\"@id\":\"https:\/\/tourtravelandmore.com\/es\/#organization\"},\"potentialAction\":[{\"@type\":\"SearchAction\",\"target\":{\"@type\":\"EntryPoint\",\"urlTemplate\":\"https:\/\/tourtravelandmore.com\/es\/?s={search_term_string}\"},\"query-input\":{\"@type\":\"PropertyValueSpecification\",\"valueRequired\":true,\"valueName\":\"search_term_string\"}}],\"inLanguage\":\"es\"},{\"@type\":\"Organization\",\"@id\":\"https:\/\/tourtravelandmore.com\/es\/#organization\",\"name\":\"Tour Travel And More\",\"url\":\"https:\/\/tourtravelandmore.com\/es\/\",\"logo\":{\"@type\":\"ImageObject\",\"inLanguage\":\"es\",\"@id\":\"https:\/\/tourtravelandmore.com\/es\/#\/schema\/logo\/image\/\",\"url\":\"https:\/\/tourtravelandmore.com\/wp-content\/uploads\/2022\/12\/cropped-logo-cabecera-new.png\",\"contentUrl\":\"https:\/\/tourtravelandmore.com\/wp-content\/uploads\/2022\/12\/cropped-logo-cabecera-new.png\",\"width\":430,\"height\":61,\"caption\":\"Tour Travel And More\"},\"image\":{\"@id\":\"https:\/\/tourtravelandmore.com\/es\/#\/schema\/logo\/image\/\"},\"sameAs\":[\"https:\/\/www.facebook.com\/tourtravelandmore\/\",\"https:\/\/x.com\/TourTravel_More\"]}]}<\/script>\n<!-- \/ Yoast SEO Premium plugin. -->","yoast_head_json":{"title":"\u27a1\ufe0f Traslados privados en Villefranche en veh\u00edculos privados de lujo | Tour Travel & More","description":"Disfrute de una experiencia relajante y sin preocupaciones con nuestros traslados privados en Villefranche. Veh\u00edculos de lujo y choferes profesionales \u2705","robots":{"index":"index","follow":"follow","max-snippet":"max-snippet:-1","max-image-preview":"max-image-preview:large","max-video-preview":"max-video-preview:-1"},"canonical":"https:\/\/tourtravelandmore.com\/es\/tours\/francia\/villefranche-sur-mer-es\/traslados-privados-villefranche\/","og_locale":"es_ES","og_type":"article","og_title":"Transfer Privado desde Villefranche-Sur-Mer a cualquier ciudad","og_description":"Disfrute de una experiencia relajante y sin preocupaciones con nuestros traslados privados en Villefranche. Veh\u00edculos de lujo y choferes profesionales \u2705","og_url":"https:\/\/tourtravelandmore.com\/es\/tours\/francia\/villefranche-sur-mer-es\/traslados-privados-villefranche\/","og_site_name":"Tour Travel And More","article_publisher":"https:\/\/www.facebook.com\/tourtravelandmore\/","article_modified_time":"2022-10-15T05:24:04+00:00","og_image":[{"width":1920,"height":891,"url":"https:\/\/tourtravelandmore.com\/wp-content\/uploads\/2016\/10\/barcelona-wedding-transfer-3.jpg","type":"image\/jpeg"}],"twitter_card":"summary_large_image","twitter_site":"@TourTravel_More","twitter_misc":{"Tiempo de lectura":"2 minutos"},"schema":{"@context":"https:\/\/schema.org","@graph":[{"@type":"WebPage","@id":"https:\/\/tourtravelandmore.com\/es\/tours\/francia\/villefranche-sur-mer-es\/traslados-privados-villefranche\/","url":"https:\/\/tourtravelandmore.com\/es\/tours\/francia\/villefranche-sur-mer-es\/traslados-privados-villefranche\/","name":"\u27a1\ufe0f Traslados privados en Villefranche en veh\u00edculos privados de lujo | Tour Travel & More","isPartOf":{"@id":"https:\/\/tourtravelandmore.com\/es\/#website"},"primaryImageOfPage":{"@id":"https:\/\/tourtravelandmore.com\/es\/tours\/francia\/villefranche-sur-mer-es\/traslados-privados-villefranche\/#primaryimage"},"image":{"@id":"https:\/\/tourtravelandmore.com\/es\/tours\/francia\/villefranche-sur-mer-es\/traslados-privados-villefranche\/#primaryimage"},"thumbnailUrl":"https:\/\/tourtravelandmore.com\/wp-content\/uploads\/2016\/10\/barcelona-wedding-transfer-3.jpg","datePublished":"2017-05-15T14:52:47+00:00","dateModified":"2022-10-15T05:24:04+00:00","description":"Disfrute de una experiencia relajante y sin preocupaciones con nuestros traslados privados en Villefranche. Veh\u00edculos de lujo y choferes profesionales \u2705","breadcrumb":{"@id":"https:\/\/tourtravelandmore.com\/es\/tours\/francia\/villefranche-sur-mer-es\/traslados-privados-villefranche\/#breadcrumb"},"inLanguage":"es","potentialAction":[{"@type":"ReadAction","target":["https:\/\/tourtravelandmore.com\/es\/tours\/francia\/villefranche-sur-mer-es\/traslados-privados-villefranche\/"]}]},{"@type":"ImageObject","inLanguage":"es","@id":"https:\/\/tourtravelandmore.com\/es\/tours\/francia\/villefranche-sur-mer-es\/traslados-privados-villefranche\/#primaryimage","url":"https:\/\/tourtravelandmore.com\/wp-content\/uploads\/2016\/10\/barcelona-wedding-transfer-3.jpg","contentUrl":"https:\/\/tourtravelandmore.com\/wp-content\/uploads\/2016\/10\/barcelona-wedding-transfer-3.jpg","width":1920,"height":891,"caption":"BRABUS Upgrades - Mercedes AMG S-Class"},{"@type":"BreadcrumbList","@id":"https:\/\/tourtravelandmore.com\/es\/tours\/francia\/villefranche-sur-mer-es\/traslados-privados-villefranche\/#breadcrumb","itemListElement":[{"@type":"ListItem","position":1,"name":"Home","item":"https:\/\/tourtravelandmore.com\/es\/"},{"@type":"ListItem","position":2,"name":"Tours","item":"https:\/\/tourtravelandmore.com\/es\/tours\/"},{"@type":"ListItem","position":3,"name":"Transfer Privado desde Villefranche-Sur-Mer a cualquier ciudad"}]},{"@type":"WebSite","@id":"https:\/\/tourtravelandmore.com\/es\/#website","url":"https:\/\/tourtravelandmore.com\/es\/","name":"Tour Travel And More","description":"Private sightseeing tours and luxury transfers in Spain","publisher":{"@id":"https:\/\/tourtravelandmore.com\/es\/#organization"},"potentialAction":[{"@type":"SearchAction","target":{"@type":"EntryPoint","urlTemplate":"https:\/\/tourtravelandmore.com\/es\/?s={search_term_string}"},"query-input":{"@type":"PropertyValueSpecification","valueRequired":true,"valueName":"search_term_string"}}],"inLanguage":"es"},{"@type":"Organization","@id":"https:\/\/tourtravelandmore.com\/es\/#organization","name":"Tour Travel And More","url":"https:\/\/tourtravelandmore.com\/es\/","logo":{"@type":"ImageObject","inLanguage":"es","@id":"https:\/\/tourtravelandmore.com\/es\/#\/schema\/logo\/image\/","url":"https:\/\/tourtravelandmore.com\/wp-content\/uploads\/2022\/12\/cropped-logo-cabecera-new.png","contentUrl":"https:\/\/tourtravelandmore.com\/wp-content\/uploads\/2022\/12\/cropped-logo-cabecera-new.png","width":430,"height":61,"caption":"Tour Travel And More"},"image":{"@id":"https:\/\/tourtravelandmore.com\/es\/#\/schema\/logo\/image\/"},"sameAs":["https:\/\/www.facebook.com\/tourtravelandmore\/","https:\/\/x.com\/TourTravel_More"]}]}},"_links":{"self":[{"href":"https:\/\/tourtravelandmore.com\/es\/wp-json\/wp\/v2\/product\/12659","targetHints":{"allow":["GET"]}}],"collection":[{"href":"https:\/\/tourtravelandmore.com\/es\/wp-json\/wp\/v2\/product"}],"about":[{"href":"https:\/\/tourtravelandmore.com\/es\/wp-json\/wp\/v2\/types\/product"}],"replies":[{"embeddable":true,"href":"https:\/\/tourtravelandmore.com\/es\/wp-json\/wp\/v2\/comments?post=12659"}],"wp:featuredmedia":[{"embeddable":true,"href":"https:\/\/tourtravelandmore.com\/es\/wp-json\/wp\/v2\/media\/7738"}],"wp:attachment":[{"href":"https:\/\/tourtravelandmore.com\/es\/wp-json\/wp\/v2\/media?parent=12659"}],"wp:term":[{"taxonomy":"product_brand","embeddable":true,"href":"https:\/\/tourtravelandmore.com\/es\/wp-json\/wp\/v2\/product_brand?post=12659"},{"taxonomy":"product_cat","embeddable":true,"href":"https:\/\/tourtravelandmore.com\/es\/wp-json\/wp\/v2\/product_cat?post=12659"},{"taxonomy":"product_tag","embeddable":true,"href":"https:\/\/tourtravelandmore.com\/es\/wp-json\/wp\/v2\/product_tag?post=12659"}],"curies":[{"name":"wp","href":"https:\/\/api.w.org\/{rel}","templated":true}]}}