{"id":126589,"date":"2022-05-21T10:42:15","date_gmt":"2022-05-21T08:42:16","guid":{"rendered":"https:\/\/tourtravelandmore.com\/?post_type=product&#038;p=126589"},"modified":"2024-02-09T13:19:52","modified_gmt":"2024-02-09T12:19:52","slug":"tour-privado-al-campo-de-concentracion-terezin-desde-praga","status":"publish","type":"product","link":"https:\/\/tourtravelandmore.com\/es\/tours\/republica-checa-es\/prague-es\/tour-privado-al-campo-de-concentracion-terezin-desde-praga\/","title":{"rendered":"Tour privado al Campo de Concentraci\u00f3n Terez\u00edn desde Praga"},"content":{"rendered":"<h2><b>Descripci\u00f3n del Tour privado al Campo de Concentraci\u00f3n Terez\u00edn desde Praga<\/b><\/h2>\n<p><span style=\"font-weight: 400;\">Praga es una ciudad que tiene una historia larga y complicada. Una de las partes m\u00e1s interesantes de la historia de Praga es el campo de concentraci\u00f3n de Terez\u00edn. El recorrido lo llevar\u00e1 a Terez\u00edn, uno de los campos de concentraci\u00f3n m\u00e1s grandes de Europa durante la Segunda Guerra Mundial, donde ver\u00e1 las ruinas de los edificios, ser\u00e1 testigo de c\u00f3mo viv\u00eda la gente all\u00ed y aprender\u00e1 sobre su tr\u00e1gica historia.<\/span><\/p>\n<p><span style=\"font-weight: 400;\">El recorrido dura aproximadamente 6 horas e incluye un auto del lujo con chofer privado y gu\u00eda local que le explicara la visita a los lugares m\u00e1s emblem\u00e1ticos como: <\/span><b>el Cementerio Jud\u00edo, el Sal\u00f3n Memorial de las V\u00edctimas del Fascismo y el Nazismo y el Museo de Terez\u00edn.<\/b><\/p>\n<p><span style=\"font-weight: 400;\">El campo de concentraci\u00f3n de Terez\u00edn fue establecido por la Alemania nazi en septiembre de 1941 como parte de su plan para crear una ciudad alemana &#8220;modelo&#8221; en Bohemia (ahora Rep\u00fablica Checa) llamada New Town Tere.<\/span><\/p>\n<h2><b>Puntos de inter\u00e9s en el Tour privado al Campo de Concentraci\u00f3n Terez\u00edn desde Praga<\/b><\/h2>\n<p><span style=\"font-weight: 400;\">El recorrido comenzar\u00e1 con en su veh\u00edculo de lujo, recogi\u00e9ndole en su punto de eleccion, ya sea su hotel o alguna parte de la ciudad de Praga.<\/span><\/p>\n<p><span style=\"font-weight: 400;\">Terez\u00edn es un peque\u00f1o pueblo de la Rep\u00fablica Checa con un campo de concentraci\u00f3n que fue utilizado por los nazis durante la Segunda Guerra Mundial. El recorrido incluye seis horas de turismo, incluido el Cementerio Jud\u00edo y el Monumento a las V\u00edctimas del Fascismo.<\/span><\/p>\n<p><span style=\"font-weight: 400;\">El Campo de Concentraci\u00f3n de Terez\u00edn se estableci\u00f3 en 1941. Fue uno de los primeros campos nazis y sirvi\u00f3 de modelo para otros campos que luego se establecieron en la Europa ocupada. Se calcula que en Terez\u00edn murieron unas 100.000 personas, en su mayor\u00eda jud\u00edos, pero tambi\u00e9n roman\u00edes, sinti y presos pol\u00edticos.<\/span><\/p>\n<h3><span style=\"color: #d3af37;\"><b>Cementerio jud\u00edo<\/b><\/span><\/h3>\n<p><span style=\"font-weight: 400;\">El cementerio jud\u00edo de Terezin es el \u00fanico de su tipo en Europa. Fue establecido por los nazis en 1938 y sigui\u00f3 funcionando hasta la liberaci\u00f3n de Terezin en 1945.<\/span><\/p>\n<p><span style=\"font-weight: 400;\">El cementerio jud\u00edo es actualmente un sitio conmemorativo para todas las v\u00edctimas de la persecuci\u00f3n nazi, incluidas las que murieron durante el Holocausto.<\/span><\/p>\n<h3><span style=\"color: #d3af37;\"><b>Sal\u00f3n Memorial de las V\u00edctimas del Fascismo y el Nazismo<\/b><\/span><\/h3>\n<p><span style=\"font-weight: 400;\">El Sal\u00f3n Conmemorativo de las V\u00edctimas del Fascismo y el Nazismo en Terez\u00edn es una parte importante de la historia jud\u00eda. Fue construido por jud\u00edos checoslovacos durante la d\u00e9cada de 1940, quienes se vieron obligados a abandonar Checoslovaquia por territorio controlado por los nazis.<\/span><\/p>\n<p><span style=\"font-weight: 400;\">La sala conmemorativa consta de tres partes: una sala central con una vidriera, que muestra im\u00e1genes y nombres; dos alas, una a cada lado, y un patio exterior con monumentos.<\/span><\/p>\n<h3><span style=\"color: #d3af37;\"><b>Museo de Terez\u00edn<\/b><\/span><\/h3>\n<p><span style=\"font-weight: 400;\">El Museo de Terez\u00edn es un museo en la Rep\u00fablica Checa que se estableci\u00f3 en 1994. Se estableci\u00f3 para conmemorar a las v\u00edctimas del campo de concentraci\u00f3n nazi, Terez\u00edn. El museo ha sido visitado por m\u00e1s de cinco millones de personas desde su apertura.<\/span><\/p>\n<p><span style=\"font-weight: 400;\">Junto con su gu\u00eda experto podr\u00e1 aprender m\u00e1s sobre la historia de este lugar \u00fanico y obtener una mejor comprensi\u00f3n de lo que sucedi\u00f3 durante la Segunda Guerra Mundial y c\u00f3mo afect\u00f3 a quienes viv\u00edan all\u00ed.<\/span><\/p>\n<p><span style=\"font-weight: 400;\">Este recorrido privado lo llevar\u00e1 a algunos de los puntos de inter\u00e9s m\u00e1s importantes desde su propio veh\u00edculo con un gu\u00eda local experto que le dar\u00e1 una idea de este oscuro cap\u00edtulo de la historia.<\/span><\/p>\n<p><span style=\"font-weight: 400;\">Por \u00faltimo, su veh\u00edculo y chofer privado lo llevar\u00e1n de regreso al punto de recogida en Praga.<\/span><\/p>\n<p><span style=\"font-weight: 400;\">Si le gustar\u00eda conocer m\u00e1s sobre la historia de esta hermosa ciudad en la Rep\u00fablica Checa, le recomendamos que <\/span><span style=\"font-weight: 400;\">reserve otro <a href=\"https:\/\/tourtravelandmore.com\/es\/ciudad\/republica-checa-es\/prague-es\/\">tour privado en Praga.<\/a><\/span><\/p>\n","protected":false},"excerpt":{"rendered":"<p><span style=\"font-weight: 400;\">El campo de concentraci\u00f3n de Terez\u00edn se estableci\u00f3 en los terrenos del antiguo castillo de Terez\u00edn en 1941, para servir como gueto para los jud\u00edos de Bohemia y Moravia. Tambi\u00e9n fue utilizado como campo de prisioneros por la Alemania nazi durante la Segunda Guerra Mundial. <\/span><span style=\"font-weight: 400;\">El recorrido no se trata solo de visitar uno de los lugares m\u00e1s emblem\u00e1ticos de la historia checa, sino tambi\u00e9n de aprender sobre su historia y c\u00f3mo se ha conservado en la actualidad.<\/span><\/p>\n","protected":false},"featured_media":126611,"comment_status":"open","ping_status":"closed","template":"","meta":{"_acf_changed":false},"product_brand":[],"product_cat":[1356,1360,1359,1358],"product_tag":[],"class_list":{"0":"post-126589","1":"product","2":"type-product","3":"status-publish","4":"has-post-thumbnail","6":"product_cat-prague-es","7":"product_cat-prague-rutas-turisticas-privadas-es-es","8":"product_cat-prague-excursiones-es","9":"product_cat-prague-rutas-turisticas-privadas-es","11":"first","12":"instock","13":"shipping-taxable","14":"purchasable","15":"product-type-simple"},"acf":[],"yoast_head":"<!-- This site is optimized with the Yoast SEO Premium plugin v25.3.1 (Yoast SEO v25.3.1) - https:\/\/yoast.com\/wordpress\/plugins\/seo\/ -->\n<title>\u27a1\ufe0f Tour privado al Campo de Concentraci\u00f3n Terez\u00edn desde Praga | Tour Travel &amp; More<\/title>\n<meta name=\"description\" content=\"Disfruta de un recorrido inolvidable por el sitio del campo de concentraci\u00f3n m\u00e1s grande de Europa, Terez\u00edn \u2705\" \/>\n<meta name=\"robots\" content=\"index, follow, max-snippet:-1, max-image-preview:large, max-video-preview:-1\" \/>\n<link rel=\"canonical\" href=\"https:\/\/tourtravelandmore.com\/es\/tours\/republica-checa-es\/prague-es\/tour-privado-al-campo-de-concentracion-terezin-desde-praga\/\" \/>\n<meta property=\"og:locale\" content=\"es_ES\" \/>\n<meta property=\"og:type\" content=\"article\" \/>\n<meta property=\"og:title\" content=\"Tour privado al Campo de Concentraci\u00f3n Terez\u00edn desde Praga\" \/>\n<meta property=\"og:description\" content=\"Disfruta de un recorrido inolvidable por el sitio del campo de concentraci\u00f3n m\u00e1s grande de Europa, Terez\u00edn \u2705\" \/>\n<meta property=\"og:url\" content=\"https:\/\/tourtravelandmore.com\/es\/tours\/republica-checa-es\/prague-es\/tour-privado-al-campo-de-concentracion-terezin-desde-praga\/\" \/>\n<meta property=\"og:site_name\" content=\"Tour Travel And More\" \/>\n<meta property=\"article:publisher\" content=\"https:\/\/www.facebook.com\/tourtravelandmore\/\" \/>\n<meta property=\"article:modified_time\" content=\"2024-02-09T12:19:52+00:00\" \/>\n<meta property=\"og:image\" content=\"https:\/\/tourtravelandmore.com\/wp-content\/uploads\/2022\/05\/image2-10.jpg\" \/>\n\t<meta property=\"og:image:width\" content=\"1024\" \/>\n\t<meta property=\"og:image:height\" content=\"684\" \/>\n\t<meta property=\"og:image:type\" content=\"image\/jpeg\" \/>\n<meta name=\"twitter:card\" content=\"summary_large_image\" \/>\n<meta name=\"twitter:site\" content=\"@TourTravel_More\" \/>\n<meta name=\"twitter:label1\" content=\"Tiempo de lectura\" \/>\n\t<meta name=\"twitter:data1\" content=\"3 minutos\" \/>\n<script type=\"application\/ld+json\" class=\"yoast-schema-graph\">{\"@context\":\"https:\/\/schema.org\",\"@graph\":[{\"@type\":\"WebPage\",\"@id\":\"https:\/\/tourtravelandmore.com\/es\/tours\/republica-checa-es\/prague-es\/tour-privado-al-campo-de-concentracion-terezin-desde-praga\/\",\"url\":\"https:\/\/tourtravelandmore.com\/es\/tours\/republica-checa-es\/prague-es\/tour-privado-al-campo-de-concentracion-terezin-desde-praga\/\",\"name\":\"\u27a1\ufe0f Tour privado al Campo de Concentraci\u00f3n Terez\u00edn desde Praga | Tour Travel & More\",\"isPartOf\":{\"@id\":\"https:\/\/tourtravelandmore.com\/es\/#website\"},\"primaryImageOfPage\":{\"@id\":\"https:\/\/tourtravelandmore.com\/es\/tours\/republica-checa-es\/prague-es\/tour-privado-al-campo-de-concentracion-terezin-desde-praga\/#primaryimage\"},\"image\":{\"@id\":\"https:\/\/tourtravelandmore.com\/es\/tours\/republica-checa-es\/prague-es\/tour-privado-al-campo-de-concentracion-terezin-desde-praga\/#primaryimage\"},\"thumbnailUrl\":\"https:\/\/tourtravelandmore.com\/wp-content\/uploads\/2022\/05\/image2-10.jpg\",\"datePublished\":\"2022-05-21T08:42:16+00:00\",\"dateModified\":\"2024-02-09T12:19:52+00:00\",\"description\":\"Disfruta de un recorrido inolvidable por el sitio del campo de concentraci\u00f3n m\u00e1s grande de Europa, Terez\u00edn \u2705\",\"breadcrumb\":{\"@id\":\"https:\/\/tourtravelandmore.com\/es\/tours\/republica-checa-es\/prague-es\/tour-privado-al-campo-de-concentracion-terezin-desde-praga\/#breadcrumb\"},\"inLanguage\":\"es\",\"potentialAction\":[{\"@type\":\"ReadAction\",\"target\":[\"https:\/\/tourtravelandmore.com\/es\/tours\/republica-checa-es\/prague-es\/tour-privado-al-campo-de-concentracion-terezin-desde-praga\/\"]}]},{\"@type\":\"ImageObject\",\"inLanguage\":\"es\",\"@id\":\"https:\/\/tourtravelandmore.com\/es\/tours\/republica-checa-es\/prague-es\/tour-privado-al-campo-de-concentracion-terezin-desde-praga\/#primaryimage\",\"url\":\"https:\/\/tourtravelandmore.com\/wp-content\/uploads\/2022\/05\/image2-10.jpg\",\"contentUrl\":\"https:\/\/tourtravelandmore.com\/wp-content\/uploads\/2022\/05\/image2-10.jpg\",\"width\":1024,\"height\":684},{\"@type\":\"BreadcrumbList\",\"@id\":\"https:\/\/tourtravelandmore.com\/es\/tours\/republica-checa-es\/prague-es\/tour-privado-al-campo-de-concentracion-terezin-desde-praga\/#breadcrumb\",\"itemListElement\":[{\"@type\":\"ListItem\",\"position\":1,\"name\":\"Home\",\"item\":\"https:\/\/tourtravelandmore.com\/es\/\"},{\"@type\":\"ListItem\",\"position\":2,\"name\":\"Tours\",\"item\":\"https:\/\/tourtravelandmore.com\/es\/tours\/\"},{\"@type\":\"ListItem\",\"position\":3,\"name\":\"Tour privado al Campo de Concentraci\u00f3n Terez\u00edn desde Praga\"}]},{\"@type\":\"WebSite\",\"@id\":\"https:\/\/tourtravelandmore.com\/es\/#website\",\"url\":\"https:\/\/tourtravelandmore.com\/es\/\",\"name\":\"Tour Travel And More\",\"description\":\"Private sightseeing tours and luxury transfers in Spain\",\"publisher\":{\"@id\":\"https:\/\/tourtravelandmore.com\/es\/#organization\"},\"potentialAction\":[{\"@type\":\"SearchAction\",\"target\":{\"@type\":\"EntryPoint\",\"urlTemplate\":\"https:\/\/tourtravelandmore.com\/es\/?s={search_term_string}\"},\"query-input\":{\"@type\":\"PropertyValueSpecification\",\"valueRequired\":true,\"valueName\":\"search_term_string\"}}],\"inLanguage\":\"es\"},{\"@type\":\"Organization\",\"@id\":\"https:\/\/tourtravelandmore.com\/es\/#organization\",\"name\":\"Tour Travel And More\",\"url\":\"https:\/\/tourtravelandmore.com\/es\/\",\"logo\":{\"@type\":\"ImageObject\",\"inLanguage\":\"es\",\"@id\":\"https:\/\/tourtravelandmore.com\/es\/#\/schema\/logo\/image\/\",\"url\":\"https:\/\/tourtravelandmore.com\/wp-content\/uploads\/2022\/12\/cropped-logo-cabecera-new.png\",\"contentUrl\":\"https:\/\/tourtravelandmore.com\/wp-content\/uploads\/2022\/12\/cropped-logo-cabecera-new.png\",\"width\":430,\"height\":61,\"caption\":\"Tour Travel And More\"},\"image\":{\"@id\":\"https:\/\/tourtravelandmore.com\/es\/#\/schema\/logo\/image\/\"},\"sameAs\":[\"https:\/\/www.facebook.com\/tourtravelandmore\/\",\"https:\/\/x.com\/TourTravel_More\"]}]}<\/script>\n<!-- \/ Yoast SEO Premium plugin. -->","yoast_head_json":{"title":"\u27a1\ufe0f Tour privado al Campo de Concentraci\u00f3n Terez\u00edn desde Praga | Tour Travel & More","description":"Disfruta de un recorrido inolvidable por el sitio del campo de concentraci\u00f3n m\u00e1s grande de Europa, Terez\u00edn \u2705","robots":{"index":"index","follow":"follow","max-snippet":"max-snippet:-1","max-image-preview":"max-image-preview:large","max-video-preview":"max-video-preview:-1"},"canonical":"https:\/\/tourtravelandmore.com\/es\/tours\/republica-checa-es\/prague-es\/tour-privado-al-campo-de-concentracion-terezin-desde-praga\/","og_locale":"es_ES","og_type":"article","og_title":"Tour privado al Campo de Concentraci\u00f3n Terez\u00edn desde Praga","og_description":"Disfruta de un recorrido inolvidable por el sitio del campo de concentraci\u00f3n m\u00e1s grande de Europa, Terez\u00edn \u2705","og_url":"https:\/\/tourtravelandmore.com\/es\/tours\/republica-checa-es\/prague-es\/tour-privado-al-campo-de-concentracion-terezin-desde-praga\/","og_site_name":"Tour Travel And More","article_publisher":"https:\/\/www.facebook.com\/tourtravelandmore\/","article_modified_time":"2024-02-09T12:19:52+00:00","og_image":[{"width":1024,"height":684,"url":"https:\/\/tourtravelandmore.com\/wp-content\/uploads\/2022\/05\/image2-10.jpg","type":"image\/jpeg"}],"twitter_card":"summary_large_image","twitter_site":"@TourTravel_More","twitter_misc":{"Tiempo de lectura":"3 minutos"},"schema":{"@context":"https:\/\/schema.org","@graph":[{"@type":"WebPage","@id":"https:\/\/tourtravelandmore.com\/es\/tours\/republica-checa-es\/prague-es\/tour-privado-al-campo-de-concentracion-terezin-desde-praga\/","url":"https:\/\/tourtravelandmore.com\/es\/tours\/republica-checa-es\/prague-es\/tour-privado-al-campo-de-concentracion-terezin-desde-praga\/","name":"\u27a1\ufe0f Tour privado al Campo de Concentraci\u00f3n Terez\u00edn desde Praga | Tour Travel & More","isPartOf":{"@id":"https:\/\/tourtravelandmore.com\/es\/#website"},"primaryImageOfPage":{"@id":"https:\/\/tourtravelandmore.com\/es\/tours\/republica-checa-es\/prague-es\/tour-privado-al-campo-de-concentracion-terezin-desde-praga\/#primaryimage"},"image":{"@id":"https:\/\/tourtravelandmore.com\/es\/tours\/republica-checa-es\/prague-es\/tour-privado-al-campo-de-concentracion-terezin-desde-praga\/#primaryimage"},"thumbnailUrl":"https:\/\/tourtravelandmore.com\/wp-content\/uploads\/2022\/05\/image2-10.jpg","datePublished":"2022-05-21T08:42:16+00:00","dateModified":"2024-02-09T12:19:52+00:00","description":"Disfruta de un recorrido inolvidable por el sitio del campo de concentraci\u00f3n m\u00e1s grande de Europa, Terez\u00edn \u2705","breadcrumb":{"@id":"https:\/\/tourtravelandmore.com\/es\/tours\/republica-checa-es\/prague-es\/tour-privado-al-campo-de-concentracion-terezin-desde-praga\/#breadcrumb"},"inLanguage":"es","potentialAction":[{"@type":"ReadAction","target":["https:\/\/tourtravelandmore.com\/es\/tours\/republica-checa-es\/prague-es\/tour-privado-al-campo-de-concentracion-terezin-desde-praga\/"]}]},{"@type":"ImageObject","inLanguage":"es","@id":"https:\/\/tourtravelandmore.com\/es\/tours\/republica-checa-es\/prague-es\/tour-privado-al-campo-de-concentracion-terezin-desde-praga\/#primaryimage","url":"https:\/\/tourtravelandmore.com\/wp-content\/uploads\/2022\/05\/image2-10.jpg","contentUrl":"https:\/\/tourtravelandmore.com\/wp-content\/uploads\/2022\/05\/image2-10.jpg","width":1024,"height":684},{"@type":"BreadcrumbList","@id":"https:\/\/tourtravelandmore.com\/es\/tours\/republica-checa-es\/prague-es\/tour-privado-al-campo-de-concentracion-terezin-desde-praga\/#breadcrumb","itemListElement":[{"@type":"ListItem","position":1,"name":"Home","item":"https:\/\/tourtravelandmore.com\/es\/"},{"@type":"ListItem","position":2,"name":"Tours","item":"https:\/\/tourtravelandmore.com\/es\/tours\/"},{"@type":"ListItem","position":3,"name":"Tour privado al Campo de Concentraci\u00f3n Terez\u00edn desde Praga"}]},{"@type":"WebSite","@id":"https:\/\/tourtravelandmore.com\/es\/#website","url":"https:\/\/tourtravelandmore.com\/es\/","name":"Tour Travel And More","description":"Private sightseeing tours and luxury transfers in Spain","publisher":{"@id":"https:\/\/tourtravelandmore.com\/es\/#organization"},"potentialAction":[{"@type":"SearchAction","target":{"@type":"EntryPoint","urlTemplate":"https:\/\/tourtravelandmore.com\/es\/?s={search_term_string}"},"query-input":{"@type":"PropertyValueSpecification","valueRequired":true,"valueName":"search_term_string"}}],"inLanguage":"es"},{"@type":"Organization","@id":"https:\/\/tourtravelandmore.com\/es\/#organization","name":"Tour Travel And More","url":"https:\/\/tourtravelandmore.com\/es\/","logo":{"@type":"ImageObject","inLanguage":"es","@id":"https:\/\/tourtravelandmore.com\/es\/#\/schema\/logo\/image\/","url":"https:\/\/tourtravelandmore.com\/wp-content\/uploads\/2022\/12\/cropped-logo-cabecera-new.png","contentUrl":"https:\/\/tourtravelandmore.com\/wp-content\/uploads\/2022\/12\/cropped-logo-cabecera-new.png","width":430,"height":61,"caption":"Tour Travel And More"},"image":{"@id":"https:\/\/tourtravelandmore.com\/es\/#\/schema\/logo\/image\/"},"sameAs":["https:\/\/www.facebook.com\/tourtravelandmore\/","https:\/\/x.com\/TourTravel_More"]}]}},"_links":{"self":[{"href":"https:\/\/tourtravelandmore.com\/es\/wp-json\/wp\/v2\/product\/126589","targetHints":{"allow":["GET"]}}],"collection":[{"href":"https:\/\/tourtravelandmore.com\/es\/wp-json\/wp\/v2\/product"}],"about":[{"href":"https:\/\/tourtravelandmore.com\/es\/wp-json\/wp\/v2\/types\/product"}],"replies":[{"embeddable":true,"href":"https:\/\/tourtravelandmore.com\/es\/wp-json\/wp\/v2\/comments?post=126589"}],"wp:featuredmedia":[{"embeddable":true,"href":"https:\/\/tourtravelandmore.com\/es\/wp-json\/wp\/v2\/media\/126611"}],"wp:attachment":[{"href":"https:\/\/tourtravelandmore.com\/es\/wp-json\/wp\/v2\/media?parent=126589"}],"wp:term":[{"taxonomy":"product_brand","embeddable":true,"href":"https:\/\/tourtravelandmore.com\/es\/wp-json\/wp\/v2\/product_brand?post=126589"},{"taxonomy":"product_cat","embeddable":true,"href":"https:\/\/tourtravelandmore.com\/es\/wp-json\/wp\/v2\/product_cat?post=126589"},{"taxonomy":"product_tag","embeddable":true,"href":"https:\/\/tourtravelandmore.com\/es\/wp-json\/wp\/v2\/product_tag?post=126589"}],"curies":[{"name":"wp","href":"https:\/\/api.w.org\/{rel}","templated":true}]}}