{"id":12654,"date":"2017-05-15T16:40:42","date_gmt":"2017-05-15T14:49:41","guid":{"rendered":"http:\/\/tourtravelandmore.com\/es\/?post_type=product&#038;p=12654"},"modified":"2022-10-15T07:22:20","modified_gmt":"2022-10-15T05:22:20","slug":"excursion-privada-desde-villefranche-sur-mer","status":"publish","type":"product","link":"https:\/\/tourtravelandmore.com\/es\/tours\/francia\/villefranche-sur-mer-es\/excursion-privada-desde-villefranche-sur-mer\/","title":{"rendered":"Excursi\u00f3n privada desde Villefranche-Sur-Mer"},"content":{"rendered":"<h2><strong>Descripci\u00f3n de la Excursi\u00f3n\u00a0privada desde Villefranche-Sur-Mer<\/strong><\/h2>\n<p>Descubra la maravillosa riviera francesa en una excursi\u00f3n privada desde Villefranche-sur-mer. Explore la regi\u00f3n junto a su chofer\/gu\u00eda, experto conocedor de la historia, cultura y secretos de \u00e9sta.<\/p>\n<p>Para dar comienzo a su tour su chofer\/gu\u00eda le recoger\u00e1 a su horario y sitio deseado en Villefranche-sur-mer. Su gu\u00eda estar\u00e1 a su entera disposici\u00f3n durante todo el tour.<\/p>\n<p>El itinerario del tour es completamente ajustable a sus deseos en intereses personales. Es posible coordinar visitas a ciudades, pueblos, vi\u00f1edos, museos o cualquier sitio en la regi\u00f3n. Cont\u00e1ctenos y nuestro equipo de expertos le ayudar\u00e1 a coordinar una experiencia a medida.<\/p>\n<h2><strong>Puntos de inter\u00e9s en la Excursi\u00f3n privada desde Villefranche-Sur-Mer<\/strong><\/h2>\n<p><a href=\"https:\/\/sp.nicetourisme.com\/nice\/421-villefranche-sur-mer\">Villefranche-sur-mer<\/a> es uno de los pueblos m\u00e1s bonitos de la riviera francesa. Est\u00e1 ubicado entre Niza y M\u00f3naco y alberga uno de los puertos m\u00e1s importantes de la regi\u00f3n.<\/p>\n<p>El itinerario de su excursi\u00f3n privada desde Villefranche-sur-mer es completamente adaptable a su deseo personal. Es posible visitar diversos sitios de la riviera francesa. Algunos de los itinerarios que podr\u00e1n disfrutar desde Villefranche son:<\/p>\n<ul>\n<li><strong>Excursi\u00f3n privada a Niza durante 4 o m\u00e1s horas<\/strong><\/li>\n<li><strong>Excursi\u00f3n privada a M\u00f3naco y Eze durante 4 o m\u00e1s horas<\/strong><\/li>\n<li><strong>Excursi\u00f3n privada a M\u00f3naco y Niza durante 6 o m\u00e1s horas<\/strong><\/li>\n<li><strong>Excursi\u00f3n privada a Niza, St. Paul y Cannes durante 8 horas<\/strong><\/li>\n<\/ul>\n<p>Niza es la ciudad capital de la riviera francesa. Alberga el aeropuerto m\u00e1s importante de la regi\u00f3n, as\u00ed mismo es la ciudad m\u00e1s habitada. La ciudad ofrece maravillosos museos y una arquitectura majestuosa. Niza es reconocida por sus mercados, desc\u00fabrelos junto a su gu\u00eda privado.<\/p>\n<p>M\u00f3naco y Cannes son dos de las ciudades m\u00e1s glamurosas de toda Europa. Vis\u00edtalas junto a vuestro gu\u00eda privado, conocedor de sus sitios m\u00e1s bonitos e historia.<\/p>\n<p><strong>Cont\u00e1ctanos para una experiencia privada a medida.<\/strong><\/p>\n","protected":false},"excerpt":{"rendered":"<p>Explora la maravillosa riviera francesa con un chofer\/gu\u00eda privado. Aprovecha al m\u00e1ximo tu parada en el <strong>puerto de Villefranche<\/strong> y descubre la regi\u00f3n junto a un local experto.<\/p>\n","protected":false},"featured_media":12632,"comment_status":"open","ping_status":"closed","template":"","meta":{"_acf_changed":false},"product_brand":[],"product_cat":[506,507],"product_tag":[],"class_list":{"0":"post-12654","1":"product","2":"type-product","3":"status-publish","4":"has-post-thumbnail","6":"product_cat-villefranche-sur-mer-es","7":"product_cat-villefranche-sur-mer-rutas-turisticas-privadas-es","9":"first","10":"instock","11":"shipping-taxable","12":"purchasable","13":"product-type-simple"},"acf":[],"yoast_head":"<!-- This site is optimized with the Yoast SEO Premium plugin v25.3.1 (Yoast SEO v25.3.1) - https:\/\/yoast.com\/wordpress\/plugins\/seo\/ -->\n<title>\u27a1\ufe0f Excursi\u00f3n privada desde Villefranche-sur-mer con chofer\/gu\u00eda | Tour Travel &amp; More<\/title>\n<meta name=\"description\" content=\"Disfrute una excursi\u00f3n privada desde Villefranche-sur-mer junto a un chofer\/gu\u00eda experto en historia, cultura y gastronom\u00eda de la regi\u00f3n \u2705\" \/>\n<meta name=\"robots\" content=\"index, follow, max-snippet:-1, max-image-preview:large, max-video-preview:-1\" \/>\n<link rel=\"canonical\" href=\"https:\/\/tourtravelandmore.com\/es\/tours\/francia\/villefranche-sur-mer-es\/excursion-privada-desde-villefranche-sur-mer\/\" \/>\n<meta property=\"og:locale\" content=\"es_ES\" \/>\n<meta property=\"og:type\" content=\"article\" \/>\n<meta property=\"og:title\" content=\"Excursi\u00f3n privada desde Villefranche-Sur-Mer\" \/>\n<meta property=\"og:description\" content=\"Disfrute una excursi\u00f3n privada desde Villefranche-sur-mer junto a un chofer\/gu\u00eda experto en historia, cultura y gastronom\u00eda de la regi\u00f3n \u2705\" \/>\n<meta property=\"og:url\" content=\"https:\/\/tourtravelandmore.com\/es\/tours\/francia\/villefranche-sur-mer-es\/excursion-privada-desde-villefranche-sur-mer\/\" \/>\n<meta property=\"og:site_name\" content=\"Tour Travel And More\" \/>\n<meta property=\"article:publisher\" content=\"https:\/\/www.facebook.com\/tourtravelandmore\/\" \/>\n<meta property=\"article:modified_time\" content=\"2022-10-15T05:22:20+00:00\" \/>\n<meta property=\"og:image\" content=\"https:\/\/tourtravelandmore.com\/wp-content\/uploads\/2017\/05\/9s1oqjrx.jpg\" \/>\n\t<meta property=\"og:image:width\" content=\"576\" \/>\n\t<meta property=\"og:image:height\" content=\"395\" \/>\n\t<meta property=\"og:image:type\" content=\"image\/jpeg\" \/>\n<meta name=\"twitter:card\" content=\"summary_large_image\" \/>\n<meta name=\"twitter:site\" content=\"@TourTravel_More\" \/>\n<meta name=\"twitter:label1\" content=\"Tiempo de lectura\" \/>\n\t<meta name=\"twitter:data1\" content=\"2 minutos\" \/>\n<script type=\"application\/ld+json\" class=\"yoast-schema-graph\">{\"@context\":\"https:\/\/schema.org\",\"@graph\":[{\"@type\":\"WebPage\",\"@id\":\"https:\/\/tourtravelandmore.com\/es\/tours\/francia\/villefranche-sur-mer-es\/excursion-privada-desde-villefranche-sur-mer\/\",\"url\":\"https:\/\/tourtravelandmore.com\/es\/tours\/francia\/villefranche-sur-mer-es\/excursion-privada-desde-villefranche-sur-mer\/\",\"name\":\"\u27a1\ufe0f Excursi\u00f3n privada desde Villefranche-sur-mer con chofer\/gu\u00eda | Tour Travel & More\",\"isPartOf\":{\"@id\":\"https:\/\/tourtravelandmore.com\/es\/#website\"},\"primaryImageOfPage\":{\"@id\":\"https:\/\/tourtravelandmore.com\/es\/tours\/francia\/villefranche-sur-mer-es\/excursion-privada-desde-villefranche-sur-mer\/#primaryimage\"},\"image\":{\"@id\":\"https:\/\/tourtravelandmore.com\/es\/tours\/francia\/villefranche-sur-mer-es\/excursion-privada-desde-villefranche-sur-mer\/#primaryimage\"},\"thumbnailUrl\":\"https:\/\/tourtravelandmore.com\/wp-content\/uploads\/2017\/05\/9s1oqjrx.jpg\",\"datePublished\":\"2017-05-15T14:49:41+00:00\",\"dateModified\":\"2022-10-15T05:22:20+00:00\",\"description\":\"Disfrute una excursi\u00f3n privada desde Villefranche-sur-mer junto a un chofer\/gu\u00eda experto en historia, cultura y gastronom\u00eda de la regi\u00f3n \u2705\",\"breadcrumb\":{\"@id\":\"https:\/\/tourtravelandmore.com\/es\/tours\/francia\/villefranche-sur-mer-es\/excursion-privada-desde-villefranche-sur-mer\/#breadcrumb\"},\"inLanguage\":\"es\",\"potentialAction\":[{\"@type\":\"ReadAction\",\"target\":[\"https:\/\/tourtravelandmore.com\/es\/tours\/francia\/villefranche-sur-mer-es\/excursion-privada-desde-villefranche-sur-mer\/\"]}]},{\"@type\":\"ImageObject\",\"inLanguage\":\"es\",\"@id\":\"https:\/\/tourtravelandmore.com\/es\/tours\/francia\/villefranche-sur-mer-es\/excursion-privada-desde-villefranche-sur-mer\/#primaryimage\",\"url\":\"https:\/\/tourtravelandmore.com\/wp-content\/uploads\/2017\/05\/9s1oqjrx.jpg\",\"contentUrl\":\"https:\/\/tourtravelandmore.com\/wp-content\/uploads\/2017\/05\/9s1oqjrx.jpg\",\"width\":576,\"height\":395},{\"@type\":\"BreadcrumbList\",\"@id\":\"https:\/\/tourtravelandmore.com\/es\/tours\/francia\/villefranche-sur-mer-es\/excursion-privada-desde-villefranche-sur-mer\/#breadcrumb\",\"itemListElement\":[{\"@type\":\"ListItem\",\"position\":1,\"name\":\"Home\",\"item\":\"https:\/\/tourtravelandmore.com\/es\/\"},{\"@type\":\"ListItem\",\"position\":2,\"name\":\"Tours\",\"item\":\"https:\/\/tourtravelandmore.com\/es\/tours\/\"},{\"@type\":\"ListItem\",\"position\":3,\"name\":\"Excursi\u00f3n privada desde Villefranche-Sur-Mer\"}]},{\"@type\":\"WebSite\",\"@id\":\"https:\/\/tourtravelandmore.com\/es\/#website\",\"url\":\"https:\/\/tourtravelandmore.com\/es\/\",\"name\":\"Tour Travel And More\",\"description\":\"Private sightseeing tours and luxury transfers in Spain\",\"publisher\":{\"@id\":\"https:\/\/tourtravelandmore.com\/es\/#organization\"},\"potentialAction\":[{\"@type\":\"SearchAction\",\"target\":{\"@type\":\"EntryPoint\",\"urlTemplate\":\"https:\/\/tourtravelandmore.com\/es\/?s={search_term_string}\"},\"query-input\":{\"@type\":\"PropertyValueSpecification\",\"valueRequired\":true,\"valueName\":\"search_term_string\"}}],\"inLanguage\":\"es\"},{\"@type\":\"Organization\",\"@id\":\"https:\/\/tourtravelandmore.com\/es\/#organization\",\"name\":\"Tour Travel And More\",\"url\":\"https:\/\/tourtravelandmore.com\/es\/\",\"logo\":{\"@type\":\"ImageObject\",\"inLanguage\":\"es\",\"@id\":\"https:\/\/tourtravelandmore.com\/es\/#\/schema\/logo\/image\/\",\"url\":\"https:\/\/tourtravelandmore.com\/wp-content\/uploads\/2022\/12\/cropped-logo-cabecera-new.png\",\"contentUrl\":\"https:\/\/tourtravelandmore.com\/wp-content\/uploads\/2022\/12\/cropped-logo-cabecera-new.png\",\"width\":430,\"height\":61,\"caption\":\"Tour Travel And More\"},\"image\":{\"@id\":\"https:\/\/tourtravelandmore.com\/es\/#\/schema\/logo\/image\/\"},\"sameAs\":[\"https:\/\/www.facebook.com\/tourtravelandmore\/\",\"https:\/\/x.com\/TourTravel_More\"]}]}<\/script>\n<!-- \/ Yoast SEO Premium plugin. -->","yoast_head_json":{"title":"\u27a1\ufe0f Excursi\u00f3n privada desde Villefranche-sur-mer con chofer\/gu\u00eda | Tour Travel & More","description":"Disfrute una excursi\u00f3n privada desde Villefranche-sur-mer junto a un chofer\/gu\u00eda experto en historia, cultura y gastronom\u00eda de la regi\u00f3n \u2705","robots":{"index":"index","follow":"follow","max-snippet":"max-snippet:-1","max-image-preview":"max-image-preview:large","max-video-preview":"max-video-preview:-1"},"canonical":"https:\/\/tourtravelandmore.com\/es\/tours\/francia\/villefranche-sur-mer-es\/excursion-privada-desde-villefranche-sur-mer\/","og_locale":"es_ES","og_type":"article","og_title":"Excursi\u00f3n privada desde Villefranche-Sur-Mer","og_description":"Disfrute una excursi\u00f3n privada desde Villefranche-sur-mer junto a un chofer\/gu\u00eda experto en historia, cultura y gastronom\u00eda de la regi\u00f3n \u2705","og_url":"https:\/\/tourtravelandmore.com\/es\/tours\/francia\/villefranche-sur-mer-es\/excursion-privada-desde-villefranche-sur-mer\/","og_site_name":"Tour Travel And More","article_publisher":"https:\/\/www.facebook.com\/tourtravelandmore\/","article_modified_time":"2022-10-15T05:22:20+00:00","og_image":[{"width":576,"height":395,"url":"https:\/\/tourtravelandmore.com\/wp-content\/uploads\/2017\/05\/9s1oqjrx.jpg","type":"image\/jpeg"}],"twitter_card":"summary_large_image","twitter_site":"@TourTravel_More","twitter_misc":{"Tiempo de lectura":"2 minutos"},"schema":{"@context":"https:\/\/schema.org","@graph":[{"@type":"WebPage","@id":"https:\/\/tourtravelandmore.com\/es\/tours\/francia\/villefranche-sur-mer-es\/excursion-privada-desde-villefranche-sur-mer\/","url":"https:\/\/tourtravelandmore.com\/es\/tours\/francia\/villefranche-sur-mer-es\/excursion-privada-desde-villefranche-sur-mer\/","name":"\u27a1\ufe0f Excursi\u00f3n privada desde Villefranche-sur-mer con chofer\/gu\u00eda | Tour Travel & More","isPartOf":{"@id":"https:\/\/tourtravelandmore.com\/es\/#website"},"primaryImageOfPage":{"@id":"https:\/\/tourtravelandmore.com\/es\/tours\/francia\/villefranche-sur-mer-es\/excursion-privada-desde-villefranche-sur-mer\/#primaryimage"},"image":{"@id":"https:\/\/tourtravelandmore.com\/es\/tours\/francia\/villefranche-sur-mer-es\/excursion-privada-desde-villefranche-sur-mer\/#primaryimage"},"thumbnailUrl":"https:\/\/tourtravelandmore.com\/wp-content\/uploads\/2017\/05\/9s1oqjrx.jpg","datePublished":"2017-05-15T14:49:41+00:00","dateModified":"2022-10-15T05:22:20+00:00","description":"Disfrute una excursi\u00f3n privada desde Villefranche-sur-mer junto a un chofer\/gu\u00eda experto en historia, cultura y gastronom\u00eda de la regi\u00f3n \u2705","breadcrumb":{"@id":"https:\/\/tourtravelandmore.com\/es\/tours\/francia\/villefranche-sur-mer-es\/excursion-privada-desde-villefranche-sur-mer\/#breadcrumb"},"inLanguage":"es","potentialAction":[{"@type":"ReadAction","target":["https:\/\/tourtravelandmore.com\/es\/tours\/francia\/villefranche-sur-mer-es\/excursion-privada-desde-villefranche-sur-mer\/"]}]},{"@type":"ImageObject","inLanguage":"es","@id":"https:\/\/tourtravelandmore.com\/es\/tours\/francia\/villefranche-sur-mer-es\/excursion-privada-desde-villefranche-sur-mer\/#primaryimage","url":"https:\/\/tourtravelandmore.com\/wp-content\/uploads\/2017\/05\/9s1oqjrx.jpg","contentUrl":"https:\/\/tourtravelandmore.com\/wp-content\/uploads\/2017\/05\/9s1oqjrx.jpg","width":576,"height":395},{"@type":"BreadcrumbList","@id":"https:\/\/tourtravelandmore.com\/es\/tours\/francia\/villefranche-sur-mer-es\/excursion-privada-desde-villefranche-sur-mer\/#breadcrumb","itemListElement":[{"@type":"ListItem","position":1,"name":"Home","item":"https:\/\/tourtravelandmore.com\/es\/"},{"@type":"ListItem","position":2,"name":"Tours","item":"https:\/\/tourtravelandmore.com\/es\/tours\/"},{"@type":"ListItem","position":3,"name":"Excursi\u00f3n privada desde Villefranche-Sur-Mer"}]},{"@type":"WebSite","@id":"https:\/\/tourtravelandmore.com\/es\/#website","url":"https:\/\/tourtravelandmore.com\/es\/","name":"Tour Travel And More","description":"Private sightseeing tours and luxury transfers in Spain","publisher":{"@id":"https:\/\/tourtravelandmore.com\/es\/#organization"},"potentialAction":[{"@type":"SearchAction","target":{"@type":"EntryPoint","urlTemplate":"https:\/\/tourtravelandmore.com\/es\/?s={search_term_string}"},"query-input":{"@type":"PropertyValueSpecification","valueRequired":true,"valueName":"search_term_string"}}],"inLanguage":"es"},{"@type":"Organization","@id":"https:\/\/tourtravelandmore.com\/es\/#organization","name":"Tour Travel And More","url":"https:\/\/tourtravelandmore.com\/es\/","logo":{"@type":"ImageObject","inLanguage":"es","@id":"https:\/\/tourtravelandmore.com\/es\/#\/schema\/logo\/image\/","url":"https:\/\/tourtravelandmore.com\/wp-content\/uploads\/2022\/12\/cropped-logo-cabecera-new.png","contentUrl":"https:\/\/tourtravelandmore.com\/wp-content\/uploads\/2022\/12\/cropped-logo-cabecera-new.png","width":430,"height":61,"caption":"Tour Travel And More"},"image":{"@id":"https:\/\/tourtravelandmore.com\/es\/#\/schema\/logo\/image\/"},"sameAs":["https:\/\/www.facebook.com\/tourtravelandmore\/","https:\/\/x.com\/TourTravel_More"]}]}},"_links":{"self":[{"href":"https:\/\/tourtravelandmore.com\/es\/wp-json\/wp\/v2\/product\/12654","targetHints":{"allow":["GET"]}}],"collection":[{"href":"https:\/\/tourtravelandmore.com\/es\/wp-json\/wp\/v2\/product"}],"about":[{"href":"https:\/\/tourtravelandmore.com\/es\/wp-json\/wp\/v2\/types\/product"}],"replies":[{"embeddable":true,"href":"https:\/\/tourtravelandmore.com\/es\/wp-json\/wp\/v2\/comments?post=12654"}],"wp:featuredmedia":[{"embeddable":true,"href":"https:\/\/tourtravelandmore.com\/es\/wp-json\/wp\/v2\/media\/12632"}],"wp:attachment":[{"href":"https:\/\/tourtravelandmore.com\/es\/wp-json\/wp\/v2\/media?parent=12654"}],"wp:term":[{"taxonomy":"product_brand","embeddable":true,"href":"https:\/\/tourtravelandmore.com\/es\/wp-json\/wp\/v2\/product_brand?post=12654"},{"taxonomy":"product_cat","embeddable":true,"href":"https:\/\/tourtravelandmore.com\/es\/wp-json\/wp\/v2\/product_cat?post=12654"},{"taxonomy":"product_tag","embeddable":true,"href":"https:\/\/tourtravelandmore.com\/es\/wp-json\/wp\/v2\/product_tag?post=12654"}],"curies":[{"name":"wp","href":"https:\/\/api.w.org\/{rel}","templated":true}]}}