{"id":126495,"date":"2022-05-20T16:37:42","date_gmt":"2022-05-20T14:37:42","guid":{"rendered":"https:\/\/tourtravelandmore.com\/?post_type=product&#038;p=126495"},"modified":"2024-02-09T13:19:19","modified_gmt":"2024-02-09T12:19:19","slug":"tour-privado-a-pilsen-y-nizbor-desde-praga","status":"publish","type":"product","link":"https:\/\/tourtravelandmore.com\/es\/tours\/republica-checa-es\/prague-es\/tour-privado-a-pilsen-y-nizbor-desde-praga\/","title":{"rendered":"Tour privado a Pilsen y Ni\u017ebor desde Praga"},"content":{"rendered":"<h2><b>Descripci\u00f3n del Tour privado a Pilsen y Ni\u017ebor desde Praga<\/b><\/h2>\n<p><span style=\"font-weight: 400;\">Pilsen es un distrito de Praga y consta de dos partes bien diferenciadas: Pilsen-Hrad\u010dany y Pilsen-Vinohrady. Ni\u017ebor es un sitio tur\u00edstico importante en Praga, que ha sido llamado &#8220;el lugar m\u00e1s hermoso de Praga&#8221;.<\/span><\/p>\n<p><span style=\"font-weight: 400;\">Pilsen fue fundada en el a\u00f1o de 1295. El pueblo fue creado para dar trabajo a los trabajadores que trabajaban en su f\u00e1brica. Pronto se convirti\u00f3 en uno de los centros industriales m\u00e1s relevantes de Bohemia, con muchas f\u00e1bricas que produc\u00edan textiles, calzado, cer\u00e1mica, art\u00edculos de acero y az\u00facar. Ni\u017ebor, por otra parte, se cree que fue fundada en 1265. Pilsen era una ciudad altamente industrializada con muchas f\u00e1bricas en su \u00e1rea urbana ya lo largo de su r\u00edo. Ni\u017ebor, por otro lado, solo ten\u00eda una industria, la producci\u00f3n textil.<\/span><\/p>\n<p><span style=\"font-weight: 400;\">En este tour tendr\u00e1 de descubrir ambos lugares emblem\u00e1ticos y tener una experiencia inolvidable<\/span><\/p>\n<h2><b>Puntos de inter\u00e9s en el Tour privado a Pilsen y Ni\u017ebor desde Praga<\/b><\/h2>\n<p><span style=\"font-weight: 400;\">El tour privado de 8 horas en coche de lujo incluye todo lo que necesitas saber sobrela historia de\u00a0 Pilsen y Ni\u017ebor<\/span><b>. <\/b><span style=\"font-weight: 400;\">Ser\u00e1 conducido por un gu\u00eda profesional que te dar\u00e1 una idea de esta hermosa ciudad con su rica cultura e historia.\u00a0<\/span><\/p>\n<p><span style=\"font-weight: 400;\">El chofer y su auto privado lo recoger\u00e1n a usted y sus acompa\u00f1antes en su lugar de alojamiento\u00a0 o elecci\u00f3n en la ciudad de Praga, donde comenzaremos una experiencia que jam\u00e1s olvidar\u00e1.<\/span><\/p>\n<p><span style=\"font-weight: 400;\">A lo largo de esta aventura privada, usted podr\u00e1 conocer los siguientes puntos emblem\u00e1ticos y de inter\u00e9s:<\/span><br \/>\n<b><\/b><\/p>\n<ul>\n<li><b>F\u00e1brica de cerveza m\u00e1s importante del pa\u00eds: Pilsen Urquell.<\/b><\/li>\n<li><b>Tambi\u00e9n podr\u00e9is visitar el museo de la cerveza.<\/b><\/li>\n<li><b>Principal f\u00e1brica de cristal<\/b><\/li>\n<\/ul>\n<p><span style=\"font-weight: 400;\">Al finalizar el recorrido privado, su chofer y veh\u00edculo privado lo llevar\u00e1n de vuelo al lugar de encuentro en Praga para que pueda continuar descubriendo esta hermosa ciudad.<\/span><\/p>\n<p><span style=\"font-weight: 400;\">Por otro lado, si desea conocer m\u00e1s sobre Praga y sus alrededores, no dude en revisar <a href=\"https:\/\/tourtravelandmore.com\/es\/ciudad\/republica-checa-es\/prague-es\/\">nuestros <\/a><\/span><span style=\"font-weight: 400;\">tours privados en la capital checa.<\/span><\/p>\n","protected":false},"excerpt":{"rendered":"<p><span style=\"font-weight: 400;\">Una visita privada a Pilsen y Ni\u017ebor se organiza mejor reservando un veh\u00edculo con un gu\u00eda oficial. De esta manera, puede aprovechar m\u00e1s su visita que si simplemente tomara un autob\u00fas o un tren. Podr\u00e1s ver todos los aspectos m\u00e1s destacados de forma organizada y privada<\/span><\/p>\n","protected":false},"featured_media":126568,"comment_status":"open","ping_status":"closed","template":"","meta":{"_acf_changed":false},"product_brand":[],"product_cat":[1356,1360,1359,1358],"product_tag":[],"class_list":{"0":"post-126495","1":"product","2":"type-product","3":"status-publish","4":"has-post-thumbnail","6":"product_cat-prague-es","7":"product_cat-prague-rutas-turisticas-privadas-es-es","8":"product_cat-prague-excursiones-es","9":"product_cat-prague-rutas-turisticas-privadas-es","11":"first","12":"instock","13":"shipping-taxable","14":"purchasable","15":"product-type-simple"},"acf":[],"yoast_head":"<!-- This site is optimized with the Yoast SEO Premium plugin v25.3.1 (Yoast SEO v25.3.1) - https:\/\/yoast.com\/wordpress\/plugins\/seo\/ -->\n<title>\u27a1\ufe0f Tour privado a Pilsen y Ni\u017ebor desde Praga | Tour Travel &amp; More<\/title>\n<meta name=\"description\" content=\"Reserve ya un tour privado con nosotros | Bienvenidos a Pilsen, una ciudad checa y la tercera m\u00e1s grande del pa\u00eds \u2705\" \/>\n<meta name=\"robots\" content=\"index, follow, max-snippet:-1, max-image-preview:large, max-video-preview:-1\" \/>\n<link rel=\"canonical\" href=\"https:\/\/tourtravelandmore.com\/es\/tours\/republica-checa-es\/prague-es\/tour-privado-a-pilsen-y-nizbor-desde-praga\/\" \/>\n<meta property=\"og:locale\" content=\"es_ES\" \/>\n<meta property=\"og:type\" content=\"article\" \/>\n<meta property=\"og:title\" content=\"Tour privado a Pilsen y Ni\u017ebor desde Praga\" \/>\n<meta property=\"og:description\" content=\"Reserve ya un tour privado con nosotros | Bienvenidos a Pilsen, una ciudad checa y la tercera m\u00e1s grande del pa\u00eds \u2705\" \/>\n<meta property=\"og:url\" content=\"https:\/\/tourtravelandmore.com\/es\/tours\/republica-checa-es\/prague-es\/tour-privado-a-pilsen-y-nizbor-desde-praga\/\" \/>\n<meta property=\"og:site_name\" content=\"Tour Travel And More\" \/>\n<meta property=\"article:publisher\" content=\"https:\/\/www.facebook.com\/tourtravelandmore\/\" \/>\n<meta property=\"article:modified_time\" content=\"2024-02-09T12:19:19+00:00\" \/>\n<meta property=\"og:image\" content=\"https:\/\/tourtravelandmore.com\/wp-content\/uploads\/2022\/05\/image1-9.jpg\" \/>\n\t<meta property=\"og:image:width\" content=\"1024\" \/>\n\t<meta property=\"og:image:height\" content=\"684\" \/>\n\t<meta property=\"og:image:type\" content=\"image\/jpeg\" \/>\n<meta name=\"twitter:card\" content=\"summary_large_image\" \/>\n<meta name=\"twitter:site\" content=\"@TourTravel_More\" \/>\n<meta name=\"twitter:label1\" content=\"Tiempo de lectura\" \/>\n\t<meta name=\"twitter:data1\" content=\"2 minutos\" \/>\n<script type=\"application\/ld+json\" class=\"yoast-schema-graph\">{\"@context\":\"https:\/\/schema.org\",\"@graph\":[{\"@type\":\"WebPage\",\"@id\":\"https:\/\/tourtravelandmore.com\/es\/tours\/republica-checa-es\/prague-es\/tour-privado-a-pilsen-y-nizbor-desde-praga\/\",\"url\":\"https:\/\/tourtravelandmore.com\/es\/tours\/republica-checa-es\/prague-es\/tour-privado-a-pilsen-y-nizbor-desde-praga\/\",\"name\":\"\u27a1\ufe0f Tour privado a Pilsen y Ni\u017ebor desde Praga | Tour Travel & More\",\"isPartOf\":{\"@id\":\"https:\/\/tourtravelandmore.com\/es\/#website\"},\"primaryImageOfPage\":{\"@id\":\"https:\/\/tourtravelandmore.com\/es\/tours\/republica-checa-es\/prague-es\/tour-privado-a-pilsen-y-nizbor-desde-praga\/#primaryimage\"},\"image\":{\"@id\":\"https:\/\/tourtravelandmore.com\/es\/tours\/republica-checa-es\/prague-es\/tour-privado-a-pilsen-y-nizbor-desde-praga\/#primaryimage\"},\"thumbnailUrl\":\"https:\/\/tourtravelandmore.com\/wp-content\/uploads\/2022\/05\/image1-9.jpg\",\"datePublished\":\"2022-05-20T14:37:42+00:00\",\"dateModified\":\"2024-02-09T12:19:19+00:00\",\"description\":\"Reserve ya un tour privado con nosotros | Bienvenidos a Pilsen, una ciudad checa y la tercera m\u00e1s grande del pa\u00eds \u2705\",\"breadcrumb\":{\"@id\":\"https:\/\/tourtravelandmore.com\/es\/tours\/republica-checa-es\/prague-es\/tour-privado-a-pilsen-y-nizbor-desde-praga\/#breadcrumb\"},\"inLanguage\":\"es\",\"potentialAction\":[{\"@type\":\"ReadAction\",\"target\":[\"https:\/\/tourtravelandmore.com\/es\/tours\/republica-checa-es\/prague-es\/tour-privado-a-pilsen-y-nizbor-desde-praga\/\"]}]},{\"@type\":\"ImageObject\",\"inLanguage\":\"es\",\"@id\":\"https:\/\/tourtravelandmore.com\/es\/tours\/republica-checa-es\/prague-es\/tour-privado-a-pilsen-y-nizbor-desde-praga\/#primaryimage\",\"url\":\"https:\/\/tourtravelandmore.com\/wp-content\/uploads\/2022\/05\/image1-9.jpg\",\"contentUrl\":\"https:\/\/tourtravelandmore.com\/wp-content\/uploads\/2022\/05\/image1-9.jpg\",\"width\":1024,\"height\":684},{\"@type\":\"BreadcrumbList\",\"@id\":\"https:\/\/tourtravelandmore.com\/es\/tours\/republica-checa-es\/prague-es\/tour-privado-a-pilsen-y-nizbor-desde-praga\/#breadcrumb\",\"itemListElement\":[{\"@type\":\"ListItem\",\"position\":1,\"name\":\"Home\",\"item\":\"https:\/\/tourtravelandmore.com\/es\/\"},{\"@type\":\"ListItem\",\"position\":2,\"name\":\"Tours\",\"item\":\"https:\/\/tourtravelandmore.com\/es\/tours\/\"},{\"@type\":\"ListItem\",\"position\":3,\"name\":\"Tour privado a Pilsen y Ni\u017ebor desde Praga\"}]},{\"@type\":\"WebSite\",\"@id\":\"https:\/\/tourtravelandmore.com\/es\/#website\",\"url\":\"https:\/\/tourtravelandmore.com\/es\/\",\"name\":\"Tour Travel And More\",\"description\":\"Private sightseeing tours and luxury transfers in Spain\",\"publisher\":{\"@id\":\"https:\/\/tourtravelandmore.com\/es\/#organization\"},\"potentialAction\":[{\"@type\":\"SearchAction\",\"target\":{\"@type\":\"EntryPoint\",\"urlTemplate\":\"https:\/\/tourtravelandmore.com\/es\/?s={search_term_string}\"},\"query-input\":{\"@type\":\"PropertyValueSpecification\",\"valueRequired\":true,\"valueName\":\"search_term_string\"}}],\"inLanguage\":\"es\"},{\"@type\":\"Organization\",\"@id\":\"https:\/\/tourtravelandmore.com\/es\/#organization\",\"name\":\"Tour Travel And More\",\"url\":\"https:\/\/tourtravelandmore.com\/es\/\",\"logo\":{\"@type\":\"ImageObject\",\"inLanguage\":\"es\",\"@id\":\"https:\/\/tourtravelandmore.com\/es\/#\/schema\/logo\/image\/\",\"url\":\"https:\/\/tourtravelandmore.com\/wp-content\/uploads\/2022\/12\/cropped-logo-cabecera-new.png\",\"contentUrl\":\"https:\/\/tourtravelandmore.com\/wp-content\/uploads\/2022\/12\/cropped-logo-cabecera-new.png\",\"width\":430,\"height\":61,\"caption\":\"Tour Travel And More\"},\"image\":{\"@id\":\"https:\/\/tourtravelandmore.com\/es\/#\/schema\/logo\/image\/\"},\"sameAs\":[\"https:\/\/www.facebook.com\/tourtravelandmore\/\",\"https:\/\/x.com\/TourTravel_More\"]}]}<\/script>\n<!-- \/ Yoast SEO Premium plugin. -->","yoast_head_json":{"title":"\u27a1\ufe0f Tour privado a Pilsen y Ni\u017ebor desde Praga | Tour Travel & More","description":"Reserve ya un tour privado con nosotros | Bienvenidos a Pilsen, una ciudad checa y la tercera m\u00e1s grande del pa\u00eds \u2705","robots":{"index":"index","follow":"follow","max-snippet":"max-snippet:-1","max-image-preview":"max-image-preview:large","max-video-preview":"max-video-preview:-1"},"canonical":"https:\/\/tourtravelandmore.com\/es\/tours\/republica-checa-es\/prague-es\/tour-privado-a-pilsen-y-nizbor-desde-praga\/","og_locale":"es_ES","og_type":"article","og_title":"Tour privado a Pilsen y Ni\u017ebor desde Praga","og_description":"Reserve ya un tour privado con nosotros | Bienvenidos a Pilsen, una ciudad checa y la tercera m\u00e1s grande del pa\u00eds \u2705","og_url":"https:\/\/tourtravelandmore.com\/es\/tours\/republica-checa-es\/prague-es\/tour-privado-a-pilsen-y-nizbor-desde-praga\/","og_site_name":"Tour Travel And More","article_publisher":"https:\/\/www.facebook.com\/tourtravelandmore\/","article_modified_time":"2024-02-09T12:19:19+00:00","og_image":[{"width":1024,"height":684,"url":"https:\/\/tourtravelandmore.com\/wp-content\/uploads\/2022\/05\/image1-9.jpg","type":"image\/jpeg"}],"twitter_card":"summary_large_image","twitter_site":"@TourTravel_More","twitter_misc":{"Tiempo de lectura":"2 minutos"},"schema":{"@context":"https:\/\/schema.org","@graph":[{"@type":"WebPage","@id":"https:\/\/tourtravelandmore.com\/es\/tours\/republica-checa-es\/prague-es\/tour-privado-a-pilsen-y-nizbor-desde-praga\/","url":"https:\/\/tourtravelandmore.com\/es\/tours\/republica-checa-es\/prague-es\/tour-privado-a-pilsen-y-nizbor-desde-praga\/","name":"\u27a1\ufe0f Tour privado a Pilsen y Ni\u017ebor desde Praga | Tour Travel & More","isPartOf":{"@id":"https:\/\/tourtravelandmore.com\/es\/#website"},"primaryImageOfPage":{"@id":"https:\/\/tourtravelandmore.com\/es\/tours\/republica-checa-es\/prague-es\/tour-privado-a-pilsen-y-nizbor-desde-praga\/#primaryimage"},"image":{"@id":"https:\/\/tourtravelandmore.com\/es\/tours\/republica-checa-es\/prague-es\/tour-privado-a-pilsen-y-nizbor-desde-praga\/#primaryimage"},"thumbnailUrl":"https:\/\/tourtravelandmore.com\/wp-content\/uploads\/2022\/05\/image1-9.jpg","datePublished":"2022-05-20T14:37:42+00:00","dateModified":"2024-02-09T12:19:19+00:00","description":"Reserve ya un tour privado con nosotros | Bienvenidos a Pilsen, una ciudad checa y la tercera m\u00e1s grande del pa\u00eds \u2705","breadcrumb":{"@id":"https:\/\/tourtravelandmore.com\/es\/tours\/republica-checa-es\/prague-es\/tour-privado-a-pilsen-y-nizbor-desde-praga\/#breadcrumb"},"inLanguage":"es","potentialAction":[{"@type":"ReadAction","target":["https:\/\/tourtravelandmore.com\/es\/tours\/republica-checa-es\/prague-es\/tour-privado-a-pilsen-y-nizbor-desde-praga\/"]}]},{"@type":"ImageObject","inLanguage":"es","@id":"https:\/\/tourtravelandmore.com\/es\/tours\/republica-checa-es\/prague-es\/tour-privado-a-pilsen-y-nizbor-desde-praga\/#primaryimage","url":"https:\/\/tourtravelandmore.com\/wp-content\/uploads\/2022\/05\/image1-9.jpg","contentUrl":"https:\/\/tourtravelandmore.com\/wp-content\/uploads\/2022\/05\/image1-9.jpg","width":1024,"height":684},{"@type":"BreadcrumbList","@id":"https:\/\/tourtravelandmore.com\/es\/tours\/republica-checa-es\/prague-es\/tour-privado-a-pilsen-y-nizbor-desde-praga\/#breadcrumb","itemListElement":[{"@type":"ListItem","position":1,"name":"Home","item":"https:\/\/tourtravelandmore.com\/es\/"},{"@type":"ListItem","position":2,"name":"Tours","item":"https:\/\/tourtravelandmore.com\/es\/tours\/"},{"@type":"ListItem","position":3,"name":"Tour privado a Pilsen y Ni\u017ebor desde Praga"}]},{"@type":"WebSite","@id":"https:\/\/tourtravelandmore.com\/es\/#website","url":"https:\/\/tourtravelandmore.com\/es\/","name":"Tour Travel And More","description":"Private sightseeing tours and luxury transfers in Spain","publisher":{"@id":"https:\/\/tourtravelandmore.com\/es\/#organization"},"potentialAction":[{"@type":"SearchAction","target":{"@type":"EntryPoint","urlTemplate":"https:\/\/tourtravelandmore.com\/es\/?s={search_term_string}"},"query-input":{"@type":"PropertyValueSpecification","valueRequired":true,"valueName":"search_term_string"}}],"inLanguage":"es"},{"@type":"Organization","@id":"https:\/\/tourtravelandmore.com\/es\/#organization","name":"Tour Travel And More","url":"https:\/\/tourtravelandmore.com\/es\/","logo":{"@type":"ImageObject","inLanguage":"es","@id":"https:\/\/tourtravelandmore.com\/es\/#\/schema\/logo\/image\/","url":"https:\/\/tourtravelandmore.com\/wp-content\/uploads\/2022\/12\/cropped-logo-cabecera-new.png","contentUrl":"https:\/\/tourtravelandmore.com\/wp-content\/uploads\/2022\/12\/cropped-logo-cabecera-new.png","width":430,"height":61,"caption":"Tour Travel And More"},"image":{"@id":"https:\/\/tourtravelandmore.com\/es\/#\/schema\/logo\/image\/"},"sameAs":["https:\/\/www.facebook.com\/tourtravelandmore\/","https:\/\/x.com\/TourTravel_More"]}]}},"_links":{"self":[{"href":"https:\/\/tourtravelandmore.com\/es\/wp-json\/wp\/v2\/product\/126495","targetHints":{"allow":["GET"]}}],"collection":[{"href":"https:\/\/tourtravelandmore.com\/es\/wp-json\/wp\/v2\/product"}],"about":[{"href":"https:\/\/tourtravelandmore.com\/es\/wp-json\/wp\/v2\/types\/product"}],"replies":[{"embeddable":true,"href":"https:\/\/tourtravelandmore.com\/es\/wp-json\/wp\/v2\/comments?post=126495"}],"wp:featuredmedia":[{"embeddable":true,"href":"https:\/\/tourtravelandmore.com\/es\/wp-json\/wp\/v2\/media\/126568"}],"wp:attachment":[{"href":"https:\/\/tourtravelandmore.com\/es\/wp-json\/wp\/v2\/media?parent=126495"}],"wp:term":[{"taxonomy":"product_brand","embeddable":true,"href":"https:\/\/tourtravelandmore.com\/es\/wp-json\/wp\/v2\/product_brand?post=126495"},{"taxonomy":"product_cat","embeddable":true,"href":"https:\/\/tourtravelandmore.com\/es\/wp-json\/wp\/v2\/product_cat?post=126495"},{"taxonomy":"product_tag","embeddable":true,"href":"https:\/\/tourtravelandmore.com\/es\/wp-json\/wp\/v2\/product_tag?post=126495"}],"curies":[{"name":"wp","href":"https:\/\/api.w.org\/{rel}","templated":true}]}}