{"id":126454,"date":"2022-05-20T16:05:24","date_gmt":"2022-05-20T14:05:25","guid":{"rendered":"https:\/\/tourtravelandmore.com\/?post_type=product&#038;p=126454"},"modified":"2024-02-09T13:17:14","modified_gmt":"2024-02-09T12:17:14","slug":"tour-privado-a-karlovy-vary-desde-praga","status":"publish","type":"product","link":"https:\/\/tourtravelandmore.com\/es\/tours\/republica-checa-es\/prague-es\/tour-privado-a-karlovy-vary-desde-praga\/","title":{"rendered":"Tour privado a Karlovy Vary desde Praga"},"content":{"rendered":"<h2><b>Descripci\u00f3n del tour privado a Karlovy Vary desde Praga<\/b><\/h2>\n<p><span style=\"font-weight: 400;\">Praga es la capital de la Rep\u00fablica Checa y ha sido un importante centro cultural y econ\u00f3mico durante siglos. Tambi\u00e9n alberga algunas de las atracciones tur\u00edsticas m\u00e1s populares de Europa, como Karlovy Vary, que es uno de los balnearios m\u00e1s importantes de Europa.<\/span><\/p>\n<p><span style=\"font-weight: 400;\">Este tour privado desde Praga incluye un tour privado de 9 horas a Krlovy Vary donde visitar\u00e1 todos los principales puntos de inter\u00e9s en este recorrido, incluida la plaza principal de Karlovy Vary, sus spas, su piscina al aire libre y m\u00e1s.<\/span><\/p>\n<h2><b>Puntos de inter\u00e9s en el tour privado a Karlovy Vary desde Praga<\/b><\/h2>\n<p><span style=\"font-weight: 400;\">El comienzo del tour ser\u00e1 en el lugar donde le recogeremos a usted y sus acompa\u00f1antes en la ciudad de Praga, donde nos dirigiremos a Karlovy Vary<\/span><\/p>\n<p><span style=\"font-weight: 400;\">Karlovy Vary es una ciudad con mucha historia y patrimonio cultural. Fue fundado en 1350 por Carlos IV (tambi\u00e9n conocido como Carlos IV de Luxemburgo) y su esposa Isabel, de quienes se dice que fueron curados por sus aguas durante su visita a Praga. La ciudad tambi\u00e9n ha sido famosa por su herencia musical desde 1753, cuando Antonin Dvo\u0159\u00e1k ide\u00f3 su obra &#8220;New World Symphony&#8221;.<\/span><\/p>\n<p><span style=\"font-weight: 400;\">Su chofer y gu\u00eda lo llevar\u00e1n a conocer este emblem\u00e1tico lugar donde podr\u00e1 conocer los siguientes lugares:<\/span><\/p>\n<ul>\n<li style=\"font-weight: 400;\" aria-level=\"1\"><b>Antigua sede de los Caballeros de Malta<\/b><\/li>\n<li style=\"font-weight: 400;\" aria-level=\"1\"><b>Casa Mozart<\/b><\/li>\n<li style=\"font-weight: 400;\" aria-level=\"1\"><b>Balneario I<\/b><\/li>\n<li style=\"font-weight: 400;\" aria-level=\"1\"><b>Columnata &#8220;del Geiser&#8221;<\/b><\/li>\n<li style=\"font-weight: 400;\" aria-level=\"1\"><b>Columnata neo renacentista &#8220;del Molino&#8221;<\/b><\/li>\n<li style=\"font-weight: 400;\" aria-level=\"1\"><b>El Instituto Militar de Ba\u00f1os Termales<\/b><\/li>\n<li style=\"font-weight: 400;\" aria-level=\"1\"><b>Mercado Municipal.<\/b><\/li>\n<\/ul>\n<p><span style=\"font-weight: 400;\">Por \u00faltimo, su chofer lo regresar\u00e1 al lugar de recogida en la ciudad de Praga para que pueda seguir disfrutando de este hermoso destino.<\/span><\/p>\n<p><span style=\"font-weight: 400;\">Si desea conocer m\u00e1s sobre Praga y sus emblem\u00e1ticos sitios, le recomendamos que revise nuestro <\/span><a href=\"https:\/\/tourtravelandmore.com\/es\/ciudad\/republica-checa-es\/prague-es\/\"><span style=\"font-weight: 400;\">listado de tours privados en Praga.<\/span><\/a><\/p>\n","protected":false},"excerpt":{"rendered":"<p><span style=\"font-weight: 400;\">Karlovy Vary es una ciudad hermosa con una historia incre\u00edble. Ha sido el hogar de muchos artistas, escritores, compositores y cineastas famosos. Este recorrido privado lo lleva a los principales lugares de inter\u00e9s de Karlovy Vary, incluida la Iglesia de San Nicol\u00e1s, que es uno de los lugares m\u00e1s importantes de esta regi\u00f3n. Este tour privado de 9 horas es una excelente manera de explorar esta hermosa ciudad.<\/span><\/p>\n","protected":false},"featured_media":126479,"comment_status":"open","ping_status":"closed","template":"","meta":{"_acf_changed":false},"product_brand":[],"product_cat":[1356,1360,1359,1358],"product_tag":[],"class_list":{"0":"post-126454","1":"product","2":"type-product","3":"status-publish","4":"has-post-thumbnail","6":"product_cat-prague-es","7":"product_cat-prague-rutas-turisticas-privadas-es-es","8":"product_cat-prague-excursiones-es","9":"product_cat-prague-rutas-turisticas-privadas-es","11":"first","12":"instock","13":"shipping-taxable","14":"purchasable","15":"product-type-simple"},"acf":[],"yoast_head":"<!-- This site is optimized with the Yoast SEO Premium plugin v25.3.1 (Yoast SEO v25.3.1) - https:\/\/yoast.com\/wordpress\/plugins\/seo\/ -->\n<title>\u27a1\ufe0f Tour privado a Karlovy Vary desde Praga | Tour Travel &amp; More<\/title>\n<meta name=\"description\" content=\"Visita la ciudad de Praga, pero no disponemos de recorrido tur\u00edstico en Karlovy Vary? No se preocupe, puede reserva un tour personalizado aqu\u00ed \u2705\" \/>\n<meta name=\"robots\" content=\"index, follow, max-snippet:-1, max-image-preview:large, max-video-preview:-1\" \/>\n<link rel=\"canonical\" href=\"https:\/\/tourtravelandmore.com\/es\/tours\/republica-checa-es\/prague-es\/tour-privado-a-karlovy-vary-desde-praga\/\" \/>\n<meta property=\"og:locale\" content=\"es_ES\" \/>\n<meta property=\"og:type\" content=\"article\" \/>\n<meta property=\"og:title\" content=\"Tour privado a Karlovy Vary desde Praga\" \/>\n<meta property=\"og:description\" content=\"Visita la ciudad de Praga, pero no disponemos de recorrido tur\u00edstico en Karlovy Vary? No se preocupe, puede reserva un tour personalizado aqu\u00ed \u2705\" \/>\n<meta property=\"og:url\" content=\"https:\/\/tourtravelandmore.com\/es\/tours\/republica-checa-es\/prague-es\/tour-privado-a-karlovy-vary-desde-praga\/\" \/>\n<meta property=\"og:site_name\" content=\"Tour Travel And More\" \/>\n<meta property=\"article:publisher\" content=\"https:\/\/www.facebook.com\/tourtravelandmore\/\" \/>\n<meta property=\"article:modified_time\" content=\"2024-02-09T12:17:14+00:00\" \/>\n<meta property=\"og:image\" content=\"https:\/\/tourtravelandmore.com\/wp-content\/uploads\/2022\/05\/image3-8.jpg\" \/>\n\t<meta property=\"og:image:width\" content=\"1024\" \/>\n\t<meta property=\"og:image:height\" content=\"684\" \/>\n\t<meta property=\"og:image:type\" content=\"image\/jpeg\" \/>\n<meta name=\"twitter:card\" content=\"summary_large_image\" \/>\n<meta name=\"twitter:site\" content=\"@TourTravel_More\" \/>\n<meta name=\"twitter:label1\" content=\"Tiempo de lectura\" \/>\n\t<meta name=\"twitter:data1\" content=\"2 minutos\" \/>\n<script type=\"application\/ld+json\" class=\"yoast-schema-graph\">{\"@context\":\"https:\/\/schema.org\",\"@graph\":[{\"@type\":\"WebPage\",\"@id\":\"https:\/\/tourtravelandmore.com\/es\/tours\/republica-checa-es\/prague-es\/tour-privado-a-karlovy-vary-desde-praga\/\",\"url\":\"https:\/\/tourtravelandmore.com\/es\/tours\/republica-checa-es\/prague-es\/tour-privado-a-karlovy-vary-desde-praga\/\",\"name\":\"\u27a1\ufe0f Tour privado a Karlovy Vary desde Praga | Tour Travel & More\",\"isPartOf\":{\"@id\":\"https:\/\/tourtravelandmore.com\/es\/#website\"},\"primaryImageOfPage\":{\"@id\":\"https:\/\/tourtravelandmore.com\/es\/tours\/republica-checa-es\/prague-es\/tour-privado-a-karlovy-vary-desde-praga\/#primaryimage\"},\"image\":{\"@id\":\"https:\/\/tourtravelandmore.com\/es\/tours\/republica-checa-es\/prague-es\/tour-privado-a-karlovy-vary-desde-praga\/#primaryimage\"},\"thumbnailUrl\":\"https:\/\/tourtravelandmore.com\/wp-content\/uploads\/2022\/05\/image3-8.jpg\",\"datePublished\":\"2022-05-20T14:05:25+00:00\",\"dateModified\":\"2024-02-09T12:17:14+00:00\",\"description\":\"Visita la ciudad de Praga, pero no disponemos de recorrido tur\u00edstico en Karlovy Vary? No se preocupe, puede reserva un tour personalizado aqu\u00ed \u2705\",\"breadcrumb\":{\"@id\":\"https:\/\/tourtravelandmore.com\/es\/tours\/republica-checa-es\/prague-es\/tour-privado-a-karlovy-vary-desde-praga\/#breadcrumb\"},\"inLanguage\":\"es\",\"potentialAction\":[{\"@type\":\"ReadAction\",\"target\":[\"https:\/\/tourtravelandmore.com\/es\/tours\/republica-checa-es\/prague-es\/tour-privado-a-karlovy-vary-desde-praga\/\"]}]},{\"@type\":\"ImageObject\",\"inLanguage\":\"es\",\"@id\":\"https:\/\/tourtravelandmore.com\/es\/tours\/republica-checa-es\/prague-es\/tour-privado-a-karlovy-vary-desde-praga\/#primaryimage\",\"url\":\"https:\/\/tourtravelandmore.com\/wp-content\/uploads\/2022\/05\/image3-8.jpg\",\"contentUrl\":\"https:\/\/tourtravelandmore.com\/wp-content\/uploads\/2022\/05\/image3-8.jpg\",\"width\":1024,\"height\":684},{\"@type\":\"BreadcrumbList\",\"@id\":\"https:\/\/tourtravelandmore.com\/es\/tours\/republica-checa-es\/prague-es\/tour-privado-a-karlovy-vary-desde-praga\/#breadcrumb\",\"itemListElement\":[{\"@type\":\"ListItem\",\"position\":1,\"name\":\"Home\",\"item\":\"https:\/\/tourtravelandmore.com\/es\/\"},{\"@type\":\"ListItem\",\"position\":2,\"name\":\"Tours\",\"item\":\"https:\/\/tourtravelandmore.com\/es\/tours\/\"},{\"@type\":\"ListItem\",\"position\":3,\"name\":\"Tour privado a Karlovy Vary desde Praga\"}]},{\"@type\":\"WebSite\",\"@id\":\"https:\/\/tourtravelandmore.com\/es\/#website\",\"url\":\"https:\/\/tourtravelandmore.com\/es\/\",\"name\":\"Tour Travel And More\",\"description\":\"Private sightseeing tours and luxury transfers in Spain\",\"publisher\":{\"@id\":\"https:\/\/tourtravelandmore.com\/es\/#organization\"},\"potentialAction\":[{\"@type\":\"SearchAction\",\"target\":{\"@type\":\"EntryPoint\",\"urlTemplate\":\"https:\/\/tourtravelandmore.com\/es\/?s={search_term_string}\"},\"query-input\":{\"@type\":\"PropertyValueSpecification\",\"valueRequired\":true,\"valueName\":\"search_term_string\"}}],\"inLanguage\":\"es\"},{\"@type\":\"Organization\",\"@id\":\"https:\/\/tourtravelandmore.com\/es\/#organization\",\"name\":\"Tour Travel And More\",\"url\":\"https:\/\/tourtravelandmore.com\/es\/\",\"logo\":{\"@type\":\"ImageObject\",\"inLanguage\":\"es\",\"@id\":\"https:\/\/tourtravelandmore.com\/es\/#\/schema\/logo\/image\/\",\"url\":\"https:\/\/tourtravelandmore.com\/wp-content\/uploads\/2022\/12\/cropped-logo-cabecera-new.png\",\"contentUrl\":\"https:\/\/tourtravelandmore.com\/wp-content\/uploads\/2022\/12\/cropped-logo-cabecera-new.png\",\"width\":430,\"height\":61,\"caption\":\"Tour Travel And More\"},\"image\":{\"@id\":\"https:\/\/tourtravelandmore.com\/es\/#\/schema\/logo\/image\/\"},\"sameAs\":[\"https:\/\/www.facebook.com\/tourtravelandmore\/\",\"https:\/\/x.com\/TourTravel_More\"]}]}<\/script>\n<!-- \/ Yoast SEO Premium plugin. -->","yoast_head_json":{"title":"\u27a1\ufe0f Tour privado a Karlovy Vary desde Praga | Tour Travel & More","description":"Visita la ciudad de Praga, pero no disponemos de recorrido tur\u00edstico en Karlovy Vary? No se preocupe, puede reserva un tour personalizado aqu\u00ed \u2705","robots":{"index":"index","follow":"follow","max-snippet":"max-snippet:-1","max-image-preview":"max-image-preview:large","max-video-preview":"max-video-preview:-1"},"canonical":"https:\/\/tourtravelandmore.com\/es\/tours\/republica-checa-es\/prague-es\/tour-privado-a-karlovy-vary-desde-praga\/","og_locale":"es_ES","og_type":"article","og_title":"Tour privado a Karlovy Vary desde Praga","og_description":"Visita la ciudad de Praga, pero no disponemos de recorrido tur\u00edstico en Karlovy Vary? No se preocupe, puede reserva un tour personalizado aqu\u00ed \u2705","og_url":"https:\/\/tourtravelandmore.com\/es\/tours\/republica-checa-es\/prague-es\/tour-privado-a-karlovy-vary-desde-praga\/","og_site_name":"Tour Travel And More","article_publisher":"https:\/\/www.facebook.com\/tourtravelandmore\/","article_modified_time":"2024-02-09T12:17:14+00:00","og_image":[{"width":1024,"height":684,"url":"https:\/\/tourtravelandmore.com\/wp-content\/uploads\/2022\/05\/image3-8.jpg","type":"image\/jpeg"}],"twitter_card":"summary_large_image","twitter_site":"@TourTravel_More","twitter_misc":{"Tiempo de lectura":"2 minutos"},"schema":{"@context":"https:\/\/schema.org","@graph":[{"@type":"WebPage","@id":"https:\/\/tourtravelandmore.com\/es\/tours\/republica-checa-es\/prague-es\/tour-privado-a-karlovy-vary-desde-praga\/","url":"https:\/\/tourtravelandmore.com\/es\/tours\/republica-checa-es\/prague-es\/tour-privado-a-karlovy-vary-desde-praga\/","name":"\u27a1\ufe0f Tour privado a Karlovy Vary desde Praga | Tour Travel & More","isPartOf":{"@id":"https:\/\/tourtravelandmore.com\/es\/#website"},"primaryImageOfPage":{"@id":"https:\/\/tourtravelandmore.com\/es\/tours\/republica-checa-es\/prague-es\/tour-privado-a-karlovy-vary-desde-praga\/#primaryimage"},"image":{"@id":"https:\/\/tourtravelandmore.com\/es\/tours\/republica-checa-es\/prague-es\/tour-privado-a-karlovy-vary-desde-praga\/#primaryimage"},"thumbnailUrl":"https:\/\/tourtravelandmore.com\/wp-content\/uploads\/2022\/05\/image3-8.jpg","datePublished":"2022-05-20T14:05:25+00:00","dateModified":"2024-02-09T12:17:14+00:00","description":"Visita la ciudad de Praga, pero no disponemos de recorrido tur\u00edstico en Karlovy Vary? No se preocupe, puede reserva un tour personalizado aqu\u00ed \u2705","breadcrumb":{"@id":"https:\/\/tourtravelandmore.com\/es\/tours\/republica-checa-es\/prague-es\/tour-privado-a-karlovy-vary-desde-praga\/#breadcrumb"},"inLanguage":"es","potentialAction":[{"@type":"ReadAction","target":["https:\/\/tourtravelandmore.com\/es\/tours\/republica-checa-es\/prague-es\/tour-privado-a-karlovy-vary-desde-praga\/"]}]},{"@type":"ImageObject","inLanguage":"es","@id":"https:\/\/tourtravelandmore.com\/es\/tours\/republica-checa-es\/prague-es\/tour-privado-a-karlovy-vary-desde-praga\/#primaryimage","url":"https:\/\/tourtravelandmore.com\/wp-content\/uploads\/2022\/05\/image3-8.jpg","contentUrl":"https:\/\/tourtravelandmore.com\/wp-content\/uploads\/2022\/05\/image3-8.jpg","width":1024,"height":684},{"@type":"BreadcrumbList","@id":"https:\/\/tourtravelandmore.com\/es\/tours\/republica-checa-es\/prague-es\/tour-privado-a-karlovy-vary-desde-praga\/#breadcrumb","itemListElement":[{"@type":"ListItem","position":1,"name":"Home","item":"https:\/\/tourtravelandmore.com\/es\/"},{"@type":"ListItem","position":2,"name":"Tours","item":"https:\/\/tourtravelandmore.com\/es\/tours\/"},{"@type":"ListItem","position":3,"name":"Tour privado a Karlovy Vary desde Praga"}]},{"@type":"WebSite","@id":"https:\/\/tourtravelandmore.com\/es\/#website","url":"https:\/\/tourtravelandmore.com\/es\/","name":"Tour Travel And More","description":"Private sightseeing tours and luxury transfers in Spain","publisher":{"@id":"https:\/\/tourtravelandmore.com\/es\/#organization"},"potentialAction":[{"@type":"SearchAction","target":{"@type":"EntryPoint","urlTemplate":"https:\/\/tourtravelandmore.com\/es\/?s={search_term_string}"},"query-input":{"@type":"PropertyValueSpecification","valueRequired":true,"valueName":"search_term_string"}}],"inLanguage":"es"},{"@type":"Organization","@id":"https:\/\/tourtravelandmore.com\/es\/#organization","name":"Tour Travel And More","url":"https:\/\/tourtravelandmore.com\/es\/","logo":{"@type":"ImageObject","inLanguage":"es","@id":"https:\/\/tourtravelandmore.com\/es\/#\/schema\/logo\/image\/","url":"https:\/\/tourtravelandmore.com\/wp-content\/uploads\/2022\/12\/cropped-logo-cabecera-new.png","contentUrl":"https:\/\/tourtravelandmore.com\/wp-content\/uploads\/2022\/12\/cropped-logo-cabecera-new.png","width":430,"height":61,"caption":"Tour Travel And More"},"image":{"@id":"https:\/\/tourtravelandmore.com\/es\/#\/schema\/logo\/image\/"},"sameAs":["https:\/\/www.facebook.com\/tourtravelandmore\/","https:\/\/x.com\/TourTravel_More"]}]}},"_links":{"self":[{"href":"https:\/\/tourtravelandmore.com\/es\/wp-json\/wp\/v2\/product\/126454","targetHints":{"allow":["GET"]}}],"collection":[{"href":"https:\/\/tourtravelandmore.com\/es\/wp-json\/wp\/v2\/product"}],"about":[{"href":"https:\/\/tourtravelandmore.com\/es\/wp-json\/wp\/v2\/types\/product"}],"replies":[{"embeddable":true,"href":"https:\/\/tourtravelandmore.com\/es\/wp-json\/wp\/v2\/comments?post=126454"}],"wp:featuredmedia":[{"embeddable":true,"href":"https:\/\/tourtravelandmore.com\/es\/wp-json\/wp\/v2\/media\/126479"}],"wp:attachment":[{"href":"https:\/\/tourtravelandmore.com\/es\/wp-json\/wp\/v2\/media?parent=126454"}],"wp:term":[{"taxonomy":"product_brand","embeddable":true,"href":"https:\/\/tourtravelandmore.com\/es\/wp-json\/wp\/v2\/product_brand?post=126454"},{"taxonomy":"product_cat","embeddable":true,"href":"https:\/\/tourtravelandmore.com\/es\/wp-json\/wp\/v2\/product_cat?post=126454"},{"taxonomy":"product_tag","embeddable":true,"href":"https:\/\/tourtravelandmore.com\/es\/wp-json\/wp\/v2\/product_tag?post=126454"}],"curies":[{"name":"wp","href":"https:\/\/api.w.org\/{rel}","templated":true}]}}