{"id":126410,"date":"2022-05-20T15:37:24","date_gmt":"2022-05-20T13:37:27","guid":{"rendered":"https:\/\/tourtravelandmore.com\/?post_type=product&#038;p=126410"},"modified":"2024-02-09T13:16:43","modified_gmt":"2024-02-09T12:16:43","slug":"tour-privado-a-dresde-desde-praga","status":"publish","type":"product","link":"https:\/\/tourtravelandmore.com\/es\/tours\/republica-checa-es\/prague-es\/tour-privado-a-dresde-desde-praga\/","title":{"rendered":"Tour Privado a Dresde desde Praga"},"content":{"rendered":"<h2><b>Descripci\u00f3n del Tour Privado a Dresde desde Praga<\/b><\/h2>\n<p><span style=\"font-weight: 400;\">Praga es la capital de la Rep\u00fablica Checa. Ha sido el hogar de muchas personas y eventos famosos, como Jan Hus, Franz Kafka y la Revoluci\u00f3n de Terciopelo.<\/span><\/p>\n<p><span style=\"font-weight: 400;\">Un tour privado con todo, incluido de Praga a Dresde lo llevar\u00e1 en un viaje de 9 horas a trav\u00e9s de la historia mientras visita algunas de las ciudades m\u00e1s hermosas de Europa. El tour incluye un veh\u00edculo de lujo con conductor\/gu\u00eda para su comodidad.<\/span><\/p>\n<p><b>Antes de comenzar el recorrido, hablemos un poco de la Ciudad de Dresde:<\/b><\/p>\n<p><span style=\"font-weight: 400;\">Dresde es la capital de la regi\u00f3n de Sajonia y uno de los destinos tur\u00edsticos m\u00e1s importantes de Alemania. Hogar de muchos monumentos hist\u00f3ricos, es famoso por su arquitectura barroca, museos y galer\u00edas de arte.<\/span><\/p>\n<p><span style=\"font-weight: 400;\">El tour que le ofrecemos es completamente personalizable y podemos cambiar y ajustar las horas y lugares emblem\u00e1ticos como usted lo desee.<\/span><\/p>\n<h2><span style=\"color: #d3af37;\"><b>Puntos de Inter\u00e9s en el Tour Privado a Dresde desde Praga<\/b><\/span><\/h2>\n<p><span style=\"font-weight: 400;\">Dresde es una ciudad en el estado de Sajonia, Alemania. Es conocida por su arquitectura barroca y su inmenso patrimonio cultural.<\/span><\/p>\n<p><span style=\"font-weight: 400;\">El Tour Privado a Dresde desde Praga ofrece una experiencia \u00fanica en el coraz\u00f3n de Europa. El tour incluye un gu\u00eda privado y una experiencia inolvidable.<\/span><\/p>\n<p><span style=\"font-weight: 400;\">Le recogeremos en el lugar de su elecci\u00f3n o alojamiento en Praga, donde comenzaremos esta \u00fanica aventura, una vez en el recorrido podremos visitar:<\/span><\/p>\n<ul>\n<li><b>Puente de Augusto<\/b><\/li>\n<li><b>Catedral Cat\u00f3lica<\/b><\/li>\n<li><b>Jardines del edificio Zwinger<\/b><\/li>\n<li><b>iglesia Frauenkirche<\/b><\/li>\n<li><b>Semperoper<\/b><\/li>\n<li><b>Y M\u00c1S!<\/b><\/li>\n<li><span style=\"font-weight: 400;\">Al finalizar el tour, su chofer y su veh\u00edculo privado le llevar\u00e1n de regreso a su sitio de recogida en Praga, para que pueda seguir disfrutando de esta hermosa ciudad.<\/span><\/li>\n<\/ul>\n<p><span style=\"font-weight: 400;\">Si le interesa seguir descubriendo de Praga y sus sitios emblem\u00e1ticos, no dude en visitar nuestro <a href=\"https:\/\/tourtravelandmore.com\/es\/ciudad\/republica-checa-es\/prague-es\/\">listado de t<\/a><\/span><span style=\"font-weight: 400;\">ours privados en la capital de rep\u00fablica checa.<\/span><\/p>\n","protected":false},"excerpt":{"rendered":"<p><span style=\"font-weight: 400;\">Praga es una ciudad hermosa con muchos sitios hist\u00f3ricos. Es una de las ciudades m\u00e1s visitadas de Europa y tiene mucho que ofrecer. Una de las mejores cosas de Praga es que tiene tanto que ofrecer que solo puedes verla y experimentarla en un tour privado. Es por eso que en Tour Travel &amp; More ofrecemos una excursi\u00f3n privada a Dresde, Alemania, desde la hermosa ciudad de Praga.<\/span><\/p>\n","protected":false},"featured_media":126430,"comment_status":"open","ping_status":"closed","template":"","meta":{"_acf_changed":false},"product_brand":[],"product_cat":[1356,1360,1359,1358],"product_tag":[],"class_list":{"0":"post-126410","1":"product","2":"type-product","3":"status-publish","4":"has-post-thumbnail","6":"product_cat-prague-es","7":"product_cat-prague-rutas-turisticas-privadas-es-es","8":"product_cat-prague-excursiones-es","9":"product_cat-prague-rutas-turisticas-privadas-es","11":"first","12":"instock","13":"shipping-taxable","14":"purchasable","15":"product-type-simple"},"acf":[],"yoast_head":"<!-- This site is optimized with the Yoast SEO Premium plugin v25.3.1 (Yoast SEO v25.3.1) - https:\/\/yoast.com\/wordpress\/plugins\/seo\/ -->\n<title>\u27a1\ufe0f Tour Privado a Dresde desde Praga | Tour Travel &amp; More<\/title>\n<meta name=\"description\" content=\"Obtenga la mejor experiencia tur\u00edstica en Dresde con una visita guiada desde Praga, la capital de la Rep\u00fablica Checa \u2705\" \/>\n<meta name=\"robots\" content=\"index, follow, max-snippet:-1, max-image-preview:large, max-video-preview:-1\" \/>\n<link rel=\"canonical\" href=\"https:\/\/tourtravelandmore.com\/es\/tours\/republica-checa-es\/prague-es\/tour-privado-a-dresde-desde-praga\/\" \/>\n<meta property=\"og:locale\" content=\"es_ES\" \/>\n<meta property=\"og:type\" content=\"article\" \/>\n<meta property=\"og:title\" content=\"Tour Privado a Dresde desde Praga\" \/>\n<meta property=\"og:description\" content=\"Obtenga la mejor experiencia tur\u00edstica en Dresde con una visita guiada desde Praga, la capital de la Rep\u00fablica Checa \u2705\" \/>\n<meta property=\"og:url\" content=\"https:\/\/tourtravelandmore.com\/es\/tours\/republica-checa-es\/prague-es\/tour-privado-a-dresde-desde-praga\/\" \/>\n<meta property=\"og:site_name\" content=\"Tour Travel And More\" \/>\n<meta property=\"article:publisher\" content=\"https:\/\/www.facebook.com\/tourtravelandmore\/\" \/>\n<meta property=\"article:modified_time\" content=\"2024-02-09T12:16:43+00:00\" \/>\n<meta property=\"og:image\" content=\"https:\/\/tourtravelandmore.com\/wp-content\/uploads\/2022\/05\/image1-7.jpg\" \/>\n\t<meta property=\"og:image:width\" content=\"1024\" \/>\n\t<meta property=\"og:image:height\" content=\"684\" \/>\n\t<meta property=\"og:image:type\" content=\"image\/jpeg\" \/>\n<meta name=\"twitter:card\" content=\"summary_large_image\" \/>\n<meta name=\"twitter:site\" content=\"@TourTravel_More\" \/>\n<meta name=\"twitter:label1\" content=\"Tiempo de lectura\" \/>\n\t<meta name=\"twitter:data1\" content=\"2 minutos\" \/>\n<script type=\"application\/ld+json\" class=\"yoast-schema-graph\">{\"@context\":\"https:\/\/schema.org\",\"@graph\":[{\"@type\":\"WebPage\",\"@id\":\"https:\/\/tourtravelandmore.com\/es\/tours\/republica-checa-es\/prague-es\/tour-privado-a-dresde-desde-praga\/\",\"url\":\"https:\/\/tourtravelandmore.com\/es\/tours\/republica-checa-es\/prague-es\/tour-privado-a-dresde-desde-praga\/\",\"name\":\"\u27a1\ufe0f Tour Privado a Dresde desde Praga | Tour Travel & More\",\"isPartOf\":{\"@id\":\"https:\/\/tourtravelandmore.com\/es\/#website\"},\"primaryImageOfPage\":{\"@id\":\"https:\/\/tourtravelandmore.com\/es\/tours\/republica-checa-es\/prague-es\/tour-privado-a-dresde-desde-praga\/#primaryimage\"},\"image\":{\"@id\":\"https:\/\/tourtravelandmore.com\/es\/tours\/republica-checa-es\/prague-es\/tour-privado-a-dresde-desde-praga\/#primaryimage\"},\"thumbnailUrl\":\"https:\/\/tourtravelandmore.com\/wp-content\/uploads\/2022\/05\/image1-7.jpg\",\"datePublished\":\"2022-05-20T13:37:27+00:00\",\"dateModified\":\"2024-02-09T12:16:43+00:00\",\"description\":\"Obtenga la mejor experiencia tur\u00edstica en Dresde con una visita guiada desde Praga, la capital de la Rep\u00fablica Checa \u2705\",\"breadcrumb\":{\"@id\":\"https:\/\/tourtravelandmore.com\/es\/tours\/republica-checa-es\/prague-es\/tour-privado-a-dresde-desde-praga\/#breadcrumb\"},\"inLanguage\":\"es\",\"potentialAction\":[{\"@type\":\"ReadAction\",\"target\":[\"https:\/\/tourtravelandmore.com\/es\/tours\/republica-checa-es\/prague-es\/tour-privado-a-dresde-desde-praga\/\"]}]},{\"@type\":\"ImageObject\",\"inLanguage\":\"es\",\"@id\":\"https:\/\/tourtravelandmore.com\/es\/tours\/republica-checa-es\/prague-es\/tour-privado-a-dresde-desde-praga\/#primaryimage\",\"url\":\"https:\/\/tourtravelandmore.com\/wp-content\/uploads\/2022\/05\/image1-7.jpg\",\"contentUrl\":\"https:\/\/tourtravelandmore.com\/wp-content\/uploads\/2022\/05\/image1-7.jpg\",\"width\":1024,\"height\":684},{\"@type\":\"BreadcrumbList\",\"@id\":\"https:\/\/tourtravelandmore.com\/es\/tours\/republica-checa-es\/prague-es\/tour-privado-a-dresde-desde-praga\/#breadcrumb\",\"itemListElement\":[{\"@type\":\"ListItem\",\"position\":1,\"name\":\"Home\",\"item\":\"https:\/\/tourtravelandmore.com\/es\/\"},{\"@type\":\"ListItem\",\"position\":2,\"name\":\"Tours\",\"item\":\"https:\/\/tourtravelandmore.com\/es\/tours\/\"},{\"@type\":\"ListItem\",\"position\":3,\"name\":\"Tour Privado a Dresde desde Praga\"}]},{\"@type\":\"WebSite\",\"@id\":\"https:\/\/tourtravelandmore.com\/es\/#website\",\"url\":\"https:\/\/tourtravelandmore.com\/es\/\",\"name\":\"Tour Travel And More\",\"description\":\"Private sightseeing tours and luxury transfers in Spain\",\"publisher\":{\"@id\":\"https:\/\/tourtravelandmore.com\/es\/#organization\"},\"potentialAction\":[{\"@type\":\"SearchAction\",\"target\":{\"@type\":\"EntryPoint\",\"urlTemplate\":\"https:\/\/tourtravelandmore.com\/es\/?s={search_term_string}\"},\"query-input\":{\"@type\":\"PropertyValueSpecification\",\"valueRequired\":true,\"valueName\":\"search_term_string\"}}],\"inLanguage\":\"es\"},{\"@type\":\"Organization\",\"@id\":\"https:\/\/tourtravelandmore.com\/es\/#organization\",\"name\":\"Tour Travel And More\",\"url\":\"https:\/\/tourtravelandmore.com\/es\/\",\"logo\":{\"@type\":\"ImageObject\",\"inLanguage\":\"es\",\"@id\":\"https:\/\/tourtravelandmore.com\/es\/#\/schema\/logo\/image\/\",\"url\":\"https:\/\/tourtravelandmore.com\/wp-content\/uploads\/2022\/12\/cropped-logo-cabecera-new.png\",\"contentUrl\":\"https:\/\/tourtravelandmore.com\/wp-content\/uploads\/2022\/12\/cropped-logo-cabecera-new.png\",\"width\":430,\"height\":61,\"caption\":\"Tour Travel And More\"},\"image\":{\"@id\":\"https:\/\/tourtravelandmore.com\/es\/#\/schema\/logo\/image\/\"},\"sameAs\":[\"https:\/\/www.facebook.com\/tourtravelandmore\/\",\"https:\/\/x.com\/TourTravel_More\"]}]}<\/script>\n<!-- \/ Yoast SEO Premium plugin. -->","yoast_head_json":{"title":"\u27a1\ufe0f Tour Privado a Dresde desde Praga | Tour Travel & More","description":"Obtenga la mejor experiencia tur\u00edstica en Dresde con una visita guiada desde Praga, la capital de la Rep\u00fablica Checa \u2705","robots":{"index":"index","follow":"follow","max-snippet":"max-snippet:-1","max-image-preview":"max-image-preview:large","max-video-preview":"max-video-preview:-1"},"canonical":"https:\/\/tourtravelandmore.com\/es\/tours\/republica-checa-es\/prague-es\/tour-privado-a-dresde-desde-praga\/","og_locale":"es_ES","og_type":"article","og_title":"Tour Privado a Dresde desde Praga","og_description":"Obtenga la mejor experiencia tur\u00edstica en Dresde con una visita guiada desde Praga, la capital de la Rep\u00fablica Checa \u2705","og_url":"https:\/\/tourtravelandmore.com\/es\/tours\/republica-checa-es\/prague-es\/tour-privado-a-dresde-desde-praga\/","og_site_name":"Tour Travel And More","article_publisher":"https:\/\/www.facebook.com\/tourtravelandmore\/","article_modified_time":"2024-02-09T12:16:43+00:00","og_image":[{"width":1024,"height":684,"url":"https:\/\/tourtravelandmore.com\/wp-content\/uploads\/2022\/05\/image1-7.jpg","type":"image\/jpeg"}],"twitter_card":"summary_large_image","twitter_site":"@TourTravel_More","twitter_misc":{"Tiempo de lectura":"2 minutos"},"schema":{"@context":"https:\/\/schema.org","@graph":[{"@type":"WebPage","@id":"https:\/\/tourtravelandmore.com\/es\/tours\/republica-checa-es\/prague-es\/tour-privado-a-dresde-desde-praga\/","url":"https:\/\/tourtravelandmore.com\/es\/tours\/republica-checa-es\/prague-es\/tour-privado-a-dresde-desde-praga\/","name":"\u27a1\ufe0f Tour Privado a Dresde desde Praga | Tour Travel & More","isPartOf":{"@id":"https:\/\/tourtravelandmore.com\/es\/#website"},"primaryImageOfPage":{"@id":"https:\/\/tourtravelandmore.com\/es\/tours\/republica-checa-es\/prague-es\/tour-privado-a-dresde-desde-praga\/#primaryimage"},"image":{"@id":"https:\/\/tourtravelandmore.com\/es\/tours\/republica-checa-es\/prague-es\/tour-privado-a-dresde-desde-praga\/#primaryimage"},"thumbnailUrl":"https:\/\/tourtravelandmore.com\/wp-content\/uploads\/2022\/05\/image1-7.jpg","datePublished":"2022-05-20T13:37:27+00:00","dateModified":"2024-02-09T12:16:43+00:00","description":"Obtenga la mejor experiencia tur\u00edstica en Dresde con una visita guiada desde Praga, la capital de la Rep\u00fablica Checa \u2705","breadcrumb":{"@id":"https:\/\/tourtravelandmore.com\/es\/tours\/republica-checa-es\/prague-es\/tour-privado-a-dresde-desde-praga\/#breadcrumb"},"inLanguage":"es","potentialAction":[{"@type":"ReadAction","target":["https:\/\/tourtravelandmore.com\/es\/tours\/republica-checa-es\/prague-es\/tour-privado-a-dresde-desde-praga\/"]}]},{"@type":"ImageObject","inLanguage":"es","@id":"https:\/\/tourtravelandmore.com\/es\/tours\/republica-checa-es\/prague-es\/tour-privado-a-dresde-desde-praga\/#primaryimage","url":"https:\/\/tourtravelandmore.com\/wp-content\/uploads\/2022\/05\/image1-7.jpg","contentUrl":"https:\/\/tourtravelandmore.com\/wp-content\/uploads\/2022\/05\/image1-7.jpg","width":1024,"height":684},{"@type":"BreadcrumbList","@id":"https:\/\/tourtravelandmore.com\/es\/tours\/republica-checa-es\/prague-es\/tour-privado-a-dresde-desde-praga\/#breadcrumb","itemListElement":[{"@type":"ListItem","position":1,"name":"Home","item":"https:\/\/tourtravelandmore.com\/es\/"},{"@type":"ListItem","position":2,"name":"Tours","item":"https:\/\/tourtravelandmore.com\/es\/tours\/"},{"@type":"ListItem","position":3,"name":"Tour Privado a Dresde desde Praga"}]},{"@type":"WebSite","@id":"https:\/\/tourtravelandmore.com\/es\/#website","url":"https:\/\/tourtravelandmore.com\/es\/","name":"Tour Travel And More","description":"Private sightseeing tours and luxury transfers in Spain","publisher":{"@id":"https:\/\/tourtravelandmore.com\/es\/#organization"},"potentialAction":[{"@type":"SearchAction","target":{"@type":"EntryPoint","urlTemplate":"https:\/\/tourtravelandmore.com\/es\/?s={search_term_string}"},"query-input":{"@type":"PropertyValueSpecification","valueRequired":true,"valueName":"search_term_string"}}],"inLanguage":"es"},{"@type":"Organization","@id":"https:\/\/tourtravelandmore.com\/es\/#organization","name":"Tour Travel And More","url":"https:\/\/tourtravelandmore.com\/es\/","logo":{"@type":"ImageObject","inLanguage":"es","@id":"https:\/\/tourtravelandmore.com\/es\/#\/schema\/logo\/image\/","url":"https:\/\/tourtravelandmore.com\/wp-content\/uploads\/2022\/12\/cropped-logo-cabecera-new.png","contentUrl":"https:\/\/tourtravelandmore.com\/wp-content\/uploads\/2022\/12\/cropped-logo-cabecera-new.png","width":430,"height":61,"caption":"Tour Travel And More"},"image":{"@id":"https:\/\/tourtravelandmore.com\/es\/#\/schema\/logo\/image\/"},"sameAs":["https:\/\/www.facebook.com\/tourtravelandmore\/","https:\/\/x.com\/TourTravel_More"]}]}},"_links":{"self":[{"href":"https:\/\/tourtravelandmore.com\/es\/wp-json\/wp\/v2\/product\/126410","targetHints":{"allow":["GET"]}}],"collection":[{"href":"https:\/\/tourtravelandmore.com\/es\/wp-json\/wp\/v2\/product"}],"about":[{"href":"https:\/\/tourtravelandmore.com\/es\/wp-json\/wp\/v2\/types\/product"}],"replies":[{"embeddable":true,"href":"https:\/\/tourtravelandmore.com\/es\/wp-json\/wp\/v2\/comments?post=126410"}],"wp:featuredmedia":[{"embeddable":true,"href":"https:\/\/tourtravelandmore.com\/es\/wp-json\/wp\/v2\/media\/126430"}],"wp:attachment":[{"href":"https:\/\/tourtravelandmore.com\/es\/wp-json\/wp\/v2\/media?parent=126410"}],"wp:term":[{"taxonomy":"product_brand","embeddable":true,"href":"https:\/\/tourtravelandmore.com\/es\/wp-json\/wp\/v2\/product_brand?post=126410"},{"taxonomy":"product_cat","embeddable":true,"href":"https:\/\/tourtravelandmore.com\/es\/wp-json\/wp\/v2\/product_cat?post=126410"},{"taxonomy":"product_tag","embeddable":true,"href":"https:\/\/tourtravelandmore.com\/es\/wp-json\/wp\/v2\/product_tag?post=126410"}],"curies":[{"name":"wp","href":"https:\/\/api.w.org\/{rel}","templated":true}]}}