{"id":12621,"date":"2017-05-15T13:44:14","date_gmt":"2017-05-15T12:08:58","guid":{"rendered":"http:\/\/tourtravelandmore.com\/es\/?post_type=product&#038;p=12621"},"modified":"2022-10-11T16:06:27","modified_gmt":"2022-10-11T14:06:27","slug":"traslados-privados-niza","status":"publish","type":"product","link":"https:\/\/tourtravelandmore.com\/es\/tours\/francia\/niza-es\/traslados-privados-niza\/","title":{"rendered":"Traslados privados desde\/hacia Niza"},"content":{"rendered":"<h2><strong>Descripci\u00f3n de los Traslados\u00a0privados desde\/hacia Niza<\/strong><\/h2>\n<p>Disfrute de una experiencia relajante en uno de nuestros <strong>veh\u00edculos privados de lujo<\/strong> con nuestros <strong>traslados privados en Niza<\/strong>. Cont\u00e1ctenos para una experiencia privada a medida.<\/p>\n<p>Ofrecemos <strong>todo tipo de traslados<\/strong> desde\/hacia Niza. Coordinamos traslados privados a aeropuertos, hoteles, estaciones de tren, puertos de crucero y cualquier ciudad en la riviera francesa.<\/p>\n<p>En caso de reservar un traslado de arribo, nuestros choferes le estar\u00e1n esperando en la terminal con un cartel a su nombre. Para llegadas al <a href=\"https:\/\/en.nice.aeroport.fr\/\">aeropuerto de Niza<\/a> nuestros choferes monitorean el horario de aterrizaje, por lo que no tendr\u00e1 que preocuparse en caso de demoras en su vuelo.<\/p>\n<p>En caso de que arrive a la terminal de cruceros, podemos organizar un traslado privado a su hotel o alojamiento en Niza u otra ciudad de la riviera francesa, como M\u00f3naco o Cannes.<\/p>\n<h2><strong>Puntos de inter\u00e9s en los Traslados privados desde\/hacia Niza<\/strong><\/h2>\n<p>Ofrecemos servicio de traslado privado en toda Francia. Nuestro <strong>servicio es personalizado y privado<\/strong> para usted. Nuestra flota de veh\u00edculos es de alta gama, y estos poseen la licencia requerida para operar en toda Europa.<\/p>\n<p>Niza es la ciudad capital de la regi\u00f3n de la riviera francesa. Es uno de los sitios m\u00e1s visitados en toda Francia. Desde all\u00ed podr\u00e1 usted visitar los pueblos de monta\u00f1a m\u00e1s bonitos del sur de Francia, como as\u00ed tambi\u00e9n podr\u00e1 visitar las ciudades glamourosas de la regi\u00f3n, como lo son Saint Tropez, Cannes y M\u00f3naco.<\/p>\n<p>Para nuestros traslados privados en Niza no limitamos la cantidad de equipaje. Pero le rogamos que informe anteriormente con cu\u00e1nto equipaje viajar\u00e1, solo por cuestiones log\u00edsticas. Un veh\u00edculo m\u00e1s grande podr\u00eda ser necesario, llegado el caso.<\/p>\n<p><strong>En caso de necesitar un asiento para beb\u00e9 o ni\u00f1o, p\u00f3ngase en contacto con nosotros antes de su vuelo o crucero para organizarlo correctamente.<\/strong><\/p>\n","protected":false},"excerpt":{"rendered":"<p>Aproveche esta oportunidad para llegar a su destino en <strong>Niza<\/strong> de la manera m\u00e1s c\u00f3moda y r\u00e1pida posible. Disfrute de una experiencia privada a medida en veh\u00edculos de lujo y con ch\u00f3feres profesionales.<\/p>\n","protected":false},"featured_media":7736,"comment_status":"open","ping_status":"closed","template":"","meta":{"_acf_changed":false},"product_brand":[],"product_cat":[497,499],"product_tag":[],"class_list":{"0":"post-12621","1":"product","2":"type-product","3":"status-publish","4":"has-post-thumbnail","6":"product_cat-niza-es","7":"product_cat-niza-traslados-es","9":"first","10":"instock","11":"shipping-taxable","12":"purchasable","13":"product-type-simple"},"acf":[],"yoast_head":"<!-- This site is optimized with the Yoast SEO Premium plugin v25.3.1 (Yoast SEO v25.3.1) - https:\/\/yoast.com\/wordpress\/plugins\/seo\/ -->\n<title>\u27a1\ufe0f Traslados privados en Niza - Veh\u00edculos de lujo y ch\u00f3feres profesionales | Tour Travel &amp; More<\/title>\n<meta name=\"description\" content=\"Aproveche esta oportunidad para llegar a su destino en Niza de la manera m\u00e1s c\u00f3moda y r\u00e1pida posible. Disfruta nuestros traslados privados en Niza \u2705\" \/>\n<meta name=\"robots\" content=\"index, follow, max-snippet:-1, max-image-preview:large, max-video-preview:-1\" \/>\n<link rel=\"canonical\" href=\"https:\/\/tourtravelandmore.com\/es\/tours\/francia\/niza-es\/traslados-privados-niza\/\" \/>\n<meta property=\"og:locale\" content=\"es_ES\" \/>\n<meta property=\"og:type\" content=\"article\" \/>\n<meta property=\"og:title\" content=\"Traslados privados desde\/hacia Niza\" \/>\n<meta property=\"og:description\" content=\"Aproveche esta oportunidad para llegar a su destino en Niza de la manera m\u00e1s c\u00f3moda y r\u00e1pida posible. Disfruta nuestros traslados privados en Niza \u2705\" \/>\n<meta property=\"og:url\" content=\"https:\/\/tourtravelandmore.com\/es\/tours\/francia\/niza-es\/traslados-privados-niza\/\" \/>\n<meta property=\"og:site_name\" content=\"Tour Travel And More\" \/>\n<meta property=\"article:publisher\" content=\"https:\/\/www.facebook.com\/tourtravelandmore\/\" \/>\n<meta property=\"article:modified_time\" content=\"2022-10-11T14:06:27+00:00\" \/>\n<meta property=\"og:image\" content=\"https:\/\/tourtravelandmore.com\/wp-content\/uploads\/2016\/10\/barcelona-wedding-transfer-2.jpg\" \/>\n\t<meta property=\"og:image:width\" content=\"1296\" \/>\n\t<meta property=\"og:image:height\" content=\"730\" \/>\n\t<meta property=\"og:image:type\" content=\"image\/jpeg\" \/>\n<meta name=\"twitter:card\" content=\"summary_large_image\" \/>\n<meta name=\"twitter:site\" content=\"@TourTravel_More\" \/>\n<meta name=\"twitter:label1\" content=\"Tiempo de lectura\" \/>\n\t<meta name=\"twitter:data1\" content=\"2 minutos\" \/>\n<script type=\"application\/ld+json\" class=\"yoast-schema-graph\">{\"@context\":\"https:\/\/schema.org\",\"@graph\":[{\"@type\":\"WebPage\",\"@id\":\"https:\/\/tourtravelandmore.com\/es\/tours\/francia\/niza-es\/traslados-privados-niza\/\",\"url\":\"https:\/\/tourtravelandmore.com\/es\/tours\/francia\/niza-es\/traslados-privados-niza\/\",\"name\":\"\u27a1\ufe0f Traslados privados en Niza - Veh\u00edculos de lujo y ch\u00f3feres profesionales | Tour Travel & More\",\"isPartOf\":{\"@id\":\"https:\/\/tourtravelandmore.com\/es\/#website\"},\"primaryImageOfPage\":{\"@id\":\"https:\/\/tourtravelandmore.com\/es\/tours\/francia\/niza-es\/traslados-privados-niza\/#primaryimage\"},\"image\":{\"@id\":\"https:\/\/tourtravelandmore.com\/es\/tours\/francia\/niza-es\/traslados-privados-niza\/#primaryimage\"},\"thumbnailUrl\":\"https:\/\/tourtravelandmore.com\/wp-content\/uploads\/2016\/10\/barcelona-wedding-transfer-2.jpg\",\"datePublished\":\"2017-05-15T12:08:58+00:00\",\"dateModified\":\"2022-10-11T14:06:27+00:00\",\"description\":\"Aproveche esta oportunidad para llegar a su destino en Niza de la manera m\u00e1s c\u00f3moda y r\u00e1pida posible. Disfruta nuestros traslados privados en Niza \u2705\",\"breadcrumb\":{\"@id\":\"https:\/\/tourtravelandmore.com\/es\/tours\/francia\/niza-es\/traslados-privados-niza\/#breadcrumb\"},\"inLanguage\":\"es\",\"potentialAction\":[{\"@type\":\"ReadAction\",\"target\":[\"https:\/\/tourtravelandmore.com\/es\/tours\/francia\/niza-es\/traslados-privados-niza\/\"]}]},{\"@type\":\"ImageObject\",\"inLanguage\":\"es\",\"@id\":\"https:\/\/tourtravelandmore.com\/es\/tours\/francia\/niza-es\/traslados-privados-niza\/#primaryimage\",\"url\":\"https:\/\/tourtravelandmore.com\/wp-content\/uploads\/2016\/10\/barcelona-wedding-transfer-2.jpg\",\"contentUrl\":\"https:\/\/tourtravelandmore.com\/wp-content\/uploads\/2016\/10\/barcelona-wedding-transfer-2.jpg\",\"width\":1296,\"height\":730,\"caption\":\"Mercedes-Benz S-Klasse, (W 222), 2012\"},{\"@type\":\"BreadcrumbList\",\"@id\":\"https:\/\/tourtravelandmore.com\/es\/tours\/francia\/niza-es\/traslados-privados-niza\/#breadcrumb\",\"itemListElement\":[{\"@type\":\"ListItem\",\"position\":1,\"name\":\"Home\",\"item\":\"https:\/\/tourtravelandmore.com\/es\/\"},{\"@type\":\"ListItem\",\"position\":2,\"name\":\"Tours\",\"item\":\"https:\/\/tourtravelandmore.com\/es\/tours\/\"},{\"@type\":\"ListItem\",\"position\":3,\"name\":\"Traslados privados desde\/hacia Niza\"}]},{\"@type\":\"WebSite\",\"@id\":\"https:\/\/tourtravelandmore.com\/es\/#website\",\"url\":\"https:\/\/tourtravelandmore.com\/es\/\",\"name\":\"Tour Travel And More\",\"description\":\"Private sightseeing tours and luxury transfers in Spain\",\"publisher\":{\"@id\":\"https:\/\/tourtravelandmore.com\/es\/#organization\"},\"potentialAction\":[{\"@type\":\"SearchAction\",\"target\":{\"@type\":\"EntryPoint\",\"urlTemplate\":\"https:\/\/tourtravelandmore.com\/es\/?s={search_term_string}\"},\"query-input\":{\"@type\":\"PropertyValueSpecification\",\"valueRequired\":true,\"valueName\":\"search_term_string\"}}],\"inLanguage\":\"es\"},{\"@type\":\"Organization\",\"@id\":\"https:\/\/tourtravelandmore.com\/es\/#organization\",\"name\":\"Tour Travel And More\",\"url\":\"https:\/\/tourtravelandmore.com\/es\/\",\"logo\":{\"@type\":\"ImageObject\",\"inLanguage\":\"es\",\"@id\":\"https:\/\/tourtravelandmore.com\/es\/#\/schema\/logo\/image\/\",\"url\":\"https:\/\/tourtravelandmore.com\/wp-content\/uploads\/2022\/12\/cropped-logo-cabecera-new.png\",\"contentUrl\":\"https:\/\/tourtravelandmore.com\/wp-content\/uploads\/2022\/12\/cropped-logo-cabecera-new.png\",\"width\":430,\"height\":61,\"caption\":\"Tour Travel And More\"},\"image\":{\"@id\":\"https:\/\/tourtravelandmore.com\/es\/#\/schema\/logo\/image\/\"},\"sameAs\":[\"https:\/\/www.facebook.com\/tourtravelandmore\/\",\"https:\/\/x.com\/TourTravel_More\"]}]}<\/script>\n<!-- \/ Yoast SEO Premium plugin. -->","yoast_head_json":{"title":"\u27a1\ufe0f Traslados privados en Niza - Veh\u00edculos de lujo y ch\u00f3feres profesionales | Tour Travel & More","description":"Aproveche esta oportunidad para llegar a su destino en Niza de la manera m\u00e1s c\u00f3moda y r\u00e1pida posible. Disfruta nuestros traslados privados en Niza \u2705","robots":{"index":"index","follow":"follow","max-snippet":"max-snippet:-1","max-image-preview":"max-image-preview:large","max-video-preview":"max-video-preview:-1"},"canonical":"https:\/\/tourtravelandmore.com\/es\/tours\/francia\/niza-es\/traslados-privados-niza\/","og_locale":"es_ES","og_type":"article","og_title":"Traslados privados desde\/hacia Niza","og_description":"Aproveche esta oportunidad para llegar a su destino en Niza de la manera m\u00e1s c\u00f3moda y r\u00e1pida posible. Disfruta nuestros traslados privados en Niza \u2705","og_url":"https:\/\/tourtravelandmore.com\/es\/tours\/francia\/niza-es\/traslados-privados-niza\/","og_site_name":"Tour Travel And More","article_publisher":"https:\/\/www.facebook.com\/tourtravelandmore\/","article_modified_time":"2022-10-11T14:06:27+00:00","og_image":[{"width":1296,"height":730,"url":"https:\/\/tourtravelandmore.com\/wp-content\/uploads\/2016\/10\/barcelona-wedding-transfer-2.jpg","type":"image\/jpeg"}],"twitter_card":"summary_large_image","twitter_site":"@TourTravel_More","twitter_misc":{"Tiempo de lectura":"2 minutos"},"schema":{"@context":"https:\/\/schema.org","@graph":[{"@type":"WebPage","@id":"https:\/\/tourtravelandmore.com\/es\/tours\/francia\/niza-es\/traslados-privados-niza\/","url":"https:\/\/tourtravelandmore.com\/es\/tours\/francia\/niza-es\/traslados-privados-niza\/","name":"\u27a1\ufe0f Traslados privados en Niza - Veh\u00edculos de lujo y ch\u00f3feres profesionales | Tour Travel & More","isPartOf":{"@id":"https:\/\/tourtravelandmore.com\/es\/#website"},"primaryImageOfPage":{"@id":"https:\/\/tourtravelandmore.com\/es\/tours\/francia\/niza-es\/traslados-privados-niza\/#primaryimage"},"image":{"@id":"https:\/\/tourtravelandmore.com\/es\/tours\/francia\/niza-es\/traslados-privados-niza\/#primaryimage"},"thumbnailUrl":"https:\/\/tourtravelandmore.com\/wp-content\/uploads\/2016\/10\/barcelona-wedding-transfer-2.jpg","datePublished":"2017-05-15T12:08:58+00:00","dateModified":"2022-10-11T14:06:27+00:00","description":"Aproveche esta oportunidad para llegar a su destino en Niza de la manera m\u00e1s c\u00f3moda y r\u00e1pida posible. Disfruta nuestros traslados privados en Niza \u2705","breadcrumb":{"@id":"https:\/\/tourtravelandmore.com\/es\/tours\/francia\/niza-es\/traslados-privados-niza\/#breadcrumb"},"inLanguage":"es","potentialAction":[{"@type":"ReadAction","target":["https:\/\/tourtravelandmore.com\/es\/tours\/francia\/niza-es\/traslados-privados-niza\/"]}]},{"@type":"ImageObject","inLanguage":"es","@id":"https:\/\/tourtravelandmore.com\/es\/tours\/francia\/niza-es\/traslados-privados-niza\/#primaryimage","url":"https:\/\/tourtravelandmore.com\/wp-content\/uploads\/2016\/10\/barcelona-wedding-transfer-2.jpg","contentUrl":"https:\/\/tourtravelandmore.com\/wp-content\/uploads\/2016\/10\/barcelona-wedding-transfer-2.jpg","width":1296,"height":730,"caption":"Mercedes-Benz S-Klasse, (W 222), 2012"},{"@type":"BreadcrumbList","@id":"https:\/\/tourtravelandmore.com\/es\/tours\/francia\/niza-es\/traslados-privados-niza\/#breadcrumb","itemListElement":[{"@type":"ListItem","position":1,"name":"Home","item":"https:\/\/tourtravelandmore.com\/es\/"},{"@type":"ListItem","position":2,"name":"Tours","item":"https:\/\/tourtravelandmore.com\/es\/tours\/"},{"@type":"ListItem","position":3,"name":"Traslados privados desde\/hacia Niza"}]},{"@type":"WebSite","@id":"https:\/\/tourtravelandmore.com\/es\/#website","url":"https:\/\/tourtravelandmore.com\/es\/","name":"Tour Travel And More","description":"Private sightseeing tours and luxury transfers in Spain","publisher":{"@id":"https:\/\/tourtravelandmore.com\/es\/#organization"},"potentialAction":[{"@type":"SearchAction","target":{"@type":"EntryPoint","urlTemplate":"https:\/\/tourtravelandmore.com\/es\/?s={search_term_string}"},"query-input":{"@type":"PropertyValueSpecification","valueRequired":true,"valueName":"search_term_string"}}],"inLanguage":"es"},{"@type":"Organization","@id":"https:\/\/tourtravelandmore.com\/es\/#organization","name":"Tour Travel And More","url":"https:\/\/tourtravelandmore.com\/es\/","logo":{"@type":"ImageObject","inLanguage":"es","@id":"https:\/\/tourtravelandmore.com\/es\/#\/schema\/logo\/image\/","url":"https:\/\/tourtravelandmore.com\/wp-content\/uploads\/2022\/12\/cropped-logo-cabecera-new.png","contentUrl":"https:\/\/tourtravelandmore.com\/wp-content\/uploads\/2022\/12\/cropped-logo-cabecera-new.png","width":430,"height":61,"caption":"Tour Travel And More"},"image":{"@id":"https:\/\/tourtravelandmore.com\/es\/#\/schema\/logo\/image\/"},"sameAs":["https:\/\/www.facebook.com\/tourtravelandmore\/","https:\/\/x.com\/TourTravel_More"]}]}},"_links":{"self":[{"href":"https:\/\/tourtravelandmore.com\/es\/wp-json\/wp\/v2\/product\/12621","targetHints":{"allow":["GET"]}}],"collection":[{"href":"https:\/\/tourtravelandmore.com\/es\/wp-json\/wp\/v2\/product"}],"about":[{"href":"https:\/\/tourtravelandmore.com\/es\/wp-json\/wp\/v2\/types\/product"}],"replies":[{"embeddable":true,"href":"https:\/\/tourtravelandmore.com\/es\/wp-json\/wp\/v2\/comments?post=12621"}],"wp:featuredmedia":[{"embeddable":true,"href":"https:\/\/tourtravelandmore.com\/es\/wp-json\/wp\/v2\/media\/7736"}],"wp:attachment":[{"href":"https:\/\/tourtravelandmore.com\/es\/wp-json\/wp\/v2\/media?parent=12621"}],"wp:term":[{"taxonomy":"product_brand","embeddable":true,"href":"https:\/\/tourtravelandmore.com\/es\/wp-json\/wp\/v2\/product_brand?post=12621"},{"taxonomy":"product_cat","embeddable":true,"href":"https:\/\/tourtravelandmore.com\/es\/wp-json\/wp\/v2\/product_cat?post=12621"},{"taxonomy":"product_tag","embeddable":true,"href":"https:\/\/tourtravelandmore.com\/es\/wp-json\/wp\/v2\/product_tag?post=12621"}],"curies":[{"name":"wp","href":"https:\/\/api.w.org\/{rel}","templated":true}]}}