{"id":12611,"date":"2017-05-15T13:32:11","date_gmt":"2017-05-15T11:58:58","guid":{"rendered":"http:\/\/tourtravelandmore.com\/es\/?post_type=product&#038;p=12611"},"modified":"2025-06-02T17:07:23","modified_gmt":"2025-06-02T15:07:23","slug":"tour-privado-de-niza","status":"publish","type":"product","link":"https:\/\/tourtravelandmore.com\/es\/tours\/francia\/niza-es\/tour-privado-de-niza\/","title":{"rendered":"Tour Privado de Niza con chofer\/gu\u00eda privado"},"content":{"rendered":"<h2><strong>Descripci\u00f3n del Tour Privado de Niza con chofer\/gu\u00eda privado<\/strong><\/h2>\n<p>Disfrute esta oportunidad de poder conocer la ciudad de\u00a0<strong>Niza<\/strong> y el <strong>Cabo\u00a0Ferrat<\/strong> durante un tour privado de Niza en un <strong>coche privado, con un chofer\/gu\u00eda <\/strong>a su disposici\u00f3n.<br \/>\nSu chofer\/gu\u00eda privado le recoger\u00e1 a su horario deseado. Por favor informarnos donde estar\u00e1 alojado, es posible coordinar recogidas desde Cannes, M\u00f3naco, Niza, el puerto Villefranche sur mer y alrededores.<\/p>\n<p>Este tour es completamente personalizable y ajustable a su deseo personal. Puede adaptar vuestro tour de acuerdo a sus deseos contactando con nosotros. Aqu\u00ed os dejamos un ejemplo de itinerario, el tour ser\u00e1 personalizado para que ve\u00e1is y conozc\u00e1is exactamente lo que quer\u00e9is ver en la hermosa ciudad de Niza.<\/p>\n<h2><strong>Puntos de inter\u00e9s en el Tour Privado de Niza con chofer\/gu\u00eda privado<\/strong><\/h2>\n<p>Su chofer\/gu\u00eda privado os recoger\u00e1 en su hotel o lugar indicado al horario elegido por vosotros para dar comienzo a su tour privado de Niza. A continuaci\u00f3n visitar\u00e1n los sitios m\u00e1s importantes de la ciudad; como la ciudad vieja, la catedral de San Nicol\u00e1s (iglesia ortodoxa rusa que fue declarado como monumento nacional de Francia), la <strong>promenade des anglais<\/strong> y les ponchettes, entre otros puntos de la ciudad.<br \/>\nSi est\u00e1is interesado en visitar museos, como el <a href=\"http:\/\/www.musee-matisse-nice.org\/\">Matisse<\/a> o el Chagall, por favor h\u00e1ganoslo saber para acordar una visita guiada y las entradas.<\/p>\n<p>Luego podr\u00e1n visitar el <strong>monte Boron<\/strong>, donde podr\u00e1n disfrutar de una vista privilegiada de la bah\u00eda de Villefranche. A continuaci\u00f3n se dirigir\u00e1n hacia <strong>Cap Ferrat<\/strong>, donde se encuentra la Villa y los jardines de la baronesa Ephrussi de Rothschild. Esta maravillosa villa fue construida entre los a\u00f1os 1905 y 1912.<\/p>\n<p>Contar\u00e1n con su veh\u00edculo privado y chofer\/gu\u00eda durante la total duraci\u00f3n del tour. Recordar que este tour es personalizable y se puede ajustar a sus propios gustos e intereses.<br \/>\n<strong>La duraci\u00f3n de este tour es de 4 horas desde que los recogemos en su hotel hasta el retorno al mismo. Pero no dud\u00e9is en contactarnos si quer\u00e9is una duraci\u00f3n mayor del tour.<\/strong><\/p>\n","protected":false},"excerpt":{"rendered":"<p>Disfrute de un tour privado de Niza con chofer\/gu\u00eda privado y conoce los sitios m\u00e1s emblem\u00e1ticos de Niza c\u00f3modos dentro de vuestro veh\u00edculo privado de lujo. Recogida y devoluci\u00f3n en el sitio deseado en el sur de Francia.<\/p>\n","protected":false},"featured_media":83404,"comment_status":"open","ping_status":"closed","template":"","meta":{"_acf_changed":false},"product_brand":[],"product_cat":[497,588,498],"product_tag":[],"class_list":{"0":"post-12611","1":"product","2":"type-product","3":"status-publish","4":"has-post-thumbnail","6":"product_cat-niza-es","7":"product_cat-niza-actividades-es","8":"product_cat-niza-rutas-turisticas-privadas-es","10":"first","11":"instock","12":"shipping-taxable","13":"purchasable","14":"product-type-simple"},"acf":[],"yoast_head":"<!-- This site is optimized with the Yoast SEO Premium plugin v25.3.1 (Yoast SEO v25.3.1) - https:\/\/yoast.com\/wordpress\/plugins\/seo\/ -->\n<title>\u27a1\ufe0f Tour privado de Niza con chofer\/gu\u00eda privado | Tour Travel &amp; More<\/title>\n<meta name=\"description\" content=\"Disfrute de este tour privado de Niza con chofer\/gu\u00eda y conoce los sitios m\u00e1s emblem\u00e1ticos de Niza c\u00f3modos dentro de vuestro veh\u00edculo privado de lujo \u2705\" \/>\n<meta name=\"robots\" content=\"index, follow, max-snippet:-1, max-image-preview:large, max-video-preview:-1\" \/>\n<link rel=\"canonical\" href=\"https:\/\/tourtravelandmore.com\/es\/tours\/francia\/niza-es\/tour-privado-de-niza\/\" \/>\n<meta property=\"og:locale\" content=\"es_ES\" \/>\n<meta property=\"og:type\" content=\"article\" \/>\n<meta property=\"og:title\" content=\"Tour Privado de Niza con chofer\/gu\u00eda privado\" \/>\n<meta property=\"og:description\" content=\"Disfrute de este tour privado de Niza con chofer\/gu\u00eda y conoce los sitios m\u00e1s emblem\u00e1ticos de Niza c\u00f3modos dentro de vuestro veh\u00edculo privado de lujo \u2705\" \/>\n<meta property=\"og:url\" content=\"https:\/\/tourtravelandmore.com\/es\/tours\/francia\/niza-es\/tour-privado-de-niza\/\" \/>\n<meta property=\"og:site_name\" content=\"Tour Travel And More\" \/>\n<meta property=\"article:publisher\" content=\"https:\/\/www.facebook.com\/tourtravelandmore\/\" \/>\n<meta property=\"article:modified_time\" content=\"2025-06-02T15:07:23+00:00\" \/>\n<meta property=\"og:image\" content=\"https:\/\/tourtravelandmore.com\/wp-content\/uploads\/2017\/05\/Nice-panorama-min-scaled.jpg\" \/>\n\t<meta property=\"og:image:width\" content=\"2560\" \/>\n\t<meta property=\"og:image:height\" content=\"1252\" \/>\n\t<meta property=\"og:image:type\" content=\"image\/jpeg\" \/>\n<meta name=\"twitter:card\" content=\"summary_large_image\" \/>\n<meta name=\"twitter:site\" content=\"@TourTravel_More\" \/>\n<meta name=\"twitter:label1\" content=\"Tiempo de lectura\" \/>\n\t<meta name=\"twitter:data1\" content=\"2 minutos\" \/>\n<script type=\"application\/ld+json\" class=\"yoast-schema-graph\">{\"@context\":\"https:\/\/schema.org\",\"@graph\":[{\"@type\":\"WebPage\",\"@id\":\"https:\/\/tourtravelandmore.com\/es\/tours\/francia\/niza-es\/tour-privado-de-niza\/\",\"url\":\"https:\/\/tourtravelandmore.com\/es\/tours\/francia\/niza-es\/tour-privado-de-niza\/\",\"name\":\"\u27a1\ufe0f Tour privado de Niza con chofer\/gu\u00eda privado | Tour Travel & More\",\"isPartOf\":{\"@id\":\"https:\/\/tourtravelandmore.com\/es\/#website\"},\"primaryImageOfPage\":{\"@id\":\"https:\/\/tourtravelandmore.com\/es\/tours\/francia\/niza-es\/tour-privado-de-niza\/#primaryimage\"},\"image\":{\"@id\":\"https:\/\/tourtravelandmore.com\/es\/tours\/francia\/niza-es\/tour-privado-de-niza\/#primaryimage\"},\"thumbnailUrl\":\"https:\/\/tourtravelandmore.com\/wp-content\/uploads\/2017\/05\/Nice-panorama-min-scaled.jpg\",\"datePublished\":\"2017-05-15T11:58:58+00:00\",\"dateModified\":\"2025-06-02T15:07:23+00:00\",\"description\":\"Disfrute de este tour privado de Niza con chofer\/gu\u00eda y conoce los sitios m\u00e1s emblem\u00e1ticos de Niza c\u00f3modos dentro de vuestro veh\u00edculo privado de lujo \u2705\",\"breadcrumb\":{\"@id\":\"https:\/\/tourtravelandmore.com\/es\/tours\/francia\/niza-es\/tour-privado-de-niza\/#breadcrumb\"},\"inLanguage\":\"es\",\"potentialAction\":[{\"@type\":\"ReadAction\",\"target\":[\"https:\/\/tourtravelandmore.com\/es\/tours\/francia\/niza-es\/tour-privado-de-niza\/\"]}]},{\"@type\":\"ImageObject\",\"inLanguage\":\"es\",\"@id\":\"https:\/\/tourtravelandmore.com\/es\/tours\/francia\/niza-es\/tour-privado-de-niza\/#primaryimage\",\"url\":\"https:\/\/tourtravelandmore.com\/wp-content\/uploads\/2017\/05\/Nice-panorama-min-scaled.jpg\",\"contentUrl\":\"https:\/\/tourtravelandmore.com\/wp-content\/uploads\/2017\/05\/Nice-panorama-min-scaled.jpg\",\"width\":2560,\"height\":1252,\"caption\":\"Nice panorama\"},{\"@type\":\"BreadcrumbList\",\"@id\":\"https:\/\/tourtravelandmore.com\/es\/tours\/francia\/niza-es\/tour-privado-de-niza\/#breadcrumb\",\"itemListElement\":[{\"@type\":\"ListItem\",\"position\":1,\"name\":\"Home\",\"item\":\"https:\/\/tourtravelandmore.com\/es\/\"},{\"@type\":\"ListItem\",\"position\":2,\"name\":\"Tours\",\"item\":\"https:\/\/tourtravelandmore.com\/es\/tours\/\"},{\"@type\":\"ListItem\",\"position\":3,\"name\":\"Tour Privado de Niza con chofer\/gu\u00eda privado\"}]},{\"@type\":\"WebSite\",\"@id\":\"https:\/\/tourtravelandmore.com\/es\/#website\",\"url\":\"https:\/\/tourtravelandmore.com\/es\/\",\"name\":\"Tour Travel And More\",\"description\":\"Private sightseeing tours and luxury transfers in Spain\",\"publisher\":{\"@id\":\"https:\/\/tourtravelandmore.com\/es\/#organization\"},\"potentialAction\":[{\"@type\":\"SearchAction\",\"target\":{\"@type\":\"EntryPoint\",\"urlTemplate\":\"https:\/\/tourtravelandmore.com\/es\/?s={search_term_string}\"},\"query-input\":{\"@type\":\"PropertyValueSpecification\",\"valueRequired\":true,\"valueName\":\"search_term_string\"}}],\"inLanguage\":\"es\"},{\"@type\":\"Organization\",\"@id\":\"https:\/\/tourtravelandmore.com\/es\/#organization\",\"name\":\"Tour Travel And More\",\"url\":\"https:\/\/tourtravelandmore.com\/es\/\",\"logo\":{\"@type\":\"ImageObject\",\"inLanguage\":\"es\",\"@id\":\"https:\/\/tourtravelandmore.com\/es\/#\/schema\/logo\/image\/\",\"url\":\"https:\/\/tourtravelandmore.com\/wp-content\/uploads\/2022\/12\/cropped-logo-cabecera-new.png\",\"contentUrl\":\"https:\/\/tourtravelandmore.com\/wp-content\/uploads\/2022\/12\/cropped-logo-cabecera-new.png\",\"width\":430,\"height\":61,\"caption\":\"Tour Travel And More\"},\"image\":{\"@id\":\"https:\/\/tourtravelandmore.com\/es\/#\/schema\/logo\/image\/\"},\"sameAs\":[\"https:\/\/www.facebook.com\/tourtravelandmore\/\",\"https:\/\/x.com\/TourTravel_More\"]}]}<\/script>\n<!-- \/ Yoast SEO Premium plugin. -->","yoast_head_json":{"title":"\u27a1\ufe0f Tour privado de Niza con chofer\/gu\u00eda privado | Tour Travel & More","description":"Disfrute de este tour privado de Niza con chofer\/gu\u00eda y conoce los sitios m\u00e1s emblem\u00e1ticos de Niza c\u00f3modos dentro de vuestro veh\u00edculo privado de lujo \u2705","robots":{"index":"index","follow":"follow","max-snippet":"max-snippet:-1","max-image-preview":"max-image-preview:large","max-video-preview":"max-video-preview:-1"},"canonical":"https:\/\/tourtravelandmore.com\/es\/tours\/francia\/niza-es\/tour-privado-de-niza\/","og_locale":"es_ES","og_type":"article","og_title":"Tour Privado de Niza con chofer\/gu\u00eda privado","og_description":"Disfrute de este tour privado de Niza con chofer\/gu\u00eda y conoce los sitios m\u00e1s emblem\u00e1ticos de Niza c\u00f3modos dentro de vuestro veh\u00edculo privado de lujo \u2705","og_url":"https:\/\/tourtravelandmore.com\/es\/tours\/francia\/niza-es\/tour-privado-de-niza\/","og_site_name":"Tour Travel And More","article_publisher":"https:\/\/www.facebook.com\/tourtravelandmore\/","article_modified_time":"2025-06-02T15:07:23+00:00","og_image":[{"width":2560,"height":1252,"url":"https:\/\/tourtravelandmore.com\/wp-content\/uploads\/2017\/05\/Nice-panorama-min-scaled.jpg","type":"image\/jpeg"}],"twitter_card":"summary_large_image","twitter_site":"@TourTravel_More","twitter_misc":{"Tiempo de lectura":"2 minutos"},"schema":{"@context":"https:\/\/schema.org","@graph":[{"@type":"WebPage","@id":"https:\/\/tourtravelandmore.com\/es\/tours\/francia\/niza-es\/tour-privado-de-niza\/","url":"https:\/\/tourtravelandmore.com\/es\/tours\/francia\/niza-es\/tour-privado-de-niza\/","name":"\u27a1\ufe0f Tour privado de Niza con chofer\/gu\u00eda privado | Tour Travel & More","isPartOf":{"@id":"https:\/\/tourtravelandmore.com\/es\/#website"},"primaryImageOfPage":{"@id":"https:\/\/tourtravelandmore.com\/es\/tours\/francia\/niza-es\/tour-privado-de-niza\/#primaryimage"},"image":{"@id":"https:\/\/tourtravelandmore.com\/es\/tours\/francia\/niza-es\/tour-privado-de-niza\/#primaryimage"},"thumbnailUrl":"https:\/\/tourtravelandmore.com\/wp-content\/uploads\/2017\/05\/Nice-panorama-min-scaled.jpg","datePublished":"2017-05-15T11:58:58+00:00","dateModified":"2025-06-02T15:07:23+00:00","description":"Disfrute de este tour privado de Niza con chofer\/gu\u00eda y conoce los sitios m\u00e1s emblem\u00e1ticos de Niza c\u00f3modos dentro de vuestro veh\u00edculo privado de lujo \u2705","breadcrumb":{"@id":"https:\/\/tourtravelandmore.com\/es\/tours\/francia\/niza-es\/tour-privado-de-niza\/#breadcrumb"},"inLanguage":"es","potentialAction":[{"@type":"ReadAction","target":["https:\/\/tourtravelandmore.com\/es\/tours\/francia\/niza-es\/tour-privado-de-niza\/"]}]},{"@type":"ImageObject","inLanguage":"es","@id":"https:\/\/tourtravelandmore.com\/es\/tours\/francia\/niza-es\/tour-privado-de-niza\/#primaryimage","url":"https:\/\/tourtravelandmore.com\/wp-content\/uploads\/2017\/05\/Nice-panorama-min-scaled.jpg","contentUrl":"https:\/\/tourtravelandmore.com\/wp-content\/uploads\/2017\/05\/Nice-panorama-min-scaled.jpg","width":2560,"height":1252,"caption":"Nice panorama"},{"@type":"BreadcrumbList","@id":"https:\/\/tourtravelandmore.com\/es\/tours\/francia\/niza-es\/tour-privado-de-niza\/#breadcrumb","itemListElement":[{"@type":"ListItem","position":1,"name":"Home","item":"https:\/\/tourtravelandmore.com\/es\/"},{"@type":"ListItem","position":2,"name":"Tours","item":"https:\/\/tourtravelandmore.com\/es\/tours\/"},{"@type":"ListItem","position":3,"name":"Tour Privado de Niza con chofer\/gu\u00eda privado"}]},{"@type":"WebSite","@id":"https:\/\/tourtravelandmore.com\/es\/#website","url":"https:\/\/tourtravelandmore.com\/es\/","name":"Tour Travel And More","description":"Private sightseeing tours and luxury transfers in Spain","publisher":{"@id":"https:\/\/tourtravelandmore.com\/es\/#organization"},"potentialAction":[{"@type":"SearchAction","target":{"@type":"EntryPoint","urlTemplate":"https:\/\/tourtravelandmore.com\/es\/?s={search_term_string}"},"query-input":{"@type":"PropertyValueSpecification","valueRequired":true,"valueName":"search_term_string"}}],"inLanguage":"es"},{"@type":"Organization","@id":"https:\/\/tourtravelandmore.com\/es\/#organization","name":"Tour Travel And More","url":"https:\/\/tourtravelandmore.com\/es\/","logo":{"@type":"ImageObject","inLanguage":"es","@id":"https:\/\/tourtravelandmore.com\/es\/#\/schema\/logo\/image\/","url":"https:\/\/tourtravelandmore.com\/wp-content\/uploads\/2022\/12\/cropped-logo-cabecera-new.png","contentUrl":"https:\/\/tourtravelandmore.com\/wp-content\/uploads\/2022\/12\/cropped-logo-cabecera-new.png","width":430,"height":61,"caption":"Tour Travel And More"},"image":{"@id":"https:\/\/tourtravelandmore.com\/es\/#\/schema\/logo\/image\/"},"sameAs":["https:\/\/www.facebook.com\/tourtravelandmore\/","https:\/\/x.com\/TourTravel_More"]}]}},"_links":{"self":[{"href":"https:\/\/tourtravelandmore.com\/es\/wp-json\/wp\/v2\/product\/12611","targetHints":{"allow":["GET"]}}],"collection":[{"href":"https:\/\/tourtravelandmore.com\/es\/wp-json\/wp\/v2\/product"}],"about":[{"href":"https:\/\/tourtravelandmore.com\/es\/wp-json\/wp\/v2\/types\/product"}],"replies":[{"embeddable":true,"href":"https:\/\/tourtravelandmore.com\/es\/wp-json\/wp\/v2\/comments?post=12611"}],"wp:featuredmedia":[{"embeddable":true,"href":"https:\/\/tourtravelandmore.com\/es\/wp-json\/wp\/v2\/media\/83404"}],"wp:attachment":[{"href":"https:\/\/tourtravelandmore.com\/es\/wp-json\/wp\/v2\/media?parent=12611"}],"wp:term":[{"taxonomy":"product_brand","embeddable":true,"href":"https:\/\/tourtravelandmore.com\/es\/wp-json\/wp\/v2\/product_brand?post=12611"},{"taxonomy":"product_cat","embeddable":true,"href":"https:\/\/tourtravelandmore.com\/es\/wp-json\/wp\/v2\/product_cat?post=12611"},{"taxonomy":"product_tag","embeddable":true,"href":"https:\/\/tourtravelandmore.com\/es\/wp-json\/wp\/v2\/product_tag?post=12611"}],"curies":[{"name":"wp","href":"https:\/\/api.w.org\/{rel}","templated":true}]}}