{"id":12571,"date":"2017-05-15T10:11:04","date_gmt":"2017-05-15T09:25:12","guid":{"rendered":"http:\/\/tourtravelandmore.com\/es\/?post_type=product&#038;p=12571"},"modified":"2022-08-15T09:49:46","modified_gmt":"2022-08-15T07:49:46","slug":"traslados-privados-monaco","status":"publish","type":"product","link":"https:\/\/tourtravelandmore.com\/es\/tours\/francia\/monaco-es\/traslados-privados-monaco\/","title":{"rendered":"Traslados privados desde\/hacia M\u00f3naco"},"content":{"rendered":"<h2><strong>Descripci\u00f3n de los Traslados\u00a0privados desde\/hacia M\u00f3naco<\/strong><\/h2>\n<p>Disfrute una experiencia relajante y sin preocupaciones en nuestros <strong>veh\u00edculos privados de lujo<\/strong> durante nuestros <strong>traslados privados en Monaco<\/strong>. Cont\u00e1ctenos para una experiencia privada a medida.<\/p>\n<p>Ofrecemos\u00a0<strong>todo tipo de traslados<\/strong> desde\/hacia M\u00f3naco. Ofrecemos traslados privados a aeropuertos, hoteles, estaciones de tren, puertos de crucero y cualquier ciudad en la Riviera francesa.<\/p>\n<p>En caso de solicitar un traslado de llegada al aeropuerto, su chofer privado le estar\u00e1 esperando en la terminal con un cartel a su nombre. Para llegadas al <a href=\"https:\/\/en.nice.aeroport.fr\/\">aeropuerto de Niza<\/a> nuestros choferes monitorean el horario de aterrizaje, por lo que no deber\u00e1 preocuparse en caso de demoras en su vuelo.<\/p>\n<p>En caso de llegada a la terminal de cruceros, podemos organizar un traslado privado a su hotel o alojamiento en M\u00f3naco u otra ciudad de la Riviera francesa, como Niza o Cannes. Ofrecemos tambi\u00e9n excursiones privadas desde el puerto de cruceros. No dude en contactarnos, le enviaremos una propuesta personalizada.<\/p>\n<h2><strong>Puntos de inter\u00e9s de los Traslados privados desde\/hacia M\u00f3naco<\/strong><\/h2>\n<p>Ofrecemos servicio de traslados privado en toda Francia. Nuestro <strong>servicio es personalizado y privado<\/strong>. Nuestra flota de veh\u00edculos es de alta gama, y toda nuestra flota posee la licencia requerida para operar en toda Europa.<\/p>\n<p>M\u00f3naco es una ciudad-estado soberana, situada en el sur de Francia. Su forma de gobierno es una monarqu\u00eda hereditaria y constitucional. El territorio est\u00e1 organizado en 10 distritos. M\u00f3naco se ubica en el mar Mediterr\u00e1neo, en la regi\u00f3n norte de la Riviera Francesa. Se encuentra en la cercan\u00eda de la frontera entre Francia e Italia. M\u00f3naco ocupa el lugar del segundo estado m\u00e1s peque\u00f1o del mundo despu\u00e9s de la ciudad del Vaticano.<\/p>\n<p>Para nuestros traslados privados en M\u00f3naco no limitamos la cantidad de equipaje. Pero le rogamos que nos informe anteriormente la cantidad de equipaje con la que viajar\u00e1, solo por cuestiones log\u00edsticas. Un veh\u00edculo m\u00e1s grande podr\u00eda ser eventualmente necesario.<\/p>\n<p><strong>En caso de necesitar un asiento para beb\u00e9 o ni\u00f1o, p\u00f3ngase en contacto con nosotros antes de su vuelo o crucero para organizarlo correctamente.<\/strong><\/p>\n","protected":false},"excerpt":{"rendered":"<p>Aproveche esta oportunidad para<strong> llegar a su destino en Monaco de la manera m\u00e1s c\u00f3moda y r\u00e1pida posible<\/strong>. Disfrute una experiencia privada a medida, sin preocupaciones.<br \/>\nOrganizamos recogidas desde su hotel, aeropuerto, puerto de cruceros o sitio deseado en la riviera francesa.<\/p>\n","protected":false},"featured_media":8555,"comment_status":"open","ping_status":"closed","template":"","meta":{"_acf_changed":false},"product_brand":[],"product_cat":[488,490],"product_tag":[],"class_list":{"0":"post-12571","1":"product","2":"type-product","3":"status-publish","4":"has-post-thumbnail","6":"product_cat-monaco-es","7":"product_cat-monaco-traslados-es","9":"first","10":"instock","11":"shipping-taxable","12":"purchasable","13":"product-type-simple"},"acf":[],"yoast_head":"<!-- This site is optimized with the Yoast SEO Premium plugin v25.3.1 (Yoast SEO v25.3.1) - https:\/\/yoast.com\/wordpress\/plugins\/seo\/ -->\n<title>\u27a1\ufe0f Traslados privados en Monaco - Veh\u00edculos de lujo y choferes profesionales | Tour Travel &amp; More<\/title>\n<meta name=\"description\" content=\"Llegue a su destino en Monaco de la manera m\u00e1s c\u00f3moda posible con nuestros traslados privados en Monaco. Recogidas desde hotel, aeropuerto o sitio deseado \u2705\" \/>\n<meta name=\"robots\" content=\"index, follow, max-snippet:-1, max-image-preview:large, max-video-preview:-1\" \/>\n<link rel=\"canonical\" href=\"https:\/\/tourtravelandmore.com\/es\/tours\/francia\/monaco-es\/traslados-privados-monaco\/\" \/>\n<meta property=\"og:locale\" content=\"es_ES\" \/>\n<meta property=\"og:type\" content=\"article\" \/>\n<meta property=\"og:title\" content=\"Traslados privados desde\/hacia M\u00f3naco\" \/>\n<meta property=\"og:description\" content=\"Llegue a su destino en Monaco de la manera m\u00e1s c\u00f3moda posible con nuestros traslados privados en Monaco. Recogidas desde hotel, aeropuerto o sitio deseado \u2705\" \/>\n<meta property=\"og:url\" content=\"https:\/\/tourtravelandmore.com\/es\/tours\/francia\/monaco-es\/traslados-privados-monaco\/\" \/>\n<meta property=\"og:site_name\" content=\"Tour Travel And More\" \/>\n<meta property=\"article:publisher\" content=\"https:\/\/www.facebook.com\/tourtravelandmore\/\" \/>\n<meta property=\"article:modified_time\" content=\"2022-08-15T07:49:46+00:00\" \/>\n<meta property=\"og:image\" content=\"https:\/\/tourtravelandmore.com\/wp-content\/uploads\/2016\/10\/madrid-private-transfer.png\" \/>\n\t<meta property=\"og:image:width\" content=\"640\" \/>\n\t<meta property=\"og:image:height\" content=\"425\" \/>\n\t<meta property=\"og:image:type\" content=\"image\/png\" \/>\n<meta name=\"twitter:card\" content=\"summary_large_image\" \/>\n<meta name=\"twitter:site\" content=\"@TourTravel_More\" \/>\n<meta name=\"twitter:label1\" content=\"Tiempo de lectura\" \/>\n\t<meta name=\"twitter:data1\" content=\"2 minutos\" \/>\n<script type=\"application\/ld+json\" class=\"yoast-schema-graph\">{\"@context\":\"https:\/\/schema.org\",\"@graph\":[{\"@type\":\"WebPage\",\"@id\":\"https:\/\/tourtravelandmore.com\/es\/tours\/francia\/monaco-es\/traslados-privados-monaco\/\",\"url\":\"https:\/\/tourtravelandmore.com\/es\/tours\/francia\/monaco-es\/traslados-privados-monaco\/\",\"name\":\"\u27a1\ufe0f Traslados privados en Monaco - Veh\u00edculos de lujo y choferes profesionales | Tour Travel & More\",\"isPartOf\":{\"@id\":\"https:\/\/tourtravelandmore.com\/es\/#website\"},\"primaryImageOfPage\":{\"@id\":\"https:\/\/tourtravelandmore.com\/es\/tours\/francia\/monaco-es\/traslados-privados-monaco\/#primaryimage\"},\"image\":{\"@id\":\"https:\/\/tourtravelandmore.com\/es\/tours\/francia\/monaco-es\/traslados-privados-monaco\/#primaryimage\"},\"thumbnailUrl\":\"https:\/\/tourtravelandmore.com\/wp-content\/uploads\/2016\/10\/madrid-private-transfer.png\",\"datePublished\":\"2017-05-15T09:25:12+00:00\",\"dateModified\":\"2022-08-15T07:49:46+00:00\",\"description\":\"Llegue a su destino en Monaco de la manera m\u00e1s c\u00f3moda posible con nuestros traslados privados en Monaco. Recogidas desde hotel, aeropuerto o sitio deseado \u2705\",\"breadcrumb\":{\"@id\":\"https:\/\/tourtravelandmore.com\/es\/tours\/francia\/monaco-es\/traslados-privados-monaco\/#breadcrumb\"},\"inLanguage\":\"es\",\"potentialAction\":[{\"@type\":\"ReadAction\",\"target\":[\"https:\/\/tourtravelandmore.com\/es\/tours\/francia\/monaco-es\/traslados-privados-monaco\/\"]}]},{\"@type\":\"ImageObject\",\"inLanguage\":\"es\",\"@id\":\"https:\/\/tourtravelandmore.com\/es\/tours\/francia\/monaco-es\/traslados-privados-monaco\/#primaryimage\",\"url\":\"https:\/\/tourtravelandmore.com\/wp-content\/uploads\/2016\/10\/madrid-private-transfer.png\",\"contentUrl\":\"https:\/\/tourtravelandmore.com\/wp-content\/uploads\/2016\/10\/madrid-private-transfer.png\",\"width\":640,\"height\":425},{\"@type\":\"BreadcrumbList\",\"@id\":\"https:\/\/tourtravelandmore.com\/es\/tours\/francia\/monaco-es\/traslados-privados-monaco\/#breadcrumb\",\"itemListElement\":[{\"@type\":\"ListItem\",\"position\":1,\"name\":\"Home\",\"item\":\"https:\/\/tourtravelandmore.com\/es\/\"},{\"@type\":\"ListItem\",\"position\":2,\"name\":\"Tours\",\"item\":\"https:\/\/tourtravelandmore.com\/es\/tours\/\"},{\"@type\":\"ListItem\",\"position\":3,\"name\":\"Traslados privados desde\/hacia M\u00f3naco\"}]},{\"@type\":\"WebSite\",\"@id\":\"https:\/\/tourtravelandmore.com\/es\/#website\",\"url\":\"https:\/\/tourtravelandmore.com\/es\/\",\"name\":\"Tour Travel And More\",\"description\":\"Private sightseeing tours and luxury transfers in Spain\",\"publisher\":{\"@id\":\"https:\/\/tourtravelandmore.com\/es\/#organization\"},\"potentialAction\":[{\"@type\":\"SearchAction\",\"target\":{\"@type\":\"EntryPoint\",\"urlTemplate\":\"https:\/\/tourtravelandmore.com\/es\/?s={search_term_string}\"},\"query-input\":{\"@type\":\"PropertyValueSpecification\",\"valueRequired\":true,\"valueName\":\"search_term_string\"}}],\"inLanguage\":\"es\"},{\"@type\":\"Organization\",\"@id\":\"https:\/\/tourtravelandmore.com\/es\/#organization\",\"name\":\"Tour Travel And More\",\"url\":\"https:\/\/tourtravelandmore.com\/es\/\",\"logo\":{\"@type\":\"ImageObject\",\"inLanguage\":\"es\",\"@id\":\"https:\/\/tourtravelandmore.com\/es\/#\/schema\/logo\/image\/\",\"url\":\"https:\/\/tourtravelandmore.com\/wp-content\/uploads\/2022\/12\/cropped-logo-cabecera-new.png\",\"contentUrl\":\"https:\/\/tourtravelandmore.com\/wp-content\/uploads\/2022\/12\/cropped-logo-cabecera-new.png\",\"width\":430,\"height\":61,\"caption\":\"Tour Travel And More\"},\"image\":{\"@id\":\"https:\/\/tourtravelandmore.com\/es\/#\/schema\/logo\/image\/\"},\"sameAs\":[\"https:\/\/www.facebook.com\/tourtravelandmore\/\",\"https:\/\/x.com\/TourTravel_More\"]}]}<\/script>\n<!-- \/ Yoast SEO Premium plugin. -->","yoast_head_json":{"title":"\u27a1\ufe0f Traslados privados en Monaco - Veh\u00edculos de lujo y choferes profesionales | Tour Travel & More","description":"Llegue a su destino en Monaco de la manera m\u00e1s c\u00f3moda posible con nuestros traslados privados en Monaco. Recogidas desde hotel, aeropuerto o sitio deseado \u2705","robots":{"index":"index","follow":"follow","max-snippet":"max-snippet:-1","max-image-preview":"max-image-preview:large","max-video-preview":"max-video-preview:-1"},"canonical":"https:\/\/tourtravelandmore.com\/es\/tours\/francia\/monaco-es\/traslados-privados-monaco\/","og_locale":"es_ES","og_type":"article","og_title":"Traslados privados desde\/hacia M\u00f3naco","og_description":"Llegue a su destino en Monaco de la manera m\u00e1s c\u00f3moda posible con nuestros traslados privados en Monaco. Recogidas desde hotel, aeropuerto o sitio deseado \u2705","og_url":"https:\/\/tourtravelandmore.com\/es\/tours\/francia\/monaco-es\/traslados-privados-monaco\/","og_site_name":"Tour Travel And More","article_publisher":"https:\/\/www.facebook.com\/tourtravelandmore\/","article_modified_time":"2022-08-15T07:49:46+00:00","og_image":[{"width":640,"height":425,"url":"https:\/\/tourtravelandmore.com\/wp-content\/uploads\/2016\/10\/madrid-private-transfer.png","type":"image\/png"}],"twitter_card":"summary_large_image","twitter_site":"@TourTravel_More","twitter_misc":{"Tiempo de lectura":"2 minutos"},"schema":{"@context":"https:\/\/schema.org","@graph":[{"@type":"WebPage","@id":"https:\/\/tourtravelandmore.com\/es\/tours\/francia\/monaco-es\/traslados-privados-monaco\/","url":"https:\/\/tourtravelandmore.com\/es\/tours\/francia\/monaco-es\/traslados-privados-monaco\/","name":"\u27a1\ufe0f Traslados privados en Monaco - Veh\u00edculos de lujo y choferes profesionales | Tour Travel & More","isPartOf":{"@id":"https:\/\/tourtravelandmore.com\/es\/#website"},"primaryImageOfPage":{"@id":"https:\/\/tourtravelandmore.com\/es\/tours\/francia\/monaco-es\/traslados-privados-monaco\/#primaryimage"},"image":{"@id":"https:\/\/tourtravelandmore.com\/es\/tours\/francia\/monaco-es\/traslados-privados-monaco\/#primaryimage"},"thumbnailUrl":"https:\/\/tourtravelandmore.com\/wp-content\/uploads\/2016\/10\/madrid-private-transfer.png","datePublished":"2017-05-15T09:25:12+00:00","dateModified":"2022-08-15T07:49:46+00:00","description":"Llegue a su destino en Monaco de la manera m\u00e1s c\u00f3moda posible con nuestros traslados privados en Monaco. Recogidas desde hotel, aeropuerto o sitio deseado \u2705","breadcrumb":{"@id":"https:\/\/tourtravelandmore.com\/es\/tours\/francia\/monaco-es\/traslados-privados-monaco\/#breadcrumb"},"inLanguage":"es","potentialAction":[{"@type":"ReadAction","target":["https:\/\/tourtravelandmore.com\/es\/tours\/francia\/monaco-es\/traslados-privados-monaco\/"]}]},{"@type":"ImageObject","inLanguage":"es","@id":"https:\/\/tourtravelandmore.com\/es\/tours\/francia\/monaco-es\/traslados-privados-monaco\/#primaryimage","url":"https:\/\/tourtravelandmore.com\/wp-content\/uploads\/2016\/10\/madrid-private-transfer.png","contentUrl":"https:\/\/tourtravelandmore.com\/wp-content\/uploads\/2016\/10\/madrid-private-transfer.png","width":640,"height":425},{"@type":"BreadcrumbList","@id":"https:\/\/tourtravelandmore.com\/es\/tours\/francia\/monaco-es\/traslados-privados-monaco\/#breadcrumb","itemListElement":[{"@type":"ListItem","position":1,"name":"Home","item":"https:\/\/tourtravelandmore.com\/es\/"},{"@type":"ListItem","position":2,"name":"Tours","item":"https:\/\/tourtravelandmore.com\/es\/tours\/"},{"@type":"ListItem","position":3,"name":"Traslados privados desde\/hacia M\u00f3naco"}]},{"@type":"WebSite","@id":"https:\/\/tourtravelandmore.com\/es\/#website","url":"https:\/\/tourtravelandmore.com\/es\/","name":"Tour Travel And More","description":"Private sightseeing tours and luxury transfers in Spain","publisher":{"@id":"https:\/\/tourtravelandmore.com\/es\/#organization"},"potentialAction":[{"@type":"SearchAction","target":{"@type":"EntryPoint","urlTemplate":"https:\/\/tourtravelandmore.com\/es\/?s={search_term_string}"},"query-input":{"@type":"PropertyValueSpecification","valueRequired":true,"valueName":"search_term_string"}}],"inLanguage":"es"},{"@type":"Organization","@id":"https:\/\/tourtravelandmore.com\/es\/#organization","name":"Tour Travel And More","url":"https:\/\/tourtravelandmore.com\/es\/","logo":{"@type":"ImageObject","inLanguage":"es","@id":"https:\/\/tourtravelandmore.com\/es\/#\/schema\/logo\/image\/","url":"https:\/\/tourtravelandmore.com\/wp-content\/uploads\/2022\/12\/cropped-logo-cabecera-new.png","contentUrl":"https:\/\/tourtravelandmore.com\/wp-content\/uploads\/2022\/12\/cropped-logo-cabecera-new.png","width":430,"height":61,"caption":"Tour Travel And More"},"image":{"@id":"https:\/\/tourtravelandmore.com\/es\/#\/schema\/logo\/image\/"},"sameAs":["https:\/\/www.facebook.com\/tourtravelandmore\/","https:\/\/x.com\/TourTravel_More"]}]}},"_links":{"self":[{"href":"https:\/\/tourtravelandmore.com\/es\/wp-json\/wp\/v2\/product\/12571","targetHints":{"allow":["GET"]}}],"collection":[{"href":"https:\/\/tourtravelandmore.com\/es\/wp-json\/wp\/v2\/product"}],"about":[{"href":"https:\/\/tourtravelandmore.com\/es\/wp-json\/wp\/v2\/types\/product"}],"replies":[{"embeddable":true,"href":"https:\/\/tourtravelandmore.com\/es\/wp-json\/wp\/v2\/comments?post=12571"}],"wp:featuredmedia":[{"embeddable":true,"href":"https:\/\/tourtravelandmore.com\/es\/wp-json\/wp\/v2\/media\/8555"}],"wp:attachment":[{"href":"https:\/\/tourtravelandmore.com\/es\/wp-json\/wp\/v2\/media?parent=12571"}],"wp:term":[{"taxonomy":"product_brand","embeddable":true,"href":"https:\/\/tourtravelandmore.com\/es\/wp-json\/wp\/v2\/product_brand?post=12571"},{"taxonomy":"product_cat","embeddable":true,"href":"https:\/\/tourtravelandmore.com\/es\/wp-json\/wp\/v2\/product_cat?post=12571"},{"taxonomy":"product_tag","embeddable":true,"href":"https:\/\/tourtravelandmore.com\/es\/wp-json\/wp\/v2\/product_tag?post=12571"}],"curies":[{"name":"wp","href":"https:\/\/api.w.org\/{rel}","templated":true}]}}