{"id":125708,"date":"2022-05-11T17:33:00","date_gmt":"2022-05-11T15:33:01","guid":{"rendered":"https:\/\/tourtravelandmore.com\/?post_type=product&#038;p=125708"},"modified":"2023-09-22T10:07:46","modified_gmt":"2023-09-22T08:07:46","slug":"tour-privado-del-vino-y-aceite-de-oliva-desde-atenas","status":"publish","type":"product","link":"https:\/\/tourtravelandmore.com\/es\/tours\/grecia-es\/atenas-es\/tour-privado-del-vino-y-aceite-de-oliva-desde-atenas\/","title":{"rendered":"Tour privado del vino y aceite de oliva desde Atenas"},"content":{"rendered":"<h2><b>Descripci\u00f3n del Tour privado del vino y aceite de oliva desde Atenas<\/b><\/h2>\n<p><span style=\"font-weight: 400;\">El tour privado del vino y aceite de oliva desde Atenas es una excelente manera de descubrir la belleza de Grecia. Los participantes en el tour disfrutar\u00e1n de un viaje a trav\u00e9s de las monta\u00f1as, visitando bodegas y vi\u00f1edos en busca de la mejor uva. Tambi\u00e9n se har\u00e1 una parada en una aceitera para aprender acerca de la producci\u00f3n de aceite de oliva.<\/span><\/p>\n<p><span style=\"font-weight: 400;\">Este es un Tour Privado desde Atenas es completamente personalizado. Descubrir\u00e1s este hermoso lugar y sus lugares m\u00e1s emblem\u00e1ticos con tu conductor privado.<\/span><\/p>\n<p><span style=\"font-weight: 400;\">Disfrute de una Cata de vinos, le llevaremos a una bodega donde crecen y producen uno de los mejores vinos de toda Grecia.<\/span><\/p>\n<p><span style=\"font-weight: 400;\">Disfrute de la flexibilidad de este tour donde podemos enfocarnos en los sitios que m\u00e1s le interesan. Durante su recorrido su conductor lo llevar\u00e1 a los mejores lugares de la ciudad para que tome las mejores fotograf\u00edas.<\/span><\/p>\n<h2><b>Puntos de inter\u00e9s en el Tour privado del vino y aceite de oliva desde Atenas<\/b><\/h2>\n<p><span style=\"font-weight: 400;\">En primer lugar, su chofer privado le recoger\u00e1 en su hotel o punto de elecci\u00f3n en Atenas para comenzar con esta excursi\u00f3n privada de 8 horas a la cata de vinos y aceite de oliva, incluye entradas a los lugares que visitaremos. Ser\u00e1 una experiencia que jam\u00e1s podr\u00e1 olvidar.<\/span><\/p>\n<p><span style=\"font-weight: 400;\">Los lugares que podr\u00e1 conocer en esta visita privada son:<\/span><\/p>\n<h3><b>Cata de vinos en Atenas<\/b><\/h3>\n<p><span style=\"font-weight: 400;\">Hay muchas catas de vinos en Atenas. La ciudad tiene una larga tradici\u00f3n vitivin\u00edcola. Pero, \u00bfcu\u00e1l es la mejor cata de vinos en Atenas? \u00bfQu\u00e9 incluye el tour?<\/span><\/p>\n<p><span style=\"font-weight: 400;\">La cata de vinos que Tour Travel &amp; More ofrece incluye:<\/span><\/p>\n<ol>\n<li><b> Entrada a la sala de catas.<\/b><\/li>\n<li><b> Presentaci\u00f3n de los vinos por parte del sumiller.<\/b><\/li>\n<li><b> Castigando el paladar.<\/b><\/li>\n<li><b> Descripci\u00f3n de los vinos.<\/b><\/li>\n<li><b> Elaboraci\u00f3n de las notas de cata.<\/b><\/li>\n<li><b> Degustaci\u00f3n de los vinos.<\/b><\/li>\n<li><b> Puntuaciones y comentarios finales.<\/b><\/li>\n<\/ol>\n<h3><b>Degustaci\u00f3n de los mejores productores de aceite de oliva<\/b><\/h3>\n<p><span style=\"font-weight: 400;\">Los aceites de oliva son un producto excelente para la salud, ya que aportan grasas monoinsaturadas beneficiosas para nuestro organismo. De todos los aceites de oliva, el aceite de oliva virgen extra es el que tiene una mayor calidad.<\/span><\/p>\n<p><span style=\"font-weight: 400;\">El tour le incluye una visita a una localidad donde producen uno de los mejores aceites de oliva en toda Grecia, podr\u00e1 observar y contemplar el m\u00e9todo de producci\u00f3n, selecci\u00f3n y embotellamiento artesanal que ofrece este interesante y hermoso proceso.<\/span><\/p>\n<p><span style=\"font-weight: 400;\">Finalmente, al finalizar su recorrido, su conductor lo llevar\u00e1 de regreso a su punto de partida en Atenas.<\/span><\/p>\n<p><span style=\"font-weight: 400;\">En caso de que desee incluir entradas a alg\u00fan monumento o museo, h\u00e1ganoslo saber y lo gestionaremos por usted. Este es un recorrido de 8 horas, pero en caso de que lo prefiera podemos incluir m\u00e1s horas a su experiencia.<\/span><\/p>\n<p><span style=\"font-weight: 400;\">El recorrido es totalmente personalizable. Comun\u00edquese con nosotros para hacer de su recorrido una experiencia \u00fanica y ayudarlo a organizar su recorrido privado a su conveniencia.<\/span><\/p>\n<p><span style=\"font-weight: 400;\">Si, por otra parte, desea conocer m\u00e1s de Grecia, no olvide visitar uno de nuestros <\/span><a href=\"https:\/\/tourtravelandmore.com\/es\/ciudad\/grecia-es\/atenas-es\/#shop\/\"><span style=\"font-weight: 400;\">tours privados en Atenas.<\/span><\/a><\/p>\n","protected":false},"excerpt":{"rendered":"<p><span style=\"font-weight: 400;\">Descubra la historia, cultura y paisajes de Grecia a trav\u00e9s de un tour privado de vino y aceite de oliva. Nuestro conductor les llevar\u00e1 a las zonas m\u00e1s pintorescas del pa\u00eds para mostrarle las bodegas y vi\u00f1edos donde se produce el mejor vino y aceite de oliva. \u00a1Reserve ya su tour!<\/span><\/p>\n","protected":false},"featured_media":125727,"comment_status":"open","ping_status":"closed","template":"","meta":{"_acf_changed":false},"product_brand":[],"product_cat":[1251,1252,1253,1254],"product_tag":[],"class_list":{"0":"post-125708","1":"product","2":"type-product","3":"status-publish","4":"has-post-thumbnail","6":"product_cat-atenas-es","7":"product_cat-atenas-actividades-es","8":"product_cat-atenas-rutas-turisticas-privadas-es","9":"product_cat-atenas-excursiones-privadas-cruceros-es","11":"first","12":"instock","13":"shipping-taxable","14":"purchasable","15":"product-type-simple"},"acf":[],"yoast_head":"<!-- This site is optimized with the Yoast SEO Premium plugin v25.3.1 (Yoast SEO v25.3.1) - https:\/\/yoast.com\/wordpress\/plugins\/seo\/ -->\n<title>\u27a1\ufe0f Tour privado de cata de vino y aceite de oliva en Atenas | Tour Travel &amp; More<\/title>\n<meta name=\"description\" content=\"Viaje privado por el vino y aceite de oliva en Grecia. Desde Atenas, visitaremos las regiones vin\u00edcolas m\u00e1s famosas y Productores de aceite de oliva. Disfrute de una experiencia \u00fanica \u2705\" \/>\n<meta name=\"robots\" content=\"index, follow, max-snippet:-1, max-image-preview:large, max-video-preview:-1\" \/>\n<link rel=\"canonical\" href=\"https:\/\/tourtravelandmore.com\/es\/tours\/grecia-es\/atenas-es\/tour-privado-del-vino-y-aceite-de-oliva-desde-atenas\/\" \/>\n<meta property=\"og:locale\" content=\"es_ES\" \/>\n<meta property=\"og:type\" content=\"article\" \/>\n<meta property=\"og:title\" content=\"Tour privado del vino y aceite de oliva desde Atenas\" \/>\n<meta property=\"og:description\" content=\"Viaje privado por el vino y aceite de oliva en Grecia. Desde Atenas, visitaremos las regiones vin\u00edcolas m\u00e1s famosas y Productores de aceite de oliva. Disfrute de una experiencia \u00fanica \u2705\" \/>\n<meta property=\"og:url\" content=\"https:\/\/tourtravelandmore.com\/es\/tours\/grecia-es\/atenas-es\/tour-privado-del-vino-y-aceite-de-oliva-desde-atenas\/\" \/>\n<meta property=\"og:site_name\" content=\"Tour Travel And More\" \/>\n<meta property=\"article:publisher\" content=\"https:\/\/www.facebook.com\/tourtravelandmore\/\" \/>\n<meta property=\"article:modified_time\" content=\"2023-09-22T08:07:46+00:00\" \/>\n<meta property=\"og:image\" content=\"https:\/\/tourtravelandmore.com\/wp-content\/uploads\/2022\/05\/image2-6.jpg\" \/>\n\t<meta property=\"og:image:width\" content=\"1250\" \/>\n\t<meta property=\"og:image:height\" content=\"750\" \/>\n\t<meta property=\"og:image:type\" content=\"image\/jpeg\" \/>\n<meta name=\"twitter:card\" content=\"summary_large_image\" \/>\n<meta name=\"twitter:site\" content=\"@TourTravel_More\" \/>\n<meta name=\"twitter:label1\" content=\"Tiempo de lectura\" \/>\n\t<meta name=\"twitter:data1\" content=\"3 minutos\" \/>\n<script type=\"application\/ld+json\" class=\"yoast-schema-graph\">{\"@context\":\"https:\/\/schema.org\",\"@graph\":[{\"@type\":\"WebPage\",\"@id\":\"https:\/\/tourtravelandmore.com\/es\/tours\/grecia-es\/atenas-es\/tour-privado-del-vino-y-aceite-de-oliva-desde-atenas\/\",\"url\":\"https:\/\/tourtravelandmore.com\/es\/tours\/grecia-es\/atenas-es\/tour-privado-del-vino-y-aceite-de-oliva-desde-atenas\/\",\"name\":\"\u27a1\ufe0f Tour privado de cata de vino y aceite de oliva en Atenas | Tour Travel & More\",\"isPartOf\":{\"@id\":\"https:\/\/tourtravelandmore.com\/es\/#website\"},\"primaryImageOfPage\":{\"@id\":\"https:\/\/tourtravelandmore.com\/es\/tours\/grecia-es\/atenas-es\/tour-privado-del-vino-y-aceite-de-oliva-desde-atenas\/#primaryimage\"},\"image\":{\"@id\":\"https:\/\/tourtravelandmore.com\/es\/tours\/grecia-es\/atenas-es\/tour-privado-del-vino-y-aceite-de-oliva-desde-atenas\/#primaryimage\"},\"thumbnailUrl\":\"https:\/\/tourtravelandmore.com\/wp-content\/uploads\/2022\/05\/image2-6.jpg\",\"datePublished\":\"2022-05-11T15:33:01+00:00\",\"dateModified\":\"2023-09-22T08:07:46+00:00\",\"description\":\"Viaje privado por el vino y aceite de oliva en Grecia. Desde Atenas, visitaremos las regiones vin\u00edcolas m\u00e1s famosas y Productores de aceite de oliva. Disfrute de una experiencia \u00fanica \u2705\",\"breadcrumb\":{\"@id\":\"https:\/\/tourtravelandmore.com\/es\/tours\/grecia-es\/atenas-es\/tour-privado-del-vino-y-aceite-de-oliva-desde-atenas\/#breadcrumb\"},\"inLanguage\":\"es\",\"potentialAction\":[{\"@type\":\"ReadAction\",\"target\":[\"https:\/\/tourtravelandmore.com\/es\/tours\/grecia-es\/atenas-es\/tour-privado-del-vino-y-aceite-de-oliva-desde-atenas\/\"]}]},{\"@type\":\"ImageObject\",\"inLanguage\":\"es\",\"@id\":\"https:\/\/tourtravelandmore.com\/es\/tours\/grecia-es\/atenas-es\/tour-privado-del-vino-y-aceite-de-oliva-desde-atenas\/#primaryimage\",\"url\":\"https:\/\/tourtravelandmore.com\/wp-content\/uploads\/2022\/05\/image2-6.jpg\",\"contentUrl\":\"https:\/\/tourtravelandmore.com\/wp-content\/uploads\/2022\/05\/image2-6.jpg\",\"width\":1250,\"height\":750},{\"@type\":\"BreadcrumbList\",\"@id\":\"https:\/\/tourtravelandmore.com\/es\/tours\/grecia-es\/atenas-es\/tour-privado-del-vino-y-aceite-de-oliva-desde-atenas\/#breadcrumb\",\"itemListElement\":[{\"@type\":\"ListItem\",\"position\":1,\"name\":\"Home\",\"item\":\"https:\/\/tourtravelandmore.com\/es\/\"},{\"@type\":\"ListItem\",\"position\":2,\"name\":\"Tours\",\"item\":\"https:\/\/tourtravelandmore.com\/es\/tours\/\"},{\"@type\":\"ListItem\",\"position\":3,\"name\":\"Tour privado del vino y aceite de oliva desde Atenas\"}]},{\"@type\":\"WebSite\",\"@id\":\"https:\/\/tourtravelandmore.com\/es\/#website\",\"url\":\"https:\/\/tourtravelandmore.com\/es\/\",\"name\":\"Tour Travel And More\",\"description\":\"Private sightseeing tours and luxury transfers in Spain\",\"publisher\":{\"@id\":\"https:\/\/tourtravelandmore.com\/es\/#organization\"},\"potentialAction\":[{\"@type\":\"SearchAction\",\"target\":{\"@type\":\"EntryPoint\",\"urlTemplate\":\"https:\/\/tourtravelandmore.com\/es\/?s={search_term_string}\"},\"query-input\":{\"@type\":\"PropertyValueSpecification\",\"valueRequired\":true,\"valueName\":\"search_term_string\"}}],\"inLanguage\":\"es\"},{\"@type\":\"Organization\",\"@id\":\"https:\/\/tourtravelandmore.com\/es\/#organization\",\"name\":\"Tour Travel And More\",\"url\":\"https:\/\/tourtravelandmore.com\/es\/\",\"logo\":{\"@type\":\"ImageObject\",\"inLanguage\":\"es\",\"@id\":\"https:\/\/tourtravelandmore.com\/es\/#\/schema\/logo\/image\/\",\"url\":\"https:\/\/tourtravelandmore.com\/wp-content\/uploads\/2022\/12\/cropped-logo-cabecera-new.png\",\"contentUrl\":\"https:\/\/tourtravelandmore.com\/wp-content\/uploads\/2022\/12\/cropped-logo-cabecera-new.png\",\"width\":430,\"height\":61,\"caption\":\"Tour Travel And More\"},\"image\":{\"@id\":\"https:\/\/tourtravelandmore.com\/es\/#\/schema\/logo\/image\/\"},\"sameAs\":[\"https:\/\/www.facebook.com\/tourtravelandmore\/\",\"https:\/\/x.com\/TourTravel_More\"]}]}<\/script>\n<!-- \/ Yoast SEO Premium plugin. -->","yoast_head_json":{"title":"\u27a1\ufe0f Tour privado de cata de vino y aceite de oliva en Atenas | Tour Travel & More","description":"Viaje privado por el vino y aceite de oliva en Grecia. Desde Atenas, visitaremos las regiones vin\u00edcolas m\u00e1s famosas y Productores de aceite de oliva. Disfrute de una experiencia \u00fanica \u2705","robots":{"index":"index","follow":"follow","max-snippet":"max-snippet:-1","max-image-preview":"max-image-preview:large","max-video-preview":"max-video-preview:-1"},"canonical":"https:\/\/tourtravelandmore.com\/es\/tours\/grecia-es\/atenas-es\/tour-privado-del-vino-y-aceite-de-oliva-desde-atenas\/","og_locale":"es_ES","og_type":"article","og_title":"Tour privado del vino y aceite de oliva desde Atenas","og_description":"Viaje privado por el vino y aceite de oliva en Grecia. Desde Atenas, visitaremos las regiones vin\u00edcolas m\u00e1s famosas y Productores de aceite de oliva. Disfrute de una experiencia \u00fanica \u2705","og_url":"https:\/\/tourtravelandmore.com\/es\/tours\/grecia-es\/atenas-es\/tour-privado-del-vino-y-aceite-de-oliva-desde-atenas\/","og_site_name":"Tour Travel And More","article_publisher":"https:\/\/www.facebook.com\/tourtravelandmore\/","article_modified_time":"2023-09-22T08:07:46+00:00","og_image":[{"width":1250,"height":750,"url":"https:\/\/tourtravelandmore.com\/wp-content\/uploads\/2022\/05\/image2-6.jpg","type":"image\/jpeg"}],"twitter_card":"summary_large_image","twitter_site":"@TourTravel_More","twitter_misc":{"Tiempo de lectura":"3 minutos"},"schema":{"@context":"https:\/\/schema.org","@graph":[{"@type":"WebPage","@id":"https:\/\/tourtravelandmore.com\/es\/tours\/grecia-es\/atenas-es\/tour-privado-del-vino-y-aceite-de-oliva-desde-atenas\/","url":"https:\/\/tourtravelandmore.com\/es\/tours\/grecia-es\/atenas-es\/tour-privado-del-vino-y-aceite-de-oliva-desde-atenas\/","name":"\u27a1\ufe0f Tour privado de cata de vino y aceite de oliva en Atenas | Tour Travel & More","isPartOf":{"@id":"https:\/\/tourtravelandmore.com\/es\/#website"},"primaryImageOfPage":{"@id":"https:\/\/tourtravelandmore.com\/es\/tours\/grecia-es\/atenas-es\/tour-privado-del-vino-y-aceite-de-oliva-desde-atenas\/#primaryimage"},"image":{"@id":"https:\/\/tourtravelandmore.com\/es\/tours\/grecia-es\/atenas-es\/tour-privado-del-vino-y-aceite-de-oliva-desde-atenas\/#primaryimage"},"thumbnailUrl":"https:\/\/tourtravelandmore.com\/wp-content\/uploads\/2022\/05\/image2-6.jpg","datePublished":"2022-05-11T15:33:01+00:00","dateModified":"2023-09-22T08:07:46+00:00","description":"Viaje privado por el vino y aceite de oliva en Grecia. Desde Atenas, visitaremos las regiones vin\u00edcolas m\u00e1s famosas y Productores de aceite de oliva. Disfrute de una experiencia \u00fanica \u2705","breadcrumb":{"@id":"https:\/\/tourtravelandmore.com\/es\/tours\/grecia-es\/atenas-es\/tour-privado-del-vino-y-aceite-de-oliva-desde-atenas\/#breadcrumb"},"inLanguage":"es","potentialAction":[{"@type":"ReadAction","target":["https:\/\/tourtravelandmore.com\/es\/tours\/grecia-es\/atenas-es\/tour-privado-del-vino-y-aceite-de-oliva-desde-atenas\/"]}]},{"@type":"ImageObject","inLanguage":"es","@id":"https:\/\/tourtravelandmore.com\/es\/tours\/grecia-es\/atenas-es\/tour-privado-del-vino-y-aceite-de-oliva-desde-atenas\/#primaryimage","url":"https:\/\/tourtravelandmore.com\/wp-content\/uploads\/2022\/05\/image2-6.jpg","contentUrl":"https:\/\/tourtravelandmore.com\/wp-content\/uploads\/2022\/05\/image2-6.jpg","width":1250,"height":750},{"@type":"BreadcrumbList","@id":"https:\/\/tourtravelandmore.com\/es\/tours\/grecia-es\/atenas-es\/tour-privado-del-vino-y-aceite-de-oliva-desde-atenas\/#breadcrumb","itemListElement":[{"@type":"ListItem","position":1,"name":"Home","item":"https:\/\/tourtravelandmore.com\/es\/"},{"@type":"ListItem","position":2,"name":"Tours","item":"https:\/\/tourtravelandmore.com\/es\/tours\/"},{"@type":"ListItem","position":3,"name":"Tour privado del vino y aceite de oliva desde Atenas"}]},{"@type":"WebSite","@id":"https:\/\/tourtravelandmore.com\/es\/#website","url":"https:\/\/tourtravelandmore.com\/es\/","name":"Tour Travel And More","description":"Private sightseeing tours and luxury transfers in Spain","publisher":{"@id":"https:\/\/tourtravelandmore.com\/es\/#organization"},"potentialAction":[{"@type":"SearchAction","target":{"@type":"EntryPoint","urlTemplate":"https:\/\/tourtravelandmore.com\/es\/?s={search_term_string}"},"query-input":{"@type":"PropertyValueSpecification","valueRequired":true,"valueName":"search_term_string"}}],"inLanguage":"es"},{"@type":"Organization","@id":"https:\/\/tourtravelandmore.com\/es\/#organization","name":"Tour Travel And More","url":"https:\/\/tourtravelandmore.com\/es\/","logo":{"@type":"ImageObject","inLanguage":"es","@id":"https:\/\/tourtravelandmore.com\/es\/#\/schema\/logo\/image\/","url":"https:\/\/tourtravelandmore.com\/wp-content\/uploads\/2022\/12\/cropped-logo-cabecera-new.png","contentUrl":"https:\/\/tourtravelandmore.com\/wp-content\/uploads\/2022\/12\/cropped-logo-cabecera-new.png","width":430,"height":61,"caption":"Tour Travel And More"},"image":{"@id":"https:\/\/tourtravelandmore.com\/es\/#\/schema\/logo\/image\/"},"sameAs":["https:\/\/www.facebook.com\/tourtravelandmore\/","https:\/\/x.com\/TourTravel_More"]}]}},"_links":{"self":[{"href":"https:\/\/tourtravelandmore.com\/es\/wp-json\/wp\/v2\/product\/125708","targetHints":{"allow":["GET"]}}],"collection":[{"href":"https:\/\/tourtravelandmore.com\/es\/wp-json\/wp\/v2\/product"}],"about":[{"href":"https:\/\/tourtravelandmore.com\/es\/wp-json\/wp\/v2\/types\/product"}],"replies":[{"embeddable":true,"href":"https:\/\/tourtravelandmore.com\/es\/wp-json\/wp\/v2\/comments?post=125708"}],"wp:featuredmedia":[{"embeddable":true,"href":"https:\/\/tourtravelandmore.com\/es\/wp-json\/wp\/v2\/media\/125727"}],"wp:attachment":[{"href":"https:\/\/tourtravelandmore.com\/es\/wp-json\/wp\/v2\/media?parent=125708"}],"wp:term":[{"taxonomy":"product_brand","embeddable":true,"href":"https:\/\/tourtravelandmore.com\/es\/wp-json\/wp\/v2\/product_brand?post=125708"},{"taxonomy":"product_cat","embeddable":true,"href":"https:\/\/tourtravelandmore.com\/es\/wp-json\/wp\/v2\/product_cat?post=125708"},{"taxonomy":"product_tag","embeddable":true,"href":"https:\/\/tourtravelandmore.com\/es\/wp-json\/wp\/v2\/product_tag?post=125708"}],"curies":[{"name":"wp","href":"https:\/\/api.w.org\/{rel}","templated":true}]}}