{"id":125672,"date":"2022-05-11T16:52:07","date_gmt":"2022-05-11T14:52:07","guid":{"rendered":"https:\/\/tourtravelandmore.com\/?post_type=product&#038;p=125672"},"modified":"2023-09-22T10:17:25","modified_gmt":"2023-09-22T08:17:25","slug":"excursion-privada-de-2-dias-a-delfosi-meterora-desde-atenas","status":"publish","type":"product","link":"https:\/\/tourtravelandmore.com\/es\/tours\/grecia-es\/atenas-es\/excursion-privada-de-2-dias-a-delfosi-meterora-desde-atenas\/","title":{"rendered":"Excursi\u00f3n privada de 2 d\u00edas a Delfosi Meterora desde Atenas"},"content":{"rendered":"<h2><b>D\u00eda 1: Salida de Atenas e ir a Delfos<\/b><\/h2>\n<p><span style=\"font-weight: 400;\">Visita esta hermosa ciudad llamada Delfos con gu\u00eda durante 2 horas. Las Entradas Delfos est\u00e1n incluidas<\/span><\/p>\n<p><span style=\"font-weight: 400;\">Delfos es una ciudad griega ubicada en la regi\u00f3n de Tesalia, en el centro del pa\u00eds. Es uno de los lugares arqueol\u00f3gicos m\u00e1s importantes de Grecia y est\u00e1 declarado Patrimonio de la Humanidad por la UNESCO.<\/span><\/p>\n<p><span style=\"font-weight: 400;\">Las Entradas Delfos est\u00e1n incluidas en tu visita guiada a esta ciudad que tiene una historia milenaria. Durante 2 horas recorrer\u00e1s sus calles y plazas, admirando las ruinas de la antigua ciudad y el maravilloso paisaje que la rodea.<\/span><\/p>\n<p><span style=\"font-weight: 400;\">Con una visita guiada a Delfos, disfrutar\u00e1s de una experiencia completa e inolvidable. Podr\u00e1s ver todo lo que ofrece esta ciudad milenaria y conocer su historia.<\/span><\/p>\n<h3><span style=\"color: #d3af37;\"><b>Su conductor le llevar\u00e1 Meteora desde Delfos<\/b><\/span><\/h3>\n<p><span style=\"font-weight: 400;\">Meteora es uno de los sitios m\u00e1s hermosos de Grecia. Si quieres visitarlo, pero no quieres perderte las explicaciones del gu\u00eda, puedes contratar el servicio de un conductor privado. Este le llevar\u00e1 desde Delfos hasta Meteora, y podr\u00e1s disfrutar de las vistas sin tener que preocuparte por nada.<\/span><\/p>\n<p><i><span style=\"font-weight: 400;\">Podr\u00e1 Dormir cerca de Meteora (alojamiento no incluido)<\/span><\/i><\/p>\n<h2><b>D\u00eda 2: Tour de Meteora<\/b><\/h2>\n<p><span style=\"font-weight: 400;\">Despu\u00e9s del desayuno temprano (no incluido)\u00a0 para nuestro recorrido por Meteora. Nuestro gu\u00eda tur\u00edstico nos a los 2\u00a0 monasterios que visitar\u00edamos. Meteora es un \u00e1rea en Grecia que es conocida por sus formaciones rocosas \u00fanicas e impresionantes. Las rocas albergan una serie de monasterios que se construyeron en el siglo XIV. Los monasterios est\u00e1n encaramados en lo alto de las rocas y solo se puede acceder a ellos mediante una escalera o una cuerda. Su gu\u00eda tur\u00edstico les explicara y orientara sobre los monasterios, ser\u00e1 una experiencia inolvidable.<\/span><\/p>\n<p><span style=\"font-weight: 400;\">Gu\u00eda durante 3 horas. Visita 3 monasterios<\/span><\/p>\n<h3><span style=\"color: #d3af37;\"><b>Conducir de regreso a Atenas<\/b><\/span><\/h3>\n<p><span style=\"font-weight: 400;\">Su conductor y veh\u00edculo privado le llevar\u00e1 de regreso a su punto de recogida en Atenas<\/span><\/p>\n<p><span style=\"font-weight: 400;\">Si le interesa conocer m\u00e1s sobre Grecia y todo lo que este pa\u00eds lleno de historia que marco un antes y un despu\u00e9s en el mundo, no dude en revisar alguno de nuestros<\/span><a href=\"https:\/\/tourtravelandmore.com\/es\/ciudad\/grecia-es\/atenas-es\/\"><span style=\"font-weight: 400;\"> tours privados en Atenas, ser\u00e1 una experiencia inolvidable. <\/span><\/a><\/p>\n","protected":false},"excerpt":{"rendered":"<p><span style=\"font-weight: 400;\">Disfruta de las maravillas de Grecia en una excursi\u00f3n privada de 2 d\u00edas a Delfos y Meteora. Visita las ruinas de Atenas, el Parten\u00f3n, el recinto sagrado de Zeus en Olimpia y los monasterios de Meteora, declarados Patrimonio Mundial de la Humanidad por la UNESCO<\/span><\/p>\n","protected":false},"featured_media":125688,"comment_status":"open","ping_status":"closed","template":"","meta":{"_acf_changed":false},"product_brand":[],"product_cat":[1251,1252,1253,1254],"product_tag":[],"class_list":{"0":"post-125672","1":"product","2":"type-product","3":"status-publish","4":"has-post-thumbnail","6":"product_cat-atenas-es","7":"product_cat-atenas-actividades-es","8":"product_cat-atenas-rutas-turisticas-privadas-es","9":"product_cat-atenas-excursiones-privadas-cruceros-es","11":"first","12":"instock","13":"shipping-taxable","14":"purchasable","15":"product-type-simple"},"acf":[],"yoast_head":"<!-- This site is optimized with the Yoast SEO Premium plugin v25.3.1 (Yoast SEO v25.3.1) - https:\/\/yoast.com\/wordpress\/plugins\/seo\/ -->\n<title>\u27a1\ufe0f Excursi\u00f3n privada de 2 d\u00edas a Delfos y Meteora desde Atenas | TTM<\/title>\n<meta name=\"description\" content=\"Disfruta de las maravillas de Grecia en una excursi\u00f3n privada de 2 d\u00edas a Delfos y Meteora \u2705\" \/>\n<meta name=\"robots\" content=\"index, follow, max-snippet:-1, max-image-preview:large, max-video-preview:-1\" \/>\n<link rel=\"canonical\" href=\"https:\/\/tourtravelandmore.com\/es\/tours\/grecia-es\/atenas-es\/excursion-privada-de-2-dias-a-delfosi-meterora-desde-atenas\/\" \/>\n<meta property=\"og:locale\" content=\"es_ES\" \/>\n<meta property=\"og:type\" content=\"article\" \/>\n<meta property=\"og:title\" content=\"Excursi\u00f3n privada de 2 d\u00edas a Delfosi Meterora desde Atenas\" \/>\n<meta property=\"og:description\" content=\"Disfruta de las maravillas de Grecia en una excursi\u00f3n privada de 2 d\u00edas a Delfos y Meteora \u2705\" \/>\n<meta property=\"og:url\" content=\"https:\/\/tourtravelandmore.com\/es\/tours\/grecia-es\/atenas-es\/excursion-privada-de-2-dias-a-delfosi-meterora-desde-atenas\/\" \/>\n<meta property=\"og:site_name\" content=\"Tour Travel And More\" \/>\n<meta property=\"article:publisher\" content=\"https:\/\/www.facebook.com\/tourtravelandmore\/\" \/>\n<meta property=\"article:modified_time\" content=\"2023-09-22T08:17:25+00:00\" \/>\n<meta property=\"og:image\" content=\"https:\/\/tourtravelandmore.com\/wp-content\/uploads\/2022\/05\/image1-5.jpg\" \/>\n\t<meta property=\"og:image:width\" content=\"1250\" \/>\n\t<meta property=\"og:image:height\" content=\"750\" \/>\n\t<meta property=\"og:image:type\" content=\"image\/jpeg\" \/>\n<meta name=\"twitter:card\" content=\"summary_large_image\" \/>\n<meta name=\"twitter:site\" content=\"@TourTravel_More\" \/>\n<meta name=\"twitter:label1\" content=\"Tiempo de lectura\" \/>\n\t<meta name=\"twitter:data1\" content=\"2 minutos\" \/>\n<script type=\"application\/ld+json\" class=\"yoast-schema-graph\">{\"@context\":\"https:\/\/schema.org\",\"@graph\":[{\"@type\":\"WebPage\",\"@id\":\"https:\/\/tourtravelandmore.com\/es\/tours\/grecia-es\/atenas-es\/excursion-privada-de-2-dias-a-delfosi-meterora-desde-atenas\/\",\"url\":\"https:\/\/tourtravelandmore.com\/es\/tours\/grecia-es\/atenas-es\/excursion-privada-de-2-dias-a-delfosi-meterora-desde-atenas\/\",\"name\":\"\u27a1\ufe0f Excursi\u00f3n privada de 2 d\u00edas a Delfos y Meteora desde Atenas | TTM\",\"isPartOf\":{\"@id\":\"https:\/\/tourtravelandmore.com\/es\/#website\"},\"primaryImageOfPage\":{\"@id\":\"https:\/\/tourtravelandmore.com\/es\/tours\/grecia-es\/atenas-es\/excursion-privada-de-2-dias-a-delfosi-meterora-desde-atenas\/#primaryimage\"},\"image\":{\"@id\":\"https:\/\/tourtravelandmore.com\/es\/tours\/grecia-es\/atenas-es\/excursion-privada-de-2-dias-a-delfosi-meterora-desde-atenas\/#primaryimage\"},\"thumbnailUrl\":\"https:\/\/tourtravelandmore.com\/wp-content\/uploads\/2022\/05\/image1-5.jpg\",\"datePublished\":\"2022-05-11T14:52:07+00:00\",\"dateModified\":\"2023-09-22T08:17:25+00:00\",\"description\":\"Disfruta de las maravillas de Grecia en una excursi\u00f3n privada de 2 d\u00edas a Delfos y Meteora \u2705\",\"breadcrumb\":{\"@id\":\"https:\/\/tourtravelandmore.com\/es\/tours\/grecia-es\/atenas-es\/excursion-privada-de-2-dias-a-delfosi-meterora-desde-atenas\/#breadcrumb\"},\"inLanguage\":\"es\",\"potentialAction\":[{\"@type\":\"ReadAction\",\"target\":[\"https:\/\/tourtravelandmore.com\/es\/tours\/grecia-es\/atenas-es\/excursion-privada-de-2-dias-a-delfosi-meterora-desde-atenas\/\"]}]},{\"@type\":\"ImageObject\",\"inLanguage\":\"es\",\"@id\":\"https:\/\/tourtravelandmore.com\/es\/tours\/grecia-es\/atenas-es\/excursion-privada-de-2-dias-a-delfosi-meterora-desde-atenas\/#primaryimage\",\"url\":\"https:\/\/tourtravelandmore.com\/wp-content\/uploads\/2022\/05\/image1-5.jpg\",\"contentUrl\":\"https:\/\/tourtravelandmore.com\/wp-content\/uploads\/2022\/05\/image1-5.jpg\",\"width\":1250,\"height\":750},{\"@type\":\"BreadcrumbList\",\"@id\":\"https:\/\/tourtravelandmore.com\/es\/tours\/grecia-es\/atenas-es\/excursion-privada-de-2-dias-a-delfosi-meterora-desde-atenas\/#breadcrumb\",\"itemListElement\":[{\"@type\":\"ListItem\",\"position\":1,\"name\":\"Home\",\"item\":\"https:\/\/tourtravelandmore.com\/es\/\"},{\"@type\":\"ListItem\",\"position\":2,\"name\":\"Tours\",\"item\":\"https:\/\/tourtravelandmore.com\/es\/tours\/\"},{\"@type\":\"ListItem\",\"position\":3,\"name\":\"Excursi\u00f3n privada de 2 d\u00edas a Delfosi Meterora desde Atenas\"}]},{\"@type\":\"WebSite\",\"@id\":\"https:\/\/tourtravelandmore.com\/es\/#website\",\"url\":\"https:\/\/tourtravelandmore.com\/es\/\",\"name\":\"Tour Travel And More\",\"description\":\"Private sightseeing tours and luxury transfers in Spain\",\"publisher\":{\"@id\":\"https:\/\/tourtravelandmore.com\/es\/#organization\"},\"potentialAction\":[{\"@type\":\"SearchAction\",\"target\":{\"@type\":\"EntryPoint\",\"urlTemplate\":\"https:\/\/tourtravelandmore.com\/es\/?s={search_term_string}\"},\"query-input\":{\"@type\":\"PropertyValueSpecification\",\"valueRequired\":true,\"valueName\":\"search_term_string\"}}],\"inLanguage\":\"es\"},{\"@type\":\"Organization\",\"@id\":\"https:\/\/tourtravelandmore.com\/es\/#organization\",\"name\":\"Tour Travel And More\",\"url\":\"https:\/\/tourtravelandmore.com\/es\/\",\"logo\":{\"@type\":\"ImageObject\",\"inLanguage\":\"es\",\"@id\":\"https:\/\/tourtravelandmore.com\/es\/#\/schema\/logo\/image\/\",\"url\":\"https:\/\/tourtravelandmore.com\/wp-content\/uploads\/2022\/12\/cropped-logo-cabecera-new.png\",\"contentUrl\":\"https:\/\/tourtravelandmore.com\/wp-content\/uploads\/2022\/12\/cropped-logo-cabecera-new.png\",\"width\":430,\"height\":61,\"caption\":\"Tour Travel And More\"},\"image\":{\"@id\":\"https:\/\/tourtravelandmore.com\/es\/#\/schema\/logo\/image\/\"},\"sameAs\":[\"https:\/\/www.facebook.com\/tourtravelandmore\/\",\"https:\/\/x.com\/TourTravel_More\"]}]}<\/script>\n<!-- \/ Yoast SEO Premium plugin. -->","yoast_head_json":{"title":"\u27a1\ufe0f Excursi\u00f3n privada de 2 d\u00edas a Delfos y Meteora desde Atenas | TTM","description":"Disfruta de las maravillas de Grecia en una excursi\u00f3n privada de 2 d\u00edas a Delfos y Meteora \u2705","robots":{"index":"index","follow":"follow","max-snippet":"max-snippet:-1","max-image-preview":"max-image-preview:large","max-video-preview":"max-video-preview:-1"},"canonical":"https:\/\/tourtravelandmore.com\/es\/tours\/grecia-es\/atenas-es\/excursion-privada-de-2-dias-a-delfosi-meterora-desde-atenas\/","og_locale":"es_ES","og_type":"article","og_title":"Excursi\u00f3n privada de 2 d\u00edas a Delfosi Meterora desde Atenas","og_description":"Disfruta de las maravillas de Grecia en una excursi\u00f3n privada de 2 d\u00edas a Delfos y Meteora \u2705","og_url":"https:\/\/tourtravelandmore.com\/es\/tours\/grecia-es\/atenas-es\/excursion-privada-de-2-dias-a-delfosi-meterora-desde-atenas\/","og_site_name":"Tour Travel And More","article_publisher":"https:\/\/www.facebook.com\/tourtravelandmore\/","article_modified_time":"2023-09-22T08:17:25+00:00","og_image":[{"width":1250,"height":750,"url":"https:\/\/tourtravelandmore.com\/wp-content\/uploads\/2022\/05\/image1-5.jpg","type":"image\/jpeg"}],"twitter_card":"summary_large_image","twitter_site":"@TourTravel_More","twitter_misc":{"Tiempo de lectura":"2 minutos"},"schema":{"@context":"https:\/\/schema.org","@graph":[{"@type":"WebPage","@id":"https:\/\/tourtravelandmore.com\/es\/tours\/grecia-es\/atenas-es\/excursion-privada-de-2-dias-a-delfosi-meterora-desde-atenas\/","url":"https:\/\/tourtravelandmore.com\/es\/tours\/grecia-es\/atenas-es\/excursion-privada-de-2-dias-a-delfosi-meterora-desde-atenas\/","name":"\u27a1\ufe0f Excursi\u00f3n privada de 2 d\u00edas a Delfos y Meteora desde Atenas | TTM","isPartOf":{"@id":"https:\/\/tourtravelandmore.com\/es\/#website"},"primaryImageOfPage":{"@id":"https:\/\/tourtravelandmore.com\/es\/tours\/grecia-es\/atenas-es\/excursion-privada-de-2-dias-a-delfosi-meterora-desde-atenas\/#primaryimage"},"image":{"@id":"https:\/\/tourtravelandmore.com\/es\/tours\/grecia-es\/atenas-es\/excursion-privada-de-2-dias-a-delfosi-meterora-desde-atenas\/#primaryimage"},"thumbnailUrl":"https:\/\/tourtravelandmore.com\/wp-content\/uploads\/2022\/05\/image1-5.jpg","datePublished":"2022-05-11T14:52:07+00:00","dateModified":"2023-09-22T08:17:25+00:00","description":"Disfruta de las maravillas de Grecia en una excursi\u00f3n privada de 2 d\u00edas a Delfos y Meteora \u2705","breadcrumb":{"@id":"https:\/\/tourtravelandmore.com\/es\/tours\/grecia-es\/atenas-es\/excursion-privada-de-2-dias-a-delfosi-meterora-desde-atenas\/#breadcrumb"},"inLanguage":"es","potentialAction":[{"@type":"ReadAction","target":["https:\/\/tourtravelandmore.com\/es\/tours\/grecia-es\/atenas-es\/excursion-privada-de-2-dias-a-delfosi-meterora-desde-atenas\/"]}]},{"@type":"ImageObject","inLanguage":"es","@id":"https:\/\/tourtravelandmore.com\/es\/tours\/grecia-es\/atenas-es\/excursion-privada-de-2-dias-a-delfosi-meterora-desde-atenas\/#primaryimage","url":"https:\/\/tourtravelandmore.com\/wp-content\/uploads\/2022\/05\/image1-5.jpg","contentUrl":"https:\/\/tourtravelandmore.com\/wp-content\/uploads\/2022\/05\/image1-5.jpg","width":1250,"height":750},{"@type":"BreadcrumbList","@id":"https:\/\/tourtravelandmore.com\/es\/tours\/grecia-es\/atenas-es\/excursion-privada-de-2-dias-a-delfosi-meterora-desde-atenas\/#breadcrumb","itemListElement":[{"@type":"ListItem","position":1,"name":"Home","item":"https:\/\/tourtravelandmore.com\/es\/"},{"@type":"ListItem","position":2,"name":"Tours","item":"https:\/\/tourtravelandmore.com\/es\/tours\/"},{"@type":"ListItem","position":3,"name":"Excursi\u00f3n privada de 2 d\u00edas a Delfosi Meterora desde Atenas"}]},{"@type":"WebSite","@id":"https:\/\/tourtravelandmore.com\/es\/#website","url":"https:\/\/tourtravelandmore.com\/es\/","name":"Tour Travel And More","description":"Private sightseeing tours and luxury transfers in Spain","publisher":{"@id":"https:\/\/tourtravelandmore.com\/es\/#organization"},"potentialAction":[{"@type":"SearchAction","target":{"@type":"EntryPoint","urlTemplate":"https:\/\/tourtravelandmore.com\/es\/?s={search_term_string}"},"query-input":{"@type":"PropertyValueSpecification","valueRequired":true,"valueName":"search_term_string"}}],"inLanguage":"es"},{"@type":"Organization","@id":"https:\/\/tourtravelandmore.com\/es\/#organization","name":"Tour Travel And More","url":"https:\/\/tourtravelandmore.com\/es\/","logo":{"@type":"ImageObject","inLanguage":"es","@id":"https:\/\/tourtravelandmore.com\/es\/#\/schema\/logo\/image\/","url":"https:\/\/tourtravelandmore.com\/wp-content\/uploads\/2022\/12\/cropped-logo-cabecera-new.png","contentUrl":"https:\/\/tourtravelandmore.com\/wp-content\/uploads\/2022\/12\/cropped-logo-cabecera-new.png","width":430,"height":61,"caption":"Tour Travel And More"},"image":{"@id":"https:\/\/tourtravelandmore.com\/es\/#\/schema\/logo\/image\/"},"sameAs":["https:\/\/www.facebook.com\/tourtravelandmore\/","https:\/\/x.com\/TourTravel_More"]}]}},"_links":{"self":[{"href":"https:\/\/tourtravelandmore.com\/es\/wp-json\/wp\/v2\/product\/125672","targetHints":{"allow":["GET"]}}],"collection":[{"href":"https:\/\/tourtravelandmore.com\/es\/wp-json\/wp\/v2\/product"}],"about":[{"href":"https:\/\/tourtravelandmore.com\/es\/wp-json\/wp\/v2\/types\/product"}],"replies":[{"embeddable":true,"href":"https:\/\/tourtravelandmore.com\/es\/wp-json\/wp\/v2\/comments?post=125672"}],"wp:featuredmedia":[{"embeddable":true,"href":"https:\/\/tourtravelandmore.com\/es\/wp-json\/wp\/v2\/media\/125688"}],"wp:attachment":[{"href":"https:\/\/tourtravelandmore.com\/es\/wp-json\/wp\/v2\/media?parent=125672"}],"wp:term":[{"taxonomy":"product_brand","embeddable":true,"href":"https:\/\/tourtravelandmore.com\/es\/wp-json\/wp\/v2\/product_brand?post=125672"},{"taxonomy":"product_cat","embeddable":true,"href":"https:\/\/tourtravelandmore.com\/es\/wp-json\/wp\/v2\/product_cat?post=125672"},{"taxonomy":"product_tag","embeddable":true,"href":"https:\/\/tourtravelandmore.com\/es\/wp-json\/wp\/v2\/product_tag?post=125672"}],"curies":[{"name":"wp","href":"https:\/\/api.w.org\/{rel}","templated":true}]}}