{"id":12566,"date":"2017-05-15T10:06:37","date_gmt":"2017-05-15T09:20:49","guid":{"rendered":"http:\/\/tourtravelandmore.com\/es\/?post_type=product&#038;p=12566"},"modified":"2022-08-15T09:43:33","modified_gmt":"2022-08-15T07:43:33","slug":"tour-privado-a-niza-desde-monaco","status":"publish","type":"product","link":"https:\/\/tourtravelandmore.com\/es\/tours\/francia\/monaco-es\/tour-privado-a-niza-desde-monaco\/","title":{"rendered":"Tour Privado a Niza con chofer\/gu\u00eda privado"},"content":{"rendered":"<h2><strong>Descripci\u00f3n del Tour Privado a Niza con chofer\/gu\u00eda privado<\/strong><\/h2>\n<p>Disfruta esta oportunidad de visitar <strong>Niza<\/strong>\u00a0y el\u00a0<strong>Cabo\u00a0Ferrat<\/strong> durante un tour privado a Niza desde M\u00f3naco en <strong>coche privado, con un chofer\/gu\u00eda\u00a0<\/strong>experto en la regi\u00f3n.<br \/>\nSu chofer\/gu\u00eda le recoger\u00e1 a su horario deseado, en su sitio deseado de la riviera francesa. Es posible coordinar recogida desde su sitio deseado en M\u00f3naco, Cannes Niza, los puertos de la regi\u00f3n y alrededores.<\/p>\n<p>Esta excursi\u00f3n privada es absolutamente personalizable y ajustable a su deseo personal. Puede adaptar vuestro tour contactando con nosotros. Aqu\u00ed os dejamos un ejemplo de itinerario, el tour es personalizable de acuerdo a sus intereses personales.<\/p>\n<h2><strong>Puntos de inter\u00e9s en el Tour Privado a Niza con chofer\/gu\u00eda privado<\/strong><\/h2>\n<p>Su gu\u00eda privado le recoger\u00e1 a su horario y sitio deseado para comenzar su tour privado a Niza desde M\u00f3naco. A continuaci\u00f3n ir\u00e1n hacia Niza, ubicada a aproximadamente 30 minutos de M\u00f3naco. Una vez all\u00ed visitar\u00e1n los sitios m\u00e1s emblem\u00e1ticos de la ciudad. Algunos de los sitios que visitar\u00e1n son la ciudad vieja, la catedral de San Nicol\u00e1s (iglesia ortodoxa rusa que fue declarado como monumento nacional de Francia), la <strong>promenade des anglais<\/strong>\u00a0y les ponchettes, entre otros sitios.<br \/>\nSi es usted un amante del arte y desear visitar los museos de Niza, como el <a href=\"http:\/\/www.musee-matisse-nice.org\/\">Matisse<\/a>\u00a0o el Chagall, por favor h\u00e1ganoslo saber para coordinar una visita guiada y entradas.<br \/>\nA continuaci\u00f3n visitar\u00e1n el\u00a0<strong>monte Bor\u00f3n<\/strong>, desde donde podr\u00e1n disfrutar una vista privilegiada de la bah\u00eda de Villefranche. A continuaci\u00f3n ir\u00e1n hacia <strong>Cap Ferrat<\/strong>, donde se encuentra la Villa y jardines de la baronesa Ephrussi de Rothschild. Esta maravillosa edificaci\u00f3n fue construida entre los a\u00f1os 1905 y 1912.<\/p>\n<p>Su chofer\/gu\u00eda privado estar\u00e1 a su entera disposici\u00f3n durante su tour. El itinerario final es adaptable a su deseo personal. Cont\u00e1ctenos, nuestro equipo de expertos le ayudar\u00e1 a coordinar un itinerario a medida de acuerdo a sus necesidades.<br \/>\nNuestra propuesta tiene una duraci\u00f3n de 4 horas, desde recogida hasta drop off. Pero no dude en contactarnos si desea un tour de mayor duraci\u00f3n.<\/p>\n","protected":false},"excerpt":{"rendered":"<p>Explora una de las ciudades m\u00e1s bonitas de Francia junto a un gu\u00eda local experto. Disfruta de este <strong>tour privado y personalizable <\/strong>desde M\u00f3naco y visita <strong>Niza<\/strong>\u00a0y <strong>Cap Ferrat<\/strong>. Toma la oportunidad de visitar y conocer la ciudad en tu veh\u00edculo con <strong>chofer\/gu\u00eda<\/strong>\u00a0<strong>privado<\/strong>. Quien os ense\u00f1ara la ciudad desde los ojos de un local.<\/p>\n","protected":false},"featured_media":18937,"comment_status":"open","ping_status":"closed","template":"","meta":{"_acf_changed":false},"product_brand":[],"product_cat":[488,830,580,489,582],"product_tag":[],"class_list":{"0":"post-12566","1":"product","2":"type-product","3":"status-publish","4":"has-post-thumbnail","6":"product_cat-monaco-es","7":"product_cat-monaco-top-ventas-es","8":"product_cat-monaco-actividades-es","9":"product_cat-monaco-rutas-turisticas-privadas-es","10":"product_cat-monaco-excursiones-privadas-cruceros-es","12":"first","13":"instock","14":"shipping-taxable","15":"purchasable","16":"product-type-simple"},"acf":[],"yoast_head":"<!-- This site is optimized with the Yoast SEO Premium plugin v25.3.1 (Yoast SEO v25.3.1) - https:\/\/yoast.com\/wordpress\/plugins\/seo\/ -->\n<title>\u27a1\ufe0f Tour Privado a Niza desde Monaco con chofer\/gu\u00eda privado en ingl\u00e9s | Tour Travel &amp; More<\/title>\n<meta name=\"description\" content=\"Disfruta un tour privado a Niza desde Monaco con chofer\/gu\u00eda privado, en veh\u00edculo privado de lujo. Explora una de las ciudades m\u00e1s bonitas de Francia \u2705\" \/>\n<meta name=\"robots\" content=\"index, follow, max-snippet:-1, max-image-preview:large, max-video-preview:-1\" \/>\n<link rel=\"canonical\" href=\"https:\/\/tourtravelandmore.com\/es\/tours\/francia\/monaco-es\/tour-privado-a-niza-desde-monaco\/\" \/>\n<meta property=\"og:locale\" content=\"es_ES\" \/>\n<meta property=\"og:type\" content=\"article\" \/>\n<meta property=\"og:title\" content=\"Tour Privado a Niza con chofer\/gu\u00eda privado\" \/>\n<meta property=\"og:description\" content=\"Disfruta un tour privado a Niza desde Monaco con chofer\/gu\u00eda privado, en veh\u00edculo privado de lujo. Explora una de las ciudades m\u00e1s bonitas de Francia \u2705\" \/>\n<meta property=\"og:url\" content=\"https:\/\/tourtravelandmore.com\/es\/tours\/francia\/monaco-es\/tour-privado-a-niza-desde-monaco\/\" \/>\n<meta property=\"og:site_name\" content=\"Tour Travel And More\" \/>\n<meta property=\"article:publisher\" content=\"https:\/\/www.facebook.com\/tourtravelandmore\/\" \/>\n<meta property=\"article:modified_time\" content=\"2022-08-15T07:43:33+00:00\" \/>\n<meta property=\"og:image\" content=\"https:\/\/tourtravelandmore.com\/wp-content\/uploads\/2017\/05\/niza-port.jpg\" \/>\n\t<meta property=\"og:image:width\" content=\"800\" \/>\n\t<meta property=\"og:image:height\" content=\"394\" \/>\n\t<meta property=\"og:image:type\" content=\"image\/jpeg\" \/>\n<meta name=\"twitter:card\" content=\"summary_large_image\" \/>\n<meta name=\"twitter:site\" content=\"@TourTravel_More\" \/>\n<meta name=\"twitter:label1\" content=\"Tiempo de lectura\" \/>\n\t<meta name=\"twitter:data1\" content=\"2 minutos\" \/>\n<script type=\"application\/ld+json\" class=\"yoast-schema-graph\">{\"@context\":\"https:\/\/schema.org\",\"@graph\":[{\"@type\":\"WebPage\",\"@id\":\"https:\/\/tourtravelandmore.com\/es\/tours\/francia\/monaco-es\/tour-privado-a-niza-desde-monaco\/\",\"url\":\"https:\/\/tourtravelandmore.com\/es\/tours\/francia\/monaco-es\/tour-privado-a-niza-desde-monaco\/\",\"name\":\"\u27a1\ufe0f Tour Privado a Niza desde Monaco con chofer\/gu\u00eda privado en ingl\u00e9s | Tour Travel & More\",\"isPartOf\":{\"@id\":\"https:\/\/tourtravelandmore.com\/es\/#website\"},\"primaryImageOfPage\":{\"@id\":\"https:\/\/tourtravelandmore.com\/es\/tours\/francia\/monaco-es\/tour-privado-a-niza-desde-monaco\/#primaryimage\"},\"image\":{\"@id\":\"https:\/\/tourtravelandmore.com\/es\/tours\/francia\/monaco-es\/tour-privado-a-niza-desde-monaco\/#primaryimage\"},\"thumbnailUrl\":\"https:\/\/tourtravelandmore.com\/wp-content\/uploads\/2017\/05\/niza-port.jpg\",\"datePublished\":\"2017-05-15T09:20:49+00:00\",\"dateModified\":\"2022-08-15T07:43:33+00:00\",\"description\":\"Disfruta un tour privado a Niza desde Monaco con chofer\/gu\u00eda privado, en veh\u00edculo privado de lujo. Explora una de las ciudades m\u00e1s bonitas de Francia \u2705\",\"breadcrumb\":{\"@id\":\"https:\/\/tourtravelandmore.com\/es\/tours\/francia\/monaco-es\/tour-privado-a-niza-desde-monaco\/#breadcrumb\"},\"inLanguage\":\"es\",\"potentialAction\":[{\"@type\":\"ReadAction\",\"target\":[\"https:\/\/tourtravelandmore.com\/es\/tours\/francia\/monaco-es\/tour-privado-a-niza-desde-monaco\/\"]}]},{\"@type\":\"ImageObject\",\"inLanguage\":\"es\",\"@id\":\"https:\/\/tourtravelandmore.com\/es\/tours\/francia\/monaco-es\/tour-privado-a-niza-desde-monaco\/#primaryimage\",\"url\":\"https:\/\/tourtravelandmore.com\/wp-content\/uploads\/2017\/05\/niza-port.jpg\",\"contentUrl\":\"https:\/\/tourtravelandmore.com\/wp-content\/uploads\/2017\/05\/niza-port.jpg\",\"width\":800,\"height\":394},{\"@type\":\"BreadcrumbList\",\"@id\":\"https:\/\/tourtravelandmore.com\/es\/tours\/francia\/monaco-es\/tour-privado-a-niza-desde-monaco\/#breadcrumb\",\"itemListElement\":[{\"@type\":\"ListItem\",\"position\":1,\"name\":\"Home\",\"item\":\"https:\/\/tourtravelandmore.com\/es\/\"},{\"@type\":\"ListItem\",\"position\":2,\"name\":\"Tours\",\"item\":\"https:\/\/tourtravelandmore.com\/es\/tours\/\"},{\"@type\":\"ListItem\",\"position\":3,\"name\":\"Tour Privado a Niza con chofer\/gu\u00eda privado\"}]},{\"@type\":\"WebSite\",\"@id\":\"https:\/\/tourtravelandmore.com\/es\/#website\",\"url\":\"https:\/\/tourtravelandmore.com\/es\/\",\"name\":\"Tour Travel And More\",\"description\":\"Private sightseeing tours and luxury transfers in Spain\",\"publisher\":{\"@id\":\"https:\/\/tourtravelandmore.com\/es\/#organization\"},\"potentialAction\":[{\"@type\":\"SearchAction\",\"target\":{\"@type\":\"EntryPoint\",\"urlTemplate\":\"https:\/\/tourtravelandmore.com\/es\/?s={search_term_string}\"},\"query-input\":{\"@type\":\"PropertyValueSpecification\",\"valueRequired\":true,\"valueName\":\"search_term_string\"}}],\"inLanguage\":\"es\"},{\"@type\":\"Organization\",\"@id\":\"https:\/\/tourtravelandmore.com\/es\/#organization\",\"name\":\"Tour Travel And More\",\"url\":\"https:\/\/tourtravelandmore.com\/es\/\",\"logo\":{\"@type\":\"ImageObject\",\"inLanguage\":\"es\",\"@id\":\"https:\/\/tourtravelandmore.com\/es\/#\/schema\/logo\/image\/\",\"url\":\"https:\/\/tourtravelandmore.com\/wp-content\/uploads\/2022\/12\/cropped-logo-cabecera-new.png\",\"contentUrl\":\"https:\/\/tourtravelandmore.com\/wp-content\/uploads\/2022\/12\/cropped-logo-cabecera-new.png\",\"width\":430,\"height\":61,\"caption\":\"Tour Travel And More\"},\"image\":{\"@id\":\"https:\/\/tourtravelandmore.com\/es\/#\/schema\/logo\/image\/\"},\"sameAs\":[\"https:\/\/www.facebook.com\/tourtravelandmore\/\",\"https:\/\/x.com\/TourTravel_More\"]}]}<\/script>\n<!-- \/ Yoast SEO Premium plugin. -->","yoast_head_json":{"title":"\u27a1\ufe0f Tour Privado a Niza desde Monaco con chofer\/gu\u00eda privado en ingl\u00e9s | Tour Travel & More","description":"Disfruta un tour privado a Niza desde Monaco con chofer\/gu\u00eda privado, en veh\u00edculo privado de lujo. Explora una de las ciudades m\u00e1s bonitas de Francia \u2705","robots":{"index":"index","follow":"follow","max-snippet":"max-snippet:-1","max-image-preview":"max-image-preview:large","max-video-preview":"max-video-preview:-1"},"canonical":"https:\/\/tourtravelandmore.com\/es\/tours\/francia\/monaco-es\/tour-privado-a-niza-desde-monaco\/","og_locale":"es_ES","og_type":"article","og_title":"Tour Privado a Niza con chofer\/gu\u00eda privado","og_description":"Disfruta un tour privado a Niza desde Monaco con chofer\/gu\u00eda privado, en veh\u00edculo privado de lujo. Explora una de las ciudades m\u00e1s bonitas de Francia \u2705","og_url":"https:\/\/tourtravelandmore.com\/es\/tours\/francia\/monaco-es\/tour-privado-a-niza-desde-monaco\/","og_site_name":"Tour Travel And More","article_publisher":"https:\/\/www.facebook.com\/tourtravelandmore\/","article_modified_time":"2022-08-15T07:43:33+00:00","og_image":[{"width":800,"height":394,"url":"https:\/\/tourtravelandmore.com\/wp-content\/uploads\/2017\/05\/niza-port.jpg","type":"image\/jpeg"}],"twitter_card":"summary_large_image","twitter_site":"@TourTravel_More","twitter_misc":{"Tiempo de lectura":"2 minutos"},"schema":{"@context":"https:\/\/schema.org","@graph":[{"@type":"WebPage","@id":"https:\/\/tourtravelandmore.com\/es\/tours\/francia\/monaco-es\/tour-privado-a-niza-desde-monaco\/","url":"https:\/\/tourtravelandmore.com\/es\/tours\/francia\/monaco-es\/tour-privado-a-niza-desde-monaco\/","name":"\u27a1\ufe0f Tour Privado a Niza desde Monaco con chofer\/gu\u00eda privado en ingl\u00e9s | Tour Travel & More","isPartOf":{"@id":"https:\/\/tourtravelandmore.com\/es\/#website"},"primaryImageOfPage":{"@id":"https:\/\/tourtravelandmore.com\/es\/tours\/francia\/monaco-es\/tour-privado-a-niza-desde-monaco\/#primaryimage"},"image":{"@id":"https:\/\/tourtravelandmore.com\/es\/tours\/francia\/monaco-es\/tour-privado-a-niza-desde-monaco\/#primaryimage"},"thumbnailUrl":"https:\/\/tourtravelandmore.com\/wp-content\/uploads\/2017\/05\/niza-port.jpg","datePublished":"2017-05-15T09:20:49+00:00","dateModified":"2022-08-15T07:43:33+00:00","description":"Disfruta un tour privado a Niza desde Monaco con chofer\/gu\u00eda privado, en veh\u00edculo privado de lujo. Explora una de las ciudades m\u00e1s bonitas de Francia \u2705","breadcrumb":{"@id":"https:\/\/tourtravelandmore.com\/es\/tours\/francia\/monaco-es\/tour-privado-a-niza-desde-monaco\/#breadcrumb"},"inLanguage":"es","potentialAction":[{"@type":"ReadAction","target":["https:\/\/tourtravelandmore.com\/es\/tours\/francia\/monaco-es\/tour-privado-a-niza-desde-monaco\/"]}]},{"@type":"ImageObject","inLanguage":"es","@id":"https:\/\/tourtravelandmore.com\/es\/tours\/francia\/monaco-es\/tour-privado-a-niza-desde-monaco\/#primaryimage","url":"https:\/\/tourtravelandmore.com\/wp-content\/uploads\/2017\/05\/niza-port.jpg","contentUrl":"https:\/\/tourtravelandmore.com\/wp-content\/uploads\/2017\/05\/niza-port.jpg","width":800,"height":394},{"@type":"BreadcrumbList","@id":"https:\/\/tourtravelandmore.com\/es\/tours\/francia\/monaco-es\/tour-privado-a-niza-desde-monaco\/#breadcrumb","itemListElement":[{"@type":"ListItem","position":1,"name":"Home","item":"https:\/\/tourtravelandmore.com\/es\/"},{"@type":"ListItem","position":2,"name":"Tours","item":"https:\/\/tourtravelandmore.com\/es\/tours\/"},{"@type":"ListItem","position":3,"name":"Tour Privado a Niza con chofer\/gu\u00eda privado"}]},{"@type":"WebSite","@id":"https:\/\/tourtravelandmore.com\/es\/#website","url":"https:\/\/tourtravelandmore.com\/es\/","name":"Tour Travel And More","description":"Private sightseeing tours and luxury transfers in Spain","publisher":{"@id":"https:\/\/tourtravelandmore.com\/es\/#organization"},"potentialAction":[{"@type":"SearchAction","target":{"@type":"EntryPoint","urlTemplate":"https:\/\/tourtravelandmore.com\/es\/?s={search_term_string}"},"query-input":{"@type":"PropertyValueSpecification","valueRequired":true,"valueName":"search_term_string"}}],"inLanguage":"es"},{"@type":"Organization","@id":"https:\/\/tourtravelandmore.com\/es\/#organization","name":"Tour Travel And More","url":"https:\/\/tourtravelandmore.com\/es\/","logo":{"@type":"ImageObject","inLanguage":"es","@id":"https:\/\/tourtravelandmore.com\/es\/#\/schema\/logo\/image\/","url":"https:\/\/tourtravelandmore.com\/wp-content\/uploads\/2022\/12\/cropped-logo-cabecera-new.png","contentUrl":"https:\/\/tourtravelandmore.com\/wp-content\/uploads\/2022\/12\/cropped-logo-cabecera-new.png","width":430,"height":61,"caption":"Tour Travel And More"},"image":{"@id":"https:\/\/tourtravelandmore.com\/es\/#\/schema\/logo\/image\/"},"sameAs":["https:\/\/www.facebook.com\/tourtravelandmore\/","https:\/\/x.com\/TourTravel_More"]}]}},"_links":{"self":[{"href":"https:\/\/tourtravelandmore.com\/es\/wp-json\/wp\/v2\/product\/12566","targetHints":{"allow":["GET"]}}],"collection":[{"href":"https:\/\/tourtravelandmore.com\/es\/wp-json\/wp\/v2\/product"}],"about":[{"href":"https:\/\/tourtravelandmore.com\/es\/wp-json\/wp\/v2\/types\/product"}],"replies":[{"embeddable":true,"href":"https:\/\/tourtravelandmore.com\/es\/wp-json\/wp\/v2\/comments?post=12566"}],"wp:featuredmedia":[{"embeddable":true,"href":"https:\/\/tourtravelandmore.com\/es\/wp-json\/wp\/v2\/media\/18937"}],"wp:attachment":[{"href":"https:\/\/tourtravelandmore.com\/es\/wp-json\/wp\/v2\/media?parent=12566"}],"wp:term":[{"taxonomy":"product_brand","embeddable":true,"href":"https:\/\/tourtravelandmore.com\/es\/wp-json\/wp\/v2\/product_brand?post=12566"},{"taxonomy":"product_cat","embeddable":true,"href":"https:\/\/tourtravelandmore.com\/es\/wp-json\/wp\/v2\/product_cat?post=12566"},{"taxonomy":"product_tag","embeddable":true,"href":"https:\/\/tourtravelandmore.com\/es\/wp-json\/wp\/v2\/product_tag?post=12566"}],"curies":[{"name":"wp","href":"https:\/\/api.w.org\/{rel}","templated":true}]}}