{"id":125631,"date":"2022-05-11T16:27:09","date_gmt":"2022-05-11T14:27:10","guid":{"rendered":"https:\/\/tourtravelandmore.com\/?post_type=product&#038;p=125631"},"modified":"2023-09-22T10:16:54","modified_gmt":"2023-09-22T08:16:54","slug":"excursion-privada-de-un-dia-a-meteora-desde-atenas","status":"publish","type":"product","link":"https:\/\/tourtravelandmore.com\/es\/tours\/grecia-es\/atenas-es\/excursion-privada-de-un-dia-a-meteora-desde-atenas\/","title":{"rendered":"Excursi\u00f3n privada de un d\u00eda a Meteora desde Atenas"},"content":{"rendered":"<h2><b>Descripci\u00f3n de la excursi\u00f3n privada de un d\u00eda a Meteora desde Atenas<\/b><\/h2>\n<p><span style=\"font-weight: 400;\">Meteora es uno de los destinos tur\u00edsticos m\u00e1s populares de Grecia y por una buena raz\u00f3n. Esta pintoresca zona del centro de Grecia alberga una colecci\u00f3n \u00fanica de enormes monolitos de arenisca intrincadamente tallados que surgen de la tierra, aparentemente de la nada. La historia de Meteora es tan fascinante como su paisaje natural, ya que los primeros monjes se instalaron en la zona en el siglo XI.<\/span><\/p>\n<p><span style=\"font-weight: 400;\">Una excursi\u00f3n privada de un d\u00eda completo desde Atenas es la forma perfecta de experimentar todo lo que Meteora puede ofrecer. Disfrutar\u00e1 de la atenci\u00f3n personalizada de un gu\u00eda privado mientras explora los monasterios de Meteora, encaramados en lo alto de elevados acantilados. Marav\u00edllese con el arte y la arquitectura bizantinos que se exhiben, y aprenda sobre la vida mon\u00e1stica de la mano de su gu\u00eda.<\/span><\/p>\n<p><b>La duraci\u00f3n total de la excursi\u00f3n privada de un d\u00eda completo desde Atenas es de 14 horas<\/b><span style=\"font-weight: 400;\">. La duraci\u00f3n del viaje en coche es de 4 horas en cada sentido y la de la visita privada de 4 horas. El gu\u00eda estar\u00e1 con usted durante 2 horas.<\/span><\/p>\n<h2><b>Puntos de inter\u00e9s de la excursi\u00f3n privada de un d\u00eda a Meteora desde Atenas<\/b><\/h2>\n<p><span style=\"font-weight: 400;\">Las majestuosas rocas de Meteora son uno de los destinos tur\u00edsticos m\u00e1s populares de Grecia. Los amantes del senderismo y de la naturaleza disfrutar\u00e1n visitando la zona, situada en el centro de Grecia, ya que hay una gran cantidad de senderos diferentes para explorar en los bosques de los alrededores. Las imponentes rocas, que cuentan con 234 cuevas de monasterios que se elevan hacia el cielo, han sido declaradas Patrimonio de la Humanidad por la UNESCO.\u00a0<\/span><\/p>\n<h3><span style=\"color: #d3af37;\"><b>Monasterios de Meteora<\/b><\/span><\/h3>\n<p><span style=\"font-weight: 400;\">Los monasterios de Meteora son un grupo de seis monasterios ortodoxos orientales situados en el centro de Grecia. Estos monasterios est\u00e1n construidos sobre pin\u00e1culos de roca natural de arenisca de m\u00e1s de 600 metros de altura.<\/span><\/p>\n<p><span style=\"font-weight: 400;\">Desde la distancia, los monasterios parecen flotar sobre los acantilados rocosos, de ah\u00ed su nombre, que significa &#8220;meteorito&#8221; en griego. Cada monasterio tiene su propia historia y tradiciones, lo que convierte la visita a Meteora en una experiencia \u00fanica y enriquecedora.<\/span><\/p>\n<h3><span style=\"color: #d3af37;\"><b>Monasterio de Agios Nikolaos Badovas<\/b><\/span><\/h3>\n<p><span style=\"font-weight: 400;\">Enclavado en el coraz\u00f3n de un valle entre dos cordilleras, el monasterio de Agios Nikolaos Badovas es un espect\u00e1culo para la vista. Data del siglo XI y es uno de los monasterios m\u00e1s antiguos de Grecia. El exterior del monasterio es sencillo, pero el interior est\u00e1 decorado con hermosos frescos. El museo del monasterio contiene muchos artefactos interesantes, incluyendo un antiguo manuscrito y un cuchillo que fue utilizado en un intento de asesinato del entonces Primer Ministro Constantino Mitsotakis.<\/span><\/p>\n<h3><span style=\"color: #d3af37;\"><span style=\"font-weight: 400;\">\u00a0<\/span><b>Capilla antigua de Doupiani<\/b><\/span><\/h3>\n<p><span style=\"font-weight: 400;\">La iglesia de Panaghia Doupiani (Virgen Mar\u00eda de Doupiani) se fund\u00f3 a finales del siglo XII y fue utilizada por los primeros monjes como punto central en el que se reun\u00edan todos los ermita\u00f1os para asistir a la liturgia dominical unos 2 siglos antes de que se pensara en construir el primer monasterio de Meteora<\/span><\/p>\n<h3><span style=\"color: #d3af37;\"><span style=\"font-weight: 400;\">\u00a0<\/span><b>El pueblo de Kastraki<\/b><\/span><\/h3>\n<p><span style=\"font-weight: 400;\">El pueblo de Kastraki ha sido clasificado por el Estado griego, a ra\u00edz de un decreto presidencial, como centro tur\u00edstico tradicional en v\u00edas de conservaci\u00f3n, \u00a1por tres veces consecutivas! Es un polo de belleza natural y de turismo, muy diferenciado en la amplia regi\u00f3n de Meteora, incluida en la lista del Patrimonio Cultural de la UNESCO. Los habitantes de Kastraki comparten un particular afecto y amor por las flores. Se pueden ver flores incluso en los patios de las casas m\u00e1s humildes. A menudo, en los tiempos dif\u00edciles del pasado, las amas de casa de los lugare\u00f1os hac\u00edan macetas con latas, con las que decoraban sus casas y patios.<\/span><\/p>\n<p><span style=\"font-weight: 400;\">Adem\u00e1s de los puntos de inter\u00e9s que ya hemos mencionado, tambi\u00e9n podr\u00e1 conocer otros lugares interesantes, como por ejemplo:<\/span><b><\/b><\/p>\n<ul>\n<li><b>Pueblo de Kalabaka<\/b><\/li>\n<li><b>Monasterio del Gran Meteoro<\/b><\/li>\n<li><b>Monasterio de la Sant\u00edsima Trinidad<\/b><\/li>\n<li><b>Museo de Historia Natural de Meteora y Museo del Champi\u00f1\u00f3n y muchos m\u00e1s.<\/b><\/li>\n<\/ul>\n<p><span style=\"font-weight: 400;\">Finalmente, te llevaremos de vuelta a Atenas para dejarte en el punto acordado, despu\u00e9s de haber vivido una de las mejores experiencias tur\u00edsticas de tu vida.\u00a0<\/span><\/p>\n<p><span style=\"font-weight: 400;\">Si quiere conocer Meteora de una forma a\u00fan m\u00e1s personalizada, le sugerimos que compruebe lo que le ofrecemos en nuestra <\/span><a href=\"https:\/\/tourtravelandmore.com\/es\/tours\/grecia-es\/atenas-es\/excursion-privada-de-2-dias-a-delfosi-meterora-desde-atenas\/\"><span style=\"font-weight: 400;\">Excursi\u00f3n Privada de 2 d\u00edas a Delfos Meterora desde Atenas.<\/span><\/a><\/p>\n","protected":false},"excerpt":{"rendered":"<p><span style=\"font-weight: 400;\">Pase un d\u00eda completo explorando los espectaculares monasterios de Meteora con un gu\u00eda experto que le har\u00e1 comprender su fascinante historia. Tendr\u00e1 suficiente tiempo para pasear por las capillas y los claustros y, por supuesto, para disfrutar de las impresionantes vistas de estos lugares declarados Patrimonio de la Humanidad por la UNESCO.<\/span><\/p>\n","protected":false},"featured_media":125653,"comment_status":"open","ping_status":"closed","template":"","meta":{"_acf_changed":false},"product_brand":[],"product_cat":[1251,1252,1253,1254],"product_tag":[],"class_list":{"0":"post-125631","1":"product","2":"type-product","3":"status-publish","4":"has-post-thumbnail","6":"product_cat-atenas-es","7":"product_cat-atenas-actividades-es","8":"product_cat-atenas-rutas-turisticas-privadas-es","9":"product_cat-atenas-excursiones-privadas-cruceros-es","11":"first","12":"instock","13":"shipping-taxable","14":"purchasable","15":"product-type-simple"},"acf":[],"yoast_head":"<!-- This site is optimized with the Yoast SEO Premium plugin v25.3.1 (Yoast SEO v25.3.1) - https:\/\/yoast.com\/wordpress\/plugins\/seo\/ -->\n<title>\u27a1\ufe0f Tour privado de d\u00eda completo a Meteora desde Atenas con gu\u00eda y coche de lujo | Tour Travel &amp; More<\/title>\n<meta name=\"description\" content=\"T\u00f3mese un d\u00eda completo para explorar los monasterios de Meteora con un gu\u00eda experto. Aprender\u00e1 sobre su historia y los fascinantes monjes que vivieron all\u00ed \u2705\" \/>\n<meta name=\"robots\" content=\"index, follow, max-snippet:-1, max-image-preview:large, max-video-preview:-1\" \/>\n<link rel=\"canonical\" href=\"https:\/\/tourtravelandmore.com\/es\/tours\/grecia-es\/atenas-es\/excursion-privada-de-un-dia-a-meteora-desde-atenas\/\" \/>\n<meta property=\"og:locale\" content=\"es_ES\" \/>\n<meta property=\"og:type\" content=\"article\" \/>\n<meta property=\"og:title\" content=\"Excursi\u00f3n privada de un d\u00eda a Meteora desde Atenas\" \/>\n<meta property=\"og:description\" content=\"T\u00f3mese un d\u00eda completo para explorar los monasterios de Meteora con un gu\u00eda experto. Aprender\u00e1 sobre su historia y los fascinantes monjes que vivieron all\u00ed \u2705\" \/>\n<meta property=\"og:url\" content=\"https:\/\/tourtravelandmore.com\/es\/tours\/grecia-es\/atenas-es\/excursion-privada-de-un-dia-a-meteora-desde-atenas\/\" \/>\n<meta property=\"og:site_name\" content=\"Tour Travel And More\" \/>\n<meta property=\"article:publisher\" content=\"https:\/\/www.facebook.com\/tourtravelandmore\/\" \/>\n<meta property=\"article:modified_time\" content=\"2023-09-22T08:16:54+00:00\" \/>\n<meta property=\"og:image\" content=\"https:\/\/tourtravelandmore.com\/wp-content\/uploads\/2022\/05\/image3-2.png\" \/>\n\t<meta property=\"og:image:width\" content=\"900\" \/>\n\t<meta property=\"og:image:height\" content=\"680\" \/>\n\t<meta property=\"og:image:type\" content=\"image\/png\" \/>\n<meta name=\"twitter:card\" content=\"summary_large_image\" \/>\n<meta name=\"twitter:site\" content=\"@TourTravel_More\" \/>\n<meta name=\"twitter:label1\" content=\"Tiempo de lectura\" \/>\n\t<meta name=\"twitter:data1\" content=\"4 minutos\" \/>\n<script type=\"application\/ld+json\" class=\"yoast-schema-graph\">{\"@context\":\"https:\/\/schema.org\",\"@graph\":[{\"@type\":\"WebPage\",\"@id\":\"https:\/\/tourtravelandmore.com\/es\/tours\/grecia-es\/atenas-es\/excursion-privada-de-un-dia-a-meteora-desde-atenas\/\",\"url\":\"https:\/\/tourtravelandmore.com\/es\/tours\/grecia-es\/atenas-es\/excursion-privada-de-un-dia-a-meteora-desde-atenas\/\",\"name\":\"\u27a1\ufe0f Tour privado de d\u00eda completo a Meteora desde Atenas con gu\u00eda y coche de lujo | Tour Travel & More\",\"isPartOf\":{\"@id\":\"https:\/\/tourtravelandmore.com\/es\/#website\"},\"primaryImageOfPage\":{\"@id\":\"https:\/\/tourtravelandmore.com\/es\/tours\/grecia-es\/atenas-es\/excursion-privada-de-un-dia-a-meteora-desde-atenas\/#primaryimage\"},\"image\":{\"@id\":\"https:\/\/tourtravelandmore.com\/es\/tours\/grecia-es\/atenas-es\/excursion-privada-de-un-dia-a-meteora-desde-atenas\/#primaryimage\"},\"thumbnailUrl\":\"https:\/\/tourtravelandmore.com\/wp-content\/uploads\/2022\/05\/image3-2.png\",\"datePublished\":\"2022-05-11T14:27:10+00:00\",\"dateModified\":\"2023-09-22T08:16:54+00:00\",\"description\":\"T\u00f3mese un d\u00eda completo para explorar los monasterios de Meteora con un gu\u00eda experto. Aprender\u00e1 sobre su historia y los fascinantes monjes que vivieron all\u00ed \u2705\",\"breadcrumb\":{\"@id\":\"https:\/\/tourtravelandmore.com\/es\/tours\/grecia-es\/atenas-es\/excursion-privada-de-un-dia-a-meteora-desde-atenas\/#breadcrumb\"},\"inLanguage\":\"es\",\"potentialAction\":[{\"@type\":\"ReadAction\",\"target\":[\"https:\/\/tourtravelandmore.com\/es\/tours\/grecia-es\/atenas-es\/excursion-privada-de-un-dia-a-meteora-desde-atenas\/\"]}]},{\"@type\":\"ImageObject\",\"inLanguage\":\"es\",\"@id\":\"https:\/\/tourtravelandmore.com\/es\/tours\/grecia-es\/atenas-es\/excursion-privada-de-un-dia-a-meteora-desde-atenas\/#primaryimage\",\"url\":\"https:\/\/tourtravelandmore.com\/wp-content\/uploads\/2022\/05\/image3-2.png\",\"contentUrl\":\"https:\/\/tourtravelandmore.com\/wp-content\/uploads\/2022\/05\/image3-2.png\",\"width\":900,\"height\":680},{\"@type\":\"BreadcrumbList\",\"@id\":\"https:\/\/tourtravelandmore.com\/es\/tours\/grecia-es\/atenas-es\/excursion-privada-de-un-dia-a-meteora-desde-atenas\/#breadcrumb\",\"itemListElement\":[{\"@type\":\"ListItem\",\"position\":1,\"name\":\"Home\",\"item\":\"https:\/\/tourtravelandmore.com\/es\/\"},{\"@type\":\"ListItem\",\"position\":2,\"name\":\"Tours\",\"item\":\"https:\/\/tourtravelandmore.com\/es\/tours\/\"},{\"@type\":\"ListItem\",\"position\":3,\"name\":\"Excursi\u00f3n privada de un d\u00eda a Meteora desde Atenas\"}]},{\"@type\":\"WebSite\",\"@id\":\"https:\/\/tourtravelandmore.com\/es\/#website\",\"url\":\"https:\/\/tourtravelandmore.com\/es\/\",\"name\":\"Tour Travel And More\",\"description\":\"Private sightseeing tours and luxury transfers in Spain\",\"publisher\":{\"@id\":\"https:\/\/tourtravelandmore.com\/es\/#organization\"},\"potentialAction\":[{\"@type\":\"SearchAction\",\"target\":{\"@type\":\"EntryPoint\",\"urlTemplate\":\"https:\/\/tourtravelandmore.com\/es\/?s={search_term_string}\"},\"query-input\":{\"@type\":\"PropertyValueSpecification\",\"valueRequired\":true,\"valueName\":\"search_term_string\"}}],\"inLanguage\":\"es\"},{\"@type\":\"Organization\",\"@id\":\"https:\/\/tourtravelandmore.com\/es\/#organization\",\"name\":\"Tour Travel And More\",\"url\":\"https:\/\/tourtravelandmore.com\/es\/\",\"logo\":{\"@type\":\"ImageObject\",\"inLanguage\":\"es\",\"@id\":\"https:\/\/tourtravelandmore.com\/es\/#\/schema\/logo\/image\/\",\"url\":\"https:\/\/tourtravelandmore.com\/wp-content\/uploads\/2022\/12\/cropped-logo-cabecera-new.png\",\"contentUrl\":\"https:\/\/tourtravelandmore.com\/wp-content\/uploads\/2022\/12\/cropped-logo-cabecera-new.png\",\"width\":430,\"height\":61,\"caption\":\"Tour Travel And More\"},\"image\":{\"@id\":\"https:\/\/tourtravelandmore.com\/es\/#\/schema\/logo\/image\/\"},\"sameAs\":[\"https:\/\/www.facebook.com\/tourtravelandmore\/\",\"https:\/\/x.com\/TourTravel_More\"]}]}<\/script>\n<!-- \/ Yoast SEO Premium plugin. -->","yoast_head_json":{"title":"\u27a1\ufe0f Tour privado de d\u00eda completo a Meteora desde Atenas con gu\u00eda y coche de lujo | Tour Travel & More","description":"T\u00f3mese un d\u00eda completo para explorar los monasterios de Meteora con un gu\u00eda experto. Aprender\u00e1 sobre su historia y los fascinantes monjes que vivieron all\u00ed \u2705","robots":{"index":"index","follow":"follow","max-snippet":"max-snippet:-1","max-image-preview":"max-image-preview:large","max-video-preview":"max-video-preview:-1"},"canonical":"https:\/\/tourtravelandmore.com\/es\/tours\/grecia-es\/atenas-es\/excursion-privada-de-un-dia-a-meteora-desde-atenas\/","og_locale":"es_ES","og_type":"article","og_title":"Excursi\u00f3n privada de un d\u00eda a Meteora desde Atenas","og_description":"T\u00f3mese un d\u00eda completo para explorar los monasterios de Meteora con un gu\u00eda experto. Aprender\u00e1 sobre su historia y los fascinantes monjes que vivieron all\u00ed \u2705","og_url":"https:\/\/tourtravelandmore.com\/es\/tours\/grecia-es\/atenas-es\/excursion-privada-de-un-dia-a-meteora-desde-atenas\/","og_site_name":"Tour Travel And More","article_publisher":"https:\/\/www.facebook.com\/tourtravelandmore\/","article_modified_time":"2023-09-22T08:16:54+00:00","og_image":[{"width":900,"height":680,"url":"https:\/\/tourtravelandmore.com\/wp-content\/uploads\/2022\/05\/image3-2.png","type":"image\/png"}],"twitter_card":"summary_large_image","twitter_site":"@TourTravel_More","twitter_misc":{"Tiempo de lectura":"4 minutos"},"schema":{"@context":"https:\/\/schema.org","@graph":[{"@type":"WebPage","@id":"https:\/\/tourtravelandmore.com\/es\/tours\/grecia-es\/atenas-es\/excursion-privada-de-un-dia-a-meteora-desde-atenas\/","url":"https:\/\/tourtravelandmore.com\/es\/tours\/grecia-es\/atenas-es\/excursion-privada-de-un-dia-a-meteora-desde-atenas\/","name":"\u27a1\ufe0f Tour privado de d\u00eda completo a Meteora desde Atenas con gu\u00eda y coche de lujo | Tour Travel & More","isPartOf":{"@id":"https:\/\/tourtravelandmore.com\/es\/#website"},"primaryImageOfPage":{"@id":"https:\/\/tourtravelandmore.com\/es\/tours\/grecia-es\/atenas-es\/excursion-privada-de-un-dia-a-meteora-desde-atenas\/#primaryimage"},"image":{"@id":"https:\/\/tourtravelandmore.com\/es\/tours\/grecia-es\/atenas-es\/excursion-privada-de-un-dia-a-meteora-desde-atenas\/#primaryimage"},"thumbnailUrl":"https:\/\/tourtravelandmore.com\/wp-content\/uploads\/2022\/05\/image3-2.png","datePublished":"2022-05-11T14:27:10+00:00","dateModified":"2023-09-22T08:16:54+00:00","description":"T\u00f3mese un d\u00eda completo para explorar los monasterios de Meteora con un gu\u00eda experto. Aprender\u00e1 sobre su historia y los fascinantes monjes que vivieron all\u00ed \u2705","breadcrumb":{"@id":"https:\/\/tourtravelandmore.com\/es\/tours\/grecia-es\/atenas-es\/excursion-privada-de-un-dia-a-meteora-desde-atenas\/#breadcrumb"},"inLanguage":"es","potentialAction":[{"@type":"ReadAction","target":["https:\/\/tourtravelandmore.com\/es\/tours\/grecia-es\/atenas-es\/excursion-privada-de-un-dia-a-meteora-desde-atenas\/"]}]},{"@type":"ImageObject","inLanguage":"es","@id":"https:\/\/tourtravelandmore.com\/es\/tours\/grecia-es\/atenas-es\/excursion-privada-de-un-dia-a-meteora-desde-atenas\/#primaryimage","url":"https:\/\/tourtravelandmore.com\/wp-content\/uploads\/2022\/05\/image3-2.png","contentUrl":"https:\/\/tourtravelandmore.com\/wp-content\/uploads\/2022\/05\/image3-2.png","width":900,"height":680},{"@type":"BreadcrumbList","@id":"https:\/\/tourtravelandmore.com\/es\/tours\/grecia-es\/atenas-es\/excursion-privada-de-un-dia-a-meteora-desde-atenas\/#breadcrumb","itemListElement":[{"@type":"ListItem","position":1,"name":"Home","item":"https:\/\/tourtravelandmore.com\/es\/"},{"@type":"ListItem","position":2,"name":"Tours","item":"https:\/\/tourtravelandmore.com\/es\/tours\/"},{"@type":"ListItem","position":3,"name":"Excursi\u00f3n privada de un d\u00eda a Meteora desde Atenas"}]},{"@type":"WebSite","@id":"https:\/\/tourtravelandmore.com\/es\/#website","url":"https:\/\/tourtravelandmore.com\/es\/","name":"Tour Travel And More","description":"Private sightseeing tours and luxury transfers in Spain","publisher":{"@id":"https:\/\/tourtravelandmore.com\/es\/#organization"},"potentialAction":[{"@type":"SearchAction","target":{"@type":"EntryPoint","urlTemplate":"https:\/\/tourtravelandmore.com\/es\/?s={search_term_string}"},"query-input":{"@type":"PropertyValueSpecification","valueRequired":true,"valueName":"search_term_string"}}],"inLanguage":"es"},{"@type":"Organization","@id":"https:\/\/tourtravelandmore.com\/es\/#organization","name":"Tour Travel And More","url":"https:\/\/tourtravelandmore.com\/es\/","logo":{"@type":"ImageObject","inLanguage":"es","@id":"https:\/\/tourtravelandmore.com\/es\/#\/schema\/logo\/image\/","url":"https:\/\/tourtravelandmore.com\/wp-content\/uploads\/2022\/12\/cropped-logo-cabecera-new.png","contentUrl":"https:\/\/tourtravelandmore.com\/wp-content\/uploads\/2022\/12\/cropped-logo-cabecera-new.png","width":430,"height":61,"caption":"Tour Travel And More"},"image":{"@id":"https:\/\/tourtravelandmore.com\/es\/#\/schema\/logo\/image\/"},"sameAs":["https:\/\/www.facebook.com\/tourtravelandmore\/","https:\/\/x.com\/TourTravel_More"]}]}},"_links":{"self":[{"href":"https:\/\/tourtravelandmore.com\/es\/wp-json\/wp\/v2\/product\/125631","targetHints":{"allow":["GET"]}}],"collection":[{"href":"https:\/\/tourtravelandmore.com\/es\/wp-json\/wp\/v2\/product"}],"about":[{"href":"https:\/\/tourtravelandmore.com\/es\/wp-json\/wp\/v2\/types\/product"}],"replies":[{"embeddable":true,"href":"https:\/\/tourtravelandmore.com\/es\/wp-json\/wp\/v2\/comments?post=125631"}],"wp:featuredmedia":[{"embeddable":true,"href":"https:\/\/tourtravelandmore.com\/es\/wp-json\/wp\/v2\/media\/125653"}],"wp:attachment":[{"href":"https:\/\/tourtravelandmore.com\/es\/wp-json\/wp\/v2\/media?parent=125631"}],"wp:term":[{"taxonomy":"product_brand","embeddable":true,"href":"https:\/\/tourtravelandmore.com\/es\/wp-json\/wp\/v2\/product_brand?post=125631"},{"taxonomy":"product_cat","embeddable":true,"href":"https:\/\/tourtravelandmore.com\/es\/wp-json\/wp\/v2\/product_cat?post=125631"},{"taxonomy":"product_tag","embeddable":true,"href":"https:\/\/tourtravelandmore.com\/es\/wp-json\/wp\/v2\/product_tag?post=125631"}],"curies":[{"name":"wp","href":"https:\/\/api.w.org\/{rel}","templated":true}]}}