{"id":125589,"date":"2022-05-11T14:46:03","date_gmt":"2022-05-11T12:46:04","guid":{"rendered":"https:\/\/tourtravelandmore.com\/?post_type=product&#038;p=125589"},"modified":"2023-09-22T10:13:07","modified_gmt":"2023-09-22T08:13:07","slug":"excursion-privada-de-un-dia-a-olimpia-desde-atenas","status":"publish","type":"product","link":"https:\/\/tourtravelandmore.com\/es\/tours\/grecia-es\/atenas-es\/excursion-privada-de-un-dia-a-olimpia-desde-atenas\/","title":{"rendered":"Excursi\u00f3n privada de un d\u00eda a Olimpia desde Atenas"},"content":{"rendered":"<h2><b>Descripci\u00f3n de la excursi\u00f3n privada de un d\u00eda a Olimpia desde Atenas<\/b><\/h2>\n<p><span style=\"font-weight: 400;\">Las ruinas de la antigua Olimpia son un popular destino tur\u00edstico en Grecia. Si le interesa la historia y quiere saber m\u00e1s sobre los or\u00edgenes de los Juegos Ol\u00edmpicos, una excursi\u00f3n privada de 14 horas\u00a0<\/span><\/p>\n<p><span style=\"font-weight: 400;\">de duraci\u00f3n desde Atenas es la forma perfecta de hacerlo.<\/span><\/p>\n<p><span style=\"font-weight: 400;\">Su gu\u00eda le llevar\u00e1 a los lugares hist\u00f3ricos m\u00e1s importantes, como el Templo de Zeus, el Estadio y el Museo. Tambi\u00e9n tendr\u00e1 mucho tiempo para explorar por su cuenta, e incluso para darse un ba\u00f1o en la piscina ol\u00edmpica.<\/span><\/p>\n<h2><b>Puntos de inter\u00e9s de la excursi\u00f3n privada de un d\u00eda a Olimpia desde Atenas<\/b><\/h2>\n<h3><span style=\"color: #d3af37;\"><b>Olimpia<\/b><\/span><\/h3>\n<p><span style=\"font-weight: 400;\">La antigua ciudad de Olimpia se encuentra en el Peloponeso occidental, en Grecia. Fue la cuna de los Juegos Ol\u00edmpicos y es uno de los destinos tur\u00edsticos m\u00e1s populares de Grecia. Olimpia est\u00e1 situada en un valle, entre dos cadenas monta\u00f1osas, rodeada de bosques y r\u00edos. El lugar contiene muchos restos arqueol\u00f3gicos importantes, como el Templo de Zeus, el estadio y el gimnasio. Los turistas pueden visitar todos estos lugares antiguos, as\u00ed como algunos museos menores.<\/span><\/p>\n<h3><span style=\"color: #d3af37;\"><b>Canal de Corinto<\/b><\/span><\/h3>\n<p><span style=\"font-weight: 400;\">El impresionante Canal de Corinto es una ruta de transporte vital que une el Golfo de Corinto con el Golfo Sar\u00f3nico en el Mar Egeo. Esta impresionante maravilla hecha por el hombre separa el Peloponeso del continente griego, y un crucero por sus impresionantes aguas es una experiencia que nunca olvidar\u00e1.<\/span><\/p>\n<p><span style=\"font-weight: 400;\">Con sus incre\u00edbles vistas y su importancia hist\u00f3rica, un crucero por el Canal de Corinto es una actividad imprescindible para cualquier visitante de Grecia.<\/span><\/p>\n<h3><span style=\"color: #d3af37;\"><b>Museo Arqueol\u00f3gico de Olimpia<\/b><\/span><\/h3>\n<p><span style=\"font-weight: 400;\">El Museo Arqueol\u00f3gico de Olimpia es un museo en Olimpia que alberga hallazgos de la zona de la antigua ciudad de Olimpia. El museo fue fundado en 1829 por Otto de Baviera. Es uno de los museos m\u00e1s importantes de Grecia, y cuenta con objetos expuestos desde el Neol\u00edtico. Entre sus piezas m\u00e1s famosas se encuentran las esculturas del Templo de Zeus, como la Nike de Paeonius y el Hermes de Praxiteles.<\/span><\/p>\n<p><span style=\"font-weight: 400;\">Si le apasiona la arqueolog\u00eda, la historia y conocer los antiguos Juegos Ol\u00edmpicos, el Museo Arqueol\u00f3gico de Olimpia es una visita obligada. Con artefactos procedentes de las excavaciones realizadas en Olimpia y sus alrededores, este museo es un tesoro para cualquier persona interesada en la cultura griega.<\/span><\/p>\n<h3><span style=\"color: #d3af37;\"><b>Museo de los Juegos Ol\u00edmpicos<\/b><\/span><\/h3>\n<p><span style=\"font-weight: 400;\">El Museo de los Juegos Ol\u00edmpicos se encuentra en Atenas, cuna de los Juegos Ol\u00edmpicos. Recorre la historia del evento desde la antig\u00fcedad hasta la actualidad.<\/span><\/p>\n<p><span style=\"font-weight: 400;\">El museo se encuentra en el antiguo edificio Zappeion, que se construy\u00f3 originalmente para ser utilizado como villa de los atletas ol\u00edmpicos en los Juegos Ol\u00edmpicos de 1896.<\/span><\/p>\n<h3><span style=\"color: #d3af37;\"><b>Puente de R\u00edo-Antirrio (Charilaos Trikoupis)<\/b><\/span><\/h3>\n<p><span style=\"font-weight: 400;\">El puente R\u00edo-Antirrio (oficialmente el puente Charilaos Trikoupis, llamado as\u00ed por el estadista griego que lo propuso por primera vez) es un puente atirantado que conecta las ciudades de R\u00edo y Antirrio, cruzando el Golfo de Corinto. Cuando se termin\u00f3 en 2004, se convirti\u00f3 en uno de los mayores puentes atirantados del mundo. El puente ha sido una parte importante de la red de carreteras del Peloponeso y es utilizado regularmente por lugare\u00f1os y turistas.<\/span><\/p>\n<p><span style=\"font-weight: 400;\">Al final del recorrido de 14 horas, el conductor le llevar\u00e1 de vuelta a su hotel o puerto de la ciudad para que pueda seguir disfrutando de todo lo que Atenas tiene que ver y conocer.<\/span><\/p>\n<p><span style=\"font-weight: 400;\">Si quiere conocer un poco m\u00e1s de Atenas, puede optar por nuestro <\/span><a href=\"https:\/\/tourtravelandmore.com\/es\/tours\/grecia-es\/atenas-es\/tour-privado-del-vino-y-aceite-de-oliva-desde-atenas\/\"><span style=\"font-weight: 400;\">tour privado de vinos y aceite de oliva desde Atenas.<\/span><\/a><\/p>\n","protected":false},"excerpt":{"rendered":"<p><span style=\"font-weight: 400;\">Descubra lo mejor de Olimpia en esta completa excursi\u00f3n de un d\u00eda desde Atenas. Visite las antiguas ruinas de la ciudad, incluyendo el Templo de Zeus y el Estadio, y conozca su historia de la mano de su gu\u00eda experto. A continuaci\u00f3n, disfrute de un relajante almuerzo en una taberna tradicional. Por la tarde, explore lo m\u00e1s destacado de la ciudad de Olimpia, incluido el Museo Arqueol\u00f3gico. Este tour privado incluye el transporte de ida y vuelta desde Atenas y la atenci\u00f3n personalizada de su gu\u00eda<\/span><\/p>\n","protected":false},"featured_media":125605,"comment_status":"open","ping_status":"closed","template":"","meta":{"_acf_changed":false},"product_brand":[],"product_cat":[1251,1252,1253,1254],"product_tag":[],"class_list":{"0":"post-125589","1":"product","2":"type-product","3":"status-publish","4":"has-post-thumbnail","6":"product_cat-atenas-es","7":"product_cat-atenas-actividades-es","8":"product_cat-atenas-rutas-turisticas-privadas-es","9":"product_cat-atenas-excursiones-privadas-cruceros-es","11":"first","12":"instock","13":"shipping-taxable","14":"purchasable","15":"product-type-simple"},"acf":[],"yoast_head":"<!-- This site is optimized with the Yoast SEO Premium plugin v25.3.1 (Yoast SEO v25.3.1) - https:\/\/yoast.com\/wordpress\/plugins\/seo\/ -->\n<title>\u27a1\ufe0f Excursi\u00f3n privada de un d\u00eda a Olimpia desde Atenas con gu\u00eda y coche de lujo | Tour Travel &amp; More<\/title>\n<meta name=\"description\" content=\"Viaje con comodidad y estilo en esta excursi\u00f3n de un d\u00eda completo por algunos de los lugares hist\u00f3ricos m\u00e1s famosos de Grecia. Visite Olimpia, la cuna de los Juegos Ol\u00edmpicos, y explore las ruinas de antiguos templos y palacios \u2705\" \/>\n<meta name=\"robots\" content=\"index, follow, max-snippet:-1, max-image-preview:large, max-video-preview:-1\" \/>\n<link rel=\"canonical\" href=\"https:\/\/tourtravelandmore.com\/es\/tours\/grecia-es\/atenas-es\/excursion-privada-de-un-dia-a-olimpia-desde-atenas\/\" \/>\n<meta property=\"og:locale\" content=\"es_ES\" \/>\n<meta property=\"og:type\" content=\"article\" \/>\n<meta property=\"og:title\" content=\"Excursi\u00f3n privada de un d\u00eda a Olimpia desde Atenas\" \/>\n<meta property=\"og:description\" content=\"Viaje con comodidad y estilo en esta excursi\u00f3n de un d\u00eda completo por algunos de los lugares hist\u00f3ricos m\u00e1s famosos de Grecia. Visite Olimpia, la cuna de los Juegos Ol\u00edmpicos, y explore las ruinas de antiguos templos y palacios \u2705\" \/>\n<meta property=\"og:url\" content=\"https:\/\/tourtravelandmore.com\/es\/tours\/grecia-es\/atenas-es\/excursion-privada-de-un-dia-a-olimpia-desde-atenas\/\" \/>\n<meta property=\"og:site_name\" content=\"Tour Travel And More\" \/>\n<meta property=\"article:publisher\" content=\"https:\/\/www.facebook.com\/tourtravelandmore\/\" \/>\n<meta property=\"article:modified_time\" content=\"2023-09-22T08:13:07+00:00\" \/>\n<meta property=\"og:image\" content=\"https:\/\/tourtravelandmore.com\/wp-content\/uploads\/2022\/05\/image1-1.png\" \/>\n\t<meta property=\"og:image:width\" content=\"900\" \/>\n\t<meta property=\"og:image:height\" content=\"680\" \/>\n\t<meta property=\"og:image:type\" content=\"image\/png\" \/>\n<meta name=\"twitter:card\" content=\"summary_large_image\" \/>\n<meta name=\"twitter:site\" content=\"@TourTravel_More\" \/>\n<meta name=\"twitter:label1\" content=\"Tiempo de lectura\" \/>\n\t<meta name=\"twitter:data1\" content=\"3 minutos\" \/>\n<script type=\"application\/ld+json\" class=\"yoast-schema-graph\">{\"@context\":\"https:\/\/schema.org\",\"@graph\":[{\"@type\":\"WebPage\",\"@id\":\"https:\/\/tourtravelandmore.com\/es\/tours\/grecia-es\/atenas-es\/excursion-privada-de-un-dia-a-olimpia-desde-atenas\/\",\"url\":\"https:\/\/tourtravelandmore.com\/es\/tours\/grecia-es\/atenas-es\/excursion-privada-de-un-dia-a-olimpia-desde-atenas\/\",\"name\":\"\u27a1\ufe0f Excursi\u00f3n privada de un d\u00eda a Olimpia desde Atenas con gu\u00eda y coche de lujo | Tour Travel & More\",\"isPartOf\":{\"@id\":\"https:\/\/tourtravelandmore.com\/es\/#website\"},\"primaryImageOfPage\":{\"@id\":\"https:\/\/tourtravelandmore.com\/es\/tours\/grecia-es\/atenas-es\/excursion-privada-de-un-dia-a-olimpia-desde-atenas\/#primaryimage\"},\"image\":{\"@id\":\"https:\/\/tourtravelandmore.com\/es\/tours\/grecia-es\/atenas-es\/excursion-privada-de-un-dia-a-olimpia-desde-atenas\/#primaryimage\"},\"thumbnailUrl\":\"https:\/\/tourtravelandmore.com\/wp-content\/uploads\/2022\/05\/image1-1.png\",\"datePublished\":\"2022-05-11T12:46:04+00:00\",\"dateModified\":\"2023-09-22T08:13:07+00:00\",\"description\":\"Viaje con comodidad y estilo en esta excursi\u00f3n de un d\u00eda completo por algunos de los lugares hist\u00f3ricos m\u00e1s famosos de Grecia. Visite Olimpia, la cuna de los Juegos Ol\u00edmpicos, y explore las ruinas de antiguos templos y palacios \u2705\",\"breadcrumb\":{\"@id\":\"https:\/\/tourtravelandmore.com\/es\/tours\/grecia-es\/atenas-es\/excursion-privada-de-un-dia-a-olimpia-desde-atenas\/#breadcrumb\"},\"inLanguage\":\"es\",\"potentialAction\":[{\"@type\":\"ReadAction\",\"target\":[\"https:\/\/tourtravelandmore.com\/es\/tours\/grecia-es\/atenas-es\/excursion-privada-de-un-dia-a-olimpia-desde-atenas\/\"]}]},{\"@type\":\"ImageObject\",\"inLanguage\":\"es\",\"@id\":\"https:\/\/tourtravelandmore.com\/es\/tours\/grecia-es\/atenas-es\/excursion-privada-de-un-dia-a-olimpia-desde-atenas\/#primaryimage\",\"url\":\"https:\/\/tourtravelandmore.com\/wp-content\/uploads\/2022\/05\/image1-1.png\",\"contentUrl\":\"https:\/\/tourtravelandmore.com\/wp-content\/uploads\/2022\/05\/image1-1.png\",\"width\":900,\"height\":680},{\"@type\":\"BreadcrumbList\",\"@id\":\"https:\/\/tourtravelandmore.com\/es\/tours\/grecia-es\/atenas-es\/excursion-privada-de-un-dia-a-olimpia-desde-atenas\/#breadcrumb\",\"itemListElement\":[{\"@type\":\"ListItem\",\"position\":1,\"name\":\"Home\",\"item\":\"https:\/\/tourtravelandmore.com\/es\/\"},{\"@type\":\"ListItem\",\"position\":2,\"name\":\"Tours\",\"item\":\"https:\/\/tourtravelandmore.com\/es\/tours\/\"},{\"@type\":\"ListItem\",\"position\":3,\"name\":\"Excursi\u00f3n privada de un d\u00eda a Olimpia desde Atenas\"}]},{\"@type\":\"WebSite\",\"@id\":\"https:\/\/tourtravelandmore.com\/es\/#website\",\"url\":\"https:\/\/tourtravelandmore.com\/es\/\",\"name\":\"Tour Travel And More\",\"description\":\"Private sightseeing tours and luxury transfers in Spain\",\"publisher\":{\"@id\":\"https:\/\/tourtravelandmore.com\/es\/#organization\"},\"potentialAction\":[{\"@type\":\"SearchAction\",\"target\":{\"@type\":\"EntryPoint\",\"urlTemplate\":\"https:\/\/tourtravelandmore.com\/es\/?s={search_term_string}\"},\"query-input\":{\"@type\":\"PropertyValueSpecification\",\"valueRequired\":true,\"valueName\":\"search_term_string\"}}],\"inLanguage\":\"es\"},{\"@type\":\"Organization\",\"@id\":\"https:\/\/tourtravelandmore.com\/es\/#organization\",\"name\":\"Tour Travel And More\",\"url\":\"https:\/\/tourtravelandmore.com\/es\/\",\"logo\":{\"@type\":\"ImageObject\",\"inLanguage\":\"es\",\"@id\":\"https:\/\/tourtravelandmore.com\/es\/#\/schema\/logo\/image\/\",\"url\":\"https:\/\/tourtravelandmore.com\/wp-content\/uploads\/2022\/12\/cropped-logo-cabecera-new.png\",\"contentUrl\":\"https:\/\/tourtravelandmore.com\/wp-content\/uploads\/2022\/12\/cropped-logo-cabecera-new.png\",\"width\":430,\"height\":61,\"caption\":\"Tour Travel And More\"},\"image\":{\"@id\":\"https:\/\/tourtravelandmore.com\/es\/#\/schema\/logo\/image\/\"},\"sameAs\":[\"https:\/\/www.facebook.com\/tourtravelandmore\/\",\"https:\/\/x.com\/TourTravel_More\"]}]}<\/script>\n<!-- \/ Yoast SEO Premium plugin. -->","yoast_head_json":{"title":"\u27a1\ufe0f Excursi\u00f3n privada de un d\u00eda a Olimpia desde Atenas con gu\u00eda y coche de lujo | Tour Travel & More","description":"Viaje con comodidad y estilo en esta excursi\u00f3n de un d\u00eda completo por algunos de los lugares hist\u00f3ricos m\u00e1s famosos de Grecia. Visite Olimpia, la cuna de los Juegos Ol\u00edmpicos, y explore las ruinas de antiguos templos y palacios \u2705","robots":{"index":"index","follow":"follow","max-snippet":"max-snippet:-1","max-image-preview":"max-image-preview:large","max-video-preview":"max-video-preview:-1"},"canonical":"https:\/\/tourtravelandmore.com\/es\/tours\/grecia-es\/atenas-es\/excursion-privada-de-un-dia-a-olimpia-desde-atenas\/","og_locale":"es_ES","og_type":"article","og_title":"Excursi\u00f3n privada de un d\u00eda a Olimpia desde Atenas","og_description":"Viaje con comodidad y estilo en esta excursi\u00f3n de un d\u00eda completo por algunos de los lugares hist\u00f3ricos m\u00e1s famosos de Grecia. Visite Olimpia, la cuna de los Juegos Ol\u00edmpicos, y explore las ruinas de antiguos templos y palacios \u2705","og_url":"https:\/\/tourtravelandmore.com\/es\/tours\/grecia-es\/atenas-es\/excursion-privada-de-un-dia-a-olimpia-desde-atenas\/","og_site_name":"Tour Travel And More","article_publisher":"https:\/\/www.facebook.com\/tourtravelandmore\/","article_modified_time":"2023-09-22T08:13:07+00:00","og_image":[{"width":900,"height":680,"url":"https:\/\/tourtravelandmore.com\/wp-content\/uploads\/2022\/05\/image1-1.png","type":"image\/png"}],"twitter_card":"summary_large_image","twitter_site":"@TourTravel_More","twitter_misc":{"Tiempo de lectura":"3 minutos"},"schema":{"@context":"https:\/\/schema.org","@graph":[{"@type":"WebPage","@id":"https:\/\/tourtravelandmore.com\/es\/tours\/grecia-es\/atenas-es\/excursion-privada-de-un-dia-a-olimpia-desde-atenas\/","url":"https:\/\/tourtravelandmore.com\/es\/tours\/grecia-es\/atenas-es\/excursion-privada-de-un-dia-a-olimpia-desde-atenas\/","name":"\u27a1\ufe0f Excursi\u00f3n privada de un d\u00eda a Olimpia desde Atenas con gu\u00eda y coche de lujo | Tour Travel & More","isPartOf":{"@id":"https:\/\/tourtravelandmore.com\/es\/#website"},"primaryImageOfPage":{"@id":"https:\/\/tourtravelandmore.com\/es\/tours\/grecia-es\/atenas-es\/excursion-privada-de-un-dia-a-olimpia-desde-atenas\/#primaryimage"},"image":{"@id":"https:\/\/tourtravelandmore.com\/es\/tours\/grecia-es\/atenas-es\/excursion-privada-de-un-dia-a-olimpia-desde-atenas\/#primaryimage"},"thumbnailUrl":"https:\/\/tourtravelandmore.com\/wp-content\/uploads\/2022\/05\/image1-1.png","datePublished":"2022-05-11T12:46:04+00:00","dateModified":"2023-09-22T08:13:07+00:00","description":"Viaje con comodidad y estilo en esta excursi\u00f3n de un d\u00eda completo por algunos de los lugares hist\u00f3ricos m\u00e1s famosos de Grecia. Visite Olimpia, la cuna de los Juegos Ol\u00edmpicos, y explore las ruinas de antiguos templos y palacios \u2705","breadcrumb":{"@id":"https:\/\/tourtravelandmore.com\/es\/tours\/grecia-es\/atenas-es\/excursion-privada-de-un-dia-a-olimpia-desde-atenas\/#breadcrumb"},"inLanguage":"es","potentialAction":[{"@type":"ReadAction","target":["https:\/\/tourtravelandmore.com\/es\/tours\/grecia-es\/atenas-es\/excursion-privada-de-un-dia-a-olimpia-desde-atenas\/"]}]},{"@type":"ImageObject","inLanguage":"es","@id":"https:\/\/tourtravelandmore.com\/es\/tours\/grecia-es\/atenas-es\/excursion-privada-de-un-dia-a-olimpia-desde-atenas\/#primaryimage","url":"https:\/\/tourtravelandmore.com\/wp-content\/uploads\/2022\/05\/image1-1.png","contentUrl":"https:\/\/tourtravelandmore.com\/wp-content\/uploads\/2022\/05\/image1-1.png","width":900,"height":680},{"@type":"BreadcrumbList","@id":"https:\/\/tourtravelandmore.com\/es\/tours\/grecia-es\/atenas-es\/excursion-privada-de-un-dia-a-olimpia-desde-atenas\/#breadcrumb","itemListElement":[{"@type":"ListItem","position":1,"name":"Home","item":"https:\/\/tourtravelandmore.com\/es\/"},{"@type":"ListItem","position":2,"name":"Tours","item":"https:\/\/tourtravelandmore.com\/es\/tours\/"},{"@type":"ListItem","position":3,"name":"Excursi\u00f3n privada de un d\u00eda a Olimpia desde Atenas"}]},{"@type":"WebSite","@id":"https:\/\/tourtravelandmore.com\/es\/#website","url":"https:\/\/tourtravelandmore.com\/es\/","name":"Tour Travel And More","description":"Private sightseeing tours and luxury transfers in Spain","publisher":{"@id":"https:\/\/tourtravelandmore.com\/es\/#organization"},"potentialAction":[{"@type":"SearchAction","target":{"@type":"EntryPoint","urlTemplate":"https:\/\/tourtravelandmore.com\/es\/?s={search_term_string}"},"query-input":{"@type":"PropertyValueSpecification","valueRequired":true,"valueName":"search_term_string"}}],"inLanguage":"es"},{"@type":"Organization","@id":"https:\/\/tourtravelandmore.com\/es\/#organization","name":"Tour Travel And More","url":"https:\/\/tourtravelandmore.com\/es\/","logo":{"@type":"ImageObject","inLanguage":"es","@id":"https:\/\/tourtravelandmore.com\/es\/#\/schema\/logo\/image\/","url":"https:\/\/tourtravelandmore.com\/wp-content\/uploads\/2022\/12\/cropped-logo-cabecera-new.png","contentUrl":"https:\/\/tourtravelandmore.com\/wp-content\/uploads\/2022\/12\/cropped-logo-cabecera-new.png","width":430,"height":61,"caption":"Tour Travel And More"},"image":{"@id":"https:\/\/tourtravelandmore.com\/es\/#\/schema\/logo\/image\/"},"sameAs":["https:\/\/www.facebook.com\/tourtravelandmore\/","https:\/\/x.com\/TourTravel_More"]}]}},"_links":{"self":[{"href":"https:\/\/tourtravelandmore.com\/es\/wp-json\/wp\/v2\/product\/125589","targetHints":{"allow":["GET"]}}],"collection":[{"href":"https:\/\/tourtravelandmore.com\/es\/wp-json\/wp\/v2\/product"}],"about":[{"href":"https:\/\/tourtravelandmore.com\/es\/wp-json\/wp\/v2\/types\/product"}],"replies":[{"embeddable":true,"href":"https:\/\/tourtravelandmore.com\/es\/wp-json\/wp\/v2\/comments?post=125589"}],"wp:featuredmedia":[{"embeddable":true,"href":"https:\/\/tourtravelandmore.com\/es\/wp-json\/wp\/v2\/media\/125605"}],"wp:attachment":[{"href":"https:\/\/tourtravelandmore.com\/es\/wp-json\/wp\/v2\/media?parent=125589"}],"wp:term":[{"taxonomy":"product_brand","embeddable":true,"href":"https:\/\/tourtravelandmore.com\/es\/wp-json\/wp\/v2\/product_brand?post=125589"},{"taxonomy":"product_cat","embeddable":true,"href":"https:\/\/tourtravelandmore.com\/es\/wp-json\/wp\/v2\/product_cat?post=125589"},{"taxonomy":"product_tag","embeddable":true,"href":"https:\/\/tourtravelandmore.com\/es\/wp-json\/wp\/v2\/product_tag?post=125589"}],"curies":[{"name":"wp","href":"https:\/\/api.w.org\/{rel}","templated":true}]}}